{"id":87786,"date":"2022-03-09T13:26:40","date_gmt":"2022-03-09T12:26:40","guid":{"rendered":"https:\/\/keramamueblesdejardin.com\/senza-categoria\/set-tavolo-e-sedie-da-giardino-6-posti-in-legno-e-cuscini-creta\/"},"modified":"2023-08-29T13:09:29","modified_gmt":"2023-08-29T11:09:29","slug":"set-tavolo-e-sedie-giardino-6-posti-legno-e-cuscini-gesso","status":"publish","type":"product","link":"https:\/\/keramamueblesdejardin.com\/it\/sale-da-pranzo-allaperto\/set-di-tavoli-e-sedie-da-giardino\/set-tavolo-e-sedie-giardino-6-posti-legno-e-cuscini-gesso\/","title":{"rendered":"Set tavolo e sedie da giardino 6 posti in legno e cuscini &#8211; Creta"},"content":{"rendered":"<p><span style=\"font-weight: 400;\"><strong>Il set di tavoli e sedie da giardino o terrazza Creta<\/strong> \u00e8 realizzato <strong>in legno di eucalipto certificato dall&#8217;organizzazione FSC<\/strong>. Proviene da foreste sostenibili per contribuire alla conservazione dell&#8217;ambiente.  <\/span><\/p>\n<p><span style=\"font-weight: 400;\">Questo set \u00e8 composto da un <strong>grande tavolo di 215&#215;100 cm<\/strong> con il dettaglio di 2 inserti in ceramica beige al centro e 6 sedie con braccioli e cuscini sfoderabili in tinta con gli inserti. I suoi toni della terra portano <strong>tranquillit\u00e0 e comfort alla casa<\/strong>.<\/span><\/p>\n<p><span style=\"font-weight: 400;\">Puoi combinare il set con un <strong>ombrellone<\/strong> della nostra gamma di ombrelloni poich\u00e9 il tavolo in legno <a href=\"https:\/\/keramamueblesdejardin.com\/parasoles\/\" target=\"_blank\" rel=\"noopener\">di<\/a> eucalipto ha un portaombrelli e <strong>proteggerlo con una copertura<\/strong> della nostra <a href=\"https:\/\/keramamueblesdejardin.com\/complementos-exterior\/fundas-muebles-jardin\/\" target=\"_blank\" rel=\"noopener\">gamma di<\/a> coperture per mobili da giardino quando non in uso.<\/span><\/p>\n<p>Controlla i prodotti del <a href=\"https:\/\/keramamueblesdejardin.com\/etiqueta\/creta\/\" target=\"_blank\" rel=\"noopener\">modello Creta<\/a> o altri <a href=\"https:\/\/keramamueblesdejardin.com\/comedores-exterior\/conjunto-mesa-y-sillas-jardin\/\" target=\"_blank\" rel=\"noopener\"><br \/>\n  <b>set di tavoli e sedie<\/b><br \/>\n  <b> per giardino o terrazza<\/b><br \/>\n<\/a>.<\/p>\n","protected":false},"excerpt":{"rendered":"<ul>\n<li>Legno di eucalipto di colore chiaro certificato FSC<\/li>\n<li>6 sedie con cuscini sfoderabili marrone chiaro<\/li>\n<li>Tavolo da pranzo 215\u00d7100 cm con 2 inserti in ceramica beige<\/li>\n<\/ul>\n","protected":false},"featured_media":87887,"comment_status":"closed","ping_status":"closed","template":"","meta":{"_acf_changed":false},"product_brand":[],"product_cat":[2775,2776],"product_tag":[3044],"class_list":{"0":"post-87786","1":"product","2":"type-product","3":"status-publish","4":"has-post-thumbnail","6":"product_cat-sale-da-pranzo-allaperto","7":"product_cat-set-di-tavoli-e-sedie-da-giardino","8":"product_tag-creta-it","9":"product_shipping_class-envio-gratuito-it","10":"pa_ancho-260-it","11":"pa_asientos-2-it","12":"pa_caracteristicas-bracciolo","13":"pa_caracteristicas-resistente-allacqua","14":"pa_coleccion-creta-it","15":"pa_espacio-9-75-it","16":"pa_largo-375-it","17":"pa_m2-975-it","18":"pa_material-alluminio","19":"pa_material-plastico-it","20":"pa_material-tessile","21":"pa_tamano-espacio-grande-it","23":"first","24":"instock","25":"sale","26":"purchasable","27":"product-type-simple","28":"add-to-wishlist-before_image"},"acf":[],"yoast_head":"<!-- This site is optimized with the Yoast SEO plugin v27.2 - https:\/\/yoast.com\/product\/yoast-seo-wordpress\/ -->\n<title>Set tavolo e sedie da giardino 6 posti in legno e cuscini - Creta - Kerama<\/title>\n<meta name=\"robots\" content=\"index, follow, max-snippet:-1, max-image-preview:large, max-video-preview:-1\" \/>\n<link rel=\"canonical\" href=\"https:\/\/keramamueblesdejardin.com\/it\/sale-da-pranzo-allaperto\/set-di-tavoli-e-sedie-da-giardino\/set-tavolo-e-sedie-giardino-6-posti-legno-e-cuscini-gesso\/\" \/>\n<meta property=\"og:locale\" content=\"it_IT\" \/>\n<meta property=\"og:type\" content=\"article\" \/>\n<meta property=\"og:title\" content=\"Set tavolo e sedie da giardino 6 posti in legno e cuscini - Creta - Kerama\" \/>\n<meta property=\"og:description\" content=\"Legno di eucalipto di colore chiaro certificato FSC  6 sedie con cuscini sfoderabili marrone chiaro  Tavolo da pranzo 215\u00d7100 cm con 2 inserti in ceramica beige\" \/>\n<meta property=\"og:url\" content=\"https:\/\/keramamueblesdejardin.com\/it\/sale-da-pranzo-allaperto\/set-di-tavoli-e-sedie-da-giardino\/set-tavolo-e-sedie-giardino-6-posti-legno-e-cuscini-gesso\/\" \/>\n<meta property=\"og:site_name\" content=\"Kerama\" \/>\n<meta property=\"article:publisher\" content=\"https:\/\/www.facebook.com\/Kerama-Muebles-de-Jard%c3%adn-106209328312568\/\" \/>\n<meta property=\"article:modified_time\" content=\"2023-08-29T11:09:29+00:00\" \/>\n<meta property=\"og:image\" content=\"https:\/\/keramamueblesdejardin.com\/wp-content\/uploads\/2021\/08\/KMJ21285_01-scaled.jpg\" \/>\n\t<meta property=\"og:image:width\" content=\"2560\" \/>\n\t<meta property=\"og:image:height\" content=\"2560\" \/>\n\t<meta property=\"og:image:type\" content=\"image\/jpeg\" \/>\n<meta name=\"twitter:card\" content=\"summary_large_image\" \/>\n<meta name=\"twitter:label1\" content=\"Tempo di lettura stimato\" \/>\n\t<meta name=\"twitter:data1\" content=\"1 minuto\" \/>\n<script type=\"application\/ld+json\" class=\"yoast-schema-graph\">{\"@context\":\"https:\/\/schema.org\",\"@graph\":[{\"@type\":\"WebPage\",\"@id\":\"https:\/\/keramamueblesdejardin.com\/it\/sale-da-pranzo-allaperto\/set-di-tavoli-e-sedie-da-giardino\/set-tavolo-e-sedie-giardino-6-posti-legno-e-cuscini-gesso\/\",\"url\":\"https:\/\/keramamueblesdejardin.com\/it\/sale-da-pranzo-allaperto\/set-di-tavoli-e-sedie-da-giardino\/set-tavolo-e-sedie-giardino-6-posti-legno-e-cuscini-gesso\/\",\"name\":\"Set tavolo e sedie da giardino 6 posti in legno e cuscini - Creta - Kerama\",\"isPartOf\":{\"@id\":\"https:\/\/keramamueblesdejardin.com\/it\/#website\"},\"primaryImageOfPage\":{\"@id\":\"https:\/\/keramamueblesdejardin.com\/it\/sale-da-pranzo-allaperto\/set-di-tavoli-e-sedie-da-giardino\/set-tavolo-e-sedie-giardino-6-posti-legno-e-cuscini-gesso\/#primaryimage\"},\"image\":{\"@id\":\"https:\/\/keramamueblesdejardin.com\/it\/sale-da-pranzo-allaperto\/set-di-tavoli-e-sedie-da-giardino\/set-tavolo-e-sedie-giardino-6-posti-legno-e-cuscini-gesso\/#primaryimage\"},\"thumbnailUrl\":\"https:\/\/keramamueblesdejardin.com\/wp-content\/uploads\/2021\/08\/KMJ21285_01-scaled.jpg\",\"datePublished\":\"2022-03-09T12:26:40+00:00\",\"dateModified\":\"2023-08-29T11:09:29+00:00\",\"breadcrumb\":{\"@id\":\"https:\/\/keramamueblesdejardin.com\/it\/sale-da-pranzo-allaperto\/set-di-tavoli-e-sedie-da-giardino\/set-tavolo-e-sedie-giardino-6-posti-legno-e-cuscini-gesso\/#breadcrumb\"},\"inLanguage\":\"it-IT\",\"potentialAction\":[{\"@type\":\"ReadAction\",\"target\":[\"https:\/\/keramamueblesdejardin.com\/it\/sale-da-pranzo-allaperto\/set-di-tavoli-e-sedie-da-giardino\/set-tavolo-e-sedie-giardino-6-posti-legno-e-cuscini-gesso\/\"]}]},{\"@type\":\"ImageObject\",\"inLanguage\":\"it-IT\",\"@id\":\"https:\/\/keramamueblesdejardin.com\/it\/sale-da-pranzo-allaperto\/set-di-tavoli-e-sedie-da-giardino\/set-tavolo-e-sedie-giardino-6-posti-legno-e-cuscini-gesso\/#primaryimage\",\"url\":\"https:\/\/keramamueblesdejardin.com\/wp-content\/uploads\/2021\/08\/KMJ21285_01-scaled.jpg\",\"contentUrl\":\"https:\/\/keramamueblesdejardin.com\/wp-content\/uploads\/2021\/08\/KMJ21285_01-scaled.jpg\",\"width\":2560,\"height\":2560},{\"@type\":\"BreadcrumbList\",\"@id\":\"https:\/\/keramamueblesdejardin.com\/it\/sale-da-pranzo-allaperto\/set-di-tavoli-e-sedie-da-giardino\/set-tavolo-e-sedie-giardino-6-posti-legno-e-cuscini-gesso\/#breadcrumb\",\"itemListElement\":[{\"@type\":\"ListItem\",\"position\":1,\"name\":\"Home\",\"item\":\"https:\/\/keramamueblesdejardin.com\/it\/\"},{\"@type\":\"ListItem\",\"position\":2,\"name\":\"Negozio\",\"item\":\"https:\/\/keramamueblesdejardin.com\/it\/negozio\/\"},{\"@type\":\"ListItem\",\"position\":3,\"name\":\"Sale da pranzo all'aperto\",\"item\":\"https:\/\/keramamueblesdejardin.com\/it\/sale-da-pranzo-allaperto\/\"},{\"@type\":\"ListItem\",\"position\":4,\"name\":\"Set di tavoli e sedie da giardino\",\"item\":\"https:\/\/keramamueblesdejardin.com\/it\/sale-da-pranzo-allaperto\/set-di-tavoli-e-sedie-da-giardino\/\"},{\"@type\":\"ListItem\",\"position\":5,\"name\":\"Set tavolo e sedie da giardino 6 posti in legno e cuscini &#8211; Creta\"}]},{\"@type\":\"WebSite\",\"@id\":\"https:\/\/keramamueblesdejardin.com\/it\/#website\",\"url\":\"https:\/\/keramamueblesdejardin.com\/it\/\",\"name\":\"Kerama\",\"description\":\"muebles de jard\u00edn\",\"publisher\":{\"@id\":\"https:\/\/keramamueblesdejardin.com\/it\/#organization\"},\"potentialAction\":[{\"@type\":\"SearchAction\",\"target\":{\"@type\":\"EntryPoint\",\"urlTemplate\":\"https:\/\/keramamueblesdejardin.com\/it\/?s={search_term_string}\"},\"query-input\":{\"@type\":\"PropertyValueSpecification\",\"valueRequired\":true,\"valueName\":\"search_term_string\"}}],\"inLanguage\":\"it-IT\"},{\"@type\":\"Organization\",\"@id\":\"https:\/\/keramamueblesdejardin.com\/it\/#organization\",\"name\":\"kerama\",\"url\":\"https:\/\/keramamueblesdejardin.com\/it\/\",\"logo\":{\"@type\":\"ImageObject\",\"inLanguage\":\"it-IT\",\"@id\":\"https:\/\/keramamueblesdejardin.com\/it\/#\/schema\/logo\/image\/\",\"url\":\"https:\/\/keramamueblesdejardin.com\/wp-content\/uploads\/2020\/12\/k.-scaled.jpg\",\"contentUrl\":\"https:\/\/keramamueblesdejardin.com\/wp-content\/uploads\/2020\/12\/k.-scaled.jpg\",\"width\":2560,\"height\":551,\"caption\":\"kerama\"},\"image\":{\"@id\":\"https:\/\/keramamueblesdejardin.com\/it\/#\/schema\/logo\/image\/\"},\"sameAs\":[\"https:\/\/www.facebook.com\/Kerama-Muebles-de-Jard\u00edn-106209328312568\/\"]}]}<\/script>\n<!-- \/ Yoast SEO plugin. -->","yoast_head_json":{"title":"Set tavolo e sedie da giardino 6 posti in legno e cuscini - Creta - Kerama","robots":{"index":"index","follow":"follow","max-snippet":"max-snippet:-1","max-image-preview":"max-image-preview:large","max-video-preview":"max-video-preview:-1"},"canonical":"https:\/\/keramamueblesdejardin.com\/it\/sale-da-pranzo-allaperto\/set-di-tavoli-e-sedie-da-giardino\/set-tavolo-e-sedie-giardino-6-posti-legno-e-cuscini-gesso\/","og_locale":"it_IT","og_type":"article","og_title":"Set tavolo e sedie da giardino 6 posti in legno e cuscini - Creta - Kerama","og_description":"Legno di eucalipto di colore chiaro certificato FSC  6 sedie con cuscini sfoderabili marrone chiaro  Tavolo da pranzo 215\u00d7100 cm con 2 inserti in ceramica beige","og_url":"https:\/\/keramamueblesdejardin.com\/it\/sale-da-pranzo-allaperto\/set-di-tavoli-e-sedie-da-giardino\/set-tavolo-e-sedie-giardino-6-posti-legno-e-cuscini-gesso\/","og_site_name":"Kerama","article_publisher":"https:\/\/www.facebook.com\/Kerama-Muebles-de-Jard%c3%adn-106209328312568\/","article_modified_time":"2023-08-29T11:09:29+00:00","og_image":[{"width":2560,"height":2560,"url":"https:\/\/keramamueblesdejardin.com\/wp-content\/uploads\/2021\/08\/KMJ21285_01-scaled.jpg","type":"image\/jpeg"}],"twitter_card":"summary_large_image","twitter_misc":{"Tempo di lettura stimato":"1 minuto"},"schema":{"@context":"https:\/\/schema.org","@graph":[{"@type":"WebPage","@id":"https:\/\/keramamueblesdejardin.com\/it\/sale-da-pranzo-allaperto\/set-di-tavoli-e-sedie-da-giardino\/set-tavolo-e-sedie-giardino-6-posti-legno-e-cuscini-gesso\/","url":"https:\/\/keramamueblesdejardin.com\/it\/sale-da-pranzo-allaperto\/set-di-tavoli-e-sedie-da-giardino\/set-tavolo-e-sedie-giardino-6-posti-legno-e-cuscini-gesso\/","name":"Set tavolo e sedie da giardino 6 posti in legno e cuscini - Creta - Kerama","isPartOf":{"@id":"https:\/\/keramamueblesdejardin.com\/it\/#website"},"primaryImageOfPage":{"@id":"https:\/\/keramamueblesdejardin.com\/it\/sale-da-pranzo-allaperto\/set-di-tavoli-e-sedie-da-giardino\/set-tavolo-e-sedie-giardino-6-posti-legno-e-cuscini-gesso\/#primaryimage"},"image":{"@id":"https:\/\/keramamueblesdejardin.com\/it\/sale-da-pranzo-allaperto\/set-di-tavoli-e-sedie-da-giardino\/set-tavolo-e-sedie-giardino-6-posti-legno-e-cuscini-gesso\/#primaryimage"},"thumbnailUrl":"https:\/\/keramamueblesdejardin.com\/wp-content\/uploads\/2021\/08\/KMJ21285_01-scaled.jpg","datePublished":"2022-03-09T12:26:40+00:00","dateModified":"2023-08-29T11:09:29+00:00","breadcrumb":{"@id":"https:\/\/keramamueblesdejardin.com\/it\/sale-da-pranzo-allaperto\/set-di-tavoli-e-sedie-da-giardino\/set-tavolo-e-sedie-giardino-6-posti-legno-e-cuscini-gesso\/#breadcrumb"},"inLanguage":"it-IT","potentialAction":[{"@type":"ReadAction","target":["https:\/\/keramamueblesdejardin.com\/it\/sale-da-pranzo-allaperto\/set-di-tavoli-e-sedie-da-giardino\/set-tavolo-e-sedie-giardino-6-posti-legno-e-cuscini-gesso\/"]}]},{"@type":"ImageObject","inLanguage":"it-IT","@id":"https:\/\/keramamueblesdejardin.com\/it\/sale-da-pranzo-allaperto\/set-di-tavoli-e-sedie-da-giardino\/set-tavolo-e-sedie-giardino-6-posti-legno-e-cuscini-gesso\/#primaryimage","url":"https:\/\/keramamueblesdejardin.com\/wp-content\/uploads\/2021\/08\/KMJ21285_01-scaled.jpg","contentUrl":"https:\/\/keramamueblesdejardin.com\/wp-content\/uploads\/2021\/08\/KMJ21285_01-scaled.jpg","width":2560,"height":2560},{"@type":"BreadcrumbList","@id":"https:\/\/keramamueblesdejardin.com\/it\/sale-da-pranzo-allaperto\/set-di-tavoli-e-sedie-da-giardino\/set-tavolo-e-sedie-giardino-6-posti-legno-e-cuscini-gesso\/#breadcrumb","itemListElement":[{"@type":"ListItem","position":1,"name":"Home","item":"https:\/\/keramamueblesdejardin.com\/it\/"},{"@type":"ListItem","position":2,"name":"Negozio","item":"https:\/\/keramamueblesdejardin.com\/it\/negozio\/"},{"@type":"ListItem","position":3,"name":"Sale da pranzo all'aperto","item":"https:\/\/keramamueblesdejardin.com\/it\/sale-da-pranzo-allaperto\/"},{"@type":"ListItem","position":4,"name":"Set di tavoli e sedie da giardino","item":"https:\/\/keramamueblesdejardin.com\/it\/sale-da-pranzo-allaperto\/set-di-tavoli-e-sedie-da-giardino\/"},{"@type":"ListItem","position":5,"name":"Set tavolo e sedie da giardino 6 posti in legno e cuscini &#8211; Creta"}]},{"@type":"WebSite","@id":"https:\/\/keramamueblesdejardin.com\/it\/#website","url":"https:\/\/keramamueblesdejardin.com\/it\/","name":"Kerama","description":"muebles de jard\u00edn","publisher":{"@id":"https:\/\/keramamueblesdejardin.com\/it\/#organization"},"potentialAction":[{"@type":"SearchAction","target":{"@type":"EntryPoint","urlTemplate":"https:\/\/keramamueblesdejardin.com\/it\/?s={search_term_string}"},"query-input":{"@type":"PropertyValueSpecification","valueRequired":true,"valueName":"search_term_string"}}],"inLanguage":"it-IT"},{"@type":"Organization","@id":"https:\/\/keramamueblesdejardin.com\/it\/#organization","name":"kerama","url":"https:\/\/keramamueblesdejardin.com\/it\/","logo":{"@type":"ImageObject","inLanguage":"it-IT","@id":"https:\/\/keramamueblesdejardin.com\/it\/#\/schema\/logo\/image\/","url":"https:\/\/keramamueblesdejardin.com\/wp-content\/uploads\/2020\/12\/k.-scaled.jpg","contentUrl":"https:\/\/keramamueblesdejardin.com\/wp-content\/uploads\/2020\/12\/k.-scaled.jpg","width":2560,"height":551,"caption":"kerama"},"image":{"@id":"https:\/\/keramamueblesdejardin.com\/it\/#\/schema\/logo\/image\/"},"sameAs":["https:\/\/www.facebook.com\/Kerama-Muebles-de-Jard\u00edn-106209328312568\/"]}]}},"df_price":1559,"df_sale_price":1559,"df_regular_price":1918,"df_image_link":"https:\/\/keramamueblesdejardin.com\/wp-content\/uploads\/2021\/08\/KMJ21285_01-300x300.jpg","custom_tabs":[{"title":"MISURAZIONE","id":"misurazione","content":"<strong>Alto:<\/strong> Tavolo 75 cm \/ Sedia 92 cm\n<strong>Largo:<\/strong> Tavolo 100 cm \/ Sedia 57 cm\n<strong>Fondoschiena:<\/strong> Tavolo 215 \/ Sedia 63\nAltezza seduta: 45 cm\n<strong>Profondit\u00e0 sedile:<\/strong> 48 cm"},{"title":"DISIMBALLAGGIO E MONTAGGIO","id":"disimballaggio-e-assemblaggio","content":"<strong>Raccomandazioni per il disimballaggio:<\/strong> Non utilizzare utensili affilati durante il disimballaggio dei mobili in quanto potrebbe causare danni\n<strong>Richiede il montaggio (s\u00ec\/no):<\/strong> S\u00ec\nDifficolt\u00e0 di montaggio: Medio\nTempo di montaggio: 90\n<strong>Persone consigliate per il montaggio:<\/strong> 2\n<strong>Suggerimenti di montaggio:<\/strong> Preparare un'area di assemblaggio pulita e asciutta, verificare che nessuna delle parti indicate nel manuale manchi. Si consiglia di indossare guanti adatti al montaggio. Utilizzare solo le parti e l'hardware in dotazione."},{"title":"MANUTENZIONE E GARANZIE","id":"manutenzione-e-garanzie","content":"<strong>Condizioni generali:<\/strong>\n\u2022 Guasti o danni causati da:\n\u2022 Cause accidentali come cadute, colpi, fuoriuscite di liquidi, introduzione di corpi estranei, nonch\u00e9 qualsiasi altra causa di forza maggiore.\n\u2022 Uso negligente, improprio o non domestico.\n\u2022 Danni, corrosione e\/o ossidazione accelerati da condizioni ambientali avverse\n\u2022 Macchie e scolorimenti dovuti al mancato rispetto delle nostre istruzioni di pulizia\n\u2022 Danni verificatisi durante il montaggio e la manipolazione senza aver seguito le istruzioni di montaggio indicate.\n<strong>Istruzioni per l'uso e la manutenzione:<\/strong>\n\u2022 Pulire delicatamente con l'aiuto di un panno o utilizzare un sapone liquido neutro, risciacquando con abbondante acqua.\n\u2022 Rimuovere regolarmente la polvere con l'aiuto di un panno morbido e acqua pulita.\n\u2022 Non utilizzare detergenti o prodotti abrasivi per la pulizia.\n\u2022 Trattamento con olio di lino: Prima di applicare uno strato di olio di lino sul prodotto allo stato naturale \u00e8 consigliabile lasciarlo all'esterno per 2 o 3 settimane, in modo da assumere un aspetto omogeneo e aerarlo. Pulire con acqua pulita usando un pennello e lasciare asciugare. Una volta ben asciutto, va carteggiato con una carta vetrata di grammatura tra 120 e 150 con cura e senza stringere, seguendo, per quanto possibile, la direzione delle vene; Questa operazione non viene mai eseguita nelle prime ore del giorno. Per mantenere il colore \u00e8 consigliabile ripetere il processo una o due volte l'anno. Se l'olio di lino \u00e8 gi\u00e0 stato applicato ai mobili \u00e8 consigliabile carteggiarlo ogni tre anni in modo che gli strati successivi di olio non impediscano la traspirazione del legno.\n<strong>Anni di garanzia:<\/strong> 2 anni\n<strong>Prodotto secondo lo standard:<\/strong> 581-1,581-2,581-3\n<strong>Certificazione FSC (s\u00ec\/no)<\/strong> S\u00ec"}],"_links":{"self":[{"href":"https:\/\/keramamueblesdejardin.com\/it\/wp-json\/wp\/v2\/product\/87786","targetHints":{"allow":["GET"]}}],"collection":[{"href":"https:\/\/keramamueblesdejardin.com\/it\/wp-json\/wp\/v2\/product"}],"about":[{"href":"https:\/\/keramamueblesdejardin.com\/it\/wp-json\/wp\/v2\/types\/product"}],"replies":[{"embeddable":true,"href":"https:\/\/keramamueblesdejardin.com\/it\/wp-json\/wp\/v2\/comments?post=87786"}],"wp:featuredmedia":[{"embeddable":true,"href":"https:\/\/keramamueblesdejardin.com\/it\/wp-json\/wp\/v2\/media\/87887"}],"wp:attachment":[{"href":"https:\/\/keramamueblesdejardin.com\/it\/wp-json\/wp\/v2\/media?parent=87786"}],"wp:term":[{"taxonomy":"product_brand","embeddable":true,"href":"https:\/\/keramamueblesdejardin.com\/it\/wp-json\/wp\/v2\/product_brand?post=87786"},{"taxonomy":"product_cat","embeddable":true,"href":"https:\/\/keramamueblesdejardin.com\/it\/wp-json\/wp\/v2\/product_cat?post=87786"},{"taxonomy":"product_tag","embeddable":true,"href":"https:\/\/keramamueblesdejardin.com\/it\/wp-json\/wp\/v2\/product_tag?post=87786"}],"curies":[{"name":"wp","href":"https:\/\/api.w.org\/{rel}","templated":true}]}}