{"id":87676,"date":"2021-11-12T14:33:00","date_gmt":"2021-11-12T13:33:00","guid":{"rendered":"https:\/\/keramamueblesdejardin.com\/senza-categoria\/amaca-direttore-giardino-legno-tessuto-fenicotteri-pieghevole-java\/"},"modified":"2024-06-12T09:35:26","modified_gmt":"2024-06-12T07:35:26","slug":"amaca-direttore-giardino-legno-tessuto-fenicotteri-pieghevole-java","status":"publish","type":"product","link":"https:\/\/keramamueblesdejardin.com\/it\/sedie-a-sdraio-e-riposo\/amache\/lettini-it-2\/amaca-direttore-giardino-legno-tessuto-fenicotteri-pieghevole-java\/","title":{"rendered":"Amaca direttore giardino legno tessuto fenicotteri pieghevole &#8211; Java"},"content":{"rendered":"<p>Amaca da giardino pieghevole in legno e con tessuto stampato. L&#8217;amaca \u00e8 pieghevole e molto pratica, pu\u00f2 essere messa in pi\u00f9 posizioni. Il tessuto \u00e8 sfoderabile e lavabile. Misure posizione pi\u00f9 bassa: 103,5x60x86,5cm. Misure posizione pi\u00f9 alta: 95,5x60x98cm. Peso 4,6kg<\/p>\n","protected":false},"excerpt":{"rendered":"<ul>\n<li>Amaca da giardino pieghevole in legno e tessuto stampato<\/li>\n<li>Pieghevole e ha diverse posizioni<\/li>\n<li>Tessuto sfoderabile e lavabile<\/li>\n<\/ul>\n","protected":false},"featured_media":87757,"comment_status":"closed","ping_status":"closed","template":"","meta":{"_acf_changed":false},"product_brand":[],"product_cat":[3028,3029,2783],"product_tag":[2787,2895,2896,2894,2789,2784,2892],"class_list":{"0":"post-87676","1":"product","2":"type-product","3":"status-publish","4":"has-post-thumbnail","6":"product_cat-amache","7":"product_cat-lettini-it-2","8":"product_cat-sedie-a-sdraio-e-riposo","9":"product_tag-acacia-it","10":"product_tag-aldermanno","11":"product_tag-amaca","12":"product_tag-direttore","13":"product_tag-giava","14":"product_tag-legno","15":"product_tag-pieghevole","16":"product_shipping_class-envio-gratuito-it","17":"pa_caracteristicas-pieghevole","18":"pa_coleccion-giava","19":"pa_material-legno","20":"pa_material-stoffa","22":"first","23":"outofstock","24":"sale","25":"purchasable","26":"product-type-simple","27":"add-to-wishlist-before_image"},"acf":[],"yoast_head":"<!-- This site is optimized with the Yoast SEO plugin v27.2 - https:\/\/yoast.com\/product\/yoast-seo-wordpress\/ -->\n<title>Amaca direttore giardino legno tessuto fenicotteri pieghevole - Java - Kerama<\/title>\n<meta name=\"robots\" content=\"index, follow, max-snippet:-1, max-image-preview:large, max-video-preview:-1\" \/>\n<link rel=\"canonical\" href=\"https:\/\/keramamueblesdejardin.com\/it\/sedie-a-sdraio-e-riposo\/amache\/lettini-it-2\/amaca-direttore-giardino-legno-tessuto-fenicotteri-pieghevole-java\/\" \/>\n<meta property=\"og:locale\" content=\"it_IT\" \/>\n<meta property=\"og:type\" content=\"article\" \/>\n<meta property=\"og:title\" content=\"Amaca direttore giardino legno tessuto fenicotteri pieghevole - Java - Kerama\" \/>\n<meta property=\"og:description\" content=\"Amaca da giardino pieghevole in legno e tessuto stampato  Pieghevole e ha diverse posizioni  Tessuto sfoderabile e lavabile\" \/>\n<meta property=\"og:url\" content=\"https:\/\/keramamueblesdejardin.com\/it\/sedie-a-sdraio-e-riposo\/amache\/lettini-it-2\/amaca-direttore-giardino-legno-tessuto-fenicotteri-pieghevole-java\/\" \/>\n<meta property=\"og:site_name\" content=\"Kerama\" \/>\n<meta property=\"article:publisher\" content=\"https:\/\/www.facebook.com\/Kerama-Muebles-de-Jard%c3%adn-106209328312568\/\" \/>\n<meta property=\"article:modified_time\" content=\"2024-06-12T07:35:26+00:00\" \/>\n<meta property=\"og:image\" content=\"https:\/\/keramamueblesdejardin.com\/wp-content\/uploads\/2021\/11\/KMJ21507_01-scaled.jpg\" \/>\n\t<meta property=\"og:image:width\" content=\"2560\" \/>\n\t<meta property=\"og:image:height\" content=\"2560\" \/>\n\t<meta property=\"og:image:type\" content=\"image\/jpeg\" \/>\n<meta name=\"twitter:card\" content=\"summary_large_image\" \/>\n<script type=\"application\/ld+json\" class=\"yoast-schema-graph\">{\"@context\":\"https:\/\/schema.org\",\"@graph\":[{\"@type\":\"WebPage\",\"@id\":\"https:\/\/keramamueblesdejardin.com\/it\/sedie-a-sdraio-e-riposo\/amache\/lettini-it-2\/amaca-direttore-giardino-legno-tessuto-fenicotteri-pieghevole-java\/\",\"url\":\"https:\/\/keramamueblesdejardin.com\/it\/sedie-a-sdraio-e-riposo\/amache\/lettini-it-2\/amaca-direttore-giardino-legno-tessuto-fenicotteri-pieghevole-java\/\",\"name\":\"Amaca direttore giardino legno tessuto fenicotteri pieghevole - Java - Kerama\",\"isPartOf\":{\"@id\":\"https:\/\/keramamueblesdejardin.com\/it\/#website\"},\"primaryImageOfPage\":{\"@id\":\"https:\/\/keramamueblesdejardin.com\/it\/sedie-a-sdraio-e-riposo\/amache\/lettini-it-2\/amaca-direttore-giardino-legno-tessuto-fenicotteri-pieghevole-java\/#primaryimage\"},\"image\":{\"@id\":\"https:\/\/keramamueblesdejardin.com\/it\/sedie-a-sdraio-e-riposo\/amache\/lettini-it-2\/amaca-direttore-giardino-legno-tessuto-fenicotteri-pieghevole-java\/#primaryimage\"},\"thumbnailUrl\":\"https:\/\/keramamueblesdejardin.com\/wp-content\/uploads\/2021\/11\/KMJ21507_01-scaled.jpg\",\"datePublished\":\"2021-11-12T13:33:00+00:00\",\"dateModified\":\"2024-06-12T07:35:26+00:00\",\"breadcrumb\":{\"@id\":\"https:\/\/keramamueblesdejardin.com\/it\/sedie-a-sdraio-e-riposo\/amache\/lettini-it-2\/amaca-direttore-giardino-legno-tessuto-fenicotteri-pieghevole-java\/#breadcrumb\"},\"inLanguage\":\"it-IT\",\"potentialAction\":[{\"@type\":\"ReadAction\",\"target\":[\"https:\/\/keramamueblesdejardin.com\/it\/sedie-a-sdraio-e-riposo\/amache\/lettini-it-2\/amaca-direttore-giardino-legno-tessuto-fenicotteri-pieghevole-java\/\"]}]},{\"@type\":\"ImageObject\",\"inLanguage\":\"it-IT\",\"@id\":\"https:\/\/keramamueblesdejardin.com\/it\/sedie-a-sdraio-e-riposo\/amache\/lettini-it-2\/amaca-direttore-giardino-legno-tessuto-fenicotteri-pieghevole-java\/#primaryimage\",\"url\":\"https:\/\/keramamueblesdejardin.com\/wp-content\/uploads\/2021\/11\/KMJ21507_01-scaled.jpg\",\"contentUrl\":\"https:\/\/keramamueblesdejardin.com\/wp-content\/uploads\/2021\/11\/KMJ21507_01-scaled.jpg\",\"width\":2560,\"height\":2560},{\"@type\":\"BreadcrumbList\",\"@id\":\"https:\/\/keramamueblesdejardin.com\/it\/sedie-a-sdraio-e-riposo\/amache\/lettini-it-2\/amaca-direttore-giardino-legno-tessuto-fenicotteri-pieghevole-java\/#breadcrumb\",\"itemListElement\":[{\"@type\":\"ListItem\",\"position\":1,\"name\":\"Home\",\"item\":\"https:\/\/keramamueblesdejardin.com\/it\/\"},{\"@type\":\"ListItem\",\"position\":2,\"name\":\"Negozio\",\"item\":\"https:\/\/keramamueblesdejardin.com\/it\/negozio\/\"},{\"@type\":\"ListItem\",\"position\":3,\"name\":\"Sedie a sdraio e riposo\",\"item\":\"https:\/\/keramamueblesdejardin.com\/it\/sedie-a-sdraio-e-riposo\/\"},{\"@type\":\"ListItem\",\"position\":4,\"name\":\"Amache\",\"item\":\"https:\/\/keramamueblesdejardin.com\/it\/sedie-a-sdraio-e-riposo\/amache\/\"},{\"@type\":\"ListItem\",\"position\":5,\"name\":\"Amaca direttore giardino legno tessuto fenicotteri pieghevole &#8211; Java\"}]},{\"@type\":\"WebSite\",\"@id\":\"https:\/\/keramamueblesdejardin.com\/it\/#website\",\"url\":\"https:\/\/keramamueblesdejardin.com\/it\/\",\"name\":\"Kerama\",\"description\":\"muebles de jard\u00edn\",\"publisher\":{\"@id\":\"https:\/\/keramamueblesdejardin.com\/it\/#organization\"},\"potentialAction\":[{\"@type\":\"SearchAction\",\"target\":{\"@type\":\"EntryPoint\",\"urlTemplate\":\"https:\/\/keramamueblesdejardin.com\/it\/?s={search_term_string}\"},\"query-input\":{\"@type\":\"PropertyValueSpecification\",\"valueRequired\":true,\"valueName\":\"search_term_string\"}}],\"inLanguage\":\"it-IT\"},{\"@type\":\"Organization\",\"@id\":\"https:\/\/keramamueblesdejardin.com\/it\/#organization\",\"name\":\"kerama\",\"url\":\"https:\/\/keramamueblesdejardin.com\/it\/\",\"logo\":{\"@type\":\"ImageObject\",\"inLanguage\":\"it-IT\",\"@id\":\"https:\/\/keramamueblesdejardin.com\/it\/#\/schema\/logo\/image\/\",\"url\":\"https:\/\/keramamueblesdejardin.com\/wp-content\/uploads\/2020\/12\/k.-scaled.jpg\",\"contentUrl\":\"https:\/\/keramamueblesdejardin.com\/wp-content\/uploads\/2020\/12\/k.-scaled.jpg\",\"width\":2560,\"height\":551,\"caption\":\"kerama\"},\"image\":{\"@id\":\"https:\/\/keramamueblesdejardin.com\/it\/#\/schema\/logo\/image\/\"},\"sameAs\":[\"https:\/\/www.facebook.com\/Kerama-Muebles-de-Jard\u00edn-106209328312568\/\"]}]}<\/script>\n<!-- \/ Yoast SEO plugin. -->","yoast_head_json":{"title":"Amaca direttore giardino legno tessuto fenicotteri pieghevole - Java - Kerama","robots":{"index":"index","follow":"follow","max-snippet":"max-snippet:-1","max-image-preview":"max-image-preview:large","max-video-preview":"max-video-preview:-1"},"canonical":"https:\/\/keramamueblesdejardin.com\/it\/sedie-a-sdraio-e-riposo\/amache\/lettini-it-2\/amaca-direttore-giardino-legno-tessuto-fenicotteri-pieghevole-java\/","og_locale":"it_IT","og_type":"article","og_title":"Amaca direttore giardino legno tessuto fenicotteri pieghevole - Java - Kerama","og_description":"Amaca da giardino pieghevole in legno e tessuto stampato  Pieghevole e ha diverse posizioni  Tessuto sfoderabile e lavabile","og_url":"https:\/\/keramamueblesdejardin.com\/it\/sedie-a-sdraio-e-riposo\/amache\/lettini-it-2\/amaca-direttore-giardino-legno-tessuto-fenicotteri-pieghevole-java\/","og_site_name":"Kerama","article_publisher":"https:\/\/www.facebook.com\/Kerama-Muebles-de-Jard%c3%adn-106209328312568\/","article_modified_time":"2024-06-12T07:35:26+00:00","og_image":[{"width":2560,"height":2560,"url":"https:\/\/keramamueblesdejardin.com\/wp-content\/uploads\/2021\/11\/KMJ21507_01-scaled.jpg","type":"image\/jpeg"}],"twitter_card":"summary_large_image","schema":{"@context":"https:\/\/schema.org","@graph":[{"@type":"WebPage","@id":"https:\/\/keramamueblesdejardin.com\/it\/sedie-a-sdraio-e-riposo\/amache\/lettini-it-2\/amaca-direttore-giardino-legno-tessuto-fenicotteri-pieghevole-java\/","url":"https:\/\/keramamueblesdejardin.com\/it\/sedie-a-sdraio-e-riposo\/amache\/lettini-it-2\/amaca-direttore-giardino-legno-tessuto-fenicotteri-pieghevole-java\/","name":"Amaca direttore giardino legno tessuto fenicotteri pieghevole - Java - Kerama","isPartOf":{"@id":"https:\/\/keramamueblesdejardin.com\/it\/#website"},"primaryImageOfPage":{"@id":"https:\/\/keramamueblesdejardin.com\/it\/sedie-a-sdraio-e-riposo\/amache\/lettini-it-2\/amaca-direttore-giardino-legno-tessuto-fenicotteri-pieghevole-java\/#primaryimage"},"image":{"@id":"https:\/\/keramamueblesdejardin.com\/it\/sedie-a-sdraio-e-riposo\/amache\/lettini-it-2\/amaca-direttore-giardino-legno-tessuto-fenicotteri-pieghevole-java\/#primaryimage"},"thumbnailUrl":"https:\/\/keramamueblesdejardin.com\/wp-content\/uploads\/2021\/11\/KMJ21507_01-scaled.jpg","datePublished":"2021-11-12T13:33:00+00:00","dateModified":"2024-06-12T07:35:26+00:00","breadcrumb":{"@id":"https:\/\/keramamueblesdejardin.com\/it\/sedie-a-sdraio-e-riposo\/amache\/lettini-it-2\/amaca-direttore-giardino-legno-tessuto-fenicotteri-pieghevole-java\/#breadcrumb"},"inLanguage":"it-IT","potentialAction":[{"@type":"ReadAction","target":["https:\/\/keramamueblesdejardin.com\/it\/sedie-a-sdraio-e-riposo\/amache\/lettini-it-2\/amaca-direttore-giardino-legno-tessuto-fenicotteri-pieghevole-java\/"]}]},{"@type":"ImageObject","inLanguage":"it-IT","@id":"https:\/\/keramamueblesdejardin.com\/it\/sedie-a-sdraio-e-riposo\/amache\/lettini-it-2\/amaca-direttore-giardino-legno-tessuto-fenicotteri-pieghevole-java\/#primaryimage","url":"https:\/\/keramamueblesdejardin.com\/wp-content\/uploads\/2021\/11\/KMJ21507_01-scaled.jpg","contentUrl":"https:\/\/keramamueblesdejardin.com\/wp-content\/uploads\/2021\/11\/KMJ21507_01-scaled.jpg","width":2560,"height":2560},{"@type":"BreadcrumbList","@id":"https:\/\/keramamueblesdejardin.com\/it\/sedie-a-sdraio-e-riposo\/amache\/lettini-it-2\/amaca-direttore-giardino-legno-tessuto-fenicotteri-pieghevole-java\/#breadcrumb","itemListElement":[{"@type":"ListItem","position":1,"name":"Home","item":"https:\/\/keramamueblesdejardin.com\/it\/"},{"@type":"ListItem","position":2,"name":"Negozio","item":"https:\/\/keramamueblesdejardin.com\/it\/negozio\/"},{"@type":"ListItem","position":3,"name":"Sedie a sdraio e riposo","item":"https:\/\/keramamueblesdejardin.com\/it\/sedie-a-sdraio-e-riposo\/"},{"@type":"ListItem","position":4,"name":"Amache","item":"https:\/\/keramamueblesdejardin.com\/it\/sedie-a-sdraio-e-riposo\/amache\/"},{"@type":"ListItem","position":5,"name":"Amaca direttore giardino legno tessuto fenicotteri pieghevole &#8211; Java"}]},{"@type":"WebSite","@id":"https:\/\/keramamueblesdejardin.com\/it\/#website","url":"https:\/\/keramamueblesdejardin.com\/it\/","name":"Kerama","description":"muebles de jard\u00edn","publisher":{"@id":"https:\/\/keramamueblesdejardin.com\/it\/#organization"},"potentialAction":[{"@type":"SearchAction","target":{"@type":"EntryPoint","urlTemplate":"https:\/\/keramamueblesdejardin.com\/it\/?s={search_term_string}"},"query-input":{"@type":"PropertyValueSpecification","valueRequired":true,"valueName":"search_term_string"}}],"inLanguage":"it-IT"},{"@type":"Organization","@id":"https:\/\/keramamueblesdejardin.com\/it\/#organization","name":"kerama","url":"https:\/\/keramamueblesdejardin.com\/it\/","logo":{"@type":"ImageObject","inLanguage":"it-IT","@id":"https:\/\/keramamueblesdejardin.com\/it\/#\/schema\/logo\/image\/","url":"https:\/\/keramamueblesdejardin.com\/wp-content\/uploads\/2020\/12\/k.-scaled.jpg","contentUrl":"https:\/\/keramamueblesdejardin.com\/wp-content\/uploads\/2020\/12\/k.-scaled.jpg","width":2560,"height":551,"caption":"kerama"},"image":{"@id":"https:\/\/keramamueblesdejardin.com\/it\/#\/schema\/logo\/image\/"},"sameAs":["https:\/\/www.facebook.com\/Kerama-Muebles-de-Jard\u00edn-106209328312568\/"]}]}},"df_price":88,"df_sale_price":88,"df_regular_price":114,"df_image_link":"https:\/\/keramamueblesdejardin.com\/wp-content\/uploads\/2021\/11\/KMJ21507_01-300x300.jpg","custom_tabs":[{"title":"MISURAZIONE","id":"misurazione","content":"Ato: Posizione pi\u00f9 bassa 86,5 cm \/ Posizione pi\u00f9 alta 98 cm\nLarghezza: 60 cm\nProfondit\u00e0: Posizione pi\u00f9 bassa 103,5 cm \/ Posizione pi\u00f9 alta 95,5 cm\nPeso del prodotto: 4,6 kg\n<strong>Altezza seduta:<\/strong>\n<strong>Profondit\u00e0 sedile:<\/strong>"},{"title":"DISIMBALLAGGIO E MONTAGGIO","id":"disimballaggio-e-assemblaggio","content":"<strong>Raccomandazioni per il disimballaggio:<\/strong> Non utilizzare utensili affilati durante il disimballaggio dei mobili in quanto potrebbe causare danni\nRichiede il montaggio (s\u00ec\/no): No"},{"title":"MANUTENZIONE E GARANZIE","id":"manutenzione-e-garanzie","content":"<strong>Condizioni generali:<\/strong>\n\u2022 Guasti o danni causati da:\n\u2022 Cause accidentali come cadute, colpi, fuoriuscite di liquidi, introduzione di corpi estranei, nonch\u00e9 qualsiasi altra causa di forza maggiore.\n\u2022 Uso negligente, improprio o non domestico.\n\u2022 Danni, corrosione e\/o ossidazione accelerati da condizioni ambientali avverse\n\u2022 Macchie e scolorimenti dovuti al mancato rispetto delle nostre istruzioni di pulizia\n\u2022 Danni verificatisi durante il montaggio e la manipolazione senza aver seguito le istruzioni di montaggio indicate.\n<strong>Istruzioni per l'uso e la manutenzione:<\/strong>\n\u2022 Pulire delicatamente con l'aiuto di un panno o utilizzare un sapone liquido neutro, risciacquando con abbondante acqua.\n\u2022 Rimuovere regolarmente la polvere con l'aiuto di un panno morbido e acqua pulita.\n\u2022 Non utilizzare detergenti o prodotti abrasivi per la pulizia.\n\u2022 Trattamento con olio di lino: Prima di applicare uno strato di olio di lino sul prodotto allo stato naturale \u00e8 consigliabile lasciarlo all'esterno per 2 o 3 settimane, in modo da assumere un aspetto omogeneo e aerarlo. Pulire con acqua pulita usando un pennello e lasciare asciugare. Una volta ben asciutto, va carteggiato con una carta vetrata di grammatura tra 120 e 150 con cura e senza stringere, seguendo, per quanto possibile, la direzione delle vene; Questa operazione non viene mai eseguita nelle prime ore del giorno. Per mantenere il colore \u00e8 consigliabile ripetere il processo una o due volte l'anno. Se l'olio di lino \u00e8 gi\u00e0 stato applicato ai mobili \u00e8 consigliabile carteggiarlo ogni tre anni in modo che gli strati successivi di olio non impediscano la traspirazione del legno.\n<strong>Anni di garanzia:<\/strong> 2 anni\n<strong>Prodotto secondo lo standard:<\/strong> 581-1,581-2,581-3\n<strong>Certificazione FSC (s\u00ec\/no)<\/strong> S\u00ec"}],"_links":{"self":[{"href":"https:\/\/keramamueblesdejardin.com\/it\/wp-json\/wp\/v2\/product\/87676","targetHints":{"allow":["GET"]}}],"collection":[{"href":"https:\/\/keramamueblesdejardin.com\/it\/wp-json\/wp\/v2\/product"}],"about":[{"href":"https:\/\/keramamueblesdejardin.com\/it\/wp-json\/wp\/v2\/types\/product"}],"replies":[{"embeddable":true,"href":"https:\/\/keramamueblesdejardin.com\/it\/wp-json\/wp\/v2\/comments?post=87676"}],"wp:featuredmedia":[{"embeddable":true,"href":"https:\/\/keramamueblesdejardin.com\/it\/wp-json\/wp\/v2\/media\/87757"}],"wp:attachment":[{"href":"https:\/\/keramamueblesdejardin.com\/it\/wp-json\/wp\/v2\/media?parent=87676"}],"wp:term":[{"taxonomy":"product_brand","embeddable":true,"href":"https:\/\/keramamueblesdejardin.com\/it\/wp-json\/wp\/v2\/product_brand?post=87676"},{"taxonomy":"product_cat","embeddable":true,"href":"https:\/\/keramamueblesdejardin.com\/it\/wp-json\/wp\/v2\/product_cat?post=87676"},{"taxonomy":"product_tag","embeddable":true,"href":"https:\/\/keramamueblesdejardin.com\/it\/wp-json\/wp\/v2\/product_tag?post=87676"}],"curies":[{"name":"wp","href":"https:\/\/api.w.org\/{rel}","templated":true}]}}