{"id":86985,"date":"2022-07-22T10:02:34","date_gmt":"2022-07-22T08:02:34","guid":{"rendered":"https:\/\/keramamueblesdejardin.com\/senza-categoria\/struttura-ombrellone-eccentrico-antracite-tessuto-grigio-chiaro-25x25m-milano\/"},"modified":"2023-08-29T13:18:51","modified_gmt":"2023-08-29T11:18:51","slug":"ombrellone-sospensione-struttura-antracite-tessuto-grigio-chiaro-25x25m-milano","status":"publish","type":"product","link":"https:\/\/keramamueblesdejardin.com\/it\/ombrelloni-e-pergolati\/ombrelloni\/ombrellone-sospensione-struttura-antracite-tessuto-grigio-chiaro-25x25m-milano\/","title":{"rendered":"Struttura ombrellone eccentrico antracite tessuto grigio chiaro 2,5&#215;2,5m &#8211; Milano"},"content":{"rendered":"<p>L&#8217;eccentrico ombrellone quadrato Milano 250x250cm con gonna da esterno per giardino o terrazza, ha un palo laterale molto robusto realizzato in alluminio antracite. Il tessuto ha una bella finitura grigio chiaro, che \u00e8 idrorepellente, antimacchia e comprende anche un camino di ventilazione.<\/p>\n<p>Pu\u00f2 essere ruotato di 360 gradi ed \u00e8 inclinabile in altezza, il che consente di scegliere l&#8217;orientamento pi\u00f9 conveniente e ha una manovella che consente di aprire e chiudere l&#8217;ombrellone molto facilmente.<\/p>\n<p>L&#8217;eccentrico ombrellone Milan ha una struttura resistente con un totale di 8 aste e un design elegante che lo rendono ideale per formare un insieme di giardino o terrazza che si desidera mantenere durante tutto l&#8217;anno.<\/p>\n<ul>\n<li>Palo e aste in alluminio<\/li>\n<li>Tessuto 100% poliestere<\/li>\n<li>Utilizzo: all&#8217;aperto<\/li>\n<li>Altezza massima: 2.40m<\/li>\n<li>Rotazione a 360\u00ba<\/li>\n<li>Inclinabile in altezza: S\u00ec<\/li>\n<li>Rimovibile: S\u00ec<\/li>\n<li>Idrorepellente: S\u00ec<\/li>\n<li>Antimacchia; S\u00ec<\/li>\n<li>Tessuto con camino: S\u00ec<\/li>\n<li>Con gonna: No<\/li>\n<li>Apertura \/ Chiusura con manovella: S\u00ec<\/li>\n<li>Peso del prodotto: 25 kg<\/li>\n<li>Dimensione albero: 50 x 67mm<\/li>\n<li>Dimensione asta: 13 x 22mm<\/li>\n<li>Numero di aste: 8<\/li>\n<li>Richiede un montaggio a bassa difficolt\u00e0<\/li>\n<li>Tappi di plastica sulle gambe per proteggere il pavimento<\/li>\n<\/ul>\n","protected":false},"excerpt":{"rendered":"<ul>\n<li>Palo realizzato in alluminio antracite e struttura a 8 aste<\/li>\n<li>Tessuto in poliestere grigio chiaro, idrorepellente<\/li>\n<li>Include camino di ventilazione e manovella per aprire e chiudere l&#8217;ombrellone<\/li>\n<li>L&#8217;ombrellone pu\u00f2 essere ruotato di 360 gradi e pu\u00f2 essere reclinato in altezza<\/li>\n<\/ul>\n","protected":false},"featured_media":86946,"comment_status":"closed","ping_status":"open","template":"","meta":{"_acf_changed":false},"product_brand":[],"product_cat":[2820,2819],"product_tag":[2901,2778,2981],"class_list":{"0":"post-86985","1":"product","2":"type-product","3":"status-publish","4":"has-post-thumbnail","6":"product_cat-ombrelloni","7":"product_cat-ombrelloni-e-pergolati","8":"product_tag-alluminio","9":"product_tag-ampi-spazi","10":"product_tag-milano","11":"product_shipping_class-envio-gratuito-it","12":"pa_forma-quadrato","13":"pa_material-alluminio","14":"pa_material-poliestere","16":"first","17":"instock","18":"sale","19":"purchasable","20":"product-type-simple","21":"add-to-wishlist-before_image"},"acf":[],"yoast_head":"<!-- This site is optimized with the Yoast SEO plugin v27.2 - https:\/\/yoast.com\/product\/yoast-seo-wordpress\/ -->\n<title>Struttura ombrellone eccentrico antracite tessuto grigio chiaro 2,5x2,5m - Milano - Kerama<\/title>\n<meta name=\"robots\" content=\"index, follow, max-snippet:-1, max-image-preview:large, max-video-preview:-1\" \/>\n<link rel=\"canonical\" href=\"https:\/\/keramamueblesdejardin.com\/it\/ombrelloni-e-pergolati\/ombrelloni\/ombrellone-sospensione-struttura-antracite-tessuto-grigio-chiaro-25x25m-milano\/\" \/>\n<meta property=\"og:locale\" content=\"it_IT\" \/>\n<meta property=\"og:type\" content=\"article\" \/>\n<meta property=\"og:title\" content=\"Struttura ombrellone eccentrico antracite tessuto grigio chiaro 2,5x2,5m - Milano - Kerama\" \/>\n<meta property=\"og:description\" content=\"Palo realizzato in alluminio antracite e struttura a 8 aste  Tessuto in poliestere grigio chiaro, idrorepellente  Include camino di ventilazione e manovella per aprire e chiudere l&#039;ombrellone  L&#039;ombrellone pu\u00f2 essere ruotato di 360 gradi e pu\u00f2 essere reclinato in altezza\" \/>\n<meta property=\"og:url\" content=\"https:\/\/keramamueblesdejardin.com\/it\/ombrelloni-e-pergolati\/ombrelloni\/ombrellone-sospensione-struttura-antracite-tessuto-grigio-chiaro-25x25m-milano\/\" \/>\n<meta property=\"og:site_name\" content=\"Kerama\" \/>\n<meta property=\"article:publisher\" content=\"https:\/\/www.facebook.com\/Kerama-Muebles-de-Jard%c3%adn-106209328312568\/\" \/>\n<meta property=\"article:modified_time\" content=\"2023-08-29T11:18:51+00:00\" \/>\n<meta property=\"og:image\" content=\"https:\/\/keramamueblesdejardin.com\/wp-content\/uploads\/2022\/07\/L1530751-scaled.jpg\" \/>\n\t<meta property=\"og:image:width\" content=\"2560\" \/>\n\t<meta property=\"og:image:height\" content=\"1707\" \/>\n\t<meta property=\"og:image:type\" content=\"image\/jpeg\" \/>\n<meta name=\"twitter:card\" content=\"summary_large_image\" \/>\n<meta name=\"twitter:label1\" content=\"Tempo di lettura stimato\" \/>\n\t<meta name=\"twitter:data1\" content=\"1 minuto\" \/>\n<script type=\"application\/ld+json\" class=\"yoast-schema-graph\">{\"@context\":\"https:\/\/schema.org\",\"@graph\":[{\"@type\":\"WebPage\",\"@id\":\"https:\/\/keramamueblesdejardin.com\/it\/ombrelloni-e-pergolati\/ombrelloni\/ombrellone-sospensione-struttura-antracite-tessuto-grigio-chiaro-25x25m-milano\/\",\"url\":\"https:\/\/keramamueblesdejardin.com\/it\/ombrelloni-e-pergolati\/ombrelloni\/ombrellone-sospensione-struttura-antracite-tessuto-grigio-chiaro-25x25m-milano\/\",\"name\":\"Struttura ombrellone eccentrico antracite tessuto grigio chiaro 2,5x2,5m - Milano - Kerama\",\"isPartOf\":{\"@id\":\"https:\/\/keramamueblesdejardin.com\/it\/#website\"},\"primaryImageOfPage\":{\"@id\":\"https:\/\/keramamueblesdejardin.com\/it\/ombrelloni-e-pergolati\/ombrelloni\/ombrellone-sospensione-struttura-antracite-tessuto-grigio-chiaro-25x25m-milano\/#primaryimage\"},\"image\":{\"@id\":\"https:\/\/keramamueblesdejardin.com\/it\/ombrelloni-e-pergolati\/ombrelloni\/ombrellone-sospensione-struttura-antracite-tessuto-grigio-chiaro-25x25m-milano\/#primaryimage\"},\"thumbnailUrl\":\"https:\/\/keramamueblesdejardin.com\/wp-content\/uploads\/2022\/07\/L1530751-scaled.jpg\",\"datePublished\":\"2022-07-22T08:02:34+00:00\",\"dateModified\":\"2023-08-29T11:18:51+00:00\",\"breadcrumb\":{\"@id\":\"https:\/\/keramamueblesdejardin.com\/it\/ombrelloni-e-pergolati\/ombrelloni\/ombrellone-sospensione-struttura-antracite-tessuto-grigio-chiaro-25x25m-milano\/#breadcrumb\"},\"inLanguage\":\"it-IT\",\"potentialAction\":[{\"@type\":\"ReadAction\",\"target\":[\"https:\/\/keramamueblesdejardin.com\/it\/ombrelloni-e-pergolati\/ombrelloni\/ombrellone-sospensione-struttura-antracite-tessuto-grigio-chiaro-25x25m-milano\/\"]}]},{\"@type\":\"ImageObject\",\"inLanguage\":\"it-IT\",\"@id\":\"https:\/\/keramamueblesdejardin.com\/it\/ombrelloni-e-pergolati\/ombrelloni\/ombrellone-sospensione-struttura-antracite-tessuto-grigio-chiaro-25x25m-milano\/#primaryimage\",\"url\":\"https:\/\/keramamueblesdejardin.com\/wp-content\/uploads\/2022\/07\/L1530751-scaled.jpg\",\"contentUrl\":\"https:\/\/keramamueblesdejardin.com\/wp-content\/uploads\/2022\/07\/L1530751-scaled.jpg\",\"width\":2560,\"height\":1707},{\"@type\":\"BreadcrumbList\",\"@id\":\"https:\/\/keramamueblesdejardin.com\/it\/ombrelloni-e-pergolati\/ombrelloni\/ombrellone-sospensione-struttura-antracite-tessuto-grigio-chiaro-25x25m-milano\/#breadcrumb\",\"itemListElement\":[{\"@type\":\"ListItem\",\"position\":1,\"name\":\"Home\",\"item\":\"https:\/\/keramamueblesdejardin.com\/it\/\"},{\"@type\":\"ListItem\",\"position\":2,\"name\":\"Negozio\",\"item\":\"https:\/\/keramamueblesdejardin.com\/it\/negozio\/\"},{\"@type\":\"ListItem\",\"position\":3,\"name\":\"Ombrelloni e pergolati\",\"item\":\"https:\/\/keramamueblesdejardin.com\/it\/ombrelloni-e-pergolati\/\"},{\"@type\":\"ListItem\",\"position\":4,\"name\":\"Ombrelloni\",\"item\":\"https:\/\/keramamueblesdejardin.com\/it\/ombrelloni-e-pergolati\/ombrelloni\/\"},{\"@type\":\"ListItem\",\"position\":5,\"name\":\"Struttura ombrellone eccentrico antracite tessuto grigio chiaro 2,5&#215;2,5m &#8211; Milano\"}]},{\"@type\":\"WebSite\",\"@id\":\"https:\/\/keramamueblesdejardin.com\/it\/#website\",\"url\":\"https:\/\/keramamueblesdejardin.com\/it\/\",\"name\":\"Kerama\",\"description\":\"muebles de jard\u00edn\",\"publisher\":{\"@id\":\"https:\/\/keramamueblesdejardin.com\/it\/#organization\"},\"potentialAction\":[{\"@type\":\"SearchAction\",\"target\":{\"@type\":\"EntryPoint\",\"urlTemplate\":\"https:\/\/keramamueblesdejardin.com\/it\/?s={search_term_string}\"},\"query-input\":{\"@type\":\"PropertyValueSpecification\",\"valueRequired\":true,\"valueName\":\"search_term_string\"}}],\"inLanguage\":\"it-IT\"},{\"@type\":\"Organization\",\"@id\":\"https:\/\/keramamueblesdejardin.com\/it\/#organization\",\"name\":\"kerama\",\"url\":\"https:\/\/keramamueblesdejardin.com\/it\/\",\"logo\":{\"@type\":\"ImageObject\",\"inLanguage\":\"it-IT\",\"@id\":\"https:\/\/keramamueblesdejardin.com\/it\/#\/schema\/logo\/image\/\",\"url\":\"https:\/\/keramamueblesdejardin.com\/wp-content\/uploads\/2020\/12\/k.-scaled.jpg\",\"contentUrl\":\"https:\/\/keramamueblesdejardin.com\/wp-content\/uploads\/2020\/12\/k.-scaled.jpg\",\"width\":2560,\"height\":551,\"caption\":\"kerama\"},\"image\":{\"@id\":\"https:\/\/keramamueblesdejardin.com\/it\/#\/schema\/logo\/image\/\"},\"sameAs\":[\"https:\/\/www.facebook.com\/Kerama-Muebles-de-Jard\u00edn-106209328312568\/\"]}]}<\/script>\n<!-- \/ Yoast SEO plugin. -->","yoast_head_json":{"title":"Struttura ombrellone eccentrico antracite tessuto grigio chiaro 2,5x2,5m - Milano - Kerama","robots":{"index":"index","follow":"follow","max-snippet":"max-snippet:-1","max-image-preview":"max-image-preview:large","max-video-preview":"max-video-preview:-1"},"canonical":"https:\/\/keramamueblesdejardin.com\/it\/ombrelloni-e-pergolati\/ombrelloni\/ombrellone-sospensione-struttura-antracite-tessuto-grigio-chiaro-25x25m-milano\/","og_locale":"it_IT","og_type":"article","og_title":"Struttura ombrellone eccentrico antracite tessuto grigio chiaro 2,5x2,5m - Milano - Kerama","og_description":"Palo realizzato in alluminio antracite e struttura a 8 aste  Tessuto in poliestere grigio chiaro, idrorepellente  Include camino di ventilazione e manovella per aprire e chiudere l'ombrellone  L'ombrellone pu\u00f2 essere ruotato di 360 gradi e pu\u00f2 essere reclinato in altezza","og_url":"https:\/\/keramamueblesdejardin.com\/it\/ombrelloni-e-pergolati\/ombrelloni\/ombrellone-sospensione-struttura-antracite-tessuto-grigio-chiaro-25x25m-milano\/","og_site_name":"Kerama","article_publisher":"https:\/\/www.facebook.com\/Kerama-Muebles-de-Jard%c3%adn-106209328312568\/","article_modified_time":"2023-08-29T11:18:51+00:00","og_image":[{"width":2560,"height":1707,"url":"https:\/\/keramamueblesdejardin.com\/wp-content\/uploads\/2022\/07\/L1530751-scaled.jpg","type":"image\/jpeg"}],"twitter_card":"summary_large_image","twitter_misc":{"Tempo di lettura stimato":"1 minuto"},"schema":{"@context":"https:\/\/schema.org","@graph":[{"@type":"WebPage","@id":"https:\/\/keramamueblesdejardin.com\/it\/ombrelloni-e-pergolati\/ombrelloni\/ombrellone-sospensione-struttura-antracite-tessuto-grigio-chiaro-25x25m-milano\/","url":"https:\/\/keramamueblesdejardin.com\/it\/ombrelloni-e-pergolati\/ombrelloni\/ombrellone-sospensione-struttura-antracite-tessuto-grigio-chiaro-25x25m-milano\/","name":"Struttura ombrellone eccentrico antracite tessuto grigio chiaro 2,5x2,5m - Milano - Kerama","isPartOf":{"@id":"https:\/\/keramamueblesdejardin.com\/it\/#website"},"primaryImageOfPage":{"@id":"https:\/\/keramamueblesdejardin.com\/it\/ombrelloni-e-pergolati\/ombrelloni\/ombrellone-sospensione-struttura-antracite-tessuto-grigio-chiaro-25x25m-milano\/#primaryimage"},"image":{"@id":"https:\/\/keramamueblesdejardin.com\/it\/ombrelloni-e-pergolati\/ombrelloni\/ombrellone-sospensione-struttura-antracite-tessuto-grigio-chiaro-25x25m-milano\/#primaryimage"},"thumbnailUrl":"https:\/\/keramamueblesdejardin.com\/wp-content\/uploads\/2022\/07\/L1530751-scaled.jpg","datePublished":"2022-07-22T08:02:34+00:00","dateModified":"2023-08-29T11:18:51+00:00","breadcrumb":{"@id":"https:\/\/keramamueblesdejardin.com\/it\/ombrelloni-e-pergolati\/ombrelloni\/ombrellone-sospensione-struttura-antracite-tessuto-grigio-chiaro-25x25m-milano\/#breadcrumb"},"inLanguage":"it-IT","potentialAction":[{"@type":"ReadAction","target":["https:\/\/keramamueblesdejardin.com\/it\/ombrelloni-e-pergolati\/ombrelloni\/ombrellone-sospensione-struttura-antracite-tessuto-grigio-chiaro-25x25m-milano\/"]}]},{"@type":"ImageObject","inLanguage":"it-IT","@id":"https:\/\/keramamueblesdejardin.com\/it\/ombrelloni-e-pergolati\/ombrelloni\/ombrellone-sospensione-struttura-antracite-tessuto-grigio-chiaro-25x25m-milano\/#primaryimage","url":"https:\/\/keramamueblesdejardin.com\/wp-content\/uploads\/2022\/07\/L1530751-scaled.jpg","contentUrl":"https:\/\/keramamueblesdejardin.com\/wp-content\/uploads\/2022\/07\/L1530751-scaled.jpg","width":2560,"height":1707},{"@type":"BreadcrumbList","@id":"https:\/\/keramamueblesdejardin.com\/it\/ombrelloni-e-pergolati\/ombrelloni\/ombrellone-sospensione-struttura-antracite-tessuto-grigio-chiaro-25x25m-milano\/#breadcrumb","itemListElement":[{"@type":"ListItem","position":1,"name":"Home","item":"https:\/\/keramamueblesdejardin.com\/it\/"},{"@type":"ListItem","position":2,"name":"Negozio","item":"https:\/\/keramamueblesdejardin.com\/it\/negozio\/"},{"@type":"ListItem","position":3,"name":"Ombrelloni e pergolati","item":"https:\/\/keramamueblesdejardin.com\/it\/ombrelloni-e-pergolati\/"},{"@type":"ListItem","position":4,"name":"Ombrelloni","item":"https:\/\/keramamueblesdejardin.com\/it\/ombrelloni-e-pergolati\/ombrelloni\/"},{"@type":"ListItem","position":5,"name":"Struttura ombrellone eccentrico antracite tessuto grigio chiaro 2,5&#215;2,5m &#8211; Milano"}]},{"@type":"WebSite","@id":"https:\/\/keramamueblesdejardin.com\/it\/#website","url":"https:\/\/keramamueblesdejardin.com\/it\/","name":"Kerama","description":"muebles de jard\u00edn","publisher":{"@id":"https:\/\/keramamueblesdejardin.com\/it\/#organization"},"potentialAction":[{"@type":"SearchAction","target":{"@type":"EntryPoint","urlTemplate":"https:\/\/keramamueblesdejardin.com\/it\/?s={search_term_string}"},"query-input":{"@type":"PropertyValueSpecification","valueRequired":true,"valueName":"search_term_string"}}],"inLanguage":"it-IT"},{"@type":"Organization","@id":"https:\/\/keramamueblesdejardin.com\/it\/#organization","name":"kerama","url":"https:\/\/keramamueblesdejardin.com\/it\/","logo":{"@type":"ImageObject","inLanguage":"it-IT","@id":"https:\/\/keramamueblesdejardin.com\/it\/#\/schema\/logo\/image\/","url":"https:\/\/keramamueblesdejardin.com\/wp-content\/uploads\/2020\/12\/k.-scaled.jpg","contentUrl":"https:\/\/keramamueblesdejardin.com\/wp-content\/uploads\/2020\/12\/k.-scaled.jpg","width":2560,"height":551,"caption":"kerama"},"image":{"@id":"https:\/\/keramamueblesdejardin.com\/it\/#\/schema\/logo\/image\/"},"sameAs":["https:\/\/www.facebook.com\/Kerama-Muebles-de-Jard\u00edn-106209328312568\/"]}]}},"df_price":329,"df_sale_price":329,"df_regular_price":410,"df_image_link":"https:\/\/keramamueblesdejardin.com\/wp-content\/uploads\/2022\/07\/L1530751-300x200.jpg","custom_tabs":[{"title":"MISURAZIONE","id":"misurazione","content":"<div class=\"list\">\n<div class=\"list\"><strong>Altezza: <\/strong>240cm<\/div>\n<div class=\"list\"><strong>Larghezza: <\/strong>250 x 250cm<\/div>\n<div><strong>Dimensione albero: <\/strong>50 x 67mm<\/div>\n<div class=\"list\"><strong>Peso del prodotto: <\/strong>25kg<\/div>\n<\/div>"},{"title":"MANUTENZIONE E GARANZIE","id":"manutenzione-e-garanzie","content":"<div class=\"moz-signature\">\n<div class=\"list\"><strong>Raccomandazioni generali:<\/strong>\n\u2022 Guasti o danni causati da:\n\u2022 Cause accidentali come cadute, colpi, fuoriuscite di liquidi, introduzione di corpi estranei, nonch\u00e9 qualsiasi altra causa di forza maggiore.\n\u2022 Uso negligente, improprio o non domestico.\n\u2022 Danni, corrosione e\/o ossidazione accelerati da condizioni ambientali avverse\n\u2022 Macchie e scolorimenti dovuti al mancato rispetto delle nostre istruzioni di pulizia\n\u2022 Danni verificatisi durante il montaggio e la manipolazione senza aver seguito le istruzioni di montaggio indicate.\n<strong>Istruzioni per l'uso e la manutenzione:<\/strong>\n\u2022 Pulire delicatamente con l'aiuto di un panno o utilizzare un sapone liquido neutro, risciacquando con abbondante acqua.\n\u2022 Rimuovere regolarmente la polvere con l'aiuto di un panno morbido e acqua pulita.\n\u2022 Non utilizzare detergenti o prodotti abrasivi per la pulizia.\n<strong>Anni di garanzia:<\/strong> 3 anni\n<strong>Prodotto secondo lo standard:<\/strong> 581-1,581-2,581-3<\/div>\n<\/div>"}],"_links":{"self":[{"href":"https:\/\/keramamueblesdejardin.com\/it\/wp-json\/wp\/v2\/product\/86985","targetHints":{"allow":["GET"]}}],"collection":[{"href":"https:\/\/keramamueblesdejardin.com\/it\/wp-json\/wp\/v2\/product"}],"about":[{"href":"https:\/\/keramamueblesdejardin.com\/it\/wp-json\/wp\/v2\/types\/product"}],"replies":[{"embeddable":true,"href":"https:\/\/keramamueblesdejardin.com\/it\/wp-json\/wp\/v2\/comments?post=86985"}],"wp:featuredmedia":[{"embeddable":true,"href":"https:\/\/keramamueblesdejardin.com\/it\/wp-json\/wp\/v2\/media\/86946"}],"wp:attachment":[{"href":"https:\/\/keramamueblesdejardin.com\/it\/wp-json\/wp\/v2\/media?parent=86985"}],"wp:term":[{"taxonomy":"product_brand","embeddable":true,"href":"https:\/\/keramamueblesdejardin.com\/it\/wp-json\/wp\/v2\/product_brand?post=86985"},{"taxonomy":"product_cat","embeddable":true,"href":"https:\/\/keramamueblesdejardin.com\/it\/wp-json\/wp\/v2\/product_cat?post=86985"},{"taxonomy":"product_tag","embeddable":true,"href":"https:\/\/keramamueblesdejardin.com\/it\/wp-json\/wp\/v2\/product_tag?post=86985"}],"curies":[{"name":"wp","href":"https:\/\/api.w.org\/{rel}","templated":true}]}}