{"id":86962,"date":"2022-07-22T10:02:34","date_gmt":"2022-07-22T08:02:34","guid":{"rendered":"https:\/\/keramamueblesdejardin.com\/senza-categoria\/ombrellone-a-sospensione-imitazione-tessuto-legno-chiaro-taupe-3x3m-milano\/"},"modified":"2025-03-07T12:43:20","modified_gmt":"2025-03-07T11:43:20","slug":"ombrellone-sospeso-struttura-imitazione-legno-luce-tessuto-tortora-3x3m-milano","status":"publish","type":"product","link":"https:\/\/keramamueblesdejardin.com\/it\/ombrelloni-e-pergolati\/ombrelloni\/ombrellone-sospeso-struttura-imitazione-legno-luce-tessuto-tortora-3x3m-milano\/","title":{"rendered":"Ombrellone a sospensione imitazione tessuto legno chiaro taup\u00e9 3x3m &#8211; Milano"},"content":{"rendered":"<p>L&#8217;ombrellone sospeso Milano 3&#215;3 con gonna da esterno per giardino o terrazzo, ha un palo laterale molto robusto realizzato in alluminio imitando il legno chiaro. Il tessuto ha una bella finitura tortora, che \u00e8 idrorepellente, antimacchia e comprende anche un camino di ventilazione.<\/p>\n<p>Pu\u00f2 essere ruotato di 360 gradi ed \u00e8 inclinabile in altezza, il che consente di scegliere l&#8217;orientamento pi\u00f9 conveniente e ha una manovella che consente di aprire e chiudere l&#8217;ombrellone molto facilmente.<\/p>\n<p>L&#8217;ombrellone sospeso Milan ha una struttura resistente con un totale di 8 aste e un design elegante che lo rendono ideale per formare un insieme di giardino o terrazzo che si desidera mantenere durante tutto l&#8217;anno.<\/p>\n<ul>\n<li>Palo e aste in alluminio<\/li>\n<li>Tessuto 100% poliestere<\/li>\n<li>Utilizzo: all&#8217;aperto<\/li>\n<li>Altezza massima: 2.40m<\/li>\n<li>Rotazione a 360\u00ba<\/li>\n<li>Inclinabile in altezza: S\u00ec<\/li>\n<li>Rimovibile: S\u00ec<\/li>\n<li>Idrorepellente: S\u00ec<\/li>\n<li>Antimacchia; S\u00ec<\/li>\n<li>Tessuto con camino: S\u00ec<\/li>\n<li>Con gonna: S\u00ec<\/li>\n<li>Apertura \/ Chiusura con manovella: S\u00ec<\/li>\n<li>Peso del prodotto: 25 kg<\/li>\n<li>Dimensione albero: 53 x 77mm<\/li>\n<li>Dimensione asta: 14 x 24mm<\/li>\n<li>Numero di aste: 8<\/li>\n<li>Richiede un montaggio a bassa difficolt\u00e0<\/li>\n<li>Tappi di plastica sulle gambe per proteggere il pavimento<\/li>\n<\/ul>\n","protected":false},"excerpt":{"rendered":"<p>L&#8217;ombrellone sospeso Milano 3&#215;3 con gonna da esterno per giardino o terrazzo, ha un palo laterale molto robusto realizzato in alluminio imitando il legno chiaro. Il tessuto ha una bella finitura tortora, che \u00e8 idrorepellente, antimacchia e comprende anche un camino di ventilazione.<\/p>\n<p>Pu\u00f2 essere ruotato di 360 gradi ed \u00e8 inclinabile in altezza, il che consente di scegliere l&#8217;orientamento pi\u00f9 conveniente e ha una manovella che consente di aprire e chiudere l&#8217;ombrellone molto facilmente.<\/p>\n<p>L&#8217;ombrellone sospeso Milan ha una struttura resistente con un totale di 8 aste e un design elegante che lo rendono ideale per formare un insieme di giardino o terrazzo che si desidera mantenere durante tutto l&#8217;anno.<\/p>\n","protected":false},"featured_media":87009,"comment_status":"closed","ping_status":"closed","template":"","meta":{"_acf_changed":false},"product_brand":[],"product_cat":[2820,2819],"product_tag":[2901,2778,2981],"class_list":{"0":"post-86962","1":"product","2":"type-product","3":"status-publish","4":"has-post-thumbnail","6":"product_cat-ombrelloni","7":"product_cat-ombrelloni-e-pergolati","8":"product_tag-alluminio","9":"product_tag-ampi-spazi","10":"product_tag-milano","11":"product_shipping_class-envio-gratuito-it","12":"pa_forma-quadrato","13":"pa_material-alluminio","14":"pa_material-imitazione-legno","15":"pa_material-poliestere","17":"first","18":"instock","19":"sale","20":"purchasable","21":"product-type-simple","22":"add-to-wishlist-before_image"},"acf":[],"yoast_head":"<!-- This site is optimized with the Yoast SEO plugin v27.2 - https:\/\/yoast.com\/product\/yoast-seo-wordpress\/ -->\n<title>Ombrellone a sospensione imitazione tessuto legno chiaro taup\u00e9 3x3m - Milano - Kerama<\/title>\n<meta name=\"robots\" content=\"index, follow, max-snippet:-1, max-image-preview:large, max-video-preview:-1\" \/>\n<link rel=\"canonical\" href=\"https:\/\/keramamueblesdejardin.com\/it\/ombrelloni-e-pergolati\/ombrelloni\/ombrellone-sospeso-struttura-imitazione-legno-luce-tessuto-tortora-3x3m-milano\/\" \/>\n<meta property=\"og:locale\" content=\"it_IT\" \/>\n<meta property=\"og:type\" content=\"article\" \/>\n<meta property=\"og:title\" content=\"Ombrellone a sospensione imitazione tessuto legno chiaro taup\u00e9 3x3m - Milano - Kerama\" \/>\n<meta property=\"og:description\" content=\"L&#039;ombrellone sospeso Milano 3x3 con gonna da esterno per giardino o terrazzo, ha un palo laterale molto robusto realizzato in alluminio imitando il legno chiaro. Il tessuto ha una bella finitura tortora, che \u00e8 idrorepellente, antimacchia e comprende anche un camino di ventilazione. Pu\u00f2 essere ruotato di 360 gradi ed \u00e8 inclinabile in altezza, il che consente di scegliere l&#039;orientamento pi\u00f9 conveniente e ha una manovella che consente di aprire e chiudere l&#039;ombrellone molto facilmente. L&#039;ombrellone sospeso Milan ha una struttura resistente con un totale di 8 aste e un design elegante che lo rendono ideale per formare un insieme di giardino o terrazzo che si desidera mantenere durante tutto l&#039;anno.\" \/>\n<meta property=\"og:url\" content=\"https:\/\/keramamueblesdejardin.com\/it\/ombrelloni-e-pergolati\/ombrelloni\/ombrellone-sospeso-struttura-imitazione-legno-luce-tessuto-tortora-3x3m-milano\/\" \/>\n<meta property=\"og:site_name\" content=\"Kerama\" \/>\n<meta property=\"article:publisher\" content=\"https:\/\/www.facebook.com\/Kerama-Muebles-de-Jard%c3%adn-106209328312568\/\" \/>\n<meta property=\"article:modified_time\" content=\"2025-03-07T11:43:20+00:00\" \/>\n<meta property=\"og:image\" content=\"https:\/\/keramamueblesdejardin.com\/wp-content\/uploads\/2022\/07\/L1550048-scaled.jpg\" \/>\n\t<meta property=\"og:image:width\" content=\"2560\" \/>\n\t<meta property=\"og:image:height\" content=\"1707\" \/>\n\t<meta property=\"og:image:type\" content=\"image\/jpeg\" \/>\n<meta name=\"twitter:card\" content=\"summary_large_image\" \/>\n<meta name=\"twitter:label1\" content=\"Tempo di lettura stimato\" \/>\n\t<meta name=\"twitter:data1\" content=\"1 minuto\" \/>\n<script type=\"application\/ld+json\" class=\"yoast-schema-graph\">{\"@context\":\"https:\/\/schema.org\",\"@graph\":[{\"@type\":\"WebPage\",\"@id\":\"https:\/\/keramamueblesdejardin.com\/it\/ombrelloni-e-pergolati\/ombrelloni\/ombrellone-sospeso-struttura-imitazione-legno-luce-tessuto-tortora-3x3m-milano\/\",\"url\":\"https:\/\/keramamueblesdejardin.com\/it\/ombrelloni-e-pergolati\/ombrelloni\/ombrellone-sospeso-struttura-imitazione-legno-luce-tessuto-tortora-3x3m-milano\/\",\"name\":\"Ombrellone a sospensione imitazione tessuto legno chiaro taup\u00e9 3x3m - Milano - Kerama\",\"isPartOf\":{\"@id\":\"https:\/\/keramamueblesdejardin.com\/it\/#website\"},\"primaryImageOfPage\":{\"@id\":\"https:\/\/keramamueblesdejardin.com\/it\/ombrelloni-e-pergolati\/ombrelloni\/ombrellone-sospeso-struttura-imitazione-legno-luce-tessuto-tortora-3x3m-milano\/#primaryimage\"},\"image\":{\"@id\":\"https:\/\/keramamueblesdejardin.com\/it\/ombrelloni-e-pergolati\/ombrelloni\/ombrellone-sospeso-struttura-imitazione-legno-luce-tessuto-tortora-3x3m-milano\/#primaryimage\"},\"thumbnailUrl\":\"https:\/\/keramamueblesdejardin.com\/wp-content\/uploads\/2022\/07\/L1550048-scaled.jpg\",\"datePublished\":\"2022-07-22T08:02:34+00:00\",\"dateModified\":\"2025-03-07T11:43:20+00:00\",\"breadcrumb\":{\"@id\":\"https:\/\/keramamueblesdejardin.com\/it\/ombrelloni-e-pergolati\/ombrelloni\/ombrellone-sospeso-struttura-imitazione-legno-luce-tessuto-tortora-3x3m-milano\/#breadcrumb\"},\"inLanguage\":\"it-IT\",\"potentialAction\":[{\"@type\":\"ReadAction\",\"target\":[\"https:\/\/keramamueblesdejardin.com\/it\/ombrelloni-e-pergolati\/ombrelloni\/ombrellone-sospeso-struttura-imitazione-legno-luce-tessuto-tortora-3x3m-milano\/\"]}]},{\"@type\":\"ImageObject\",\"inLanguage\":\"it-IT\",\"@id\":\"https:\/\/keramamueblesdejardin.com\/it\/ombrelloni-e-pergolati\/ombrelloni\/ombrellone-sospeso-struttura-imitazione-legno-luce-tessuto-tortora-3x3m-milano\/#primaryimage\",\"url\":\"https:\/\/keramamueblesdejardin.com\/wp-content\/uploads\/2022\/07\/L1550048-scaled.jpg\",\"contentUrl\":\"https:\/\/keramamueblesdejardin.com\/wp-content\/uploads\/2022\/07\/L1550048-scaled.jpg\",\"width\":2560,\"height\":1707},{\"@type\":\"BreadcrumbList\",\"@id\":\"https:\/\/keramamueblesdejardin.com\/it\/ombrelloni-e-pergolati\/ombrelloni\/ombrellone-sospeso-struttura-imitazione-legno-luce-tessuto-tortora-3x3m-milano\/#breadcrumb\",\"itemListElement\":[{\"@type\":\"ListItem\",\"position\":1,\"name\":\"Home\",\"item\":\"https:\/\/keramamueblesdejardin.com\/it\/\"},{\"@type\":\"ListItem\",\"position\":2,\"name\":\"Negozio\",\"item\":\"https:\/\/keramamueblesdejardin.com\/it\/negozio\/\"},{\"@type\":\"ListItem\",\"position\":3,\"name\":\"Ombrelloni e pergolati\",\"item\":\"https:\/\/keramamueblesdejardin.com\/it\/ombrelloni-e-pergolati\/\"},{\"@type\":\"ListItem\",\"position\":4,\"name\":\"Ombrelloni\",\"item\":\"https:\/\/keramamueblesdejardin.com\/it\/ombrelloni-e-pergolati\/ombrelloni\/\"},{\"@type\":\"ListItem\",\"position\":5,\"name\":\"Ombrellone a sospensione imitazione tessuto legno chiaro taup\u00e9 3x3m &#8211; Milano\"}]},{\"@type\":\"WebSite\",\"@id\":\"https:\/\/keramamueblesdejardin.com\/it\/#website\",\"url\":\"https:\/\/keramamueblesdejardin.com\/it\/\",\"name\":\"Kerama\",\"description\":\"muebles de jard\u00edn\",\"publisher\":{\"@id\":\"https:\/\/keramamueblesdejardin.com\/it\/#organization\"},\"potentialAction\":[{\"@type\":\"SearchAction\",\"target\":{\"@type\":\"EntryPoint\",\"urlTemplate\":\"https:\/\/keramamueblesdejardin.com\/it\/?s={search_term_string}\"},\"query-input\":{\"@type\":\"PropertyValueSpecification\",\"valueRequired\":true,\"valueName\":\"search_term_string\"}}],\"inLanguage\":\"it-IT\"},{\"@type\":\"Organization\",\"@id\":\"https:\/\/keramamueblesdejardin.com\/it\/#organization\",\"name\":\"kerama\",\"url\":\"https:\/\/keramamueblesdejardin.com\/it\/\",\"logo\":{\"@type\":\"ImageObject\",\"inLanguage\":\"it-IT\",\"@id\":\"https:\/\/keramamueblesdejardin.com\/it\/#\/schema\/logo\/image\/\",\"url\":\"https:\/\/keramamueblesdejardin.com\/wp-content\/uploads\/2020\/12\/k.-scaled.jpg\",\"contentUrl\":\"https:\/\/keramamueblesdejardin.com\/wp-content\/uploads\/2020\/12\/k.-scaled.jpg\",\"width\":2560,\"height\":551,\"caption\":\"kerama\"},\"image\":{\"@id\":\"https:\/\/keramamueblesdejardin.com\/it\/#\/schema\/logo\/image\/\"},\"sameAs\":[\"https:\/\/www.facebook.com\/Kerama-Muebles-de-Jard\u00edn-106209328312568\/\"]}]}<\/script>\n<!-- \/ Yoast SEO plugin. -->","yoast_head_json":{"title":"Ombrellone a sospensione imitazione tessuto legno chiaro taup\u00e9 3x3m - Milano - Kerama","robots":{"index":"index","follow":"follow","max-snippet":"max-snippet:-1","max-image-preview":"max-image-preview:large","max-video-preview":"max-video-preview:-1"},"canonical":"https:\/\/keramamueblesdejardin.com\/it\/ombrelloni-e-pergolati\/ombrelloni\/ombrellone-sospeso-struttura-imitazione-legno-luce-tessuto-tortora-3x3m-milano\/","og_locale":"it_IT","og_type":"article","og_title":"Ombrellone a sospensione imitazione tessuto legno chiaro taup\u00e9 3x3m - Milano - Kerama","og_description":"L'ombrellone sospeso Milano 3x3 con gonna da esterno per giardino o terrazzo, ha un palo laterale molto robusto realizzato in alluminio imitando il legno chiaro. Il tessuto ha una bella finitura tortora, che \u00e8 idrorepellente, antimacchia e comprende anche un camino di ventilazione. Pu\u00f2 essere ruotato di 360 gradi ed \u00e8 inclinabile in altezza, il che consente di scegliere l'orientamento pi\u00f9 conveniente e ha una manovella che consente di aprire e chiudere l'ombrellone molto facilmente. L'ombrellone sospeso Milan ha una struttura resistente con un totale di 8 aste e un design elegante che lo rendono ideale per formare un insieme di giardino o terrazzo che si desidera mantenere durante tutto l'anno.","og_url":"https:\/\/keramamueblesdejardin.com\/it\/ombrelloni-e-pergolati\/ombrelloni\/ombrellone-sospeso-struttura-imitazione-legno-luce-tessuto-tortora-3x3m-milano\/","og_site_name":"Kerama","article_publisher":"https:\/\/www.facebook.com\/Kerama-Muebles-de-Jard%c3%adn-106209328312568\/","article_modified_time":"2025-03-07T11:43:20+00:00","og_image":[{"width":2560,"height":1707,"url":"https:\/\/keramamueblesdejardin.com\/wp-content\/uploads\/2022\/07\/L1550048-scaled.jpg","type":"image\/jpeg"}],"twitter_card":"summary_large_image","twitter_misc":{"Tempo di lettura stimato":"1 minuto"},"schema":{"@context":"https:\/\/schema.org","@graph":[{"@type":"WebPage","@id":"https:\/\/keramamueblesdejardin.com\/it\/ombrelloni-e-pergolati\/ombrelloni\/ombrellone-sospeso-struttura-imitazione-legno-luce-tessuto-tortora-3x3m-milano\/","url":"https:\/\/keramamueblesdejardin.com\/it\/ombrelloni-e-pergolati\/ombrelloni\/ombrellone-sospeso-struttura-imitazione-legno-luce-tessuto-tortora-3x3m-milano\/","name":"Ombrellone a sospensione imitazione tessuto legno chiaro taup\u00e9 3x3m - Milano - Kerama","isPartOf":{"@id":"https:\/\/keramamueblesdejardin.com\/it\/#website"},"primaryImageOfPage":{"@id":"https:\/\/keramamueblesdejardin.com\/it\/ombrelloni-e-pergolati\/ombrelloni\/ombrellone-sospeso-struttura-imitazione-legno-luce-tessuto-tortora-3x3m-milano\/#primaryimage"},"image":{"@id":"https:\/\/keramamueblesdejardin.com\/it\/ombrelloni-e-pergolati\/ombrelloni\/ombrellone-sospeso-struttura-imitazione-legno-luce-tessuto-tortora-3x3m-milano\/#primaryimage"},"thumbnailUrl":"https:\/\/keramamueblesdejardin.com\/wp-content\/uploads\/2022\/07\/L1550048-scaled.jpg","datePublished":"2022-07-22T08:02:34+00:00","dateModified":"2025-03-07T11:43:20+00:00","breadcrumb":{"@id":"https:\/\/keramamueblesdejardin.com\/it\/ombrelloni-e-pergolati\/ombrelloni\/ombrellone-sospeso-struttura-imitazione-legno-luce-tessuto-tortora-3x3m-milano\/#breadcrumb"},"inLanguage":"it-IT","potentialAction":[{"@type":"ReadAction","target":["https:\/\/keramamueblesdejardin.com\/it\/ombrelloni-e-pergolati\/ombrelloni\/ombrellone-sospeso-struttura-imitazione-legno-luce-tessuto-tortora-3x3m-milano\/"]}]},{"@type":"ImageObject","inLanguage":"it-IT","@id":"https:\/\/keramamueblesdejardin.com\/it\/ombrelloni-e-pergolati\/ombrelloni\/ombrellone-sospeso-struttura-imitazione-legno-luce-tessuto-tortora-3x3m-milano\/#primaryimage","url":"https:\/\/keramamueblesdejardin.com\/wp-content\/uploads\/2022\/07\/L1550048-scaled.jpg","contentUrl":"https:\/\/keramamueblesdejardin.com\/wp-content\/uploads\/2022\/07\/L1550048-scaled.jpg","width":2560,"height":1707},{"@type":"BreadcrumbList","@id":"https:\/\/keramamueblesdejardin.com\/it\/ombrelloni-e-pergolati\/ombrelloni\/ombrellone-sospeso-struttura-imitazione-legno-luce-tessuto-tortora-3x3m-milano\/#breadcrumb","itemListElement":[{"@type":"ListItem","position":1,"name":"Home","item":"https:\/\/keramamueblesdejardin.com\/it\/"},{"@type":"ListItem","position":2,"name":"Negozio","item":"https:\/\/keramamueblesdejardin.com\/it\/negozio\/"},{"@type":"ListItem","position":3,"name":"Ombrelloni e pergolati","item":"https:\/\/keramamueblesdejardin.com\/it\/ombrelloni-e-pergolati\/"},{"@type":"ListItem","position":4,"name":"Ombrelloni","item":"https:\/\/keramamueblesdejardin.com\/it\/ombrelloni-e-pergolati\/ombrelloni\/"},{"@type":"ListItem","position":5,"name":"Ombrellone a sospensione imitazione tessuto legno chiaro taup\u00e9 3x3m &#8211; Milano"}]},{"@type":"WebSite","@id":"https:\/\/keramamueblesdejardin.com\/it\/#website","url":"https:\/\/keramamueblesdejardin.com\/it\/","name":"Kerama","description":"muebles de jard\u00edn","publisher":{"@id":"https:\/\/keramamueblesdejardin.com\/it\/#organization"},"potentialAction":[{"@type":"SearchAction","target":{"@type":"EntryPoint","urlTemplate":"https:\/\/keramamueblesdejardin.com\/it\/?s={search_term_string}"},"query-input":{"@type":"PropertyValueSpecification","valueRequired":true,"valueName":"search_term_string"}}],"inLanguage":"it-IT"},{"@type":"Organization","@id":"https:\/\/keramamueblesdejardin.com\/it\/#organization","name":"kerama","url":"https:\/\/keramamueblesdejardin.com\/it\/","logo":{"@type":"ImageObject","inLanguage":"it-IT","@id":"https:\/\/keramamueblesdejardin.com\/it\/#\/schema\/logo\/image\/","url":"https:\/\/keramamueblesdejardin.com\/wp-content\/uploads\/2020\/12\/k.-scaled.jpg","contentUrl":"https:\/\/keramamueblesdejardin.com\/wp-content\/uploads\/2020\/12\/k.-scaled.jpg","width":2560,"height":551,"caption":"kerama"},"image":{"@id":"https:\/\/keramamueblesdejardin.com\/it\/#\/schema\/logo\/image\/"},"sameAs":["https:\/\/www.facebook.com\/Kerama-Muebles-de-Jard\u00edn-106209328312568\/"]}]}},"df_price":579,"df_sale_price":579,"df_regular_price":722,"df_image_link":"https:\/\/keramamueblesdejardin.com\/wp-content\/uploads\/2022\/07\/L1550048-300x200.jpg","custom_tabs":"","_links":{"self":[{"href":"https:\/\/keramamueblesdejardin.com\/it\/wp-json\/wp\/v2\/product\/86962","targetHints":{"allow":["GET"]}}],"collection":[{"href":"https:\/\/keramamueblesdejardin.com\/it\/wp-json\/wp\/v2\/product"}],"about":[{"href":"https:\/\/keramamueblesdejardin.com\/it\/wp-json\/wp\/v2\/types\/product"}],"replies":[{"embeddable":true,"href":"https:\/\/keramamueblesdejardin.com\/it\/wp-json\/wp\/v2\/comments?post=86962"}],"wp:featuredmedia":[{"embeddable":true,"href":"https:\/\/keramamueblesdejardin.com\/it\/wp-json\/wp\/v2\/media\/87009"}],"wp:attachment":[{"href":"https:\/\/keramamueblesdejardin.com\/it\/wp-json\/wp\/v2\/media?parent=86962"}],"wp:term":[{"taxonomy":"product_brand","embeddable":true,"href":"https:\/\/keramamueblesdejardin.com\/it\/wp-json\/wp\/v2\/product_brand?post=86962"},{"taxonomy":"product_cat","embeddable":true,"href":"https:\/\/keramamueblesdejardin.com\/it\/wp-json\/wp\/v2\/product_cat?post=86962"},{"taxonomy":"product_tag","embeddable":true,"href":"https:\/\/keramamueblesdejardin.com\/it\/wp-json\/wp\/v2\/product_tag?post=86962"}],"curies":[{"name":"wp","href":"https:\/\/api.w.org\/{rel}","templated":true}]}}