{"id":86917,"date":"2022-08-11T08:45:30","date_gmt":"2022-08-11T06:45:30","guid":{"rendered":"https:\/\/keramamueblesdejardin.com\/senza-categoria\/confezione-da-2-poltrone-poltrone-individuali-in-legno-di-acacia-chiaro-e-corda-nera-zanzibar\/"},"modified":"2023-08-30T09:58:57","modified_gmt":"2023-08-30T07:58:57","slug":"pack-of-2-poltrone-poltrone-individuali-clear-acacia-legno-e-corda-nera-zanzibar","status":"publish","type":"product","link":"https:\/\/keramamueblesdejardin.com\/it\/saloni-allaperto\/divani-da-giardino\/pack-of-2-poltrone-poltrone-individuali-clear-acacia-legno-e-corda-nera-zanzibar\/","title":{"rendered":"Confezione da 2 Poltrone \/ Poltrone individuali in legno di acacia chiaro e corda nera &#8211; Zanzibar"},"content":{"rendered":"<p>Pack di 2 Sedie\/Poltrone di riposo esterno realizzate con struttura in legno di acacia colore chiaro, corda di poliestere intrecciata a mano in nero e cuscini di colore antracite. I cuscini sia per la seduta che per lo schienale sono realizzati in poliestere antracite e sfoderabili. Il legno \u00e8 certificato FSC, garantendo cos\u00ec la gestione responsabile delle risorse forestali del pianeta dal punto di vista ambientale, sociale ed economico. Puoi combinarlo con i diversi elementi della famiglia Zanzibar per completare la tua terrazza o giardino e non perdere i dettagli.<\/p>\n","protected":false},"excerpt":{"rendered":"<ul>\n<li>2 Poltrone \/ Poltrone con struttura in legno di acacia chiara<\/li>\n<li>Corda in poliestere intrecciata a mano con cuscini neri e antracite<\/li>\n<li>Il legno \u00e8 certificato FSC<\/li>\n<li>Puoi combinarlo con i diversi elementi della famiglia Zanzibar<\/li>\n<\/ul>\n","protected":false},"featured_media":87026,"comment_status":"closed","ping_status":"closed","template":"","meta":{"_acf_changed":false},"product_brand":[],"product_cat":[2899,2812],"product_tag":[2778,2784,2777,2864],"class_list":{"0":"post-86917","1":"product","2":"type-product","3":"status-publish","4":"has-post-thumbnail","6":"product_cat-divani-da-giardino","7":"product_cat-saloni-allaperto","8":"product_tag-ampi-spazi","9":"product_tag-legno","10":"product_tag-riviera-it","11":"product_tag-zanzibar-it","12":"product_shipping_class-envio-gratuito-it","13":"pa_asientos-2-it","14":"pa_caracteristicas-bracciolo","15":"pa_coleccion-zanzibar-it","16":"pa_material-corda","17":"pa_material-legno-chiaro","19":"first","20":"instock","21":"sale","22":"purchasable","23":"product-type-simple","24":"add-to-wishlist-before_image"},"acf":[],"yoast_head":"<!-- This site is optimized with the Yoast SEO plugin v27.4 - https:\/\/yoast.com\/product\/yoast-seo-wordpress\/ -->\n<title>Confezione da 2 Poltrone \/ Poltrone individuali in legno di acacia chiaro e corda nera - Zanzibar - Kerama<\/title>\n<meta name=\"robots\" content=\"index, follow, max-snippet:-1, max-image-preview:large, max-video-preview:-1\" \/>\n<link rel=\"canonical\" href=\"https:\/\/keramamueblesdejardin.com\/it\/saloni-allaperto\/divani-da-giardino\/pack-of-2-poltrone-poltrone-individuali-clear-acacia-legno-e-corda-nera-zanzibar\/\" \/>\n<meta property=\"og:locale\" content=\"it_IT\" \/>\n<meta property=\"og:type\" content=\"article\" \/>\n<meta property=\"og:title\" content=\"Confezione da 2 Poltrone \/ Poltrone individuali in legno di acacia chiaro e corda nera - Zanzibar - Kerama\" \/>\n<meta property=\"og:description\" content=\"2 Poltrone \/ Poltrone con struttura in legno di acacia chiara  Corda in poliestere intrecciata a mano con cuscini neri e antracite  Il legno \u00e8 certificato FSC  Puoi combinarlo con i diversi elementi della famiglia Zanzibar\" \/>\n<meta property=\"og:url\" content=\"https:\/\/keramamueblesdejardin.com\/it\/saloni-allaperto\/divani-da-giardino\/pack-of-2-poltrone-poltrone-individuali-clear-acacia-legno-e-corda-nera-zanzibar\/\" \/>\n<meta property=\"og:site_name\" content=\"Kerama\" \/>\n<meta property=\"article:publisher\" content=\"https:\/\/www.facebook.com\/Kerama-Muebles-de-Jard%c3%adn-106209328312568\/\" \/>\n<meta property=\"article:modified_time\" content=\"2023-08-30T07:58:57+00:00\" \/>\n<meta property=\"og:image\" content=\"https:\/\/keramamueblesdejardin.com\/wp-content\/uploads\/2022\/08\/zanzibar-11-e1697452411834.jpg\" \/>\n\t<meta property=\"og:image:width\" content=\"1200\" \/>\n\t<meta property=\"og:image:height\" content=\"1200\" \/>\n\t<meta property=\"og:image:type\" content=\"image\/jpeg\" \/>\n<meta name=\"twitter:card\" content=\"summary_large_image\" \/>\n<script type=\"application\/ld+json\" class=\"yoast-schema-graph\">{\"@context\":\"https:\\\/\\\/schema.org\",\"@graph\":[{\"@type\":\"WebPage\",\"@id\":\"https:\\\/\\\/keramamueblesdejardin.com\\\/it\\\/saloni-allaperto\\\/divani-da-giardino\\\/pack-of-2-poltrone-poltrone-individuali-clear-acacia-legno-e-corda-nera-zanzibar\\\/\",\"url\":\"https:\\\/\\\/keramamueblesdejardin.com\\\/it\\\/saloni-allaperto\\\/divani-da-giardino\\\/pack-of-2-poltrone-poltrone-individuali-clear-acacia-legno-e-corda-nera-zanzibar\\\/\",\"name\":\"Confezione da 2 Poltrone \\\/ Poltrone individuali in legno di acacia chiaro e corda nera - Zanzibar - Kerama\",\"isPartOf\":{\"@id\":\"https:\\\/\\\/keramamueblesdejardin.com\\\/it\\\/#website\"},\"primaryImageOfPage\":{\"@id\":\"https:\\\/\\\/keramamueblesdejardin.com\\\/it\\\/saloni-allaperto\\\/divani-da-giardino\\\/pack-of-2-poltrone-poltrone-individuali-clear-acacia-legno-e-corda-nera-zanzibar\\\/#primaryimage\"},\"image\":{\"@id\":\"https:\\\/\\\/keramamueblesdejardin.com\\\/it\\\/saloni-allaperto\\\/divani-da-giardino\\\/pack-of-2-poltrone-poltrone-individuali-clear-acacia-legno-e-corda-nera-zanzibar\\\/#primaryimage\"},\"thumbnailUrl\":\"https:\\\/\\\/keramamueblesdejardin.com\\\/wp-content\\\/uploads\\\/2022\\\/08\\\/zanzibar-11-e1697452411834.jpg\",\"datePublished\":\"2022-08-11T06:45:30+00:00\",\"dateModified\":\"2023-08-30T07:58:57+00:00\",\"breadcrumb\":{\"@id\":\"https:\\\/\\\/keramamueblesdejardin.com\\\/it\\\/saloni-allaperto\\\/divani-da-giardino\\\/pack-of-2-poltrone-poltrone-individuali-clear-acacia-legno-e-corda-nera-zanzibar\\\/#breadcrumb\"},\"inLanguage\":\"it-IT\",\"potentialAction\":[{\"@type\":\"ReadAction\",\"target\":[\"https:\\\/\\\/keramamueblesdejardin.com\\\/it\\\/saloni-allaperto\\\/divani-da-giardino\\\/pack-of-2-poltrone-poltrone-individuali-clear-acacia-legno-e-corda-nera-zanzibar\\\/\"]}]},{\"@type\":\"ImageObject\",\"inLanguage\":\"it-IT\",\"@id\":\"https:\\\/\\\/keramamueblesdejardin.com\\\/it\\\/saloni-allaperto\\\/divani-da-giardino\\\/pack-of-2-poltrone-poltrone-individuali-clear-acacia-legno-e-corda-nera-zanzibar\\\/#primaryimage\",\"url\":\"https:\\\/\\\/keramamueblesdejardin.com\\\/wp-content\\\/uploads\\\/2022\\\/08\\\/zanzibar-11-e1697452411834.jpg\",\"contentUrl\":\"https:\\\/\\\/keramamueblesdejardin.com\\\/wp-content\\\/uploads\\\/2022\\\/08\\\/zanzibar-11-e1697452411834.jpg\",\"width\":1200,\"height\":1200},{\"@type\":\"BreadcrumbList\",\"@id\":\"https:\\\/\\\/keramamueblesdejardin.com\\\/it\\\/saloni-allaperto\\\/divani-da-giardino\\\/pack-of-2-poltrone-poltrone-individuali-clear-acacia-legno-e-corda-nera-zanzibar\\\/#breadcrumb\",\"itemListElement\":[{\"@type\":\"ListItem\",\"position\":1,\"name\":\"Home\",\"item\":\"https:\\\/\\\/keramamueblesdejardin.com\\\/it\\\/\"},{\"@type\":\"ListItem\",\"position\":2,\"name\":\"Negozio\",\"item\":\"https:\\\/\\\/keramamueblesdejardin.com\\\/it\\\/negozio\\\/\"},{\"@type\":\"ListItem\",\"position\":3,\"name\":\"Saloni all'aperto\",\"item\":\"https:\\\/\\\/keramamueblesdejardin.com\\\/it\\\/saloni-allaperto\\\/\"},{\"@type\":\"ListItem\",\"position\":4,\"name\":\"Divani da giardino\",\"item\":\"https:\\\/\\\/keramamueblesdejardin.com\\\/it\\\/saloni-allaperto\\\/divani-da-giardino\\\/\"},{\"@type\":\"ListItem\",\"position\":5,\"name\":\"Confezione da 2 Poltrone \\\/ Poltrone individuali in legno di acacia chiaro e corda nera &#8211; Zanzibar\"}]},{\"@type\":\"WebSite\",\"@id\":\"https:\\\/\\\/keramamueblesdejardin.com\\\/it\\\/#website\",\"url\":\"https:\\\/\\\/keramamueblesdejardin.com\\\/it\\\/\",\"name\":\"Kerama\",\"description\":\"muebles de jard\u00edn\",\"publisher\":{\"@id\":\"https:\\\/\\\/keramamueblesdejardin.com\\\/it\\\/#organization\"},\"potentialAction\":[{\"@type\":\"SearchAction\",\"target\":{\"@type\":\"EntryPoint\",\"urlTemplate\":\"https:\\\/\\\/keramamueblesdejardin.com\\\/it\\\/?s={search_term_string}\"},\"query-input\":{\"@type\":\"PropertyValueSpecification\",\"valueRequired\":true,\"valueName\":\"search_term_string\"}}],\"inLanguage\":\"it-IT\"},{\"@type\":\"Organization\",\"@id\":\"https:\\\/\\\/keramamueblesdejardin.com\\\/it\\\/#organization\",\"name\":\"kerama\",\"url\":\"https:\\\/\\\/keramamueblesdejardin.com\\\/it\\\/\",\"logo\":{\"@type\":\"ImageObject\",\"inLanguage\":\"it-IT\",\"@id\":\"https:\\\/\\\/keramamueblesdejardin.com\\\/it\\\/#\\\/schema\\\/logo\\\/image\\\/\",\"url\":\"https:\\\/\\\/keramamueblesdejardin.com\\\/wp-content\\\/uploads\\\/2020\\\/12\\\/k.-scaled.jpg\",\"contentUrl\":\"https:\\\/\\\/keramamueblesdejardin.com\\\/wp-content\\\/uploads\\\/2020\\\/12\\\/k.-scaled.jpg\",\"width\":2560,\"height\":551,\"caption\":\"kerama\"},\"image\":{\"@id\":\"https:\\\/\\\/keramamueblesdejardin.com\\\/it\\\/#\\\/schema\\\/logo\\\/image\\\/\"},\"sameAs\":[\"https:\\\/\\\/www.facebook.com\\\/Kerama-Muebles-de-Jard\u00edn-106209328312568\\\/\"]}]}<\/script>\n<!-- \/ Yoast SEO plugin. -->","yoast_head_json":{"title":"Confezione da 2 Poltrone \/ Poltrone individuali in legno di acacia chiaro e corda nera - Zanzibar - Kerama","robots":{"index":"index","follow":"follow","max-snippet":"max-snippet:-1","max-image-preview":"max-image-preview:large","max-video-preview":"max-video-preview:-1"},"canonical":"https:\/\/keramamueblesdejardin.com\/it\/saloni-allaperto\/divani-da-giardino\/pack-of-2-poltrone-poltrone-individuali-clear-acacia-legno-e-corda-nera-zanzibar\/","og_locale":"it_IT","og_type":"article","og_title":"Confezione da 2 Poltrone \/ Poltrone individuali in legno di acacia chiaro e corda nera - Zanzibar - Kerama","og_description":"2 Poltrone \/ Poltrone con struttura in legno di acacia chiara  Corda in poliestere intrecciata a mano con cuscini neri e antracite  Il legno \u00e8 certificato FSC  Puoi combinarlo con i diversi elementi della famiglia Zanzibar","og_url":"https:\/\/keramamueblesdejardin.com\/it\/saloni-allaperto\/divani-da-giardino\/pack-of-2-poltrone-poltrone-individuali-clear-acacia-legno-e-corda-nera-zanzibar\/","og_site_name":"Kerama","article_publisher":"https:\/\/www.facebook.com\/Kerama-Muebles-de-Jard%c3%adn-106209328312568\/","article_modified_time":"2023-08-30T07:58:57+00:00","og_image":[{"width":1200,"height":1200,"url":"https:\/\/keramamueblesdejardin.com\/wp-content\/uploads\/2022\/08\/zanzibar-11-e1697452411834.jpg","type":"image\/jpeg"}],"twitter_card":"summary_large_image","schema":{"@context":"https:\/\/schema.org","@graph":[{"@type":"WebPage","@id":"https:\/\/keramamueblesdejardin.com\/it\/saloni-allaperto\/divani-da-giardino\/pack-of-2-poltrone-poltrone-individuali-clear-acacia-legno-e-corda-nera-zanzibar\/","url":"https:\/\/keramamueblesdejardin.com\/it\/saloni-allaperto\/divani-da-giardino\/pack-of-2-poltrone-poltrone-individuali-clear-acacia-legno-e-corda-nera-zanzibar\/","name":"Confezione da 2 Poltrone \/ Poltrone individuali in legno di acacia chiaro e corda nera - Zanzibar - Kerama","isPartOf":{"@id":"https:\/\/keramamueblesdejardin.com\/it\/#website"},"primaryImageOfPage":{"@id":"https:\/\/keramamueblesdejardin.com\/it\/saloni-allaperto\/divani-da-giardino\/pack-of-2-poltrone-poltrone-individuali-clear-acacia-legno-e-corda-nera-zanzibar\/#primaryimage"},"image":{"@id":"https:\/\/keramamueblesdejardin.com\/it\/saloni-allaperto\/divani-da-giardino\/pack-of-2-poltrone-poltrone-individuali-clear-acacia-legno-e-corda-nera-zanzibar\/#primaryimage"},"thumbnailUrl":"https:\/\/keramamueblesdejardin.com\/wp-content\/uploads\/2022\/08\/zanzibar-11-e1697452411834.jpg","datePublished":"2022-08-11T06:45:30+00:00","dateModified":"2023-08-30T07:58:57+00:00","breadcrumb":{"@id":"https:\/\/keramamueblesdejardin.com\/it\/saloni-allaperto\/divani-da-giardino\/pack-of-2-poltrone-poltrone-individuali-clear-acacia-legno-e-corda-nera-zanzibar\/#breadcrumb"},"inLanguage":"it-IT","potentialAction":[{"@type":"ReadAction","target":["https:\/\/keramamueblesdejardin.com\/it\/saloni-allaperto\/divani-da-giardino\/pack-of-2-poltrone-poltrone-individuali-clear-acacia-legno-e-corda-nera-zanzibar\/"]}]},{"@type":"ImageObject","inLanguage":"it-IT","@id":"https:\/\/keramamueblesdejardin.com\/it\/saloni-allaperto\/divani-da-giardino\/pack-of-2-poltrone-poltrone-individuali-clear-acacia-legno-e-corda-nera-zanzibar\/#primaryimage","url":"https:\/\/keramamueblesdejardin.com\/wp-content\/uploads\/2022\/08\/zanzibar-11-e1697452411834.jpg","contentUrl":"https:\/\/keramamueblesdejardin.com\/wp-content\/uploads\/2022\/08\/zanzibar-11-e1697452411834.jpg","width":1200,"height":1200},{"@type":"BreadcrumbList","@id":"https:\/\/keramamueblesdejardin.com\/it\/saloni-allaperto\/divani-da-giardino\/pack-of-2-poltrone-poltrone-individuali-clear-acacia-legno-e-corda-nera-zanzibar\/#breadcrumb","itemListElement":[{"@type":"ListItem","position":1,"name":"Home","item":"https:\/\/keramamueblesdejardin.com\/it\/"},{"@type":"ListItem","position":2,"name":"Negozio","item":"https:\/\/keramamueblesdejardin.com\/it\/negozio\/"},{"@type":"ListItem","position":3,"name":"Saloni all'aperto","item":"https:\/\/keramamueblesdejardin.com\/it\/saloni-allaperto\/"},{"@type":"ListItem","position":4,"name":"Divani da giardino","item":"https:\/\/keramamueblesdejardin.com\/it\/saloni-allaperto\/divani-da-giardino\/"},{"@type":"ListItem","position":5,"name":"Confezione da 2 Poltrone \/ Poltrone individuali in legno di acacia chiaro e corda nera &#8211; Zanzibar"}]},{"@type":"WebSite","@id":"https:\/\/keramamueblesdejardin.com\/it\/#website","url":"https:\/\/keramamueblesdejardin.com\/it\/","name":"Kerama","description":"muebles de jard\u00edn","publisher":{"@id":"https:\/\/keramamueblesdejardin.com\/it\/#organization"},"potentialAction":[{"@type":"SearchAction","target":{"@type":"EntryPoint","urlTemplate":"https:\/\/keramamueblesdejardin.com\/it\/?s={search_term_string}"},"query-input":{"@type":"PropertyValueSpecification","valueRequired":true,"valueName":"search_term_string"}}],"inLanguage":"it-IT"},{"@type":"Organization","@id":"https:\/\/keramamueblesdejardin.com\/it\/#organization","name":"kerama","url":"https:\/\/keramamueblesdejardin.com\/it\/","logo":{"@type":"ImageObject","inLanguage":"it-IT","@id":"https:\/\/keramamueblesdejardin.com\/it\/#\/schema\/logo\/image\/","url":"https:\/\/keramamueblesdejardin.com\/wp-content\/uploads\/2020\/12\/k.-scaled.jpg","contentUrl":"https:\/\/keramamueblesdejardin.com\/wp-content\/uploads\/2020\/12\/k.-scaled.jpg","width":2560,"height":551,"caption":"kerama"},"image":{"@id":"https:\/\/keramamueblesdejardin.com\/it\/#\/schema\/logo\/image\/"},"sameAs":["https:\/\/www.facebook.com\/Kerama-Muebles-de-Jard\u00edn-106209328312568\/"]}]}},"df_price":649,"df_sale_price":649,"df_regular_price":753,"df_image_link":"https:\/\/keramamueblesdejardin.com\/wp-content\/uploads\/2022\/08\/zanzibar-11-300x300.jpg","custom_tabs":[{"title":"MISURAZIONE","id":"misurazione","content":"<div class=\"list\"><strong>Altezza:<\/strong> 68.5 cm\n<strong>Profondit\u00e0:<\/strong> 79 cm\n<strong>Lunghezza<\/strong>: 73 cm<\/div>"},{"title":"DISIMBALLAGGIO E MONTAGGIO","id":"disimballaggio-e-assemblaggio","content":"<div class=\"list\"><strong>Raccomandazioni per il disimballaggio:<\/strong> Non utilizzare utensili affilati durante il disimballaggio dei mobili in quanto potrebbe causare danni\n<strong>Richiede il montaggio (s\u00ec\/no):<\/strong> S\u00ec\n<strong>Difficolt\u00e0 di montaggio:<\/strong> Bassa\nTempo di montaggio: 30 minuti\n<strong>Persone consigliate per il montaggio:<\/strong> 2\n<strong>Suggerimenti di montaggio:<\/strong> Preparare un'area di assemblaggio pulita e asciutta, verificare che nessuna delle parti indicate nel manuale manchi. Si consiglia di indossare guanti adatti al montaggio. Utilizzare solo le parti e l'hardware in dotazione.<\/div>"},{"title":"MANUTENZIONE E GARANZIE","id":"manutenzione-e-garanzie","content":"<strong>Raccomandazioni generali:<\/strong>\n\u2022 Guasti o danni causati da:\n\u2022 Cause accidentali come cadute, colpi, fuoriuscite di liquidi, introduzione di corpi estranei, nonch\u00e9 qualsiasi altra causa di forza maggiore.\n\u2022 Uso negligente, improprio o non domestico.\n\u2022 Danni, corrosione e\/o ossidazione accelerati da condizioni ambientali avverse\n\u2022 Macchie e scolorimenti dovuti al mancato rispetto delle nostre istruzioni di pulizia\n\u2022 Danni verificatisi durante il montaggio e la manipolazione senza aver seguito le istruzioni di montaggio indicate.\n<strong>Istruzioni per l'uso e la manutenzione:<\/strong>\n\u2022 Pulire delicatamente con l'aiuto di un panno o utilizzare un sapone liquido neutro, risciacquando con abbondante acqua.\n\u2022 Rimuovere regolarmente la polvere con l'aiuto di un panno morbido e acqua pulita.\n\u2022 Non utilizzare detergenti o prodotti abrasivi per la pulizia.\n\u2022 Trattamento con olio di lino: Prima di applicare uno strato di olio di lino sul prodotto allo stato naturale \u00e8 consigliabile lasciarlo all'esterno per 2 o 3 settimane, in modo da assumere un aspetto omogeneo e aerarlo. Pulire con acqua pulita usando un pennello e lasciare asciugare. Una volta ben asciutto, va carteggiato con una carta vetrata di grammatura tra 120 e 150 con cura e senza stringere, seguendo, per quanto possibile, la direzione delle vene; Questa operazione non viene mai eseguita nelle prime ore del giorno.\nPer mantenere il colore \u00e8 consigliabile ripetere il processo una o due volte l'anno.\nSe l'olio di lino \u00e8 gi\u00e0 stato applicato ai mobili \u00e8 consigliabile carteggiarlo ogni tre anni in modo che gli strati successivi di olio non impediscano la traspirazione del legno.\n<strong>Anni di garanzia:<\/strong> 3 anni\n<strong>Prodotto secondo lo standard:<\/strong> 581-1,581-2,581-3\n<strong>Certificazione FSC (s\u00ec\/no):<\/strong> S\u00ec"}],"_links":{"self":[{"href":"https:\/\/keramamueblesdejardin.com\/it\/wp-json\/wp\/v2\/product\/86917","targetHints":{"allow":["GET"]}}],"collection":[{"href":"https:\/\/keramamueblesdejardin.com\/it\/wp-json\/wp\/v2\/product"}],"about":[{"href":"https:\/\/keramamueblesdejardin.com\/it\/wp-json\/wp\/v2\/types\/product"}],"replies":[{"embeddable":true,"href":"https:\/\/keramamueblesdejardin.com\/it\/wp-json\/wp\/v2\/comments?post=86917"}],"wp:featuredmedia":[{"embeddable":true,"href":"https:\/\/keramamueblesdejardin.com\/it\/wp-json\/wp\/v2\/media\/87026"}],"wp:attachment":[{"href":"https:\/\/keramamueblesdejardin.com\/it\/wp-json\/wp\/v2\/media?parent=86917"}],"wp:term":[{"taxonomy":"product_brand","embeddable":true,"href":"https:\/\/keramamueblesdejardin.com\/it\/wp-json\/wp\/v2\/product_brand?post=86917"},{"taxonomy":"product_cat","embeddable":true,"href":"https:\/\/keramamueblesdejardin.com\/it\/wp-json\/wp\/v2\/product_cat?post=86917"},{"taxonomy":"product_tag","embeddable":true,"href":"https:\/\/keramamueblesdejardin.com\/it\/wp-json\/wp\/v2\/product_tag?post=86917"}],"curies":[{"name":"wp","href":"https:\/\/api.w.org\/{rel}","templated":true}]}}