{"id":86895,"date":"2022-08-11T08:45:30","date_gmt":"2022-08-11T06:45:30","guid":{"rendered":"https:\/\/keramamueblesdejardin.com\/senza-categoria\/set-giardino-angolare-2-poltrone-in-rattan-sintetico-e-acciaio-con-tavolo-alto-verona\/"},"modified":"2024-08-08T14:06:26","modified_gmt":"2024-08-08T12:06:26","slug":"set-di-giardino-angolo-2-poltrone-di-ratan-sintetico-e-acciaio-con-tavolo-alto-verona","status":"publish","type":"product","link":"https:\/\/keramamueblesdejardin.com\/it\/saloni-allaperto\/set-da-giardino\/set-di-giardino-angolo-2-poltrone-di-ratan-sintetico-e-acciaio-con-tavolo-alto-verona\/","title":{"rendered":"Set giardino angolare + 2 poltrone in rattan sintetico e acciaio con tavolo alto \u2013 Verona"},"content":{"rendered":"<p>Il set di arredi per esterni per giardino o terrazza Verona \u00e8 realizzato in acciaio rivestito in rattan sintetico beige, offrendo eleganza e comfort.<\/p>\n<p>Il set ha una capacit\u00e0 di 8 persone, poich\u00e9 ha un set di 6 posti + 2 posti singoli con cuscini rimovibili. Il tavolo \u00e8 alto polywood con il dettaglio del ripiano inferiore per una completa usabilit\u00e0.<\/p>\n<p>I materiali del set sono resistenti e facili da pulire ma allo stesso tempo, grazie alla sua costruzione leggera, tutti i pezzi possono essere spostati facilmente.<\/p>\n<p>Il modello Verona creer\u00e0 un&#8217;area relax per le notti estive con la famiglia e gli amici, privilegiando il comfort grazie alle sedute imbottite.<\/p>\n<p>Inoltre, puoi combinare questo set con i diversi elementi che compongono la famiglia Verona e per i mesi pi\u00f9 freddi puoi consultare la gamma di coperture per averle completamente protette.<\/p>\n","protected":false},"excerpt":{"rendered":"<ul>\n<li>Struttura in acciaio e imitazione naturale del rattan sintetico<\/li>\n<li>1 set angolare + 2 poltrone + tavolo alto con piano in polilegno e portariviste<\/li>\n<li>Cuscini sfoderabili, color sabbia<\/li>\n<li>Puoi abbinarlo ad altri elementi della famiglia Verona<\/li>\n<\/ul>\n","protected":false},"featured_media":86935,"comment_status":"closed","ping_status":"closed","template":"","meta":{"_acf_changed":false},"product_brand":[],"product_cat":[2812,2806],"product_tag":[],"class_list":{"0":"post-86895","1":"product","2":"type-product","3":"status-publish","4":"has-post-thumbnail","6":"product_cat-saloni-allaperto","7":"product_cat-set-da-giardino","8":"product_shipping_class-envio-gratuito-it","9":"pa_ancho-269-it","10":"pa_asientos-7-it","11":"pa_caracteristicas-angolo","12":"pa_caracteristicas-coperture-lavabili","13":"pa_coleccion-verona-it","14":"pa_forma-angolo","15":"pa_largo-343-it","16":"pa_m2-923-it","17":"pa_material-acciaio","18":"pa_material-rattan","19":"pa_tamano-espacio-grande-it","21":"first","22":"outofstock","23":"sale","24":"purchasable","25":"product-type-simple","26":"add-to-wishlist-before_image"},"acf":[],"yoast_head":"<!-- This site is optimized with the Yoast SEO plugin v27.2 - https:\/\/yoast.com\/product\/yoast-seo-wordpress\/ -->\n<title>Set giardino angolare + 2 poltrone in rattan sintetico e acciaio con tavolo alto \u2013 Verona - Kerama<\/title>\n<meta name=\"robots\" content=\"index, follow, max-snippet:-1, max-image-preview:large, max-video-preview:-1\" \/>\n<link rel=\"canonical\" href=\"https:\/\/keramamueblesdejardin.com\/it\/saloni-allaperto\/set-da-giardino\/set-di-giardino-angolo-2-poltrone-di-ratan-sintetico-e-acciaio-con-tavolo-alto-verona\/\" \/>\n<meta property=\"og:locale\" content=\"it_IT\" \/>\n<meta property=\"og:type\" content=\"article\" \/>\n<meta property=\"og:title\" content=\"Set giardino angolare + 2 poltrone in rattan sintetico e acciaio con tavolo alto \u2013 Verona - Kerama\" \/>\n<meta property=\"og:description\" content=\"Struttura in acciaio e imitazione naturale del rattan sintetico  1 set angolare + 2 poltrone + tavolo alto con piano in polilegno e portariviste  Cuscini sfoderabili, color sabbia  Puoi abbinarlo ad altri elementi della famiglia Verona\" \/>\n<meta property=\"og:url\" content=\"https:\/\/keramamueblesdejardin.com\/it\/saloni-allaperto\/set-da-giardino\/set-di-giardino-angolo-2-poltrone-di-ratan-sintetico-e-acciaio-con-tavolo-alto-verona\/\" \/>\n<meta property=\"og:site_name\" content=\"Kerama\" \/>\n<meta property=\"article:publisher\" content=\"https:\/\/www.facebook.com\/Kerama-Muebles-de-Jard%c3%adn-106209328312568\/\" \/>\n<meta property=\"article:modified_time\" content=\"2024-08-08T12:06:26+00:00\" \/>\n<meta property=\"og:image\" content=\"https:\/\/keramamueblesdejardin.com\/wp-content\/uploads\/2022\/08\/verona-6-e1697452547777.jpg\" \/>\n\t<meta property=\"og:image:width\" content=\"1200\" \/>\n\t<meta property=\"og:image:height\" content=\"1200\" \/>\n\t<meta property=\"og:image:type\" content=\"image\/jpeg\" \/>\n<meta name=\"twitter:card\" content=\"summary_large_image\" \/>\n<meta name=\"twitter:label1\" content=\"Tempo di lettura stimato\" \/>\n\t<meta name=\"twitter:data1\" content=\"1 minuto\" \/>\n<script type=\"application\/ld+json\" class=\"yoast-schema-graph\">{\"@context\":\"https:\/\/schema.org\",\"@graph\":[{\"@type\":\"WebPage\",\"@id\":\"https:\/\/keramamueblesdejardin.com\/it\/saloni-allaperto\/set-da-giardino\/set-di-giardino-angolo-2-poltrone-di-ratan-sintetico-e-acciaio-con-tavolo-alto-verona\/\",\"url\":\"https:\/\/keramamueblesdejardin.com\/it\/saloni-allaperto\/set-da-giardino\/set-di-giardino-angolo-2-poltrone-di-ratan-sintetico-e-acciaio-con-tavolo-alto-verona\/\",\"name\":\"Set giardino angolare + 2 poltrone in rattan sintetico e acciaio con tavolo alto \u2013 Verona - Kerama\",\"isPartOf\":{\"@id\":\"https:\/\/keramamueblesdejardin.com\/it\/#website\"},\"primaryImageOfPage\":{\"@id\":\"https:\/\/keramamueblesdejardin.com\/it\/saloni-allaperto\/set-da-giardino\/set-di-giardino-angolo-2-poltrone-di-ratan-sintetico-e-acciaio-con-tavolo-alto-verona\/#primaryimage\"},\"image\":{\"@id\":\"https:\/\/keramamueblesdejardin.com\/it\/saloni-allaperto\/set-da-giardino\/set-di-giardino-angolo-2-poltrone-di-ratan-sintetico-e-acciaio-con-tavolo-alto-verona\/#primaryimage\"},\"thumbnailUrl\":\"https:\/\/keramamueblesdejardin.com\/wp-content\/uploads\/2022\/08\/verona-6-e1697452547777.jpg\",\"datePublished\":\"2022-08-11T06:45:30+00:00\",\"dateModified\":\"2024-08-08T12:06:26+00:00\",\"breadcrumb\":{\"@id\":\"https:\/\/keramamueblesdejardin.com\/it\/saloni-allaperto\/set-da-giardino\/set-di-giardino-angolo-2-poltrone-di-ratan-sintetico-e-acciaio-con-tavolo-alto-verona\/#breadcrumb\"},\"inLanguage\":\"it-IT\",\"potentialAction\":[{\"@type\":\"ReadAction\",\"target\":[\"https:\/\/keramamueblesdejardin.com\/it\/saloni-allaperto\/set-da-giardino\/set-di-giardino-angolo-2-poltrone-di-ratan-sintetico-e-acciaio-con-tavolo-alto-verona\/\"]}]},{\"@type\":\"ImageObject\",\"inLanguage\":\"it-IT\",\"@id\":\"https:\/\/keramamueblesdejardin.com\/it\/saloni-allaperto\/set-da-giardino\/set-di-giardino-angolo-2-poltrone-di-ratan-sintetico-e-acciaio-con-tavolo-alto-verona\/#primaryimage\",\"url\":\"https:\/\/keramamueblesdejardin.com\/wp-content\/uploads\/2022\/08\/verona-6-e1697452547777.jpg\",\"contentUrl\":\"https:\/\/keramamueblesdejardin.com\/wp-content\/uploads\/2022\/08\/verona-6-e1697452547777.jpg\",\"width\":1200,\"height\":1200},{\"@type\":\"BreadcrumbList\",\"@id\":\"https:\/\/keramamueblesdejardin.com\/it\/saloni-allaperto\/set-da-giardino\/set-di-giardino-angolo-2-poltrone-di-ratan-sintetico-e-acciaio-con-tavolo-alto-verona\/#breadcrumb\",\"itemListElement\":[{\"@type\":\"ListItem\",\"position\":1,\"name\":\"Home\",\"item\":\"https:\/\/keramamueblesdejardin.com\/it\/\"},{\"@type\":\"ListItem\",\"position\":2,\"name\":\"Negozio\",\"item\":\"https:\/\/keramamueblesdejardin.com\/it\/negozio\/\"},{\"@type\":\"ListItem\",\"position\":3,\"name\":\"Saloni all'aperto\",\"item\":\"https:\/\/keramamueblesdejardin.com\/it\/saloni-allaperto\/\"},{\"@type\":\"ListItem\",\"position\":4,\"name\":\"Set da giardino\",\"item\":\"https:\/\/keramamueblesdejardin.com\/it\/saloni-allaperto\/set-da-giardino\/\"},{\"@type\":\"ListItem\",\"position\":5,\"name\":\"Set giardino angolare + 2 poltrone in rattan sintetico e acciaio con tavolo alto \u2013 Verona\"}]},{\"@type\":\"WebSite\",\"@id\":\"https:\/\/keramamueblesdejardin.com\/it\/#website\",\"url\":\"https:\/\/keramamueblesdejardin.com\/it\/\",\"name\":\"Kerama\",\"description\":\"muebles de jard\u00edn\",\"publisher\":{\"@id\":\"https:\/\/keramamueblesdejardin.com\/it\/#organization\"},\"potentialAction\":[{\"@type\":\"SearchAction\",\"target\":{\"@type\":\"EntryPoint\",\"urlTemplate\":\"https:\/\/keramamueblesdejardin.com\/it\/?s={search_term_string}\"},\"query-input\":{\"@type\":\"PropertyValueSpecification\",\"valueRequired\":true,\"valueName\":\"search_term_string\"}}],\"inLanguage\":\"it-IT\"},{\"@type\":\"Organization\",\"@id\":\"https:\/\/keramamueblesdejardin.com\/it\/#organization\",\"name\":\"kerama\",\"url\":\"https:\/\/keramamueblesdejardin.com\/it\/\",\"logo\":{\"@type\":\"ImageObject\",\"inLanguage\":\"it-IT\",\"@id\":\"https:\/\/keramamueblesdejardin.com\/it\/#\/schema\/logo\/image\/\",\"url\":\"https:\/\/keramamueblesdejardin.com\/wp-content\/uploads\/2020\/12\/k.-scaled.jpg\",\"contentUrl\":\"https:\/\/keramamueblesdejardin.com\/wp-content\/uploads\/2020\/12\/k.-scaled.jpg\",\"width\":2560,\"height\":551,\"caption\":\"kerama\"},\"image\":{\"@id\":\"https:\/\/keramamueblesdejardin.com\/it\/#\/schema\/logo\/image\/\"},\"sameAs\":[\"https:\/\/www.facebook.com\/Kerama-Muebles-de-Jard\u00edn-106209328312568\/\"]}]}<\/script>\n<!-- \/ Yoast SEO plugin. -->","yoast_head_json":{"title":"Set giardino angolare + 2 poltrone in rattan sintetico e acciaio con tavolo alto \u2013 Verona - Kerama","robots":{"index":"index","follow":"follow","max-snippet":"max-snippet:-1","max-image-preview":"max-image-preview:large","max-video-preview":"max-video-preview:-1"},"canonical":"https:\/\/keramamueblesdejardin.com\/it\/saloni-allaperto\/set-da-giardino\/set-di-giardino-angolo-2-poltrone-di-ratan-sintetico-e-acciaio-con-tavolo-alto-verona\/","og_locale":"it_IT","og_type":"article","og_title":"Set giardino angolare + 2 poltrone in rattan sintetico e acciaio con tavolo alto \u2013 Verona - Kerama","og_description":"Struttura in acciaio e imitazione naturale del rattan sintetico  1 set angolare + 2 poltrone + tavolo alto con piano in polilegno e portariviste  Cuscini sfoderabili, color sabbia  Puoi abbinarlo ad altri elementi della famiglia Verona","og_url":"https:\/\/keramamueblesdejardin.com\/it\/saloni-allaperto\/set-da-giardino\/set-di-giardino-angolo-2-poltrone-di-ratan-sintetico-e-acciaio-con-tavolo-alto-verona\/","og_site_name":"Kerama","article_publisher":"https:\/\/www.facebook.com\/Kerama-Muebles-de-Jard%c3%adn-106209328312568\/","article_modified_time":"2024-08-08T12:06:26+00:00","og_image":[{"width":1200,"height":1200,"url":"https:\/\/keramamueblesdejardin.com\/wp-content\/uploads\/2022\/08\/verona-6-e1697452547777.jpg","type":"image\/jpeg"}],"twitter_card":"summary_large_image","twitter_misc":{"Tempo di lettura stimato":"1 minuto"},"schema":{"@context":"https:\/\/schema.org","@graph":[{"@type":"WebPage","@id":"https:\/\/keramamueblesdejardin.com\/it\/saloni-allaperto\/set-da-giardino\/set-di-giardino-angolo-2-poltrone-di-ratan-sintetico-e-acciaio-con-tavolo-alto-verona\/","url":"https:\/\/keramamueblesdejardin.com\/it\/saloni-allaperto\/set-da-giardino\/set-di-giardino-angolo-2-poltrone-di-ratan-sintetico-e-acciaio-con-tavolo-alto-verona\/","name":"Set giardino angolare + 2 poltrone in rattan sintetico e acciaio con tavolo alto \u2013 Verona - Kerama","isPartOf":{"@id":"https:\/\/keramamueblesdejardin.com\/it\/#website"},"primaryImageOfPage":{"@id":"https:\/\/keramamueblesdejardin.com\/it\/saloni-allaperto\/set-da-giardino\/set-di-giardino-angolo-2-poltrone-di-ratan-sintetico-e-acciaio-con-tavolo-alto-verona\/#primaryimage"},"image":{"@id":"https:\/\/keramamueblesdejardin.com\/it\/saloni-allaperto\/set-da-giardino\/set-di-giardino-angolo-2-poltrone-di-ratan-sintetico-e-acciaio-con-tavolo-alto-verona\/#primaryimage"},"thumbnailUrl":"https:\/\/keramamueblesdejardin.com\/wp-content\/uploads\/2022\/08\/verona-6-e1697452547777.jpg","datePublished":"2022-08-11T06:45:30+00:00","dateModified":"2024-08-08T12:06:26+00:00","breadcrumb":{"@id":"https:\/\/keramamueblesdejardin.com\/it\/saloni-allaperto\/set-da-giardino\/set-di-giardino-angolo-2-poltrone-di-ratan-sintetico-e-acciaio-con-tavolo-alto-verona\/#breadcrumb"},"inLanguage":"it-IT","potentialAction":[{"@type":"ReadAction","target":["https:\/\/keramamueblesdejardin.com\/it\/saloni-allaperto\/set-da-giardino\/set-di-giardino-angolo-2-poltrone-di-ratan-sintetico-e-acciaio-con-tavolo-alto-verona\/"]}]},{"@type":"ImageObject","inLanguage":"it-IT","@id":"https:\/\/keramamueblesdejardin.com\/it\/saloni-allaperto\/set-da-giardino\/set-di-giardino-angolo-2-poltrone-di-ratan-sintetico-e-acciaio-con-tavolo-alto-verona\/#primaryimage","url":"https:\/\/keramamueblesdejardin.com\/wp-content\/uploads\/2022\/08\/verona-6-e1697452547777.jpg","contentUrl":"https:\/\/keramamueblesdejardin.com\/wp-content\/uploads\/2022\/08\/verona-6-e1697452547777.jpg","width":1200,"height":1200},{"@type":"BreadcrumbList","@id":"https:\/\/keramamueblesdejardin.com\/it\/saloni-allaperto\/set-da-giardino\/set-di-giardino-angolo-2-poltrone-di-ratan-sintetico-e-acciaio-con-tavolo-alto-verona\/#breadcrumb","itemListElement":[{"@type":"ListItem","position":1,"name":"Home","item":"https:\/\/keramamueblesdejardin.com\/it\/"},{"@type":"ListItem","position":2,"name":"Negozio","item":"https:\/\/keramamueblesdejardin.com\/it\/negozio\/"},{"@type":"ListItem","position":3,"name":"Saloni all'aperto","item":"https:\/\/keramamueblesdejardin.com\/it\/saloni-allaperto\/"},{"@type":"ListItem","position":4,"name":"Set da giardino","item":"https:\/\/keramamueblesdejardin.com\/it\/saloni-allaperto\/set-da-giardino\/"},{"@type":"ListItem","position":5,"name":"Set giardino angolare + 2 poltrone in rattan sintetico e acciaio con tavolo alto \u2013 Verona"}]},{"@type":"WebSite","@id":"https:\/\/keramamueblesdejardin.com\/it\/#website","url":"https:\/\/keramamueblesdejardin.com\/it\/","name":"Kerama","description":"muebles de jard\u00edn","publisher":{"@id":"https:\/\/keramamueblesdejardin.com\/it\/#organization"},"potentialAction":[{"@type":"SearchAction","target":{"@type":"EntryPoint","urlTemplate":"https:\/\/keramamueblesdejardin.com\/it\/?s={search_term_string}"},"query-input":{"@type":"PropertyValueSpecification","valueRequired":true,"valueName":"search_term_string"}}],"inLanguage":"it-IT"},{"@type":"Organization","@id":"https:\/\/keramamueblesdejardin.com\/it\/#organization","name":"kerama","url":"https:\/\/keramamueblesdejardin.com\/it\/","logo":{"@type":"ImageObject","inLanguage":"it-IT","@id":"https:\/\/keramamueblesdejardin.com\/it\/#\/schema\/logo\/image\/","url":"https:\/\/keramamueblesdejardin.com\/wp-content\/uploads\/2020\/12\/k.-scaled.jpg","contentUrl":"https:\/\/keramamueblesdejardin.com\/wp-content\/uploads\/2020\/12\/k.-scaled.jpg","width":2560,"height":551,"caption":"kerama"},"image":{"@id":"https:\/\/keramamueblesdejardin.com\/it\/#\/schema\/logo\/image\/"},"sameAs":["https:\/\/www.facebook.com\/Kerama-Muebles-de-Jard\u00edn-106209328312568\/"]}]}},"df_price":1285,"df_sale_price":1285,"df_regular_price":1671,"df_image_link":"https:\/\/keramamueblesdejardin.com\/wp-content\/uploads\/2022\/08\/verona-6-300x300.jpg","custom_tabs":[{"title":"MISURAZIONE","id":"misurazione","content":"<div class=\"list\"><strong>Alto:<\/strong> Divano sinistro e destro 82 cm \/ Tavolo 68 cm \/ Poltrona 82cm\n<strong>Profondo:<\/strong> Divano sinistro e destro 69 cm \/ Tavolo 74 cm \/ Poltrona 69 cm\n<strong>Largo:<\/strong> Divano sinistro 180 cm \/ Divano destro 239 cm \/ Tavolo 143 cm \/ Poltrona 65cm<\/div>\n<div>\n<div><strong>Altezza seduta: <\/strong>46,5 cm<\/div>\n<div><strong>Profondit\u00e0 seduta con cuscino: <\/strong>45cm<\/div>\n<div><strong>Profondit\u00e0 sedile senza <\/strong><b>cuscino: <\/b>60cm<\/div>\n<\/div>"},{"title":"DISIMBALLAGGIO E MONTAGGIO","id":"disimballaggio-e-assemblaggio","content":"<div class=\"list\"><strong>Raccomandazioni per il disimballaggio:<\/strong> Non utilizzare utensili affilati durante il disimballaggio dei mobili in quanto potrebbe causare danni\n<strong>Richiede il montaggio (s\u00ec\/no):<\/strong> S\u00ec\nDifficolt\u00e0 di montaggio: Medio\nTempo di montaggio: 30 minuti\n<strong>Persone consigliate per il montaggio:<\/strong> 2\n<strong>Suggerimenti di montaggio:<\/strong> Preparare un'area di assemblaggio pulita e asciutta, verificare che nessuna delle parti indicate nel manuale manchi. Si consiglia di indossare guanti adatti al montaggio. Utilizzare solo le parti e l'hardware in dotazione.<\/div>"},{"title":"MANUTENZIONE E GARANZIE","id":"manutenzione-e-garanzie","content":"<div class=\"moz-signature\">\n<div class=\"list\"><strong>Raccomandazioni generali:<\/strong>\n\u2022 Guasti o danni causati da:\n\u2022 Cause accidentali come cadute, colpi, fuoriuscite di liquidi, introduzione di corpi estranei, nonch\u00e9 qualsiasi altra causa di forza maggiore.\n\u2022 Uso negligente, improprio o non domestico.\n\u2022 Danni, corrosione e\/o ossidazione accelerati da condizioni ambientali avverse\n\u2022 Macchie e scolorimenti dovuti al mancato rispetto delle nostre istruzioni di pulizia\n\u2022 Danni verificatisi durante il montaggio e la manipolazione senza aver seguito le istruzioni di montaggio indicate.\n<strong>Istruzioni per l'uso e la manutenzione:<\/strong>\n\u2022 Pulire delicatamente con l'aiuto di un panno o utilizzare un sapone liquido neutro, risciacquando con abbondante acqua.\n\u2022 Rimuovere regolarmente la polvere con l'aiuto di un panno morbido e acqua pulita.\n\u2022 Non utilizzare detergenti o prodotti abrasivi per la pulizia.\n<strong>Anni di garanzia:<\/strong> 3 anni\n<strong>Prodotto secondo lo standard:<\/strong> 581-1,581-2,581-3<\/div>\n<\/div>"}],"_links":{"self":[{"href":"https:\/\/keramamueblesdejardin.com\/it\/wp-json\/wp\/v2\/product\/86895","targetHints":{"allow":["GET"]}}],"collection":[{"href":"https:\/\/keramamueblesdejardin.com\/it\/wp-json\/wp\/v2\/product"}],"about":[{"href":"https:\/\/keramamueblesdejardin.com\/it\/wp-json\/wp\/v2\/types\/product"}],"replies":[{"embeddable":true,"href":"https:\/\/keramamueblesdejardin.com\/it\/wp-json\/wp\/v2\/comments?post=86895"}],"wp:featuredmedia":[{"embeddable":true,"href":"https:\/\/keramamueblesdejardin.com\/it\/wp-json\/wp\/v2\/media\/86935"}],"wp:attachment":[{"href":"https:\/\/keramamueblesdejardin.com\/it\/wp-json\/wp\/v2\/media?parent=86895"}],"wp:term":[{"taxonomy":"product_brand","embeddable":true,"href":"https:\/\/keramamueblesdejardin.com\/it\/wp-json\/wp\/v2\/product_brand?post=86895"},{"taxonomy":"product_cat","embeddable":true,"href":"https:\/\/keramamueblesdejardin.com\/it\/wp-json\/wp\/v2\/product_cat?post=86895"},{"taxonomy":"product_tag","embeddable":true,"href":"https:\/\/keramamueblesdejardin.com\/it\/wp-json\/wp\/v2\/product_tag?post=86895"}],"curies":[{"name":"wp","href":"https:\/\/api.w.org\/{rel}","templated":true}]}}