{"id":86866,"date":"2022-08-30T12:42:07","date_gmt":"2022-08-30T10:42:07","guid":{"rendered":"https:\/\/keramamueblesdejardin.com\/senza-categoria\/pack-ombrellone-sospeso-struttura-quadrata-imitazione-legno-grezzo-tessuto-naturale-3x3m-basi-coperchio-impermeabile-milano\/"},"modified":"2025-01-24T08:41:29","modified_gmt":"2025-01-24T07:41:29","slug":"pack-ombrellone-sospeso-struttura-quadrata-imitazione-legno-tessuto-naturale-grezzo-3x3m-basi-copertura-impermeabile-milano","status":"publish","type":"product","link":"https:\/\/keramamueblesdejardin.com\/it\/ombrelloni-e-pergolati\/ombrelloni\/pack-ombrellone-sospeso-struttura-quadrata-imitazione-legno-tessuto-naturale-grezzo-3x3m-basi-copertura-impermeabile-milano\/","title":{"rendered":"Pack ombrellone sospeso struttura quadrata imitazione legno grezzo tessuto naturale 3x3m + basi + coperchio impermeabile &#8211; Milano"},"content":{"rendered":"<p>Confezione di copertura, ombrellone 3&#215;3 Milano e 4 basi di ombrellone.<\/p>\n<p>L&#8217;eccentrico ombrellone Milan 3\u00d73 con gonna da esterno per giardino o terrazza, ha un palo laterale molto robusto realizzato in alluminio antracite. Il tessuto ha una bella finitura tortora, che \u00e8 idrorepellente, antimacchia e comprende anche un camino di ventilazione.<\/p>\n<p>Pu\u00f2 essere ruotato di 360 gradi ed \u00e8 inclinabile in altezza, il che consente di scegliere l&#8217;orientamento pi\u00f9 conveniente e ha una manovella che consente di aprire e chiudere l&#8217;ombrellone molto facilmente.<\/p>\n<p>L&#8217;eccentrico ombrellone Milan ha una struttura resistente con un totale di 8 aste e un design elegante che lo rendono ideale per formare un insieme di giardino o terrazza che si desidera mantenere durante tutto l&#8217;anno.<\/p>\n<p>&nbsp;<\/p>\n<ul>\n<li>Palo e aste in alluminio<\/li>\n<li>Tessuto 100% poliestere<\/li>\n<li>Utilizzo: all&#8217;aperto<\/li>\n<li>Altezza massima: 2.40m<\/li>\n<li>Rotazione a 360\u00ba<\/li>\n<li>Inclinabile in altezza: S\u00ec<\/li>\n<li>Rimovibile: S\u00ec<\/li>\n<li>Idrorepellente: S\u00ec<\/li>\n<li>Antimacchia; S\u00ec<\/li>\n<li>Tessuto con camino: S\u00ec<\/li>\n<li>Con gonna: S\u00ec<\/li>\n<li>Apertura \/ Chiusura con manovella: S\u00ec<\/li>\n<li>Peso del prodotto: 25 kg<\/li>\n<li>Dimensione albero: 53 x 77mm<\/li>\n<li>Dimensione asta: 14 x 24mm<\/li>\n<li>Numero di aste: 8<\/li>\n<li>Richiede un montaggio a bassa difficolt\u00e0<\/li>\n<li>Tappi di plastica sulle gambe per proteggere il pavimento<\/li>\n<\/ul>\n","protected":false},"excerpt":{"rendered":"<ul>\n<li>Struttura finto legno e tessuto grezzo naturale<\/li>\n<li>Include 4 basi da 25 kg<\/li>\n<li>Include custodia protettiva impermeabile<\/li>\n<li>Misura 3x3m regolabile 360\u00ba e inclinabile<\/li>\n<\/ul>\n","protected":false},"featured_media":86858,"comment_status":"closed","ping_status":"closed","template":"","meta":{"_acf_changed":false},"product_brand":[],"product_cat":[2820,2819],"product_tag":[],"class_list":{"0":"post-86866","1":"product","2":"type-product","3":"status-publish","4":"has-post-thumbnail","6":"product_cat-ombrelloni","7":"product_cat-ombrelloni-e-pergolati","8":"product_shipping_class-envio-gratuito-it","9":"pa_forma-quadrato","10":"pa_material-alluminio","11":"pa_material-poliestere","13":"first","14":"instock","15":"sale","16":"purchasable","17":"product-type-simple","18":"add-to-wishlist-before_image"},"acf":[],"yoast_head":"<!-- This site is optimized with the Yoast SEO plugin v27.2 - https:\/\/yoast.com\/product\/yoast-seo-wordpress\/ -->\n<title>Pack ombrellone sospeso struttura quadrata imitazione legno grezzo tessuto naturale 3x3m + basi + coperchio impermeabile - Milano - Kerama<\/title>\n<meta name=\"robots\" content=\"index, follow, max-snippet:-1, max-image-preview:large, max-video-preview:-1\" \/>\n<link rel=\"canonical\" href=\"https:\/\/keramamueblesdejardin.com\/it\/ombrelloni-e-pergolati\/ombrelloni\/pack-ombrellone-sospeso-struttura-quadrata-imitazione-legno-tessuto-naturale-grezzo-3x3m-basi-copertura-impermeabile-milano\/\" \/>\n<meta property=\"og:locale\" content=\"it_IT\" \/>\n<meta property=\"og:type\" content=\"article\" \/>\n<meta property=\"og:title\" content=\"Pack ombrellone sospeso struttura quadrata imitazione legno grezzo tessuto naturale 3x3m + basi + coperchio impermeabile - Milano - Kerama\" \/>\n<meta property=\"og:description\" content=\"Struttura finto legno e tessuto grezzo naturale  Include 4 basi da 25 kg  Include custodia protettiva impermeabile  Misura 3x3m regolabile 360\u00ba e inclinabile\" \/>\n<meta property=\"og:url\" content=\"https:\/\/keramamueblesdejardin.com\/it\/ombrelloni-e-pergolati\/ombrelloni\/pack-ombrellone-sospeso-struttura-quadrata-imitazione-legno-tessuto-naturale-grezzo-3x3m-basi-copertura-impermeabile-milano\/\" \/>\n<meta property=\"og:site_name\" content=\"Kerama\" \/>\n<meta property=\"article:publisher\" content=\"https:\/\/www.facebook.com\/Kerama-Muebles-de-Jard%c3%adn-106209328312568\/\" \/>\n<meta property=\"article:modified_time\" content=\"2025-01-24T07:41:29+00:00\" \/>\n<meta property=\"og:image\" content=\"https:\/\/keramamueblesdejardin.com\/wp-content\/uploads\/2022\/08\/Parasol-excentrico-estructura-imitacion-madera-clara-tejido-blanco-natural-3x3m.jpg\" \/>\n\t<meta property=\"og:image:width\" content=\"2560\" \/>\n\t<meta property=\"og:image:height\" content=\"1707\" \/>\n\t<meta property=\"og:image:type\" content=\"image\/jpeg\" \/>\n<meta name=\"twitter:card\" content=\"summary_large_image\" \/>\n<meta name=\"twitter:label1\" content=\"Tempo di lettura stimato\" \/>\n\t<meta name=\"twitter:data1\" content=\"1 minuto\" \/>\n<script type=\"application\/ld+json\" class=\"yoast-schema-graph\">{\"@context\":\"https:\/\/schema.org\",\"@graph\":[{\"@type\":\"WebPage\",\"@id\":\"https:\/\/keramamueblesdejardin.com\/it\/ombrelloni-e-pergolati\/ombrelloni\/pack-ombrellone-sospeso-struttura-quadrata-imitazione-legno-tessuto-naturale-grezzo-3x3m-basi-copertura-impermeabile-milano\/\",\"url\":\"https:\/\/keramamueblesdejardin.com\/it\/ombrelloni-e-pergolati\/ombrelloni\/pack-ombrellone-sospeso-struttura-quadrata-imitazione-legno-tessuto-naturale-grezzo-3x3m-basi-copertura-impermeabile-milano\/\",\"name\":\"Pack ombrellone sospeso struttura quadrata imitazione legno grezzo tessuto naturale 3x3m + basi + coperchio impermeabile - Milano - Kerama\",\"isPartOf\":{\"@id\":\"https:\/\/keramamueblesdejardin.com\/it\/#website\"},\"primaryImageOfPage\":{\"@id\":\"https:\/\/keramamueblesdejardin.com\/it\/ombrelloni-e-pergolati\/ombrelloni\/pack-ombrellone-sospeso-struttura-quadrata-imitazione-legno-tessuto-naturale-grezzo-3x3m-basi-copertura-impermeabile-milano\/#primaryimage\"},\"image\":{\"@id\":\"https:\/\/keramamueblesdejardin.com\/it\/ombrelloni-e-pergolati\/ombrelloni\/pack-ombrellone-sospeso-struttura-quadrata-imitazione-legno-tessuto-naturale-grezzo-3x3m-basi-copertura-impermeabile-milano\/#primaryimage\"},\"thumbnailUrl\":\"https:\/\/keramamueblesdejardin.com\/wp-content\/uploads\/2022\/08\/Parasol-excentrico-estructura-imitacion-madera-clara-tejido-blanco-natural-3x3m.jpg\",\"datePublished\":\"2022-08-30T10:42:07+00:00\",\"dateModified\":\"2025-01-24T07:41:29+00:00\",\"breadcrumb\":{\"@id\":\"https:\/\/keramamueblesdejardin.com\/it\/ombrelloni-e-pergolati\/ombrelloni\/pack-ombrellone-sospeso-struttura-quadrata-imitazione-legno-tessuto-naturale-grezzo-3x3m-basi-copertura-impermeabile-milano\/#breadcrumb\"},\"inLanguage\":\"it-IT\",\"potentialAction\":[{\"@type\":\"ReadAction\",\"target\":[\"https:\/\/keramamueblesdejardin.com\/it\/ombrelloni-e-pergolati\/ombrelloni\/pack-ombrellone-sospeso-struttura-quadrata-imitazione-legno-tessuto-naturale-grezzo-3x3m-basi-copertura-impermeabile-milano\/\"]}]},{\"@type\":\"ImageObject\",\"inLanguage\":\"it-IT\",\"@id\":\"https:\/\/keramamueblesdejardin.com\/it\/ombrelloni-e-pergolati\/ombrelloni\/pack-ombrellone-sospeso-struttura-quadrata-imitazione-legno-tessuto-naturale-grezzo-3x3m-basi-copertura-impermeabile-milano\/#primaryimage\",\"url\":\"https:\/\/keramamueblesdejardin.com\/wp-content\/uploads\/2022\/08\/Parasol-excentrico-estructura-imitacion-madera-clara-tejido-blanco-natural-3x3m.jpg\",\"contentUrl\":\"https:\/\/keramamueblesdejardin.com\/wp-content\/uploads\/2022\/08\/Parasol-excentrico-estructura-imitacion-madera-clara-tejido-blanco-natural-3x3m.jpg\",\"width\":2560,\"height\":1707},{\"@type\":\"BreadcrumbList\",\"@id\":\"https:\/\/keramamueblesdejardin.com\/it\/ombrelloni-e-pergolati\/ombrelloni\/pack-ombrellone-sospeso-struttura-quadrata-imitazione-legno-tessuto-naturale-grezzo-3x3m-basi-copertura-impermeabile-milano\/#breadcrumb\",\"itemListElement\":[{\"@type\":\"ListItem\",\"position\":1,\"name\":\"Home\",\"item\":\"https:\/\/keramamueblesdejardin.com\/it\/\"},{\"@type\":\"ListItem\",\"position\":2,\"name\":\"Negozio\",\"item\":\"https:\/\/keramamueblesdejardin.com\/it\/negozio\/\"},{\"@type\":\"ListItem\",\"position\":3,\"name\":\"Ombrelloni e pergolati\",\"item\":\"https:\/\/keramamueblesdejardin.com\/it\/ombrelloni-e-pergolati\/\"},{\"@type\":\"ListItem\",\"position\":4,\"name\":\"Ombrelloni\",\"item\":\"https:\/\/keramamueblesdejardin.com\/it\/ombrelloni-e-pergolati\/ombrelloni\/\"},{\"@type\":\"ListItem\",\"position\":5,\"name\":\"Pack ombrellone sospeso struttura quadrata imitazione legno grezzo tessuto naturale 3x3m + basi + coperchio impermeabile &#8211; Milano\"}]},{\"@type\":\"WebSite\",\"@id\":\"https:\/\/keramamueblesdejardin.com\/it\/#website\",\"url\":\"https:\/\/keramamueblesdejardin.com\/it\/\",\"name\":\"Kerama\",\"description\":\"muebles de jard\u00edn\",\"publisher\":{\"@id\":\"https:\/\/keramamueblesdejardin.com\/it\/#organization\"},\"potentialAction\":[{\"@type\":\"SearchAction\",\"target\":{\"@type\":\"EntryPoint\",\"urlTemplate\":\"https:\/\/keramamueblesdejardin.com\/it\/?s={search_term_string}\"},\"query-input\":{\"@type\":\"PropertyValueSpecification\",\"valueRequired\":true,\"valueName\":\"search_term_string\"}}],\"inLanguage\":\"it-IT\"},{\"@type\":\"Organization\",\"@id\":\"https:\/\/keramamueblesdejardin.com\/it\/#organization\",\"name\":\"kerama\",\"url\":\"https:\/\/keramamueblesdejardin.com\/it\/\",\"logo\":{\"@type\":\"ImageObject\",\"inLanguage\":\"it-IT\",\"@id\":\"https:\/\/keramamueblesdejardin.com\/it\/#\/schema\/logo\/image\/\",\"url\":\"https:\/\/keramamueblesdejardin.com\/wp-content\/uploads\/2020\/12\/k.-scaled.jpg\",\"contentUrl\":\"https:\/\/keramamueblesdejardin.com\/wp-content\/uploads\/2020\/12\/k.-scaled.jpg\",\"width\":2560,\"height\":551,\"caption\":\"kerama\"},\"image\":{\"@id\":\"https:\/\/keramamueblesdejardin.com\/it\/#\/schema\/logo\/image\/\"},\"sameAs\":[\"https:\/\/www.facebook.com\/Kerama-Muebles-de-Jard\u00edn-106209328312568\/\"]}]}<\/script>\n<!-- \/ Yoast SEO plugin. -->","yoast_head_json":{"title":"Pack ombrellone sospeso struttura quadrata imitazione legno grezzo tessuto naturale 3x3m + basi + coperchio impermeabile - Milano - Kerama","robots":{"index":"index","follow":"follow","max-snippet":"max-snippet:-1","max-image-preview":"max-image-preview:large","max-video-preview":"max-video-preview:-1"},"canonical":"https:\/\/keramamueblesdejardin.com\/it\/ombrelloni-e-pergolati\/ombrelloni\/pack-ombrellone-sospeso-struttura-quadrata-imitazione-legno-tessuto-naturale-grezzo-3x3m-basi-copertura-impermeabile-milano\/","og_locale":"it_IT","og_type":"article","og_title":"Pack ombrellone sospeso struttura quadrata imitazione legno grezzo tessuto naturale 3x3m + basi + coperchio impermeabile - Milano - Kerama","og_description":"Struttura finto legno e tessuto grezzo naturale  Include 4 basi da 25 kg  Include custodia protettiva impermeabile  Misura 3x3m regolabile 360\u00ba e inclinabile","og_url":"https:\/\/keramamueblesdejardin.com\/it\/ombrelloni-e-pergolati\/ombrelloni\/pack-ombrellone-sospeso-struttura-quadrata-imitazione-legno-tessuto-naturale-grezzo-3x3m-basi-copertura-impermeabile-milano\/","og_site_name":"Kerama","article_publisher":"https:\/\/www.facebook.com\/Kerama-Muebles-de-Jard%c3%adn-106209328312568\/","article_modified_time":"2025-01-24T07:41:29+00:00","og_image":[{"width":2560,"height":1707,"url":"https:\/\/keramamueblesdejardin.com\/wp-content\/uploads\/2022\/08\/Parasol-excentrico-estructura-imitacion-madera-clara-tejido-blanco-natural-3x3m.jpg","type":"image\/jpeg"}],"twitter_card":"summary_large_image","twitter_misc":{"Tempo di lettura stimato":"1 minuto"},"schema":{"@context":"https:\/\/schema.org","@graph":[{"@type":"WebPage","@id":"https:\/\/keramamueblesdejardin.com\/it\/ombrelloni-e-pergolati\/ombrelloni\/pack-ombrellone-sospeso-struttura-quadrata-imitazione-legno-tessuto-naturale-grezzo-3x3m-basi-copertura-impermeabile-milano\/","url":"https:\/\/keramamueblesdejardin.com\/it\/ombrelloni-e-pergolati\/ombrelloni\/pack-ombrellone-sospeso-struttura-quadrata-imitazione-legno-tessuto-naturale-grezzo-3x3m-basi-copertura-impermeabile-milano\/","name":"Pack ombrellone sospeso struttura quadrata imitazione legno grezzo tessuto naturale 3x3m + basi + coperchio impermeabile - Milano - Kerama","isPartOf":{"@id":"https:\/\/keramamueblesdejardin.com\/it\/#website"},"primaryImageOfPage":{"@id":"https:\/\/keramamueblesdejardin.com\/it\/ombrelloni-e-pergolati\/ombrelloni\/pack-ombrellone-sospeso-struttura-quadrata-imitazione-legno-tessuto-naturale-grezzo-3x3m-basi-copertura-impermeabile-milano\/#primaryimage"},"image":{"@id":"https:\/\/keramamueblesdejardin.com\/it\/ombrelloni-e-pergolati\/ombrelloni\/pack-ombrellone-sospeso-struttura-quadrata-imitazione-legno-tessuto-naturale-grezzo-3x3m-basi-copertura-impermeabile-milano\/#primaryimage"},"thumbnailUrl":"https:\/\/keramamueblesdejardin.com\/wp-content\/uploads\/2022\/08\/Parasol-excentrico-estructura-imitacion-madera-clara-tejido-blanco-natural-3x3m.jpg","datePublished":"2022-08-30T10:42:07+00:00","dateModified":"2025-01-24T07:41:29+00:00","breadcrumb":{"@id":"https:\/\/keramamueblesdejardin.com\/it\/ombrelloni-e-pergolati\/ombrelloni\/pack-ombrellone-sospeso-struttura-quadrata-imitazione-legno-tessuto-naturale-grezzo-3x3m-basi-copertura-impermeabile-milano\/#breadcrumb"},"inLanguage":"it-IT","potentialAction":[{"@type":"ReadAction","target":["https:\/\/keramamueblesdejardin.com\/it\/ombrelloni-e-pergolati\/ombrelloni\/pack-ombrellone-sospeso-struttura-quadrata-imitazione-legno-tessuto-naturale-grezzo-3x3m-basi-copertura-impermeabile-milano\/"]}]},{"@type":"ImageObject","inLanguage":"it-IT","@id":"https:\/\/keramamueblesdejardin.com\/it\/ombrelloni-e-pergolati\/ombrelloni\/pack-ombrellone-sospeso-struttura-quadrata-imitazione-legno-tessuto-naturale-grezzo-3x3m-basi-copertura-impermeabile-milano\/#primaryimage","url":"https:\/\/keramamueblesdejardin.com\/wp-content\/uploads\/2022\/08\/Parasol-excentrico-estructura-imitacion-madera-clara-tejido-blanco-natural-3x3m.jpg","contentUrl":"https:\/\/keramamueblesdejardin.com\/wp-content\/uploads\/2022\/08\/Parasol-excentrico-estructura-imitacion-madera-clara-tejido-blanco-natural-3x3m.jpg","width":2560,"height":1707},{"@type":"BreadcrumbList","@id":"https:\/\/keramamueblesdejardin.com\/it\/ombrelloni-e-pergolati\/ombrelloni\/pack-ombrellone-sospeso-struttura-quadrata-imitazione-legno-tessuto-naturale-grezzo-3x3m-basi-copertura-impermeabile-milano\/#breadcrumb","itemListElement":[{"@type":"ListItem","position":1,"name":"Home","item":"https:\/\/keramamueblesdejardin.com\/it\/"},{"@type":"ListItem","position":2,"name":"Negozio","item":"https:\/\/keramamueblesdejardin.com\/it\/negozio\/"},{"@type":"ListItem","position":3,"name":"Ombrelloni e pergolati","item":"https:\/\/keramamueblesdejardin.com\/it\/ombrelloni-e-pergolati\/"},{"@type":"ListItem","position":4,"name":"Ombrelloni","item":"https:\/\/keramamueblesdejardin.com\/it\/ombrelloni-e-pergolati\/ombrelloni\/"},{"@type":"ListItem","position":5,"name":"Pack ombrellone sospeso struttura quadrata imitazione legno grezzo tessuto naturale 3x3m + basi + coperchio impermeabile &#8211; Milano"}]},{"@type":"WebSite","@id":"https:\/\/keramamueblesdejardin.com\/it\/#website","url":"https:\/\/keramamueblesdejardin.com\/it\/","name":"Kerama","description":"muebles de jard\u00edn","publisher":{"@id":"https:\/\/keramamueblesdejardin.com\/it\/#organization"},"potentialAction":[{"@type":"SearchAction","target":{"@type":"EntryPoint","urlTemplate":"https:\/\/keramamueblesdejardin.com\/it\/?s={search_term_string}"},"query-input":{"@type":"PropertyValueSpecification","valueRequired":true,"valueName":"search_term_string"}}],"inLanguage":"it-IT"},{"@type":"Organization","@id":"https:\/\/keramamueblesdejardin.com\/it\/#organization","name":"kerama","url":"https:\/\/keramamueblesdejardin.com\/it\/","logo":{"@type":"ImageObject","inLanguage":"it-IT","@id":"https:\/\/keramamueblesdejardin.com\/it\/#\/schema\/logo\/image\/","url":"https:\/\/keramamueblesdejardin.com\/wp-content\/uploads\/2020\/12\/k.-scaled.jpg","contentUrl":"https:\/\/keramamueblesdejardin.com\/wp-content\/uploads\/2020\/12\/k.-scaled.jpg","width":2560,"height":551,"caption":"kerama"},"image":{"@id":"https:\/\/keramamueblesdejardin.com\/it\/#\/schema\/logo\/image\/"},"sameAs":["https:\/\/www.facebook.com\/Kerama-Muebles-de-Jard\u00edn-106209328312568\/"]}]}},"df_price":889,"df_sale_price":889,"df_regular_price":1091,"df_image_link":"https:\/\/keramamueblesdejardin.com\/wp-content\/uploads\/2022\/08\/Parasol-excentrico-estructura-imitacion-madera-clara-tejido-blanco-natural-3x3m-300x200.jpg","custom_tabs":[{"title":"MISURAZIONE","id":"misurazione","content":"<div class=\"list\"><strong><span style=\"color: #282828;\">Altezza massima<\/span>\n  \n<\/strong>: <span style=\"color: #282828;\">2,40 m<\/span><strong><br style=\"color: #282828;\"><strong style=\"font-weight: bold; color: #282828;\">Larghezza tessuto:<\/strong>\n  \n  \n<\/strong><span style=\"color: #282828;\">3 m<\/span><strong>\n  <br style=\"color: #282828;\">\n  <strong style=\"font-weight: bold; color: #282828;\">Lunghezza tessuto:<\/strong>\n<\/strong><span style=\"color: #282828;\">3 m<\/span><strong>\n  <br style=\"color: #282828;\">\n  <span style=\"color: #282828;\">Dimensione albero: <\/span>\n<\/strong> <span style=\"color: #282828;\">Dimensione asta 53 x 77 mm<\/span><strong>\n  <br style=\"color: #282828;\">\n  <span style=\"color: #282828;\">: <\/span>\n<\/strong> <span style=\"color: #282828;\">14 x 24 millimetri<\/span><strong>\n  <br style=\"color: #282828;\">\n  <span style=\"color: #282828;\">Numero di aste: <\/span>\n<\/strong> <span style=\"color: #282828;\"><strong><br style=\"color: #282828;\"> 8<strong style=\"font-weight: bold; color: #282828;\">Peso del prodotto:<\/strong>\n  \n  \n<\/strong><\/span><span style=\"color: #282828;\">Rotazione 25 kg<\/span><strong>\n  <br style=\"color: #282828;\">\n  <span style=\"color: #282828;\">: <\/span>\n<\/strong> <span style=\"color: #282828;\">Inclinazione a 360\u00ba<\/span><strong>\n  <br style=\"color: #282828;\">\n  <span style=\"color: #282828;\">: <\/span>\n<\/strong> <span style=\"color: #282828;\">S\u00ec<\/span><\/div>"},{"title":"MANUTENZIONE E GARANZIE","id":"manutenzione-e-garanzie","content":"<div class=\"moz-signature\">\n<div class=\"list\"><strong>Raccomandazioni generali:<\/strong>\n\u2022 Guasti o danni causati da:\n\u2022 Cause accidentali come cadute, colpi, fuoriuscite di liquidi, introduzione di corpi estranei, nonch\u00e9 qualsiasi altra causa di forza maggiore.\n\u2022 Uso negligente, improprio o non domestico.\n\u2022 Danni, corrosione e\/o ossidazione accelerati da condizioni ambientali avverse\n\u2022 Macchie e scolorimenti dovuti al mancato rispetto delle nostre istruzioni di pulizia\n\u2022 Danni verificatisi durante il montaggio e la manipolazione senza aver seguito le istruzioni di montaggio indicate.\n<strong>Istruzioni per l'uso e la manutenzione:<\/strong>\n\u2022 Pulire delicatamente con l'aiuto di un panno o utilizzare un sapone liquido neutro, risciacquando con abbondante acqua.\n\u2022 Rimuovere regolarmente la polvere con l'aiuto di un panno morbido e acqua pulita.\n\u2022 Non utilizzare detergenti o prodotti abrasivi per la pulizia.\n<strong>Anni di garanzia:<\/strong> 3 anni\n<strong>Prodotto secondo lo standard:<\/strong> 581-1,581-2,581-3<\/div>\n<\/div>"}],"_links":{"self":[{"href":"https:\/\/keramamueblesdejardin.com\/it\/wp-json\/wp\/v2\/product\/86866","targetHints":{"allow":["GET"]}}],"collection":[{"href":"https:\/\/keramamueblesdejardin.com\/it\/wp-json\/wp\/v2\/product"}],"about":[{"href":"https:\/\/keramamueblesdejardin.com\/it\/wp-json\/wp\/v2\/types\/product"}],"replies":[{"embeddable":true,"href":"https:\/\/keramamueblesdejardin.com\/it\/wp-json\/wp\/v2\/comments?post=86866"}],"wp:featuredmedia":[{"embeddable":true,"href":"https:\/\/keramamueblesdejardin.com\/it\/wp-json\/wp\/v2\/media\/86858"}],"wp:attachment":[{"href":"https:\/\/keramamueblesdejardin.com\/it\/wp-json\/wp\/v2\/media?parent=86866"}],"wp:term":[{"taxonomy":"product_brand","embeddable":true,"href":"https:\/\/keramamueblesdejardin.com\/it\/wp-json\/wp\/v2\/product_brand?post=86866"},{"taxonomy":"product_cat","embeddable":true,"href":"https:\/\/keramamueblesdejardin.com\/it\/wp-json\/wp\/v2\/product_cat?post=86866"},{"taxonomy":"product_tag","embeddable":true,"href":"https:\/\/keramamueblesdejardin.com\/it\/wp-json\/wp\/v2\/product_tag?post=86866"}],"curies":[{"name":"wp","href":"https:\/\/api.w.org\/{rel}","templated":true}]}}