{"id":86412,"date":"2022-09-13T15:24:09","date_gmt":"2022-09-13T13:24:09","guid":{"rendered":"https:\/\/keramamueblesdejardin.com\/senza-categoria\/amaca-direttore-giardino-legno-chiaro-colore-grezzo-tessuto-pieghevole-java-light\/"},"modified":"2024-06-13T15:41:04","modified_gmt":"2024-06-13T13:41:04","slug":"amaca-direttore-giardino-legno-luce-colore-grezzo-tessuto-pieghevole-java-luce","status":"publish","type":"product","link":"https:\/\/keramamueblesdejardin.com\/it\/sedie-a-sdraio-e-riposo\/amaca-direttore-giardino-legno-luce-colore-grezzo-tessuto-pieghevole-java-luce\/","title":{"rendered":"Amaca direttore giardino legno chiaro colore grezzo tessuto pieghevole &#8211; Java Light"},"content":{"rendered":"<p>Amaca da giardino pieghevole in legno chiaro e tessuto di tela ecr\u00f9. L&#8217;amaca \u00e8 pieghevole e molto pratica, pu\u00f2 essere messa in pi\u00f9 posizioni. Il tessuto \u00e8 sfoderabile e lavabile. Misure posizione pi\u00f9 bassa: 103,5x60x86,5cm. Misure posizione pi\u00f9 alta: 95,5x60x98cm. Peso 4,6kg<\/p>\n","protected":false},"excerpt":{"rendered":"<ul>\n<li>Amaca da giardino pieghevole in legno chiaro e con tessuto ecru<\/li>\n<li>Pieghevole e ha diverse posizioni<\/li>\n<li>Tessuto sfoderabile e lavabile<\/li>\n<\/ul>\n","protected":false},"featured_media":86180,"comment_status":"closed","ping_status":"closed","template":"","meta":{"_acf_changed":false},"product_brand":[],"product_cat":[3028,2783],"product_tag":[2787,2895,2896,2894,2789,2784,2892],"class_list":{"0":"post-86412","1":"product","2":"type-product","3":"status-publish","4":"has-post-thumbnail","6":"product_cat-amache","7":"product_cat-sedie-a-sdraio-e-riposo","8":"product_tag-acacia-it","9":"product_tag-aldermanno","10":"product_tag-amaca","11":"product_tag-direttore","12":"product_tag-giava","13":"product_tag-legno","14":"product_tag-pieghevole","15":"product_shipping_class-envio-gratuito-it","16":"pa_coleccion-luce-java","17":"pa_material-legno-chiaro","18":"pa_material-stoffa","20":"first","21":"instock","22":"sale","23":"purchasable","24":"product-type-simple","25":"add-to-wishlist-before_image"},"acf":[],"yoast_head":"<!-- This site is optimized with the Yoast SEO plugin v27.2 - https:\/\/yoast.com\/product\/yoast-seo-wordpress\/ -->\n<title>Amaca direttore giardino legno chiaro colore grezzo tessuto pieghevole - Java Light - Kerama<\/title>\n<meta name=\"robots\" content=\"index, follow, max-snippet:-1, max-image-preview:large, max-video-preview:-1\" \/>\n<link rel=\"canonical\" href=\"https:\/\/keramamueblesdejardin.com\/it\/sedie-a-sdraio-e-riposo\/amaca-direttore-giardino-legno-luce-colore-grezzo-tessuto-pieghevole-java-luce\/\" \/>\n<meta property=\"og:locale\" content=\"it_IT\" \/>\n<meta property=\"og:type\" content=\"article\" \/>\n<meta property=\"og:title\" content=\"Amaca direttore giardino legno chiaro colore grezzo tessuto pieghevole - Java Light - Kerama\" \/>\n<meta property=\"og:description\" content=\"Amaca da giardino pieghevole in legno chiaro e con tessuto ecru  Pieghevole e ha diverse posizioni  Tessuto sfoderabile e lavabile\" \/>\n<meta property=\"og:url\" content=\"https:\/\/keramamueblesdejardin.com\/it\/sedie-a-sdraio-e-riposo\/amaca-direttore-giardino-legno-luce-colore-grezzo-tessuto-pieghevole-java-luce\/\" \/>\n<meta property=\"og:site_name\" content=\"Kerama\" \/>\n<meta property=\"article:publisher\" content=\"https:\/\/www.facebook.com\/Kerama-Muebles-de-Jard%c3%adn-106209328312568\/\" \/>\n<meta property=\"article:modified_time\" content=\"2024-06-13T13:41:04+00:00\" \/>\n<meta property=\"og:image\" content=\"https:\/\/keramamueblesdejardin.com\/wp-content\/uploads\/2022\/09\/L1560548-scaled.jpg\" \/>\n\t<meta property=\"og:image:width\" content=\"2560\" \/>\n\t<meta property=\"og:image:height\" content=\"1707\" \/>\n\t<meta property=\"og:image:type\" content=\"image\/jpeg\" \/>\n<meta name=\"twitter:card\" content=\"summary_large_image\" \/>\n<script type=\"application\/ld+json\" class=\"yoast-schema-graph\">{\"@context\":\"https:\/\/schema.org\",\"@graph\":[{\"@type\":\"WebPage\",\"@id\":\"https:\/\/keramamueblesdejardin.com\/it\/sedie-a-sdraio-e-riposo\/amaca-direttore-giardino-legno-luce-colore-grezzo-tessuto-pieghevole-java-luce\/\",\"url\":\"https:\/\/keramamueblesdejardin.com\/it\/sedie-a-sdraio-e-riposo\/amaca-direttore-giardino-legno-luce-colore-grezzo-tessuto-pieghevole-java-luce\/\",\"name\":\"Amaca direttore giardino legno chiaro colore grezzo tessuto pieghevole - Java Light - Kerama\",\"isPartOf\":{\"@id\":\"https:\/\/keramamueblesdejardin.com\/it\/#website\"},\"primaryImageOfPage\":{\"@id\":\"https:\/\/keramamueblesdejardin.com\/it\/sedie-a-sdraio-e-riposo\/amaca-direttore-giardino-legno-luce-colore-grezzo-tessuto-pieghevole-java-luce\/#primaryimage\"},\"image\":{\"@id\":\"https:\/\/keramamueblesdejardin.com\/it\/sedie-a-sdraio-e-riposo\/amaca-direttore-giardino-legno-luce-colore-grezzo-tessuto-pieghevole-java-luce\/#primaryimage\"},\"thumbnailUrl\":\"https:\/\/keramamueblesdejardin.com\/wp-content\/uploads\/2022\/09\/L1560548-scaled.jpg\",\"datePublished\":\"2022-09-13T13:24:09+00:00\",\"dateModified\":\"2024-06-13T13:41:04+00:00\",\"breadcrumb\":{\"@id\":\"https:\/\/keramamueblesdejardin.com\/it\/sedie-a-sdraio-e-riposo\/amaca-direttore-giardino-legno-luce-colore-grezzo-tessuto-pieghevole-java-luce\/#breadcrumb\"},\"inLanguage\":\"it-IT\",\"potentialAction\":[{\"@type\":\"ReadAction\",\"target\":[\"https:\/\/keramamueblesdejardin.com\/it\/sedie-a-sdraio-e-riposo\/amaca-direttore-giardino-legno-luce-colore-grezzo-tessuto-pieghevole-java-luce\/\"]}]},{\"@type\":\"ImageObject\",\"inLanguage\":\"it-IT\",\"@id\":\"https:\/\/keramamueblesdejardin.com\/it\/sedie-a-sdraio-e-riposo\/amaca-direttore-giardino-legno-luce-colore-grezzo-tessuto-pieghevole-java-luce\/#primaryimage\",\"url\":\"https:\/\/keramamueblesdejardin.com\/wp-content\/uploads\/2022\/09\/L1560548-scaled.jpg\",\"contentUrl\":\"https:\/\/keramamueblesdejardin.com\/wp-content\/uploads\/2022\/09\/L1560548-scaled.jpg\",\"width\":2560,\"height\":1707},{\"@type\":\"BreadcrumbList\",\"@id\":\"https:\/\/keramamueblesdejardin.com\/it\/sedie-a-sdraio-e-riposo\/amaca-direttore-giardino-legno-luce-colore-grezzo-tessuto-pieghevole-java-luce\/#breadcrumb\",\"itemListElement\":[{\"@type\":\"ListItem\",\"position\":1,\"name\":\"Home\",\"item\":\"https:\/\/keramamueblesdejardin.com\/it\/\"},{\"@type\":\"ListItem\",\"position\":2,\"name\":\"Negozio\",\"item\":\"https:\/\/keramamueblesdejardin.com\/it\/negozio\/\"},{\"@type\":\"ListItem\",\"position\":3,\"name\":\"Sedie a sdraio e riposo\",\"item\":\"https:\/\/keramamueblesdejardin.com\/it\/sedie-a-sdraio-e-riposo\/\"},{\"@type\":\"ListItem\",\"position\":4,\"name\":\"Amaca direttore giardino legno chiaro colore grezzo tessuto pieghevole &#8211; Java Light\"}]},{\"@type\":\"WebSite\",\"@id\":\"https:\/\/keramamueblesdejardin.com\/it\/#website\",\"url\":\"https:\/\/keramamueblesdejardin.com\/it\/\",\"name\":\"Kerama\",\"description\":\"muebles de jard\u00edn\",\"publisher\":{\"@id\":\"https:\/\/keramamueblesdejardin.com\/it\/#organization\"},\"potentialAction\":[{\"@type\":\"SearchAction\",\"target\":{\"@type\":\"EntryPoint\",\"urlTemplate\":\"https:\/\/keramamueblesdejardin.com\/it\/?s={search_term_string}\"},\"query-input\":{\"@type\":\"PropertyValueSpecification\",\"valueRequired\":true,\"valueName\":\"search_term_string\"}}],\"inLanguage\":\"it-IT\"},{\"@type\":\"Organization\",\"@id\":\"https:\/\/keramamueblesdejardin.com\/it\/#organization\",\"name\":\"kerama\",\"url\":\"https:\/\/keramamueblesdejardin.com\/it\/\",\"logo\":{\"@type\":\"ImageObject\",\"inLanguage\":\"it-IT\",\"@id\":\"https:\/\/keramamueblesdejardin.com\/it\/#\/schema\/logo\/image\/\",\"url\":\"https:\/\/keramamueblesdejardin.com\/wp-content\/uploads\/2020\/12\/k.-scaled.jpg\",\"contentUrl\":\"https:\/\/keramamueblesdejardin.com\/wp-content\/uploads\/2020\/12\/k.-scaled.jpg\",\"width\":2560,\"height\":551,\"caption\":\"kerama\"},\"image\":{\"@id\":\"https:\/\/keramamueblesdejardin.com\/it\/#\/schema\/logo\/image\/\"},\"sameAs\":[\"https:\/\/www.facebook.com\/Kerama-Muebles-de-Jard\u00edn-106209328312568\/\"]}]}<\/script>\n<!-- \/ Yoast SEO plugin. -->","yoast_head_json":{"title":"Amaca direttore giardino legno chiaro colore grezzo tessuto pieghevole - Java Light - Kerama","robots":{"index":"index","follow":"follow","max-snippet":"max-snippet:-1","max-image-preview":"max-image-preview:large","max-video-preview":"max-video-preview:-1"},"canonical":"https:\/\/keramamueblesdejardin.com\/it\/sedie-a-sdraio-e-riposo\/amaca-direttore-giardino-legno-luce-colore-grezzo-tessuto-pieghevole-java-luce\/","og_locale":"it_IT","og_type":"article","og_title":"Amaca direttore giardino legno chiaro colore grezzo tessuto pieghevole - Java Light - Kerama","og_description":"Amaca da giardino pieghevole in legno chiaro e con tessuto ecru  Pieghevole e ha diverse posizioni  Tessuto sfoderabile e lavabile","og_url":"https:\/\/keramamueblesdejardin.com\/it\/sedie-a-sdraio-e-riposo\/amaca-direttore-giardino-legno-luce-colore-grezzo-tessuto-pieghevole-java-luce\/","og_site_name":"Kerama","article_publisher":"https:\/\/www.facebook.com\/Kerama-Muebles-de-Jard%c3%adn-106209328312568\/","article_modified_time":"2024-06-13T13:41:04+00:00","og_image":[{"width":2560,"height":1707,"url":"https:\/\/keramamueblesdejardin.com\/wp-content\/uploads\/2022\/09\/L1560548-scaled.jpg","type":"image\/jpeg"}],"twitter_card":"summary_large_image","schema":{"@context":"https:\/\/schema.org","@graph":[{"@type":"WebPage","@id":"https:\/\/keramamueblesdejardin.com\/it\/sedie-a-sdraio-e-riposo\/amaca-direttore-giardino-legno-luce-colore-grezzo-tessuto-pieghevole-java-luce\/","url":"https:\/\/keramamueblesdejardin.com\/it\/sedie-a-sdraio-e-riposo\/amaca-direttore-giardino-legno-luce-colore-grezzo-tessuto-pieghevole-java-luce\/","name":"Amaca direttore giardino legno chiaro colore grezzo tessuto pieghevole - Java Light - Kerama","isPartOf":{"@id":"https:\/\/keramamueblesdejardin.com\/it\/#website"},"primaryImageOfPage":{"@id":"https:\/\/keramamueblesdejardin.com\/it\/sedie-a-sdraio-e-riposo\/amaca-direttore-giardino-legno-luce-colore-grezzo-tessuto-pieghevole-java-luce\/#primaryimage"},"image":{"@id":"https:\/\/keramamueblesdejardin.com\/it\/sedie-a-sdraio-e-riposo\/amaca-direttore-giardino-legno-luce-colore-grezzo-tessuto-pieghevole-java-luce\/#primaryimage"},"thumbnailUrl":"https:\/\/keramamueblesdejardin.com\/wp-content\/uploads\/2022\/09\/L1560548-scaled.jpg","datePublished":"2022-09-13T13:24:09+00:00","dateModified":"2024-06-13T13:41:04+00:00","breadcrumb":{"@id":"https:\/\/keramamueblesdejardin.com\/it\/sedie-a-sdraio-e-riposo\/amaca-direttore-giardino-legno-luce-colore-grezzo-tessuto-pieghevole-java-luce\/#breadcrumb"},"inLanguage":"it-IT","potentialAction":[{"@type":"ReadAction","target":["https:\/\/keramamueblesdejardin.com\/it\/sedie-a-sdraio-e-riposo\/amaca-direttore-giardino-legno-luce-colore-grezzo-tessuto-pieghevole-java-luce\/"]}]},{"@type":"ImageObject","inLanguage":"it-IT","@id":"https:\/\/keramamueblesdejardin.com\/it\/sedie-a-sdraio-e-riposo\/amaca-direttore-giardino-legno-luce-colore-grezzo-tessuto-pieghevole-java-luce\/#primaryimage","url":"https:\/\/keramamueblesdejardin.com\/wp-content\/uploads\/2022\/09\/L1560548-scaled.jpg","contentUrl":"https:\/\/keramamueblesdejardin.com\/wp-content\/uploads\/2022\/09\/L1560548-scaled.jpg","width":2560,"height":1707},{"@type":"BreadcrumbList","@id":"https:\/\/keramamueblesdejardin.com\/it\/sedie-a-sdraio-e-riposo\/amaca-direttore-giardino-legno-luce-colore-grezzo-tessuto-pieghevole-java-luce\/#breadcrumb","itemListElement":[{"@type":"ListItem","position":1,"name":"Home","item":"https:\/\/keramamueblesdejardin.com\/it\/"},{"@type":"ListItem","position":2,"name":"Negozio","item":"https:\/\/keramamueblesdejardin.com\/it\/negozio\/"},{"@type":"ListItem","position":3,"name":"Sedie a sdraio e riposo","item":"https:\/\/keramamueblesdejardin.com\/it\/sedie-a-sdraio-e-riposo\/"},{"@type":"ListItem","position":4,"name":"Amaca direttore giardino legno chiaro colore grezzo tessuto pieghevole &#8211; Java Light"}]},{"@type":"WebSite","@id":"https:\/\/keramamueblesdejardin.com\/it\/#website","url":"https:\/\/keramamueblesdejardin.com\/it\/","name":"Kerama","description":"muebles de jard\u00edn","publisher":{"@id":"https:\/\/keramamueblesdejardin.com\/it\/#organization"},"potentialAction":[{"@type":"SearchAction","target":{"@type":"EntryPoint","urlTemplate":"https:\/\/keramamueblesdejardin.com\/it\/?s={search_term_string}"},"query-input":{"@type":"PropertyValueSpecification","valueRequired":true,"valueName":"search_term_string"}}],"inLanguage":"it-IT"},{"@type":"Organization","@id":"https:\/\/keramamueblesdejardin.com\/it\/#organization","name":"kerama","url":"https:\/\/keramamueblesdejardin.com\/it\/","logo":{"@type":"ImageObject","inLanguage":"it-IT","@id":"https:\/\/keramamueblesdejardin.com\/it\/#\/schema\/logo\/image\/","url":"https:\/\/keramamueblesdejardin.com\/wp-content\/uploads\/2020\/12\/k.-scaled.jpg","contentUrl":"https:\/\/keramamueblesdejardin.com\/wp-content\/uploads\/2020\/12\/k.-scaled.jpg","width":2560,"height":551,"caption":"kerama"},"image":{"@id":"https:\/\/keramamueblesdejardin.com\/it\/#\/schema\/logo\/image\/"},"sameAs":["https:\/\/www.facebook.com\/Kerama-Muebles-de-Jard\u00edn-106209328312568\/"]}]}},"df_price":89,"df_sale_price":89,"df_regular_price":114,"df_image_link":"https:\/\/keramamueblesdejardin.com\/wp-content\/uploads\/2022\/09\/L1560548-300x200.jpg","custom_tabs":"","_links":{"self":[{"href":"https:\/\/keramamueblesdejardin.com\/it\/wp-json\/wp\/v2\/product\/86412","targetHints":{"allow":["GET"]}}],"collection":[{"href":"https:\/\/keramamueblesdejardin.com\/it\/wp-json\/wp\/v2\/product"}],"about":[{"href":"https:\/\/keramamueblesdejardin.com\/it\/wp-json\/wp\/v2\/types\/product"}],"replies":[{"embeddable":true,"href":"https:\/\/keramamueblesdejardin.com\/it\/wp-json\/wp\/v2\/comments?post=86412"}],"wp:featuredmedia":[{"embeddable":true,"href":"https:\/\/keramamueblesdejardin.com\/it\/wp-json\/wp\/v2\/media\/86180"}],"wp:attachment":[{"href":"https:\/\/keramamueblesdejardin.com\/it\/wp-json\/wp\/v2\/media?parent=86412"}],"wp:term":[{"taxonomy":"product_brand","embeddable":true,"href":"https:\/\/keramamueblesdejardin.com\/it\/wp-json\/wp\/v2\/product_brand?post=86412"},{"taxonomy":"product_cat","embeddable":true,"href":"https:\/\/keramamueblesdejardin.com\/it\/wp-json\/wp\/v2\/product_cat?post=86412"},{"taxonomy":"product_tag","embeddable":true,"href":"https:\/\/keramamueblesdejardin.com\/it\/wp-json\/wp\/v2\/product_tag?post=86412"}],"curies":[{"name":"wp","href":"https:\/\/api.w.org\/{rel}","templated":true}]}}