{"id":86012,"date":"2022-09-13T15:24:39","date_gmt":"2022-09-13T13:24:39","guid":{"rendered":"https:\/\/keramamueblesdejardin.com\/senza-categoria\/set-da-pranzo-da-giardino-tavolo-verde-in-legno-e-ceramica-200x100-8-sedie-impilabili-in-rattan-sintetico-con-cuscino-bologna-java-light-bologna\/"},"modified":"2025-05-13T08:25:44","modified_gmt":"2025-05-13T06:25:44","slug":"giardino-set-pranzo-tavolo-legno-e-verde-ceramica-200x100-8-impilabile-sedie-ratan-sintetico-con-cuscino-bologna-java-luce-bologna","status":"publish","type":"product","link":"https:\/\/keramamueblesdejardin.com\/it\/sale-da-pranzo-allaperto\/set-di-tavoli-e-sedie-da-giardino\/giardino-set-pranzo-tavolo-legno-e-verde-ceramica-200x100-8-impilabile-sedie-ratan-sintetico-con-cuscino-bologna-java-luce-bologna\/","title":{"rendered":"Set da pranzo da giardino tavolo verde in legno e ceramica 200&#215;100 + 8 sedie impilabili in rattan sintetico con cuscino Bologna &#8211; Java Light &amp; Bologna"},"content":{"rendered":"<p>Confezione da 8 sedie da pranzo da esterno impilabili realizzate con struttura in alluminio e rattan sintetico intrecciato a mano in testa di moro beige e cuscini in poliestere da 230g. Il cuscino di seduta \u00e8 realizzato in poliestere beige e sfoderabile. L&#8217;imbottitura della base \u00e8 in schiuma 22D e spessa 5 cm. Misure: 62x65x86cm.<br \/>\nTavolo da giardino realizzato in acacia chiara con piano in ceramica 33&#215;33 in finitura verde smaltato. La costruzione del tavolo \u00e8 molto robusta e resistente. Puoi combinarlo con il resto degli elementi della famiglia Java Light, e allo stesso tempo \u00e8 un tavolo molto versatile che pu\u00f2 essere combinato con elementi metallici industriali, classici, rustici, moderni&#8230;<\/p>\n","protected":false},"excerpt":{"rendered":"<ul>\n<li style=\"list-style-type: none;\">\n<ul>\n<li>Confezione da 8 sedie da pranzo impilabili con struttura in alluminio e rattan sintetico intrecciato marrone scuro beige scuro<\/li>\n<li>Cuscini sfoderabili beige<\/li>\n<li>Dimensioni sedia: 62x65x86cm<\/li>\n<li>Tavolo in legno e ceramica smaltata verde. Misure : 200x100x75 cm<\/li>\n<\/ul>\n<\/li>\n<\/ul>\n","protected":false},"featured_media":85967,"comment_status":"closed","ping_status":"closed","template":"","meta":{"_acf_changed":false},"product_brand":[],"product_cat":[2775,2776],"product_tag":[2787,2910,2789,2784,2892],"class_list":{"0":"post-86012","1":"product","2":"type-product","3":"status-publish","4":"has-post-thumbnail","6":"product_cat-sale-da-pranzo-allaperto","7":"product_cat-set-di-tavoli-e-sedie-da-giardino","8":"product_tag-acacia-it","9":"product_tag-estensibile","10":"product_tag-giava","11":"product_tag-legno","12":"product_tag-pieghevole","13":"product_shipping_class-envio-gratuito-it","14":"pa_ancho-260-it","15":"pa_asientos-8-it","16":"pa_caracteristicas-coperture-lavabili","17":"pa_coleccion-bologna","18":"pa_coleccion-luce-java","19":"pa_forma-rettangolare","20":"pa_largo-360-it","21":"pa_m2-936-it","22":"pa_material-legno-chiaro","23":"pa_material-rattan","24":"pa_tamano-espacio-grande-it","26":"first","27":"outofstock","28":"sale","29":"purchasable","30":"product-type-simple","31":"add-to-wishlist-before_image"},"acf":[],"yoast_head":"<!-- This site is optimized with the Yoast SEO plugin v27.2 - https:\/\/yoast.com\/product\/yoast-seo-wordpress\/ -->\n<title>Set da pranzo da giardino tavolo verde in legno e ceramica 200x100 + 8 sedie impilabili in rattan sintetico con cuscino Bologna - Java Light &amp; Bologna - Kerama<\/title>\n<meta name=\"robots\" content=\"index, follow, max-snippet:-1, max-image-preview:large, max-video-preview:-1\" \/>\n<link rel=\"canonical\" href=\"https:\/\/keramamueblesdejardin.com\/it\/sale-da-pranzo-allaperto\/set-di-tavoli-e-sedie-da-giardino\/giardino-set-pranzo-tavolo-legno-e-verde-ceramica-200x100-8-impilabile-sedie-ratan-sintetico-con-cuscino-bologna-java-luce-bologna\/\" \/>\n<meta property=\"og:locale\" content=\"it_IT\" \/>\n<meta property=\"og:type\" content=\"article\" \/>\n<meta property=\"og:title\" content=\"Set da pranzo da giardino tavolo verde in legno e ceramica 200x100 + 8 sedie impilabili in rattan sintetico con cuscino Bologna - Java Light &amp; Bologna - Kerama\" \/>\n<meta property=\"og:description\" content=\"Confezione da 8 sedie da pranzo impilabili con struttura in alluminio e rattan sintetico intrecciato marrone scuro beige scuro  Cuscini sfoderabili beige  Dimensioni sedia: 62x65x86cm  Tavolo in legno e ceramica smaltata verde. Misure : 200x100x75 cm\" \/>\n<meta property=\"og:url\" content=\"https:\/\/keramamueblesdejardin.com\/it\/sale-da-pranzo-allaperto\/set-di-tavoli-e-sedie-da-giardino\/giardino-set-pranzo-tavolo-legno-e-verde-ceramica-200x100-8-impilabile-sedie-ratan-sintetico-con-cuscino-bologna-java-luce-bologna\/\" \/>\n<meta property=\"og:site_name\" content=\"Kerama\" \/>\n<meta property=\"article:publisher\" content=\"https:\/\/www.facebook.com\/Kerama-Muebles-de-Jard%c3%adn-106209328312568\/\" \/>\n<meta property=\"article:modified_time\" content=\"2025-05-13T06:25:44+00:00\" \/>\n<meta property=\"og:image\" content=\"https:\/\/keramamueblesdejardin.com\/wp-content\/uploads\/2022\/09\/L1650734_Vr-scaled.jpg\" \/>\n\t<meta property=\"og:image:width\" content=\"2560\" \/>\n\t<meta property=\"og:image:height\" content=\"1707\" \/>\n\t<meta property=\"og:image:type\" content=\"image\/jpeg\" \/>\n<meta name=\"twitter:card\" content=\"summary_large_image\" \/>\n<meta name=\"twitter:label1\" content=\"Tempo di lettura stimato\" \/>\n\t<meta name=\"twitter:data1\" content=\"1 minuto\" \/>\n<script type=\"application\/ld+json\" class=\"yoast-schema-graph\">{\"@context\":\"https:\/\/schema.org\",\"@graph\":[{\"@type\":\"WebPage\",\"@id\":\"https:\/\/keramamueblesdejardin.com\/it\/sale-da-pranzo-allaperto\/set-di-tavoli-e-sedie-da-giardino\/giardino-set-pranzo-tavolo-legno-e-verde-ceramica-200x100-8-impilabile-sedie-ratan-sintetico-con-cuscino-bologna-java-luce-bologna\/\",\"url\":\"https:\/\/keramamueblesdejardin.com\/it\/sale-da-pranzo-allaperto\/set-di-tavoli-e-sedie-da-giardino\/giardino-set-pranzo-tavolo-legno-e-verde-ceramica-200x100-8-impilabile-sedie-ratan-sintetico-con-cuscino-bologna-java-luce-bologna\/\",\"name\":\"Set da pranzo da giardino tavolo verde in legno e ceramica 200x100 + 8 sedie impilabili in rattan sintetico con cuscino Bologna - Java Light &amp; Bologna - Kerama\",\"isPartOf\":{\"@id\":\"https:\/\/keramamueblesdejardin.com\/it\/#website\"},\"primaryImageOfPage\":{\"@id\":\"https:\/\/keramamueblesdejardin.com\/it\/sale-da-pranzo-allaperto\/set-di-tavoli-e-sedie-da-giardino\/giardino-set-pranzo-tavolo-legno-e-verde-ceramica-200x100-8-impilabile-sedie-ratan-sintetico-con-cuscino-bologna-java-luce-bologna\/#primaryimage\"},\"image\":{\"@id\":\"https:\/\/keramamueblesdejardin.com\/it\/sale-da-pranzo-allaperto\/set-di-tavoli-e-sedie-da-giardino\/giardino-set-pranzo-tavolo-legno-e-verde-ceramica-200x100-8-impilabile-sedie-ratan-sintetico-con-cuscino-bologna-java-luce-bologna\/#primaryimage\"},\"thumbnailUrl\":\"https:\/\/keramamueblesdejardin.com\/wp-content\/uploads\/2022\/09\/L1650734_Vr-scaled.jpg\",\"datePublished\":\"2022-09-13T13:24:39+00:00\",\"dateModified\":\"2025-05-13T06:25:44+00:00\",\"breadcrumb\":{\"@id\":\"https:\/\/keramamueblesdejardin.com\/it\/sale-da-pranzo-allaperto\/set-di-tavoli-e-sedie-da-giardino\/giardino-set-pranzo-tavolo-legno-e-verde-ceramica-200x100-8-impilabile-sedie-ratan-sintetico-con-cuscino-bologna-java-luce-bologna\/#breadcrumb\"},\"inLanguage\":\"it-IT\",\"potentialAction\":[{\"@type\":\"ReadAction\",\"target\":[\"https:\/\/keramamueblesdejardin.com\/it\/sale-da-pranzo-allaperto\/set-di-tavoli-e-sedie-da-giardino\/giardino-set-pranzo-tavolo-legno-e-verde-ceramica-200x100-8-impilabile-sedie-ratan-sintetico-con-cuscino-bologna-java-luce-bologna\/\"]}]},{\"@type\":\"ImageObject\",\"inLanguage\":\"it-IT\",\"@id\":\"https:\/\/keramamueblesdejardin.com\/it\/sale-da-pranzo-allaperto\/set-di-tavoli-e-sedie-da-giardino\/giardino-set-pranzo-tavolo-legno-e-verde-ceramica-200x100-8-impilabile-sedie-ratan-sintetico-con-cuscino-bologna-java-luce-bologna\/#primaryimage\",\"url\":\"https:\/\/keramamueblesdejardin.com\/wp-content\/uploads\/2022\/09\/L1650734_Vr-scaled.jpg\",\"contentUrl\":\"https:\/\/keramamueblesdejardin.com\/wp-content\/uploads\/2022\/09\/L1650734_Vr-scaled.jpg\",\"width\":2560,\"height\":1707},{\"@type\":\"BreadcrumbList\",\"@id\":\"https:\/\/keramamueblesdejardin.com\/it\/sale-da-pranzo-allaperto\/set-di-tavoli-e-sedie-da-giardino\/giardino-set-pranzo-tavolo-legno-e-verde-ceramica-200x100-8-impilabile-sedie-ratan-sintetico-con-cuscino-bologna-java-luce-bologna\/#breadcrumb\",\"itemListElement\":[{\"@type\":\"ListItem\",\"position\":1,\"name\":\"Home\",\"item\":\"https:\/\/keramamueblesdejardin.com\/it\/\"},{\"@type\":\"ListItem\",\"position\":2,\"name\":\"Negozio\",\"item\":\"https:\/\/keramamueblesdejardin.com\/it\/negozio\/\"},{\"@type\":\"ListItem\",\"position\":3,\"name\":\"Sale da pranzo all'aperto\",\"item\":\"https:\/\/keramamueblesdejardin.com\/it\/sale-da-pranzo-allaperto\/\"},{\"@type\":\"ListItem\",\"position\":4,\"name\":\"Set di tavoli e sedie da giardino\",\"item\":\"https:\/\/keramamueblesdejardin.com\/it\/sale-da-pranzo-allaperto\/set-di-tavoli-e-sedie-da-giardino\/\"},{\"@type\":\"ListItem\",\"position\":5,\"name\":\"Set da pranzo da giardino tavolo verde in legno e ceramica 200&#215;100 + 8 sedie impilabili in rattan sintetico con cuscino Bologna &#8211; Java Light &amp; Bologna\"}]},{\"@type\":\"WebSite\",\"@id\":\"https:\/\/keramamueblesdejardin.com\/it\/#website\",\"url\":\"https:\/\/keramamueblesdejardin.com\/it\/\",\"name\":\"Kerama\",\"description\":\"muebles de jard\u00edn\",\"publisher\":{\"@id\":\"https:\/\/keramamueblesdejardin.com\/it\/#organization\"},\"potentialAction\":[{\"@type\":\"SearchAction\",\"target\":{\"@type\":\"EntryPoint\",\"urlTemplate\":\"https:\/\/keramamueblesdejardin.com\/it\/?s={search_term_string}\"},\"query-input\":{\"@type\":\"PropertyValueSpecification\",\"valueRequired\":true,\"valueName\":\"search_term_string\"}}],\"inLanguage\":\"it-IT\"},{\"@type\":\"Organization\",\"@id\":\"https:\/\/keramamueblesdejardin.com\/it\/#organization\",\"name\":\"kerama\",\"url\":\"https:\/\/keramamueblesdejardin.com\/it\/\",\"logo\":{\"@type\":\"ImageObject\",\"inLanguage\":\"it-IT\",\"@id\":\"https:\/\/keramamueblesdejardin.com\/it\/#\/schema\/logo\/image\/\",\"url\":\"https:\/\/keramamueblesdejardin.com\/wp-content\/uploads\/2020\/12\/k.-scaled.jpg\",\"contentUrl\":\"https:\/\/keramamueblesdejardin.com\/wp-content\/uploads\/2020\/12\/k.-scaled.jpg\",\"width\":2560,\"height\":551,\"caption\":\"kerama\"},\"image\":{\"@id\":\"https:\/\/keramamueblesdejardin.com\/it\/#\/schema\/logo\/image\/\"},\"sameAs\":[\"https:\/\/www.facebook.com\/Kerama-Muebles-de-Jard\u00edn-106209328312568\/\"]}]}<\/script>\n<!-- \/ Yoast SEO plugin. -->","yoast_head_json":{"title":"Set da pranzo da giardino tavolo verde in legno e ceramica 200x100 + 8 sedie impilabili in rattan sintetico con cuscino Bologna - Java Light &amp; Bologna - Kerama","robots":{"index":"index","follow":"follow","max-snippet":"max-snippet:-1","max-image-preview":"max-image-preview:large","max-video-preview":"max-video-preview:-1"},"canonical":"https:\/\/keramamueblesdejardin.com\/it\/sale-da-pranzo-allaperto\/set-di-tavoli-e-sedie-da-giardino\/giardino-set-pranzo-tavolo-legno-e-verde-ceramica-200x100-8-impilabile-sedie-ratan-sintetico-con-cuscino-bologna-java-luce-bologna\/","og_locale":"it_IT","og_type":"article","og_title":"Set da pranzo da giardino tavolo verde in legno e ceramica 200x100 + 8 sedie impilabili in rattan sintetico con cuscino Bologna - Java Light &amp; Bologna - Kerama","og_description":"Confezione da 8 sedie da pranzo impilabili con struttura in alluminio e rattan sintetico intrecciato marrone scuro beige scuro  Cuscini sfoderabili beige  Dimensioni sedia: 62x65x86cm  Tavolo in legno e ceramica smaltata verde. Misure : 200x100x75 cm","og_url":"https:\/\/keramamueblesdejardin.com\/it\/sale-da-pranzo-allaperto\/set-di-tavoli-e-sedie-da-giardino\/giardino-set-pranzo-tavolo-legno-e-verde-ceramica-200x100-8-impilabile-sedie-ratan-sintetico-con-cuscino-bologna-java-luce-bologna\/","og_site_name":"Kerama","article_publisher":"https:\/\/www.facebook.com\/Kerama-Muebles-de-Jard%c3%adn-106209328312568\/","article_modified_time":"2025-05-13T06:25:44+00:00","og_image":[{"width":2560,"height":1707,"url":"https:\/\/keramamueblesdejardin.com\/wp-content\/uploads\/2022\/09\/L1650734_Vr-scaled.jpg","type":"image\/jpeg"}],"twitter_card":"summary_large_image","twitter_misc":{"Tempo di lettura stimato":"1 minuto"},"schema":{"@context":"https:\/\/schema.org","@graph":[{"@type":"WebPage","@id":"https:\/\/keramamueblesdejardin.com\/it\/sale-da-pranzo-allaperto\/set-di-tavoli-e-sedie-da-giardino\/giardino-set-pranzo-tavolo-legno-e-verde-ceramica-200x100-8-impilabile-sedie-ratan-sintetico-con-cuscino-bologna-java-luce-bologna\/","url":"https:\/\/keramamueblesdejardin.com\/it\/sale-da-pranzo-allaperto\/set-di-tavoli-e-sedie-da-giardino\/giardino-set-pranzo-tavolo-legno-e-verde-ceramica-200x100-8-impilabile-sedie-ratan-sintetico-con-cuscino-bologna-java-luce-bologna\/","name":"Set da pranzo da giardino tavolo verde in legno e ceramica 200x100 + 8 sedie impilabili in rattan sintetico con cuscino Bologna - Java Light &amp; Bologna - Kerama","isPartOf":{"@id":"https:\/\/keramamueblesdejardin.com\/it\/#website"},"primaryImageOfPage":{"@id":"https:\/\/keramamueblesdejardin.com\/it\/sale-da-pranzo-allaperto\/set-di-tavoli-e-sedie-da-giardino\/giardino-set-pranzo-tavolo-legno-e-verde-ceramica-200x100-8-impilabile-sedie-ratan-sintetico-con-cuscino-bologna-java-luce-bologna\/#primaryimage"},"image":{"@id":"https:\/\/keramamueblesdejardin.com\/it\/sale-da-pranzo-allaperto\/set-di-tavoli-e-sedie-da-giardino\/giardino-set-pranzo-tavolo-legno-e-verde-ceramica-200x100-8-impilabile-sedie-ratan-sintetico-con-cuscino-bologna-java-luce-bologna\/#primaryimage"},"thumbnailUrl":"https:\/\/keramamueblesdejardin.com\/wp-content\/uploads\/2022\/09\/L1650734_Vr-scaled.jpg","datePublished":"2022-09-13T13:24:39+00:00","dateModified":"2025-05-13T06:25:44+00:00","breadcrumb":{"@id":"https:\/\/keramamueblesdejardin.com\/it\/sale-da-pranzo-allaperto\/set-di-tavoli-e-sedie-da-giardino\/giardino-set-pranzo-tavolo-legno-e-verde-ceramica-200x100-8-impilabile-sedie-ratan-sintetico-con-cuscino-bologna-java-luce-bologna\/#breadcrumb"},"inLanguage":"it-IT","potentialAction":[{"@type":"ReadAction","target":["https:\/\/keramamueblesdejardin.com\/it\/sale-da-pranzo-allaperto\/set-di-tavoli-e-sedie-da-giardino\/giardino-set-pranzo-tavolo-legno-e-verde-ceramica-200x100-8-impilabile-sedie-ratan-sintetico-con-cuscino-bologna-java-luce-bologna\/"]}]},{"@type":"ImageObject","inLanguage":"it-IT","@id":"https:\/\/keramamueblesdejardin.com\/it\/sale-da-pranzo-allaperto\/set-di-tavoli-e-sedie-da-giardino\/giardino-set-pranzo-tavolo-legno-e-verde-ceramica-200x100-8-impilabile-sedie-ratan-sintetico-con-cuscino-bologna-java-luce-bologna\/#primaryimage","url":"https:\/\/keramamueblesdejardin.com\/wp-content\/uploads\/2022\/09\/L1650734_Vr-scaled.jpg","contentUrl":"https:\/\/keramamueblesdejardin.com\/wp-content\/uploads\/2022\/09\/L1650734_Vr-scaled.jpg","width":2560,"height":1707},{"@type":"BreadcrumbList","@id":"https:\/\/keramamueblesdejardin.com\/it\/sale-da-pranzo-allaperto\/set-di-tavoli-e-sedie-da-giardino\/giardino-set-pranzo-tavolo-legno-e-verde-ceramica-200x100-8-impilabile-sedie-ratan-sintetico-con-cuscino-bologna-java-luce-bologna\/#breadcrumb","itemListElement":[{"@type":"ListItem","position":1,"name":"Home","item":"https:\/\/keramamueblesdejardin.com\/it\/"},{"@type":"ListItem","position":2,"name":"Negozio","item":"https:\/\/keramamueblesdejardin.com\/it\/negozio\/"},{"@type":"ListItem","position":3,"name":"Sale da pranzo all'aperto","item":"https:\/\/keramamueblesdejardin.com\/it\/sale-da-pranzo-allaperto\/"},{"@type":"ListItem","position":4,"name":"Set di tavoli e sedie da giardino","item":"https:\/\/keramamueblesdejardin.com\/it\/sale-da-pranzo-allaperto\/set-di-tavoli-e-sedie-da-giardino\/"},{"@type":"ListItem","position":5,"name":"Set da pranzo da giardino tavolo verde in legno e ceramica 200&#215;100 + 8 sedie impilabili in rattan sintetico con cuscino Bologna &#8211; Java Light &amp; Bologna"}]},{"@type":"WebSite","@id":"https:\/\/keramamueblesdejardin.com\/it\/#website","url":"https:\/\/keramamueblesdejardin.com\/it\/","name":"Kerama","description":"muebles de jard\u00edn","publisher":{"@id":"https:\/\/keramamueblesdejardin.com\/it\/#organization"},"potentialAction":[{"@type":"SearchAction","target":{"@type":"EntryPoint","urlTemplate":"https:\/\/keramamueblesdejardin.com\/it\/?s={search_term_string}"},"query-input":{"@type":"PropertyValueSpecification","valueRequired":true,"valueName":"search_term_string"}}],"inLanguage":"it-IT"},{"@type":"Organization","@id":"https:\/\/keramamueblesdejardin.com\/it\/#organization","name":"kerama","url":"https:\/\/keramamueblesdejardin.com\/it\/","logo":{"@type":"ImageObject","inLanguage":"it-IT","@id":"https:\/\/keramamueblesdejardin.com\/it\/#\/schema\/logo\/image\/","url":"https:\/\/keramamueblesdejardin.com\/wp-content\/uploads\/2020\/12\/k.-scaled.jpg","contentUrl":"https:\/\/keramamueblesdejardin.com\/wp-content\/uploads\/2020\/12\/k.-scaled.jpg","width":2560,"height":551,"caption":"kerama"},"image":{"@id":"https:\/\/keramamueblesdejardin.com\/it\/#\/schema\/logo\/image\/"},"sameAs":["https:\/\/www.facebook.com\/Kerama-Muebles-de-Jard\u00edn-106209328312568\/"]}]}},"df_price":2489,"df_sale_price":2489,"df_regular_price":3062,"df_image_link":"https:\/\/keramamueblesdejardin.com\/wp-content\/uploads\/2022\/09\/L1650734_Vr-300x200.jpg","custom_tabs":[{"title":"MISURAZIONE","id":"misurazione","content":"<div class=\"list\">\n<div class=\"list\" style=\"color: #282828;\">\n<div class=\"list\" style=\"color: #282828;\"><strong style=\"font-weight: bold;\">Altezza: <\/strong>tavolo 75cm \/ sedia 86cm<\/div>\n<div class=\"list\" style=\"color: #282828;\"><strong style=\"font-weight: bold;\">Larghezza: <\/strong>tavolo 200cm \/ sedia 62cm<\/div>\n<div class=\"list\" style=\"color: #282828;\"><strong style=\"font-weight: bold;\">Profondit\u00e0: <\/strong>tavolo 100cm \/ sedia 65cm<\/div>\n<\/div>\n<\/div>"},{"title":"DISIMBALLAGGIO E MONTAGGIO","id":"disimballaggio-e-assemblaggio","content":"<div class=\"list\"><strong style=\"font-weight: bold; color: #282828;\">Raccomandazioni per<\/strong> il disimballaggio: <span style=\"color: #282828;\"> Non utilizzare utensili affilati durante il disimballaggio dei mobili in quanto potrebbe causare danni<\/span><br style=\"color: #282828;\"><strong style=\"font-weight: bold; color: #282828;\">Richiede il montaggio (s\u00ec\/no):<\/strong><span style=\"color: #282828;\"> S\u00ec<\/span><br style=\"color: #282828;\"><strong style=\"font-weight: bold; color: #282828;\">Difficolt\u00e0 di montaggio:<\/strong><span style=\"color: #282828;\"> Bassa<\/span><br style=\"color: #282828;\"><strong style=\"font-weight: bold; color: #282828;\">Tempo di assemblaggio:<\/strong><span style=\"color: #282828;\"> 40 minuti<\/span><br style=\"color: #282828;\"><strong style=\"font-weight: bold; color: #282828;\">Persone consigliate per il montaggio:<\/strong><span style=\"color: #282828;\"> 2<\/span><br style=\"color: #282828;\"><strong style=\"font-weight: bold; color: #282828;\">Suggerimenti di montaggio:<\/strong><span style=\"color: #282828;\">  Preparare un'area di assemblaggio pulita e asciutta, verificare che nessuna delle parti indicate nel manuale manchi. Si consiglia di indossare guanti adatti al montaggio. Utilizzare solo le parti e l'hardware in dotazione.<\/span><\/div>"},{"title":"MANUTENZIONE E GARANZIE","id":"manutenzione-e-garanzie","content":"<strong>Raccomandazioni generali:<\/strong>\n\u2022 Guasti o danni causati da:\n\u2022 Cause accidentali come cadute, colpi, fuoriuscite di liquidi, introduzione di corpi estranei, nonch\u00e9 qualsiasi altra causa di forza maggiore.\n\u2022 Uso negligente, improprio o non domestico.\n\u2022 Danni, corrosione e\/o ossidazione accelerati da condizioni ambientali avverse\n\u2022 Macchie e scolorimenti dovuti al mancato rispetto delle nostre istruzioni di pulizia\n\u2022 Danni verificatisi durante il montaggio e la manipolazione senza aver seguito le istruzioni di montaggio indicate.\n<strong>Istruzioni per l'uso e la manutenzione:<\/strong>\n\u2022 Pulire delicatamente con l'aiuto di un panno o utilizzare un sapone liquido neutro, risciacquando con abbondante acqua.\n\u2022 Rimuovere regolarmente la polvere con l'aiuto di un panno morbido e acqua pulita.\n\u2022 Non utilizzare detergenti o prodotti abrasivi per la pulizia.\n\u2022 Trattamento con olio di lino: Prima di applicare uno strato di olio di lino sul prodotto allo stato naturale \u00e8 consigliabile lasciarlo all'esterno per 2 o 3 settimane, in modo da assumere un aspetto omogeneo e aerarlo. Pulire con acqua pulita usando un pennello e lasciare asciugare. Una volta ben asciutto, va carteggiato con una carta vetrata di grammatura tra 120 e 150 con cura e senza stringere, seguendo, per quanto possibile, la direzione delle vene; Questa operazione non viene mai eseguita nelle prime ore del giorno.\nPer mantenere il colore \u00e8 consigliabile ripetere il processo una o due volte l'anno.\nSe l'olio di lino \u00e8 gi\u00e0 stato applicato ai mobili \u00e8 consigliabile carteggiarlo ogni tre anni in modo che gli strati successivi di olio non impediscano la traspirazione del legno.\n<strong>Anni di garanzia:<\/strong> 3 anni\n<strong>Prodotto secondo lo standard:<\/strong> 581-1,581-2,581-3\n<strong>Certificazione FSC (s\u00ec\/no):<\/strong> S\u00ec"}],"_links":{"self":[{"href":"https:\/\/keramamueblesdejardin.com\/it\/wp-json\/wp\/v2\/product\/86012","targetHints":{"allow":["GET"]}}],"collection":[{"href":"https:\/\/keramamueblesdejardin.com\/it\/wp-json\/wp\/v2\/product"}],"about":[{"href":"https:\/\/keramamueblesdejardin.com\/it\/wp-json\/wp\/v2\/types\/product"}],"replies":[{"embeddable":true,"href":"https:\/\/keramamueblesdejardin.com\/it\/wp-json\/wp\/v2\/comments?post=86012"}],"wp:featuredmedia":[{"embeddable":true,"href":"https:\/\/keramamueblesdejardin.com\/it\/wp-json\/wp\/v2\/media\/85967"}],"wp:attachment":[{"href":"https:\/\/keramamueblesdejardin.com\/it\/wp-json\/wp\/v2\/media?parent=86012"}],"wp:term":[{"taxonomy":"product_brand","embeddable":true,"href":"https:\/\/keramamueblesdejardin.com\/it\/wp-json\/wp\/v2\/product_brand?post=86012"},{"taxonomy":"product_cat","embeddable":true,"href":"https:\/\/keramamueblesdejardin.com\/it\/wp-json\/wp\/v2\/product_cat?post=86012"},{"taxonomy":"product_tag","embeddable":true,"href":"https:\/\/keramamueblesdejardin.com\/it\/wp-json\/wp\/v2\/product_tag?post=86012"}],"curies":[{"name":"wp","href":"https:\/\/api.w.org\/{rel}","templated":true}]}}