{"id":85979,"date":"2022-09-13T15:24:39","date_gmt":"2022-09-13T13:24:39","guid":{"rendered":"https:\/\/keramamueblesdejardin.com\/senza-categoria\/set-da-pranzo-da-giardino-tavolo-in-legno-e-ceramica-blu-200x100-8-sedie-legno-e-tessuto-beige-java-light\/"},"modified":"2023-08-31T08:21:50","modified_gmt":"2023-08-31T06:21:50","slug":"giardino-set-pranzo-tavolo-legno-e-blu-ceramica-200x100-8-sedie-legno-e-textilene-beige-java-light","status":"publish","type":"product","link":"https:\/\/keramamueblesdejardin.com\/it\/sale-da-pranzo-allaperto\/set-di-tavoli-e-sedie-da-giardino\/giardino-set-pranzo-tavolo-legno-e-blu-ceramica-200x100-8-sedie-legno-e-textilene-beige-java-light\/","title":{"rendered":"Set da pranzo da giardino tavolo in legno e ceramica blu 200&#215;100 + 8 sedie legno e tessuto beige &#8211; Java Light"},"content":{"rendered":"<p>Confezione da 8 sedie pieghevoli in legno di acacia con braccioli. La base del sedile e lo schienale sono realizzati in tessuto beige. Misure 58x54x89,5cm. Peso 5kg<br \/>\nTavolo da giardino in acacia chiara con piano in ceramica 33&#215;33 in finitura blu smaltato. La costruzione del tavolo \u00e8 molto robusta e resistente. Puoi combinarlo con il resto degli elementi della famiglia Java Light, e allo stesso tempo \u00e8 un tavolo molto versatile che pu\u00f2 essere combinato con elementi metallici industriali, classici, rustici, moderni&#8230;<\/p>\n","protected":false},"excerpt":{"rendered":"<ul>\n<li>Confezione da 8 Poltrona con braccioli da giardino pieghevoli in legno di acacia con braccioli<\/li>\n<li>Finitura legno di colore chiaro<\/li>\n<li>Seduta e schienale in tessuto beige<\/li>\n<li>Tavolo in legno e ceramica smaltata blu. Misure : 200x100x75 cm<\/li>\n<\/ul>\n","protected":false},"featured_media":85984,"comment_status":"closed","ping_status":"closed","template":"","meta":{"_acf_changed":false},"product_brand":[],"product_cat":[2775,2776],"product_tag":[2787,2910,2789,2784,2892],"class_list":{"0":"post-85979","1":"product","2":"type-product","3":"status-publish","4":"has-post-thumbnail","6":"product_cat-sale-da-pranzo-allaperto","7":"product_cat-set-di-tavoli-e-sedie-da-giardino","8":"product_tag-acacia-it","9":"product_tag-estensibile","10":"product_tag-giava","11":"product_tag-legno","12":"product_tag-pieghevole","13":"product_shipping_class-envio-gratuito-it","14":"pa_ancho-260-it","15":"pa_asientos-8-it","16":"pa_caracteristicas-bracciolo","17":"pa_caracteristicas-pieghevole","18":"pa_coleccion-luce-java","19":"pa_forma-rettangolare","20":"pa_largo-360-it","21":"pa_m2-936-it","22":"pa_material-legno-chiaro","23":"pa_material-tessile","24":"pa_tamano-espacio-grande-it","26":"first","27":"instock","28":"sale","29":"purchasable","30":"product-type-simple","31":"add-to-wishlist-before_image"},"acf":[],"yoast_head":"<!-- This site is optimized with the Yoast SEO plugin v27.4 - https:\/\/yoast.com\/product\/yoast-seo-wordpress\/ -->\n<title>Set da pranzo da giardino tavolo in legno e ceramica blu 200x100 + 8 sedie legno e tessuto beige - Java Light - Kerama<\/title>\n<meta name=\"robots\" content=\"index, follow, max-snippet:-1, max-image-preview:large, max-video-preview:-1\" \/>\n<link rel=\"canonical\" href=\"https:\/\/keramamueblesdejardin.com\/it\/sale-da-pranzo-allaperto\/set-di-tavoli-e-sedie-da-giardino\/giardino-set-pranzo-tavolo-legno-e-blu-ceramica-200x100-8-sedie-legno-e-textilene-beige-java-light\/\" \/>\n<meta property=\"og:locale\" content=\"it_IT\" \/>\n<meta property=\"og:type\" content=\"article\" \/>\n<meta property=\"og:title\" content=\"Set da pranzo da giardino tavolo in legno e ceramica blu 200x100 + 8 sedie legno e tessuto beige - Java Light - Kerama\" \/>\n<meta property=\"og:description\" content=\"Confezione da 8 Poltrona con braccioli da giardino pieghevoli in legno di acacia con braccioli  Finitura legno di colore chiaro  Seduta e schienale in tessuto beige  Tavolo in legno e ceramica smaltata blu. Misure : 200x100x75 cm\" \/>\n<meta property=\"og:url\" content=\"https:\/\/keramamueblesdejardin.com\/it\/sale-da-pranzo-allaperto\/set-di-tavoli-e-sedie-da-giardino\/giardino-set-pranzo-tavolo-legno-e-blu-ceramica-200x100-8-sedie-legno-e-textilene-beige-java-light\/\" \/>\n<meta property=\"og:site_name\" content=\"Kerama\" \/>\n<meta property=\"article:publisher\" content=\"https:\/\/www.facebook.com\/Kerama-Muebles-de-Jard%c3%adn-106209328312568\/\" \/>\n<meta property=\"article:modified_time\" content=\"2023-08-31T06:21:50+00:00\" \/>\n<meta property=\"og:image\" content=\"https:\/\/keramamueblesdejardin.com\/wp-content\/uploads\/2022\/09\/java-azul-enea-8.jpg\" \/>\n\t<meta property=\"og:image:width\" content=\"1200\" \/>\n\t<meta property=\"og:image:height\" content=\"1200\" \/>\n\t<meta property=\"og:image:type\" content=\"image\/jpeg\" \/>\n<meta name=\"twitter:card\" content=\"summary_large_image\" \/>\n<script type=\"application\/ld+json\" class=\"yoast-schema-graph\">{\"@context\":\"https:\\\/\\\/schema.org\",\"@graph\":[{\"@type\":\"WebPage\",\"@id\":\"https:\\\/\\\/keramamueblesdejardin.com\\\/it\\\/sale-da-pranzo-allaperto\\\/set-di-tavoli-e-sedie-da-giardino\\\/giardino-set-pranzo-tavolo-legno-e-blu-ceramica-200x100-8-sedie-legno-e-textilene-beige-java-light\\\/\",\"url\":\"https:\\\/\\\/keramamueblesdejardin.com\\\/it\\\/sale-da-pranzo-allaperto\\\/set-di-tavoli-e-sedie-da-giardino\\\/giardino-set-pranzo-tavolo-legno-e-blu-ceramica-200x100-8-sedie-legno-e-textilene-beige-java-light\\\/\",\"name\":\"Set da pranzo da giardino tavolo in legno e ceramica blu 200x100 + 8 sedie legno e tessuto beige - Java Light - Kerama\",\"isPartOf\":{\"@id\":\"https:\\\/\\\/keramamueblesdejardin.com\\\/it\\\/#website\"},\"primaryImageOfPage\":{\"@id\":\"https:\\\/\\\/keramamueblesdejardin.com\\\/it\\\/sale-da-pranzo-allaperto\\\/set-di-tavoli-e-sedie-da-giardino\\\/giardino-set-pranzo-tavolo-legno-e-blu-ceramica-200x100-8-sedie-legno-e-textilene-beige-java-light\\\/#primaryimage\"},\"image\":{\"@id\":\"https:\\\/\\\/keramamueblesdejardin.com\\\/it\\\/sale-da-pranzo-allaperto\\\/set-di-tavoli-e-sedie-da-giardino\\\/giardino-set-pranzo-tavolo-legno-e-blu-ceramica-200x100-8-sedie-legno-e-textilene-beige-java-light\\\/#primaryimage\"},\"thumbnailUrl\":\"https:\\\/\\\/keramamueblesdejardin.com\\\/wp-content\\\/uploads\\\/2022\\\/09\\\/java-azul-enea-8.jpg\",\"datePublished\":\"2022-09-13T13:24:39+00:00\",\"dateModified\":\"2023-08-31T06:21:50+00:00\",\"breadcrumb\":{\"@id\":\"https:\\\/\\\/keramamueblesdejardin.com\\\/it\\\/sale-da-pranzo-allaperto\\\/set-di-tavoli-e-sedie-da-giardino\\\/giardino-set-pranzo-tavolo-legno-e-blu-ceramica-200x100-8-sedie-legno-e-textilene-beige-java-light\\\/#breadcrumb\"},\"inLanguage\":\"it-IT\",\"potentialAction\":[{\"@type\":\"ReadAction\",\"target\":[\"https:\\\/\\\/keramamueblesdejardin.com\\\/it\\\/sale-da-pranzo-allaperto\\\/set-di-tavoli-e-sedie-da-giardino\\\/giardino-set-pranzo-tavolo-legno-e-blu-ceramica-200x100-8-sedie-legno-e-textilene-beige-java-light\\\/\"]}]},{\"@type\":\"ImageObject\",\"inLanguage\":\"it-IT\",\"@id\":\"https:\\\/\\\/keramamueblesdejardin.com\\\/it\\\/sale-da-pranzo-allaperto\\\/set-di-tavoli-e-sedie-da-giardino\\\/giardino-set-pranzo-tavolo-legno-e-blu-ceramica-200x100-8-sedie-legno-e-textilene-beige-java-light\\\/#primaryimage\",\"url\":\"https:\\\/\\\/keramamueblesdejardin.com\\\/wp-content\\\/uploads\\\/2022\\\/09\\\/java-azul-enea-8.jpg\",\"contentUrl\":\"https:\\\/\\\/keramamueblesdejardin.com\\\/wp-content\\\/uploads\\\/2022\\\/09\\\/java-azul-enea-8.jpg\",\"width\":1200,\"height\":1200},{\"@type\":\"BreadcrumbList\",\"@id\":\"https:\\\/\\\/keramamueblesdejardin.com\\\/it\\\/sale-da-pranzo-allaperto\\\/set-di-tavoli-e-sedie-da-giardino\\\/giardino-set-pranzo-tavolo-legno-e-blu-ceramica-200x100-8-sedie-legno-e-textilene-beige-java-light\\\/#breadcrumb\",\"itemListElement\":[{\"@type\":\"ListItem\",\"position\":1,\"name\":\"Home\",\"item\":\"https:\\\/\\\/keramamueblesdejardin.com\\\/it\\\/\"},{\"@type\":\"ListItem\",\"position\":2,\"name\":\"Negozio\",\"item\":\"https:\\\/\\\/keramamueblesdejardin.com\\\/it\\\/negozio\\\/\"},{\"@type\":\"ListItem\",\"position\":3,\"name\":\"Sale da pranzo all'aperto\",\"item\":\"https:\\\/\\\/keramamueblesdejardin.com\\\/it\\\/sale-da-pranzo-allaperto\\\/\"},{\"@type\":\"ListItem\",\"position\":4,\"name\":\"Set di tavoli e sedie da giardino\",\"item\":\"https:\\\/\\\/keramamueblesdejardin.com\\\/it\\\/sale-da-pranzo-allaperto\\\/set-di-tavoli-e-sedie-da-giardino\\\/\"},{\"@type\":\"ListItem\",\"position\":5,\"name\":\"Set da pranzo da giardino tavolo in legno e ceramica blu 200&#215;100 + 8 sedie legno e tessuto beige &#8211; Java Light\"}]},{\"@type\":\"WebSite\",\"@id\":\"https:\\\/\\\/keramamueblesdejardin.com\\\/it\\\/#website\",\"url\":\"https:\\\/\\\/keramamueblesdejardin.com\\\/it\\\/\",\"name\":\"Kerama\",\"description\":\"muebles de jard\u00edn\",\"publisher\":{\"@id\":\"https:\\\/\\\/keramamueblesdejardin.com\\\/it\\\/#organization\"},\"potentialAction\":[{\"@type\":\"SearchAction\",\"target\":{\"@type\":\"EntryPoint\",\"urlTemplate\":\"https:\\\/\\\/keramamueblesdejardin.com\\\/it\\\/?s={search_term_string}\"},\"query-input\":{\"@type\":\"PropertyValueSpecification\",\"valueRequired\":true,\"valueName\":\"search_term_string\"}}],\"inLanguage\":\"it-IT\"},{\"@type\":\"Organization\",\"@id\":\"https:\\\/\\\/keramamueblesdejardin.com\\\/it\\\/#organization\",\"name\":\"kerama\",\"url\":\"https:\\\/\\\/keramamueblesdejardin.com\\\/it\\\/\",\"logo\":{\"@type\":\"ImageObject\",\"inLanguage\":\"it-IT\",\"@id\":\"https:\\\/\\\/keramamueblesdejardin.com\\\/it\\\/#\\\/schema\\\/logo\\\/image\\\/\",\"url\":\"https:\\\/\\\/keramamueblesdejardin.com\\\/wp-content\\\/uploads\\\/2020\\\/12\\\/k.-scaled.jpg\",\"contentUrl\":\"https:\\\/\\\/keramamueblesdejardin.com\\\/wp-content\\\/uploads\\\/2020\\\/12\\\/k.-scaled.jpg\",\"width\":2560,\"height\":551,\"caption\":\"kerama\"},\"image\":{\"@id\":\"https:\\\/\\\/keramamueblesdejardin.com\\\/it\\\/#\\\/schema\\\/logo\\\/image\\\/\"},\"sameAs\":[\"https:\\\/\\\/www.facebook.com\\\/Kerama-Muebles-de-Jard\u00edn-106209328312568\\\/\"]}]}<\/script>\n<!-- \/ Yoast SEO plugin. -->","yoast_head_json":{"title":"Set da pranzo da giardino tavolo in legno e ceramica blu 200x100 + 8 sedie legno e tessuto beige - Java Light - Kerama","robots":{"index":"index","follow":"follow","max-snippet":"max-snippet:-1","max-image-preview":"max-image-preview:large","max-video-preview":"max-video-preview:-1"},"canonical":"https:\/\/keramamueblesdejardin.com\/it\/sale-da-pranzo-allaperto\/set-di-tavoli-e-sedie-da-giardino\/giardino-set-pranzo-tavolo-legno-e-blu-ceramica-200x100-8-sedie-legno-e-textilene-beige-java-light\/","og_locale":"it_IT","og_type":"article","og_title":"Set da pranzo da giardino tavolo in legno e ceramica blu 200x100 + 8 sedie legno e tessuto beige - Java Light - Kerama","og_description":"Confezione da 8 Poltrona con braccioli da giardino pieghevoli in legno di acacia con braccioli  Finitura legno di colore chiaro  Seduta e schienale in tessuto beige  Tavolo in legno e ceramica smaltata blu. Misure : 200x100x75 cm","og_url":"https:\/\/keramamueblesdejardin.com\/it\/sale-da-pranzo-allaperto\/set-di-tavoli-e-sedie-da-giardino\/giardino-set-pranzo-tavolo-legno-e-blu-ceramica-200x100-8-sedie-legno-e-textilene-beige-java-light\/","og_site_name":"Kerama","article_publisher":"https:\/\/www.facebook.com\/Kerama-Muebles-de-Jard%c3%adn-106209328312568\/","article_modified_time":"2023-08-31T06:21:50+00:00","og_image":[{"width":1200,"height":1200,"url":"https:\/\/keramamueblesdejardin.com\/wp-content\/uploads\/2022\/09\/java-azul-enea-8.jpg","type":"image\/jpeg"}],"twitter_card":"summary_large_image","schema":{"@context":"https:\/\/schema.org","@graph":[{"@type":"WebPage","@id":"https:\/\/keramamueblesdejardin.com\/it\/sale-da-pranzo-allaperto\/set-di-tavoli-e-sedie-da-giardino\/giardino-set-pranzo-tavolo-legno-e-blu-ceramica-200x100-8-sedie-legno-e-textilene-beige-java-light\/","url":"https:\/\/keramamueblesdejardin.com\/it\/sale-da-pranzo-allaperto\/set-di-tavoli-e-sedie-da-giardino\/giardino-set-pranzo-tavolo-legno-e-blu-ceramica-200x100-8-sedie-legno-e-textilene-beige-java-light\/","name":"Set da pranzo da giardino tavolo in legno e ceramica blu 200x100 + 8 sedie legno e tessuto beige - Java Light - Kerama","isPartOf":{"@id":"https:\/\/keramamueblesdejardin.com\/it\/#website"},"primaryImageOfPage":{"@id":"https:\/\/keramamueblesdejardin.com\/it\/sale-da-pranzo-allaperto\/set-di-tavoli-e-sedie-da-giardino\/giardino-set-pranzo-tavolo-legno-e-blu-ceramica-200x100-8-sedie-legno-e-textilene-beige-java-light\/#primaryimage"},"image":{"@id":"https:\/\/keramamueblesdejardin.com\/it\/sale-da-pranzo-allaperto\/set-di-tavoli-e-sedie-da-giardino\/giardino-set-pranzo-tavolo-legno-e-blu-ceramica-200x100-8-sedie-legno-e-textilene-beige-java-light\/#primaryimage"},"thumbnailUrl":"https:\/\/keramamueblesdejardin.com\/wp-content\/uploads\/2022\/09\/java-azul-enea-8.jpg","datePublished":"2022-09-13T13:24:39+00:00","dateModified":"2023-08-31T06:21:50+00:00","breadcrumb":{"@id":"https:\/\/keramamueblesdejardin.com\/it\/sale-da-pranzo-allaperto\/set-di-tavoli-e-sedie-da-giardino\/giardino-set-pranzo-tavolo-legno-e-blu-ceramica-200x100-8-sedie-legno-e-textilene-beige-java-light\/#breadcrumb"},"inLanguage":"it-IT","potentialAction":[{"@type":"ReadAction","target":["https:\/\/keramamueblesdejardin.com\/it\/sale-da-pranzo-allaperto\/set-di-tavoli-e-sedie-da-giardino\/giardino-set-pranzo-tavolo-legno-e-blu-ceramica-200x100-8-sedie-legno-e-textilene-beige-java-light\/"]}]},{"@type":"ImageObject","inLanguage":"it-IT","@id":"https:\/\/keramamueblesdejardin.com\/it\/sale-da-pranzo-allaperto\/set-di-tavoli-e-sedie-da-giardino\/giardino-set-pranzo-tavolo-legno-e-blu-ceramica-200x100-8-sedie-legno-e-textilene-beige-java-light\/#primaryimage","url":"https:\/\/keramamueblesdejardin.com\/wp-content\/uploads\/2022\/09\/java-azul-enea-8.jpg","contentUrl":"https:\/\/keramamueblesdejardin.com\/wp-content\/uploads\/2022\/09\/java-azul-enea-8.jpg","width":1200,"height":1200},{"@type":"BreadcrumbList","@id":"https:\/\/keramamueblesdejardin.com\/it\/sale-da-pranzo-allaperto\/set-di-tavoli-e-sedie-da-giardino\/giardino-set-pranzo-tavolo-legno-e-blu-ceramica-200x100-8-sedie-legno-e-textilene-beige-java-light\/#breadcrumb","itemListElement":[{"@type":"ListItem","position":1,"name":"Home","item":"https:\/\/keramamueblesdejardin.com\/it\/"},{"@type":"ListItem","position":2,"name":"Negozio","item":"https:\/\/keramamueblesdejardin.com\/it\/negozio\/"},{"@type":"ListItem","position":3,"name":"Sale da pranzo all'aperto","item":"https:\/\/keramamueblesdejardin.com\/it\/sale-da-pranzo-allaperto\/"},{"@type":"ListItem","position":4,"name":"Set di tavoli e sedie da giardino","item":"https:\/\/keramamueblesdejardin.com\/it\/sale-da-pranzo-allaperto\/set-di-tavoli-e-sedie-da-giardino\/"},{"@type":"ListItem","position":5,"name":"Set da pranzo da giardino tavolo in legno e ceramica blu 200&#215;100 + 8 sedie legno e tessuto beige &#8211; Java Light"}]},{"@type":"WebSite","@id":"https:\/\/keramamueblesdejardin.com\/it\/#website","url":"https:\/\/keramamueblesdejardin.com\/it\/","name":"Kerama","description":"muebles de jard\u00edn","publisher":{"@id":"https:\/\/keramamueblesdejardin.com\/it\/#organization"},"potentialAction":[{"@type":"SearchAction","target":{"@type":"EntryPoint","urlTemplate":"https:\/\/keramamueblesdejardin.com\/it\/?s={search_term_string}"},"query-input":{"@type":"PropertyValueSpecification","valueRequired":true,"valueName":"search_term_string"}}],"inLanguage":"it-IT"},{"@type":"Organization","@id":"https:\/\/keramamueblesdejardin.com\/it\/#organization","name":"kerama","url":"https:\/\/keramamueblesdejardin.com\/it\/","logo":{"@type":"ImageObject","inLanguage":"it-IT","@id":"https:\/\/keramamueblesdejardin.com\/it\/#\/schema\/logo\/image\/","url":"https:\/\/keramamueblesdejardin.com\/wp-content\/uploads\/2020\/12\/k.-scaled.jpg","contentUrl":"https:\/\/keramamueblesdejardin.com\/wp-content\/uploads\/2020\/12\/k.-scaled.jpg","width":2560,"height":551,"caption":"kerama"},"image":{"@id":"https:\/\/keramamueblesdejardin.com\/it\/#\/schema\/logo\/image\/"},"sameAs":["https:\/\/www.facebook.com\/Kerama-Muebles-de-Jard\u00edn-106209328312568\/"]}]}},"df_price":1809,"df_sale_price":1809,"df_regular_price":2222,"df_image_link":"https:\/\/keramamueblesdejardin.com\/wp-content\/uploads\/2022\/09\/java-azul-enea-8-300x300.jpg","custom_tabs":[{"title":"MISURAZIONE","id":"misurazione","content":"<div class=\"list\"><strong>Altezza: <\/strong>tavolo 75cm \/\/ sedia 85cm<\/div>\n<div class=\"list\"><strong>Larghezza: <\/strong>tavolo 200cm \/\/sedia 53.5cm<\/div>\n<div class=\"list\"><strong>Profondit\u00e0: <\/strong>tavolo 100cm \/\/ sedia 56.5cm<\/div>"}],"_links":{"self":[{"href":"https:\/\/keramamueblesdejardin.com\/it\/wp-json\/wp\/v2\/product\/85979","targetHints":{"allow":["GET"]}}],"collection":[{"href":"https:\/\/keramamueblesdejardin.com\/it\/wp-json\/wp\/v2\/product"}],"about":[{"href":"https:\/\/keramamueblesdejardin.com\/it\/wp-json\/wp\/v2\/types\/product"}],"replies":[{"embeddable":true,"href":"https:\/\/keramamueblesdejardin.com\/it\/wp-json\/wp\/v2\/comments?post=85979"}],"wp:featuredmedia":[{"embeddable":true,"href":"https:\/\/keramamueblesdejardin.com\/it\/wp-json\/wp\/v2\/media\/85984"}],"wp:attachment":[{"href":"https:\/\/keramamueblesdejardin.com\/it\/wp-json\/wp\/v2\/media?parent=85979"}],"wp:term":[{"taxonomy":"product_brand","embeddable":true,"href":"https:\/\/keramamueblesdejardin.com\/it\/wp-json\/wp\/v2\/product_brand?post=85979"},{"taxonomy":"product_cat","embeddable":true,"href":"https:\/\/keramamueblesdejardin.com\/it\/wp-json\/wp\/v2\/product_cat?post=85979"},{"taxonomy":"product_tag","embeddable":true,"href":"https:\/\/keramamueblesdejardin.com\/it\/wp-json\/wp\/v2\/product_tag?post=85979"}],"curies":[{"name":"wp","href":"https:\/\/api.w.org\/{rel}","templated":true}]}}