{"id":85598,"date":"2023-01-09T12:11:51","date_gmt":"2023-01-09T11:11:51","guid":{"rendered":"https:\/\/keramamueblesdejardin.com\/senza-categoria\/set-relax-1-salotto-1-tavolino-50cm-sicilia\/"},"modified":"2025-02-06T17:24:41","modified_gmt":"2025-02-06T16:24:41","slug":"set-relax-1-lounge-1-tavolo-lato-50cm-sicilia","status":"publish","type":"product","link":"https:\/\/keramamueblesdejardin.com\/it\/saloni-allaperto\/set-da-giardino\/set-relax-1-lounge-1-tavolo-lato-50cm-sicilia\/","title":{"rendered":"Set relax 1 salotto + 1 tavolino 50cm &#8211; Sicilia"},"content":{"rendered":"<p>Set di mobili da esterno composto da un salotto e un alto tavolo di appoggio rotondo di 50 cm di diametro realizzato in legno di acacia chiara con corda di poliestere intrecciata a mano beige e cuscini in poliestere beige chiaro che imitano la trama del lino. La parte superiore del tavolo \u00e8 terrazzo. Il legno \u00e8 certificato FSC, garantendo cos\u00ec la gestione responsabile delle risorse forestali del pianeta dal punto di vista ambientale, sociale ed economico.<br \/>\nMisure tavolo: 50x47cm<br \/>\nMisure Salone : 202,5,x70x59cm<br \/>\nTutti i cuscini del set di mobili in acacia e corda sono sfoderabili e lavabili. Puoi combinarlo con i diversi elementi della famiglia Sicilia per completare la tua terrazza o il tuo giardino e non perdere i dettagli.<\/p>\n","protected":false},"excerpt":{"rendered":"<ul>\n<li>Realizzato in legno di acacia di colore chiaro con corda di poliestere intrecciata a mano<\/li>\n<li>Cuscini in poliestere beige<\/li>\n<li>Cuscini sfoderabili e lavabili<\/li>\n<li>Legno certificato FSC<\/li>\n<\/ul>\n","protected":false},"featured_media":85608,"comment_status":"closed","ping_status":"closed","template":"","meta":{"_acf_changed":false},"product_brand":[],"product_cat":[2812,2806],"product_tag":[2778,2784,2813],"class_list":{"0":"post-85598","1":"product","2":"type-product","3":"status-publish","4":"has-post-thumbnail","6":"product_cat-saloni-allaperto","7":"product_cat-set-da-giardino","8":"product_tag-ampi-spazi","9":"product_tag-legno","10":"product_tag-sicilia-it","11":"product_shipping_class-envio-gratuito-it","12":"pa_asientos-1-it","13":"pa_coleccion-sicilia-it","14":"pa_tamano-espacio-grande-it","16":"first","17":"instock","18":"sale","19":"purchasable","20":"product-type-simple","21":"add-to-wishlist-before_image"},"acf":[],"yoast_head":"<!-- This site is optimized with the Yoast SEO plugin v27.2 - https:\/\/yoast.com\/product\/yoast-seo-wordpress\/ -->\n<title>Set relax 1 salotto + 1 tavolino 50cm - Sicilia - Kerama<\/title>\n<meta name=\"robots\" content=\"index, follow, max-snippet:-1, max-image-preview:large, max-video-preview:-1\" \/>\n<link rel=\"canonical\" href=\"https:\/\/keramamueblesdejardin.com\/it\/saloni-allaperto\/set-da-giardino\/set-relax-1-lounge-1-tavolo-lato-50cm-sicilia\/\" \/>\n<meta property=\"og:locale\" content=\"it_IT\" \/>\n<meta property=\"og:type\" content=\"article\" \/>\n<meta property=\"og:title\" content=\"Set relax 1 salotto + 1 tavolino 50cm - Sicilia - Kerama\" \/>\n<meta property=\"og:description\" content=\"Realizzato in legno di acacia di colore chiaro con corda di poliestere intrecciata a mano  Cuscini in poliestere beige  Cuscini sfoderabili e lavabili  Legno certificato FSC\" \/>\n<meta property=\"og:url\" content=\"https:\/\/keramamueblesdejardin.com\/it\/saloni-allaperto\/set-da-giardino\/set-relax-1-lounge-1-tavolo-lato-50cm-sicilia\/\" \/>\n<meta property=\"og:site_name\" content=\"Kerama\" \/>\n<meta property=\"article:publisher\" content=\"https:\/\/www.facebook.com\/Kerama-Muebles-de-Jard%c3%adn-106209328312568\/\" \/>\n<meta property=\"article:modified_time\" content=\"2025-02-06T16:24:41+00:00\" \/>\n<meta property=\"og:image\" content=\"https:\/\/keramamueblesdejardin.com\/wp-content\/uploads\/2023\/01\/chaise-lomgue-sicilia.jpg\" \/>\n\t<meta property=\"og:image:width\" content=\"2560\" \/>\n\t<meta property=\"og:image:height\" content=\"2560\" \/>\n\t<meta property=\"og:image:type\" content=\"image\/jpeg\" \/>\n<meta name=\"twitter:card\" content=\"summary_large_image\" \/>\n<meta name=\"twitter:label1\" content=\"Tempo di lettura stimato\" \/>\n\t<meta name=\"twitter:data1\" content=\"1 minuto\" \/>\n<script type=\"application\/ld+json\" class=\"yoast-schema-graph\">{\"@context\":\"https:\/\/schema.org\",\"@graph\":[{\"@type\":\"WebPage\",\"@id\":\"https:\/\/keramamueblesdejardin.com\/it\/saloni-allaperto\/set-da-giardino\/set-relax-1-lounge-1-tavolo-lato-50cm-sicilia\/\",\"url\":\"https:\/\/keramamueblesdejardin.com\/it\/saloni-allaperto\/set-da-giardino\/set-relax-1-lounge-1-tavolo-lato-50cm-sicilia\/\",\"name\":\"Set relax 1 salotto + 1 tavolino 50cm - Sicilia - Kerama\",\"isPartOf\":{\"@id\":\"https:\/\/keramamueblesdejardin.com\/it\/#website\"},\"primaryImageOfPage\":{\"@id\":\"https:\/\/keramamueblesdejardin.com\/it\/saloni-allaperto\/set-da-giardino\/set-relax-1-lounge-1-tavolo-lato-50cm-sicilia\/#primaryimage\"},\"image\":{\"@id\":\"https:\/\/keramamueblesdejardin.com\/it\/saloni-allaperto\/set-da-giardino\/set-relax-1-lounge-1-tavolo-lato-50cm-sicilia\/#primaryimage\"},\"thumbnailUrl\":\"https:\/\/keramamueblesdejardin.com\/wp-content\/uploads\/2023\/01\/chaise-lomgue-sicilia.jpg\",\"datePublished\":\"2023-01-09T11:11:51+00:00\",\"dateModified\":\"2025-02-06T16:24:41+00:00\",\"breadcrumb\":{\"@id\":\"https:\/\/keramamueblesdejardin.com\/it\/saloni-allaperto\/set-da-giardino\/set-relax-1-lounge-1-tavolo-lato-50cm-sicilia\/#breadcrumb\"},\"inLanguage\":\"it-IT\",\"potentialAction\":[{\"@type\":\"ReadAction\",\"target\":[\"https:\/\/keramamueblesdejardin.com\/it\/saloni-allaperto\/set-da-giardino\/set-relax-1-lounge-1-tavolo-lato-50cm-sicilia\/\"]}]},{\"@type\":\"ImageObject\",\"inLanguage\":\"it-IT\",\"@id\":\"https:\/\/keramamueblesdejardin.com\/it\/saloni-allaperto\/set-da-giardino\/set-relax-1-lounge-1-tavolo-lato-50cm-sicilia\/#primaryimage\",\"url\":\"https:\/\/keramamueblesdejardin.com\/wp-content\/uploads\/2023\/01\/chaise-lomgue-sicilia.jpg\",\"contentUrl\":\"https:\/\/keramamueblesdejardin.com\/wp-content\/uploads\/2023\/01\/chaise-lomgue-sicilia.jpg\",\"width\":2560,\"height\":2560},{\"@type\":\"BreadcrumbList\",\"@id\":\"https:\/\/keramamueblesdejardin.com\/it\/saloni-allaperto\/set-da-giardino\/set-relax-1-lounge-1-tavolo-lato-50cm-sicilia\/#breadcrumb\",\"itemListElement\":[{\"@type\":\"ListItem\",\"position\":1,\"name\":\"Home\",\"item\":\"https:\/\/keramamueblesdejardin.com\/it\/\"},{\"@type\":\"ListItem\",\"position\":2,\"name\":\"Negozio\",\"item\":\"https:\/\/keramamueblesdejardin.com\/it\/negozio\/\"},{\"@type\":\"ListItem\",\"position\":3,\"name\":\"Saloni all'aperto\",\"item\":\"https:\/\/keramamueblesdejardin.com\/it\/saloni-allaperto\/\"},{\"@type\":\"ListItem\",\"position\":4,\"name\":\"Set da giardino\",\"item\":\"https:\/\/keramamueblesdejardin.com\/it\/saloni-allaperto\/set-da-giardino\/\"},{\"@type\":\"ListItem\",\"position\":5,\"name\":\"Set relax 1 salotto + 1 tavolino 50cm &#8211; Sicilia\"}]},{\"@type\":\"WebSite\",\"@id\":\"https:\/\/keramamueblesdejardin.com\/it\/#website\",\"url\":\"https:\/\/keramamueblesdejardin.com\/it\/\",\"name\":\"Kerama\",\"description\":\"muebles de jard\u00edn\",\"publisher\":{\"@id\":\"https:\/\/keramamueblesdejardin.com\/it\/#organization\"},\"potentialAction\":[{\"@type\":\"SearchAction\",\"target\":{\"@type\":\"EntryPoint\",\"urlTemplate\":\"https:\/\/keramamueblesdejardin.com\/it\/?s={search_term_string}\"},\"query-input\":{\"@type\":\"PropertyValueSpecification\",\"valueRequired\":true,\"valueName\":\"search_term_string\"}}],\"inLanguage\":\"it-IT\"},{\"@type\":\"Organization\",\"@id\":\"https:\/\/keramamueblesdejardin.com\/it\/#organization\",\"name\":\"kerama\",\"url\":\"https:\/\/keramamueblesdejardin.com\/it\/\",\"logo\":{\"@type\":\"ImageObject\",\"inLanguage\":\"it-IT\",\"@id\":\"https:\/\/keramamueblesdejardin.com\/it\/#\/schema\/logo\/image\/\",\"url\":\"https:\/\/keramamueblesdejardin.com\/wp-content\/uploads\/2020\/12\/k.-scaled.jpg\",\"contentUrl\":\"https:\/\/keramamueblesdejardin.com\/wp-content\/uploads\/2020\/12\/k.-scaled.jpg\",\"width\":2560,\"height\":551,\"caption\":\"kerama\"},\"image\":{\"@id\":\"https:\/\/keramamueblesdejardin.com\/it\/#\/schema\/logo\/image\/\"},\"sameAs\":[\"https:\/\/www.facebook.com\/Kerama-Muebles-de-Jard\u00edn-106209328312568\/\"]}]}<\/script>\n<!-- \/ Yoast SEO plugin. -->","yoast_head_json":{"title":"Set relax 1 salotto + 1 tavolino 50cm - Sicilia - Kerama","robots":{"index":"index","follow":"follow","max-snippet":"max-snippet:-1","max-image-preview":"max-image-preview:large","max-video-preview":"max-video-preview:-1"},"canonical":"https:\/\/keramamueblesdejardin.com\/it\/saloni-allaperto\/set-da-giardino\/set-relax-1-lounge-1-tavolo-lato-50cm-sicilia\/","og_locale":"it_IT","og_type":"article","og_title":"Set relax 1 salotto + 1 tavolino 50cm - Sicilia - Kerama","og_description":"Realizzato in legno di acacia di colore chiaro con corda di poliestere intrecciata a mano  Cuscini in poliestere beige  Cuscini sfoderabili e lavabili  Legno certificato FSC","og_url":"https:\/\/keramamueblesdejardin.com\/it\/saloni-allaperto\/set-da-giardino\/set-relax-1-lounge-1-tavolo-lato-50cm-sicilia\/","og_site_name":"Kerama","article_publisher":"https:\/\/www.facebook.com\/Kerama-Muebles-de-Jard%c3%adn-106209328312568\/","article_modified_time":"2025-02-06T16:24:41+00:00","og_image":[{"width":2560,"height":2560,"url":"https:\/\/keramamueblesdejardin.com\/wp-content\/uploads\/2023\/01\/chaise-lomgue-sicilia.jpg","type":"image\/jpeg"}],"twitter_card":"summary_large_image","twitter_misc":{"Tempo di lettura stimato":"1 minuto"},"schema":{"@context":"https:\/\/schema.org","@graph":[{"@type":"WebPage","@id":"https:\/\/keramamueblesdejardin.com\/it\/saloni-allaperto\/set-da-giardino\/set-relax-1-lounge-1-tavolo-lato-50cm-sicilia\/","url":"https:\/\/keramamueblesdejardin.com\/it\/saloni-allaperto\/set-da-giardino\/set-relax-1-lounge-1-tavolo-lato-50cm-sicilia\/","name":"Set relax 1 salotto + 1 tavolino 50cm - Sicilia - Kerama","isPartOf":{"@id":"https:\/\/keramamueblesdejardin.com\/it\/#website"},"primaryImageOfPage":{"@id":"https:\/\/keramamueblesdejardin.com\/it\/saloni-allaperto\/set-da-giardino\/set-relax-1-lounge-1-tavolo-lato-50cm-sicilia\/#primaryimage"},"image":{"@id":"https:\/\/keramamueblesdejardin.com\/it\/saloni-allaperto\/set-da-giardino\/set-relax-1-lounge-1-tavolo-lato-50cm-sicilia\/#primaryimage"},"thumbnailUrl":"https:\/\/keramamueblesdejardin.com\/wp-content\/uploads\/2023\/01\/chaise-lomgue-sicilia.jpg","datePublished":"2023-01-09T11:11:51+00:00","dateModified":"2025-02-06T16:24:41+00:00","breadcrumb":{"@id":"https:\/\/keramamueblesdejardin.com\/it\/saloni-allaperto\/set-da-giardino\/set-relax-1-lounge-1-tavolo-lato-50cm-sicilia\/#breadcrumb"},"inLanguage":"it-IT","potentialAction":[{"@type":"ReadAction","target":["https:\/\/keramamueblesdejardin.com\/it\/saloni-allaperto\/set-da-giardino\/set-relax-1-lounge-1-tavolo-lato-50cm-sicilia\/"]}]},{"@type":"ImageObject","inLanguage":"it-IT","@id":"https:\/\/keramamueblesdejardin.com\/it\/saloni-allaperto\/set-da-giardino\/set-relax-1-lounge-1-tavolo-lato-50cm-sicilia\/#primaryimage","url":"https:\/\/keramamueblesdejardin.com\/wp-content\/uploads\/2023\/01\/chaise-lomgue-sicilia.jpg","contentUrl":"https:\/\/keramamueblesdejardin.com\/wp-content\/uploads\/2023\/01\/chaise-lomgue-sicilia.jpg","width":2560,"height":2560},{"@type":"BreadcrumbList","@id":"https:\/\/keramamueblesdejardin.com\/it\/saloni-allaperto\/set-da-giardino\/set-relax-1-lounge-1-tavolo-lato-50cm-sicilia\/#breadcrumb","itemListElement":[{"@type":"ListItem","position":1,"name":"Home","item":"https:\/\/keramamueblesdejardin.com\/it\/"},{"@type":"ListItem","position":2,"name":"Negozio","item":"https:\/\/keramamueblesdejardin.com\/it\/negozio\/"},{"@type":"ListItem","position":3,"name":"Saloni all'aperto","item":"https:\/\/keramamueblesdejardin.com\/it\/saloni-allaperto\/"},{"@type":"ListItem","position":4,"name":"Set da giardino","item":"https:\/\/keramamueblesdejardin.com\/it\/saloni-allaperto\/set-da-giardino\/"},{"@type":"ListItem","position":5,"name":"Set relax 1 salotto + 1 tavolino 50cm &#8211; Sicilia"}]},{"@type":"WebSite","@id":"https:\/\/keramamueblesdejardin.com\/it\/#website","url":"https:\/\/keramamueblesdejardin.com\/it\/","name":"Kerama","description":"muebles de jard\u00edn","publisher":{"@id":"https:\/\/keramamueblesdejardin.com\/it\/#organization"},"potentialAction":[{"@type":"SearchAction","target":{"@type":"EntryPoint","urlTemplate":"https:\/\/keramamueblesdejardin.com\/it\/?s={search_term_string}"},"query-input":{"@type":"PropertyValueSpecification","valueRequired":true,"valueName":"search_term_string"}}],"inLanguage":"it-IT"},{"@type":"Organization","@id":"https:\/\/keramamueblesdejardin.com\/it\/#organization","name":"kerama","url":"https:\/\/keramamueblesdejardin.com\/it\/","logo":{"@type":"ImageObject","inLanguage":"it-IT","@id":"https:\/\/keramamueblesdejardin.com\/it\/#\/schema\/logo\/image\/","url":"https:\/\/keramamueblesdejardin.com\/wp-content\/uploads\/2020\/12\/k.-scaled.jpg","contentUrl":"https:\/\/keramamueblesdejardin.com\/wp-content\/uploads\/2020\/12\/k.-scaled.jpg","width":2560,"height":551,"caption":"kerama"},"image":{"@id":"https:\/\/keramamueblesdejardin.com\/it\/#\/schema\/logo\/image\/"},"sameAs":["https:\/\/www.facebook.com\/Kerama-Muebles-de-Jard\u00edn-106209328312568\/"]}]}},"df_price":1049,"df_sale_price":1049,"df_regular_price":1286,"df_image_link":"https:\/\/keramamueblesdejardin.com\/wp-content\/uploads\/2023\/01\/chaise-lomgue-sicilia-300x300.jpg","custom_tabs":[{"title":"MISURAZIONE","id":"misurazione","content":"<div class=\"list\"><strong>Altezza: <\/strong>tavolo 47cm \/\/ lounge 59cm<\/div>\n<div class=\"list\"><strong>Larghezza: <\/strong>tavolo 50cm \/\/ lounge 202.5cm<\/div>\n<div class=\"list\"><strong>Sfondo: <\/strong>tavolo 50cm \/\/ lounge 70cm<\/div>\n<div class=\"list\"><\/div>"},{"title":"DISIMBALLAGGIO E MONTAGGIO","id":"disimballaggio-e-assemblaggio","content":"<div class=\"list\"><strong style=\"font-weight: bold; color: #282828;\">Raccomandazioni per<\/strong> il disimballaggio: <span style=\"color: #282828;\"> Non utilizzare utensili affilati durante il disimballaggio dei mobili in quanto potrebbe causare danni<\/span><br style=\"color: #282828;\"><strong style=\"font-weight: bold; color: #282828;\">Richiede il montaggio (s\u00ec\/no):<\/strong><span style=\"color: #282828;\"> S\u00ec<\/span><br style=\"color: #282828;\"><strong style=\"font-weight: bold; color: #282828;\">Difficolt\u00e0 di montaggio:<\/strong><span style=\"color: #282828;\"> Medio<\/span><br style=\"color: #282828;\"><strong style=\"font-weight: bold; color: #282828;\">Tempo di montaggio:<\/strong><span style=\"color: #282828;\"> 30 minuti<\/span><br style=\"color: #282828;\"><strong style=\"font-weight: bold; color: #282828;\">Persone consigliate per il montaggio:<\/strong><span style=\"color: #282828;\"> 2<\/span><br style=\"color: #282828;\"><strong style=\"font-weight: bold; color: #282828;\">Suggerimenti di montaggio:<\/strong><span style=\"color: #282828;\">  Preparare un'area di assemblaggio pulita e asciutta, verificare che nessuna delle parti indicate nel manuale manchi. Si consiglia di indossare guanti adatti al montaggio. Utilizzare solo parti e hardware forniti<\/span><\/div>"},{"title":"MANUTENZIONE E GARANZIE","id":"manutenzione-e-garanzie","content":"<div class=\"moz-signature\">\n<div class=\"list\"><strong>Raccomandazioni generali:<\/strong>\n\u2022 Guasti o danni causati da:\n\u2022 Cause accidentali come cadute, colpi, fuoriuscite di liquidi, introduzione di corpi estranei, nonch\u00e9 qualsiasi altra causa di forza maggiore.\n\u2022 Uso negligente, improprio o non domestico.\n\u2022 Danni, corrosione e\/o ossidazione accelerati da condizioni ambientali avverse\n\u2022 Macchie e scolorimenti dovuti al mancato rispetto delle nostre istruzioni di pulizia\n\u2022 Danni verificatisi durante il montaggio e la manipolazione senza aver seguito le istruzioni di montaggio indicate.\n<strong>Istruzioni per l'uso e la manutenzione:<\/strong>\n\u2022 Pulire delicatamente con l'aiuto di un panno o utilizzare un sapone liquido neutro, risciacquando con abbondante acqua.\n\u2022 Rimuovere regolarmente la polvere con l'aiuto di un panno morbido e acqua pulita.\n\u2022 Non utilizzare detergenti o prodotti abrasivi per la pulizia.\n<strong>Anni di garanzia:<\/strong> 3 anni\n<strong>Prodotto secondo lo standard:<\/strong> 581-1,581-2,581-3<\/div>\n<\/div>"}],"_links":{"self":[{"href":"https:\/\/keramamueblesdejardin.com\/it\/wp-json\/wp\/v2\/product\/85598","targetHints":{"allow":["GET"]}}],"collection":[{"href":"https:\/\/keramamueblesdejardin.com\/it\/wp-json\/wp\/v2\/product"}],"about":[{"href":"https:\/\/keramamueblesdejardin.com\/it\/wp-json\/wp\/v2\/types\/product"}],"replies":[{"embeddable":true,"href":"https:\/\/keramamueblesdejardin.com\/it\/wp-json\/wp\/v2\/comments?post=85598"}],"wp:featuredmedia":[{"embeddable":true,"href":"https:\/\/keramamueblesdejardin.com\/it\/wp-json\/wp\/v2\/media\/85608"}],"wp:attachment":[{"href":"https:\/\/keramamueblesdejardin.com\/it\/wp-json\/wp\/v2\/media?parent=85598"}],"wp:term":[{"taxonomy":"product_brand","embeddable":true,"href":"https:\/\/keramamueblesdejardin.com\/it\/wp-json\/wp\/v2\/product_brand?post=85598"},{"taxonomy":"product_cat","embeddable":true,"href":"https:\/\/keramamueblesdejardin.com\/it\/wp-json\/wp\/v2\/product_cat?post=85598"},{"taxonomy":"product_tag","embeddable":true,"href":"https:\/\/keramamueblesdejardin.com\/it\/wp-json\/wp\/v2\/product_tag?post=85598"}],"curies":[{"name":"wp","href":"https:\/\/api.w.org\/{rel}","templated":true}]}}