{"id":85476,"date":"2023-02-13T10:18:03","date_gmt":"2023-02-13T09:18:03","guid":{"rendered":"https:\/\/keramamueblesdejardin.com\/senza-categoria\/pack-2-cuscini-sedia-da-giardino-immagini-giallo-bianco-acrilico\/"},"modified":"2023-08-31T10:05:46","modified_gmt":"2023-08-31T08:05:46","slug":"pack-2-cuscini-sedia-giardino-quadri-giallo-bianco-acrilico","status":"publish","type":"product","link":"https:\/\/keramamueblesdejardin.com\/it\/accessori-esterni\/cuscini-per-esterni\/pack-2-cuscini-sedia-giardino-quadri-giallo-bianco-acrilico\/","title":{"rendered":"Pack 2 cuscini sedia da giardino immagini giallo\/bianco &#8211; Acrilico"},"content":{"rendered":"<p>Cuscini per sedia da giardino 45x40x5cm (larghezza x profondit\u00e0 x altezza) nei colori a scacchi gialli e bianchi. I cuscini sono sfoderabili e lavabili in lavatrice, hanno anche strisce per poter legare e fissare facilmente il cuscino ai mobili. Il tessuto \u00e8 acrilico tinto in massa, il miglior tessuto per uso esterno date le sue elevate qualit\u00e0 di resistenza allo sbiadimento. L&#8217;imbottitura \u00e8 100% poliestere riciclato, proviene da bottiglie e imballaggi riciclati, tessuto non impermeabile, non sono adatti ad essere costantemente sotto la pioggia o fonti che lo mantengono bagnato o bagnato. \u00c8 un prodotto fabbricato in Spagna.<\/p>\n","protected":false},"excerpt":{"rendered":"<ul>\n<li>Cuscini per sedia da giardino 45x40x5cm giallo e bianco a scacchi<\/li>\n<li>I cuscini sono sfoderabili e lavabili in lavatrice<\/li>\n<li>Ha strisce per legare e fissare il cuscino<\/li>\n<li>Prodotto in Spagna con tessuto e imbottitura in poliestere riciclato al 100%<\/li>\n<\/ul>\n","protected":false},"featured_media":85479,"comment_status":"closed","ping_status":"open","template":"","meta":{"_acf_changed":false},"product_brand":[],"product_cat":[2805,2804],"product_tag":[],"class_list":{"0":"post-85476","1":"product","2":"type-product","3":"status-publish","4":"has-post-thumbnail","6":"product_cat-accessori-esterni","7":"product_cat-cuscini-per-esterni","8":"product_shipping_class-envio-gratuito-it","9":"pa_coleccion-acrilico-it","11":"first","12":"instock","13":"sale","14":"purchasable","15":"product-type-simple","16":"add-to-wishlist-before_image"},"acf":[],"yoast_head":"<!-- This site is optimized with the Yoast SEO plugin v27.2 - https:\/\/yoast.com\/product\/yoast-seo-wordpress\/ -->\n<title>Pack 2 cuscini sedia da giardino immagini giallo\/bianco - Acrilico - Kerama<\/title>\n<meta name=\"robots\" content=\"index, follow, max-snippet:-1, max-image-preview:large, max-video-preview:-1\" \/>\n<link rel=\"canonical\" href=\"https:\/\/keramamueblesdejardin.com\/it\/accessori-esterni\/cuscini-per-esterni\/pack-2-cuscini-sedia-giardino-quadri-giallo-bianco-acrilico\/\" \/>\n<meta property=\"og:locale\" content=\"it_IT\" \/>\n<meta property=\"og:type\" content=\"article\" \/>\n<meta property=\"og:title\" content=\"Pack 2 cuscini sedia da giardino immagini giallo\/bianco - Acrilico - Kerama\" \/>\n<meta property=\"og:description\" content=\"Cuscini per sedia da giardino 45x40x5cm giallo e bianco a scacchi  I cuscini sono sfoderabili e lavabili in lavatrice  Ha strisce per legare e fissare il cuscino  Prodotto in Spagna con tessuto e imbottitura in poliestere riciclato al 100%\" \/>\n<meta property=\"og:url\" content=\"https:\/\/keramamueblesdejardin.com\/it\/accessori-esterni\/cuscini-per-esterni\/pack-2-cuscini-sedia-giardino-quadri-giallo-bianco-acrilico\/\" \/>\n<meta property=\"og:site_name\" content=\"Kerama\" \/>\n<meta property=\"article:publisher\" content=\"https:\/\/www.facebook.com\/Kerama-Muebles-de-Jard%c3%adn-106209328312568\/\" \/>\n<meta property=\"article:modified_time\" content=\"2023-08-31T08:05:46+00:00\" \/>\n<meta property=\"og:image\" content=\"https:\/\/keramamueblesdejardin.com\/wp-content\/uploads\/2023\/02\/b22x2.jpg\" \/>\n\t<meta property=\"og:image:width\" content=\"1200\" \/>\n\t<meta property=\"og:image:height\" content=\"1200\" \/>\n\t<meta property=\"og:image:type\" content=\"image\/jpeg\" \/>\n<meta name=\"twitter:card\" content=\"summary_large_image\" \/>\n<script type=\"application\/ld+json\" class=\"yoast-schema-graph\">{\"@context\":\"https:\/\/schema.org\",\"@graph\":[{\"@type\":\"WebPage\",\"@id\":\"https:\/\/keramamueblesdejardin.com\/it\/accessori-esterni\/cuscini-per-esterni\/pack-2-cuscini-sedia-giardino-quadri-giallo-bianco-acrilico\/\",\"url\":\"https:\/\/keramamueblesdejardin.com\/it\/accessori-esterni\/cuscini-per-esterni\/pack-2-cuscini-sedia-giardino-quadri-giallo-bianco-acrilico\/\",\"name\":\"Pack 2 cuscini sedia da giardino immagini giallo\/bianco - Acrilico - Kerama\",\"isPartOf\":{\"@id\":\"https:\/\/keramamueblesdejardin.com\/it\/#website\"},\"primaryImageOfPage\":{\"@id\":\"https:\/\/keramamueblesdejardin.com\/it\/accessori-esterni\/cuscini-per-esterni\/pack-2-cuscini-sedia-giardino-quadri-giallo-bianco-acrilico\/#primaryimage\"},\"image\":{\"@id\":\"https:\/\/keramamueblesdejardin.com\/it\/accessori-esterni\/cuscini-per-esterni\/pack-2-cuscini-sedia-giardino-quadri-giallo-bianco-acrilico\/#primaryimage\"},\"thumbnailUrl\":\"https:\/\/keramamueblesdejardin.com\/wp-content\/uploads\/2023\/02\/b22x2.jpg\",\"datePublished\":\"2023-02-13T09:18:03+00:00\",\"dateModified\":\"2023-08-31T08:05:46+00:00\",\"breadcrumb\":{\"@id\":\"https:\/\/keramamueblesdejardin.com\/it\/accessori-esterni\/cuscini-per-esterni\/pack-2-cuscini-sedia-giardino-quadri-giallo-bianco-acrilico\/#breadcrumb\"},\"inLanguage\":\"it-IT\",\"potentialAction\":[{\"@type\":\"ReadAction\",\"target\":[\"https:\/\/keramamueblesdejardin.com\/it\/accessori-esterni\/cuscini-per-esterni\/pack-2-cuscini-sedia-giardino-quadri-giallo-bianco-acrilico\/\"]}]},{\"@type\":\"ImageObject\",\"inLanguage\":\"it-IT\",\"@id\":\"https:\/\/keramamueblesdejardin.com\/it\/accessori-esterni\/cuscini-per-esterni\/pack-2-cuscini-sedia-giardino-quadri-giallo-bianco-acrilico\/#primaryimage\",\"url\":\"https:\/\/keramamueblesdejardin.com\/wp-content\/uploads\/2023\/02\/b22x2.jpg\",\"contentUrl\":\"https:\/\/keramamueblesdejardin.com\/wp-content\/uploads\/2023\/02\/b22x2.jpg\",\"width\":1200,\"height\":1200},{\"@type\":\"BreadcrumbList\",\"@id\":\"https:\/\/keramamueblesdejardin.com\/it\/accessori-esterni\/cuscini-per-esterni\/pack-2-cuscini-sedia-giardino-quadri-giallo-bianco-acrilico\/#breadcrumb\",\"itemListElement\":[{\"@type\":\"ListItem\",\"position\":1,\"name\":\"Home\",\"item\":\"https:\/\/keramamueblesdejardin.com\/it\/\"},{\"@type\":\"ListItem\",\"position\":2,\"name\":\"Negozio\",\"item\":\"https:\/\/keramamueblesdejardin.com\/it\/negozio\/\"},{\"@type\":\"ListItem\",\"position\":3,\"name\":\"Accessori esterni\",\"item\":\"https:\/\/keramamueblesdejardin.com\/it\/accessori-esterni\/\"},{\"@type\":\"ListItem\",\"position\":4,\"name\":\"Cuscini per esterni\",\"item\":\"https:\/\/keramamueblesdejardin.com\/it\/accessori-esterni\/cuscini-per-esterni\/\"},{\"@type\":\"ListItem\",\"position\":5,\"name\":\"Pack 2 cuscini sedia da giardino immagini giallo\/bianco &#8211; Acrilico\"}]},{\"@type\":\"WebSite\",\"@id\":\"https:\/\/keramamueblesdejardin.com\/it\/#website\",\"url\":\"https:\/\/keramamueblesdejardin.com\/it\/\",\"name\":\"Kerama\",\"description\":\"muebles de jard\u00edn\",\"publisher\":{\"@id\":\"https:\/\/keramamueblesdejardin.com\/it\/#organization\"},\"potentialAction\":[{\"@type\":\"SearchAction\",\"target\":{\"@type\":\"EntryPoint\",\"urlTemplate\":\"https:\/\/keramamueblesdejardin.com\/it\/?s={search_term_string}\"},\"query-input\":{\"@type\":\"PropertyValueSpecification\",\"valueRequired\":true,\"valueName\":\"search_term_string\"}}],\"inLanguage\":\"it-IT\"},{\"@type\":\"Organization\",\"@id\":\"https:\/\/keramamueblesdejardin.com\/it\/#organization\",\"name\":\"kerama\",\"url\":\"https:\/\/keramamueblesdejardin.com\/it\/\",\"logo\":{\"@type\":\"ImageObject\",\"inLanguage\":\"it-IT\",\"@id\":\"https:\/\/keramamueblesdejardin.com\/it\/#\/schema\/logo\/image\/\",\"url\":\"https:\/\/keramamueblesdejardin.com\/wp-content\/uploads\/2020\/12\/k.-scaled.jpg\",\"contentUrl\":\"https:\/\/keramamueblesdejardin.com\/wp-content\/uploads\/2020\/12\/k.-scaled.jpg\",\"width\":2560,\"height\":551,\"caption\":\"kerama\"},\"image\":{\"@id\":\"https:\/\/keramamueblesdejardin.com\/it\/#\/schema\/logo\/image\/\"},\"sameAs\":[\"https:\/\/www.facebook.com\/Kerama-Muebles-de-Jard\u00edn-106209328312568\/\"]}]}<\/script>\n<!-- \/ Yoast SEO plugin. -->","yoast_head_json":{"title":"Pack 2 cuscini sedia da giardino immagini giallo\/bianco - Acrilico - Kerama","robots":{"index":"index","follow":"follow","max-snippet":"max-snippet:-1","max-image-preview":"max-image-preview:large","max-video-preview":"max-video-preview:-1"},"canonical":"https:\/\/keramamueblesdejardin.com\/it\/accessori-esterni\/cuscini-per-esterni\/pack-2-cuscini-sedia-giardino-quadri-giallo-bianco-acrilico\/","og_locale":"it_IT","og_type":"article","og_title":"Pack 2 cuscini sedia da giardino immagini giallo\/bianco - Acrilico - Kerama","og_description":"Cuscini per sedia da giardino 45x40x5cm giallo e bianco a scacchi  I cuscini sono sfoderabili e lavabili in lavatrice  Ha strisce per legare e fissare il cuscino  Prodotto in Spagna con tessuto e imbottitura in poliestere riciclato al 100%","og_url":"https:\/\/keramamueblesdejardin.com\/it\/accessori-esterni\/cuscini-per-esterni\/pack-2-cuscini-sedia-giardino-quadri-giallo-bianco-acrilico\/","og_site_name":"Kerama","article_publisher":"https:\/\/www.facebook.com\/Kerama-Muebles-de-Jard%c3%adn-106209328312568\/","article_modified_time":"2023-08-31T08:05:46+00:00","og_image":[{"width":1200,"height":1200,"url":"https:\/\/keramamueblesdejardin.com\/wp-content\/uploads\/2023\/02\/b22x2.jpg","type":"image\/jpeg"}],"twitter_card":"summary_large_image","schema":{"@context":"https:\/\/schema.org","@graph":[{"@type":"WebPage","@id":"https:\/\/keramamueblesdejardin.com\/it\/accessori-esterni\/cuscini-per-esterni\/pack-2-cuscini-sedia-giardino-quadri-giallo-bianco-acrilico\/","url":"https:\/\/keramamueblesdejardin.com\/it\/accessori-esterni\/cuscini-per-esterni\/pack-2-cuscini-sedia-giardino-quadri-giallo-bianco-acrilico\/","name":"Pack 2 cuscini sedia da giardino immagini giallo\/bianco - Acrilico - Kerama","isPartOf":{"@id":"https:\/\/keramamueblesdejardin.com\/it\/#website"},"primaryImageOfPage":{"@id":"https:\/\/keramamueblesdejardin.com\/it\/accessori-esterni\/cuscini-per-esterni\/pack-2-cuscini-sedia-giardino-quadri-giallo-bianco-acrilico\/#primaryimage"},"image":{"@id":"https:\/\/keramamueblesdejardin.com\/it\/accessori-esterni\/cuscini-per-esterni\/pack-2-cuscini-sedia-giardino-quadri-giallo-bianco-acrilico\/#primaryimage"},"thumbnailUrl":"https:\/\/keramamueblesdejardin.com\/wp-content\/uploads\/2023\/02\/b22x2.jpg","datePublished":"2023-02-13T09:18:03+00:00","dateModified":"2023-08-31T08:05:46+00:00","breadcrumb":{"@id":"https:\/\/keramamueblesdejardin.com\/it\/accessori-esterni\/cuscini-per-esterni\/pack-2-cuscini-sedia-giardino-quadri-giallo-bianco-acrilico\/#breadcrumb"},"inLanguage":"it-IT","potentialAction":[{"@type":"ReadAction","target":["https:\/\/keramamueblesdejardin.com\/it\/accessori-esterni\/cuscini-per-esterni\/pack-2-cuscini-sedia-giardino-quadri-giallo-bianco-acrilico\/"]}]},{"@type":"ImageObject","inLanguage":"it-IT","@id":"https:\/\/keramamueblesdejardin.com\/it\/accessori-esterni\/cuscini-per-esterni\/pack-2-cuscini-sedia-giardino-quadri-giallo-bianco-acrilico\/#primaryimage","url":"https:\/\/keramamueblesdejardin.com\/wp-content\/uploads\/2023\/02\/b22x2.jpg","contentUrl":"https:\/\/keramamueblesdejardin.com\/wp-content\/uploads\/2023\/02\/b22x2.jpg","width":1200,"height":1200},{"@type":"BreadcrumbList","@id":"https:\/\/keramamueblesdejardin.com\/it\/accessori-esterni\/cuscini-per-esterni\/pack-2-cuscini-sedia-giardino-quadri-giallo-bianco-acrilico\/#breadcrumb","itemListElement":[{"@type":"ListItem","position":1,"name":"Home","item":"https:\/\/keramamueblesdejardin.com\/it\/"},{"@type":"ListItem","position":2,"name":"Negozio","item":"https:\/\/keramamueblesdejardin.com\/it\/negozio\/"},{"@type":"ListItem","position":3,"name":"Accessori esterni","item":"https:\/\/keramamueblesdejardin.com\/it\/accessori-esterni\/"},{"@type":"ListItem","position":4,"name":"Cuscini per esterni","item":"https:\/\/keramamueblesdejardin.com\/it\/accessori-esterni\/cuscini-per-esterni\/"},{"@type":"ListItem","position":5,"name":"Pack 2 cuscini sedia da giardino immagini giallo\/bianco &#8211; Acrilico"}]},{"@type":"WebSite","@id":"https:\/\/keramamueblesdejardin.com\/it\/#website","url":"https:\/\/keramamueblesdejardin.com\/it\/","name":"Kerama","description":"muebles de jard\u00edn","publisher":{"@id":"https:\/\/keramamueblesdejardin.com\/it\/#organization"},"potentialAction":[{"@type":"SearchAction","target":{"@type":"EntryPoint","urlTemplate":"https:\/\/keramamueblesdejardin.com\/it\/?s={search_term_string}"},"query-input":{"@type":"PropertyValueSpecification","valueRequired":true,"valueName":"search_term_string"}}],"inLanguage":"it-IT"},{"@type":"Organization","@id":"https:\/\/keramamueblesdejardin.com\/it\/#organization","name":"kerama","url":"https:\/\/keramamueblesdejardin.com\/it\/","logo":{"@type":"ImageObject","inLanguage":"it-IT","@id":"https:\/\/keramamueblesdejardin.com\/it\/#\/schema\/logo\/image\/","url":"https:\/\/keramamueblesdejardin.com\/wp-content\/uploads\/2020\/12\/k.-scaled.jpg","contentUrl":"https:\/\/keramamueblesdejardin.com\/wp-content\/uploads\/2020\/12\/k.-scaled.jpg","width":2560,"height":551,"caption":"kerama"},"image":{"@id":"https:\/\/keramamueblesdejardin.com\/it\/#\/schema\/logo\/image\/"},"sameAs":["https:\/\/www.facebook.com\/Kerama-Muebles-de-Jard\u00edn-106209328312568\/"]}]}},"df_price":39,"df_sale_price":39,"df_regular_price":52,"df_image_link":"https:\/\/keramamueblesdejardin.com\/wp-content\/uploads\/2023\/02\/b22x2-300x300.jpg","custom_tabs":[{"title":"MISURAZIONE","id":"misurazione","content":"<strong>Spessore: <\/strong>5cm\n<strong>Larghezza: <\/strong>40cm\n<strong>Profondit\u00e0: <\/strong>45cm"},{"title":"MANUTENZIONE E GARANZIE","id":"manutenzione-e-garanzie","content":"<div class=\"moz-signature\">\n<div class=\"list\">\n\n<strong>Raccomandazioni generali:<\/strong>\n\u2022 Guasti o danni causati da:\n\u2022 Cause accidentali come cadute, colpi, fuoriuscite di liquidi, introduzione di corpi estranei, nonch\u00e9 qualsiasi altra causa di forza maggiore.\n\u2022 Uso negligente, improprio o non domestico.\n\u2022 Danni, corrosione e\/o ossidazione accelerata da condizioni ambientali avverse \u2022 Macchie e scolorimenti dovuti al mancato rispetto delle nostre istruzioni di pulizia\n\u2022 Danni verificatisi durante il montaggio e la manipolazione senza aver seguito le istruzioni di montaggio indicate.\n\n<strong>Istruzioni per l'uso e la manutenzione:<\/strong>\n\n\u2022 Tessuto non impermeabile, non adatto per pioggia costante o fonti che lo mantengono bagnato o bagnato.\n\u2022 Pulire delicatamente con l'aiuto di un panno o utilizzare un sapone liquido neutro, risciacquando con abbondante acqua.\n\u2022 Rimuovere regolarmente la polvere con l'aiuto di un panno morbido e acqua pulita.\n\u2022 Non utilizzare detergenti o prodotti abrasivi per la pulizia.\n<strong>Anni di garanzia:<\/strong> 3 anni\n<strong>Prodotto secondo lo standard:<\/strong> 581-1,581-2,581-3\n\n<\/div>\n<\/div>"}],"_links":{"self":[{"href":"https:\/\/keramamueblesdejardin.com\/it\/wp-json\/wp\/v2\/product\/85476","targetHints":{"allow":["GET"]}}],"collection":[{"href":"https:\/\/keramamueblesdejardin.com\/it\/wp-json\/wp\/v2\/product"}],"about":[{"href":"https:\/\/keramamueblesdejardin.com\/it\/wp-json\/wp\/v2\/types\/product"}],"replies":[{"embeddable":true,"href":"https:\/\/keramamueblesdejardin.com\/it\/wp-json\/wp\/v2\/comments?post=85476"}],"wp:featuredmedia":[{"embeddable":true,"href":"https:\/\/keramamueblesdejardin.com\/it\/wp-json\/wp\/v2\/media\/85479"}],"wp:attachment":[{"href":"https:\/\/keramamueblesdejardin.com\/it\/wp-json\/wp\/v2\/media?parent=85476"}],"wp:term":[{"taxonomy":"product_brand","embeddable":true,"href":"https:\/\/keramamueblesdejardin.com\/it\/wp-json\/wp\/v2\/product_brand?post=85476"},{"taxonomy":"product_cat","embeddable":true,"href":"https:\/\/keramamueblesdejardin.com\/it\/wp-json\/wp\/v2\/product_cat?post=85476"},{"taxonomy":"product_tag","embeddable":true,"href":"https:\/\/keramamueblesdejardin.com\/it\/wp-json\/wp\/v2\/product_tag?post=85476"}],"curies":[{"name":"wp","href":"https:\/\/api.w.org\/{rel}","templated":true}]}}