{"id":85294,"date":"2023-04-12T16:47:43","date_gmt":"2023-04-12T14:47:43","guid":{"rendered":"https:\/\/keramamueblesdejardin.com\/sin%20categor\u00eda\/set-da-giardino-6-posti-tavolo-rotondo-antracite-e-6-sedie-con-cuscino-osaka\/"},"modified":"2024-10-21T13:15:17","modified_gmt":"2024-10-21T11:15:17","slug":"giardino-set-6-posti-antracite-tavolo-rotondo-e-6-sedie-con-cuscino-osaka","status":"publish","type":"product","link":"https:\/\/keramamueblesdejardin.com\/it\/sale-da-pranzo-allaperto\/set-di-tavoli-e-sedie-da-giardino\/giardino-set-6-posti-antracite-tavolo-rotondo-e-6-sedie-con-cuscino-osaka\/","title":{"rendered":"Set da giardino 6 posti tavolo rotondo antracite e 6 sedie con cuscino &#8211; Osaka"},"content":{"rendered":"<p>Set composto da un tavolo rotondo con doghe in polietilene ad alta densit\u00e0 finto legno e struttura in alluminio antracite diametro 140cm. La struttura \u00e8 realizzata in alluminio color antracite e su doghe che essendo realizzate in polietilene ad alta densit\u00e0, hanno l&#8217;aspetto del legno, ma eliminando la manutenzione e il trattamento che il legno comporta poich\u00e9 \u00e8 un materiale sintetico molto resistente con 6 sedie Osaka antracite (altezza 87 x lunghezza 56,5 x profondit\u00e0 54) sono realizzate in alluminio antracite e braccioli con legno polywood imitazione. Oltre ad essere molto confortevole dati i suoi braccioli e il sedile imbottito, \u00e8 impilabile, il che riduce notevolmente lo spazio di archiviazione ed \u00e8 molto leggero. Le sedie sono dotate di un cuscino grigio rimovibile e facile da lavare. Puoi combinarlo con altri prodotti della famiglia Osaka.<\/p>\n","protected":false},"excerpt":{"rendered":"<ul>\n<li>Tavolo rotondo con struttura in alluminio e piano in simil-legno<\/li>\n<li>Sedie in alluminio antracite con bracciolisimilbraccioli in legno e cuscino<\/li>\n<li>Nessuna manutenzione richiesta<\/li>\n<\/ul>\n","protected":false},"featured_media":85297,"comment_status":"closed","ping_status":"closed","template":"","meta":{"_acf_changed":false},"product_brand":[],"product_cat":[2775,2776],"product_tag":[2778,2903],"class_list":{"0":"post-85294","1":"product","2":"type-product","3":"status-publish","4":"has-post-thumbnail","6":"product_cat-sale-da-pranzo-allaperto","7":"product_cat-set-di-tavoli-e-sedie-da-giardino","8":"product_tag-ampi-spazi","9":"product_tag-osaka-it","10":"product_shipping_class-envio-gratuito-it","11":"pa_coleccion-osaka-it","12":"pa_material-alluminio","14":"first","15":"instock","16":"sale","17":"purchasable","18":"product-type-simple","19":"add-to-wishlist-before_image"},"acf":[],"yoast_head":"<!-- This site is optimized with the Yoast SEO plugin v27.2 - https:\/\/yoast.com\/product\/yoast-seo-wordpress\/ -->\n<title>Set da giardino 6 posti tavolo rotondo antracite e 6 sedie con cuscino - Osaka - Kerama<\/title>\n<meta name=\"robots\" content=\"index, follow, max-snippet:-1, max-image-preview:large, max-video-preview:-1\" \/>\n<link rel=\"canonical\" href=\"https:\/\/keramamueblesdejardin.com\/it\/sale-da-pranzo-allaperto\/set-di-tavoli-e-sedie-da-giardino\/giardino-set-6-posti-antracite-tavolo-rotondo-e-6-sedie-con-cuscino-osaka\/\" \/>\n<meta property=\"og:locale\" content=\"it_IT\" \/>\n<meta property=\"og:type\" content=\"article\" \/>\n<meta property=\"og:title\" content=\"Set da giardino 6 posti tavolo rotondo antracite e 6 sedie con cuscino - Osaka - Kerama\" \/>\n<meta property=\"og:description\" content=\"Tavolo rotondo con struttura in alluminio e piano in simil-legno  Sedie in alluminio antracite con bracciolisimilbraccioli in legno e cuscino  Nessuna manutenzione richiesta\" \/>\n<meta property=\"og:url\" content=\"https:\/\/keramamueblesdejardin.com\/it\/sale-da-pranzo-allaperto\/set-di-tavoli-e-sedie-da-giardino\/giardino-set-6-posti-antracite-tavolo-rotondo-e-6-sedie-con-cuscino-osaka\/\" \/>\n<meta property=\"og:site_name\" content=\"Kerama\" \/>\n<meta property=\"article:publisher\" content=\"https:\/\/www.facebook.com\/Kerama-Muebles-de-Jard%c3%adn-106209328312568\/\" \/>\n<meta property=\"article:modified_time\" content=\"2024-10-21T11:15:17+00:00\" \/>\n<meta property=\"og:image\" content=\"https:\/\/keramamueblesdejardin.com\/wp-content\/uploads\/2023\/04\/osaka-6-antracita-cojin.jpg\" \/>\n\t<meta property=\"og:image:width\" content=\"1200\" \/>\n\t<meta property=\"og:image:height\" content=\"1200\" \/>\n\t<meta property=\"og:image:type\" content=\"image\/jpeg\" \/>\n<meta name=\"twitter:card\" content=\"summary_large_image\" \/>\n<meta name=\"twitter:label1\" content=\"Tempo di lettura stimato\" \/>\n\t<meta name=\"twitter:data1\" content=\"1 minuto\" \/>\n<script type=\"application\/ld+json\" class=\"yoast-schema-graph\">{\"@context\":\"https:\/\/schema.org\",\"@graph\":[{\"@type\":\"WebPage\",\"@id\":\"https:\/\/keramamueblesdejardin.com\/it\/sale-da-pranzo-allaperto\/set-di-tavoli-e-sedie-da-giardino\/giardino-set-6-posti-antracite-tavolo-rotondo-e-6-sedie-con-cuscino-osaka\/\",\"url\":\"https:\/\/keramamueblesdejardin.com\/it\/sale-da-pranzo-allaperto\/set-di-tavoli-e-sedie-da-giardino\/giardino-set-6-posti-antracite-tavolo-rotondo-e-6-sedie-con-cuscino-osaka\/\",\"name\":\"Set da giardino 6 posti tavolo rotondo antracite e 6 sedie con cuscino - Osaka - Kerama\",\"isPartOf\":{\"@id\":\"https:\/\/keramamueblesdejardin.com\/it\/#website\"},\"primaryImageOfPage\":{\"@id\":\"https:\/\/keramamueblesdejardin.com\/it\/sale-da-pranzo-allaperto\/set-di-tavoli-e-sedie-da-giardino\/giardino-set-6-posti-antracite-tavolo-rotondo-e-6-sedie-con-cuscino-osaka\/#primaryimage\"},\"image\":{\"@id\":\"https:\/\/keramamueblesdejardin.com\/it\/sale-da-pranzo-allaperto\/set-di-tavoli-e-sedie-da-giardino\/giardino-set-6-posti-antracite-tavolo-rotondo-e-6-sedie-con-cuscino-osaka\/#primaryimage\"},\"thumbnailUrl\":\"https:\/\/keramamueblesdejardin.com\/wp-content\/uploads\/2023\/04\/osaka-6-antracita-cojin.jpg\",\"datePublished\":\"2023-04-12T14:47:43+00:00\",\"dateModified\":\"2024-10-21T11:15:17+00:00\",\"breadcrumb\":{\"@id\":\"https:\/\/keramamueblesdejardin.com\/it\/sale-da-pranzo-allaperto\/set-di-tavoli-e-sedie-da-giardino\/giardino-set-6-posti-antracite-tavolo-rotondo-e-6-sedie-con-cuscino-osaka\/#breadcrumb\"},\"inLanguage\":\"it-IT\",\"potentialAction\":[{\"@type\":\"ReadAction\",\"target\":[\"https:\/\/keramamueblesdejardin.com\/it\/sale-da-pranzo-allaperto\/set-di-tavoli-e-sedie-da-giardino\/giardino-set-6-posti-antracite-tavolo-rotondo-e-6-sedie-con-cuscino-osaka\/\"]}]},{\"@type\":\"ImageObject\",\"inLanguage\":\"it-IT\",\"@id\":\"https:\/\/keramamueblesdejardin.com\/it\/sale-da-pranzo-allaperto\/set-di-tavoli-e-sedie-da-giardino\/giardino-set-6-posti-antracite-tavolo-rotondo-e-6-sedie-con-cuscino-osaka\/#primaryimage\",\"url\":\"https:\/\/keramamueblesdejardin.com\/wp-content\/uploads\/2023\/04\/osaka-6-antracita-cojin.jpg\",\"contentUrl\":\"https:\/\/keramamueblesdejardin.com\/wp-content\/uploads\/2023\/04\/osaka-6-antracita-cojin.jpg\",\"width\":1200,\"height\":1200},{\"@type\":\"BreadcrumbList\",\"@id\":\"https:\/\/keramamueblesdejardin.com\/it\/sale-da-pranzo-allaperto\/set-di-tavoli-e-sedie-da-giardino\/giardino-set-6-posti-antracite-tavolo-rotondo-e-6-sedie-con-cuscino-osaka\/#breadcrumb\",\"itemListElement\":[{\"@type\":\"ListItem\",\"position\":1,\"name\":\"Home\",\"item\":\"https:\/\/keramamueblesdejardin.com\/it\/\"},{\"@type\":\"ListItem\",\"position\":2,\"name\":\"Negozio\",\"item\":\"https:\/\/keramamueblesdejardin.com\/it\/negozio\/\"},{\"@type\":\"ListItem\",\"position\":3,\"name\":\"Sale da pranzo all'aperto\",\"item\":\"https:\/\/keramamueblesdejardin.com\/it\/sale-da-pranzo-allaperto\/\"},{\"@type\":\"ListItem\",\"position\":4,\"name\":\"Set di tavoli e sedie da giardino\",\"item\":\"https:\/\/keramamueblesdejardin.com\/it\/sale-da-pranzo-allaperto\/set-di-tavoli-e-sedie-da-giardino\/\"},{\"@type\":\"ListItem\",\"position\":5,\"name\":\"Set da giardino 6 posti tavolo rotondo antracite e 6 sedie con cuscino &#8211; Osaka\"}]},{\"@type\":\"WebSite\",\"@id\":\"https:\/\/keramamueblesdejardin.com\/it\/#website\",\"url\":\"https:\/\/keramamueblesdejardin.com\/it\/\",\"name\":\"Kerama\",\"description\":\"muebles de jard\u00edn\",\"publisher\":{\"@id\":\"https:\/\/keramamueblesdejardin.com\/it\/#organization\"},\"potentialAction\":[{\"@type\":\"SearchAction\",\"target\":{\"@type\":\"EntryPoint\",\"urlTemplate\":\"https:\/\/keramamueblesdejardin.com\/it\/?s={search_term_string}\"},\"query-input\":{\"@type\":\"PropertyValueSpecification\",\"valueRequired\":true,\"valueName\":\"search_term_string\"}}],\"inLanguage\":\"it-IT\"},{\"@type\":\"Organization\",\"@id\":\"https:\/\/keramamueblesdejardin.com\/it\/#organization\",\"name\":\"kerama\",\"url\":\"https:\/\/keramamueblesdejardin.com\/it\/\",\"logo\":{\"@type\":\"ImageObject\",\"inLanguage\":\"it-IT\",\"@id\":\"https:\/\/keramamueblesdejardin.com\/it\/#\/schema\/logo\/image\/\",\"url\":\"https:\/\/keramamueblesdejardin.com\/wp-content\/uploads\/2020\/12\/k.-scaled.jpg\",\"contentUrl\":\"https:\/\/keramamueblesdejardin.com\/wp-content\/uploads\/2020\/12\/k.-scaled.jpg\",\"width\":2560,\"height\":551,\"caption\":\"kerama\"},\"image\":{\"@id\":\"https:\/\/keramamueblesdejardin.com\/it\/#\/schema\/logo\/image\/\"},\"sameAs\":[\"https:\/\/www.facebook.com\/Kerama-Muebles-de-Jard\u00edn-106209328312568\/\"]}]}<\/script>\n<!-- \/ Yoast SEO plugin. -->","yoast_head_json":{"title":"Set da giardino 6 posti tavolo rotondo antracite e 6 sedie con cuscino - Osaka - Kerama","robots":{"index":"index","follow":"follow","max-snippet":"max-snippet:-1","max-image-preview":"max-image-preview:large","max-video-preview":"max-video-preview:-1"},"canonical":"https:\/\/keramamueblesdejardin.com\/it\/sale-da-pranzo-allaperto\/set-di-tavoli-e-sedie-da-giardino\/giardino-set-6-posti-antracite-tavolo-rotondo-e-6-sedie-con-cuscino-osaka\/","og_locale":"it_IT","og_type":"article","og_title":"Set da giardino 6 posti tavolo rotondo antracite e 6 sedie con cuscino - Osaka - Kerama","og_description":"Tavolo rotondo con struttura in alluminio e piano in simil-legno  Sedie in alluminio antracite con bracciolisimilbraccioli in legno e cuscino  Nessuna manutenzione richiesta","og_url":"https:\/\/keramamueblesdejardin.com\/it\/sale-da-pranzo-allaperto\/set-di-tavoli-e-sedie-da-giardino\/giardino-set-6-posti-antracite-tavolo-rotondo-e-6-sedie-con-cuscino-osaka\/","og_site_name":"Kerama","article_publisher":"https:\/\/www.facebook.com\/Kerama-Muebles-de-Jard%c3%adn-106209328312568\/","article_modified_time":"2024-10-21T11:15:17+00:00","og_image":[{"width":1200,"height":1200,"url":"https:\/\/keramamueblesdejardin.com\/wp-content\/uploads\/2023\/04\/osaka-6-antracita-cojin.jpg","type":"image\/jpeg"}],"twitter_card":"summary_large_image","twitter_misc":{"Tempo di lettura stimato":"1 minuto"},"schema":{"@context":"https:\/\/schema.org","@graph":[{"@type":"WebPage","@id":"https:\/\/keramamueblesdejardin.com\/it\/sale-da-pranzo-allaperto\/set-di-tavoli-e-sedie-da-giardino\/giardino-set-6-posti-antracite-tavolo-rotondo-e-6-sedie-con-cuscino-osaka\/","url":"https:\/\/keramamueblesdejardin.com\/it\/sale-da-pranzo-allaperto\/set-di-tavoli-e-sedie-da-giardino\/giardino-set-6-posti-antracite-tavolo-rotondo-e-6-sedie-con-cuscino-osaka\/","name":"Set da giardino 6 posti tavolo rotondo antracite e 6 sedie con cuscino - Osaka - Kerama","isPartOf":{"@id":"https:\/\/keramamueblesdejardin.com\/it\/#website"},"primaryImageOfPage":{"@id":"https:\/\/keramamueblesdejardin.com\/it\/sale-da-pranzo-allaperto\/set-di-tavoli-e-sedie-da-giardino\/giardino-set-6-posti-antracite-tavolo-rotondo-e-6-sedie-con-cuscino-osaka\/#primaryimage"},"image":{"@id":"https:\/\/keramamueblesdejardin.com\/it\/sale-da-pranzo-allaperto\/set-di-tavoli-e-sedie-da-giardino\/giardino-set-6-posti-antracite-tavolo-rotondo-e-6-sedie-con-cuscino-osaka\/#primaryimage"},"thumbnailUrl":"https:\/\/keramamueblesdejardin.com\/wp-content\/uploads\/2023\/04\/osaka-6-antracita-cojin.jpg","datePublished":"2023-04-12T14:47:43+00:00","dateModified":"2024-10-21T11:15:17+00:00","breadcrumb":{"@id":"https:\/\/keramamueblesdejardin.com\/it\/sale-da-pranzo-allaperto\/set-di-tavoli-e-sedie-da-giardino\/giardino-set-6-posti-antracite-tavolo-rotondo-e-6-sedie-con-cuscino-osaka\/#breadcrumb"},"inLanguage":"it-IT","potentialAction":[{"@type":"ReadAction","target":["https:\/\/keramamueblesdejardin.com\/it\/sale-da-pranzo-allaperto\/set-di-tavoli-e-sedie-da-giardino\/giardino-set-6-posti-antracite-tavolo-rotondo-e-6-sedie-con-cuscino-osaka\/"]}]},{"@type":"ImageObject","inLanguage":"it-IT","@id":"https:\/\/keramamueblesdejardin.com\/it\/sale-da-pranzo-allaperto\/set-di-tavoli-e-sedie-da-giardino\/giardino-set-6-posti-antracite-tavolo-rotondo-e-6-sedie-con-cuscino-osaka\/#primaryimage","url":"https:\/\/keramamueblesdejardin.com\/wp-content\/uploads\/2023\/04\/osaka-6-antracita-cojin.jpg","contentUrl":"https:\/\/keramamueblesdejardin.com\/wp-content\/uploads\/2023\/04\/osaka-6-antracita-cojin.jpg","width":1200,"height":1200},{"@type":"BreadcrumbList","@id":"https:\/\/keramamueblesdejardin.com\/it\/sale-da-pranzo-allaperto\/set-di-tavoli-e-sedie-da-giardino\/giardino-set-6-posti-antracite-tavolo-rotondo-e-6-sedie-con-cuscino-osaka\/#breadcrumb","itemListElement":[{"@type":"ListItem","position":1,"name":"Home","item":"https:\/\/keramamueblesdejardin.com\/it\/"},{"@type":"ListItem","position":2,"name":"Negozio","item":"https:\/\/keramamueblesdejardin.com\/it\/negozio\/"},{"@type":"ListItem","position":3,"name":"Sale da pranzo all'aperto","item":"https:\/\/keramamueblesdejardin.com\/it\/sale-da-pranzo-allaperto\/"},{"@type":"ListItem","position":4,"name":"Set di tavoli e sedie da giardino","item":"https:\/\/keramamueblesdejardin.com\/it\/sale-da-pranzo-allaperto\/set-di-tavoli-e-sedie-da-giardino\/"},{"@type":"ListItem","position":5,"name":"Set da giardino 6 posti tavolo rotondo antracite e 6 sedie con cuscino &#8211; Osaka"}]},{"@type":"WebSite","@id":"https:\/\/keramamueblesdejardin.com\/it\/#website","url":"https:\/\/keramamueblesdejardin.com\/it\/","name":"Kerama","description":"muebles de jard\u00edn","publisher":{"@id":"https:\/\/keramamueblesdejardin.com\/it\/#organization"},"potentialAction":[{"@type":"SearchAction","target":{"@type":"EntryPoint","urlTemplate":"https:\/\/keramamueblesdejardin.com\/it\/?s={search_term_string}"},"query-input":{"@type":"PropertyValueSpecification","valueRequired":true,"valueName":"search_term_string"}}],"inLanguage":"it-IT"},{"@type":"Organization","@id":"https:\/\/keramamueblesdejardin.com\/it\/#organization","name":"kerama","url":"https:\/\/keramamueblesdejardin.com\/it\/","logo":{"@type":"ImageObject","inLanguage":"it-IT","@id":"https:\/\/keramamueblesdejardin.com\/it\/#\/schema\/logo\/image\/","url":"https:\/\/keramamueblesdejardin.com\/wp-content\/uploads\/2020\/12\/k.-scaled.jpg","contentUrl":"https:\/\/keramamueblesdejardin.com\/wp-content\/uploads\/2020\/12\/k.-scaled.jpg","width":2560,"height":551,"caption":"kerama"},"image":{"@id":"https:\/\/keramamueblesdejardin.com\/it\/#\/schema\/logo\/image\/"},"sameAs":["https:\/\/www.facebook.com\/Kerama-Muebles-de-Jard\u00edn-106209328312568\/"]}]}},"df_price":1339,"df_sale_price":1339,"df_regular_price":1645,"df_image_link":"https:\/\/keramamueblesdejardin.com\/wp-content\/uploads\/2023\/04\/osaka-6-antracita-cojin-300x300.jpg","custom_tabs":[{"title":"MISURAZIONE","id":"misurazione","content":"<div class=\"list\"><strong style=\"font-weight: bold; color: #282828;\">Altezza:<\/strong><span style=\"color: #282828;\"> Sedia 87 cm \/ Tavolo 75 cm<\/span><br style=\"color: #282828;\" \/><strong style=\"font-weight: bold; color: #282828;\">Larghezza:<\/strong><span style=\"color: #282828;\"> Sedia 56,5 cm \/ Tavolo 140 cm<\/span><br style=\"color: #282828;\" \/><strong style=\"font-weight: bold; color: #282828;\">Profondit\u00e0:<\/strong><span style=\"color: #282828;\"> Sedia 54cm \/ Tavolo 140 cm<\/span><br style=\"color: #282828;\" \/><strong style=\"font-weight: bold; color: #282828;\">Altezza seduta:<\/strong><span style=\"color: #282828;\"> 50<\/span><br style=\"color: #282828;\" \/><strong style=\"font-weight: bold; color: #282828;\">Profondit\u00e0 sedile:<\/strong><span style=\"color: #282828;\"> 50 cm<\/span><\/div>"},{"title":"DISIMBALLAGGIO E MONTAGGIO","id":"disimballaggio-e-montaggio","content":"<div class=\"list\"><strong style=\"font-weight: bold; color: #282828;\">Raccomandazioni per<\/strong> il disimballaggio: <span style=\"color: #282828;\"> Non utilizzare utensili affilati durante il disimballaggio dei mobili in quanto potrebbe causare danni<\/span><br style=\"color: #282828;\" \/><strong style=\"font-weight: bold; color: #282828;\">Richiede il montaggio (s\u00ec\/no):<\/strong><span style=\"color: #282828;\"> S\u00ec<\/span><br style=\"color: #282828;\" \/><strong style=\"font-weight: bold; color: #282828;\">Difficolt\u00e0 di montaggio:<\/strong><span style=\"color: #282828;\"> Bassa<\/span><br style=\"color: #282828;\" \/><strong style=\"font-weight: bold; color: #282828;\">Tempo di montaggio:<\/strong><span style=\"color: #282828;\"> 30 minuti<\/span><br style=\"color: #282828;\" \/><strong style=\"font-weight: bold; color: #282828;\">Persone consigliate per il montaggio:<\/strong><span style=\"color: #282828;\"> 2<\/span><br style=\"color: #282828;\" \/><strong style=\"font-weight: bold; color: #282828;\">Suggerimenti di montaggio:<\/strong><span style=\"color: #282828;\"> Preparare un'area di assemblaggio pulita e asciutta, verificare che nessuna delle parti indicate nel manuale manchi. Si consiglia di indossare guanti adatti al montaggio. Utilizzare solo le parti e l'hardware in dotazione. NON consigliamo l'acquisto con opzione di montaggio per questo articolo in quanto la difficolt\u00e0 di assemblaggio \u00e8 molto bassa.<\/span><\/div>"},{"title":"MANUTENZIONE E GARANZIE","id":"manutenzione-e-garanzie","content":"<strong>Raccomandazioni generali:<\/strong>\r\n\u2022 Guasti o danni causati da:\r\n\u2022 Cause accidentali come cadute, colpi, fuoriuscite di liquidi, introduzione di corpi estranei, nonch\u00e9 qualsiasi altra causa di forza maggiore.\r\n\u2022 Uso negligente, improprio o non domestico, non seguendo le istruzioni per l'uso.\r\n\u2022 Danni, corrosione e\/o ossidazione accelerati da condizioni ambientali avverse\r\n\u2022 Macchie e scolorimenti dovuti al mancato rispetto delle nostre istruzioni di pulizia\r\n\u2022 Danni verificatisi durante il montaggio e la manipolazione senza aver seguito le istruzioni di montaggio indicate.\r\n\r\n<strong>Istruzioni per l'uso e la manutenzione:<\/strong>\r\n\u2022 Nelle giornate di sole, utilizzare un rivestimento per il tavolo, in particolare con bicchieri, bicchieri e contenitori di vetro, in quanto amplifica la temperatura del sole e pu\u00f2 fondere il polistirolo. Evita qualsiasi tipo di copertura che possa generare lo stesso effetto.\r\n\u2022 Pulire delicatamente con l'aiuto di un panno o utilizzare un sapone liquido neutro, risciacquando con abbondante acqua.\r\n\u2022 Rimuovere regolarmente la polvere con l'aiuto di un panno morbido e acqua pulita.\r\n\u2022 Non utilizzare detergenti o prodotti abrasivi per la pulizia.\r\n\u2022 Dopo la pioggia, asciugare il tavolo con un panno pulito per evitare macchie\r\n\u2022 Proteggere con una tovaglia protettiva traspirante o una copertura\r\n<strong>Anni di garanzia:<\/strong> 3 anni\r\n<strong>Prodotto secondo lo standard:<\/strong> 581-1,581-2,581-3"}],"_links":{"self":[{"href":"https:\/\/keramamueblesdejardin.com\/it\/wp-json\/wp\/v2\/product\/85294","targetHints":{"allow":["GET"]}}],"collection":[{"href":"https:\/\/keramamueblesdejardin.com\/it\/wp-json\/wp\/v2\/product"}],"about":[{"href":"https:\/\/keramamueblesdejardin.com\/it\/wp-json\/wp\/v2\/types\/product"}],"replies":[{"embeddable":true,"href":"https:\/\/keramamueblesdejardin.com\/it\/wp-json\/wp\/v2\/comments?post=85294"}],"wp:featuredmedia":[{"embeddable":true,"href":"https:\/\/keramamueblesdejardin.com\/it\/wp-json\/wp\/v2\/media\/85297"}],"wp:attachment":[{"href":"https:\/\/keramamueblesdejardin.com\/it\/wp-json\/wp\/v2\/media?parent=85294"}],"wp:term":[{"taxonomy":"product_brand","embeddable":true,"href":"https:\/\/keramamueblesdejardin.com\/it\/wp-json\/wp\/v2\/product_brand?post=85294"},{"taxonomy":"product_cat","embeddable":true,"href":"https:\/\/keramamueblesdejardin.com\/it\/wp-json\/wp\/v2\/product_cat?post=85294"},{"taxonomy":"product_tag","embeddable":true,"href":"https:\/\/keramamueblesdejardin.com\/it\/wp-json\/wp\/v2\/product_tag?post=85294"}],"curies":[{"name":"wp","href":"https:\/\/api.w.org\/{rel}","templated":true}]}}