{"id":175692,"date":"2024-10-18T11:49:21","date_gmt":"2024-10-18T09:49:21","guid":{"rendered":"https:\/\/keramamueblesdejardin.com\/senza-categoria\/pack-4-sedie-da-giardino-in-alluminio-e-teak-antracite-vermont\/"},"modified":"2024-10-18T11:49:21","modified_gmt":"2024-10-18T09:49:21","slug":"confezione-4-sedie-alluminio-e-teak-giardino-antracite-vermont","status":"publish","type":"product","link":"https:\/\/keramamueblesdejardin.com\/it\/sale-da-pranzo-allaperto\/confezione-4-sedie-alluminio-e-teak-giardino-antracite-vermont\/","title":{"rendered":"Pack 4 sedie da giardino in alluminio e teak antracite &#8211; Vermont"},"content":{"rendered":"<p>Le sedie Vermont utilizzano materiali altamente resistenti agli agenti atmosferici come il teak certificato FSC e l&#8217;alluminio verniciato con vernice epossidica. Hanno linee ergonomiche che li rendono molto comodi su cui sedersi. <\/p>\n","protected":false},"excerpt":{"rendered":"<ul>\n<li>Sedia da giardino impilabile<\/li>\n<li>Struttura in alluminio antracite<\/li>\n<li>Sedile a doghe in teak<\/li>\n<li>Misure: 57x62x76cm<\/li>\n<\/ul>\n","protected":false},"featured_media":171370,"comment_status":"open","ping_status":"closed","template":"","meta":{"_acf_changed":false},"product_brand":[],"product_cat":[2775,2862],"product_tag":[],"class_list":{"0":"post-175692","1":"product","2":"type-product","3":"status-publish","4":"has-post-thumbnail","6":"product_cat-sale-da-pranzo-allaperto","7":"product_cat-sedie-da-giardino","8":"product_shipping_class-envio-gratuito-it","9":"pa_asientos-4-it","10":"pa_coleccion-vermont-it","11":"pa_material-alluminio","12":"pa_material-legno","14":"first","15":"instock","16":"sale","17":"shipping-taxable","18":"purchasable","19":"product-type-simple","20":"add-to-wishlist-before_image"},"acf":[],"yoast_head":"<!-- This site is optimized with the Yoast SEO plugin v27.2 - https:\/\/yoast.com\/product\/yoast-seo-wordpress\/ -->\n<title>Pack 4 sedie da giardino in alluminio e teak antracite - Vermont - Kerama<\/title>\n<meta name=\"robots\" content=\"index, follow, max-snippet:-1, max-image-preview:large, max-video-preview:-1\" \/>\n<link rel=\"canonical\" href=\"https:\/\/keramamueblesdejardin.com\/it\/sale-da-pranzo-allaperto\/confezione-4-sedie-alluminio-e-teak-giardino-antracite-vermont\/\" \/>\n<meta property=\"og:locale\" content=\"it_IT\" \/>\n<meta property=\"og:type\" content=\"article\" \/>\n<meta property=\"og:title\" content=\"Pack 4 sedie da giardino in alluminio e teak antracite - Vermont - Kerama\" \/>\n<meta property=\"og:description\" content=\"Sedia da giardino impilabile  Struttura in alluminio antracite  Sedile a doghe in teak  Misure: 57x62x76cm\" \/>\n<meta property=\"og:url\" content=\"https:\/\/keramamueblesdejardin.com\/it\/sale-da-pranzo-allaperto\/confezione-4-sedie-alluminio-e-teak-giardino-antracite-vermont\/\" \/>\n<meta property=\"og:site_name\" content=\"Kerama\" \/>\n<meta property=\"article:publisher\" content=\"https:\/\/www.facebook.com\/Kerama-Muebles-de-Jard%c3%adn-106209328312568\/\" \/>\n<meta property=\"og:image\" content=\"https:\/\/keramamueblesdejardin.com\/wp-content\/uploads\/2024\/10\/silla-ottawa-antracita-4.jpg\" \/>\n\t<meta property=\"og:image:width\" content=\"1200\" \/>\n\t<meta property=\"og:image:height\" content=\"1200\" \/>\n\t<meta property=\"og:image:type\" content=\"image\/jpeg\" \/>\n<meta name=\"twitter:card\" content=\"summary_large_image\" \/>\n<script type=\"application\/ld+json\" class=\"yoast-schema-graph\">{\"@context\":\"https:\/\/schema.org\",\"@graph\":[{\"@type\":\"WebPage\",\"@id\":\"https:\/\/keramamueblesdejardin.com\/it\/sale-da-pranzo-allaperto\/confezione-4-sedie-alluminio-e-teak-giardino-antracite-vermont\/\",\"url\":\"https:\/\/keramamueblesdejardin.com\/it\/sale-da-pranzo-allaperto\/confezione-4-sedie-alluminio-e-teak-giardino-antracite-vermont\/\",\"name\":\"Pack 4 sedie da giardino in alluminio e teak antracite - Vermont - Kerama\",\"isPartOf\":{\"@id\":\"https:\/\/keramamueblesdejardin.com\/it\/#website\"},\"primaryImageOfPage\":{\"@id\":\"https:\/\/keramamueblesdejardin.com\/it\/sale-da-pranzo-allaperto\/confezione-4-sedie-alluminio-e-teak-giardino-antracite-vermont\/#primaryimage\"},\"image\":{\"@id\":\"https:\/\/keramamueblesdejardin.com\/it\/sale-da-pranzo-allaperto\/confezione-4-sedie-alluminio-e-teak-giardino-antracite-vermont\/#primaryimage\"},\"thumbnailUrl\":\"https:\/\/keramamueblesdejardin.com\/wp-content\/uploads\/2024\/10\/silla-ottawa-antracita-4.jpg\",\"datePublished\":\"2024-10-18T09:49:21+00:00\",\"breadcrumb\":{\"@id\":\"https:\/\/keramamueblesdejardin.com\/it\/sale-da-pranzo-allaperto\/confezione-4-sedie-alluminio-e-teak-giardino-antracite-vermont\/#breadcrumb\"},\"inLanguage\":\"it-IT\",\"potentialAction\":[{\"@type\":\"ReadAction\",\"target\":[\"https:\/\/keramamueblesdejardin.com\/it\/sale-da-pranzo-allaperto\/confezione-4-sedie-alluminio-e-teak-giardino-antracite-vermont\/\"]}]},{\"@type\":\"ImageObject\",\"inLanguage\":\"it-IT\",\"@id\":\"https:\/\/keramamueblesdejardin.com\/it\/sale-da-pranzo-allaperto\/confezione-4-sedie-alluminio-e-teak-giardino-antracite-vermont\/#primaryimage\",\"url\":\"https:\/\/keramamueblesdejardin.com\/wp-content\/uploads\/2024\/10\/silla-ottawa-antracita-4.jpg\",\"contentUrl\":\"https:\/\/keramamueblesdejardin.com\/wp-content\/uploads\/2024\/10\/silla-ottawa-antracita-4.jpg\",\"width\":1200,\"height\":1200},{\"@type\":\"BreadcrumbList\",\"@id\":\"https:\/\/keramamueblesdejardin.com\/it\/sale-da-pranzo-allaperto\/confezione-4-sedie-alluminio-e-teak-giardino-antracite-vermont\/#breadcrumb\",\"itemListElement\":[{\"@type\":\"ListItem\",\"position\":1,\"name\":\"Home\",\"item\":\"https:\/\/keramamueblesdejardin.com\/it\/\"},{\"@type\":\"ListItem\",\"position\":2,\"name\":\"Negozio\",\"item\":\"https:\/\/keramamueblesdejardin.com\/it\/negozio\/\"},{\"@type\":\"ListItem\",\"position\":3,\"name\":\"Sale da pranzo all'aperto\",\"item\":\"https:\/\/keramamueblesdejardin.com\/it\/sale-da-pranzo-allaperto\/\"},{\"@type\":\"ListItem\",\"position\":4,\"name\":\"Pack 4 sedie da giardino in alluminio e teak antracite &#8211; Vermont\"}]},{\"@type\":\"WebSite\",\"@id\":\"https:\/\/keramamueblesdejardin.com\/it\/#website\",\"url\":\"https:\/\/keramamueblesdejardin.com\/it\/\",\"name\":\"Kerama\",\"description\":\"muebles de jard\u00edn\",\"publisher\":{\"@id\":\"https:\/\/keramamueblesdejardin.com\/it\/#organization\"},\"potentialAction\":[{\"@type\":\"SearchAction\",\"target\":{\"@type\":\"EntryPoint\",\"urlTemplate\":\"https:\/\/keramamueblesdejardin.com\/it\/?s={search_term_string}\"},\"query-input\":{\"@type\":\"PropertyValueSpecification\",\"valueRequired\":true,\"valueName\":\"search_term_string\"}}],\"inLanguage\":\"it-IT\"},{\"@type\":\"Organization\",\"@id\":\"https:\/\/keramamueblesdejardin.com\/it\/#organization\",\"name\":\"kerama\",\"url\":\"https:\/\/keramamueblesdejardin.com\/it\/\",\"logo\":{\"@type\":\"ImageObject\",\"inLanguage\":\"it-IT\",\"@id\":\"https:\/\/keramamueblesdejardin.com\/it\/#\/schema\/logo\/image\/\",\"url\":\"https:\/\/keramamueblesdejardin.com\/wp-content\/uploads\/2020\/12\/k.-scaled.jpg\",\"contentUrl\":\"https:\/\/keramamueblesdejardin.com\/wp-content\/uploads\/2020\/12\/k.-scaled.jpg\",\"width\":2560,\"height\":551,\"caption\":\"kerama\"},\"image\":{\"@id\":\"https:\/\/keramamueblesdejardin.com\/it\/#\/schema\/logo\/image\/\"},\"sameAs\":[\"https:\/\/www.facebook.com\/Kerama-Muebles-de-Jard\u00edn-106209328312568\/\"]}]}<\/script>\n<!-- \/ Yoast SEO plugin. -->","yoast_head_json":{"title":"Pack 4 sedie da giardino in alluminio e teak antracite - Vermont - Kerama","robots":{"index":"index","follow":"follow","max-snippet":"max-snippet:-1","max-image-preview":"max-image-preview:large","max-video-preview":"max-video-preview:-1"},"canonical":"https:\/\/keramamueblesdejardin.com\/it\/sale-da-pranzo-allaperto\/confezione-4-sedie-alluminio-e-teak-giardino-antracite-vermont\/","og_locale":"it_IT","og_type":"article","og_title":"Pack 4 sedie da giardino in alluminio e teak antracite - Vermont - Kerama","og_description":"Sedia da giardino impilabile  Struttura in alluminio antracite  Sedile a doghe in teak  Misure: 57x62x76cm","og_url":"https:\/\/keramamueblesdejardin.com\/it\/sale-da-pranzo-allaperto\/confezione-4-sedie-alluminio-e-teak-giardino-antracite-vermont\/","og_site_name":"Kerama","article_publisher":"https:\/\/www.facebook.com\/Kerama-Muebles-de-Jard%c3%adn-106209328312568\/","og_image":[{"width":1200,"height":1200,"url":"https:\/\/keramamueblesdejardin.com\/wp-content\/uploads\/2024\/10\/silla-ottawa-antracita-4.jpg","type":"image\/jpeg"}],"twitter_card":"summary_large_image","schema":{"@context":"https:\/\/schema.org","@graph":[{"@type":"WebPage","@id":"https:\/\/keramamueblesdejardin.com\/it\/sale-da-pranzo-allaperto\/confezione-4-sedie-alluminio-e-teak-giardino-antracite-vermont\/","url":"https:\/\/keramamueblesdejardin.com\/it\/sale-da-pranzo-allaperto\/confezione-4-sedie-alluminio-e-teak-giardino-antracite-vermont\/","name":"Pack 4 sedie da giardino in alluminio e teak antracite - Vermont - Kerama","isPartOf":{"@id":"https:\/\/keramamueblesdejardin.com\/it\/#website"},"primaryImageOfPage":{"@id":"https:\/\/keramamueblesdejardin.com\/it\/sale-da-pranzo-allaperto\/confezione-4-sedie-alluminio-e-teak-giardino-antracite-vermont\/#primaryimage"},"image":{"@id":"https:\/\/keramamueblesdejardin.com\/it\/sale-da-pranzo-allaperto\/confezione-4-sedie-alluminio-e-teak-giardino-antracite-vermont\/#primaryimage"},"thumbnailUrl":"https:\/\/keramamueblesdejardin.com\/wp-content\/uploads\/2024\/10\/silla-ottawa-antracita-4.jpg","datePublished":"2024-10-18T09:49:21+00:00","breadcrumb":{"@id":"https:\/\/keramamueblesdejardin.com\/it\/sale-da-pranzo-allaperto\/confezione-4-sedie-alluminio-e-teak-giardino-antracite-vermont\/#breadcrumb"},"inLanguage":"it-IT","potentialAction":[{"@type":"ReadAction","target":["https:\/\/keramamueblesdejardin.com\/it\/sale-da-pranzo-allaperto\/confezione-4-sedie-alluminio-e-teak-giardino-antracite-vermont\/"]}]},{"@type":"ImageObject","inLanguage":"it-IT","@id":"https:\/\/keramamueblesdejardin.com\/it\/sale-da-pranzo-allaperto\/confezione-4-sedie-alluminio-e-teak-giardino-antracite-vermont\/#primaryimage","url":"https:\/\/keramamueblesdejardin.com\/wp-content\/uploads\/2024\/10\/silla-ottawa-antracita-4.jpg","contentUrl":"https:\/\/keramamueblesdejardin.com\/wp-content\/uploads\/2024\/10\/silla-ottawa-antracita-4.jpg","width":1200,"height":1200},{"@type":"BreadcrumbList","@id":"https:\/\/keramamueblesdejardin.com\/it\/sale-da-pranzo-allaperto\/confezione-4-sedie-alluminio-e-teak-giardino-antracite-vermont\/#breadcrumb","itemListElement":[{"@type":"ListItem","position":1,"name":"Home","item":"https:\/\/keramamueblesdejardin.com\/it\/"},{"@type":"ListItem","position":2,"name":"Negozio","item":"https:\/\/keramamueblesdejardin.com\/it\/negozio\/"},{"@type":"ListItem","position":3,"name":"Sale da pranzo all'aperto","item":"https:\/\/keramamueblesdejardin.com\/it\/sale-da-pranzo-allaperto\/"},{"@type":"ListItem","position":4,"name":"Pack 4 sedie da giardino in alluminio e teak antracite &#8211; Vermont"}]},{"@type":"WebSite","@id":"https:\/\/keramamueblesdejardin.com\/it\/#website","url":"https:\/\/keramamueblesdejardin.com\/it\/","name":"Kerama","description":"muebles de jard\u00edn","publisher":{"@id":"https:\/\/keramamueblesdejardin.com\/it\/#organization"},"potentialAction":[{"@type":"SearchAction","target":{"@type":"EntryPoint","urlTemplate":"https:\/\/keramamueblesdejardin.com\/it\/?s={search_term_string}"},"query-input":{"@type":"PropertyValueSpecification","valueRequired":true,"valueName":"search_term_string"}}],"inLanguage":"it-IT"},{"@type":"Organization","@id":"https:\/\/keramamueblesdejardin.com\/it\/#organization","name":"kerama","url":"https:\/\/keramamueblesdejardin.com\/it\/","logo":{"@type":"ImageObject","inLanguage":"it-IT","@id":"https:\/\/keramamueblesdejardin.com\/it\/#\/schema\/logo\/image\/","url":"https:\/\/keramamueblesdejardin.com\/wp-content\/uploads\/2020\/12\/k.-scaled.jpg","contentUrl":"https:\/\/keramamueblesdejardin.com\/wp-content\/uploads\/2020\/12\/k.-scaled.jpg","width":2560,"height":551,"caption":"kerama"},"image":{"@id":"https:\/\/keramamueblesdejardin.com\/it\/#\/schema\/logo\/image\/"},"sameAs":["https:\/\/www.facebook.com\/Kerama-Muebles-de-Jard\u00edn-106209328312568\/"]}]}},"df_price":779,"df_sale_price":779,"df_regular_price":931,"df_image_link":"https:\/\/keramamueblesdejardin.com\/wp-content\/uploads\/2024\/10\/silla-ottawa-antracita-4-300x300.jpg","custom_tabs":[{"title":"MISURAZIONE","id":"misurazione","content":"<div class=\"list\">\n<div class=\"list\" style=\"color: #282828;\"><strong style=\"font-weight: bold;\">Altezza: <\/strong>76cm<\/div>\n<div class=\"list\" style=\"color: #282828;\"><strong style=\"font-weight: bold;\">Larghezza: <\/strong>57 cm<\/div>\n<div class=\"list\" style=\"color: #282828;\"><strong style=\"font-weight: bold;\">Profondit\u00e0: <\/strong>62 cm<\/div>\n<\/div>"},{"title":"DISIMBALLAGGIO E MONTAGGIO","id":"disimballaggio-e-assemblaggio","content":"<div class=\"list\"><strong style=\"font-weight: bold; color: #282828;\">Raccomandazioni per il disimballaggio:<\/strong><span style=\"color: #282828;\"> Non utilizzare utensili affilati durante il disimballaggio dei mobili in quanto potrebbero causare danni<\/span><br style=\"color: #282828;\"><strong style=\"font-weight: bold; color: #282828;\">Montaggio richiesto (s\u00ec\/no):<\/strong><span style=\"color: #282828;\"> No<\/span><\/div>"},{"title":"MANUTENZIONE E GARANZIE","id":"manutenzione-e-garanzie","content":"<strong>Raccomandazioni generali:<\/strong> \u2022 Sono esclusi dalla garanzia guasti o danni causati da: \u2022 Sono escluse dalla garanzia cause accidentali come cadute, colpi, fuoriuscite di liquidi, introduzione di corpi estranei, nonch\u00e9 qualsiasi altra causa di forza maggiore. \u2022 Uso negligente, improprio o non domestico. \u2022 Danni, corrosione e\/o ossidazione accelerati da condizioni ambientali avverse \u2022 Macchie e scolorimento dovuti al mancato rispetto delle nostre istruzioni di pulizia \u2022 Danni verificatisi durante il montaggio e la manipolazione senza aver seguito le istruzioni di montaggio indicate. <strong>Istruzioni per l'uso e la manutenzione:<\/strong> \u2022 Pulire delicatamente con l'aiuto di un panno o utilizzare un sapone liquido neutro, risciacquando con abbondante acqua. \u2022 Rimuovere regolarmente la polvere con l'aiuto di un panno morbido e acqua pulita. \u2022 Non utilizzare detergenti o prodotti abrasivi per la pulizia. \u2022 Trattamento con olio di lino: Prima di applicare uno strato di olio di lino sul prodotto allo stato naturale \u00e8 consigliabile lasciarlo all'esterno per 2 o 3 settimane, in modo da assumere un aspetto omogeneo e aerarlo. Pulire con acqua pulita usando un pennello e lasciare asciugare. Una volta ben asciutto, va carteggiato con una carta vetrata di grammatura tra 120 e 150 con cura e senza stringere, seguendo, per quanto possibile, la direzione delle vene; Questa operazione non viene mai eseguita nelle prime ore del giorno. Per mantenere il colore \u00e8 consigliabile ripetere il processo una o due volte l'anno. Se l'olio di lino \u00e8 gi\u00e0 stato applicato sui mobili, si consiglia di carteggiarlo ogni tre anni in modo che gli strati successivi di olio non impediscano al legno di traspirare. <strong>Anni di garanzia:<\/strong> 3 anni <strong>Prodotto secondo la norma:<\/strong> 581-1.581-2.581-3 <strong>Certificazione FSC (s\u00ec\/no):<\/strong> S\u00ec"}],"_links":{"self":[{"href":"https:\/\/keramamueblesdejardin.com\/it\/wp-json\/wp\/v2\/product\/175692","targetHints":{"allow":["GET"]}}],"collection":[{"href":"https:\/\/keramamueblesdejardin.com\/it\/wp-json\/wp\/v2\/product"}],"about":[{"href":"https:\/\/keramamueblesdejardin.com\/it\/wp-json\/wp\/v2\/types\/product"}],"replies":[{"embeddable":true,"href":"https:\/\/keramamueblesdejardin.com\/it\/wp-json\/wp\/v2\/comments?post=175692"}],"wp:featuredmedia":[{"embeddable":true,"href":"https:\/\/keramamueblesdejardin.com\/it\/wp-json\/wp\/v2\/media\/171370"}],"wp:attachment":[{"href":"https:\/\/keramamueblesdejardin.com\/it\/wp-json\/wp\/v2\/media?parent=175692"}],"wp:term":[{"taxonomy":"product_brand","embeddable":true,"href":"https:\/\/keramamueblesdejardin.com\/it\/wp-json\/wp\/v2\/product_brand?post=175692"},{"taxonomy":"product_cat","embeddable":true,"href":"https:\/\/keramamueblesdejardin.com\/it\/wp-json\/wp\/v2\/product_cat?post=175692"},{"taxonomy":"product_tag","embeddable":true,"href":"https:\/\/keramamueblesdejardin.com\/it\/wp-json\/wp\/v2\/product_tag?post=175692"}],"curies":[{"name":"wp","href":"https:\/\/api.w.org\/{rel}","templated":true}]}}