{"id":175427,"date":"2024-10-28T11:36:18","date_gmt":"2024-10-28T10:36:18","guid":{"rendered":"https:\/\/keramamueblesdejardin.com\/senza-categoria\/set-da-pranzo-da-giardino-a-4-posti-tavolo-rotondo-in-legno-d130-java-riviera\/"},"modified":"2024-10-28T11:36:18","modified_gmt":"2024-10-28T10:36:18","slug":"set-sala-da-pranzo-giardino-4-posti-tavolo-rotondo-legno-d130-java-riviera","status":"publish","type":"product","link":"https:\/\/keramamueblesdejardin.com\/it\/sale-da-pranzo-allaperto\/set-sala-da-pranzo-giardino-4-posti-tavolo-rotondo-legno-d130-java-riviera\/","title":{"rendered":"Set da pranzo da giardino a 4 posti tavolo rotondo in legno d130 &#8211; Java &amp; Riviera"},"content":{"rendered":"<p><span data-sheets-root=\"1\">I tavoli da giardino della collezione Java Light sono realizzati in legno di acacia in un colore FSC chiaro, che li rende adatti a qualsiasi stile di terrazza o giardino. Inoltre, l&#8217;uso di doghe larghe e insieme a una struttura robusta rende il tavolo molto stabile. Le sedie Riviera sono realizzate in bellissimo legno di acacia in un colore chiaro accompagnato da una corda di poliestere intrecciata a mano in beige dai nostri artigiani e cuscini rimovibili in colore beige che imita il lino. La combinazione di entrambi gli elementi si traduce in pezzi unici in grado di adattarsi a tutti i tipi di stili di decorazione e di vestire con gusto la tua terrazza o il tuo giardino<\/span>  130Dx75 cm, Sedia: 58x66x75cm<\/p>\n","protected":false},"excerpt":{"rendered":"<ul>\n<li>Set da pranzo rotondo 4 posti<\/li>\n<li>Tavolo rotondo FSC in legno di acacia<\/li>\n<li>Sedie in legno, corda e cuscini sfoderabili<\/li>\n<li>Tavolo: 130Dx75 cm, Sedia: 58x66x75cm<\/li>\n<\/ul>\n","protected":false},"featured_media":170756,"comment_status":"open","ping_status":"closed","template":"","meta":{"_acf_changed":false},"product_brand":[],"product_cat":[2775,2776],"product_tag":[],"class_list":{"0":"post-175427","1":"product","2":"type-product","3":"status-publish","4":"has-post-thumbnail","6":"product_cat-sale-da-pranzo-allaperto","7":"product_cat-set-di-tavoli-e-sedie-da-giardino","8":"product_shipping_class-envio-gratuito-it","9":"pa_asientos-4-it","10":"pa_coleccion-luce-java","11":"pa_coleccion-riviera-it","12":"pa_material-corda","13":"pa_material-legno","15":"first","16":"instock","17":"sale","18":"shipping-taxable","19":"purchasable","20":"product-type-simple","21":"add-to-wishlist-before_image"},"acf":[],"yoast_head":"<!-- This site is optimized with the Yoast SEO plugin v27.4 - https:\/\/yoast.com\/product\/yoast-seo-wordpress\/ -->\n<title>Set da pranzo da giardino a 4 posti tavolo rotondo in legno d130 - Java &amp; Riviera - Kerama<\/title>\n<meta name=\"robots\" content=\"index, follow, max-snippet:-1, max-image-preview:large, max-video-preview:-1\" \/>\n<link rel=\"canonical\" href=\"https:\/\/keramamueblesdejardin.com\/it\/sale-da-pranzo-allaperto\/set-sala-da-pranzo-giardino-4-posti-tavolo-rotondo-legno-d130-java-riviera\/\" \/>\n<meta property=\"og:locale\" content=\"it_IT\" \/>\n<meta property=\"og:type\" content=\"article\" \/>\n<meta property=\"og:title\" content=\"Set da pranzo da giardino a 4 posti tavolo rotondo in legno d130 - Java &amp; Riviera - Kerama\" \/>\n<meta property=\"og:description\" content=\"Set da pranzo rotondo 4 posti  Tavolo rotondo FSC in legno di acacia  Sedie in legno, corda e cuscini sfoderabili  Tavolo: 130Dx75 cm, Sedia: 58x66x75cm\" \/>\n<meta property=\"og:url\" content=\"https:\/\/keramamueblesdejardin.com\/it\/sale-da-pranzo-allaperto\/set-sala-da-pranzo-giardino-4-posti-tavolo-rotondo-legno-d130-java-riviera\/\" \/>\n<meta property=\"og:site_name\" content=\"Kerama\" \/>\n<meta property=\"article:publisher\" content=\"https:\/\/www.facebook.com\/Kerama-Muebles-de-Jard%c3%adn-106209328312568\/\" \/>\n<meta property=\"og:image\" content=\"https:\/\/keramamueblesdejardin.com\/wp-content\/uploads\/2024\/10\/130-redonda-riviera.jpg\" \/>\n\t<meta property=\"og:image:width\" content=\"1200\" \/>\n\t<meta property=\"og:image:height\" content=\"1200\" \/>\n\t<meta property=\"og:image:type\" content=\"image\/jpeg\" \/>\n<meta name=\"twitter:card\" content=\"summary_large_image\" \/>\n<meta name=\"twitter:label1\" content=\"Tempo di lettura stimato\" \/>\n\t<meta name=\"twitter:data1\" content=\"1 minuto\" \/>\n<script type=\"application\/ld+json\" class=\"yoast-schema-graph\">{\"@context\":\"https:\\\/\\\/schema.org\",\"@graph\":[{\"@type\":\"WebPage\",\"@id\":\"https:\\\/\\\/keramamueblesdejardin.com\\\/it\\\/sale-da-pranzo-allaperto\\\/set-sala-da-pranzo-giardino-4-posti-tavolo-rotondo-legno-d130-java-riviera\\\/\",\"url\":\"https:\\\/\\\/keramamueblesdejardin.com\\\/it\\\/sale-da-pranzo-allaperto\\\/set-sala-da-pranzo-giardino-4-posti-tavolo-rotondo-legno-d130-java-riviera\\\/\",\"name\":\"Set da pranzo da giardino a 4 posti tavolo rotondo in legno d130 - Java &amp; Riviera - Kerama\",\"isPartOf\":{\"@id\":\"https:\\\/\\\/keramamueblesdejardin.com\\\/it\\\/#website\"},\"primaryImageOfPage\":{\"@id\":\"https:\\\/\\\/keramamueblesdejardin.com\\\/it\\\/sale-da-pranzo-allaperto\\\/set-sala-da-pranzo-giardino-4-posti-tavolo-rotondo-legno-d130-java-riviera\\\/#primaryimage\"},\"image\":{\"@id\":\"https:\\\/\\\/keramamueblesdejardin.com\\\/it\\\/sale-da-pranzo-allaperto\\\/set-sala-da-pranzo-giardino-4-posti-tavolo-rotondo-legno-d130-java-riviera\\\/#primaryimage\"},\"thumbnailUrl\":\"https:\\\/\\\/keramamueblesdejardin.com\\\/wp-content\\\/uploads\\\/2024\\\/10\\\/130-redonda-riviera.jpg\",\"datePublished\":\"2024-10-28T10:36:18+00:00\",\"breadcrumb\":{\"@id\":\"https:\\\/\\\/keramamueblesdejardin.com\\\/it\\\/sale-da-pranzo-allaperto\\\/set-sala-da-pranzo-giardino-4-posti-tavolo-rotondo-legno-d130-java-riviera\\\/#breadcrumb\"},\"inLanguage\":\"it-IT\",\"potentialAction\":[{\"@type\":\"ReadAction\",\"target\":[\"https:\\\/\\\/keramamueblesdejardin.com\\\/it\\\/sale-da-pranzo-allaperto\\\/set-sala-da-pranzo-giardino-4-posti-tavolo-rotondo-legno-d130-java-riviera\\\/\"]}]},{\"@type\":\"ImageObject\",\"inLanguage\":\"it-IT\",\"@id\":\"https:\\\/\\\/keramamueblesdejardin.com\\\/it\\\/sale-da-pranzo-allaperto\\\/set-sala-da-pranzo-giardino-4-posti-tavolo-rotondo-legno-d130-java-riviera\\\/#primaryimage\",\"url\":\"https:\\\/\\\/keramamueblesdejardin.com\\\/wp-content\\\/uploads\\\/2024\\\/10\\\/130-redonda-riviera.jpg\",\"contentUrl\":\"https:\\\/\\\/keramamueblesdejardin.com\\\/wp-content\\\/uploads\\\/2024\\\/10\\\/130-redonda-riviera.jpg\",\"width\":1200,\"height\":1200},{\"@type\":\"BreadcrumbList\",\"@id\":\"https:\\\/\\\/keramamueblesdejardin.com\\\/it\\\/sale-da-pranzo-allaperto\\\/set-sala-da-pranzo-giardino-4-posti-tavolo-rotondo-legno-d130-java-riviera\\\/#breadcrumb\",\"itemListElement\":[{\"@type\":\"ListItem\",\"position\":1,\"name\":\"Home\",\"item\":\"https:\\\/\\\/keramamueblesdejardin.com\\\/it\\\/\"},{\"@type\":\"ListItem\",\"position\":2,\"name\":\"Negozio\",\"item\":\"https:\\\/\\\/keramamueblesdejardin.com\\\/it\\\/negozio\\\/\"},{\"@type\":\"ListItem\",\"position\":3,\"name\":\"Sale da pranzo all'aperto\",\"item\":\"https:\\\/\\\/keramamueblesdejardin.com\\\/it\\\/sale-da-pranzo-allaperto\\\/\"},{\"@type\":\"ListItem\",\"position\":4,\"name\":\"Set da pranzo da giardino a 4 posti tavolo rotondo in legno d130 &#8211; Java &amp; Riviera\"}]},{\"@type\":\"WebSite\",\"@id\":\"https:\\\/\\\/keramamueblesdejardin.com\\\/it\\\/#website\",\"url\":\"https:\\\/\\\/keramamueblesdejardin.com\\\/it\\\/\",\"name\":\"Kerama\",\"description\":\"muebles de jard\u00edn\",\"publisher\":{\"@id\":\"https:\\\/\\\/keramamueblesdejardin.com\\\/it\\\/#organization\"},\"potentialAction\":[{\"@type\":\"SearchAction\",\"target\":{\"@type\":\"EntryPoint\",\"urlTemplate\":\"https:\\\/\\\/keramamueblesdejardin.com\\\/it\\\/?s={search_term_string}\"},\"query-input\":{\"@type\":\"PropertyValueSpecification\",\"valueRequired\":true,\"valueName\":\"search_term_string\"}}],\"inLanguage\":\"it-IT\"},{\"@type\":\"Organization\",\"@id\":\"https:\\\/\\\/keramamueblesdejardin.com\\\/it\\\/#organization\",\"name\":\"kerama\",\"url\":\"https:\\\/\\\/keramamueblesdejardin.com\\\/it\\\/\",\"logo\":{\"@type\":\"ImageObject\",\"inLanguage\":\"it-IT\",\"@id\":\"https:\\\/\\\/keramamueblesdejardin.com\\\/it\\\/#\\\/schema\\\/logo\\\/image\\\/\",\"url\":\"https:\\\/\\\/keramamueblesdejardin.com\\\/wp-content\\\/uploads\\\/2020\\\/12\\\/k.-scaled.jpg\",\"contentUrl\":\"https:\\\/\\\/keramamueblesdejardin.com\\\/wp-content\\\/uploads\\\/2020\\\/12\\\/k.-scaled.jpg\",\"width\":2560,\"height\":551,\"caption\":\"kerama\"},\"image\":{\"@id\":\"https:\\\/\\\/keramamueblesdejardin.com\\\/it\\\/#\\\/schema\\\/logo\\\/image\\\/\"},\"sameAs\":[\"https:\\\/\\\/www.facebook.com\\\/Kerama-Muebles-de-Jard\u00edn-106209328312568\\\/\"]}]}<\/script>\n<!-- \/ Yoast SEO plugin. -->","yoast_head_json":{"title":"Set da pranzo da giardino a 4 posti tavolo rotondo in legno d130 - Java &amp; Riviera - Kerama","robots":{"index":"index","follow":"follow","max-snippet":"max-snippet:-1","max-image-preview":"max-image-preview:large","max-video-preview":"max-video-preview:-1"},"canonical":"https:\/\/keramamueblesdejardin.com\/it\/sale-da-pranzo-allaperto\/set-sala-da-pranzo-giardino-4-posti-tavolo-rotondo-legno-d130-java-riviera\/","og_locale":"it_IT","og_type":"article","og_title":"Set da pranzo da giardino a 4 posti tavolo rotondo in legno d130 - Java &amp; Riviera - Kerama","og_description":"Set da pranzo rotondo 4 posti  Tavolo rotondo FSC in legno di acacia  Sedie in legno, corda e cuscini sfoderabili  Tavolo: 130Dx75 cm, Sedia: 58x66x75cm","og_url":"https:\/\/keramamueblesdejardin.com\/it\/sale-da-pranzo-allaperto\/set-sala-da-pranzo-giardino-4-posti-tavolo-rotondo-legno-d130-java-riviera\/","og_site_name":"Kerama","article_publisher":"https:\/\/www.facebook.com\/Kerama-Muebles-de-Jard%c3%adn-106209328312568\/","og_image":[{"width":1200,"height":1200,"url":"https:\/\/keramamueblesdejardin.com\/wp-content\/uploads\/2024\/10\/130-redonda-riviera.jpg","type":"image\/jpeg"}],"twitter_card":"summary_large_image","twitter_misc":{"Tempo di lettura stimato":"1 minuto"},"schema":{"@context":"https:\/\/schema.org","@graph":[{"@type":"WebPage","@id":"https:\/\/keramamueblesdejardin.com\/it\/sale-da-pranzo-allaperto\/set-sala-da-pranzo-giardino-4-posti-tavolo-rotondo-legno-d130-java-riviera\/","url":"https:\/\/keramamueblesdejardin.com\/it\/sale-da-pranzo-allaperto\/set-sala-da-pranzo-giardino-4-posti-tavolo-rotondo-legno-d130-java-riviera\/","name":"Set da pranzo da giardino a 4 posti tavolo rotondo in legno d130 - Java &amp; Riviera - Kerama","isPartOf":{"@id":"https:\/\/keramamueblesdejardin.com\/it\/#website"},"primaryImageOfPage":{"@id":"https:\/\/keramamueblesdejardin.com\/it\/sale-da-pranzo-allaperto\/set-sala-da-pranzo-giardino-4-posti-tavolo-rotondo-legno-d130-java-riviera\/#primaryimage"},"image":{"@id":"https:\/\/keramamueblesdejardin.com\/it\/sale-da-pranzo-allaperto\/set-sala-da-pranzo-giardino-4-posti-tavolo-rotondo-legno-d130-java-riviera\/#primaryimage"},"thumbnailUrl":"https:\/\/keramamueblesdejardin.com\/wp-content\/uploads\/2024\/10\/130-redonda-riviera.jpg","datePublished":"2024-10-28T10:36:18+00:00","breadcrumb":{"@id":"https:\/\/keramamueblesdejardin.com\/it\/sale-da-pranzo-allaperto\/set-sala-da-pranzo-giardino-4-posti-tavolo-rotondo-legno-d130-java-riviera\/#breadcrumb"},"inLanguage":"it-IT","potentialAction":[{"@type":"ReadAction","target":["https:\/\/keramamueblesdejardin.com\/it\/sale-da-pranzo-allaperto\/set-sala-da-pranzo-giardino-4-posti-tavolo-rotondo-legno-d130-java-riviera\/"]}]},{"@type":"ImageObject","inLanguage":"it-IT","@id":"https:\/\/keramamueblesdejardin.com\/it\/sale-da-pranzo-allaperto\/set-sala-da-pranzo-giardino-4-posti-tavolo-rotondo-legno-d130-java-riviera\/#primaryimage","url":"https:\/\/keramamueblesdejardin.com\/wp-content\/uploads\/2024\/10\/130-redonda-riviera.jpg","contentUrl":"https:\/\/keramamueblesdejardin.com\/wp-content\/uploads\/2024\/10\/130-redonda-riviera.jpg","width":1200,"height":1200},{"@type":"BreadcrumbList","@id":"https:\/\/keramamueblesdejardin.com\/it\/sale-da-pranzo-allaperto\/set-sala-da-pranzo-giardino-4-posti-tavolo-rotondo-legno-d130-java-riviera\/#breadcrumb","itemListElement":[{"@type":"ListItem","position":1,"name":"Home","item":"https:\/\/keramamueblesdejardin.com\/it\/"},{"@type":"ListItem","position":2,"name":"Negozio","item":"https:\/\/keramamueblesdejardin.com\/it\/negozio\/"},{"@type":"ListItem","position":3,"name":"Sale da pranzo all'aperto","item":"https:\/\/keramamueblesdejardin.com\/it\/sale-da-pranzo-allaperto\/"},{"@type":"ListItem","position":4,"name":"Set da pranzo da giardino a 4 posti tavolo rotondo in legno d130 &#8211; Java &amp; Riviera"}]},{"@type":"WebSite","@id":"https:\/\/keramamueblesdejardin.com\/it\/#website","url":"https:\/\/keramamueblesdejardin.com\/it\/","name":"Kerama","description":"muebles de jard\u00edn","publisher":{"@id":"https:\/\/keramamueblesdejardin.com\/it\/#organization"},"potentialAction":[{"@type":"SearchAction","target":{"@type":"EntryPoint","urlTemplate":"https:\/\/keramamueblesdejardin.com\/it\/?s={search_term_string}"},"query-input":{"@type":"PropertyValueSpecification","valueRequired":true,"valueName":"search_term_string"}}],"inLanguage":"it-IT"},{"@type":"Organization","@id":"https:\/\/keramamueblesdejardin.com\/it\/#organization","name":"kerama","url":"https:\/\/keramamueblesdejardin.com\/it\/","logo":{"@type":"ImageObject","inLanguage":"it-IT","@id":"https:\/\/keramamueblesdejardin.com\/it\/#\/schema\/logo\/image\/","url":"https:\/\/keramamueblesdejardin.com\/wp-content\/uploads\/2020\/12\/k.-scaled.jpg","contentUrl":"https:\/\/keramamueblesdejardin.com\/wp-content\/uploads\/2020\/12\/k.-scaled.jpg","width":2560,"height":551,"caption":"kerama"},"image":{"@id":"https:\/\/keramamueblesdejardin.com\/it\/#\/schema\/logo\/image\/"},"sameAs":["https:\/\/www.facebook.com\/Kerama-Muebles-de-Jard\u00edn-106209328312568\/"]}]}},"df_price":1349,"df_sale_price":1349,"df_regular_price":1607,"df_image_link":"https:\/\/keramamueblesdejardin.com\/wp-content\/uploads\/2024\/10\/130-redonda-riviera-300x300.jpg","custom_tabs":[{"title":"MISURAZIONE","id":"misurazione","content":"<div class=\"list\"><strong>Alto: <\/strong> Tavolo 75 cm \/ Sedia 75 cm<\/div>\n<div class=\"list\"><strong>Largo: <\/strong>Tavolo 130 cm \/ Sedia 58 cm<\/div>\n<div class=\"list\"><strong>Fondoschiena: <\/strong>Tavolo 130 cm \/ Sedia 66 cm<\/div>"},{"title":"DISIMBALLAGGIO E MONTAGGIO","id":"disimballaggio-e-assemblaggio","content":"<div class=\"list\"><strong style=\"font-weight: bold; color: #282828;\">Raccomandazioni per<\/strong> il disimballaggio: <span style=\"color: #282828;\"> Non utilizzare utensili affilati durante il disimballaggio dei mobili in quanto potrebbe causare danni<\/span><br style=\"color: #282828;\"><strong style=\"font-weight: bold; color: #282828;\">Richiede il montaggio (s\u00ec\/no):<\/strong><span style=\"color: #282828;\"> S\u00ec<\/span><br style=\"color: #282828;\"><strong style=\"font-weight: bold; color: #282828;\">Difficolt\u00e0 di montaggio:<\/strong><span style=\"color: #282828;\"> Bassa<\/span><br style=\"color: #282828;\"><strong style=\"font-weight: bold; color: #282828;\">Tempo di montaggio:<\/strong><span style=\"color: #282828;\"> 50 minuti<\/span><br style=\"color: #282828;\"><strong style=\"font-weight: bold; color: #282828;\">Persone consigliate per il montaggio:<\/strong><span style=\"color: #282828;\"> 2<\/span><br style=\"color: #282828;\"><strong style=\"font-weight: bold; color: #282828;\">Suggerimenti di montaggio:<\/strong><span style=\"color: #282828;\">  Preparare un'area di assemblaggio pulita e asciutta, verificare che nessuna delle parti indicate nel manuale manchi. Si consiglia di indossare guanti adatti al montaggio. Utilizzare solo le parti e l'hardware in dotazione.<\/span><\/div>"},{"title":"MANUTENZIONE E GARANZIE","id":"manutenzione-e-garanzie","content":"<strong>Raccomandazioni generali:<\/strong> \u2022 Sono esclusi dalla garanzia guasti o danni causati da: \u2022 Sono escluse dalla garanzia cause accidentali come cadute, colpi, fuoriuscite di liquidi, introduzione di corpi estranei, nonch\u00e9 qualsiasi altra causa di forza maggiore. \u2022 Uso negligente, improprio o non domestico. \u2022 Danni, corrosione e\/o ossidazione accelerati da condizioni ambientali avverse \u2022 Macchie e scolorimento dovuti al mancato rispetto delle nostre istruzioni di pulizia \u2022 Danni verificatisi durante il montaggio e la manipolazione senza aver seguito le istruzioni di montaggio indicate. <strong>Istruzioni per l'uso e la manutenzione:<\/strong> \u2022 Pulire delicatamente con l'aiuto di un panno o utilizzare un sapone liquido neutro, risciacquando con abbondante acqua. \u2022 Rimuovere regolarmente la polvere con l'aiuto di un panno morbido e acqua pulita. \u2022 Non utilizzare detergenti o prodotti abrasivi per la pulizia. \u2022 Trattamento con olio di lino: Prima di applicare uno strato di olio di lino sul prodotto allo stato naturale \u00e8 consigliabile lasciarlo all'esterno per 2 o 3 settimane, in modo da assumere un aspetto omogeneo e aerarlo. Pulire con acqua pulita usando un pennello e lasciare asciugare. Una volta ben asciutto, va carteggiato con una carta vetrata di grammatura tra 120 e 150 con cura e senza stringere, seguendo, per quanto possibile, la direzione delle vene; Questa operazione non viene mai eseguita nelle prime ore del giorno. Per mantenere il colore \u00e8 consigliabile ripetere il processo una o due volte l'anno. Se l'olio di lino \u00e8 gi\u00e0 stato applicato sui mobili, si consiglia di carteggiarlo ogni tre anni in modo che gli strati successivi di olio non impediscano al legno di traspirare. <strong>Anni di garanzia:<\/strong> 3 anni <strong>Prodotto secondo la norma:<\/strong> 581-1.581-2.581-3 <strong>Certificazione FSC (s\u00ec\/no):<\/strong> S\u00ec"}],"_links":{"self":[{"href":"https:\/\/keramamueblesdejardin.com\/it\/wp-json\/wp\/v2\/product\/175427","targetHints":{"allow":["GET"]}}],"collection":[{"href":"https:\/\/keramamueblesdejardin.com\/it\/wp-json\/wp\/v2\/product"}],"about":[{"href":"https:\/\/keramamueblesdejardin.com\/it\/wp-json\/wp\/v2\/types\/product"}],"replies":[{"embeddable":true,"href":"https:\/\/keramamueblesdejardin.com\/it\/wp-json\/wp\/v2\/comments?post=175427"}],"wp:featuredmedia":[{"embeddable":true,"href":"https:\/\/keramamueblesdejardin.com\/it\/wp-json\/wp\/v2\/media\/170756"}],"wp:attachment":[{"href":"https:\/\/keramamueblesdejardin.com\/it\/wp-json\/wp\/v2\/media?parent=175427"}],"wp:term":[{"taxonomy":"product_brand","embeddable":true,"href":"https:\/\/keramamueblesdejardin.com\/it\/wp-json\/wp\/v2\/product_brand?post=175427"},{"taxonomy":"product_cat","embeddable":true,"href":"https:\/\/keramamueblesdejardin.com\/it\/wp-json\/wp\/v2\/product_cat?post=175427"},{"taxonomy":"product_tag","embeddable":true,"href":"https:\/\/keramamueblesdejardin.com\/it\/wp-json\/wp\/v2\/product_tag?post=175427"}],"curies":[{"name":"wp","href":"https:\/\/api.w.org\/{rel}","templated":true}]}}