{"id":175423,"date":"2024-10-10T11:35:38","date_gmt":"2024-10-10T09:35:38","guid":{"rendered":"https:\/\/keramamueblesdejardin.com\/senza-categoria\/tavolo-da-pranzo-da-giardino-in-legno-tavolo-allungabile-a-4-posti-java-light-modena\/"},"modified":"2024-10-28T11:48:12","modified_gmt":"2024-10-28T10:48:12","slug":"giardino-sala-da-pranzo-legno-tavolo-allungabile-4-posti-java-luce-modena","status":"publish","type":"product","link":"https:\/\/keramamueblesdejardin.com\/it\/sale-da-pranzo-allaperto\/set-di-tavoli-e-sedie-da-giardino\/giardino-sala-da-pranzo-legno-tavolo-allungabile-4-posti-java-luce-modena\/","title":{"rendered":"Tavolo da pranzo da giardino in legno Tavolo allungabile a 4 posti &#8211; Java Light | Modena"},"content":{"rendered":"<p>I tavoli della collezione Java Light sono realizzati in legno di acacia di colore chiaro FSC, che li rende adatti a qualsiasi stile di terrazzo o giardino. Inoltre, l&#8217;uso di doghe larghe e insieme a una struttura robusta rende il tavolo molto stabile. Le sedie della collezione Modena sono state progettate e realizzate in legno di teak certificato FSC, accompagnate da un bellissimo e pratico rattan sintetico in beige intrecciato a mano dai nostri artigiani 140&#215;86(chiuso) 200&#215;86(allungato)x75 cm, Sedia: 45x58x85cm<\/p>\n","protected":false},"excerpt":{"rendered":"<ul>\n<li>Set da pranzo medio allungabile 4 posti<\/li>\n<li>Tavolo allungabile FSC in legno di acacia<\/li>\n<li>Sedie in legno di teak e rattan sintetico<\/li>\n<li>Tavolo: 140&#215;86 (chiuso) 200&#215;86 (esteso) x75 cm, Sedia: 45x58x85 cm<\/li>\n<\/ul>\n","protected":false},"featured_media":170774,"comment_status":"closed","ping_status":"open","template":"","meta":{"_acf_changed":false},"product_brand":[],"product_cat":[2775,2776],"product_tag":[],"class_list":{"0":"post-175423","1":"product","2":"type-product","3":"status-publish","4":"has-post-thumbnail","6":"product_cat-sale-da-pranzo-allaperto","7":"product_cat-set-di-tavoli-e-sedie-da-giardino","8":"product_shipping_class-envio-gratuito-it","9":"pa_asientos-4-it","10":"pa_caracteristicas-estensibile","11":"pa_coleccion-luce-java","12":"pa_coleccion-modena-it","13":"pa_material-legno","14":"pa_material-rattan","16":"first","17":"instock","18":"sale","19":"purchasable","20":"product-type-simple","21":"add-to-wishlist-before_image"},"acf":[],"yoast_head":"<!-- This site is optimized with the Yoast SEO plugin v27.2 - https:\/\/yoast.com\/product\/yoast-seo-wordpress\/ -->\n<title>Tavolo da pranzo da giardino in legno Tavolo allungabile a 4 posti - Java Light | Modena - Kerama<\/title>\n<meta name=\"robots\" content=\"index, follow, max-snippet:-1, max-image-preview:large, max-video-preview:-1\" \/>\n<link rel=\"canonical\" href=\"https:\/\/keramamueblesdejardin.com\/it\/sale-da-pranzo-allaperto\/set-di-tavoli-e-sedie-da-giardino\/giardino-sala-da-pranzo-legno-tavolo-allungabile-4-posti-java-luce-modena\/\" \/>\n<meta property=\"og:locale\" content=\"it_IT\" \/>\n<meta property=\"og:type\" content=\"article\" \/>\n<meta property=\"og:title\" content=\"Tavolo da pranzo da giardino in legno Tavolo allungabile a 4 posti - Java Light | Modena - Kerama\" \/>\n<meta property=\"og:description\" content=\"Set da pranzo medio allungabile 4 posti  Tavolo allungabile FSC in legno di acacia  Sedie in legno di teak e rattan sintetico  Tavolo: 140x86 (chiuso) 200x86 (esteso) x75 cm, Sedia: 45x58x85 cm\" \/>\n<meta property=\"og:url\" content=\"https:\/\/keramamueblesdejardin.com\/it\/sale-da-pranzo-allaperto\/set-di-tavoli-e-sedie-da-giardino\/giardino-sala-da-pranzo-legno-tavolo-allungabile-4-posti-java-luce-modena\/\" \/>\n<meta property=\"og:site_name\" content=\"Kerama\" \/>\n<meta property=\"article:publisher\" content=\"https:\/\/www.facebook.com\/Kerama-Muebles-de-Jard%c3%adn-106209328312568\/\" \/>\n<meta property=\"article:modified_time\" content=\"2024-10-28T10:48:12+00:00\" \/>\n<meta property=\"og:image\" content=\"https:\/\/keramamueblesdejardin.com\/wp-content\/uploads\/2024\/10\/140-lamas-butaca-modena.jpg\" \/>\n\t<meta property=\"og:image:width\" content=\"1200\" \/>\n\t<meta property=\"og:image:height\" content=\"1200\" \/>\n\t<meta property=\"og:image:type\" content=\"image\/jpeg\" \/>\n<meta name=\"twitter:card\" content=\"summary_large_image\" \/>\n<script type=\"application\/ld+json\" class=\"yoast-schema-graph\">{\"@context\":\"https:\/\/schema.org\",\"@graph\":[{\"@type\":\"WebPage\",\"@id\":\"https:\/\/keramamueblesdejardin.com\/it\/sale-da-pranzo-allaperto\/set-di-tavoli-e-sedie-da-giardino\/giardino-sala-da-pranzo-legno-tavolo-allungabile-4-posti-java-luce-modena\/\",\"url\":\"https:\/\/keramamueblesdejardin.com\/it\/sale-da-pranzo-allaperto\/set-di-tavoli-e-sedie-da-giardino\/giardino-sala-da-pranzo-legno-tavolo-allungabile-4-posti-java-luce-modena\/\",\"name\":\"Tavolo da pranzo da giardino in legno Tavolo allungabile a 4 posti - Java Light | Modena - Kerama\",\"isPartOf\":{\"@id\":\"https:\/\/keramamueblesdejardin.com\/it\/#website\"},\"primaryImageOfPage\":{\"@id\":\"https:\/\/keramamueblesdejardin.com\/it\/sale-da-pranzo-allaperto\/set-di-tavoli-e-sedie-da-giardino\/giardino-sala-da-pranzo-legno-tavolo-allungabile-4-posti-java-luce-modena\/#primaryimage\"},\"image\":{\"@id\":\"https:\/\/keramamueblesdejardin.com\/it\/sale-da-pranzo-allaperto\/set-di-tavoli-e-sedie-da-giardino\/giardino-sala-da-pranzo-legno-tavolo-allungabile-4-posti-java-luce-modena\/#primaryimage\"},\"thumbnailUrl\":\"https:\/\/keramamueblesdejardin.com\/wp-content\/uploads\/2024\/10\/140-lamas-butaca-modena.jpg\",\"datePublished\":\"2024-10-10T09:35:38+00:00\",\"dateModified\":\"2024-10-28T10:48:12+00:00\",\"breadcrumb\":{\"@id\":\"https:\/\/keramamueblesdejardin.com\/it\/sale-da-pranzo-allaperto\/set-di-tavoli-e-sedie-da-giardino\/giardino-sala-da-pranzo-legno-tavolo-allungabile-4-posti-java-luce-modena\/#breadcrumb\"},\"inLanguage\":\"it-IT\",\"potentialAction\":[{\"@type\":\"ReadAction\",\"target\":[\"https:\/\/keramamueblesdejardin.com\/it\/sale-da-pranzo-allaperto\/set-di-tavoli-e-sedie-da-giardino\/giardino-sala-da-pranzo-legno-tavolo-allungabile-4-posti-java-luce-modena\/\"]}]},{\"@type\":\"ImageObject\",\"inLanguage\":\"it-IT\",\"@id\":\"https:\/\/keramamueblesdejardin.com\/it\/sale-da-pranzo-allaperto\/set-di-tavoli-e-sedie-da-giardino\/giardino-sala-da-pranzo-legno-tavolo-allungabile-4-posti-java-luce-modena\/#primaryimage\",\"url\":\"https:\/\/keramamueblesdejardin.com\/wp-content\/uploads\/2024\/10\/140-lamas-butaca-modena.jpg\",\"contentUrl\":\"https:\/\/keramamueblesdejardin.com\/wp-content\/uploads\/2024\/10\/140-lamas-butaca-modena.jpg\",\"width\":1200,\"height\":1200},{\"@type\":\"BreadcrumbList\",\"@id\":\"https:\/\/keramamueblesdejardin.com\/it\/sale-da-pranzo-allaperto\/set-di-tavoli-e-sedie-da-giardino\/giardino-sala-da-pranzo-legno-tavolo-allungabile-4-posti-java-luce-modena\/#breadcrumb\",\"itemListElement\":[{\"@type\":\"ListItem\",\"position\":1,\"name\":\"Home\",\"item\":\"https:\/\/keramamueblesdejardin.com\/it\/\"},{\"@type\":\"ListItem\",\"position\":2,\"name\":\"Negozio\",\"item\":\"https:\/\/keramamueblesdejardin.com\/it\/negozio\/\"},{\"@type\":\"ListItem\",\"position\":3,\"name\":\"Sale da pranzo all'aperto\",\"item\":\"https:\/\/keramamueblesdejardin.com\/it\/sale-da-pranzo-allaperto\/\"},{\"@type\":\"ListItem\",\"position\":4,\"name\":\"Set di tavoli e sedie da giardino\",\"item\":\"https:\/\/keramamueblesdejardin.com\/it\/sale-da-pranzo-allaperto\/set-di-tavoli-e-sedie-da-giardino\/\"},{\"@type\":\"ListItem\",\"position\":5,\"name\":\"Tavolo da pranzo da giardino in legno Tavolo allungabile a 4 posti &#8211; Java Light | Modena\"}]},{\"@type\":\"WebSite\",\"@id\":\"https:\/\/keramamueblesdejardin.com\/it\/#website\",\"url\":\"https:\/\/keramamueblesdejardin.com\/it\/\",\"name\":\"Kerama\",\"description\":\"muebles de jard\u00edn\",\"publisher\":{\"@id\":\"https:\/\/keramamueblesdejardin.com\/it\/#organization\"},\"potentialAction\":[{\"@type\":\"SearchAction\",\"target\":{\"@type\":\"EntryPoint\",\"urlTemplate\":\"https:\/\/keramamueblesdejardin.com\/it\/?s={search_term_string}\"},\"query-input\":{\"@type\":\"PropertyValueSpecification\",\"valueRequired\":true,\"valueName\":\"search_term_string\"}}],\"inLanguage\":\"it-IT\"},{\"@type\":\"Organization\",\"@id\":\"https:\/\/keramamueblesdejardin.com\/it\/#organization\",\"name\":\"kerama\",\"url\":\"https:\/\/keramamueblesdejardin.com\/it\/\",\"logo\":{\"@type\":\"ImageObject\",\"inLanguage\":\"it-IT\",\"@id\":\"https:\/\/keramamueblesdejardin.com\/it\/#\/schema\/logo\/image\/\",\"url\":\"https:\/\/keramamueblesdejardin.com\/wp-content\/uploads\/2020\/12\/k.-scaled.jpg\",\"contentUrl\":\"https:\/\/keramamueblesdejardin.com\/wp-content\/uploads\/2020\/12\/k.-scaled.jpg\",\"width\":2560,\"height\":551,\"caption\":\"kerama\"},\"image\":{\"@id\":\"https:\/\/keramamueblesdejardin.com\/it\/#\/schema\/logo\/image\/\"},\"sameAs\":[\"https:\/\/www.facebook.com\/Kerama-Muebles-de-Jard\u00edn-106209328312568\/\"]}]}<\/script>\n<!-- \/ Yoast SEO plugin. -->","yoast_head_json":{"title":"Tavolo da pranzo da giardino in legno Tavolo allungabile a 4 posti - Java Light | Modena - Kerama","robots":{"index":"index","follow":"follow","max-snippet":"max-snippet:-1","max-image-preview":"max-image-preview:large","max-video-preview":"max-video-preview:-1"},"canonical":"https:\/\/keramamueblesdejardin.com\/it\/sale-da-pranzo-allaperto\/set-di-tavoli-e-sedie-da-giardino\/giardino-sala-da-pranzo-legno-tavolo-allungabile-4-posti-java-luce-modena\/","og_locale":"it_IT","og_type":"article","og_title":"Tavolo da pranzo da giardino in legno Tavolo allungabile a 4 posti - Java Light | Modena - Kerama","og_description":"Set da pranzo medio allungabile 4 posti  Tavolo allungabile FSC in legno di acacia  Sedie in legno di teak e rattan sintetico  Tavolo: 140x86 (chiuso) 200x86 (esteso) x75 cm, Sedia: 45x58x85 cm","og_url":"https:\/\/keramamueblesdejardin.com\/it\/sale-da-pranzo-allaperto\/set-di-tavoli-e-sedie-da-giardino\/giardino-sala-da-pranzo-legno-tavolo-allungabile-4-posti-java-luce-modena\/","og_site_name":"Kerama","article_publisher":"https:\/\/www.facebook.com\/Kerama-Muebles-de-Jard%c3%adn-106209328312568\/","article_modified_time":"2024-10-28T10:48:12+00:00","og_image":[{"width":1200,"height":1200,"url":"https:\/\/keramamueblesdejardin.com\/wp-content\/uploads\/2024\/10\/140-lamas-butaca-modena.jpg","type":"image\/jpeg"}],"twitter_card":"summary_large_image","schema":{"@context":"https:\/\/schema.org","@graph":[{"@type":"WebPage","@id":"https:\/\/keramamueblesdejardin.com\/it\/sale-da-pranzo-allaperto\/set-di-tavoli-e-sedie-da-giardino\/giardino-sala-da-pranzo-legno-tavolo-allungabile-4-posti-java-luce-modena\/","url":"https:\/\/keramamueblesdejardin.com\/it\/sale-da-pranzo-allaperto\/set-di-tavoli-e-sedie-da-giardino\/giardino-sala-da-pranzo-legno-tavolo-allungabile-4-posti-java-luce-modena\/","name":"Tavolo da pranzo da giardino in legno Tavolo allungabile a 4 posti - Java Light | Modena - Kerama","isPartOf":{"@id":"https:\/\/keramamueblesdejardin.com\/it\/#website"},"primaryImageOfPage":{"@id":"https:\/\/keramamueblesdejardin.com\/it\/sale-da-pranzo-allaperto\/set-di-tavoli-e-sedie-da-giardino\/giardino-sala-da-pranzo-legno-tavolo-allungabile-4-posti-java-luce-modena\/#primaryimage"},"image":{"@id":"https:\/\/keramamueblesdejardin.com\/it\/sale-da-pranzo-allaperto\/set-di-tavoli-e-sedie-da-giardino\/giardino-sala-da-pranzo-legno-tavolo-allungabile-4-posti-java-luce-modena\/#primaryimage"},"thumbnailUrl":"https:\/\/keramamueblesdejardin.com\/wp-content\/uploads\/2024\/10\/140-lamas-butaca-modena.jpg","datePublished":"2024-10-10T09:35:38+00:00","dateModified":"2024-10-28T10:48:12+00:00","breadcrumb":{"@id":"https:\/\/keramamueblesdejardin.com\/it\/sale-da-pranzo-allaperto\/set-di-tavoli-e-sedie-da-giardino\/giardino-sala-da-pranzo-legno-tavolo-allungabile-4-posti-java-luce-modena\/#breadcrumb"},"inLanguage":"it-IT","potentialAction":[{"@type":"ReadAction","target":["https:\/\/keramamueblesdejardin.com\/it\/sale-da-pranzo-allaperto\/set-di-tavoli-e-sedie-da-giardino\/giardino-sala-da-pranzo-legno-tavolo-allungabile-4-posti-java-luce-modena\/"]}]},{"@type":"ImageObject","inLanguage":"it-IT","@id":"https:\/\/keramamueblesdejardin.com\/it\/sale-da-pranzo-allaperto\/set-di-tavoli-e-sedie-da-giardino\/giardino-sala-da-pranzo-legno-tavolo-allungabile-4-posti-java-luce-modena\/#primaryimage","url":"https:\/\/keramamueblesdejardin.com\/wp-content\/uploads\/2024\/10\/140-lamas-butaca-modena.jpg","contentUrl":"https:\/\/keramamueblesdejardin.com\/wp-content\/uploads\/2024\/10\/140-lamas-butaca-modena.jpg","width":1200,"height":1200},{"@type":"BreadcrumbList","@id":"https:\/\/keramamueblesdejardin.com\/it\/sale-da-pranzo-allaperto\/set-di-tavoli-e-sedie-da-giardino\/giardino-sala-da-pranzo-legno-tavolo-allungabile-4-posti-java-luce-modena\/#breadcrumb","itemListElement":[{"@type":"ListItem","position":1,"name":"Home","item":"https:\/\/keramamueblesdejardin.com\/it\/"},{"@type":"ListItem","position":2,"name":"Negozio","item":"https:\/\/keramamueblesdejardin.com\/it\/negozio\/"},{"@type":"ListItem","position":3,"name":"Sale da pranzo all'aperto","item":"https:\/\/keramamueblesdejardin.com\/it\/sale-da-pranzo-allaperto\/"},{"@type":"ListItem","position":4,"name":"Set di tavoli e sedie da giardino","item":"https:\/\/keramamueblesdejardin.com\/it\/sale-da-pranzo-allaperto\/set-di-tavoli-e-sedie-da-giardino\/"},{"@type":"ListItem","position":5,"name":"Tavolo da pranzo da giardino in legno Tavolo allungabile a 4 posti &#8211; Java Light | Modena"}]},{"@type":"WebSite","@id":"https:\/\/keramamueblesdejardin.com\/it\/#website","url":"https:\/\/keramamueblesdejardin.com\/it\/","name":"Kerama","description":"muebles de jard\u00edn","publisher":{"@id":"https:\/\/keramamueblesdejardin.com\/it\/#organization"},"potentialAction":[{"@type":"SearchAction","target":{"@type":"EntryPoint","urlTemplate":"https:\/\/keramamueblesdejardin.com\/it\/?s={search_term_string}"},"query-input":{"@type":"PropertyValueSpecification","valueRequired":true,"valueName":"search_term_string"}}],"inLanguage":"it-IT"},{"@type":"Organization","@id":"https:\/\/keramamueblesdejardin.com\/it\/#organization","name":"kerama","url":"https:\/\/keramamueblesdejardin.com\/it\/","logo":{"@type":"ImageObject","inLanguage":"it-IT","@id":"https:\/\/keramamueblesdejardin.com\/it\/#\/schema\/logo\/image\/","url":"https:\/\/keramamueblesdejardin.com\/wp-content\/uploads\/2020\/12\/k.-scaled.jpg","contentUrl":"https:\/\/keramamueblesdejardin.com\/wp-content\/uploads\/2020\/12\/k.-scaled.jpg","width":2560,"height":551,"caption":"kerama"},"image":{"@id":"https:\/\/keramamueblesdejardin.com\/it\/#\/schema\/logo\/image\/"},"sameAs":["https:\/\/www.facebook.com\/Kerama-Muebles-de-Jard\u00edn-106209328312568\/"]}]}},"df_price":1509,"df_sale_price":1509,"df_regular_price":1801,"df_image_link":"https:\/\/keramamueblesdejardin.com\/wp-content\/uploads\/2024\/10\/140-lamas-butaca-modena-300x300.jpg","custom_tabs":[{"title":"MISURAZIONE","id":"misurazione","content":"<div class=\"list\"><strong>Alto: <\/strong> Tavolo 75 cm \/ Sedia 85 cm<\/div>\n<div class=\"list\"><strong>Largo: <\/strong>Tavolo 140 cm \/ Sedia 45 cm<\/div>\n<div class=\"list\"><strong>Fondoschiena: <\/strong>Tavolo 86 cm \/ Sedia 58 cm<\/div>  45x58x85cm"},{"title":"DISIMBALLAGGIO E MONTAGGIO","id":"disimballaggio-e-assemblaggio","content":"<div class=\"list\"><strong style=\"font-weight: bold; color: #282828;\">Raccomandazioni per<\/strong> il disimballaggio: <span style=\"color: #282828;\"> Non utilizzare utensili affilati durante il disimballaggio dei mobili in quanto potrebbe causare danni<\/span><br style=\"color: #282828;\"><strong style=\"font-weight: bold; color: #282828;\">Richiede il montaggio (s\u00ec\/no):<\/strong><span style=\"color: #282828;\"> S\u00ec<\/span><br style=\"color: #282828;\"><strong style=\"font-weight: bold; color: #282828;\">Difficolt\u00e0 di montaggio:<\/strong><span style=\"color: #282828;\"> Bassa<\/span><br style=\"color: #282828;\"><strong style=\"font-weight: bold; color: #282828;\">Tempo di montaggio:<\/strong><span style=\"color: #282828;\"> 50 minuti<\/span><br style=\"color: #282828;\"><strong style=\"font-weight: bold; color: #282828;\">Persone consigliate per il montaggio:<\/strong><span style=\"color: #282828;\"> 2<\/span><br style=\"color: #282828;\"><strong style=\"font-weight: bold; color: #282828;\">Suggerimenti di montaggio:<\/strong><span style=\"color: #282828;\">  Preparare un'area di assemblaggio pulita e asciutta, verificare che nessuna delle parti indicate nel manuale manchi. Si consiglia di indossare guanti adatti al montaggio. Utilizzare solo le parti e l'hardware in dotazione.<\/span><\/div>"},{"title":"MANUTENZIONE E GARANZIE","id":"manutenzione-e-garanzie","content":"<strong>Raccomandazioni generali:<\/strong> \u2022 Sono esclusi dalla garanzia guasti o danni causati da: \u2022 Sono escluse dalla garanzia cause accidentali come cadute, colpi, fuoriuscite di liquidi, introduzione di corpi estranei, nonch\u00e9 qualsiasi altra causa di forza maggiore. \u2022 Uso negligente, improprio o non domestico. \u2022 Danni, corrosione e\/o ossidazione accelerati da condizioni ambientali avverse \u2022 Macchie e scolorimento dovuti al mancato rispetto delle nostre istruzioni di pulizia \u2022 Danni verificatisi durante il montaggio e la manipolazione senza aver seguito le istruzioni di montaggio indicate. <strong>Istruzioni per l'uso e la manutenzione:<\/strong> \u2022 Pulire delicatamente con l'aiuto di un panno o utilizzare un sapone liquido neutro, risciacquando con abbondante acqua. \u2022 Rimuovere regolarmente la polvere con l'aiuto di un panno morbido e acqua pulita. \u2022 Non utilizzare detergenti o prodotti abrasivi per la pulizia. \u2022 Trattamento con olio di lino: Prima di applicare uno strato di olio di lino sul prodotto allo stato naturale \u00e8 consigliabile lasciarlo all'esterno per 2 o 3 settimane, in modo da assumere un aspetto omogeneo e aerarlo. Pulire con acqua pulita usando un pennello e lasciare asciugare. Una volta ben asciutto, va carteggiato con una carta vetrata di grammatura tra 120 e 150 con cura e senza stringere, seguendo, per quanto possibile, la direzione delle vene; Questa operazione non viene mai eseguita nelle prime ore del giorno. Per mantenere il colore \u00e8 consigliabile ripetere il processo una o due volte l'anno. Se l'olio di lino \u00e8 gi\u00e0 stato applicato sui mobili, si consiglia di carteggiarlo ogni tre anni in modo che gli strati successivi di olio non impediscano al legno di traspirare. <strong>Anni di garanzia:<\/strong> 3 anni <strong>Prodotto secondo la norma:<\/strong> 581-1.581-2.581-3 <strong>Certificazione FSC (s\u00ec\/no):<\/strong> S\u00ec"}],"_links":{"self":[{"href":"https:\/\/keramamueblesdejardin.com\/it\/wp-json\/wp\/v2\/product\/175423","targetHints":{"allow":["GET"]}}],"collection":[{"href":"https:\/\/keramamueblesdejardin.com\/it\/wp-json\/wp\/v2\/product"}],"about":[{"href":"https:\/\/keramamueblesdejardin.com\/it\/wp-json\/wp\/v2\/types\/product"}],"replies":[{"embeddable":true,"href":"https:\/\/keramamueblesdejardin.com\/it\/wp-json\/wp\/v2\/comments?post=175423"}],"wp:featuredmedia":[{"embeddable":true,"href":"https:\/\/keramamueblesdejardin.com\/it\/wp-json\/wp\/v2\/media\/170774"}],"wp:attachment":[{"href":"https:\/\/keramamueblesdejardin.com\/it\/wp-json\/wp\/v2\/media?parent=175423"}],"wp:term":[{"taxonomy":"product_brand","embeddable":true,"href":"https:\/\/keramamueblesdejardin.com\/it\/wp-json\/wp\/v2\/product_brand?post=175423"},{"taxonomy":"product_cat","embeddable":true,"href":"https:\/\/keramamueblesdejardin.com\/it\/wp-json\/wp\/v2\/product_cat?post=175423"},{"taxonomy":"product_tag","embeddable":true,"href":"https:\/\/keramamueblesdejardin.com\/it\/wp-json\/wp\/v2\/product_tag?post=175423"}],"curies":[{"name":"wp","href":"https:\/\/api.w.org\/{rel}","templated":true}]}}