{"id":175272,"date":"2025-01-13T15:10:07","date_gmt":"2025-01-13T14:10:07","guid":{"rendered":"https:\/\/keramamueblesdejardin.com\/senza-categoria\/lettino-prendisole-doppio-in-alluminio-bianco-con-cuscino-e-ruote-cabrera\/"},"modified":"2025-01-13T16:10:07","modified_gmt":"2025-01-13T15:10:07","slug":"bianco-alluminio-doppio-lettino-con-cuscino-e-ruote-cabrera","status":"publish","type":"product","link":"https:\/\/keramamueblesdejardin.com\/it\/sedie-a-sdraio-e-riposo\/lettini\/bianco-alluminio-doppio-lettino-con-cuscino-e-ruote-cabrera\/","title":{"rendered":"Lettino prendisole doppio in alluminio bianco con cuscino e ruote &#8211; Cabrera"},"content":{"rendered":"<div class=\"flex-shrink-0 flex flex-col relative items-end\">\n<div class=\"pt-0\">\n<div class=\"gizmo-bot-avatar flex h-8 w-8 items-center justify-center overflow-hidden rounded-full\">\n<div class=\"relative p-1 rounded-sm flex items-center justify-center bg-token-main-surface-primary text-token-text-primary h-8 w-8\">Il lettino matrimoniale Cabrera si distingue per il suo design moderno che fonde stile e praticit\u00e0. Il suo schienale reclinabile in pi\u00f9 posizioni offre un comfort personalizzato, mentre le ruote integrate lo rendono facile da spostare, offrendo ancora pi\u00f9 comfort. Il cuscino, realizzato in morbido poliestere testurizzato, \u00e8 sfoderabile e lavabile, con un&#8217;anima in schiuma rivestita in textilene trattato per respingere l&#8217;acqua. Perfetto per godersi momenti di relax in terrazza, in giardino o a bordo piscina, il lettino Cabrera \u00e8 un&#8217;opzione elegante e funzionale per qualsiasi spazio esterno.   <\/div>\n<div><\/div>\n<\/div>\n<\/div>\n<div>Misure: 206x150x34cm<\/div>\n<\/div>\n","protected":false},"excerpt":{"rendered":"<ul>\n<li>Lettino prendisole doppio in alluminio bianco con ruote<\/li>\n<li>Cuscino sfoderabile e lavabile<\/li>\n<li>Schiuma rivestita in textilene con trattamento idrorepellente<\/li>\n<li>Misure: 206x152x34cm<\/li>\n<\/ul>\n","protected":false},"featured_media":174965,"comment_status":"closed","ping_status":"open","template":"","meta":{"_acf_changed":false},"product_brand":[],"product_cat":[2884,2783],"product_tag":[],"class_list":{"0":"post-175272","1":"product","2":"type-product","3":"status-publish","4":"has-post-thumbnail","6":"product_cat-lettini","7":"product_cat-sedie-a-sdraio-e-riposo","8":"product_shipping_class-envio-gratuito-it","9":"pa_caracteristicas-coperture-lavabili","10":"pa_caracteristicas-piegamento","11":"pa_material-alluminio","13":"first","14":"instock","15":"sale","16":"purchasable","17":"product-type-simple","18":"add-to-wishlist-before_image"},"acf":[],"yoast_head":"<!-- This site is optimized with the Yoast SEO plugin v27.4 - https:\/\/yoast.com\/product\/yoast-seo-wordpress\/ -->\n<title>Lettino prendisole doppio in alluminio bianco con cuscino e ruote - Cabrera - Kerama<\/title>\n<meta name=\"robots\" content=\"index, follow, max-snippet:-1, max-image-preview:large, max-video-preview:-1\" \/>\n<link rel=\"canonical\" href=\"https:\/\/keramamueblesdejardin.com\/it\/sedie-a-sdraio-e-riposo\/lettini\/bianco-alluminio-doppio-lettino-con-cuscino-e-ruote-cabrera\/\" \/>\n<meta property=\"og:locale\" content=\"it_IT\" \/>\n<meta property=\"og:type\" content=\"article\" \/>\n<meta property=\"og:title\" content=\"Lettino prendisole doppio in alluminio bianco con cuscino e ruote - Cabrera - Kerama\" \/>\n<meta property=\"og:description\" content=\"Lettino prendisole doppio in alluminio bianco con ruote  Cuscino sfoderabile e lavabile  Schiuma rivestita in textilene con trattamento idrorepellente  Misure: 206x152x34cm\" \/>\n<meta property=\"og:url\" content=\"https:\/\/keramamueblesdejardin.com\/it\/sedie-a-sdraio-e-riposo\/lettini\/bianco-alluminio-doppio-lettino-con-cuscino-e-ruote-cabrera\/\" \/>\n<meta property=\"og:site_name\" content=\"Kerama\" \/>\n<meta property=\"article:publisher\" content=\"https:\/\/www.facebook.com\/Kerama-Muebles-de-Jard%c3%adn-106209328312568\/\" \/>\n<meta property=\"article:modified_time\" content=\"2025-01-13T15:10:07+00:00\" \/>\n<meta property=\"og:image\" content=\"https:\/\/keramamueblesdejardin.com\/wp-content\/uploads\/2025\/01\/tumbona-doble-cabrera.jpg\" \/>\n\t<meta property=\"og:image:width\" content=\"1200\" \/>\n\t<meta property=\"og:image:height\" content=\"1200\" \/>\n\t<meta property=\"og:image:type\" content=\"image\/jpeg\" \/>\n<meta name=\"twitter:card\" content=\"summary_large_image\" \/>\n<script type=\"application\/ld+json\" class=\"yoast-schema-graph\">{\"@context\":\"https:\\\/\\\/schema.org\",\"@graph\":[{\"@type\":\"WebPage\",\"@id\":\"https:\\\/\\\/keramamueblesdejardin.com\\\/it\\\/sedie-a-sdraio-e-riposo\\\/lettini\\\/bianco-alluminio-doppio-lettino-con-cuscino-e-ruote-cabrera\\\/\",\"url\":\"https:\\\/\\\/keramamueblesdejardin.com\\\/it\\\/sedie-a-sdraio-e-riposo\\\/lettini\\\/bianco-alluminio-doppio-lettino-con-cuscino-e-ruote-cabrera\\\/\",\"name\":\"Lettino prendisole doppio in alluminio bianco con cuscino e ruote - Cabrera - Kerama\",\"isPartOf\":{\"@id\":\"https:\\\/\\\/keramamueblesdejardin.com\\\/it\\\/#website\"},\"primaryImageOfPage\":{\"@id\":\"https:\\\/\\\/keramamueblesdejardin.com\\\/it\\\/sedie-a-sdraio-e-riposo\\\/lettini\\\/bianco-alluminio-doppio-lettino-con-cuscino-e-ruote-cabrera\\\/#primaryimage\"},\"image\":{\"@id\":\"https:\\\/\\\/keramamueblesdejardin.com\\\/it\\\/sedie-a-sdraio-e-riposo\\\/lettini\\\/bianco-alluminio-doppio-lettino-con-cuscino-e-ruote-cabrera\\\/#primaryimage\"},\"thumbnailUrl\":\"https:\\\/\\\/keramamueblesdejardin.com\\\/wp-content\\\/uploads\\\/2025\\\/01\\\/tumbona-doble-cabrera.jpg\",\"datePublished\":\"2025-01-13T14:10:07+00:00\",\"dateModified\":\"2025-01-13T15:10:07+00:00\",\"breadcrumb\":{\"@id\":\"https:\\\/\\\/keramamueblesdejardin.com\\\/it\\\/sedie-a-sdraio-e-riposo\\\/lettini\\\/bianco-alluminio-doppio-lettino-con-cuscino-e-ruote-cabrera\\\/#breadcrumb\"},\"inLanguage\":\"it-IT\",\"potentialAction\":[{\"@type\":\"ReadAction\",\"target\":[\"https:\\\/\\\/keramamueblesdejardin.com\\\/it\\\/sedie-a-sdraio-e-riposo\\\/lettini\\\/bianco-alluminio-doppio-lettino-con-cuscino-e-ruote-cabrera\\\/\"]}]},{\"@type\":\"ImageObject\",\"inLanguage\":\"it-IT\",\"@id\":\"https:\\\/\\\/keramamueblesdejardin.com\\\/it\\\/sedie-a-sdraio-e-riposo\\\/lettini\\\/bianco-alluminio-doppio-lettino-con-cuscino-e-ruote-cabrera\\\/#primaryimage\",\"url\":\"https:\\\/\\\/keramamueblesdejardin.com\\\/wp-content\\\/uploads\\\/2025\\\/01\\\/tumbona-doble-cabrera.jpg\",\"contentUrl\":\"https:\\\/\\\/keramamueblesdejardin.com\\\/wp-content\\\/uploads\\\/2025\\\/01\\\/tumbona-doble-cabrera.jpg\",\"width\":1200,\"height\":1200},{\"@type\":\"BreadcrumbList\",\"@id\":\"https:\\\/\\\/keramamueblesdejardin.com\\\/it\\\/sedie-a-sdraio-e-riposo\\\/lettini\\\/bianco-alluminio-doppio-lettino-con-cuscino-e-ruote-cabrera\\\/#breadcrumb\",\"itemListElement\":[{\"@type\":\"ListItem\",\"position\":1,\"name\":\"Home\",\"item\":\"https:\\\/\\\/keramamueblesdejardin.com\\\/it\\\/\"},{\"@type\":\"ListItem\",\"position\":2,\"name\":\"Negozio\",\"item\":\"https:\\\/\\\/keramamueblesdejardin.com\\\/it\\\/negozio\\\/\"},{\"@type\":\"ListItem\",\"position\":3,\"name\":\"Sedie a sdraio e riposo\",\"item\":\"https:\\\/\\\/keramamueblesdejardin.com\\\/it\\\/sedie-a-sdraio-e-riposo\\\/\"},{\"@type\":\"ListItem\",\"position\":4,\"name\":\"Lettini\",\"item\":\"https:\\\/\\\/keramamueblesdejardin.com\\\/it\\\/sedie-a-sdraio-e-riposo\\\/lettini\\\/\"},{\"@type\":\"ListItem\",\"position\":5,\"name\":\"Lettino prendisole doppio in alluminio bianco con cuscino e ruote &#8211; Cabrera\"}]},{\"@type\":\"WebSite\",\"@id\":\"https:\\\/\\\/keramamueblesdejardin.com\\\/it\\\/#website\",\"url\":\"https:\\\/\\\/keramamueblesdejardin.com\\\/it\\\/\",\"name\":\"Kerama\",\"description\":\"muebles de jard\u00edn\",\"publisher\":{\"@id\":\"https:\\\/\\\/keramamueblesdejardin.com\\\/it\\\/#organization\"},\"potentialAction\":[{\"@type\":\"SearchAction\",\"target\":{\"@type\":\"EntryPoint\",\"urlTemplate\":\"https:\\\/\\\/keramamueblesdejardin.com\\\/it\\\/?s={search_term_string}\"},\"query-input\":{\"@type\":\"PropertyValueSpecification\",\"valueRequired\":true,\"valueName\":\"search_term_string\"}}],\"inLanguage\":\"it-IT\"},{\"@type\":\"Organization\",\"@id\":\"https:\\\/\\\/keramamueblesdejardin.com\\\/it\\\/#organization\",\"name\":\"kerama\",\"url\":\"https:\\\/\\\/keramamueblesdejardin.com\\\/it\\\/\",\"logo\":{\"@type\":\"ImageObject\",\"inLanguage\":\"it-IT\",\"@id\":\"https:\\\/\\\/keramamueblesdejardin.com\\\/it\\\/#\\\/schema\\\/logo\\\/image\\\/\",\"url\":\"https:\\\/\\\/keramamueblesdejardin.com\\\/wp-content\\\/uploads\\\/2020\\\/12\\\/k.-scaled.jpg\",\"contentUrl\":\"https:\\\/\\\/keramamueblesdejardin.com\\\/wp-content\\\/uploads\\\/2020\\\/12\\\/k.-scaled.jpg\",\"width\":2560,\"height\":551,\"caption\":\"kerama\"},\"image\":{\"@id\":\"https:\\\/\\\/keramamueblesdejardin.com\\\/it\\\/#\\\/schema\\\/logo\\\/image\\\/\"},\"sameAs\":[\"https:\\\/\\\/www.facebook.com\\\/Kerama-Muebles-de-Jard\u00edn-106209328312568\\\/\"]}]}<\/script>\n<!-- \/ Yoast SEO plugin. -->","yoast_head_json":{"title":"Lettino prendisole doppio in alluminio bianco con cuscino e ruote - Cabrera - Kerama","robots":{"index":"index","follow":"follow","max-snippet":"max-snippet:-1","max-image-preview":"max-image-preview:large","max-video-preview":"max-video-preview:-1"},"canonical":"https:\/\/keramamueblesdejardin.com\/it\/sedie-a-sdraio-e-riposo\/lettini\/bianco-alluminio-doppio-lettino-con-cuscino-e-ruote-cabrera\/","og_locale":"it_IT","og_type":"article","og_title":"Lettino prendisole doppio in alluminio bianco con cuscino e ruote - Cabrera - Kerama","og_description":"Lettino prendisole doppio in alluminio bianco con ruote  Cuscino sfoderabile e lavabile  Schiuma rivestita in textilene con trattamento idrorepellente  Misure: 206x152x34cm","og_url":"https:\/\/keramamueblesdejardin.com\/it\/sedie-a-sdraio-e-riposo\/lettini\/bianco-alluminio-doppio-lettino-con-cuscino-e-ruote-cabrera\/","og_site_name":"Kerama","article_publisher":"https:\/\/www.facebook.com\/Kerama-Muebles-de-Jard%c3%adn-106209328312568\/","article_modified_time":"2025-01-13T15:10:07+00:00","og_image":[{"width":1200,"height":1200,"url":"https:\/\/keramamueblesdejardin.com\/wp-content\/uploads\/2025\/01\/tumbona-doble-cabrera.jpg","type":"image\/jpeg"}],"twitter_card":"summary_large_image","schema":{"@context":"https:\/\/schema.org","@graph":[{"@type":"WebPage","@id":"https:\/\/keramamueblesdejardin.com\/it\/sedie-a-sdraio-e-riposo\/lettini\/bianco-alluminio-doppio-lettino-con-cuscino-e-ruote-cabrera\/","url":"https:\/\/keramamueblesdejardin.com\/it\/sedie-a-sdraio-e-riposo\/lettini\/bianco-alluminio-doppio-lettino-con-cuscino-e-ruote-cabrera\/","name":"Lettino prendisole doppio in alluminio bianco con cuscino e ruote - Cabrera - Kerama","isPartOf":{"@id":"https:\/\/keramamueblesdejardin.com\/it\/#website"},"primaryImageOfPage":{"@id":"https:\/\/keramamueblesdejardin.com\/it\/sedie-a-sdraio-e-riposo\/lettini\/bianco-alluminio-doppio-lettino-con-cuscino-e-ruote-cabrera\/#primaryimage"},"image":{"@id":"https:\/\/keramamueblesdejardin.com\/it\/sedie-a-sdraio-e-riposo\/lettini\/bianco-alluminio-doppio-lettino-con-cuscino-e-ruote-cabrera\/#primaryimage"},"thumbnailUrl":"https:\/\/keramamueblesdejardin.com\/wp-content\/uploads\/2025\/01\/tumbona-doble-cabrera.jpg","datePublished":"2025-01-13T14:10:07+00:00","dateModified":"2025-01-13T15:10:07+00:00","breadcrumb":{"@id":"https:\/\/keramamueblesdejardin.com\/it\/sedie-a-sdraio-e-riposo\/lettini\/bianco-alluminio-doppio-lettino-con-cuscino-e-ruote-cabrera\/#breadcrumb"},"inLanguage":"it-IT","potentialAction":[{"@type":"ReadAction","target":["https:\/\/keramamueblesdejardin.com\/it\/sedie-a-sdraio-e-riposo\/lettini\/bianco-alluminio-doppio-lettino-con-cuscino-e-ruote-cabrera\/"]}]},{"@type":"ImageObject","inLanguage":"it-IT","@id":"https:\/\/keramamueblesdejardin.com\/it\/sedie-a-sdraio-e-riposo\/lettini\/bianco-alluminio-doppio-lettino-con-cuscino-e-ruote-cabrera\/#primaryimage","url":"https:\/\/keramamueblesdejardin.com\/wp-content\/uploads\/2025\/01\/tumbona-doble-cabrera.jpg","contentUrl":"https:\/\/keramamueblesdejardin.com\/wp-content\/uploads\/2025\/01\/tumbona-doble-cabrera.jpg","width":1200,"height":1200},{"@type":"BreadcrumbList","@id":"https:\/\/keramamueblesdejardin.com\/it\/sedie-a-sdraio-e-riposo\/lettini\/bianco-alluminio-doppio-lettino-con-cuscino-e-ruote-cabrera\/#breadcrumb","itemListElement":[{"@type":"ListItem","position":1,"name":"Home","item":"https:\/\/keramamueblesdejardin.com\/it\/"},{"@type":"ListItem","position":2,"name":"Negozio","item":"https:\/\/keramamueblesdejardin.com\/it\/negozio\/"},{"@type":"ListItem","position":3,"name":"Sedie a sdraio e riposo","item":"https:\/\/keramamueblesdejardin.com\/it\/sedie-a-sdraio-e-riposo\/"},{"@type":"ListItem","position":4,"name":"Lettini","item":"https:\/\/keramamueblesdejardin.com\/it\/sedie-a-sdraio-e-riposo\/lettini\/"},{"@type":"ListItem","position":5,"name":"Lettino prendisole doppio in alluminio bianco con cuscino e ruote &#8211; Cabrera"}]},{"@type":"WebSite","@id":"https:\/\/keramamueblesdejardin.com\/it\/#website","url":"https:\/\/keramamueblesdejardin.com\/it\/","name":"Kerama","description":"muebles de jard\u00edn","publisher":{"@id":"https:\/\/keramamueblesdejardin.com\/it\/#organization"},"potentialAction":[{"@type":"SearchAction","target":{"@type":"EntryPoint","urlTemplate":"https:\/\/keramamueblesdejardin.com\/it\/?s={search_term_string}"},"query-input":{"@type":"PropertyValueSpecification","valueRequired":true,"valueName":"search_term_string"}}],"inLanguage":"it-IT"},{"@type":"Organization","@id":"https:\/\/keramamueblesdejardin.com\/it\/#organization","name":"kerama","url":"https:\/\/keramamueblesdejardin.com\/it\/","logo":{"@type":"ImageObject","inLanguage":"it-IT","@id":"https:\/\/keramamueblesdejardin.com\/it\/#\/schema\/logo\/image\/","url":"https:\/\/keramamueblesdejardin.com\/wp-content\/uploads\/2020\/12\/k.-scaled.jpg","contentUrl":"https:\/\/keramamueblesdejardin.com\/wp-content\/uploads\/2020\/12\/k.-scaled.jpg","width":2560,"height":551,"caption":"kerama"},"image":{"@id":"https:\/\/keramamueblesdejardin.com\/it\/#\/schema\/logo\/image\/"},"sameAs":["https:\/\/www.facebook.com\/Kerama-Muebles-de-Jard\u00edn-106209328312568\/"]}]}},"df_price":1089,"df_sale_price":1089,"df_regular_price":1359,"df_image_link":"https:\/\/keramamueblesdejardin.com\/wp-content\/uploads\/2025\/01\/tumbona-doble-cabrera-300x300.jpg","custom_tabs":[{"title":"MISURAZIONE","id":"misurazione","content":"<div class=\"list\">\n<div class=\"list\"><strong>Altezza: <\/strong>34cm<\/div>\n<div class=\"list\"><strong>Larghezza: <\/strong>206 cm<\/div>\n<div class=\"list\"><strong>Profondit\u00e0: <\/strong>152 cm<\/div>\n<\/div>"},{"title":"DISIMBALLAGGIO E MONTAGGIO","id":"disimballaggio-e-assemblaggio","content":"<div class=\"list\"><strong style=\"font-weight: bold; color: #282828;\">Raccomandazioni per il disimballaggio:<\/strong><span style=\"color: #282828;\"> Non utilizzare utensili affilati durante il disimballaggio dei mobili in quanto potrebbero causare danni<\/span><br style=\"color: #282828;\"><strong style=\"font-weight: bold; color: #282828;\">Montaggio richiesto (s\u00ec\/no):<\/strong><span style=\"color: #282828;\"> No<\/span><\/div>"},{"title":"MANUTENZIONE E GARANZIE","id":"manutenzione-e-garanzie","content":"<div class=\"moz-signature\">\n<div class=\"list\"><strong>Raccomandazioni generali:<\/strong> \u2022 Sono esclusi dalla garanzia guasti o danni causati da: \u2022 Sono escluse dalla garanzia cause accidentali come cadute, colpi, fuoriuscite di liquidi, introduzione di corpi estranei, nonch\u00e9 qualsiasi altra causa di forza maggiore. \u2022 Uso negligente, improprio o non domestico. \u2022 Danni, corrosione e\/o ossidazione accelerati da condizioni ambientali avverse \u2022 Macchie e scolorimento dovuti al mancato rispetto delle nostre istruzioni di pulizia \u2022 Danni verificatisi durante il montaggio e la manipolazione senza aver seguito le istruzioni di montaggio indicate. <strong>Istruzioni per l'uso e la manutenzione:<\/strong> \u2022 Pulire delicatamente con l'aiuto di un panno o utilizzare un sapone liquido neutro, risciacquando con abbondante acqua. \u2022 Rimuovere regolarmente la polvere con l'aiuto di un panno morbido e acqua pulita. \u2022 Non utilizzare detergenti o prodotti abrasivi per la pulizia. <strong>Anni di garanzia:<\/strong> 3 anni <strong>Prodotto secondo la norma:<\/strong> 581-1,581-2,581-3<\/div>\n<\/div>"}],"_links":{"self":[{"href":"https:\/\/keramamueblesdejardin.com\/it\/wp-json\/wp\/v2\/product\/175272","targetHints":{"allow":["GET"]}}],"collection":[{"href":"https:\/\/keramamueblesdejardin.com\/it\/wp-json\/wp\/v2\/product"}],"about":[{"href":"https:\/\/keramamueblesdejardin.com\/it\/wp-json\/wp\/v2\/types\/product"}],"replies":[{"embeddable":true,"href":"https:\/\/keramamueblesdejardin.com\/it\/wp-json\/wp\/v2\/comments?post=175272"}],"wp:featuredmedia":[{"embeddable":true,"href":"https:\/\/keramamueblesdejardin.com\/it\/wp-json\/wp\/v2\/media\/174965"}],"wp:attachment":[{"href":"https:\/\/keramamueblesdejardin.com\/it\/wp-json\/wp\/v2\/media?parent=175272"}],"wp:term":[{"taxonomy":"product_brand","embeddable":true,"href":"https:\/\/keramamueblesdejardin.com\/it\/wp-json\/wp\/v2\/product_brand?post=175272"},{"taxonomy":"product_cat","embeddable":true,"href":"https:\/\/keramamueblesdejardin.com\/it\/wp-json\/wp\/v2\/product_cat?post=175272"},{"taxonomy":"product_tag","embeddable":true,"href":"https:\/\/keramamueblesdejardin.com\/it\/wp-json\/wp\/v2\/product_tag?post=175272"}],"curies":[{"name":"wp","href":"https:\/\/api.w.org\/{rel}","templated":true}]}}