{"id":155205,"date":"2024-04-02T16:05:54","date_gmt":"2024-04-02T14:05:54","guid":{"rendered":"https:\/\/keramamueblesdejardin.com\/senza-categoria\/set-da-pranzo-da-giardino-6-posti-con-tavolo-in-ceramica-verde-chiaro-200x100-ceramik-bologna\/"},"modified":"2024-10-02T16:53:45","modified_gmt":"2024-10-02T14:53:45","slug":"tavolo-6-posti-da-giardino-ceramica-verde-chiaro-200x100-ceramik-bologna","status":"publish","type":"product","link":"https:\/\/keramamueblesdejardin.com\/it\/sale-da-pranzo-allaperto\/set-di-tavoli-e-sedie-da-giardino\/tavolo-6-posti-da-giardino-ceramica-verde-chiaro-200x100-ceramik-bologna\/","title":{"rendered":"Set da pranzo da giardino 6 posti con tavolo in ceramica verde chiaro 200&#215;100 &#8211; Ceramik &amp; Bologna"},"content":{"rendered":"<p>Set da esterno composto da tavolo e 6 sedie Bologna. I tavoli della famiglia Ceramik sono realizzati con una robusta struttura in legno di acacia di colore chiaro e con un piano in ceramica smaltata lavorata a mano con dimensioni di 20x20cm. Le ceramiche fatte a mano a Girona sono la ragion d&#8217;essere della collezione Ceramik. La combinazione di entrambi gli elementi si traduce in pezzi unici in grado di adattarsi a tutti i tipi di stili di decorazione e vestire con gusto il tuo terrazzo o giardino. Le sedie della collezione Bologna, con struttura in alluminio e rivestite in un bellissimo e pratico rattan sintetico, sono impilabili e ideali per riporle occupando il minor spazio possibile. Dimensioni: Tavolo: 205x105x75cm, Sedia: 62x65x86cm<\/p>\n","protected":false},"excerpt":{"rendered":"<ul>\n<li>Set composto da un tavolo e 6 sedie in alluminio e rattan<\/li>\n<li>Piano del tavolo in ceramica verde chiaro<\/li>\n<li>Cuscini sfoderabili e lavabili<\/li>\n<li>Dimensioni : Tavolo: 205x105x75 cm Sedia: 62x65x86cm<\/li>\n<\/ul>\n","protected":false},"featured_media":152664,"comment_status":"closed","ping_status":"closed","template":"","meta":{"_acf_changed":false},"product_brand":[],"product_cat":[2775,2776],"product_tag":[2901,2833,2936,5247,2784,2831],"class_list":{"0":"post-155205","1":"product","2":"type-product","3":"status-publish","4":"has-post-thumbnail","6":"product_cat-sale-da-pranzo-allaperto","7":"product_cat-set-di-tavoli-e-sedie-da-giardino","8":"product_tag-alluminio","9":"product_tag-bologna-it","10":"product_tag-ceramica-it","11":"product_tag-ceramik-it-2","12":"product_tag-legno","13":"product_tag-rattan-it","14":"product_shipping_class-envio-gratuito-it","15":"pa_alto-75-it","16":"pa_ancho-180-it","17":"pa_asientos-6-it","18":"pa_caracteristicas-coperture-lavabili","19":"pa_coleccion-bologna","20":"pa_coleccion-ceramik-it","21":"pa_espacio-504-it","22":"pa_forma-rettangolare","23":"pa_largo-280-it","24":"pa_m2-504-it","25":"pa_material-ceramica-it","26":"pa_material-legno","27":"pa_material-rattan","28":"pa_tamano-espacio-grande-it","30":"first","31":"instock","32":"sale","33":"purchasable","34":"product-type-simple","35":"add-to-wishlist-before_image"},"acf":[],"yoast_head":"<!-- This site is optimized with the Yoast SEO plugin v27.2 - https:\/\/yoast.com\/product\/yoast-seo-wordpress\/ -->\n<title>Set da pranzo da giardino 6 posti con tavolo in ceramica verde chiaro 200x100 - Ceramik &amp; Bologna - Kerama<\/title>\n<meta name=\"robots\" content=\"index, follow, max-snippet:-1, max-image-preview:large, max-video-preview:-1\" \/>\n<link rel=\"canonical\" href=\"https:\/\/keramamueblesdejardin.com\/it\/sale-da-pranzo-allaperto\/set-di-tavoli-e-sedie-da-giardino\/tavolo-6-posti-da-giardino-ceramica-verde-chiaro-200x100-ceramik-bologna\/\" \/>\n<meta property=\"og:locale\" content=\"it_IT\" \/>\n<meta property=\"og:type\" content=\"article\" \/>\n<meta property=\"og:title\" content=\"Set da pranzo da giardino 6 posti con tavolo in ceramica verde chiaro 200x100 - Ceramik &amp; Bologna - Kerama\" \/>\n<meta property=\"og:description\" content=\"Set composto da un tavolo e 6 sedie in alluminio e rattan  Piano del tavolo in ceramica verde chiaro  Cuscini sfoderabili e lavabili  Dimensioni : Tavolo: 205x105x75 cm Sedia: 62x65x86cm\" \/>\n<meta property=\"og:url\" content=\"https:\/\/keramamueblesdejardin.com\/it\/sale-da-pranzo-allaperto\/set-di-tavoli-e-sedie-da-giardino\/tavolo-6-posti-da-giardino-ceramica-verde-chiaro-200x100-ceramik-bologna\/\" \/>\n<meta property=\"og:site_name\" content=\"Kerama\" \/>\n<meta property=\"article:publisher\" content=\"https:\/\/www.facebook.com\/Kerama-Muebles-de-Jard%c3%adn-106209328312568\/\" \/>\n<meta property=\"article:modified_time\" content=\"2024-10-02T14:53:45+00:00\" \/>\n<meta property=\"og:image\" content=\"https:\/\/keramamueblesdejardin.com\/wp-content\/uploads\/2024\/04\/200-6-Bolonia-verde-claro.jpg\" \/>\n\t<meta property=\"og:image:width\" content=\"1200\" \/>\n\t<meta property=\"og:image:height\" content=\"1200\" \/>\n\t<meta property=\"og:image:type\" content=\"image\/jpeg\" \/>\n<meta name=\"twitter:card\" content=\"summary_large_image\" \/>\n<meta name=\"twitter:label1\" content=\"Tempo di lettura stimato\" \/>\n\t<meta name=\"twitter:data1\" content=\"1 minuto\" \/>\n<script type=\"application\/ld+json\" class=\"yoast-schema-graph\">{\"@context\":\"https:\/\/schema.org\",\"@graph\":[{\"@type\":\"WebPage\",\"@id\":\"https:\/\/keramamueblesdejardin.com\/it\/sale-da-pranzo-allaperto\/set-di-tavoli-e-sedie-da-giardino\/tavolo-6-posti-da-giardino-ceramica-verde-chiaro-200x100-ceramik-bologna\/\",\"url\":\"https:\/\/keramamueblesdejardin.com\/it\/sale-da-pranzo-allaperto\/set-di-tavoli-e-sedie-da-giardino\/tavolo-6-posti-da-giardino-ceramica-verde-chiaro-200x100-ceramik-bologna\/\",\"name\":\"Set da pranzo da giardino 6 posti con tavolo in ceramica verde chiaro 200x100 - Ceramik &amp; Bologna - Kerama\",\"isPartOf\":{\"@id\":\"https:\/\/keramamueblesdejardin.com\/it\/#website\"},\"primaryImageOfPage\":{\"@id\":\"https:\/\/keramamueblesdejardin.com\/it\/sale-da-pranzo-allaperto\/set-di-tavoli-e-sedie-da-giardino\/tavolo-6-posti-da-giardino-ceramica-verde-chiaro-200x100-ceramik-bologna\/#primaryimage\"},\"image\":{\"@id\":\"https:\/\/keramamueblesdejardin.com\/it\/sale-da-pranzo-allaperto\/set-di-tavoli-e-sedie-da-giardino\/tavolo-6-posti-da-giardino-ceramica-verde-chiaro-200x100-ceramik-bologna\/#primaryimage\"},\"thumbnailUrl\":\"https:\/\/keramamueblesdejardin.com\/wp-content\/uploads\/2024\/04\/200-6-Bolonia-verde-claro.jpg\",\"datePublished\":\"2024-04-02T14:05:54+00:00\",\"dateModified\":\"2024-10-02T14:53:45+00:00\",\"breadcrumb\":{\"@id\":\"https:\/\/keramamueblesdejardin.com\/it\/sale-da-pranzo-allaperto\/set-di-tavoli-e-sedie-da-giardino\/tavolo-6-posti-da-giardino-ceramica-verde-chiaro-200x100-ceramik-bologna\/#breadcrumb\"},\"inLanguage\":\"it-IT\",\"potentialAction\":[{\"@type\":\"ReadAction\",\"target\":[\"https:\/\/keramamueblesdejardin.com\/it\/sale-da-pranzo-allaperto\/set-di-tavoli-e-sedie-da-giardino\/tavolo-6-posti-da-giardino-ceramica-verde-chiaro-200x100-ceramik-bologna\/\"]}]},{\"@type\":\"ImageObject\",\"inLanguage\":\"it-IT\",\"@id\":\"https:\/\/keramamueblesdejardin.com\/it\/sale-da-pranzo-allaperto\/set-di-tavoli-e-sedie-da-giardino\/tavolo-6-posti-da-giardino-ceramica-verde-chiaro-200x100-ceramik-bologna\/#primaryimage\",\"url\":\"https:\/\/keramamueblesdejardin.com\/wp-content\/uploads\/2024\/04\/200-6-Bolonia-verde-claro.jpg\",\"contentUrl\":\"https:\/\/keramamueblesdejardin.com\/wp-content\/uploads\/2024\/04\/200-6-Bolonia-verde-claro.jpg\",\"width\":1200,\"height\":1200},{\"@type\":\"BreadcrumbList\",\"@id\":\"https:\/\/keramamueblesdejardin.com\/it\/sale-da-pranzo-allaperto\/set-di-tavoli-e-sedie-da-giardino\/tavolo-6-posti-da-giardino-ceramica-verde-chiaro-200x100-ceramik-bologna\/#breadcrumb\",\"itemListElement\":[{\"@type\":\"ListItem\",\"position\":1,\"name\":\"Home\",\"item\":\"https:\/\/keramamueblesdejardin.com\/it\/\"},{\"@type\":\"ListItem\",\"position\":2,\"name\":\"Negozio\",\"item\":\"https:\/\/keramamueblesdejardin.com\/it\/negozio\/\"},{\"@type\":\"ListItem\",\"position\":3,\"name\":\"Sale da pranzo all'aperto\",\"item\":\"https:\/\/keramamueblesdejardin.com\/it\/sale-da-pranzo-allaperto\/\"},{\"@type\":\"ListItem\",\"position\":4,\"name\":\"Set di tavoli e sedie da giardino\",\"item\":\"https:\/\/keramamueblesdejardin.com\/it\/sale-da-pranzo-allaperto\/set-di-tavoli-e-sedie-da-giardino\/\"},{\"@type\":\"ListItem\",\"position\":5,\"name\":\"Set da pranzo da giardino 6 posti con tavolo in ceramica verde chiaro 200&#215;100 &#8211; Ceramik &amp; Bologna\"}]},{\"@type\":\"WebSite\",\"@id\":\"https:\/\/keramamueblesdejardin.com\/it\/#website\",\"url\":\"https:\/\/keramamueblesdejardin.com\/it\/\",\"name\":\"Kerama\",\"description\":\"muebles de jard\u00edn\",\"publisher\":{\"@id\":\"https:\/\/keramamueblesdejardin.com\/it\/#organization\"},\"potentialAction\":[{\"@type\":\"SearchAction\",\"target\":{\"@type\":\"EntryPoint\",\"urlTemplate\":\"https:\/\/keramamueblesdejardin.com\/it\/?s={search_term_string}\"},\"query-input\":{\"@type\":\"PropertyValueSpecification\",\"valueRequired\":true,\"valueName\":\"search_term_string\"}}],\"inLanguage\":\"it-IT\"},{\"@type\":\"Organization\",\"@id\":\"https:\/\/keramamueblesdejardin.com\/it\/#organization\",\"name\":\"kerama\",\"url\":\"https:\/\/keramamueblesdejardin.com\/it\/\",\"logo\":{\"@type\":\"ImageObject\",\"inLanguage\":\"it-IT\",\"@id\":\"https:\/\/keramamueblesdejardin.com\/it\/#\/schema\/logo\/image\/\",\"url\":\"https:\/\/keramamueblesdejardin.com\/wp-content\/uploads\/2020\/12\/k.-scaled.jpg\",\"contentUrl\":\"https:\/\/keramamueblesdejardin.com\/wp-content\/uploads\/2020\/12\/k.-scaled.jpg\",\"width\":2560,\"height\":551,\"caption\":\"kerama\"},\"image\":{\"@id\":\"https:\/\/keramamueblesdejardin.com\/it\/#\/schema\/logo\/image\/\"},\"sameAs\":[\"https:\/\/www.facebook.com\/Kerama-Muebles-de-Jard\u00edn-106209328312568\/\"]}]}<\/script>\n<!-- \/ Yoast SEO plugin. -->","yoast_head_json":{"title":"Set da pranzo da giardino 6 posti con tavolo in ceramica verde chiaro 200x100 - Ceramik &amp; Bologna - Kerama","robots":{"index":"index","follow":"follow","max-snippet":"max-snippet:-1","max-image-preview":"max-image-preview:large","max-video-preview":"max-video-preview:-1"},"canonical":"https:\/\/keramamueblesdejardin.com\/it\/sale-da-pranzo-allaperto\/set-di-tavoli-e-sedie-da-giardino\/tavolo-6-posti-da-giardino-ceramica-verde-chiaro-200x100-ceramik-bologna\/","og_locale":"it_IT","og_type":"article","og_title":"Set da pranzo da giardino 6 posti con tavolo in ceramica verde chiaro 200x100 - Ceramik &amp; Bologna - Kerama","og_description":"Set composto da un tavolo e 6 sedie in alluminio e rattan  Piano del tavolo in ceramica verde chiaro  Cuscini sfoderabili e lavabili  Dimensioni : Tavolo: 205x105x75 cm Sedia: 62x65x86cm","og_url":"https:\/\/keramamueblesdejardin.com\/it\/sale-da-pranzo-allaperto\/set-di-tavoli-e-sedie-da-giardino\/tavolo-6-posti-da-giardino-ceramica-verde-chiaro-200x100-ceramik-bologna\/","og_site_name":"Kerama","article_publisher":"https:\/\/www.facebook.com\/Kerama-Muebles-de-Jard%c3%adn-106209328312568\/","article_modified_time":"2024-10-02T14:53:45+00:00","og_image":[{"width":1200,"height":1200,"url":"https:\/\/keramamueblesdejardin.com\/wp-content\/uploads\/2024\/04\/200-6-Bolonia-verde-claro.jpg","type":"image\/jpeg"}],"twitter_card":"summary_large_image","twitter_misc":{"Tempo di lettura stimato":"1 minuto"},"schema":{"@context":"https:\/\/schema.org","@graph":[{"@type":"WebPage","@id":"https:\/\/keramamueblesdejardin.com\/it\/sale-da-pranzo-allaperto\/set-di-tavoli-e-sedie-da-giardino\/tavolo-6-posti-da-giardino-ceramica-verde-chiaro-200x100-ceramik-bologna\/","url":"https:\/\/keramamueblesdejardin.com\/it\/sale-da-pranzo-allaperto\/set-di-tavoli-e-sedie-da-giardino\/tavolo-6-posti-da-giardino-ceramica-verde-chiaro-200x100-ceramik-bologna\/","name":"Set da pranzo da giardino 6 posti con tavolo in ceramica verde chiaro 200x100 - Ceramik &amp; Bologna - Kerama","isPartOf":{"@id":"https:\/\/keramamueblesdejardin.com\/it\/#website"},"primaryImageOfPage":{"@id":"https:\/\/keramamueblesdejardin.com\/it\/sale-da-pranzo-allaperto\/set-di-tavoli-e-sedie-da-giardino\/tavolo-6-posti-da-giardino-ceramica-verde-chiaro-200x100-ceramik-bologna\/#primaryimage"},"image":{"@id":"https:\/\/keramamueblesdejardin.com\/it\/sale-da-pranzo-allaperto\/set-di-tavoli-e-sedie-da-giardino\/tavolo-6-posti-da-giardino-ceramica-verde-chiaro-200x100-ceramik-bologna\/#primaryimage"},"thumbnailUrl":"https:\/\/keramamueblesdejardin.com\/wp-content\/uploads\/2024\/04\/200-6-Bolonia-verde-claro.jpg","datePublished":"2024-04-02T14:05:54+00:00","dateModified":"2024-10-02T14:53:45+00:00","breadcrumb":{"@id":"https:\/\/keramamueblesdejardin.com\/it\/sale-da-pranzo-allaperto\/set-di-tavoli-e-sedie-da-giardino\/tavolo-6-posti-da-giardino-ceramica-verde-chiaro-200x100-ceramik-bologna\/#breadcrumb"},"inLanguage":"it-IT","potentialAction":[{"@type":"ReadAction","target":["https:\/\/keramamueblesdejardin.com\/it\/sale-da-pranzo-allaperto\/set-di-tavoli-e-sedie-da-giardino\/tavolo-6-posti-da-giardino-ceramica-verde-chiaro-200x100-ceramik-bologna\/"]}]},{"@type":"ImageObject","inLanguage":"it-IT","@id":"https:\/\/keramamueblesdejardin.com\/it\/sale-da-pranzo-allaperto\/set-di-tavoli-e-sedie-da-giardino\/tavolo-6-posti-da-giardino-ceramica-verde-chiaro-200x100-ceramik-bologna\/#primaryimage","url":"https:\/\/keramamueblesdejardin.com\/wp-content\/uploads\/2024\/04\/200-6-Bolonia-verde-claro.jpg","contentUrl":"https:\/\/keramamueblesdejardin.com\/wp-content\/uploads\/2024\/04\/200-6-Bolonia-verde-claro.jpg","width":1200,"height":1200},{"@type":"BreadcrumbList","@id":"https:\/\/keramamueblesdejardin.com\/it\/sale-da-pranzo-allaperto\/set-di-tavoli-e-sedie-da-giardino\/tavolo-6-posti-da-giardino-ceramica-verde-chiaro-200x100-ceramik-bologna\/#breadcrumb","itemListElement":[{"@type":"ListItem","position":1,"name":"Home","item":"https:\/\/keramamueblesdejardin.com\/it\/"},{"@type":"ListItem","position":2,"name":"Negozio","item":"https:\/\/keramamueblesdejardin.com\/it\/negozio\/"},{"@type":"ListItem","position":3,"name":"Sale da pranzo all'aperto","item":"https:\/\/keramamueblesdejardin.com\/it\/sale-da-pranzo-allaperto\/"},{"@type":"ListItem","position":4,"name":"Set di tavoli e sedie da giardino","item":"https:\/\/keramamueblesdejardin.com\/it\/sale-da-pranzo-allaperto\/set-di-tavoli-e-sedie-da-giardino\/"},{"@type":"ListItem","position":5,"name":"Set da pranzo da giardino 6 posti con tavolo in ceramica verde chiaro 200&#215;100 &#8211; Ceramik &amp; Bologna"}]},{"@type":"WebSite","@id":"https:\/\/keramamueblesdejardin.com\/it\/#website","url":"https:\/\/keramamueblesdejardin.com\/it\/","name":"Kerama","description":"muebles de jard\u00edn","publisher":{"@id":"https:\/\/keramamueblesdejardin.com\/it\/#organization"},"potentialAction":[{"@type":"SearchAction","target":{"@type":"EntryPoint","urlTemplate":"https:\/\/keramamueblesdejardin.com\/it\/?s={search_term_string}"},"query-input":{"@type":"PropertyValueSpecification","valueRequired":true,"valueName":"search_term_string"}}],"inLanguage":"it-IT"},{"@type":"Organization","@id":"https:\/\/keramamueblesdejardin.com\/it\/#organization","name":"kerama","url":"https:\/\/keramamueblesdejardin.com\/it\/","logo":{"@type":"ImageObject","inLanguage":"it-IT","@id":"https:\/\/keramamueblesdejardin.com\/it\/#\/schema\/logo\/image\/","url":"https:\/\/keramamueblesdejardin.com\/wp-content\/uploads\/2020\/12\/k.-scaled.jpg","contentUrl":"https:\/\/keramamueblesdejardin.com\/wp-content\/uploads\/2020\/12\/k.-scaled.jpg","width":2560,"height":551,"caption":"kerama"},"image":{"@id":"https:\/\/keramamueblesdejardin.com\/it\/#\/schema\/logo\/image\/"},"sameAs":["https:\/\/www.facebook.com\/Kerama-Muebles-de-Jard\u00edn-106209328312568\/"]}]}},"df_price":2129,"df_sale_price":2129,"df_regular_price":2531,"df_image_link":"https:\/\/keramamueblesdejardin.com\/wp-content\/uploads\/2024\/04\/200-6-Bolonia-verde-claro-300x300.jpg","custom_tabs":[{"title":"MISURAZIONE","id":"misurazione","content":"<div class=\"list\">\n<div class=\"list\">Altezza: tavolo 75cm \/ sedia 86cm<\/div>\n<div class=\"list\"><strong>Larghezza: <\/strong> tavolo 205cm \/ sedia 62cm<\/div>\n<div class=\"list\"><strong>Fondo: <\/strong> tavolo 100cm \/ sedia 65cm<\/div>\n<\/div>"},{"title":"DISIMBALLAGGIO E MONTAGGIO","id":"disimballaggio-e-assemblaggio","content":"<div class=\"list\"><strong style=\"font-weight: bold; color: #282828;\">Raccomandazioni per<\/strong> il disimballaggio: <span style=\"color: #282828;\"> Non utilizzare utensili affilati durante il disimballaggio dei mobili in quanto potrebbe causare danni<\/span><br style=\"color: #282828;\"><strong style=\"font-weight: bold; color: #282828;\">Richiede il montaggio (s\u00ec\/no):<\/strong><span style=\"color: #282828;\"> S\u00ec<\/span><br style=\"color: #282828;\"><strong style=\"font-weight: bold; color: #282828;\">Difficolt\u00e0 di montaggio:<\/strong><span style=\"color: #282828;\"> Bassa<\/span><br style=\"color: #282828;\"><strong style=\"font-weight: bold; color: #282828;\">Tempo di assemblaggio:<\/strong><span style=\"color: #282828;\"> 40 minuti<\/span><br style=\"color: #282828;\"><strong style=\"font-weight: bold; color: #282828;\">Persone consigliate per il montaggio:<\/strong><span style=\"color: #282828;\"> 2<\/span><br style=\"color: #282828;\"><strong style=\"font-weight: bold; color: #282828;\">Suggerimenti di montaggio:<\/strong><span style=\"color: #282828;\">  Preparare un'area di assemblaggio pulita e asciutta, verificare che nessuna delle parti indicate nel manuale manchi. Si consiglia di indossare guanti adatti al montaggio. Utilizzare solo le parti e l'hardware in dotazione. NON consigliamo l'acquisto con opzione di montaggio per questo articolo in quanto la difficolt\u00e0 di assemblaggio \u00e8 molto bassa.<\/span><\/div>"},{"title":"MANUTENZIONE E GARANZIE","id":"manutenzione-e-garanzie","content":"<strong>Raccomandazioni generali:<\/strong>\n\u2022 Guasti o danni causati da:\n\u2022 Cause accidentali come cadute, colpi, fuoriuscite di liquidi, introduzione di corpi estranei, nonch\u00e9 qualsiasi altra causa di forza maggiore.\n\u2022 Uso negligente, improprio o non domestico.\n\u2022 Danni, corrosione e\/o ossidazione accelerati da condizioni ambientali avverse\n\u2022 Macchie e scolorimenti dovuti al mancato rispetto delle nostre istruzioni di pulizia\n\u2022 Danni verificatisi durante il montaggio e la manipolazione senza aver seguito le istruzioni di montaggio indicate.\n<strong>Istruzioni per l'uso e la manutenzione:<\/strong>\n\u2022 Pulire delicatamente con l'aiuto di un panno o utilizzare un sapone liquido neutro, risciacquando con abbondante acqua.\n\u2022 Rimuovere regolarmente la polvere con l'aiuto di un panno morbido e acqua pulita.\n\u2022 Non utilizzare detergenti o prodotti abrasivi per la pulizia.\n\u2022 Trattamento con olio di lino: Prima di applicare uno strato di olio di lino sul prodotto allo stato naturale \u00e8 consigliabile lasciarlo all'esterno per 2 o 3 settimane, in modo da assumere un aspetto omogeneo e aerarlo. Pulire con acqua pulita usando un pennello e lasciare asciugare. Una volta ben asciutto, va carteggiato con una carta vetrata di grammatura tra 120 e 150 con cura e senza stringere, seguendo, per quanto possibile, la direzione delle vene; Questa operazione non viene mai eseguita nelle prime ore del giorno.\nPer mantenere il colore \u00e8 consigliabile ripetere il processo una o due volte l'anno.\nSe l'olio di lino \u00e8 gi\u00e0 stato applicato ai mobili \u00e8 consigliabile carteggiarlo ogni tre anni in modo che gli strati successivi di olio non impediscano la traspirazione del legno.\n<strong>Anni di garanzia:<\/strong> 3 anni\n<strong>Prodotto secondo lo standard:<\/strong> 581-1,581-2,581-3\n<strong>Certificazione FSC (s\u00ec\/no):<\/strong> S\u00ec"}],"_links":{"self":[{"href":"https:\/\/keramamueblesdejardin.com\/it\/wp-json\/wp\/v2\/product\/155205","targetHints":{"allow":["GET"]}}],"collection":[{"href":"https:\/\/keramamueblesdejardin.com\/it\/wp-json\/wp\/v2\/product"}],"about":[{"href":"https:\/\/keramamueblesdejardin.com\/it\/wp-json\/wp\/v2\/types\/product"}],"replies":[{"embeddable":true,"href":"https:\/\/keramamueblesdejardin.com\/it\/wp-json\/wp\/v2\/comments?post=155205"}],"wp:featuredmedia":[{"embeddable":true,"href":"https:\/\/keramamueblesdejardin.com\/it\/wp-json\/wp\/v2\/media\/152664"}],"wp:attachment":[{"href":"https:\/\/keramamueblesdejardin.com\/it\/wp-json\/wp\/v2\/media?parent=155205"}],"wp:term":[{"taxonomy":"product_brand","embeddable":true,"href":"https:\/\/keramamueblesdejardin.com\/it\/wp-json\/wp\/v2\/product_brand?post=155205"},{"taxonomy":"product_cat","embeddable":true,"href":"https:\/\/keramamueblesdejardin.com\/it\/wp-json\/wp\/v2\/product_cat?post=155205"},{"taxonomy":"product_tag","embeddable":true,"href":"https:\/\/keramamueblesdejardin.com\/it\/wp-json\/wp\/v2\/product_tag?post=155205"}],"curies":[{"name":"wp","href":"https:\/\/api.w.org\/{rel}","templated":true}]}}