{"id":155064,"date":"2024-03-05T13:18:15","date_gmt":"2024-03-05T12:18:15","guid":{"rendered":"https:\/\/keramamueblesdejardin.com\/senza-categoria\/confezione-da-2-seggioloni-da-esterno-in-acacia-leggera-e-corda-grigia-baracoa\/"},"modified":"2025-02-18T17:13:02","modified_gmt":"2025-02-18T16:13:02","slug":"confezione-di-2-sedie-alte-da-esterno-di-acacia-e-corda-grigia-baracoa","status":"publish","type":"product","link":"https:\/\/keramamueblesdejardin.com\/it\/sale-da-pranzo-allaperto\/sedie-da-giardino\/confezione-di-2-sedie-alte-da-esterno-di-acacia-e-corda-grigia-baracoa\/","title":{"rendered":"Confezione da 2 seggioloni da esterno in acacia leggera e corda grigia &#8211; Baracoa"},"content":{"rendered":"<p>Confezione da 2 sedie da giardino in acacia di colore chiaro con certificato di sostenibilit\u00e0 FSC, corda in poliestere grigio chiaro e cuscini in poliestere grigio con tessuto espanso intrecciato sulla seduta e imbottitura in poliestere sullo schienale. .<br \/>\nLa combinazione della larghezza della sedia insieme al comfort dei cuscini consente una lunga seduta. Misure: 62x61x97.<br \/>\nAbbinabile agli altri pezzi della famiglia Baracoa<\/p>\n","protected":false},"excerpt":{"rendered":"<ul>\n<li>Struttura in acacia leggera certificata FSC<\/li>\n<li>Corda in poliestere grigia<\/li>\n<li>Cuscini sfoderabili e lavabili<\/li>\n<li>Sedia 62x61x97<\/li>\n<\/ul>\n","protected":false},"featured_media":142891,"comment_status":"closed","ping_status":"closed","template":"","meta":{"_acf_changed":false},"product_brand":[],"product_cat":[2775,2862],"product_tag":[4553,3681,2784],"class_list":{"0":"post-155064","1":"product","2":"type-product","3":"status-publish","4":"has-post-thumbnail","6":"product_cat-sale-da-pranzo-allaperto","7":"product_cat-sedie-da-giardino","8":"product_tag-baracoa-it","9":"product_tag-corda-it","10":"product_tag-legno","11":"product_shipping_class-envio-gratuito-it","12":"pa_alto-97-it","13":"pa_ancho-62-it","14":"pa_asientos-2-it","15":"pa_caracteristicas-bracciolo","16":"pa_caracteristicas-coperture-lavabili","17":"pa_coleccion-baracoa-it","18":"pa_largo-61-it","19":"pa_material-corda","20":"pa_material-legno-chiaro","21":"pa_tamano-espacio-grande-it","23":"first","24":"instock","25":"sale","26":"purchasable","27":"product-type-simple","28":"add-to-wishlist-before_image"},"acf":[],"yoast_head":"<!-- This site is optimized with the Yoast SEO plugin v27.2 - https:\/\/yoast.com\/product\/yoast-seo-wordpress\/ -->\n<title>Confezione da 2 seggioloni da esterno in acacia leggera e corda grigia - Baracoa - Kerama<\/title>\n<meta name=\"robots\" content=\"index, follow, max-snippet:-1, max-image-preview:large, max-video-preview:-1\" \/>\n<link rel=\"canonical\" href=\"https:\/\/keramamueblesdejardin.com\/it\/sale-da-pranzo-allaperto\/sedie-da-giardino\/confezione-di-2-sedie-alte-da-esterno-di-acacia-e-corda-grigia-baracoa\/\" \/>\n<meta property=\"og:locale\" content=\"it_IT\" \/>\n<meta property=\"og:type\" content=\"article\" \/>\n<meta property=\"og:title\" content=\"Confezione da 2 seggioloni da esterno in acacia leggera e corda grigia - Baracoa - Kerama\" \/>\n<meta property=\"og:description\" content=\"Struttura in acacia leggera certificata FSC  Corda in poliestere grigia  Cuscini sfoderabili e lavabili  Sedia 62x61x97\" \/>\n<meta property=\"og:url\" content=\"https:\/\/keramamueblesdejardin.com\/it\/sale-da-pranzo-allaperto\/sedie-da-giardino\/confezione-di-2-sedie-alte-da-esterno-di-acacia-e-corda-grigia-baracoa\/\" \/>\n<meta property=\"og:site_name\" content=\"Kerama\" \/>\n<meta property=\"article:publisher\" content=\"https:\/\/www.facebook.com\/Kerama-Muebles-de-Jard%c3%adn-106209328312568\/\" \/>\n<meta property=\"article:modified_time\" content=\"2025-02-18T16:13:02+00:00\" \/>\n<meta property=\"og:image\" content=\"https:\/\/keramamueblesdejardin.com\/wp-content\/uploads\/2024\/01\/baracoa-mesa-alta.jpg\" \/>\n\t<meta property=\"og:image:width\" content=\"1200\" \/>\n\t<meta property=\"og:image:height\" content=\"1200\" \/>\n\t<meta property=\"og:image:type\" content=\"image\/jpeg\" \/>\n<meta name=\"twitter:card\" content=\"summary_large_image\" \/>\n<script type=\"application\/ld+json\" class=\"yoast-schema-graph\">{\"@context\":\"https:\/\/schema.org\",\"@graph\":[{\"@type\":\"WebPage\",\"@id\":\"https:\/\/keramamueblesdejardin.com\/it\/sale-da-pranzo-allaperto\/sedie-da-giardino\/confezione-di-2-sedie-alte-da-esterno-di-acacia-e-corda-grigia-baracoa\/\",\"url\":\"https:\/\/keramamueblesdejardin.com\/it\/sale-da-pranzo-allaperto\/sedie-da-giardino\/confezione-di-2-sedie-alte-da-esterno-di-acacia-e-corda-grigia-baracoa\/\",\"name\":\"Confezione da 2 seggioloni da esterno in acacia leggera e corda grigia - Baracoa - Kerama\",\"isPartOf\":{\"@id\":\"https:\/\/keramamueblesdejardin.com\/it\/#website\"},\"primaryImageOfPage\":{\"@id\":\"https:\/\/keramamueblesdejardin.com\/it\/sale-da-pranzo-allaperto\/sedie-da-giardino\/confezione-di-2-sedie-alte-da-esterno-di-acacia-e-corda-grigia-baracoa\/#primaryimage\"},\"image\":{\"@id\":\"https:\/\/keramamueblesdejardin.com\/it\/sale-da-pranzo-allaperto\/sedie-da-giardino\/confezione-di-2-sedie-alte-da-esterno-di-acacia-e-corda-grigia-baracoa\/#primaryimage\"},\"thumbnailUrl\":\"https:\/\/keramamueblesdejardin.com\/wp-content\/uploads\/2024\/01\/baracoa-mesa-alta.jpg\",\"datePublished\":\"2024-03-05T12:18:15+00:00\",\"dateModified\":\"2025-02-18T16:13:02+00:00\",\"breadcrumb\":{\"@id\":\"https:\/\/keramamueblesdejardin.com\/it\/sale-da-pranzo-allaperto\/sedie-da-giardino\/confezione-di-2-sedie-alte-da-esterno-di-acacia-e-corda-grigia-baracoa\/#breadcrumb\"},\"inLanguage\":\"it-IT\",\"potentialAction\":[{\"@type\":\"ReadAction\",\"target\":[\"https:\/\/keramamueblesdejardin.com\/it\/sale-da-pranzo-allaperto\/sedie-da-giardino\/confezione-di-2-sedie-alte-da-esterno-di-acacia-e-corda-grigia-baracoa\/\"]}]},{\"@type\":\"ImageObject\",\"inLanguage\":\"it-IT\",\"@id\":\"https:\/\/keramamueblesdejardin.com\/it\/sale-da-pranzo-allaperto\/sedie-da-giardino\/confezione-di-2-sedie-alte-da-esterno-di-acacia-e-corda-grigia-baracoa\/#primaryimage\",\"url\":\"https:\/\/keramamueblesdejardin.com\/wp-content\/uploads\/2024\/01\/baracoa-mesa-alta.jpg\",\"contentUrl\":\"https:\/\/keramamueblesdejardin.com\/wp-content\/uploads\/2024\/01\/baracoa-mesa-alta.jpg\",\"width\":1200,\"height\":1200},{\"@type\":\"BreadcrumbList\",\"@id\":\"https:\/\/keramamueblesdejardin.com\/it\/sale-da-pranzo-allaperto\/sedie-da-giardino\/confezione-di-2-sedie-alte-da-esterno-di-acacia-e-corda-grigia-baracoa\/#breadcrumb\",\"itemListElement\":[{\"@type\":\"ListItem\",\"position\":1,\"name\":\"Home\",\"item\":\"https:\/\/keramamueblesdejardin.com\/it\/\"},{\"@type\":\"ListItem\",\"position\":2,\"name\":\"Negozio\",\"item\":\"https:\/\/keramamueblesdejardin.com\/it\/negozio\/\"},{\"@type\":\"ListItem\",\"position\":3,\"name\":\"Sale da pranzo all'aperto\",\"item\":\"https:\/\/keramamueblesdejardin.com\/it\/sale-da-pranzo-allaperto\/\"},{\"@type\":\"ListItem\",\"position\":4,\"name\":\"Sedie da giardino\",\"item\":\"https:\/\/keramamueblesdejardin.com\/it\/sale-da-pranzo-allaperto\/sedie-da-giardino\/\"},{\"@type\":\"ListItem\",\"position\":5,\"name\":\"Confezione da 2 seggioloni da esterno in acacia leggera e corda grigia &#8211; Baracoa\"}]},{\"@type\":\"WebSite\",\"@id\":\"https:\/\/keramamueblesdejardin.com\/it\/#website\",\"url\":\"https:\/\/keramamueblesdejardin.com\/it\/\",\"name\":\"Kerama\",\"description\":\"muebles de jard\u00edn\",\"publisher\":{\"@id\":\"https:\/\/keramamueblesdejardin.com\/it\/#organization\"},\"potentialAction\":[{\"@type\":\"SearchAction\",\"target\":{\"@type\":\"EntryPoint\",\"urlTemplate\":\"https:\/\/keramamueblesdejardin.com\/it\/?s={search_term_string}\"},\"query-input\":{\"@type\":\"PropertyValueSpecification\",\"valueRequired\":true,\"valueName\":\"search_term_string\"}}],\"inLanguage\":\"it-IT\"},{\"@type\":\"Organization\",\"@id\":\"https:\/\/keramamueblesdejardin.com\/it\/#organization\",\"name\":\"kerama\",\"url\":\"https:\/\/keramamueblesdejardin.com\/it\/\",\"logo\":{\"@type\":\"ImageObject\",\"inLanguage\":\"it-IT\",\"@id\":\"https:\/\/keramamueblesdejardin.com\/it\/#\/schema\/logo\/image\/\",\"url\":\"https:\/\/keramamueblesdejardin.com\/wp-content\/uploads\/2020\/12\/k.-scaled.jpg\",\"contentUrl\":\"https:\/\/keramamueblesdejardin.com\/wp-content\/uploads\/2020\/12\/k.-scaled.jpg\",\"width\":2560,\"height\":551,\"caption\":\"kerama\"},\"image\":{\"@id\":\"https:\/\/keramamueblesdejardin.com\/it\/#\/schema\/logo\/image\/\"},\"sameAs\":[\"https:\/\/www.facebook.com\/Kerama-Muebles-de-Jard\u00edn-106209328312568\/\"]}]}<\/script>\n<!-- \/ Yoast SEO plugin. -->","yoast_head_json":{"title":"Confezione da 2 seggioloni da esterno in acacia leggera e corda grigia - Baracoa - Kerama","robots":{"index":"index","follow":"follow","max-snippet":"max-snippet:-1","max-image-preview":"max-image-preview:large","max-video-preview":"max-video-preview:-1"},"canonical":"https:\/\/keramamueblesdejardin.com\/it\/sale-da-pranzo-allaperto\/sedie-da-giardino\/confezione-di-2-sedie-alte-da-esterno-di-acacia-e-corda-grigia-baracoa\/","og_locale":"it_IT","og_type":"article","og_title":"Confezione da 2 seggioloni da esterno in acacia leggera e corda grigia - Baracoa - Kerama","og_description":"Struttura in acacia leggera certificata FSC  Corda in poliestere grigia  Cuscini sfoderabili e lavabili  Sedia 62x61x97","og_url":"https:\/\/keramamueblesdejardin.com\/it\/sale-da-pranzo-allaperto\/sedie-da-giardino\/confezione-di-2-sedie-alte-da-esterno-di-acacia-e-corda-grigia-baracoa\/","og_site_name":"Kerama","article_publisher":"https:\/\/www.facebook.com\/Kerama-Muebles-de-Jard%c3%adn-106209328312568\/","article_modified_time":"2025-02-18T16:13:02+00:00","og_image":[{"width":1200,"height":1200,"url":"https:\/\/keramamueblesdejardin.com\/wp-content\/uploads\/2024\/01\/baracoa-mesa-alta.jpg","type":"image\/jpeg"}],"twitter_card":"summary_large_image","schema":{"@context":"https:\/\/schema.org","@graph":[{"@type":"WebPage","@id":"https:\/\/keramamueblesdejardin.com\/it\/sale-da-pranzo-allaperto\/sedie-da-giardino\/confezione-di-2-sedie-alte-da-esterno-di-acacia-e-corda-grigia-baracoa\/","url":"https:\/\/keramamueblesdejardin.com\/it\/sale-da-pranzo-allaperto\/sedie-da-giardino\/confezione-di-2-sedie-alte-da-esterno-di-acacia-e-corda-grigia-baracoa\/","name":"Confezione da 2 seggioloni da esterno in acacia leggera e corda grigia - Baracoa - Kerama","isPartOf":{"@id":"https:\/\/keramamueblesdejardin.com\/it\/#website"},"primaryImageOfPage":{"@id":"https:\/\/keramamueblesdejardin.com\/it\/sale-da-pranzo-allaperto\/sedie-da-giardino\/confezione-di-2-sedie-alte-da-esterno-di-acacia-e-corda-grigia-baracoa\/#primaryimage"},"image":{"@id":"https:\/\/keramamueblesdejardin.com\/it\/sale-da-pranzo-allaperto\/sedie-da-giardino\/confezione-di-2-sedie-alte-da-esterno-di-acacia-e-corda-grigia-baracoa\/#primaryimage"},"thumbnailUrl":"https:\/\/keramamueblesdejardin.com\/wp-content\/uploads\/2024\/01\/baracoa-mesa-alta.jpg","datePublished":"2024-03-05T12:18:15+00:00","dateModified":"2025-02-18T16:13:02+00:00","breadcrumb":{"@id":"https:\/\/keramamueblesdejardin.com\/it\/sale-da-pranzo-allaperto\/sedie-da-giardino\/confezione-di-2-sedie-alte-da-esterno-di-acacia-e-corda-grigia-baracoa\/#breadcrumb"},"inLanguage":"it-IT","potentialAction":[{"@type":"ReadAction","target":["https:\/\/keramamueblesdejardin.com\/it\/sale-da-pranzo-allaperto\/sedie-da-giardino\/confezione-di-2-sedie-alte-da-esterno-di-acacia-e-corda-grigia-baracoa\/"]}]},{"@type":"ImageObject","inLanguage":"it-IT","@id":"https:\/\/keramamueblesdejardin.com\/it\/sale-da-pranzo-allaperto\/sedie-da-giardino\/confezione-di-2-sedie-alte-da-esterno-di-acacia-e-corda-grigia-baracoa\/#primaryimage","url":"https:\/\/keramamueblesdejardin.com\/wp-content\/uploads\/2024\/01\/baracoa-mesa-alta.jpg","contentUrl":"https:\/\/keramamueblesdejardin.com\/wp-content\/uploads\/2024\/01\/baracoa-mesa-alta.jpg","width":1200,"height":1200},{"@type":"BreadcrumbList","@id":"https:\/\/keramamueblesdejardin.com\/it\/sale-da-pranzo-allaperto\/sedie-da-giardino\/confezione-di-2-sedie-alte-da-esterno-di-acacia-e-corda-grigia-baracoa\/#breadcrumb","itemListElement":[{"@type":"ListItem","position":1,"name":"Home","item":"https:\/\/keramamueblesdejardin.com\/it\/"},{"@type":"ListItem","position":2,"name":"Negozio","item":"https:\/\/keramamueblesdejardin.com\/it\/negozio\/"},{"@type":"ListItem","position":3,"name":"Sale da pranzo all'aperto","item":"https:\/\/keramamueblesdejardin.com\/it\/sale-da-pranzo-allaperto\/"},{"@type":"ListItem","position":4,"name":"Sedie da giardino","item":"https:\/\/keramamueblesdejardin.com\/it\/sale-da-pranzo-allaperto\/sedie-da-giardino\/"},{"@type":"ListItem","position":5,"name":"Confezione da 2 seggioloni da esterno in acacia leggera e corda grigia &#8211; Baracoa"}]},{"@type":"WebSite","@id":"https:\/\/keramamueblesdejardin.com\/it\/#website","url":"https:\/\/keramamueblesdejardin.com\/it\/","name":"Kerama","description":"muebles de jard\u00edn","publisher":{"@id":"https:\/\/keramamueblesdejardin.com\/it\/#organization"},"potentialAction":[{"@type":"SearchAction","target":{"@type":"EntryPoint","urlTemplate":"https:\/\/keramamueblesdejardin.com\/it\/?s={search_term_string}"},"query-input":{"@type":"PropertyValueSpecification","valueRequired":true,"valueName":"search_term_string"}}],"inLanguage":"it-IT"},{"@type":"Organization","@id":"https:\/\/keramamueblesdejardin.com\/it\/#organization","name":"kerama","url":"https:\/\/keramamueblesdejardin.com\/it\/","logo":{"@type":"ImageObject","inLanguage":"it-IT","@id":"https:\/\/keramamueblesdejardin.com\/it\/#\/schema\/logo\/image\/","url":"https:\/\/keramamueblesdejardin.com\/wp-content\/uploads\/2020\/12\/k.-scaled.jpg","contentUrl":"https:\/\/keramamueblesdejardin.com\/wp-content\/uploads\/2020\/12\/k.-scaled.jpg","width":2560,"height":551,"caption":"kerama"},"image":{"@id":"https:\/\/keramamueblesdejardin.com\/it\/#\/schema\/logo\/image\/"},"sameAs":["https:\/\/www.facebook.com\/Kerama-Muebles-de-Jard\u00edn-106209328312568\/"]}]}},"df_price":539,"df_sale_price":539,"df_regular_price":809,"df_image_link":"https:\/\/keramamueblesdejardin.com\/wp-content\/uploads\/2024\/01\/baracoa-mesa-alta-300x300.jpg","custom_tabs":[{"title":"MISURAZIONE","id":"misurazione","content":"<div class=\"list\"><strong style=\"font-weight: bold; color: #282828;\">Altezza:<\/strong><span style=\"color: #282828;\"> 97cm<\/span><br style=\"color: #282828;\" \/>Larghezza: 62cm<br style=\"color: #282828;\" \/><span style=\"color: #282828;\"><strong style=\"font-weight: bold;\">Lunghezza<\/strong>: 61cm<\/span><\/div>"},{"title":"DISIMBALLAGGIO E MONTAGGIO","id":"disimballaggio-e-montaggio","content":"<div class=\"list\"><strong style=\"font-weight: bold; color: #282828;\">Raccomandazioni per<\/strong> il disimballaggio: <span style=\"color: #282828;\"> Non utilizzare utensili affilati durante il disimballaggio dei mobili in quanto potrebbe causare danni<\/span><br style=\"color: #282828;\" \/><strong style=\"font-weight: bold; color: #282828;\">Richiede il montaggio (s\u00ec\/no):<\/strong><span style=\"color: #282828;\"> S\u00ec<\/span><br style=\"color: #282828;\" \/><strong style=\"font-weight: bold; color: #282828;\">Difficolt\u00e0 di montaggio:<\/strong><span style=\"color: #282828;\"> Bassa<\/span><br style=\"color: #282828;\" \/><strong style=\"font-weight: bold; color: #282828;\">Tempo di montaggio:<\/strong><span style=\"color: #282828;\"> 20 minuti<\/span><br style=\"color: #282828;\" \/><strong style=\"font-weight: bold; color: #282828;\">Persone consigliate per il montaggio:<\/strong><span style=\"color: #282828;\"> 2<\/span><br style=\"color: #282828;\" \/><strong style=\"font-weight: bold; color: #282828;\">Suggerimenti di montaggio:<\/strong><span style=\"color: #282828;\"> Preparare un'area di assemblaggio pulita e asciutta, verificare che nessuna delle parti indicate nel manuale manchi. Si consiglia di indossare guanti adatti al montaggio. Utilizzare solo le parti e l'hardware in dotazione.<\/span><\/div>"},{"title":"MANUTENZIONE E GARANZIE","id":"manutenzione-e-garanzie","content":"<strong>Raccomandazioni generali:<\/strong>\r\n\u2022 Guasti o danni causati da:\r\n\u2022 Cause accidentali come cadute, colpi, fuoriuscite di liquidi, introduzione di corpi estranei, nonch\u00e9 qualsiasi altra causa di forza maggiore.\r\n\u2022 Uso negligente, improprio o non domestico.\r\n\u2022 Danni, corrosione e\/o ossidazione accelerati da condizioni ambientali avverse\r\n\u2022 Macchie e scolorimenti dovuti al mancato rispetto delle nostre istruzioni di pulizia\r\n\u2022 Danni verificatisi durante il montaggio e la manipolazione senza aver seguito le istruzioni di montaggio indicate.\r\n<strong>Istruzioni per l'uso e la manutenzione:<\/strong>\r\n\u2022 Pulire delicatamente con l'aiuto di un panno o utilizzare un sapone liquido neutro, risciacquando con abbondante acqua.\r\n\u2022 Rimuovere regolarmente la polvere con l'aiuto di un panno morbido e acqua pulita.\r\n\u2022 Non utilizzare detergenti o prodotti abrasivi per la pulizia.\r\n\u2022 Trattamento con olio di lino: Prima di applicare uno strato di olio di lino sul prodotto allo stato naturale \u00e8 consigliabile lasciarlo all'esterno per 2 o 3 settimane, in modo da assumere un aspetto omogeneo e aerarlo. Pulire con acqua pulita usando un pennello e lasciare asciugare. Una volta ben asciutto, va carteggiato con una carta vetrata di grammatura tra 120 e 150 con cura e senza stringere, seguendo, per quanto possibile, la direzione delle vene; Questa operazione non viene mai eseguita nelle prime ore del giorno.\r\nPer mantenere il colore \u00e8 consigliabile ripetere il processo una o due volte l'anno.\r\nSe l'olio di lino \u00e8 gi\u00e0 stato applicato ai mobili \u00e8 consigliabile carteggiarlo ogni tre anni in modo che gli strati successivi di olio non impediscano la traspirazione del legno.\r\n<strong>Anni di garanzia:<\/strong> 3 anni\r\n<strong>Prodotto secondo lo standard:<\/strong> 581-1,581-2,581-3\r\n<strong>Certificazione FSC (s\u00ec\/no):<\/strong> S\u00ec"}],"_links":{"self":[{"href":"https:\/\/keramamueblesdejardin.com\/it\/wp-json\/wp\/v2\/product\/155064","targetHints":{"allow":["GET"]}}],"collection":[{"href":"https:\/\/keramamueblesdejardin.com\/it\/wp-json\/wp\/v2\/product"}],"about":[{"href":"https:\/\/keramamueblesdejardin.com\/it\/wp-json\/wp\/v2\/types\/product"}],"replies":[{"embeddable":true,"href":"https:\/\/keramamueblesdejardin.com\/it\/wp-json\/wp\/v2\/comments?post=155064"}],"wp:featuredmedia":[{"embeddable":true,"href":"https:\/\/keramamueblesdejardin.com\/it\/wp-json\/wp\/v2\/media\/142891"}],"wp:attachment":[{"href":"https:\/\/keramamueblesdejardin.com\/it\/wp-json\/wp\/v2\/media?parent=155064"}],"wp:term":[{"taxonomy":"product_brand","embeddable":true,"href":"https:\/\/keramamueblesdejardin.com\/it\/wp-json\/wp\/v2\/product_brand?post=155064"},{"taxonomy":"product_cat","embeddable":true,"href":"https:\/\/keramamueblesdejardin.com\/it\/wp-json\/wp\/v2\/product_cat?post=155064"},{"taxonomy":"product_tag","embeddable":true,"href":"https:\/\/keramamueblesdejardin.com\/it\/wp-json\/wp\/v2\/product_tag?post=155064"}],"curies":[{"name":"wp","href":"https:\/\/api.w.org\/{rel}","templated":true}]}}