{"id":154720,"date":"2024-04-02T16:08:09","date_gmt":"2024-04-02T14:08:09","guid":{"rendered":"https:\/\/keramamueblesdejardin.com\/senza-categoria\/tavolino-da-giardino-125x65-in-legno-e-ceramica-verde-chiaro-ceramik\/"},"modified":"2025-01-31T08:48:23","modified_gmt":"2025-01-31T07:48:23","slug":"125x65-tavolo-in-legno-e-ceramica-verde-ceramica-125x65-ceramica","status":"publish","type":"product","link":"https:\/\/keramamueblesdejardin.com\/it\/saloni-allaperto\/tavolini-da-giardino\/125x65-tavolo-in-legno-e-ceramica-verde-ceramica-125x65-ceramica\/","title":{"rendered":"Tavolino da giardino 125&#215;65 in legno e ceramica verde chiaro &#8211; Ceramik"},"content":{"rendered":"<p>Le ceramiche fatte a mano prodotte a La Bisbal de Empord\u00e0 (Girona) sono alla base della collezione Bisbal. La finitura vetrificata della ceramica e i suoi colori brillanti si sposano perfettamente con il calore del legno. Puoi anche combinare i tavoli di questa collezione con divani di qualsiasi tipo e carattere. Realizzato in legno di acacia certificato FSC. Ceramica smaltata colore 20&#215;20 cm Finitura legno chiaro Dimensioni : 125x65x40 cm<\/p>\n","protected":false},"excerpt":{"rendered":"<ul>\n<li>Dimensioni : 125x65x40 cm<\/li>\n<li>Realizzato in legno di acacia certificato FSC.<\/li>\n<li>Ceramica smaltata verde chiaro 20&#215;20<\/li>\n<li>Finitura legno di colore chiaro<\/li>\n<\/ul>\n","protected":false},"featured_media":150306,"comment_status":"closed","ping_status":"closed","template":"","meta":{"_acf_changed":false},"product_brand":[],"product_cat":[2812,2830],"product_tag":[2936,5247,2784],"class_list":{"0":"post-154720","1":"product","2":"type-product","3":"status-publish","4":"has-post-thumbnail","6":"product_cat-saloni-allaperto","7":"product_cat-tavolini-da-giardino","8":"product_tag-ceramica-it","9":"product_tag-ceramik-it-2","10":"product_tag-legno","11":"product_shipping_class-envio-gratuito-it","12":"pa_alto-74-it","13":"pa_ancho-65-it","14":"pa_coleccion-ceramik-it","15":"pa_forma-rettangolare","16":"pa_largo-125-it","17":"pa_material-ceramica-it","18":"pa_material-legno","20":"first","21":"instock","22":"sale","23":"purchasable","24":"product-type-simple","25":"add-to-wishlist-before_image"},"acf":[],"yoast_head":"<!-- This site is optimized with the Yoast SEO plugin v27.2 - https:\/\/yoast.com\/product\/yoast-seo-wordpress\/ -->\n<title>Tavolino da giardino 125x65 in legno e ceramica verde chiaro - Ceramik - Kerama<\/title>\n<meta name=\"robots\" content=\"index, follow, max-snippet:-1, max-image-preview:large, max-video-preview:-1\" \/>\n<link rel=\"canonical\" href=\"https:\/\/keramamueblesdejardin.com\/it\/saloni-allaperto\/tavolini-da-giardino\/125x65-tavolo-in-legno-e-ceramica-verde-ceramica-125x65-ceramica\/\" \/>\n<meta property=\"og:locale\" content=\"it_IT\" \/>\n<meta property=\"og:type\" content=\"article\" \/>\n<meta property=\"og:title\" content=\"Tavolino da giardino 125x65 in legno e ceramica verde chiaro - Ceramik - Kerama\" \/>\n<meta property=\"og:description\" content=\"Dimensioni : 125x65x40 cm  Realizzato in legno di acacia certificato FSC.  Ceramica smaltata verde chiaro 20x20  Finitura legno di colore chiaro\" \/>\n<meta property=\"og:url\" content=\"https:\/\/keramamueblesdejardin.com\/it\/saloni-allaperto\/tavolini-da-giardino\/125x65-tavolo-in-legno-e-ceramica-verde-ceramica-125x65-ceramica\/\" \/>\n<meta property=\"og:site_name\" content=\"Kerama\" \/>\n<meta property=\"article:publisher\" content=\"https:\/\/www.facebook.com\/Kerama-Muebles-de-Jard%c3%adn-106209328312568\/\" \/>\n<meta property=\"article:modified_time\" content=\"2025-01-31T07:48:23+00:00\" \/>\n<meta property=\"og:image\" content=\"https:\/\/keramamueblesdejardin.com\/wp-content\/uploads\/2024\/04\/125-verde-claro.jpg\" \/>\n\t<meta property=\"og:image:width\" content=\"1200\" \/>\n\t<meta property=\"og:image:height\" content=\"1200\" \/>\n\t<meta property=\"og:image:type\" content=\"image\/jpeg\" \/>\n<meta name=\"twitter:card\" content=\"summary_large_image\" \/>\n<script type=\"application\/ld+json\" class=\"yoast-schema-graph\">{\"@context\":\"https:\/\/schema.org\",\"@graph\":[{\"@type\":\"WebPage\",\"@id\":\"https:\/\/keramamueblesdejardin.com\/it\/saloni-allaperto\/tavolini-da-giardino\/125x65-tavolo-in-legno-e-ceramica-verde-ceramica-125x65-ceramica\/\",\"url\":\"https:\/\/keramamueblesdejardin.com\/it\/saloni-allaperto\/tavolini-da-giardino\/125x65-tavolo-in-legno-e-ceramica-verde-ceramica-125x65-ceramica\/\",\"name\":\"Tavolino da giardino 125x65 in legno e ceramica verde chiaro - Ceramik - Kerama\",\"isPartOf\":{\"@id\":\"https:\/\/keramamueblesdejardin.com\/it\/#website\"},\"primaryImageOfPage\":{\"@id\":\"https:\/\/keramamueblesdejardin.com\/it\/saloni-allaperto\/tavolini-da-giardino\/125x65-tavolo-in-legno-e-ceramica-verde-ceramica-125x65-ceramica\/#primaryimage\"},\"image\":{\"@id\":\"https:\/\/keramamueblesdejardin.com\/it\/saloni-allaperto\/tavolini-da-giardino\/125x65-tavolo-in-legno-e-ceramica-verde-ceramica-125x65-ceramica\/#primaryimage\"},\"thumbnailUrl\":\"https:\/\/keramamueblesdejardin.com\/wp-content\/uploads\/2024\/04\/125-verde-claro.jpg\",\"datePublished\":\"2024-04-02T14:08:09+00:00\",\"dateModified\":\"2025-01-31T07:48:23+00:00\",\"breadcrumb\":{\"@id\":\"https:\/\/keramamueblesdejardin.com\/it\/saloni-allaperto\/tavolini-da-giardino\/125x65-tavolo-in-legno-e-ceramica-verde-ceramica-125x65-ceramica\/#breadcrumb\"},\"inLanguage\":\"it-IT\",\"potentialAction\":[{\"@type\":\"ReadAction\",\"target\":[\"https:\/\/keramamueblesdejardin.com\/it\/saloni-allaperto\/tavolini-da-giardino\/125x65-tavolo-in-legno-e-ceramica-verde-ceramica-125x65-ceramica\/\"]}]},{\"@type\":\"ImageObject\",\"inLanguage\":\"it-IT\",\"@id\":\"https:\/\/keramamueblesdejardin.com\/it\/saloni-allaperto\/tavolini-da-giardino\/125x65-tavolo-in-legno-e-ceramica-verde-ceramica-125x65-ceramica\/#primaryimage\",\"url\":\"https:\/\/keramamueblesdejardin.com\/wp-content\/uploads\/2024\/04\/125-verde-claro.jpg\",\"contentUrl\":\"https:\/\/keramamueblesdejardin.com\/wp-content\/uploads\/2024\/04\/125-verde-claro.jpg\",\"width\":1200,\"height\":1200},{\"@type\":\"BreadcrumbList\",\"@id\":\"https:\/\/keramamueblesdejardin.com\/it\/saloni-allaperto\/tavolini-da-giardino\/125x65-tavolo-in-legno-e-ceramica-verde-ceramica-125x65-ceramica\/#breadcrumb\",\"itemListElement\":[{\"@type\":\"ListItem\",\"position\":1,\"name\":\"Home\",\"item\":\"https:\/\/keramamueblesdejardin.com\/it\/\"},{\"@type\":\"ListItem\",\"position\":2,\"name\":\"Negozio\",\"item\":\"https:\/\/keramamueblesdejardin.com\/it\/negozio\/\"},{\"@type\":\"ListItem\",\"position\":3,\"name\":\"Saloni all'aperto\",\"item\":\"https:\/\/keramamueblesdejardin.com\/it\/saloni-allaperto\/\"},{\"@type\":\"ListItem\",\"position\":4,\"name\":\"Tavolini da giardino\",\"item\":\"https:\/\/keramamueblesdejardin.com\/it\/saloni-allaperto\/tavolini-da-giardino\/\"},{\"@type\":\"ListItem\",\"position\":5,\"name\":\"Tavolino da giardino 125&#215;65 in legno e ceramica verde chiaro &#8211; Ceramik\"}]},{\"@type\":\"WebSite\",\"@id\":\"https:\/\/keramamueblesdejardin.com\/it\/#website\",\"url\":\"https:\/\/keramamueblesdejardin.com\/it\/\",\"name\":\"Kerama\",\"description\":\"muebles de jard\u00edn\",\"publisher\":{\"@id\":\"https:\/\/keramamueblesdejardin.com\/it\/#organization\"},\"potentialAction\":[{\"@type\":\"SearchAction\",\"target\":{\"@type\":\"EntryPoint\",\"urlTemplate\":\"https:\/\/keramamueblesdejardin.com\/it\/?s={search_term_string}\"},\"query-input\":{\"@type\":\"PropertyValueSpecification\",\"valueRequired\":true,\"valueName\":\"search_term_string\"}}],\"inLanguage\":\"it-IT\"},{\"@type\":\"Organization\",\"@id\":\"https:\/\/keramamueblesdejardin.com\/it\/#organization\",\"name\":\"kerama\",\"url\":\"https:\/\/keramamueblesdejardin.com\/it\/\",\"logo\":{\"@type\":\"ImageObject\",\"inLanguage\":\"it-IT\",\"@id\":\"https:\/\/keramamueblesdejardin.com\/it\/#\/schema\/logo\/image\/\",\"url\":\"https:\/\/keramamueblesdejardin.com\/wp-content\/uploads\/2020\/12\/k.-scaled.jpg\",\"contentUrl\":\"https:\/\/keramamueblesdejardin.com\/wp-content\/uploads\/2020\/12\/k.-scaled.jpg\",\"width\":2560,\"height\":551,\"caption\":\"kerama\"},\"image\":{\"@id\":\"https:\/\/keramamueblesdejardin.com\/it\/#\/schema\/logo\/image\/\"},\"sameAs\":[\"https:\/\/www.facebook.com\/Kerama-Muebles-de-Jard\u00edn-106209328312568\/\"]}]}<\/script>\n<!-- \/ Yoast SEO plugin. -->","yoast_head_json":{"title":"Tavolino da giardino 125x65 in legno e ceramica verde chiaro - Ceramik - Kerama","robots":{"index":"index","follow":"follow","max-snippet":"max-snippet:-1","max-image-preview":"max-image-preview:large","max-video-preview":"max-video-preview:-1"},"canonical":"https:\/\/keramamueblesdejardin.com\/it\/saloni-allaperto\/tavolini-da-giardino\/125x65-tavolo-in-legno-e-ceramica-verde-ceramica-125x65-ceramica\/","og_locale":"it_IT","og_type":"article","og_title":"Tavolino da giardino 125x65 in legno e ceramica verde chiaro - Ceramik - Kerama","og_description":"Dimensioni : 125x65x40 cm  Realizzato in legno di acacia certificato FSC.  Ceramica smaltata verde chiaro 20x20  Finitura legno di colore chiaro","og_url":"https:\/\/keramamueblesdejardin.com\/it\/saloni-allaperto\/tavolini-da-giardino\/125x65-tavolo-in-legno-e-ceramica-verde-ceramica-125x65-ceramica\/","og_site_name":"Kerama","article_publisher":"https:\/\/www.facebook.com\/Kerama-Muebles-de-Jard%c3%adn-106209328312568\/","article_modified_time":"2025-01-31T07:48:23+00:00","og_image":[{"width":1200,"height":1200,"url":"https:\/\/keramamueblesdejardin.com\/wp-content\/uploads\/2024\/04\/125-verde-claro.jpg","type":"image\/jpeg"}],"twitter_card":"summary_large_image","schema":{"@context":"https:\/\/schema.org","@graph":[{"@type":"WebPage","@id":"https:\/\/keramamueblesdejardin.com\/it\/saloni-allaperto\/tavolini-da-giardino\/125x65-tavolo-in-legno-e-ceramica-verde-ceramica-125x65-ceramica\/","url":"https:\/\/keramamueblesdejardin.com\/it\/saloni-allaperto\/tavolini-da-giardino\/125x65-tavolo-in-legno-e-ceramica-verde-ceramica-125x65-ceramica\/","name":"Tavolino da giardino 125x65 in legno e ceramica verde chiaro - Ceramik - Kerama","isPartOf":{"@id":"https:\/\/keramamueblesdejardin.com\/it\/#website"},"primaryImageOfPage":{"@id":"https:\/\/keramamueblesdejardin.com\/it\/saloni-allaperto\/tavolini-da-giardino\/125x65-tavolo-in-legno-e-ceramica-verde-ceramica-125x65-ceramica\/#primaryimage"},"image":{"@id":"https:\/\/keramamueblesdejardin.com\/it\/saloni-allaperto\/tavolini-da-giardino\/125x65-tavolo-in-legno-e-ceramica-verde-ceramica-125x65-ceramica\/#primaryimage"},"thumbnailUrl":"https:\/\/keramamueblesdejardin.com\/wp-content\/uploads\/2024\/04\/125-verde-claro.jpg","datePublished":"2024-04-02T14:08:09+00:00","dateModified":"2025-01-31T07:48:23+00:00","breadcrumb":{"@id":"https:\/\/keramamueblesdejardin.com\/it\/saloni-allaperto\/tavolini-da-giardino\/125x65-tavolo-in-legno-e-ceramica-verde-ceramica-125x65-ceramica\/#breadcrumb"},"inLanguage":"it-IT","potentialAction":[{"@type":"ReadAction","target":["https:\/\/keramamueblesdejardin.com\/it\/saloni-allaperto\/tavolini-da-giardino\/125x65-tavolo-in-legno-e-ceramica-verde-ceramica-125x65-ceramica\/"]}]},{"@type":"ImageObject","inLanguage":"it-IT","@id":"https:\/\/keramamueblesdejardin.com\/it\/saloni-allaperto\/tavolini-da-giardino\/125x65-tavolo-in-legno-e-ceramica-verde-ceramica-125x65-ceramica\/#primaryimage","url":"https:\/\/keramamueblesdejardin.com\/wp-content\/uploads\/2024\/04\/125-verde-claro.jpg","contentUrl":"https:\/\/keramamueblesdejardin.com\/wp-content\/uploads\/2024\/04\/125-verde-claro.jpg","width":1200,"height":1200},{"@type":"BreadcrumbList","@id":"https:\/\/keramamueblesdejardin.com\/it\/saloni-allaperto\/tavolini-da-giardino\/125x65-tavolo-in-legno-e-ceramica-verde-ceramica-125x65-ceramica\/#breadcrumb","itemListElement":[{"@type":"ListItem","position":1,"name":"Home","item":"https:\/\/keramamueblesdejardin.com\/it\/"},{"@type":"ListItem","position":2,"name":"Negozio","item":"https:\/\/keramamueblesdejardin.com\/it\/negozio\/"},{"@type":"ListItem","position":3,"name":"Saloni all'aperto","item":"https:\/\/keramamueblesdejardin.com\/it\/saloni-allaperto\/"},{"@type":"ListItem","position":4,"name":"Tavolini da giardino","item":"https:\/\/keramamueblesdejardin.com\/it\/saloni-allaperto\/tavolini-da-giardino\/"},{"@type":"ListItem","position":5,"name":"Tavolino da giardino 125&#215;65 in legno e ceramica verde chiaro &#8211; Ceramik"}]},{"@type":"WebSite","@id":"https:\/\/keramamueblesdejardin.com\/it\/#website","url":"https:\/\/keramamueblesdejardin.com\/it\/","name":"Kerama","description":"muebles de jard\u00edn","publisher":{"@id":"https:\/\/keramamueblesdejardin.com\/it\/#organization"},"potentialAction":[{"@type":"SearchAction","target":{"@type":"EntryPoint","urlTemplate":"https:\/\/keramamueblesdejardin.com\/it\/?s={search_term_string}"},"query-input":{"@type":"PropertyValueSpecification","valueRequired":true,"valueName":"search_term_string"}}],"inLanguage":"it-IT"},{"@type":"Organization","@id":"https:\/\/keramamueblesdejardin.com\/it\/#organization","name":"kerama","url":"https:\/\/keramamueblesdejardin.com\/it\/","logo":{"@type":"ImageObject","inLanguage":"it-IT","@id":"https:\/\/keramamueblesdejardin.com\/it\/#\/schema\/logo\/image\/","url":"https:\/\/keramamueblesdejardin.com\/wp-content\/uploads\/2020\/12\/k.-scaled.jpg","contentUrl":"https:\/\/keramamueblesdejardin.com\/wp-content\/uploads\/2020\/12\/k.-scaled.jpg","width":2560,"height":551,"caption":"kerama"},"image":{"@id":"https:\/\/keramamueblesdejardin.com\/it\/#\/schema\/logo\/image\/"},"sameAs":["https:\/\/www.facebook.com\/Kerama-Muebles-de-Jard\u00edn-106209328312568\/"]}]}},"df_price":419,"df_sale_price":419,"df_regular_price":498,"df_image_link":"https:\/\/keramamueblesdejardin.com\/wp-content\/uploads\/2024\/04\/125-verde-claro-300x300.jpg","custom_tabs":[{"title":"MISURAZIONE","id":"misurazione","content":"<div class=\"list\">\n<div class=\"list\" style=\"color: #282828;\"><strong style=\"font-weight: bold;\">Altezza: <\/strong>tavolo 40cm<\/div>\n<div class=\"list\" style=\"color: #282828;\"><strong style=\"font-weight: bold;\">Larghezza: <\/strong>tavolo 125cm<\/div>\n<div class=\"list\" style=\"color: #282828;\"><strong style=\"font-weight: bold;\">Profondit\u00e0: <\/strong>tavolo 65cm<\/div>\n<\/div>"},{"title":"DISIMBALLAGGIO E MONTAGGIO","id":"disimballaggio-e-assemblaggio","content":"<div class=\"list\"><strong style=\"font-weight: bold; color: #282828;\">Raccomandazioni per<\/strong> il disimballaggio: <span style=\"color: #282828;\"> Non utilizzare utensili affilati durante il disimballaggio dei mobili in quanto potrebbe causare danni<\/span><br style=\"color: #282828;\"><strong style=\"font-weight: bold; color: #282828;\">Richiede il montaggio (s\u00ec\/no):<\/strong><span style=\"color: #282828;\"> S\u00ec<\/span><br style=\"color: #282828;\"><strong style=\"font-weight: bold; color: #282828;\">Difficolt\u00e0 di montaggio:<\/strong><span style=\"color: #282828;\"> Bassa<\/span><br style=\"color: #282828;\"><strong style=\"font-weight: bold; color: #282828;\">Tempo di montaggio:<\/strong><span style=\"color: #282828;\"> 20 minuti<\/span><br style=\"color: #282828;\"><strong style=\"font-weight: bold; color: #282828;\">Persone consigliate per il montaggio:<\/strong><span style=\"color: #282828;\"> 2<\/span><br style=\"color: #282828;\"><strong style=\"font-weight: bold; color: #282828;\">Suggerimenti di montaggio:<\/strong><span style=\"color: #282828;\">  Preparare un'area di assemblaggio pulita e asciutta, verificare che nessuna delle parti indicate nel manuale manchi. Si consiglia di indossare guanti adatti al montaggio. Utilizzare solo le parti e l'hardware in dotazione.<\/span><\/div>"},{"title":"MANUTENZIONE E GARANZIE","id":"manutenzione-e-garanzie","content":"<strong>Raccomandazioni generali:<\/strong>\n\u2022 Guasti o danni causati da:\n\u2022 Cause accidentali come cadute, colpi, fuoriuscite di liquidi, introduzione di corpi estranei, nonch\u00e9 qualsiasi altra causa di forza maggiore.\n\u2022 Uso negligente, improprio o non domestico.\n\u2022 Danni, corrosione e\/o ossidazione accelerati da condizioni ambientali avverse\n\u2022 Macchie e scolorimenti dovuti al mancato rispetto delle nostre istruzioni di pulizia\n\u2022 Danni verificatisi durante il montaggio e la manipolazione senza aver seguito le istruzioni di montaggio indicate.\n<strong>Istruzioni per l'uso e la manutenzione:<\/strong>\n\u2022 Pulire delicatamente con l'aiuto di un panno o utilizzare un sapone liquido neutro, risciacquando con abbondante acqua.\n\u2022 Rimuovere regolarmente la polvere con l'aiuto di un panno morbido e acqua pulita.\n\u2022 Non utilizzare detergenti o prodotti abrasivi per la pulizia.\n\u2022 Trattamento con olio di lino: Prima di applicare uno strato di olio di lino sul prodotto allo stato naturale \u00e8 consigliabile lasciarlo all'esterno per 2 o 3 settimane, in modo da assumere un aspetto omogeneo e aerarlo. Pulire con acqua pulita usando un pennello e lasciare asciugare. Una volta ben asciutto, va carteggiato con una carta vetrata di grammatura tra 120 e 150 con cura e senza stringere, seguendo, per quanto possibile, la direzione delle vene; Questa operazione non viene mai eseguita nelle prime ore del giorno.\nPer mantenere il colore \u00e8 consigliabile ripetere il processo una o due volte l'anno.\nSe l'olio di lino \u00e8 gi\u00e0 stato applicato ai mobili \u00e8 consigliabile carteggiarlo ogni tre anni in modo che gli strati successivi di olio non impediscano la traspirazione del legno.\n<strong>Anni di garanzia:<\/strong> 3 anni\n<strong>Prodotto secondo lo standard:<\/strong> 581-1,581-2,581-3\n<strong>Certificazione FSC (s\u00ec\/no):<\/strong> S\u00ec"}],"_links":{"self":[{"href":"https:\/\/keramamueblesdejardin.com\/it\/wp-json\/wp\/v2\/product\/154720","targetHints":{"allow":["GET"]}}],"collection":[{"href":"https:\/\/keramamueblesdejardin.com\/it\/wp-json\/wp\/v2\/product"}],"about":[{"href":"https:\/\/keramamueblesdejardin.com\/it\/wp-json\/wp\/v2\/types\/product"}],"replies":[{"embeddable":true,"href":"https:\/\/keramamueblesdejardin.com\/it\/wp-json\/wp\/v2\/comments?post=154720"}],"wp:featuredmedia":[{"embeddable":true,"href":"https:\/\/keramamueblesdejardin.com\/it\/wp-json\/wp\/v2\/media\/150306"}],"wp:attachment":[{"href":"https:\/\/keramamueblesdejardin.com\/it\/wp-json\/wp\/v2\/media?parent=154720"}],"wp:term":[{"taxonomy":"product_brand","embeddable":true,"href":"https:\/\/keramamueblesdejardin.com\/it\/wp-json\/wp\/v2\/product_brand?post=154720"},{"taxonomy":"product_cat","embeddable":true,"href":"https:\/\/keramamueblesdejardin.com\/it\/wp-json\/wp\/v2\/product_cat?post=154720"},{"taxonomy":"product_tag","embeddable":true,"href":"https:\/\/keramamueblesdejardin.com\/it\/wp-json\/wp\/v2\/product_tag?post=154720"}],"curies":[{"name":"wp","href":"https:\/\/api.w.org\/{rel}","templated":true}]}}