{"id":153521,"date":"2024-04-02T16:09:23","date_gmt":"2024-04-02T14:09:23","guid":{"rendered":"https:\/\/keramamueblesdejardin.com\/senza-categoria\/pack-2-poltrone-da-giardino-con-2-poggiapiedi-in-legno-e-corda-beige-riviera\/"},"modified":"2025-03-07T12:25:58","modified_gmt":"2025-03-07T11:25:58","slug":"pack-2-poltrone-da-giardino-con-2-poggiapiedi-legno-e-corda-beige-riviera","status":"publish","type":"product","link":"https:\/\/keramamueblesdejardin.com\/it\/saloni-allaperto\/divani-da-giardino\/pack-2-poltrone-da-giardino-con-2-poggiapiedi-legno-e-corda-beige-riviera\/","title":{"rendered":"Pack 2 Poltrone da giardino con 2 poggiapiedi in legno e corda beige &#8211; Riviera"},"content":{"rendered":"<p>Confezione da 2 poltroncine da giardino in legno di acacia chiaro e corda di poliestere intrecciata a mano. La collezione Riviera si caratterizza per l&#8217;utilizzo del legno di acacia in colore chiaro con una finitura rustica per la sua struttura. L&#8217;ampiezza della struttura della collezione rende i pezzi Riviera eccezionalmente durevoli. Questa struttura \u00e8 rivestita da una bellissima corda sintetica in poliestere beige che si abbina perfettamente ai cuscini sfoderabili ecr\u00f9 imitando il lino della collezione. La combinazione di tutti gli elementi fa s\u00ec che questa collezione si adatti a un&#8217;ampia variet\u00e0 di stili di giardini e terrazze. Poltrona: 73x79x68,5 cm, Poggiapiedi: 50x40x42 cm<\/p>\n","protected":false},"excerpt":{"rendered":"<ul>\n<li>Set di 2 poltrone da giardino e poggiapiedi<\/li>\n<li>Realizzato in legno di acacia di colore chiaro con corda di poliestere intrecciata a mano<\/li>\n<li>Cuscini in poliestere beige<\/li>\n<li>Legno certificato FSC<\/li>\n<\/ul>\n","protected":false},"featured_media":149923,"comment_status":"closed","ping_status":"closed","template":"","meta":{"_acf_changed":false},"product_brand":[],"product_cat":[2899,2812],"product_tag":[3681,2784,2777],"class_list":{"0":"post-153521","1":"product","2":"type-product","3":"status-publish","4":"has-post-thumbnail","6":"product_cat-divani-da-giardino","7":"product_cat-saloni-allaperto","8":"product_tag-corda-it","9":"product_tag-legno","10":"product_tag-riviera-it","11":"product_shipping_class-envio-gratuito-it","12":"pa_alto-69-it","13":"pa_ancho-79-it","14":"pa_asientos-2-it","15":"pa_caracteristicas-coperture-lavabili","16":"pa_coleccion-riviera-it","17":"pa_largo-73-it","18":"pa_material-corda","19":"pa_material-legno","21":"first","22":"instock","23":"sale","24":"purchasable","25":"product-type-simple","26":"add-to-wishlist-before_image"},"acf":[],"yoast_head":"<!-- This site is optimized with the Yoast SEO plugin v27.4 - https:\/\/yoast.com\/product\/yoast-seo-wordpress\/ -->\n<title>Pack 2 Poltrone da giardino con 2 poggiapiedi in legno e corda beige - Riviera - Kerama<\/title>\n<meta name=\"robots\" content=\"index, follow, max-snippet:-1, max-image-preview:large, max-video-preview:-1\" \/>\n<link rel=\"canonical\" href=\"https:\/\/keramamueblesdejardin.com\/it\/saloni-allaperto\/divani-da-giardino\/pack-2-poltrone-da-giardino-con-2-poggiapiedi-legno-e-corda-beige-riviera\/\" \/>\n<meta property=\"og:locale\" content=\"it_IT\" \/>\n<meta property=\"og:type\" content=\"article\" \/>\n<meta property=\"og:title\" content=\"Pack 2 Poltrone da giardino con 2 poggiapiedi in legno e corda beige - Riviera - Kerama\" \/>\n<meta property=\"og:description\" content=\"Set di 2 poltrone da giardino e poggiapiedi  Realizzato in legno di acacia di colore chiaro con corda di poliestere intrecciata a mano  Cuscini in poliestere beige  Legno certificato FSC\" \/>\n<meta property=\"og:url\" content=\"https:\/\/keramamueblesdejardin.com\/it\/saloni-allaperto\/divani-da-giardino\/pack-2-poltrone-da-giardino-con-2-poggiapiedi-legno-e-corda-beige-riviera\/\" \/>\n<meta property=\"og:site_name\" content=\"Kerama\" \/>\n<meta property=\"article:publisher\" content=\"https:\/\/www.facebook.com\/Kerama-Muebles-de-Jard%c3%adn-106209328312568\/\" \/>\n<meta property=\"article:modified_time\" content=\"2025-03-07T11:25:58+00:00\" \/>\n<meta property=\"og:image\" content=\"https:\/\/keramamueblesdejardin.com\/wp-content\/uploads\/2024\/04\/riviera-2-repo.jpg\" \/>\n\t<meta property=\"og:image:width\" content=\"1200\" \/>\n\t<meta property=\"og:image:height\" content=\"1200\" \/>\n\t<meta property=\"og:image:type\" content=\"image\/jpeg\" \/>\n<meta name=\"twitter:card\" content=\"summary_large_image\" \/>\n<meta name=\"twitter:label1\" content=\"Tempo di lettura stimato\" \/>\n\t<meta name=\"twitter:data1\" content=\"1 minuto\" \/>\n<script type=\"application\/ld+json\" class=\"yoast-schema-graph\">{\"@context\":\"https:\\\/\\\/schema.org\",\"@graph\":[{\"@type\":\"WebPage\",\"@id\":\"https:\\\/\\\/keramamueblesdejardin.com\\\/it\\\/saloni-allaperto\\\/divani-da-giardino\\\/pack-2-poltrone-da-giardino-con-2-poggiapiedi-legno-e-corda-beige-riviera\\\/\",\"url\":\"https:\\\/\\\/keramamueblesdejardin.com\\\/it\\\/saloni-allaperto\\\/divani-da-giardino\\\/pack-2-poltrone-da-giardino-con-2-poggiapiedi-legno-e-corda-beige-riviera\\\/\",\"name\":\"Pack 2 Poltrone da giardino con 2 poggiapiedi in legno e corda beige - Riviera - Kerama\",\"isPartOf\":{\"@id\":\"https:\\\/\\\/keramamueblesdejardin.com\\\/it\\\/#website\"},\"primaryImageOfPage\":{\"@id\":\"https:\\\/\\\/keramamueblesdejardin.com\\\/it\\\/saloni-allaperto\\\/divani-da-giardino\\\/pack-2-poltrone-da-giardino-con-2-poggiapiedi-legno-e-corda-beige-riviera\\\/#primaryimage\"},\"image\":{\"@id\":\"https:\\\/\\\/keramamueblesdejardin.com\\\/it\\\/saloni-allaperto\\\/divani-da-giardino\\\/pack-2-poltrone-da-giardino-con-2-poggiapiedi-legno-e-corda-beige-riviera\\\/#primaryimage\"},\"thumbnailUrl\":\"https:\\\/\\\/keramamueblesdejardin.com\\\/wp-content\\\/uploads\\\/2024\\\/04\\\/riviera-2-repo.jpg\",\"datePublished\":\"2024-04-02T14:09:23+00:00\",\"dateModified\":\"2025-03-07T11:25:58+00:00\",\"breadcrumb\":{\"@id\":\"https:\\\/\\\/keramamueblesdejardin.com\\\/it\\\/saloni-allaperto\\\/divani-da-giardino\\\/pack-2-poltrone-da-giardino-con-2-poggiapiedi-legno-e-corda-beige-riviera\\\/#breadcrumb\"},\"inLanguage\":\"it-IT\",\"potentialAction\":[{\"@type\":\"ReadAction\",\"target\":[\"https:\\\/\\\/keramamueblesdejardin.com\\\/it\\\/saloni-allaperto\\\/divani-da-giardino\\\/pack-2-poltrone-da-giardino-con-2-poggiapiedi-legno-e-corda-beige-riviera\\\/\"]}]},{\"@type\":\"ImageObject\",\"inLanguage\":\"it-IT\",\"@id\":\"https:\\\/\\\/keramamueblesdejardin.com\\\/it\\\/saloni-allaperto\\\/divani-da-giardino\\\/pack-2-poltrone-da-giardino-con-2-poggiapiedi-legno-e-corda-beige-riviera\\\/#primaryimage\",\"url\":\"https:\\\/\\\/keramamueblesdejardin.com\\\/wp-content\\\/uploads\\\/2024\\\/04\\\/riviera-2-repo.jpg\",\"contentUrl\":\"https:\\\/\\\/keramamueblesdejardin.com\\\/wp-content\\\/uploads\\\/2024\\\/04\\\/riviera-2-repo.jpg\",\"width\":1200,\"height\":1200},{\"@type\":\"BreadcrumbList\",\"@id\":\"https:\\\/\\\/keramamueblesdejardin.com\\\/it\\\/saloni-allaperto\\\/divani-da-giardino\\\/pack-2-poltrone-da-giardino-con-2-poggiapiedi-legno-e-corda-beige-riviera\\\/#breadcrumb\",\"itemListElement\":[{\"@type\":\"ListItem\",\"position\":1,\"name\":\"Home\",\"item\":\"https:\\\/\\\/keramamueblesdejardin.com\\\/it\\\/\"},{\"@type\":\"ListItem\",\"position\":2,\"name\":\"Negozio\",\"item\":\"https:\\\/\\\/keramamueblesdejardin.com\\\/it\\\/negozio\\\/\"},{\"@type\":\"ListItem\",\"position\":3,\"name\":\"Saloni all'aperto\",\"item\":\"https:\\\/\\\/keramamueblesdejardin.com\\\/it\\\/saloni-allaperto\\\/\"},{\"@type\":\"ListItem\",\"position\":4,\"name\":\"Divani da giardino\",\"item\":\"https:\\\/\\\/keramamueblesdejardin.com\\\/it\\\/saloni-allaperto\\\/divani-da-giardino\\\/\"},{\"@type\":\"ListItem\",\"position\":5,\"name\":\"Pack 2 Poltrone da giardino con 2 poggiapiedi in legno e corda beige &#8211; Riviera\"}]},{\"@type\":\"WebSite\",\"@id\":\"https:\\\/\\\/keramamueblesdejardin.com\\\/it\\\/#website\",\"url\":\"https:\\\/\\\/keramamueblesdejardin.com\\\/it\\\/\",\"name\":\"Kerama\",\"description\":\"muebles de jard\u00edn\",\"publisher\":{\"@id\":\"https:\\\/\\\/keramamueblesdejardin.com\\\/it\\\/#organization\"},\"potentialAction\":[{\"@type\":\"SearchAction\",\"target\":{\"@type\":\"EntryPoint\",\"urlTemplate\":\"https:\\\/\\\/keramamueblesdejardin.com\\\/it\\\/?s={search_term_string}\"},\"query-input\":{\"@type\":\"PropertyValueSpecification\",\"valueRequired\":true,\"valueName\":\"search_term_string\"}}],\"inLanguage\":\"it-IT\"},{\"@type\":\"Organization\",\"@id\":\"https:\\\/\\\/keramamueblesdejardin.com\\\/it\\\/#organization\",\"name\":\"kerama\",\"url\":\"https:\\\/\\\/keramamueblesdejardin.com\\\/it\\\/\",\"logo\":{\"@type\":\"ImageObject\",\"inLanguage\":\"it-IT\",\"@id\":\"https:\\\/\\\/keramamueblesdejardin.com\\\/it\\\/#\\\/schema\\\/logo\\\/image\\\/\",\"url\":\"https:\\\/\\\/keramamueblesdejardin.com\\\/wp-content\\\/uploads\\\/2020\\\/12\\\/k.-scaled.jpg\",\"contentUrl\":\"https:\\\/\\\/keramamueblesdejardin.com\\\/wp-content\\\/uploads\\\/2020\\\/12\\\/k.-scaled.jpg\",\"width\":2560,\"height\":551,\"caption\":\"kerama\"},\"image\":{\"@id\":\"https:\\\/\\\/keramamueblesdejardin.com\\\/it\\\/#\\\/schema\\\/logo\\\/image\\\/\"},\"sameAs\":[\"https:\\\/\\\/www.facebook.com\\\/Kerama-Muebles-de-Jard\u00edn-106209328312568\\\/\"]}]}<\/script>\n<!-- \/ Yoast SEO plugin. -->","yoast_head_json":{"title":"Pack 2 Poltrone da giardino con 2 poggiapiedi in legno e corda beige - Riviera - Kerama","robots":{"index":"index","follow":"follow","max-snippet":"max-snippet:-1","max-image-preview":"max-image-preview:large","max-video-preview":"max-video-preview:-1"},"canonical":"https:\/\/keramamueblesdejardin.com\/it\/saloni-allaperto\/divani-da-giardino\/pack-2-poltrone-da-giardino-con-2-poggiapiedi-legno-e-corda-beige-riviera\/","og_locale":"it_IT","og_type":"article","og_title":"Pack 2 Poltrone da giardino con 2 poggiapiedi in legno e corda beige - Riviera - Kerama","og_description":"Set di 2 poltrone da giardino e poggiapiedi  Realizzato in legno di acacia di colore chiaro con corda di poliestere intrecciata a mano  Cuscini in poliestere beige  Legno certificato FSC","og_url":"https:\/\/keramamueblesdejardin.com\/it\/saloni-allaperto\/divani-da-giardino\/pack-2-poltrone-da-giardino-con-2-poggiapiedi-legno-e-corda-beige-riviera\/","og_site_name":"Kerama","article_publisher":"https:\/\/www.facebook.com\/Kerama-Muebles-de-Jard%c3%adn-106209328312568\/","article_modified_time":"2025-03-07T11:25:58+00:00","og_image":[{"width":1200,"height":1200,"url":"https:\/\/keramamueblesdejardin.com\/wp-content\/uploads\/2024\/04\/riviera-2-repo.jpg","type":"image\/jpeg"}],"twitter_card":"summary_large_image","twitter_misc":{"Tempo di lettura stimato":"1 minuto"},"schema":{"@context":"https:\/\/schema.org","@graph":[{"@type":"WebPage","@id":"https:\/\/keramamueblesdejardin.com\/it\/saloni-allaperto\/divani-da-giardino\/pack-2-poltrone-da-giardino-con-2-poggiapiedi-legno-e-corda-beige-riviera\/","url":"https:\/\/keramamueblesdejardin.com\/it\/saloni-allaperto\/divani-da-giardino\/pack-2-poltrone-da-giardino-con-2-poggiapiedi-legno-e-corda-beige-riviera\/","name":"Pack 2 Poltrone da giardino con 2 poggiapiedi in legno e corda beige - Riviera - Kerama","isPartOf":{"@id":"https:\/\/keramamueblesdejardin.com\/it\/#website"},"primaryImageOfPage":{"@id":"https:\/\/keramamueblesdejardin.com\/it\/saloni-allaperto\/divani-da-giardino\/pack-2-poltrone-da-giardino-con-2-poggiapiedi-legno-e-corda-beige-riviera\/#primaryimage"},"image":{"@id":"https:\/\/keramamueblesdejardin.com\/it\/saloni-allaperto\/divani-da-giardino\/pack-2-poltrone-da-giardino-con-2-poggiapiedi-legno-e-corda-beige-riviera\/#primaryimage"},"thumbnailUrl":"https:\/\/keramamueblesdejardin.com\/wp-content\/uploads\/2024\/04\/riviera-2-repo.jpg","datePublished":"2024-04-02T14:09:23+00:00","dateModified":"2025-03-07T11:25:58+00:00","breadcrumb":{"@id":"https:\/\/keramamueblesdejardin.com\/it\/saloni-allaperto\/divani-da-giardino\/pack-2-poltrone-da-giardino-con-2-poggiapiedi-legno-e-corda-beige-riviera\/#breadcrumb"},"inLanguage":"it-IT","potentialAction":[{"@type":"ReadAction","target":["https:\/\/keramamueblesdejardin.com\/it\/saloni-allaperto\/divani-da-giardino\/pack-2-poltrone-da-giardino-con-2-poggiapiedi-legno-e-corda-beige-riviera\/"]}]},{"@type":"ImageObject","inLanguage":"it-IT","@id":"https:\/\/keramamueblesdejardin.com\/it\/saloni-allaperto\/divani-da-giardino\/pack-2-poltrone-da-giardino-con-2-poggiapiedi-legno-e-corda-beige-riviera\/#primaryimage","url":"https:\/\/keramamueblesdejardin.com\/wp-content\/uploads\/2024\/04\/riviera-2-repo.jpg","contentUrl":"https:\/\/keramamueblesdejardin.com\/wp-content\/uploads\/2024\/04\/riviera-2-repo.jpg","width":1200,"height":1200},{"@type":"BreadcrumbList","@id":"https:\/\/keramamueblesdejardin.com\/it\/saloni-allaperto\/divani-da-giardino\/pack-2-poltrone-da-giardino-con-2-poggiapiedi-legno-e-corda-beige-riviera\/#breadcrumb","itemListElement":[{"@type":"ListItem","position":1,"name":"Home","item":"https:\/\/keramamueblesdejardin.com\/it\/"},{"@type":"ListItem","position":2,"name":"Negozio","item":"https:\/\/keramamueblesdejardin.com\/it\/negozio\/"},{"@type":"ListItem","position":3,"name":"Saloni all'aperto","item":"https:\/\/keramamueblesdejardin.com\/it\/saloni-allaperto\/"},{"@type":"ListItem","position":4,"name":"Divani da giardino","item":"https:\/\/keramamueblesdejardin.com\/it\/saloni-allaperto\/divani-da-giardino\/"},{"@type":"ListItem","position":5,"name":"Pack 2 Poltrone da giardino con 2 poggiapiedi in legno e corda beige &#8211; Riviera"}]},{"@type":"WebSite","@id":"https:\/\/keramamueblesdejardin.com\/it\/#website","url":"https:\/\/keramamueblesdejardin.com\/it\/","name":"Kerama","description":"muebles de jard\u00edn","publisher":{"@id":"https:\/\/keramamueblesdejardin.com\/it\/#organization"},"potentialAction":[{"@type":"SearchAction","target":{"@type":"EntryPoint","urlTemplate":"https:\/\/keramamueblesdejardin.com\/it\/?s={search_term_string}"},"query-input":{"@type":"PropertyValueSpecification","valueRequired":true,"valueName":"search_term_string"}}],"inLanguage":"it-IT"},{"@type":"Organization","@id":"https:\/\/keramamueblesdejardin.com\/it\/#organization","name":"kerama","url":"https:\/\/keramamueblesdejardin.com\/it\/","logo":{"@type":"ImageObject","inLanguage":"it-IT","@id":"https:\/\/keramamueblesdejardin.com\/it\/#\/schema\/logo\/image\/","url":"https:\/\/keramamueblesdejardin.com\/wp-content\/uploads\/2020\/12\/k.-scaled.jpg","contentUrl":"https:\/\/keramamueblesdejardin.com\/wp-content\/uploads\/2020\/12\/k.-scaled.jpg","width":2560,"height":551,"caption":"kerama"},"image":{"@id":"https:\/\/keramamueblesdejardin.com\/it\/#\/schema\/logo\/image\/"},"sameAs":["https:\/\/www.facebook.com\/Kerama-Muebles-de-Jard\u00edn-106209328312568\/"]}]}},"df_price":869,"df_sale_price":869,"df_regular_price":931,"df_image_link":"https:\/\/keramamueblesdejardin.com\/wp-content\/uploads\/2024\/04\/riviera-2-repo-300x300.jpg","custom_tabs":[{"title":"MISURAZIONE","id":"misurazione","content":"<div class=\"list\"><strong style=\"font-weight: bold; color: #282828;\">Altezza:<\/strong><span style=\"color: #282828;\"> Poltrona 68,5 cm \/ Tavolo 53 cm \/ Poggiapiedi 42 cm<\/span><br style=\"color: #282828;\"><strong style=\"font-weight: bold; color: #282828;\">Larghezza:<\/strong><span style=\"color: #282828;\"> Poltrona 79 cm \/ Tavolo 40 cm \/ Poggiapiedi 40 cm<\/span><br style=\"color: #282828;\"><strong style=\"font-weight: bold; color: #282828;\">Lunghezza<\/strong><span style=\"color: #282828;\">: Poltrona 73 cm \/ Tavolo 40 cm \/ Poggiapiedi 50cm<\/span><\/div>"},{"title":"DISIMBALLAGGIO E MONTAGGIO","id":"disimballaggio-e-assemblaggio","content":"<div class=\"list\"><strong style=\"font-weight: bold; color: #282828;\">Raccomandazioni per<\/strong> il disimballaggio: <span style=\"color: #282828;\"> Non utilizzare utensili affilati durante il disimballaggio dei mobili in quanto potrebbe causare danni<\/span><br style=\"color: #282828;\"><strong style=\"font-weight: bold; color: #282828;\">Richiede il montaggio (s\u00ec\/no):<\/strong><span style=\"color: #282828;\"> S\u00ec<\/span><br style=\"color: #282828;\"><strong style=\"font-weight: bold; color: #282828;\">Difficolt\u00e0 di montaggio:<\/strong><span style=\"color: #282828;\"> Bassa<\/span><br style=\"color: #282828;\"><strong style=\"font-weight: bold; color: #282828;\">Tempo di assemblaggio:<\/strong><span style=\"color: #282828;\"> 60 minuti<\/span><br style=\"color: #282828;\"><strong style=\"font-weight: bold; color: #282828;\">Persone consigliate per il montaggio:<\/strong><span style=\"color: #282828;\"> 2<\/span><br style=\"color: #282828;\"><strong style=\"font-weight: bold; color: #282828;\">Suggerimenti di montaggio:<\/strong><span style=\"color: #282828;\">  Preparare un'area di assemblaggio pulita e asciutta, verificare che nessuna delle parti indicate nel manuale manchi. Si consiglia di indossare guanti adatti al montaggio. Utilizzare solo le parti e l'hardware in dotazione.<\/span><\/div>"},{"title":"MANUTENZIONE E GARANZIE","id":"manutenzione-e-garanzie","content":"<strong>Raccomandazioni generali:<\/strong>\n\u2022 Guasti o danni causati da:\n\u2022 Cause accidentali come cadute, colpi, fuoriuscite di liquidi, introduzione di corpi estranei, nonch\u00e9 qualsiasi altra causa di forza maggiore.\n\u2022 Uso negligente, improprio o non domestico.\n\u2022 Danni, corrosione e\/o ossidazione accelerati da condizioni ambientali avverse\n\u2022 Macchie e scolorimenti dovuti al mancato rispetto delle nostre istruzioni di pulizia\n\u2022 Danni verificatisi durante il montaggio e la manipolazione senza aver seguito le istruzioni di montaggio indicate.\n<strong>Istruzioni per l'uso e la manutenzione:<\/strong>\n\u2022 Pulire delicatamente con l'aiuto di un panno o utilizzare un sapone liquido neutro, risciacquando con abbondante acqua.\n\u2022 Rimuovere regolarmente la polvere con l'aiuto di un panno morbido e acqua pulita.\n\u2022 Non utilizzare detergenti o prodotti abrasivi per la pulizia.\n\u2022 Trattamento con olio di lino: Prima di applicare uno strato di olio di lino sul prodotto allo stato naturale \u00e8 consigliabile lasciarlo all'esterno per 2 o 3 settimane, in modo da assumere un aspetto omogeneo e aerarlo. Pulire con acqua pulita usando un pennello e lasciare asciugare. Una volta ben asciutto, va carteggiato con una carta vetrata di grammatura tra 120 e 150 con cura e senza stringere, seguendo, per quanto possibile, la direzione delle vene; Questa operazione non viene mai eseguita nelle prime ore del giorno.\nPer mantenere il colore \u00e8 consigliabile ripetere il processo una o due volte l'anno.\nSe l'olio di lino \u00e8 gi\u00e0 stato applicato ai mobili \u00e8 consigliabile carteggiarlo ogni tre anni in modo che gli strati successivi di olio non impediscano la traspirazione del legno.\n<strong>Anni di garanzia:<\/strong> 3 anni\n<strong>Prodotto secondo lo standard:<\/strong> 581-1,581-2,581-3\n<strong>Certificazione FSC (s\u00ec\/no):<\/strong> S\u00ec"}],"_links":{"self":[{"href":"https:\/\/keramamueblesdejardin.com\/it\/wp-json\/wp\/v2\/product\/153521","targetHints":{"allow":["GET"]}}],"collection":[{"href":"https:\/\/keramamueblesdejardin.com\/it\/wp-json\/wp\/v2\/product"}],"about":[{"href":"https:\/\/keramamueblesdejardin.com\/it\/wp-json\/wp\/v2\/types\/product"}],"replies":[{"embeddable":true,"href":"https:\/\/keramamueblesdejardin.com\/it\/wp-json\/wp\/v2\/comments?post=153521"}],"wp:featuredmedia":[{"embeddable":true,"href":"https:\/\/keramamueblesdejardin.com\/it\/wp-json\/wp\/v2\/media\/149923"}],"wp:attachment":[{"href":"https:\/\/keramamueblesdejardin.com\/it\/wp-json\/wp\/v2\/media?parent=153521"}],"wp:term":[{"taxonomy":"product_brand","embeddable":true,"href":"https:\/\/keramamueblesdejardin.com\/it\/wp-json\/wp\/v2\/product_brand?post=153521"},{"taxonomy":"product_cat","embeddable":true,"href":"https:\/\/keramamueblesdejardin.com\/it\/wp-json\/wp\/v2\/product_cat?post=153521"},{"taxonomy":"product_tag","embeddable":true,"href":"https:\/\/keramamueblesdejardin.com\/it\/wp-json\/wp\/v2\/product_tag?post=153521"}],"curies":[{"name":"wp","href":"https:\/\/api.w.org\/{rel}","templated":true}]}}