{"id":147190,"date":"2024-04-02T16:04:12","date_gmt":"2024-04-02T14:04:12","guid":{"rendered":"https:\/\/keramamueblesdejardin.com\/senza-categoria\/set-poltrona-e-poggiapiedi-in-teak-bolzano\/"},"modified":"2025-01-02T13:25:31","modified_gmt":"2025-01-02T12:25:31","slug":"poltrona-e-poggiapiedi-da-giardino-in-teak-bolzano","status":"publish","type":"product","link":"https:\/\/keramamueblesdejardin.com\/it\/saloni-allaperto\/set-da-giardino\/poltrona-e-poggiapiedi-da-giardino-in-teak-bolzano\/","title":{"rendered":"Set poltrona e poggiapiedi in teak &#8211; Bolzano"},"content":{"rendered":"<p>Set da giardino per famiglie Bolzano composto da 1 poltrona e 1 poggiapiedi. La collezione \u00e8 stata progettata per offrire dimensioni spaziose e confortevoli pur essendo robusta e stabile. La struttura dei mobili Bolzano \u00e8 realizzata in legno di teak che viene rivestito con corda olefinica color sabbia intrecciata a mano dai nostri artigiani. Le fodere dei cuscini della collezione Bolzano sono rivestite con uno speciale tessuto olefinico per esterni. Il tavolo ha una struttura in legno di teak e un piano in alluminio verniciato nel colore moka della famosa casa di verniciatura Tiger, che lo rende un pezzo unico. Il mobile viene fornito assemblato e non necessita di montaggio. Dimensioni e specifiche: Poltrona: 81 x 88 x 65,8 cm (larghezza x profondit\u00e0 x altezza) Poggiapiedi: 60 x 52 x 38 cm (larghezza x profondit\u00e0 x altezza) Spessore cuscino: 16 cm. Altezza seduta da terra (con spessore cuscino incluso): 38 cm. Altezza del bracciolo da terra: 53 cm.<\/p>\n","protected":false},"excerpt":{"rendered":"<ul>\n<li>Struttura in teak certificata FSC<\/li>\n<li>Corda olefinica di colore grigio<\/li>\n<li>Cuscini resistenti al sole, sfoderabili e lavabili<\/li>\n<\/ul>\n","protected":false},"featured_media":147152,"comment_status":"closed","ping_status":"closed","template":"","meta":{"_acf_changed":false},"product_brand":[],"product_cat":[2812,2806],"product_tag":[2778,4831,3681,2784],"class_list":{"0":"post-147190","1":"product","2":"type-product","3":"status-publish","4":"has-post-thumbnail","6":"product_cat-saloni-allaperto","7":"product_cat-set-da-giardino","8":"product_tag-ampi-spazi","9":"product_tag-bolzano-it","10":"product_tag-corda-it","11":"product_tag-legno","12":"product_shipping_class-envio-gratuito-it","13":"pa_alto-66-it","14":"pa_ancho-80-it","15":"pa_asientos-1-it","16":"pa_caracteristicas-coperture-lavabili","17":"pa_coleccion-bolzano-it","18":"pa_espacio-096-it","19":"pa_largo-120-it","20":"pa_m2-096-it","21":"pa_material-corda","22":"pa_material-legno","23":"pa_tamano-espacio-grande-it","25":"first","26":"instock","27":"sale","28":"purchasable","29":"product-type-simple","30":"add-to-wishlist-before_image"},"acf":[],"yoast_head":"<!-- This site is optimized with the Yoast SEO plugin v27.2 - https:\/\/yoast.com\/product\/yoast-seo-wordpress\/ -->\n<title>Set poltrona e poggiapiedi in teak - Bolzano - Kerama<\/title>\n<meta name=\"robots\" content=\"index, follow, max-snippet:-1, max-image-preview:large, max-video-preview:-1\" \/>\n<link rel=\"canonical\" href=\"https:\/\/keramamueblesdejardin.com\/it\/saloni-allaperto\/set-da-giardino\/poltrona-e-poggiapiedi-da-giardino-in-teak-bolzano\/\" \/>\n<meta property=\"og:locale\" content=\"it_IT\" \/>\n<meta property=\"og:type\" content=\"article\" \/>\n<meta property=\"og:title\" content=\"Set poltrona e poggiapiedi in teak - Bolzano - Kerama\" \/>\n<meta property=\"og:description\" content=\"Struttura in teak certificata FSC  Corda olefinica di colore grigio  Cuscini resistenti al sole, sfoderabili e lavabili\" \/>\n<meta property=\"og:url\" content=\"https:\/\/keramamueblesdejardin.com\/it\/saloni-allaperto\/set-da-giardino\/poltrona-e-poggiapiedi-da-giardino-in-teak-bolzano\/\" \/>\n<meta property=\"og:site_name\" content=\"Kerama\" \/>\n<meta property=\"article:publisher\" content=\"https:\/\/www.facebook.com\/Kerama-Muebles-de-Jard%c3%adn-106209328312568\/\" \/>\n<meta property=\"article:modified_time\" content=\"2025-01-02T12:25:31+00:00\" \/>\n<meta property=\"og:image\" content=\"https:\/\/keramamueblesdejardin.com\/wp-content\/uploads\/2024\/04\/bolzano-2.jpg\" \/>\n\t<meta property=\"og:image:width\" content=\"1200\" \/>\n\t<meta property=\"og:image:height\" content=\"1200\" \/>\n\t<meta property=\"og:image:type\" content=\"image\/jpeg\" \/>\n<meta name=\"twitter:card\" content=\"summary_large_image\" \/>\n<meta name=\"twitter:label1\" content=\"Tempo di lettura stimato\" \/>\n\t<meta name=\"twitter:data1\" content=\"1 minuto\" \/>\n<script type=\"application\/ld+json\" class=\"yoast-schema-graph\">{\"@context\":\"https:\/\/schema.org\",\"@graph\":[{\"@type\":\"WebPage\",\"@id\":\"https:\/\/keramamueblesdejardin.com\/it\/saloni-allaperto\/set-da-giardino\/poltrona-e-poggiapiedi-da-giardino-in-teak-bolzano\/\",\"url\":\"https:\/\/keramamueblesdejardin.com\/it\/saloni-allaperto\/set-da-giardino\/poltrona-e-poggiapiedi-da-giardino-in-teak-bolzano\/\",\"name\":\"Set poltrona e poggiapiedi in teak - Bolzano - Kerama\",\"isPartOf\":{\"@id\":\"https:\/\/keramamueblesdejardin.com\/it\/#website\"},\"primaryImageOfPage\":{\"@id\":\"https:\/\/keramamueblesdejardin.com\/it\/saloni-allaperto\/set-da-giardino\/poltrona-e-poggiapiedi-da-giardino-in-teak-bolzano\/#primaryimage\"},\"image\":{\"@id\":\"https:\/\/keramamueblesdejardin.com\/it\/saloni-allaperto\/set-da-giardino\/poltrona-e-poggiapiedi-da-giardino-in-teak-bolzano\/#primaryimage\"},\"thumbnailUrl\":\"https:\/\/keramamueblesdejardin.com\/wp-content\/uploads\/2024\/04\/bolzano-2.jpg\",\"datePublished\":\"2024-04-02T14:04:12+00:00\",\"dateModified\":\"2025-01-02T12:25:31+00:00\",\"breadcrumb\":{\"@id\":\"https:\/\/keramamueblesdejardin.com\/it\/saloni-allaperto\/set-da-giardino\/poltrona-e-poggiapiedi-da-giardino-in-teak-bolzano\/#breadcrumb\"},\"inLanguage\":\"it-IT\",\"potentialAction\":[{\"@type\":\"ReadAction\",\"target\":[\"https:\/\/keramamueblesdejardin.com\/it\/saloni-allaperto\/set-da-giardino\/poltrona-e-poggiapiedi-da-giardino-in-teak-bolzano\/\"]}]},{\"@type\":\"ImageObject\",\"inLanguage\":\"it-IT\",\"@id\":\"https:\/\/keramamueblesdejardin.com\/it\/saloni-allaperto\/set-da-giardino\/poltrona-e-poggiapiedi-da-giardino-in-teak-bolzano\/#primaryimage\",\"url\":\"https:\/\/keramamueblesdejardin.com\/wp-content\/uploads\/2024\/04\/bolzano-2.jpg\",\"contentUrl\":\"https:\/\/keramamueblesdejardin.com\/wp-content\/uploads\/2024\/04\/bolzano-2.jpg\",\"width\":1200,\"height\":1200},{\"@type\":\"BreadcrumbList\",\"@id\":\"https:\/\/keramamueblesdejardin.com\/it\/saloni-allaperto\/set-da-giardino\/poltrona-e-poggiapiedi-da-giardino-in-teak-bolzano\/#breadcrumb\",\"itemListElement\":[{\"@type\":\"ListItem\",\"position\":1,\"name\":\"Home\",\"item\":\"https:\/\/keramamueblesdejardin.com\/it\/\"},{\"@type\":\"ListItem\",\"position\":2,\"name\":\"Negozio\",\"item\":\"https:\/\/keramamueblesdejardin.com\/it\/negozio\/\"},{\"@type\":\"ListItem\",\"position\":3,\"name\":\"Saloni all'aperto\",\"item\":\"https:\/\/keramamueblesdejardin.com\/it\/saloni-allaperto\/\"},{\"@type\":\"ListItem\",\"position\":4,\"name\":\"Set da giardino\",\"item\":\"https:\/\/keramamueblesdejardin.com\/it\/saloni-allaperto\/set-da-giardino\/\"},{\"@type\":\"ListItem\",\"position\":5,\"name\":\"Set poltrona e poggiapiedi in teak &#8211; Bolzano\"}]},{\"@type\":\"WebSite\",\"@id\":\"https:\/\/keramamueblesdejardin.com\/it\/#website\",\"url\":\"https:\/\/keramamueblesdejardin.com\/it\/\",\"name\":\"Kerama\",\"description\":\"muebles de jard\u00edn\",\"publisher\":{\"@id\":\"https:\/\/keramamueblesdejardin.com\/it\/#organization\"},\"potentialAction\":[{\"@type\":\"SearchAction\",\"target\":{\"@type\":\"EntryPoint\",\"urlTemplate\":\"https:\/\/keramamueblesdejardin.com\/it\/?s={search_term_string}\"},\"query-input\":{\"@type\":\"PropertyValueSpecification\",\"valueRequired\":true,\"valueName\":\"search_term_string\"}}],\"inLanguage\":\"it-IT\"},{\"@type\":\"Organization\",\"@id\":\"https:\/\/keramamueblesdejardin.com\/it\/#organization\",\"name\":\"kerama\",\"url\":\"https:\/\/keramamueblesdejardin.com\/it\/\",\"logo\":{\"@type\":\"ImageObject\",\"inLanguage\":\"it-IT\",\"@id\":\"https:\/\/keramamueblesdejardin.com\/it\/#\/schema\/logo\/image\/\",\"url\":\"https:\/\/keramamueblesdejardin.com\/wp-content\/uploads\/2020\/12\/k.-scaled.jpg\",\"contentUrl\":\"https:\/\/keramamueblesdejardin.com\/wp-content\/uploads\/2020\/12\/k.-scaled.jpg\",\"width\":2560,\"height\":551,\"caption\":\"kerama\"},\"image\":{\"@id\":\"https:\/\/keramamueblesdejardin.com\/it\/#\/schema\/logo\/image\/\"},\"sameAs\":[\"https:\/\/www.facebook.com\/Kerama-Muebles-de-Jard\u00edn-106209328312568\/\"]}]}<\/script>\n<!-- \/ Yoast SEO plugin. -->","yoast_head_json":{"title":"Set poltrona e poggiapiedi in teak - Bolzano - Kerama","robots":{"index":"index","follow":"follow","max-snippet":"max-snippet:-1","max-image-preview":"max-image-preview:large","max-video-preview":"max-video-preview:-1"},"canonical":"https:\/\/keramamueblesdejardin.com\/it\/saloni-allaperto\/set-da-giardino\/poltrona-e-poggiapiedi-da-giardino-in-teak-bolzano\/","og_locale":"it_IT","og_type":"article","og_title":"Set poltrona e poggiapiedi in teak - Bolzano - Kerama","og_description":"Struttura in teak certificata FSC  Corda olefinica di colore grigio  Cuscini resistenti al sole, sfoderabili e lavabili","og_url":"https:\/\/keramamueblesdejardin.com\/it\/saloni-allaperto\/set-da-giardino\/poltrona-e-poggiapiedi-da-giardino-in-teak-bolzano\/","og_site_name":"Kerama","article_publisher":"https:\/\/www.facebook.com\/Kerama-Muebles-de-Jard%c3%adn-106209328312568\/","article_modified_time":"2025-01-02T12:25:31+00:00","og_image":[{"width":1200,"height":1200,"url":"https:\/\/keramamueblesdejardin.com\/wp-content\/uploads\/2024\/04\/bolzano-2.jpg","type":"image\/jpeg"}],"twitter_card":"summary_large_image","twitter_misc":{"Tempo di lettura stimato":"1 minuto"},"schema":{"@context":"https:\/\/schema.org","@graph":[{"@type":"WebPage","@id":"https:\/\/keramamueblesdejardin.com\/it\/saloni-allaperto\/set-da-giardino\/poltrona-e-poggiapiedi-da-giardino-in-teak-bolzano\/","url":"https:\/\/keramamueblesdejardin.com\/it\/saloni-allaperto\/set-da-giardino\/poltrona-e-poggiapiedi-da-giardino-in-teak-bolzano\/","name":"Set poltrona e poggiapiedi in teak - Bolzano - Kerama","isPartOf":{"@id":"https:\/\/keramamueblesdejardin.com\/it\/#website"},"primaryImageOfPage":{"@id":"https:\/\/keramamueblesdejardin.com\/it\/saloni-allaperto\/set-da-giardino\/poltrona-e-poggiapiedi-da-giardino-in-teak-bolzano\/#primaryimage"},"image":{"@id":"https:\/\/keramamueblesdejardin.com\/it\/saloni-allaperto\/set-da-giardino\/poltrona-e-poggiapiedi-da-giardino-in-teak-bolzano\/#primaryimage"},"thumbnailUrl":"https:\/\/keramamueblesdejardin.com\/wp-content\/uploads\/2024\/04\/bolzano-2.jpg","datePublished":"2024-04-02T14:04:12+00:00","dateModified":"2025-01-02T12:25:31+00:00","breadcrumb":{"@id":"https:\/\/keramamueblesdejardin.com\/it\/saloni-allaperto\/set-da-giardino\/poltrona-e-poggiapiedi-da-giardino-in-teak-bolzano\/#breadcrumb"},"inLanguage":"it-IT","potentialAction":[{"@type":"ReadAction","target":["https:\/\/keramamueblesdejardin.com\/it\/saloni-allaperto\/set-da-giardino\/poltrona-e-poggiapiedi-da-giardino-in-teak-bolzano\/"]}]},{"@type":"ImageObject","inLanguage":"it-IT","@id":"https:\/\/keramamueblesdejardin.com\/it\/saloni-allaperto\/set-da-giardino\/poltrona-e-poggiapiedi-da-giardino-in-teak-bolzano\/#primaryimage","url":"https:\/\/keramamueblesdejardin.com\/wp-content\/uploads\/2024\/04\/bolzano-2.jpg","contentUrl":"https:\/\/keramamueblesdejardin.com\/wp-content\/uploads\/2024\/04\/bolzano-2.jpg","width":1200,"height":1200},{"@type":"BreadcrumbList","@id":"https:\/\/keramamueblesdejardin.com\/it\/saloni-allaperto\/set-da-giardino\/poltrona-e-poggiapiedi-da-giardino-in-teak-bolzano\/#breadcrumb","itemListElement":[{"@type":"ListItem","position":1,"name":"Home","item":"https:\/\/keramamueblesdejardin.com\/it\/"},{"@type":"ListItem","position":2,"name":"Negozio","item":"https:\/\/keramamueblesdejardin.com\/it\/negozio\/"},{"@type":"ListItem","position":3,"name":"Saloni all'aperto","item":"https:\/\/keramamueblesdejardin.com\/it\/saloni-allaperto\/"},{"@type":"ListItem","position":4,"name":"Set da giardino","item":"https:\/\/keramamueblesdejardin.com\/it\/saloni-allaperto\/set-da-giardino\/"},{"@type":"ListItem","position":5,"name":"Set poltrona e poggiapiedi in teak &#8211; Bolzano"}]},{"@type":"WebSite","@id":"https:\/\/keramamueblesdejardin.com\/it\/#website","url":"https:\/\/keramamueblesdejardin.com\/it\/","name":"Kerama","description":"muebles de jard\u00edn","publisher":{"@id":"https:\/\/keramamueblesdejardin.com\/it\/#organization"},"potentialAction":[{"@type":"SearchAction","target":{"@type":"EntryPoint","urlTemplate":"https:\/\/keramamueblesdejardin.com\/it\/?s={search_term_string}"},"query-input":{"@type":"PropertyValueSpecification","valueRequired":true,"valueName":"search_term_string"}}],"inLanguage":"it-IT"},{"@type":"Organization","@id":"https:\/\/keramamueblesdejardin.com\/it\/#organization","name":"kerama","url":"https:\/\/keramamueblesdejardin.com\/it\/","logo":{"@type":"ImageObject","inLanguage":"it-IT","@id":"https:\/\/keramamueblesdejardin.com\/it\/#\/schema\/logo\/image\/","url":"https:\/\/keramamueblesdejardin.com\/wp-content\/uploads\/2020\/12\/k.-scaled.jpg","contentUrl":"https:\/\/keramamueblesdejardin.com\/wp-content\/uploads\/2020\/12\/k.-scaled.jpg","width":2560,"height":551,"caption":"kerama"},"image":{"@id":"https:\/\/keramamueblesdejardin.com\/it\/#\/schema\/logo\/image\/"},"sameAs":["https:\/\/www.facebook.com\/Kerama-Muebles-de-Jard\u00edn-106209328312568\/"]}]}},"df_price":999,"df_sale_price":999,"df_regular_price":1208,"df_image_link":"https:\/\/keramamueblesdejardin.com\/wp-content\/uploads\/2024\/04\/bolzano-2-300x300.jpg","custom_tabs":[{"title":"MISURAZIONE","id":"misurazione","content":"<div class=\"list\"><strong>Altezza:<\/strong> poltrona 66 cm \/\/ pouf 38 cm\n<strong>Larghezza:<\/strong> poltrona 68 cm \/\/ pouf 52 cm\n<strong>Profondit\u00e0:<\/strong> poltrona 81 cm \/\/ pouf 60 cm<\/div>"},{"title":"DISIMBALLAGGIO E MONTAGGIO","id":"disimballaggio-e-assemblaggio","content":"<div class=\"list\"><strong style=\"font-weight: bold; color: #282828;\">Raccomandazioni per<\/strong> il disimballaggio: <span style=\"color: #282828;\"> Non utilizzare utensili affilati durante il disimballaggio dei mobili in quanto potrebbe causare danni<\/span><br style=\"color: #282828;\"><strong style=\"font-weight: bold; color: #282828;\">Richiede il montaggio (s\u00ec\/no):<\/strong><span style=\"color: #282828;\"> No<\/span><\/div>"},{"title":"MANUTENZIONE E GARANZIE","id":"manutenzione-e-garanzie","content":"<strong>Raccomandazioni generali:<\/strong>\n\u2022 Guasti o danni causati da:\n\u2022 Cause accidentali come cadute, colpi, fuoriuscite di liquidi, introduzione di corpi estranei, nonch\u00e9 qualsiasi altra causa di forza maggiore.\n\u2022 Uso negligente, improprio o non domestico.\n\u2022 Danni, corrosione e\/o ossidazione accelerati da condizioni ambientali avverse\n\u2022 Macchie e scolorimenti dovuti al mancato rispetto delle nostre istruzioni di pulizia\n\u2022 Danni verificatisi durante il montaggio e la manipolazione senza aver seguito le istruzioni di montaggio indicate.\n<strong>Istruzioni per l'uso e la manutenzione:<\/strong>\n\u2022 Pulire delicatamente con l'aiuto di un panno o utilizzare un sapone liquido neutro, risciacquando con abbondante acqua.\n\u2022 Rimuovere regolarmente la polvere con l'aiuto di un panno morbido e acqua pulita.\n\u2022 Non utilizzare detergenti o prodotti abrasivi per la pulizia.\n\u2022 Trattamento con olio di lino: Prima di applicare uno strato di olio di lino sul prodotto allo stato naturale \u00e8 consigliabile lasciarlo all'esterno per 2 o 3 settimane, in modo da assumere un aspetto omogeneo e aerarlo. Pulire con acqua pulita usando un pennello e lasciare asciugare. Una volta ben asciutto, va carteggiato con una carta vetrata di grammatura tra 120 e 150 con cura e senza stringere, seguendo, per quanto possibile, la direzione delle vene; Questa operazione non viene mai eseguita nelle prime ore del giorno.\nPer mantenere il colore \u00e8 consigliabile ripetere il processo una o due volte l'anno.\nSe l'olio di lino \u00e8 gi\u00e0 stato applicato ai mobili \u00e8 consigliabile carteggiarlo ogni tre anni in modo che gli strati successivi di olio non impediscano la traspirazione del legno.\n<strong>Anni di garanzia:<\/strong> 3 anni\n<strong>Prodotto secondo lo standard:<\/strong> 581-1,581-2,581-3\n<strong>Certificazione FSC (s\u00ec\/no):<\/strong> S\u00ec"}],"_links":{"self":[{"href":"https:\/\/keramamueblesdejardin.com\/it\/wp-json\/wp\/v2\/product\/147190","targetHints":{"allow":["GET"]}}],"collection":[{"href":"https:\/\/keramamueblesdejardin.com\/it\/wp-json\/wp\/v2\/product"}],"about":[{"href":"https:\/\/keramamueblesdejardin.com\/it\/wp-json\/wp\/v2\/types\/product"}],"replies":[{"embeddable":true,"href":"https:\/\/keramamueblesdejardin.com\/it\/wp-json\/wp\/v2\/comments?post=147190"}],"wp:featuredmedia":[{"embeddable":true,"href":"https:\/\/keramamueblesdejardin.com\/it\/wp-json\/wp\/v2\/media\/147152"}],"wp:attachment":[{"href":"https:\/\/keramamueblesdejardin.com\/it\/wp-json\/wp\/v2\/media?parent=147190"}],"wp:term":[{"taxonomy":"product_brand","embeddable":true,"href":"https:\/\/keramamueblesdejardin.com\/it\/wp-json\/wp\/v2\/product_brand?post=147190"},{"taxonomy":"product_cat","embeddable":true,"href":"https:\/\/keramamueblesdejardin.com\/it\/wp-json\/wp\/v2\/product_cat?post=147190"},{"taxonomy":"product_tag","embeddable":true,"href":"https:\/\/keramamueblesdejardin.com\/it\/wp-json\/wp\/v2\/product_tag?post=147190"}],"curies":[{"name":"wp","href":"https:\/\/api.w.org\/{rel}","templated":true}]}}