{"id":142036,"date":"2024-01-02T12:34:03","date_gmt":"2024-01-02T11:34:03","guid":{"rendered":"https:\/\/keramamueblesdejardin.com\/senza-categoria\/cucina-da-esterno-in-alluminio-e-teak-nero-127x53cm-ambra\/"},"modified":"2024-07-09T11:59:50","modified_gmt":"2024-07-09T09:59:50","slug":"cucina-da-esterno-alluminio-nero-e-teak-127x53cm-ambra","status":"publish","type":"product","link":"https:\/\/keramamueblesdejardin.com\/it\/sin-categoria\/cucina-da-esterno-alluminio-nero-e-teak-127x53cm-ambra\/","title":{"rendered":"Cucina da esterno in alluminio e teak nero 127x53cm &#8211; Ambra"},"content":{"rendered":"<p>Cucina da esterno ambrata realizzata in alluminio nero e teak che misura 127x53x95cm di altezza. La cucina da giardino \u00e8 dotata di lavello in acciaio inox con rubinetto e piano di lavoro in teak. La cucina Amber include 2 vassoi nella parte inferiore per offrirti spazio extra, i materiali utilizzati hanno una grande durata e sono molto resistenti ai climi avversi. Ha una copertura per coprirlo.<\/p>\n","protected":false},"excerpt":{"rendered":"<p>&#8220;<\/p>\n<ul>\n<li>Cucina da giardino in alluminio e teak<\/li>\n<li>Lavello in acciaio inossidabile, piano di lavoro in teak e spazio di archiviazione<\/li>\n<li>Tutto il legno utilizzato \u00e8 certificato FSC<\/li>\n<li>Misure: 127x53x95cm<\/li>\n<\/ul>\n<p>&#8220;<\/p>\n","protected":false},"featured_media":140697,"comment_status":"closed","ping_status":"closed","template":"","meta":{"_acf_changed":false},"product_brand":[],"product_cat":[41],"product_tag":[2778,4238,4237],"class_list":{"0":"post-142036","1":"product","2":"type-product","3":"status-publish","4":"has-post-thumbnail","6":"product_cat-sin-categoria","7":"product_tag-ampi-spazi","8":"product_tag-portali","9":"product_tag-teak-it","10":"product_shipping_class-envio-gratuito-it","11":"pa_alto-95-it","12":"pa_ancho-53-it","13":"pa_coleccion-ambra","14":"pa_forma-rettangolare","15":"pa_largo-127-it","16":"pa_material-legno-di-teak-alluminio","17":"pa_tamano-espacio-grande-it","19":"first","20":"outofstock","21":"sale","22":"purchasable","23":"product-type-simple","24":"add-to-wishlist-before_image"},"acf":[],"yoast_head":"<!-- This site is optimized with the Yoast SEO plugin v27.2 - https:\/\/yoast.com\/product\/yoast-seo-wordpress\/ -->\n<title>Cucina da esterno in alluminio e teak nero 127x53cm - Ambra - Kerama<\/title>\n<meta name=\"robots\" content=\"index, follow, max-snippet:-1, max-image-preview:large, max-video-preview:-1\" \/>\n<link rel=\"canonical\" href=\"https:\/\/keramamueblesdejardin.com\/it\/sin-categoria\/cucina-da-esterno-alluminio-nero-e-teak-127x53cm-ambra\/\" \/>\n<meta property=\"og:locale\" content=\"it_IT\" \/>\n<meta property=\"og:type\" content=\"article\" \/>\n<meta property=\"og:title\" content=\"Cucina da esterno in alluminio e teak nero 127x53cm - Ambra - Kerama\" \/>\n<meta property=\"og:description\" content=\"&quot; Cucina da giardino in alluminio e teak Lavello in acciaio inossidabile, piano di lavoro in teak e spazio di archiviazione Tutto il legno utilizzato \u00e8 certificato FSC Misure: 127x53x95cm &quot;\" \/>\n<meta property=\"og:url\" content=\"https:\/\/keramamueblesdejardin.com\/it\/sin-categoria\/cucina-da-esterno-alluminio-nero-e-teak-127x53cm-ambra\/\" \/>\n<meta property=\"og:site_name\" content=\"Kerama\" \/>\n<meta property=\"article:publisher\" content=\"https:\/\/www.facebook.com\/Kerama-Muebles-de-Jard%c3%adn-106209328312568\/\" \/>\n<meta property=\"article:modified_time\" content=\"2024-07-09T09:59:50+00:00\" \/>\n<meta property=\"og:image\" content=\"https:\/\/keramamueblesdejardin.com\/wp-content\/uploads\/2024\/01\/amber-1.jpg\" \/>\n\t<meta property=\"og:image:width\" content=\"800\" \/>\n\t<meta property=\"og:image:height\" content=\"800\" \/>\n\t<meta property=\"og:image:type\" content=\"image\/jpeg\" \/>\n<meta name=\"twitter:card\" content=\"summary_large_image\" \/>\n<script type=\"application\/ld+json\" class=\"yoast-schema-graph\">{\"@context\":\"https:\/\/schema.org\",\"@graph\":[{\"@type\":\"WebPage\",\"@id\":\"https:\/\/keramamueblesdejardin.com\/it\/sin-categoria\/cucina-da-esterno-alluminio-nero-e-teak-127x53cm-ambra\/\",\"url\":\"https:\/\/keramamueblesdejardin.com\/it\/sin-categoria\/cucina-da-esterno-alluminio-nero-e-teak-127x53cm-ambra\/\",\"name\":\"Cucina da esterno in alluminio e teak nero 127x53cm - Ambra - Kerama\",\"isPartOf\":{\"@id\":\"https:\/\/keramamueblesdejardin.com\/it\/#website\"},\"primaryImageOfPage\":{\"@id\":\"https:\/\/keramamueblesdejardin.com\/it\/sin-categoria\/cucina-da-esterno-alluminio-nero-e-teak-127x53cm-ambra\/#primaryimage\"},\"image\":{\"@id\":\"https:\/\/keramamueblesdejardin.com\/it\/sin-categoria\/cucina-da-esterno-alluminio-nero-e-teak-127x53cm-ambra\/#primaryimage\"},\"thumbnailUrl\":\"https:\/\/keramamueblesdejardin.com\/wp-content\/uploads\/2024\/01\/amber-1.jpg\",\"datePublished\":\"2024-01-02T11:34:03+00:00\",\"dateModified\":\"2024-07-09T09:59:50+00:00\",\"breadcrumb\":{\"@id\":\"https:\/\/keramamueblesdejardin.com\/it\/sin-categoria\/cucina-da-esterno-alluminio-nero-e-teak-127x53cm-ambra\/#breadcrumb\"},\"inLanguage\":\"it-IT\",\"potentialAction\":[{\"@type\":\"ReadAction\",\"target\":[\"https:\/\/keramamueblesdejardin.com\/it\/sin-categoria\/cucina-da-esterno-alluminio-nero-e-teak-127x53cm-ambra\/\"]}]},{\"@type\":\"ImageObject\",\"inLanguage\":\"it-IT\",\"@id\":\"https:\/\/keramamueblesdejardin.com\/it\/sin-categoria\/cucina-da-esterno-alluminio-nero-e-teak-127x53cm-ambra\/#primaryimage\",\"url\":\"https:\/\/keramamueblesdejardin.com\/wp-content\/uploads\/2024\/01\/amber-1.jpg\",\"contentUrl\":\"https:\/\/keramamueblesdejardin.com\/wp-content\/uploads\/2024\/01\/amber-1.jpg\",\"width\":800,\"height\":800},{\"@type\":\"BreadcrumbList\",\"@id\":\"https:\/\/keramamueblesdejardin.com\/it\/sin-categoria\/cucina-da-esterno-alluminio-nero-e-teak-127x53cm-ambra\/#breadcrumb\",\"itemListElement\":[{\"@type\":\"ListItem\",\"position\":1,\"name\":\"Home\",\"item\":\"https:\/\/keramamueblesdejardin.com\/it\/\"},{\"@type\":\"ListItem\",\"position\":2,\"name\":\"Negozio\",\"item\":\"https:\/\/keramamueblesdejardin.com\/it\/negozio\/\"},{\"@type\":\"ListItem\",\"position\":3,\"name\":\"Cucine da esterno\",\"item\":\"https:\/\/keramamueblesdejardin.com\/it\/cucine-da-esterno\/\"},{\"@type\":\"ListItem\",\"position\":4,\"name\":\"Cucina da esterno in alluminio e teak nero 127x53cm &#8211; Ambra\"}]},{\"@type\":\"WebSite\",\"@id\":\"https:\/\/keramamueblesdejardin.com\/it\/#website\",\"url\":\"https:\/\/keramamueblesdejardin.com\/it\/\",\"name\":\"Kerama\",\"description\":\"muebles de jard\u00edn\",\"publisher\":{\"@id\":\"https:\/\/keramamueblesdejardin.com\/it\/#organization\"},\"potentialAction\":[{\"@type\":\"SearchAction\",\"target\":{\"@type\":\"EntryPoint\",\"urlTemplate\":\"https:\/\/keramamueblesdejardin.com\/it\/?s={search_term_string}\"},\"query-input\":{\"@type\":\"PropertyValueSpecification\",\"valueRequired\":true,\"valueName\":\"search_term_string\"}}],\"inLanguage\":\"it-IT\"},{\"@type\":\"Organization\",\"@id\":\"https:\/\/keramamueblesdejardin.com\/it\/#organization\",\"name\":\"kerama\",\"url\":\"https:\/\/keramamueblesdejardin.com\/it\/\",\"logo\":{\"@type\":\"ImageObject\",\"inLanguage\":\"it-IT\",\"@id\":\"https:\/\/keramamueblesdejardin.com\/it\/#\/schema\/logo\/image\/\",\"url\":\"https:\/\/keramamueblesdejardin.com\/wp-content\/uploads\/2020\/12\/k.-scaled.jpg\",\"contentUrl\":\"https:\/\/keramamueblesdejardin.com\/wp-content\/uploads\/2020\/12\/k.-scaled.jpg\",\"width\":2560,\"height\":551,\"caption\":\"kerama\"},\"image\":{\"@id\":\"https:\/\/keramamueblesdejardin.com\/it\/#\/schema\/logo\/image\/\"},\"sameAs\":[\"https:\/\/www.facebook.com\/Kerama-Muebles-de-Jard\u00edn-106209328312568\/\"]}]}<\/script>\n<!-- \/ Yoast SEO plugin. -->","yoast_head_json":{"title":"Cucina da esterno in alluminio e teak nero 127x53cm - Ambra - Kerama","robots":{"index":"index","follow":"follow","max-snippet":"max-snippet:-1","max-image-preview":"max-image-preview:large","max-video-preview":"max-video-preview:-1"},"canonical":"https:\/\/keramamueblesdejardin.com\/it\/sin-categoria\/cucina-da-esterno-alluminio-nero-e-teak-127x53cm-ambra\/","og_locale":"it_IT","og_type":"article","og_title":"Cucina da esterno in alluminio e teak nero 127x53cm - Ambra - Kerama","og_description":"\" Cucina da giardino in alluminio e teak Lavello in acciaio inossidabile, piano di lavoro in teak e spazio di archiviazione Tutto il legno utilizzato \u00e8 certificato FSC Misure: 127x53x95cm \"","og_url":"https:\/\/keramamueblesdejardin.com\/it\/sin-categoria\/cucina-da-esterno-alluminio-nero-e-teak-127x53cm-ambra\/","og_site_name":"Kerama","article_publisher":"https:\/\/www.facebook.com\/Kerama-Muebles-de-Jard%c3%adn-106209328312568\/","article_modified_time":"2024-07-09T09:59:50+00:00","og_image":[{"width":800,"height":800,"url":"https:\/\/keramamueblesdejardin.com\/wp-content\/uploads\/2024\/01\/amber-1.jpg","type":"image\/jpeg"}],"twitter_card":"summary_large_image","schema":{"@context":"https:\/\/schema.org","@graph":[{"@type":"WebPage","@id":"https:\/\/keramamueblesdejardin.com\/it\/sin-categoria\/cucina-da-esterno-alluminio-nero-e-teak-127x53cm-ambra\/","url":"https:\/\/keramamueblesdejardin.com\/it\/sin-categoria\/cucina-da-esterno-alluminio-nero-e-teak-127x53cm-ambra\/","name":"Cucina da esterno in alluminio e teak nero 127x53cm - Ambra - Kerama","isPartOf":{"@id":"https:\/\/keramamueblesdejardin.com\/it\/#website"},"primaryImageOfPage":{"@id":"https:\/\/keramamueblesdejardin.com\/it\/sin-categoria\/cucina-da-esterno-alluminio-nero-e-teak-127x53cm-ambra\/#primaryimage"},"image":{"@id":"https:\/\/keramamueblesdejardin.com\/it\/sin-categoria\/cucina-da-esterno-alluminio-nero-e-teak-127x53cm-ambra\/#primaryimage"},"thumbnailUrl":"https:\/\/keramamueblesdejardin.com\/wp-content\/uploads\/2024\/01\/amber-1.jpg","datePublished":"2024-01-02T11:34:03+00:00","dateModified":"2024-07-09T09:59:50+00:00","breadcrumb":{"@id":"https:\/\/keramamueblesdejardin.com\/it\/sin-categoria\/cucina-da-esterno-alluminio-nero-e-teak-127x53cm-ambra\/#breadcrumb"},"inLanguage":"it-IT","potentialAction":[{"@type":"ReadAction","target":["https:\/\/keramamueblesdejardin.com\/it\/sin-categoria\/cucina-da-esterno-alluminio-nero-e-teak-127x53cm-ambra\/"]}]},{"@type":"ImageObject","inLanguage":"it-IT","@id":"https:\/\/keramamueblesdejardin.com\/it\/sin-categoria\/cucina-da-esterno-alluminio-nero-e-teak-127x53cm-ambra\/#primaryimage","url":"https:\/\/keramamueblesdejardin.com\/wp-content\/uploads\/2024\/01\/amber-1.jpg","contentUrl":"https:\/\/keramamueblesdejardin.com\/wp-content\/uploads\/2024\/01\/amber-1.jpg","width":800,"height":800},{"@type":"BreadcrumbList","@id":"https:\/\/keramamueblesdejardin.com\/it\/sin-categoria\/cucina-da-esterno-alluminio-nero-e-teak-127x53cm-ambra\/#breadcrumb","itemListElement":[{"@type":"ListItem","position":1,"name":"Home","item":"https:\/\/keramamueblesdejardin.com\/it\/"},{"@type":"ListItem","position":2,"name":"Negozio","item":"https:\/\/keramamueblesdejardin.com\/it\/negozio\/"},{"@type":"ListItem","position":3,"name":"Cucine da esterno","item":"https:\/\/keramamueblesdejardin.com\/it\/cucine-da-esterno\/"},{"@type":"ListItem","position":4,"name":"Cucina da esterno in alluminio e teak nero 127x53cm &#8211; Ambra"}]},{"@type":"WebSite","@id":"https:\/\/keramamueblesdejardin.com\/it\/#website","url":"https:\/\/keramamueblesdejardin.com\/it\/","name":"Kerama","description":"muebles de jard\u00edn","publisher":{"@id":"https:\/\/keramamueblesdejardin.com\/it\/#organization"},"potentialAction":[{"@type":"SearchAction","target":{"@type":"EntryPoint","urlTemplate":"https:\/\/keramamueblesdejardin.com\/it\/?s={search_term_string}"},"query-input":{"@type":"PropertyValueSpecification","valueRequired":true,"valueName":"search_term_string"}}],"inLanguage":"it-IT"},{"@type":"Organization","@id":"https:\/\/keramamueblesdejardin.com\/it\/#organization","name":"kerama","url":"https:\/\/keramamueblesdejardin.com\/it\/","logo":{"@type":"ImageObject","inLanguage":"it-IT","@id":"https:\/\/keramamueblesdejardin.com\/it\/#\/schema\/logo\/image\/","url":"https:\/\/keramamueblesdejardin.com\/wp-content\/uploads\/2020\/12\/k.-scaled.jpg","contentUrl":"https:\/\/keramamueblesdejardin.com\/wp-content\/uploads\/2020\/12\/k.-scaled.jpg","width":2560,"height":551,"caption":"kerama"},"image":{"@id":"https:\/\/keramamueblesdejardin.com\/it\/#\/schema\/logo\/image\/"},"sameAs":["https:\/\/www.facebook.com\/Kerama-Muebles-de-Jard\u00edn-106209328312568\/"]}]}},"df_price":1999,"df_sale_price":1999,"df_regular_price":2859,"df_image_link":"https:\/\/keramamueblesdejardin.com\/wp-content\/uploads\/2024\/01\/amber-1-300x300.jpg","custom_tabs":[{"title":"MISURAZIONE","id":"misurazione","content":"\"<div class=\"\" list=\"\">Altezza: 95cm <\/div>\n<div class=\"\" list=\"\"><strong>Larghezza: <\/strong> 127cm<\/div>\n<div class=\"\" list=\"\"><strong>Profondit\u00e0: <\/strong>53cm<\/div>\""},{"title":"DISIMBALLAGGIO E MONTAGGIO","id":"disimballaggio-e-assemblaggio","content":"<strong>Raccomandazioni per il disimballaggio:<\/strong> Non utilizzare utensili affilati durante il disimballaggio dei mobili in quanto potrebbe causare danni\n<strong>Richiede il montaggio (s\u00ec\/no):<\/strong> No"},{"title":"MANUTENZIONE E GARANZIE","id":"manutenzione-e-garanzie","content":"<p><strong>Raccomandazioni generali:<\/strong><br>\u2022 Guasti o danni causati da:<br>\u2022 Cause accidentali come cadute, colpi, fuoriuscite di liquidi, introduzione di corpi estranei, nonch\u00e9 qualsiasi altra causa di forza maggiore.<br>\u2022 Uso negligente, improprio o non domestico.<br>\u2022 Danni, corrosione e\/o ossidazione accelerati da condizioni ambientali avverse<br>\u2022 Macchie e scolorimenti dovuti al mancato rispetto delle nostre istruzioni di pulizia<br>\u2022 Danni verificatisi durante il montaggio e la manipolazione senza aver seguito le istruzioni di montaggio indicate.<br><strong>Istruzioni per l'uso e la manutenzione:<\/strong><br>\u2022 Pulire delicatamente con l'aiuto di un panno o utilizzare un sapone liquido neutro, risciacquando con abbondante acqua.<br>\u2022 Rimuovere regolarmente la polvere con l'aiuto di un panno morbido e acqua pulita.<br>\u2022 Non utilizzare detergenti o prodotti abrasivi per la pulizia.<br>\u2022 Trattamento con olio di lino: Prima di applicare uno strato di olio di lino sul prodotto allo stato naturale \u00e8 consigliabile lasciarlo all'esterno per 2 o 3 settimane, in modo da assumere un aspetto omogeneo e aerarlo. Pulire con acqua pulita usando un pennello e lasciare asciugare. Una volta ben asciutto, va carteggiato con una carta vetrata di grammatura tra 120 e 150 con cura e senza stringere, seguendo, per quanto possibile, la direzione delle vene; Questa operazione non viene mai eseguita nelle prime ore del giorno.<br>Per mantenere il colore \u00e8 consigliabile ripetere il processo una o due volte l'anno.<br>Se l'olio di lino \u00e8 gi\u00e0 stato applicato ai mobili \u00e8 consigliabile carteggiarlo ogni tre anni in modo che gli strati successivi di olio non impediscano la traspirazione del legno.<br><strong>Anni di garanzia:<\/strong> 3 anni<br><strong>Prodotto secondo lo standard:<\/strong> 581-1,581-2,581-3<br><strong>Certificazione FSC (s\u00ec\/no):<\/strong> S\u00ec<\/p>"}],"_links":{"self":[{"href":"https:\/\/keramamueblesdejardin.com\/it\/wp-json\/wp\/v2\/product\/142036","targetHints":{"allow":["GET"]}}],"collection":[{"href":"https:\/\/keramamueblesdejardin.com\/it\/wp-json\/wp\/v2\/product"}],"about":[{"href":"https:\/\/keramamueblesdejardin.com\/it\/wp-json\/wp\/v2\/types\/product"}],"replies":[{"embeddable":true,"href":"https:\/\/keramamueblesdejardin.com\/it\/wp-json\/wp\/v2\/comments?post=142036"}],"wp:featuredmedia":[{"embeddable":true,"href":"https:\/\/keramamueblesdejardin.com\/it\/wp-json\/wp\/v2\/media\/140697"}],"wp:attachment":[{"href":"https:\/\/keramamueblesdejardin.com\/it\/wp-json\/wp\/v2\/media?parent=142036"}],"wp:term":[{"taxonomy":"product_brand","embeddable":true,"href":"https:\/\/keramamueblesdejardin.com\/it\/wp-json\/wp\/v2\/product_brand?post=142036"},{"taxonomy":"product_cat","embeddable":true,"href":"https:\/\/keramamueblesdejardin.com\/it\/wp-json\/wp\/v2\/product_cat?post=142036"},{"taxonomy":"product_tag","embeddable":true,"href":"https:\/\/keramamueblesdejardin.com\/it\/wp-json\/wp\/v2\/product_tag?post=142036"}],"curies":[{"name":"wp","href":"https:\/\/api.w.org\/{rel}","templated":true}]}}