{"id":141728,"date":"2024-01-02T12:36:16","date_gmt":"2024-01-02T11:36:16","guid":{"rendered":"https:\/\/keramamueblesdejardin.com\/senza-categoria\/set-da-esterno-4-posti-in-alluminio-bianco-e-tavolino-in-teak-portals\/"},"modified":"2024-06-03T12:23:53","modified_gmt":"2024-06-03T10:23:53","slug":"portali-tavolo-4-posti-da-esterno-bianco-alluminio-e-teak-basso","status":"publish","type":"product","link":"https:\/\/keramamueblesdejardin.com\/it\/saloni-allaperto\/set-da-giardino\/portali-tavolo-4-posti-da-esterno-bianco-alluminio-e-teak-basso\/","title":{"rendered":"Set da esterno 4 posti in alluminio bianco e tavolino in teak &#8211; Portals"},"content":{"rendered":"<p>Set 4 posti con struttura in fusione di alluminio bianco con tavolino in teak certificato FSC. Include un tavolino con piani in teak. I cuscini sono realizzati in oleofina grigia. Misure: 172x78x73cm Altezza seduta: 43cm. Altezza del tavolo: 72x72x32cm<\/p>\n","protected":false},"excerpt":{"rendered":"<ul>\n<li>Struttura in fusione di alluminio di colore bianco<\/li>\n<li>Tavolino in legno di teak certificato FSC<\/li>\n<li>Cuscini oleofin grigi<\/li>\n<li>  Divano 172x78x73cm Tavolo: 72x72x32cm<\/li>\n<\/ul>\n","protected":false},"featured_media":141627,"comment_status":"closed","ping_status":"closed","template":"","meta":{"_acf_changed":false},"product_brand":[],"product_cat":[2812,2806],"product_tag":[4238],"class_list":{"0":"post-141728","1":"product","2":"type-product","3":"status-publish","4":"has-post-thumbnail","6":"product_cat-saloni-allaperto","7":"product_cat-set-da-giardino","8":"product_tag-portali","9":"product_shipping_class-envio-gratuito-it","10":"pa_alto-73-it","11":"pa_ancho-172-it","12":"pa_asientos-4-it","13":"pa_coleccion-portali","14":"pa_largo-180-it","15":"pa_material-legno-di-teak-alluminio-oolefin","17":"first","18":"outofstock","19":"sale","20":"purchasable","21":"product-type-simple","22":"add-to-wishlist-before_image"},"acf":[],"yoast_head":"<!-- This site is optimized with the Yoast SEO plugin v27.2 - https:\/\/yoast.com\/product\/yoast-seo-wordpress\/ -->\n<title>Set da esterno 4 posti in alluminio bianco e tavolino in teak - Portals - Kerama<\/title>\n<meta name=\"robots\" content=\"index, follow, max-snippet:-1, max-image-preview:large, max-video-preview:-1\" \/>\n<link rel=\"canonical\" href=\"https:\/\/keramamueblesdejardin.com\/it\/saloni-allaperto\/set-da-giardino\/portali-tavolo-4-posti-da-esterno-bianco-alluminio-e-teak-basso\/\" \/>\n<meta property=\"og:locale\" content=\"it_IT\" \/>\n<meta property=\"og:type\" content=\"article\" \/>\n<meta property=\"og:title\" content=\"Set da esterno 4 posti in alluminio bianco e tavolino in teak - Portals - Kerama\" \/>\n<meta property=\"og:description\" content=\"Struttura in fusione di alluminio di colore bianco Tavolino in legno di teak certificato FSC Cuscini oleofin grigi  Divano 172x78x73cm Tavolo: 72x72x32cm\" \/>\n<meta property=\"og:url\" content=\"https:\/\/keramamueblesdejardin.com\/it\/saloni-allaperto\/set-da-giardino\/portali-tavolo-4-posti-da-esterno-bianco-alluminio-e-teak-basso\/\" \/>\n<meta property=\"og:site_name\" content=\"Kerama\" \/>\n<meta property=\"article:publisher\" content=\"https:\/\/www.facebook.com\/Kerama-Muebles-de-Jard%c3%adn-106209328312568\/\" \/>\n<meta property=\"article:modified_time\" content=\"2024-06-03T10:23:53+00:00\" \/>\n<meta property=\"og:image\" content=\"https:\/\/keramamueblesdejardin.com\/wp-content\/uploads\/2024\/01\/conjutno-4-mesa.jpg\" \/>\n\t<meta property=\"og:image:width\" content=\"1200\" \/>\n\t<meta property=\"og:image:height\" content=\"1200\" \/>\n\t<meta property=\"og:image:type\" content=\"image\/jpeg\" \/>\n<meta name=\"twitter:card\" content=\"summary_large_image\" \/>\n<script type=\"application\/ld+json\" class=\"yoast-schema-graph\">{\"@context\":\"https:\/\/schema.org\",\"@graph\":[{\"@type\":\"WebPage\",\"@id\":\"https:\/\/keramamueblesdejardin.com\/it\/saloni-allaperto\/set-da-giardino\/portali-tavolo-4-posti-da-esterno-bianco-alluminio-e-teak-basso\/\",\"url\":\"https:\/\/keramamueblesdejardin.com\/it\/saloni-allaperto\/set-da-giardino\/portali-tavolo-4-posti-da-esterno-bianco-alluminio-e-teak-basso\/\",\"name\":\"Set da esterno 4 posti in alluminio bianco e tavolino in teak - Portals - Kerama\",\"isPartOf\":{\"@id\":\"https:\/\/keramamueblesdejardin.com\/it\/#website\"},\"primaryImageOfPage\":{\"@id\":\"https:\/\/keramamueblesdejardin.com\/it\/saloni-allaperto\/set-da-giardino\/portali-tavolo-4-posti-da-esterno-bianco-alluminio-e-teak-basso\/#primaryimage\"},\"image\":{\"@id\":\"https:\/\/keramamueblesdejardin.com\/it\/saloni-allaperto\/set-da-giardino\/portali-tavolo-4-posti-da-esterno-bianco-alluminio-e-teak-basso\/#primaryimage\"},\"thumbnailUrl\":\"https:\/\/keramamueblesdejardin.com\/wp-content\/uploads\/2024\/01\/conjutno-4-mesa.jpg\",\"datePublished\":\"2024-01-02T11:36:16+00:00\",\"dateModified\":\"2024-06-03T10:23:53+00:00\",\"breadcrumb\":{\"@id\":\"https:\/\/keramamueblesdejardin.com\/it\/saloni-allaperto\/set-da-giardino\/portali-tavolo-4-posti-da-esterno-bianco-alluminio-e-teak-basso\/#breadcrumb\"},\"inLanguage\":\"it-IT\",\"potentialAction\":[{\"@type\":\"ReadAction\",\"target\":[\"https:\/\/keramamueblesdejardin.com\/it\/saloni-allaperto\/set-da-giardino\/portali-tavolo-4-posti-da-esterno-bianco-alluminio-e-teak-basso\/\"]}]},{\"@type\":\"ImageObject\",\"inLanguage\":\"it-IT\",\"@id\":\"https:\/\/keramamueblesdejardin.com\/it\/saloni-allaperto\/set-da-giardino\/portali-tavolo-4-posti-da-esterno-bianco-alluminio-e-teak-basso\/#primaryimage\",\"url\":\"https:\/\/keramamueblesdejardin.com\/wp-content\/uploads\/2024\/01\/conjutno-4-mesa.jpg\",\"contentUrl\":\"https:\/\/keramamueblesdejardin.com\/wp-content\/uploads\/2024\/01\/conjutno-4-mesa.jpg\",\"width\":1200,\"height\":1200},{\"@type\":\"BreadcrumbList\",\"@id\":\"https:\/\/keramamueblesdejardin.com\/it\/saloni-allaperto\/set-da-giardino\/portali-tavolo-4-posti-da-esterno-bianco-alluminio-e-teak-basso\/#breadcrumb\",\"itemListElement\":[{\"@type\":\"ListItem\",\"position\":1,\"name\":\"Home\",\"item\":\"https:\/\/keramamueblesdejardin.com\/it\/\"},{\"@type\":\"ListItem\",\"position\":2,\"name\":\"Negozio\",\"item\":\"https:\/\/keramamueblesdejardin.com\/it\/negozio\/\"},{\"@type\":\"ListItem\",\"position\":3,\"name\":\"Saloni all'aperto\",\"item\":\"https:\/\/keramamueblesdejardin.com\/it\/saloni-allaperto\/\"},{\"@type\":\"ListItem\",\"position\":4,\"name\":\"Set da giardino\",\"item\":\"https:\/\/keramamueblesdejardin.com\/it\/saloni-allaperto\/set-da-giardino\/\"},{\"@type\":\"ListItem\",\"position\":5,\"name\":\"Set da esterno 4 posti in alluminio bianco e tavolino in teak &#8211; Portals\"}]},{\"@type\":\"WebSite\",\"@id\":\"https:\/\/keramamueblesdejardin.com\/it\/#website\",\"url\":\"https:\/\/keramamueblesdejardin.com\/it\/\",\"name\":\"Kerama\",\"description\":\"muebles de jard\u00edn\",\"publisher\":{\"@id\":\"https:\/\/keramamueblesdejardin.com\/it\/#organization\"},\"potentialAction\":[{\"@type\":\"SearchAction\",\"target\":{\"@type\":\"EntryPoint\",\"urlTemplate\":\"https:\/\/keramamueblesdejardin.com\/it\/?s={search_term_string}\"},\"query-input\":{\"@type\":\"PropertyValueSpecification\",\"valueRequired\":true,\"valueName\":\"search_term_string\"}}],\"inLanguage\":\"it-IT\"},{\"@type\":\"Organization\",\"@id\":\"https:\/\/keramamueblesdejardin.com\/it\/#organization\",\"name\":\"kerama\",\"url\":\"https:\/\/keramamueblesdejardin.com\/it\/\",\"logo\":{\"@type\":\"ImageObject\",\"inLanguage\":\"it-IT\",\"@id\":\"https:\/\/keramamueblesdejardin.com\/it\/#\/schema\/logo\/image\/\",\"url\":\"https:\/\/keramamueblesdejardin.com\/wp-content\/uploads\/2020\/12\/k.-scaled.jpg\",\"contentUrl\":\"https:\/\/keramamueblesdejardin.com\/wp-content\/uploads\/2020\/12\/k.-scaled.jpg\",\"width\":2560,\"height\":551,\"caption\":\"kerama\"},\"image\":{\"@id\":\"https:\/\/keramamueblesdejardin.com\/it\/#\/schema\/logo\/image\/\"},\"sameAs\":[\"https:\/\/www.facebook.com\/Kerama-Muebles-de-Jard\u00edn-106209328312568\/\"]}]}<\/script>\n<!-- \/ Yoast SEO plugin. -->","yoast_head_json":{"title":"Set da esterno 4 posti in alluminio bianco e tavolino in teak - Portals - Kerama","robots":{"index":"index","follow":"follow","max-snippet":"max-snippet:-1","max-image-preview":"max-image-preview:large","max-video-preview":"max-video-preview:-1"},"canonical":"https:\/\/keramamueblesdejardin.com\/it\/saloni-allaperto\/set-da-giardino\/portali-tavolo-4-posti-da-esterno-bianco-alluminio-e-teak-basso\/","og_locale":"it_IT","og_type":"article","og_title":"Set da esterno 4 posti in alluminio bianco e tavolino in teak - Portals - Kerama","og_description":"Struttura in fusione di alluminio di colore bianco Tavolino in legno di teak certificato FSC Cuscini oleofin grigi  Divano 172x78x73cm Tavolo: 72x72x32cm","og_url":"https:\/\/keramamueblesdejardin.com\/it\/saloni-allaperto\/set-da-giardino\/portali-tavolo-4-posti-da-esterno-bianco-alluminio-e-teak-basso\/","og_site_name":"Kerama","article_publisher":"https:\/\/www.facebook.com\/Kerama-Muebles-de-Jard%c3%adn-106209328312568\/","article_modified_time":"2024-06-03T10:23:53+00:00","og_image":[{"width":1200,"height":1200,"url":"https:\/\/keramamueblesdejardin.com\/wp-content\/uploads\/2024\/01\/conjutno-4-mesa.jpg","type":"image\/jpeg"}],"twitter_card":"summary_large_image","schema":{"@context":"https:\/\/schema.org","@graph":[{"@type":"WebPage","@id":"https:\/\/keramamueblesdejardin.com\/it\/saloni-allaperto\/set-da-giardino\/portali-tavolo-4-posti-da-esterno-bianco-alluminio-e-teak-basso\/","url":"https:\/\/keramamueblesdejardin.com\/it\/saloni-allaperto\/set-da-giardino\/portali-tavolo-4-posti-da-esterno-bianco-alluminio-e-teak-basso\/","name":"Set da esterno 4 posti in alluminio bianco e tavolino in teak - Portals - Kerama","isPartOf":{"@id":"https:\/\/keramamueblesdejardin.com\/it\/#website"},"primaryImageOfPage":{"@id":"https:\/\/keramamueblesdejardin.com\/it\/saloni-allaperto\/set-da-giardino\/portali-tavolo-4-posti-da-esterno-bianco-alluminio-e-teak-basso\/#primaryimage"},"image":{"@id":"https:\/\/keramamueblesdejardin.com\/it\/saloni-allaperto\/set-da-giardino\/portali-tavolo-4-posti-da-esterno-bianco-alluminio-e-teak-basso\/#primaryimage"},"thumbnailUrl":"https:\/\/keramamueblesdejardin.com\/wp-content\/uploads\/2024\/01\/conjutno-4-mesa.jpg","datePublished":"2024-01-02T11:36:16+00:00","dateModified":"2024-06-03T10:23:53+00:00","breadcrumb":{"@id":"https:\/\/keramamueblesdejardin.com\/it\/saloni-allaperto\/set-da-giardino\/portali-tavolo-4-posti-da-esterno-bianco-alluminio-e-teak-basso\/#breadcrumb"},"inLanguage":"it-IT","potentialAction":[{"@type":"ReadAction","target":["https:\/\/keramamueblesdejardin.com\/it\/saloni-allaperto\/set-da-giardino\/portali-tavolo-4-posti-da-esterno-bianco-alluminio-e-teak-basso\/"]}]},{"@type":"ImageObject","inLanguage":"it-IT","@id":"https:\/\/keramamueblesdejardin.com\/it\/saloni-allaperto\/set-da-giardino\/portali-tavolo-4-posti-da-esterno-bianco-alluminio-e-teak-basso\/#primaryimage","url":"https:\/\/keramamueblesdejardin.com\/wp-content\/uploads\/2024\/01\/conjutno-4-mesa.jpg","contentUrl":"https:\/\/keramamueblesdejardin.com\/wp-content\/uploads\/2024\/01\/conjutno-4-mesa.jpg","width":1200,"height":1200},{"@type":"BreadcrumbList","@id":"https:\/\/keramamueblesdejardin.com\/it\/saloni-allaperto\/set-da-giardino\/portali-tavolo-4-posti-da-esterno-bianco-alluminio-e-teak-basso\/#breadcrumb","itemListElement":[{"@type":"ListItem","position":1,"name":"Home","item":"https:\/\/keramamueblesdejardin.com\/it\/"},{"@type":"ListItem","position":2,"name":"Negozio","item":"https:\/\/keramamueblesdejardin.com\/it\/negozio\/"},{"@type":"ListItem","position":3,"name":"Saloni all'aperto","item":"https:\/\/keramamueblesdejardin.com\/it\/saloni-allaperto\/"},{"@type":"ListItem","position":4,"name":"Set da giardino","item":"https:\/\/keramamueblesdejardin.com\/it\/saloni-allaperto\/set-da-giardino\/"},{"@type":"ListItem","position":5,"name":"Set da esterno 4 posti in alluminio bianco e tavolino in teak &#8211; Portals"}]},{"@type":"WebSite","@id":"https:\/\/keramamueblesdejardin.com\/it\/#website","url":"https:\/\/keramamueblesdejardin.com\/it\/","name":"Kerama","description":"muebles de jard\u00edn","publisher":{"@id":"https:\/\/keramamueblesdejardin.com\/it\/#organization"},"potentialAction":[{"@type":"SearchAction","target":{"@type":"EntryPoint","urlTemplate":"https:\/\/keramamueblesdejardin.com\/it\/?s={search_term_string}"},"query-input":{"@type":"PropertyValueSpecification","valueRequired":true,"valueName":"search_term_string"}}],"inLanguage":"it-IT"},{"@type":"Organization","@id":"https:\/\/keramamueblesdejardin.com\/it\/#organization","name":"kerama","url":"https:\/\/keramamueblesdejardin.com\/it\/","logo":{"@type":"ImageObject","inLanguage":"it-IT","@id":"https:\/\/keramamueblesdejardin.com\/it\/#\/schema\/logo\/image\/","url":"https:\/\/keramamueblesdejardin.com\/wp-content\/uploads\/2020\/12\/k.-scaled.jpg","contentUrl":"https:\/\/keramamueblesdejardin.com\/wp-content\/uploads\/2020\/12\/k.-scaled.jpg","width":2560,"height":551,"caption":"kerama"},"image":{"@id":"https:\/\/keramamueblesdejardin.com\/it\/#\/schema\/logo\/image\/"},"sameAs":["https:\/\/www.facebook.com\/Kerama-Muebles-de-Jard\u00edn-106209328312568\/"]}]}},"df_price":1999,"df_sale_price":1999,"df_regular_price":2969,"df_image_link":"https:\/\/keramamueblesdejardin.com\/wp-content\/uploads\/2024\/01\/conjutno-4-mesa-300x300.jpg","custom_tabs":[{"title":"MISURAZIONE","id":"misurazione","content":"<div class=\"\" list=\"\"><strong>Altezza: <\/strong> divano 73 cm \/ tavolo 32 cm<\/div>\n<div class=\"\" list=\"\"><strong>Larghezza: <\/strong> divano 78 cm \/ tavolo 72 cm<\/div>\n<div class=\"\" list=\"\"><strong>Fondo: <\/strong> divano 172 cm \/ tavolo 72 cm<\/div>"},{"title":"DISIMBALLAGGIO E MONTAGGIO","id":"disimballaggio-e-assemblaggio","content":"<strong>Raccomandazioni per il disimballaggio:<\/strong> Non utilizzare utensili affilati durante il disimballaggio dei mobili in quanto potrebbe causare danni\n<strong>Richiede il montaggio (s\u00ec\/no):<\/strong> S\u00ec\n<strong>Difficolt\u00e0 di montaggio:<\/strong> Bassa\n<strong>Tempo di montaggio:<\/strong> 20 minuti\n<strong>Persone consigliate per il montaggio:<\/strong> 2\n<strong>Suggerimenti di montaggio:<\/strong> Preparare un'area di assemblaggio pulita e asciutta, verificare che nessuna delle parti indicate nel manuale manchi. Si consiglia di indossare guanti adatti al montaggio. Utilizzare solo le parti e l'hardware in dotazione. NON consigliamo l'acquisto con opzione di montaggio per questo articolo in quanto la difficolt\u00e0 di assemblaggio \u00e8 molto bassa."},{"title":"MANUTENZIONE E GARANZIE","id":"manutenzione-e-garanzie","content":"<strong>Raccomandazioni generali:<\/strong>\n\u2022 Guasti o danni causati da:\n\u2022 Cause accidentali come cadute, colpi, fuoriuscite di liquidi, introduzione di corpi estranei, nonch\u00e9 qualsiasi altra causa di forza maggiore.\n\u2022 Uso negligente, improprio o non domestico.\n\u2022 Danni, corrosione e\/o ossidazione accelerati da condizioni ambientali avverse\n\u2022 Macchie e scolorimenti dovuti al mancato rispetto delle nostre istruzioni di pulizia\n\u2022 Danni verificatisi durante il montaggio e la manipolazione senza aver seguito le istruzioni di montaggio indicate.\n<strong>Istruzioni per l'uso e la manutenzione:<\/strong>\n\u2022 Pulire delicatamente con l'aiuto di un panno o utilizzare un sapone liquido neutro, risciacquando con abbondante acqua.\n\u2022 Rimuovere regolarmente la polvere con l'aiuto di un panno morbido e acqua pulita.\n\u2022 Non utilizzare detergenti o prodotti abrasivi per la pulizia.\n\u2022 Trattamento con olio di lino: Prima di applicare uno strato di olio di lino sul prodotto allo stato naturale \u00e8 consigliabile lasciarlo all'esterno per 2 o 3 settimane, in modo da assumere un aspetto omogeneo e aerarlo. Pulire con acqua pulita usando un pennello e lasciare asciugare. Una volta ben asciutto, va carteggiato con una carta vetrata di grammatura tra 120 e 150 con cura e senza stringere, seguendo, per quanto possibile, la direzione delle vene; Questa operazione non viene mai eseguita nelle prime ore del giorno.\nPer mantenere il colore \u00e8 consigliabile ripetere il processo una o due volte l'anno.\nSe l'olio di lino \u00e8 gi\u00e0 stato applicato ai mobili \u00e8 consigliabile carteggiarlo ogni tre anni in modo che gli strati successivi di olio non impediscano la traspirazione del legno.\n<strong>Anni di garanzia:<\/strong> 3 anni\n<strong>Prodotto secondo lo standard:<\/strong> 581-1,581-2,581-3\n<strong>Certificazione FSC (s\u00ec\/no):<\/strong> S\u00ec"}],"_links":{"self":[{"href":"https:\/\/keramamueblesdejardin.com\/it\/wp-json\/wp\/v2\/product\/141728","targetHints":{"allow":["GET"]}}],"collection":[{"href":"https:\/\/keramamueblesdejardin.com\/it\/wp-json\/wp\/v2\/product"}],"about":[{"href":"https:\/\/keramamueblesdejardin.com\/it\/wp-json\/wp\/v2\/types\/product"}],"replies":[{"embeddable":true,"href":"https:\/\/keramamueblesdejardin.com\/it\/wp-json\/wp\/v2\/comments?post=141728"}],"wp:featuredmedia":[{"embeddable":true,"href":"https:\/\/keramamueblesdejardin.com\/it\/wp-json\/wp\/v2\/media\/141627"}],"wp:attachment":[{"href":"https:\/\/keramamueblesdejardin.com\/it\/wp-json\/wp\/v2\/media?parent=141728"}],"wp:term":[{"taxonomy":"product_brand","embeddable":true,"href":"https:\/\/keramamueblesdejardin.com\/it\/wp-json\/wp\/v2\/product_brand?post=141728"},{"taxonomy":"product_cat","embeddable":true,"href":"https:\/\/keramamueblesdejardin.com\/it\/wp-json\/wp\/v2\/product_cat?post=141728"},{"taxonomy":"product_tag","embeddable":true,"href":"https:\/\/keramamueblesdejardin.com\/it\/wp-json\/wp\/v2\/product_tag?post=141728"}],"curies":[{"name":"wp","href":"https:\/\/api.w.org\/{rel}","templated":true}]}}