{"id":108397,"date":"2023-04-17T16:33:06","date_gmt":"2023-04-17T14:33:06","guid":{"rendered":"https:\/\/keramamueblesdejardin.com\/senza-categoria\/set-balcone-2-sedie-in-corda-beige-e-tavolino-terrazzo-sicilia\/"},"modified":"2025-02-06T17:19:28","modified_gmt":"2025-02-06T16:19:28","slug":"balcone-set-2-sedie-corda-beige-e-ausiliario-tavolo-terrazzo-sicilia","status":"publish","type":"product","link":"https:\/\/keramamueblesdejardin.com\/it\/sale-da-pranzo-allaperto\/balcone-set-2-sedie-corda-beige-e-ausiliario-tavolo-terrazzo-sicilia\/","title":{"rendered":"Set balcone 2 sedie in corda beige e tavolino terrazzo &#8211; Sicilia"},"content":{"rendered":"<p>Set composto da 2 sedie da giardino Sicilia sono realizzati con una struttura in legno di acacia di colore chiaro, corda di poliestere intrecciata a mano e cuscini beige.<br \/>\nE un tavolino rotondo di appoggio di 40 cm di diametro e 53 cm di altezza, realizzato in legno di acacia con finitura trasparente. Il legno \u00e8 certificato FSC, garantendo una buona gestione forestale, economica e sociale delle risorse.<\/p>\n","protected":false},"excerpt":{"rendered":"<ul>\n<li>Set di 2 sedie da giardino e tavolino terrazzo\/li&gt;<\/li>\n<li>Realizzato con struttura in legno certificato FSC di acacia color chiaro<\/li>\n<li>Corda di poliestere intrecciata a mano e cuscini beige<\/li>\n<li>Puoi combinarli con gli altri elementi della famiglia di prodotti Sicilia<\/li>\n<\/ul>\n<h4>CONSEGNA A MET\u00c0 AGOSTO<\/h4>\n","protected":false},"featured_media":105381,"comment_status":"closed","ping_status":"closed","template":"","meta":{"_acf_changed":false},"product_brand":[],"product_cat":[2775,2776],"product_tag":[2778,2813],"class_list":{"0":"post-108397","1":"product","2":"type-product","3":"status-publish","4":"has-post-thumbnail","6":"product_cat-sale-da-pranzo-allaperto","7":"product_cat-set-di-tavoli-e-sedie-da-giardino","8":"product_tag-ampi-spazi","9":"product_tag-sicilia-it","10":"product_shipping_class-envio-gratuito-it","11":"pa_material-legno-chiaro","13":"first","14":"instock","15":"sale","16":"purchasable","17":"product-type-simple","18":"add-to-wishlist-before_image"},"acf":[],"yoast_head":"<!-- This site is optimized with the Yoast SEO plugin v27.2 - https:\/\/yoast.com\/product\/yoast-seo-wordpress\/ -->\n<title>Set balcone 2 sedie in corda beige e tavolino terrazzo - Sicilia - Kerama<\/title>\n<meta name=\"robots\" content=\"index, follow, max-snippet:-1, max-image-preview:large, max-video-preview:-1\" \/>\n<link rel=\"canonical\" href=\"https:\/\/keramamueblesdejardin.com\/it\/sale-da-pranzo-allaperto\/balcone-set-2-sedie-corda-beige-e-ausiliario-tavolo-terrazzo-sicilia\/\" \/>\n<meta property=\"og:locale\" content=\"it_IT\" \/>\n<meta property=\"og:type\" content=\"article\" \/>\n<meta property=\"og:title\" content=\"Set balcone 2 sedie in corda beige e tavolino terrazzo - Sicilia - Kerama\" \/>\n<meta property=\"og:description\" content=\"Set di 2 sedie da giardino e tavolino terrazzo\/li&gt;  Realizzato con struttura in legno certificato FSC di acacia color chiaro  Corda di poliestere intrecciata a mano e cuscini beige  Puoi combinarli con gli altri elementi della famiglia di prodotti Sicilia  CONSEGNA A MET\u00c0 AGOSTO\" \/>\n<meta property=\"og:url\" content=\"https:\/\/keramamueblesdejardin.com\/it\/sale-da-pranzo-allaperto\/balcone-set-2-sedie-corda-beige-e-ausiliario-tavolo-terrazzo-sicilia\/\" \/>\n<meta property=\"og:site_name\" content=\"Kerama\" \/>\n<meta property=\"article:publisher\" content=\"https:\/\/www.facebook.com\/Kerama-Muebles-de-Jard%c3%adn-106209328312568\/\" \/>\n<meta property=\"article:modified_time\" content=\"2025-02-06T16:19:28+00:00\" \/>\n<meta property=\"og:image\" content=\"https:\/\/keramamueblesdejardin.com\/wp-content\/uploads\/2023\/04\/L1690966.jpg\" \/>\n\t<meta property=\"og:image:width\" content=\"1200\" \/>\n\t<meta property=\"og:image:height\" content=\"1200\" \/>\n\t<meta property=\"og:image:type\" content=\"image\/jpeg\" \/>\n<meta name=\"twitter:card\" content=\"summary_large_image\" \/>\n<script type=\"application\/ld+json\" class=\"yoast-schema-graph\">{\"@context\":\"https:\/\/schema.org\",\"@graph\":[{\"@type\":\"WebPage\",\"@id\":\"https:\/\/keramamueblesdejardin.com\/it\/sale-da-pranzo-allaperto\/balcone-set-2-sedie-corda-beige-e-ausiliario-tavolo-terrazzo-sicilia\/\",\"url\":\"https:\/\/keramamueblesdejardin.com\/it\/sale-da-pranzo-allaperto\/balcone-set-2-sedie-corda-beige-e-ausiliario-tavolo-terrazzo-sicilia\/\",\"name\":\"Set balcone 2 sedie in corda beige e tavolino terrazzo - Sicilia - Kerama\",\"isPartOf\":{\"@id\":\"https:\/\/keramamueblesdejardin.com\/it\/#website\"},\"primaryImageOfPage\":{\"@id\":\"https:\/\/keramamueblesdejardin.com\/it\/sale-da-pranzo-allaperto\/balcone-set-2-sedie-corda-beige-e-ausiliario-tavolo-terrazzo-sicilia\/#primaryimage\"},\"image\":{\"@id\":\"https:\/\/keramamueblesdejardin.com\/it\/sale-da-pranzo-allaperto\/balcone-set-2-sedie-corda-beige-e-ausiliario-tavolo-terrazzo-sicilia\/#primaryimage\"},\"thumbnailUrl\":\"https:\/\/keramamueblesdejardin.com\/wp-content\/uploads\/2023\/04\/L1690966.jpg\",\"datePublished\":\"2023-04-17T14:33:06+00:00\",\"dateModified\":\"2025-02-06T16:19:28+00:00\",\"breadcrumb\":{\"@id\":\"https:\/\/keramamueblesdejardin.com\/it\/sale-da-pranzo-allaperto\/balcone-set-2-sedie-corda-beige-e-ausiliario-tavolo-terrazzo-sicilia\/#breadcrumb\"},\"inLanguage\":\"it-IT\",\"potentialAction\":[{\"@type\":\"ReadAction\",\"target\":[\"https:\/\/keramamueblesdejardin.com\/it\/sale-da-pranzo-allaperto\/balcone-set-2-sedie-corda-beige-e-ausiliario-tavolo-terrazzo-sicilia\/\"]}]},{\"@type\":\"ImageObject\",\"inLanguage\":\"it-IT\",\"@id\":\"https:\/\/keramamueblesdejardin.com\/it\/sale-da-pranzo-allaperto\/balcone-set-2-sedie-corda-beige-e-ausiliario-tavolo-terrazzo-sicilia\/#primaryimage\",\"url\":\"https:\/\/keramamueblesdejardin.com\/wp-content\/uploads\/2023\/04\/L1690966.jpg\",\"contentUrl\":\"https:\/\/keramamueblesdejardin.com\/wp-content\/uploads\/2023\/04\/L1690966.jpg\",\"width\":1200,\"height\":1200},{\"@type\":\"BreadcrumbList\",\"@id\":\"https:\/\/keramamueblesdejardin.com\/it\/sale-da-pranzo-allaperto\/balcone-set-2-sedie-corda-beige-e-ausiliario-tavolo-terrazzo-sicilia\/#breadcrumb\",\"itemListElement\":[{\"@type\":\"ListItem\",\"position\":1,\"name\":\"Home\",\"item\":\"https:\/\/keramamueblesdejardin.com\/it\/\"},{\"@type\":\"ListItem\",\"position\":2,\"name\":\"Negozio\",\"item\":\"https:\/\/keramamueblesdejardin.com\/it\/negozio\/\"},{\"@type\":\"ListItem\",\"position\":3,\"name\":\"Sale da pranzo all'aperto\",\"item\":\"https:\/\/keramamueblesdejardin.com\/it\/sale-da-pranzo-allaperto\/\"},{\"@type\":\"ListItem\",\"position\":4,\"name\":\"Set balcone 2 sedie in corda beige e tavolino terrazzo &#8211; Sicilia\"}]},{\"@type\":\"WebSite\",\"@id\":\"https:\/\/keramamueblesdejardin.com\/it\/#website\",\"url\":\"https:\/\/keramamueblesdejardin.com\/it\/\",\"name\":\"Kerama\",\"description\":\"muebles de jard\u00edn\",\"publisher\":{\"@id\":\"https:\/\/keramamueblesdejardin.com\/it\/#organization\"},\"potentialAction\":[{\"@type\":\"SearchAction\",\"target\":{\"@type\":\"EntryPoint\",\"urlTemplate\":\"https:\/\/keramamueblesdejardin.com\/it\/?s={search_term_string}\"},\"query-input\":{\"@type\":\"PropertyValueSpecification\",\"valueRequired\":true,\"valueName\":\"search_term_string\"}}],\"inLanguage\":\"it-IT\"},{\"@type\":\"Organization\",\"@id\":\"https:\/\/keramamueblesdejardin.com\/it\/#organization\",\"name\":\"kerama\",\"url\":\"https:\/\/keramamueblesdejardin.com\/it\/\",\"logo\":{\"@type\":\"ImageObject\",\"inLanguage\":\"it-IT\",\"@id\":\"https:\/\/keramamueblesdejardin.com\/it\/#\/schema\/logo\/image\/\",\"url\":\"https:\/\/keramamueblesdejardin.com\/wp-content\/uploads\/2020\/12\/k.-scaled.jpg\",\"contentUrl\":\"https:\/\/keramamueblesdejardin.com\/wp-content\/uploads\/2020\/12\/k.-scaled.jpg\",\"width\":2560,\"height\":551,\"caption\":\"kerama\"},\"image\":{\"@id\":\"https:\/\/keramamueblesdejardin.com\/it\/#\/schema\/logo\/image\/\"},\"sameAs\":[\"https:\/\/www.facebook.com\/Kerama-Muebles-de-Jard\u00edn-106209328312568\/\"]}]}<\/script>\n<!-- \/ Yoast SEO plugin. -->","yoast_head_json":{"title":"Set balcone 2 sedie in corda beige e tavolino terrazzo - Sicilia - Kerama","robots":{"index":"index","follow":"follow","max-snippet":"max-snippet:-1","max-image-preview":"max-image-preview:large","max-video-preview":"max-video-preview:-1"},"canonical":"https:\/\/keramamueblesdejardin.com\/it\/sale-da-pranzo-allaperto\/balcone-set-2-sedie-corda-beige-e-ausiliario-tavolo-terrazzo-sicilia\/","og_locale":"it_IT","og_type":"article","og_title":"Set balcone 2 sedie in corda beige e tavolino terrazzo - Sicilia - Kerama","og_description":"Set di 2 sedie da giardino e tavolino terrazzo\/li&gt;  Realizzato con struttura in legno certificato FSC di acacia color chiaro  Corda di poliestere intrecciata a mano e cuscini beige  Puoi combinarli con gli altri elementi della famiglia di prodotti Sicilia  CONSEGNA A MET\u00c0 AGOSTO","og_url":"https:\/\/keramamueblesdejardin.com\/it\/sale-da-pranzo-allaperto\/balcone-set-2-sedie-corda-beige-e-ausiliario-tavolo-terrazzo-sicilia\/","og_site_name":"Kerama","article_publisher":"https:\/\/www.facebook.com\/Kerama-Muebles-de-Jard%c3%adn-106209328312568\/","article_modified_time":"2025-02-06T16:19:28+00:00","og_image":[{"width":1200,"height":1200,"url":"https:\/\/keramamueblesdejardin.com\/wp-content\/uploads\/2023\/04\/L1690966.jpg","type":"image\/jpeg"}],"twitter_card":"summary_large_image","schema":{"@context":"https:\/\/schema.org","@graph":[{"@type":"WebPage","@id":"https:\/\/keramamueblesdejardin.com\/it\/sale-da-pranzo-allaperto\/balcone-set-2-sedie-corda-beige-e-ausiliario-tavolo-terrazzo-sicilia\/","url":"https:\/\/keramamueblesdejardin.com\/it\/sale-da-pranzo-allaperto\/balcone-set-2-sedie-corda-beige-e-ausiliario-tavolo-terrazzo-sicilia\/","name":"Set balcone 2 sedie in corda beige e tavolino terrazzo - Sicilia - Kerama","isPartOf":{"@id":"https:\/\/keramamueblesdejardin.com\/it\/#website"},"primaryImageOfPage":{"@id":"https:\/\/keramamueblesdejardin.com\/it\/sale-da-pranzo-allaperto\/balcone-set-2-sedie-corda-beige-e-ausiliario-tavolo-terrazzo-sicilia\/#primaryimage"},"image":{"@id":"https:\/\/keramamueblesdejardin.com\/it\/sale-da-pranzo-allaperto\/balcone-set-2-sedie-corda-beige-e-ausiliario-tavolo-terrazzo-sicilia\/#primaryimage"},"thumbnailUrl":"https:\/\/keramamueblesdejardin.com\/wp-content\/uploads\/2023\/04\/L1690966.jpg","datePublished":"2023-04-17T14:33:06+00:00","dateModified":"2025-02-06T16:19:28+00:00","breadcrumb":{"@id":"https:\/\/keramamueblesdejardin.com\/it\/sale-da-pranzo-allaperto\/balcone-set-2-sedie-corda-beige-e-ausiliario-tavolo-terrazzo-sicilia\/#breadcrumb"},"inLanguage":"it-IT","potentialAction":[{"@type":"ReadAction","target":["https:\/\/keramamueblesdejardin.com\/it\/sale-da-pranzo-allaperto\/balcone-set-2-sedie-corda-beige-e-ausiliario-tavolo-terrazzo-sicilia\/"]}]},{"@type":"ImageObject","inLanguage":"it-IT","@id":"https:\/\/keramamueblesdejardin.com\/it\/sale-da-pranzo-allaperto\/balcone-set-2-sedie-corda-beige-e-ausiliario-tavolo-terrazzo-sicilia\/#primaryimage","url":"https:\/\/keramamueblesdejardin.com\/wp-content\/uploads\/2023\/04\/L1690966.jpg","contentUrl":"https:\/\/keramamueblesdejardin.com\/wp-content\/uploads\/2023\/04\/L1690966.jpg","width":1200,"height":1200},{"@type":"BreadcrumbList","@id":"https:\/\/keramamueblesdejardin.com\/it\/sale-da-pranzo-allaperto\/balcone-set-2-sedie-corda-beige-e-ausiliario-tavolo-terrazzo-sicilia\/#breadcrumb","itemListElement":[{"@type":"ListItem","position":1,"name":"Home","item":"https:\/\/keramamueblesdejardin.com\/it\/"},{"@type":"ListItem","position":2,"name":"Negozio","item":"https:\/\/keramamueblesdejardin.com\/it\/negozio\/"},{"@type":"ListItem","position":3,"name":"Sale da pranzo all'aperto","item":"https:\/\/keramamueblesdejardin.com\/it\/sale-da-pranzo-allaperto\/"},{"@type":"ListItem","position":4,"name":"Set balcone 2 sedie in corda beige e tavolino terrazzo &#8211; Sicilia"}]},{"@type":"WebSite","@id":"https:\/\/keramamueblesdejardin.com\/it\/#website","url":"https:\/\/keramamueblesdejardin.com\/it\/","name":"Kerama","description":"muebles de jard\u00edn","publisher":{"@id":"https:\/\/keramamueblesdejardin.com\/it\/#organization"},"potentialAction":[{"@type":"SearchAction","target":{"@type":"EntryPoint","urlTemplate":"https:\/\/keramamueblesdejardin.com\/it\/?s={search_term_string}"},"query-input":{"@type":"PropertyValueSpecification","valueRequired":true,"valueName":"search_term_string"}}],"inLanguage":"it-IT"},{"@type":"Organization","@id":"https:\/\/keramamueblesdejardin.com\/it\/#organization","name":"kerama","url":"https:\/\/keramamueblesdejardin.com\/it\/","logo":{"@type":"ImageObject","inLanguage":"it-IT","@id":"https:\/\/keramamueblesdejardin.com\/it\/#\/schema\/logo\/image\/","url":"https:\/\/keramamueblesdejardin.com\/wp-content\/uploads\/2020\/12\/k.-scaled.jpg","contentUrl":"https:\/\/keramamueblesdejardin.com\/wp-content\/uploads\/2020\/12\/k.-scaled.jpg","width":2560,"height":551,"caption":"kerama"},"image":{"@id":"https:\/\/keramamueblesdejardin.com\/it\/#\/schema\/logo\/image\/"},"sameAs":["https:\/\/www.facebook.com\/Kerama-Muebles-de-Jard\u00edn-106209328312568\/"]}]}},"df_price":569,"df_sale_price":569,"df_regular_price":709,"df_image_link":"https:\/\/keramamueblesdejardin.com\/wp-content\/uploads\/2023\/04\/L1690966-300x300.jpg","custom_tabs":[{"title":"MISURAZIONE","id":"misurazione","content":"<div class=\"list\">\r\n<div class=\"list\"><strong>Altezza: <\/strong>80cm \/ tavolino 53cm<\/div>\r\n<div class=\"list\"><strong>Larghezza: <\/strong>53cm \/ tavolino 50cm<\/div>\r\n<div class=\"list\"><strong>Profondit\u00e0: <\/strong>60cm \/ tavolino 50cm<\/div>\r\n<\/div>"},{"title":"DISIMBALLAGGIO E MONTAGGIO","id":"disimballaggio-e-montaggio","content":"<div class=\"list\"><strong style=\"font-weight: bold; color: #282828;\">Condizioni per<\/strong> il disimballaggio: <span style=\"color: #282828;\"> Non utilizzare utensili affilati durante il disimballaggio dei mobili in quanto potrebbe causare danni<\/span><br style=\"color: #282828;\" \/><strong style=\"font-weight: bold; color: #282828;\">Richiede il montaggio (s\u00ec\/no):<\/strong><span style=\"color: #282828;\"> S\u00ec<\/span><br style=\"color: #282828;\" \/><strong style=\"font-weight: bold; color: #282828;\">Difficolt\u00e0 di montaggio:<\/strong><span style=\"color: #282828;\"> Bassa<\/span><br style=\"color: #282828;\" \/><strong style=\"font-weight: bold; color: #282828;\">Tempo di assemblaggio:<\/strong><span style=\"color: #282828;\"> 40 minuti<\/span><br style=\"color: #282828;\" \/><strong style=\"font-weight: bold; color: #282828;\">Persone consigliate per il montaggio:<\/strong><span style=\"color: #282828;\"> 2<\/span><br style=\"color: #282828;\" \/><strong style=\"font-weight: bold; color: #282828;\">Suggerimenti di montaggio:<\/strong><span style=\"color: #282828;\"> Preparare un'area di assemblaggio pulita e asciutta, verificare che nessuna delle parti indicate nel manuale manchi. Si consiglia di indossare guanti adatti al montaggio. Utilizzare solo le parti e l'hardware in dotazione.<\/span><\/div>"},{"title":"MANUTENZIONE E GARANZIE","id":"manutenzione-e-garanzie","content":"<strong>Raccomandazioni generali:<\/strong>\r\n\u2022 Guasti o danni causati da:\r\n\u2022 Cause accidentali come cadute, colpi, fuoriuscite di liquidi, introduzione di corpi estranei, nonch\u00e9 qualsiasi altra causa di forza maggiore.\r\n\u2022 Uso negligente, improprio o non domestico.\r\n\u2022 Danni, corrosione e\/o ossidazione accelerati da condizioni ambientali avverse\r\n\u2022 Macchie e scolorimenti dovuti al mancato rispetto delle nostre istruzioni di pulizia\r\n\u2022 Danni verificatisi durante il montaggio e la manipolazione senza aver seguito le istruzioni di montaggio indicate.\r\n<strong>Istruzioni per l'uso e la manutenzione:<\/strong>\r\n\u2022 Pulire delicatamente con l'aiuto di un panno o utilizzare un sapone liquido neutro, risciacquando con abbondante acqua.\r\n\u2022 Rimuovere regolarmente la polvere con l'aiuto di un panno morbido e acqua pulita.\r\n\u2022 Non utilizzare detergenti o prodotti abrasivi per la pulizia.\r\n\u2022 Trattamento con olio di lino: Prima di applicare uno strato di olio di lino sul prodotto allo stato naturale \u00e8 consigliabile lasciarlo all'esterno per 2 o 3 settimane, in modo da assumere un aspetto omogeneo e aerarlo. Pulire con acqua pulita usando un pennello e lasciare asciugare. Una volta ben asciutto, va carteggiato con una carta vetrata di grammatura tra 120 e 150 con cura e senza stringere, seguendo, per quanto possibile, la direzione delle vene; Questa operazione non viene mai eseguita nelle prime ore del giorno.\r\nPer mantenere il colore \u00e8 consigliabile ripetere il processo una o due volte l'anno.\r\nSe l'olio di lino \u00e8 gi\u00e0 stato applicato ai mobili \u00e8 consigliabile carteggiarlo ogni tre anni in modo che gli strati successivi di olio non impediscano la traspirazione del legno.\r\n<strong>Anni di garanzia:<\/strong> 3 anni\r\n<strong>Prodotto secondo lo standard:<\/strong> 581-1,581-2,581-3\r\n<strong>Certificazione FSC (s\u00ec\/no):<\/strong> S\u00ec"}],"_links":{"self":[{"href":"https:\/\/keramamueblesdejardin.com\/it\/wp-json\/wp\/v2\/product\/108397","targetHints":{"allow":["GET"]}}],"collection":[{"href":"https:\/\/keramamueblesdejardin.com\/it\/wp-json\/wp\/v2\/product"}],"about":[{"href":"https:\/\/keramamueblesdejardin.com\/it\/wp-json\/wp\/v2\/types\/product"}],"replies":[{"embeddable":true,"href":"https:\/\/keramamueblesdejardin.com\/it\/wp-json\/wp\/v2\/comments?post=108397"}],"wp:featuredmedia":[{"embeddable":true,"href":"https:\/\/keramamueblesdejardin.com\/it\/wp-json\/wp\/v2\/media\/105381"}],"wp:attachment":[{"href":"https:\/\/keramamueblesdejardin.com\/it\/wp-json\/wp\/v2\/media?parent=108397"}],"wp:term":[{"taxonomy":"product_brand","embeddable":true,"href":"https:\/\/keramamueblesdejardin.com\/it\/wp-json\/wp\/v2\/product_brand?post=108397"},{"taxonomy":"product_cat","embeddable":true,"href":"https:\/\/keramamueblesdejardin.com\/it\/wp-json\/wp\/v2\/product_cat?post=108397"},{"taxonomy":"product_tag","embeddable":true,"href":"https:\/\/keramamueblesdejardin.com\/it\/wp-json\/wp\/v2\/product_tag?post=108397"}],"curies":[{"name":"wp","href":"https:\/\/api.w.org\/{rel}","templated":true}]}}