{"id":84076,"date":"2021-01-19T12:56:35","date_gmt":"2021-01-19T11:56:35","guid":{"rendered":"https:\/\/keramamueblesdejardin.com\/politica-sui-cookie\/"},"modified":"2026-02-11T15:20:23","modified_gmt":"2026-02-11T14:20:23","slug":"politica-sui-cookie","status":"publish","type":"page","link":"https:\/\/keramamueblesdejardin.com\/it\/politica-sui-cookie\/","title":{"rendered":"Politica sui cookie"},"content":{"rendered":"\t\t<div data-elementor-type=\"wp-page\" data-elementor-id=\"84076\" class=\"elementor elementor-84076 elementor-7282\" data-elementor-post-type=\"page\">\n\t\t\t\t<div class=\"elementor-element elementor-element-ba88bb2 e-flex e-con-boxed e-con e-parent\" data-id=\"ba88bb2\" data-element_type=\"container\" data-e-type=\"container\" data-settings=\"{&quot;background_background&quot;:&quot;classic&quot;}\">\n\t\t\t\t\t<div class=\"e-con-inner\">\n\t\t\t\t<div class=\"elementor-element elementor-element-b505727 elementor-widget elementor-widget-image\" data-id=\"b505727\" data-element_type=\"widget\" data-e-type=\"widget\" data-widget_type=\"image.default\">\n\t\t\t\t<div class=\"elementor-widget-container\">\n\t\t\t\t\t\t\t\t\t\t\t\t\t\t\t<img fetchpriority=\"high\" decoding=\"async\" width=\"800\" height=\"174\" src=\"https:\/\/keramamueblesdejardin.com\/wp-content\/uploads\/2025\/05\/logo-kerama.png\" class=\"attachment-large size-large wp-image-178529\" alt=\"\" srcset=\"https:\/\/keramamueblesdejardin.com\/wp-content\/uploads\/2025\/05\/logo-kerama.png 800w, https:\/\/keramamueblesdejardin.com\/wp-content\/uploads\/2025\/05\/logo-kerama-300x65.png 300w, https:\/\/keramamueblesdejardin.com\/wp-content\/uploads\/2025\/05\/logo-kerama-768x167.png 768w\" sizes=\"(max-width: 800px) 100vw, 800px\" \/>\t\t\t\t\t\t\t\t\t\t\t\t\t\t\t<\/div>\n\t\t\t\t<\/div>\n\t\t\t\t<div class=\"elementor-element elementor-element-d760769 elementor-widget__width-initial elementor-widget elementor-widget-heading\" data-id=\"d760769\" data-element_type=\"widget\" data-e-type=\"widget\" data-widget_type=\"heading.default\">\n\t\t\t\t<div class=\"elementor-widget-container\">\n\t\t\t\t\t<div class=\"elementor-heading-title elementor-size-default\">Politica sui cookie<\/div>\t\t\t\t<\/div>\n\t\t\t\t<\/div>\n\t\t\t\t<div class=\"elementor-element elementor-element-9a5f104 elementor-widget elementor-widget-image\" data-id=\"9a5f104\" data-element_type=\"widget\" data-e-type=\"widget\" data-widget_type=\"image.default\">\n\t\t\t\t<div class=\"elementor-widget-container\">\n\t\t\t\t\t\t\t\t\t\t\t\t\t\t\t<img decoding=\"async\" width=\"48\" height=\"48\" src=\"https:\/\/keramamueblesdejardin.com\/wp-content\/uploads\/2025\/12\/arrow_cool_down.svg\" class=\"attachment-full size-full wp-image-192102\" alt=\"\" \/>\t\t\t\t\t\t\t\t\t\t\t\t\t\t\t<\/div>\n\t\t\t\t<\/div>\n\t\t\t\t\t<\/div>\n\t\t\t\t<\/div>\n\t\t<div class=\"elementor-element elementor-element-41bf18d9 e-flex e-con-boxed e-con e-parent\" data-id=\"41bf18d9\" data-element_type=\"container\" data-e-type=\"container\">\n\t\t\t\t\t<div class=\"e-con-inner\">\n\t\t\t\t<div class=\"elementor-element elementor-element-6e2b7cc9 elementor-widget elementor-widget-text-editor\" data-id=\"6e2b7cc9\" data-element_type=\"widget\" data-e-type=\"widget\" data-widget_type=\"text-editor.default\">\n\t\t\t\t<div class=\"elementor-widget-container\">\n\t\t\t\t\t\t\t\t\t<div class=\"cli_pg_page_contaner\"><h3>Informazioni sulla politica sui cookie<\/h3><div><p>La presente Informativa sui cookie spiega cosa sono i cookie e come li utilizziamo, i tipi di cookie che utilizziamo, ovvero le informazioni che raccogliamo utilizzando i cookie e come vengono utilizzate tali informazioni e come controllare le preferenze dei cookie. Per ulteriori informazioni su come utilizziamo, archiviamo e manteniamo sicuri i tuoi dati personali, consulta la nostra Informativa sulla privacy.<\/p><p>Puoi modificare o revocare il tuo consenso alla Dichiarazione sui cookie sul nostro sito web in qualsiasi momento.<\/p><p>Scopri di pi\u00f9 su chi siamo, come puoi contattarci e come trattiamo i dati personali nella nostra Informativa sulla privacy.<\/p><p>Il tuo consenso si applica ai seguenti domini: keramamueblesdejardin.com<\/p><p>[user_consent_state]<\/p><p>keramamueblesdejardin.com informa l&#8217;utente che il trattamento di tutti i dati personali avviene in conformit\u00e0 con le disposizioni della Legge Organica 15\/1999, del 13 dicembre sulla protezione dei dati e del Real Decreto 1720\/2007 del 21 dicembre, che approva il Regolamento per lo sviluppo della Legge Organica 15\/1999,  del 13 dicembre, sulla protezione dei dati personali.&#8221;<\/p><p>A keramamueblesdejardin.com siamo particolarmente preoccupati di garantire la sicurezza e la privacy dei dati dei nostri clienti. Quando un cliente si registra sul nostro server sicuro o effettua un ordine, i suoi dati personali, il suo indirizzo e i dati relativi al suo metodo di pagamento vengono incorporati nel nostro database, utilizzati solo per elaborare l&#8217;ordine, nonch\u00e9 per inviare informazioni su offerte e servizi che potrebbero essere di suo interesse.<\/p><p>keramamueblesdejardin.com garantisce la riservatezza dei dati forniti dai nostri clienti e garantisce che in nessun caso saranno trasferiti a terzi.<\/p><p>In conformit\u00e0 con le disposizioni della Legge Organica 15\/1999, del 13 dicembre, Protezione dei dati personali, ti informiamo che tutti i dati personali forniti saranno inclusi in un file automatizzato di dati personali, creato e mantenuto sotto la responsabilit\u00e0 di KERAMA, B67405811 Greenbrownblue SL e debitamente registrato presso l&#8217;Agenzia spagnola per la protezione dei dati (AEPD). Lo scopo di questo file \u00e8 facilitare l&#8217;elaborazione degli ordini e, nel caso in cui ci abbiate espressamente autorizzato nella casella corrispondente, anche di inviarvi comunicazioni commerciali su prodotti e servizi che potrebbero interessarvi.<\/p><p>I clienti di KERAMA possono in qualsiasi momento esercitare i loro diritti di accesso, rettifica, cancellazione e opposizione, notificandoli: via email a hola@keramamueblesdejardin.com o per iscritto al seguente indirizzo postale:<br>KERAMA<br>Passatge De Roma, 6, navata 17, Pol\u00edgono industrial Cova Solera, 08191 Rub\u00ed, Barcellona, Spagna<br>In entrambi i casi, il nome e cognome, il nome utente e l&#8217;email con cui ti sei registrato saranno indicati.<\/p><p>L&#8217;uso dei cookie \u00e8 necessario per l&#8217;utilizzo del nostro sito web. I cookie vengono utilizzati per analizzare come gli utenti utilizzano il sito web. Se lo desideri, puoi configurare il tuo browser per essere avvisato sullo schermo della ricezione dei cookie e per impedire l&#8217;installazione di cookie sul disco rigido del tuo computer. Si prega di consultare le istruzioni e i manuali del browser per ulteriori informazioni.<\/p><p>Da keramamueblesdejardin.com desideriamo informarvi che il nostro sito web utilizza i cookie per analizzare la navigazione degli utenti e migliorare l&#8217;esperienza utente.<\/p><p>Di seguito, troverai informazioni su cosa sono i &#8220;cookie&#8221;, quali tipi di cookie utilizza questo sito Web, come disabilitare i cookie nel tuo browser e come disabilitare specificamente l&#8217;installazione di cookie di terze parti. Se non trovi le informazioni specifiche che cerchi, vai su hola@keramamueblesdejardin.com<\/p><p>Con la pubblicazione nella Gazzetta ufficiale dello Stato del regio decreto legge 13\/2012, del 30 marzo, ci sono state una serie di modifiche alla legge sui servizi della societ\u00e0 dell&#8217;informazione e del commercio elettronico (LSSICE) che, tra l&#8217;altro, influenzano l&#8217;uso di cookie e mailing commerciali via e-mail. Con questo regio decreto, che recepisce diverse direttive europee, la Spagna, come tutti gli stati membri dell&#8217;Unione europea, adegua alla direttiva europea 2009\/136 \/ CE &#8220;modifica della direttiva europea sul trattamento dei dati e la conservazione e la tutela della vita privata nelle comunicazioni elettroniche&#8221; articolo 22.2 della legge 34\/2002. I fornitori di servizi possono utilizzare dispositivi di archiviazione e recupero dei dati nelle apparecchiature terminali dei destinatari, a condizione che abbiano dato il loro consenso dopo aver ricevuto informazioni chiare e complete sul loro utilizzo, in particolare sulle finalit\u00e0 del trattamento dei dati, conformemente alle disposizioni della legge organica 15\/1999,  del 13 dicembre, Protezione dei dati personali.<\/p><\/div><h3>Cosa sono i cookie?<\/h3><div>L&#8217;accesso a questo Sito pu\u00f2 comportare l&#8217;uso di cookie. I cookie sono piccole unit\u00e0 di informazioni che vengono memorizzate nel browser utilizzato da ciascun utente in modo che il server ricordi determinate informazioni, che consentiranno un accesso pi\u00f9 rapido e miglioreranno la navigazione. I cookie hanno generalmente una durata limitata nel tempo. Nessun cookie ti consente di contattare il tuo indirizzo e-mail o qualsiasi altro mezzo di contatto (agiscono in modo anonimo).<\/div><div> <\/div><h3>Come utilizziamo i cookie?<\/h3><div>Come la maggior parte dei servizi online, il nostro sito Web utilizza cookie proprietari e di terze parti per vari scopi. I cookie di prima parte sono principalmente necessari per il corretto funzionamento del sito Web e non raccolgono nessuno dei tuoi dati personali identificabili.<\/div><div>I cookie di terze parti utilizzati sul nostro sito Web servono principalmente a capire come funziona il sito Web, come interagisci con il nostro sito Web, mantenere sicuri i nostri servizi, fornire annunci pubblicitari pertinenti per te e in generale fornirti un utente migliore e migliorato. esperienza e aiuto velocizzare le tue future interazioni con il nostro sito web.<\/div><div> <\/div><h3>Quali tipi di cookie utilizziamo?<\/h3><h3><strong style=\"font-size: 16px;\">Cookie in base alla propriet\u00e0:<\/strong><\/h3><div><ul><li><strong>Cookie propri: <\/strong> Sono quelli che vengono inviati all&#8217;apparecchiatura terminale dell&#8217;utente da un computer o dominio gestito dall&#8217;editore stesso e da cui viene fornito il servizio richiesto dall&#8217;utente.<\/li><li><strong>Cookie di terze parti: <\/strong> Sono quelli che vengono inviati all&#8217;apparecchiatura terminale dell&#8217;utente da un computer o dominio che non \u00e8 gestito dall&#8217;editore, ma da un&#8217;altra entit\u00e0 che elabora i dati ottenuti tramite i cookie.<\/li><\/ul><p><strong>Cookie in base alla durata:<\/strong><\/p><ul><li><strong>Cookie di sessione: <\/strong> Sono un tipo di cookie progettati per raccogliere e memorizzare dati mentre l&#8217;utente accede a una pagina web.<\/li><li><strong>Cookie persistenti: <\/strong> Sono un tipo di cookie in cui i dati sono ancora memorizzati nel terminale e possono essere consultati ed elaborati durante un periodo definito dalla persona responsabile del cookie, che pu\u00f2 variare da pochi minuti a diversi anni.<\/li><\/ul><p><strong>Cookie in base alla tipologia:<\/strong><\/p><ul><li><strong>Cookie tecnici e funzionali: <\/strong>sono strettamente necessari per la fruizione del sito e per l&#8217;erogazione del servizio (necessari per il funzionamento tecnico della piattaforma).<\/li><li><strong>Cookie di personalizzazione:<\/strong> consentono all&#8217;utente di configurare il design, la lingua o le preferenze del proprio browser.<\/li><li><strong>Cookie di analisi: <\/strong> Sono quelli che ben trattati da noi o da terzi, ci consentono di quantificare il numero di utenti e quindi eseguire la misurazione e l&#8217;analisi statistica dell&#8217;uso fatto dagli utenti del servizio offerto. Per fare ci\u00f2, la tua navigazione sul nostro sito Web viene analizzata al fine di migliorare l&#8217;offerta di prodotti o servizi che offriamo.<\/li><li><strong>Cookie pubblicitari: <\/strong>Sono quelle che permettono la gestione, nel modo pi\u00f9 efficace possibile, degli spazi pubblicitari che, dove opportuno, l&#8217;editore ha incluso su un sito web, applicazione o piattaforma da cui fornisce il servizio richiesto, basandosi su criteri come il contenuto modificato o la frequenza con cui vengono mostrati gli annunci.<\/li><li><strong>Cookie di pubblicit\u00e0 comportamentale: <\/strong> Sono quelli che consentono la gestione, nel modo pi\u00f9 efficiente possibile, degli spazi pubblicitari che, se del caso, l&#8217;editore ha incluso in una pagina web, applicazione o piattaforma da cui fornisce il servizio richiesto. Questi cookie memorizzano informazioni sul comportamento degli utenti ottenute attraverso l&#8217;osservazione continua delle loro abitudini di navigazione, che consente di sviluppare un profilo specifico per visualizzare pubblicit\u00e0 basata su di esso.<\/li><\/ul><\/div><div> <\/div><div>Questo sito web pu\u00f2 utilizzare i cookie per facilitare la navigazione e migliorare la qualit\u00e0 della fornitura dei nostri servizi all&#8217;utente in modo anonimo. Tuttavia, l&#8217;utente pu\u00f2 configurare il proprio computer per accettare o rifiutare i cookie che riceve (preferenze o opzioni sulla privacy del proprio browser).<\/div><div> <\/div><div>[cookie_audit columns=&#8221;cookie,description&#8221; heading=&#8221;La siguiente lista detalla las cookies utilizadas en nuestro sitio web.&#8221;]<\/div><div> <\/div><h3>Come posso controllare le mie preferenze sui cookie?<\/h3><div>Se decidi di modificare le tue preferenze in un secondo momento durante la sessione di navigazione, puoi fare clic sulla scheda &#8220;Politica di Privacy e cookie&#8221; sullo schermo. Questo visualizzer\u00e0 nuovamente l&#8217;avviso di consenso, permettendoti di modificare le tue preferenze o ritirare del tutto il tuo consenso.<\/div><div>Oltre a questo, diversi browser forniscono diversi metodi per bloccare ed eliminare i cookie utilizzati dai siti web. \u00c8 possibile modificare le impostazioni del browser per bloccare\/eliminare i cookie:<\/div><ul><li>Internet Explorer: <a href=\"https:\/\/support.microsoft.com\/es-es\/help\/17442\/windowsinternet-explorer-delete-manage-cookies\">https:\/\/support.microsoft.com\/es-es\/help\/17442\/windowsinternet-explorer-delete-manage-cookies<\/a><\/li><li>Mozilla Firefox: <a href=\"https:\/\/support.mozilla.org\/es\/kb\/cookies-informacion-que-lossitios-web-guardan-en-?redirectlocale=en-US&amp;redirectslug=Cookies\">https:\/\/support.mozilla.org\/es\/kb\/cookies-informacion-que-lossitios-web-guardan-en-?redirectlocale=en-US&amp;redirectslug=Cookies<\/a><\/li><li>Google Chrome: <a href=\"https:\/\/support.google.com\/chrome\/answer\/95647?hl=es\">https:\/\/support.google.com\/chrome\/answer\/95647?hl=es<\/a><\/li><li>Safari: <a href=\"https:\/\/support.apple.com\/kb\/ph21411?locale=es_ES\">https:\/\/support.apple.com\/kb\/ph21411?locale=es_ES<\/a><\/li><\/ul><div>Per ulteriori informazioni sui cookie, incluso come funzionano i cookie e come gestirli ed eliminarli, visitare www.aboutcookies.org.<\/div><\/div>\t\t\t\t\t\t\t\t<\/div>\n\t\t\t\t<\/div>\n\t\t\t\t\t<\/div>\n\t\t\t\t<\/div>\n\t\t\t\t<\/div>\n\t\t","protected":false},"excerpt":{"rendered":"<p>Politica sui cookie Informazioni sulla politica sui cookie La presente Informativa sui cookie spiega cosa sono i cookie e come li utilizziamo, i tipi di cookie che utilizziamo, ovvero le informazioni che raccogliamo utilizzando i cookie e come vengono utilizzate tali informazioni e come controllare le preferenze dei cookie. Per ulteriori informazioni su come utilizziamo, [&hellip;]<\/p>\n","protected":false},"author":1,"featured_media":0,"parent":0,"menu_order":0,"comment_status":"closed","ping_status":"closed","template":"","meta":{"_acf_changed":false,"footnotes":""},"class_list":["post-84076","page","type-page","status-publish","hentry"],"acf":[],"yoast_head":"<!-- This site is optimized with the Yoast SEO plugin v27.2 - https:\/\/yoast.com\/product\/yoast-seo-wordpress\/ -->\n<title>Politica sui cookie - Kerama<\/title>\n<meta name=\"description\" content=\"Politica sui cookie del sito Kerama specializzata nella vendita di mobili da esterno per giardini, terrazze e balconi.\" \/>\n<meta name=\"robots\" content=\"noindex, follow\" \/>\n<meta property=\"og:locale\" content=\"it_IT\" \/>\n<meta property=\"og:type\" content=\"article\" \/>\n<meta property=\"og:title\" content=\"Politica sui cookie - Kerama\" \/>\n<meta property=\"og:description\" content=\"Politica sui cookie del sito Kerama specializzata nella vendita di mobili da esterno per giardini, terrazze e balconi.\" \/>\n<meta property=\"og:url\" content=\"https:\/\/keramamueblesdejardin.com\/it\/politica-sui-cookie\/\" \/>\n<meta property=\"og:site_name\" content=\"Kerama\" \/>\n<meta property=\"article:publisher\" content=\"https:\/\/www.facebook.com\/Kerama-Muebles-de-Jard%c3%adn-106209328312568\/\" \/>\n<meta property=\"article:modified_time\" content=\"2026-02-11T14:20:23+00:00\" \/>\n<meta property=\"og:image\" content=\"https:\/\/keramamueblesdejardin.com\/wp-content\/uploads\/2025\/05\/logo-kerama.png\" \/>\n\t<meta property=\"og:image:width\" content=\"800\" \/>\n\t<meta property=\"og:image:height\" content=\"174\" \/>\n\t<meta property=\"og:image:type\" content=\"image\/png\" \/>\n<meta name=\"twitter:card\" content=\"summary_large_image\" \/>\n<meta name=\"twitter:label1\" content=\"Tempo di lettura stimato\" \/>\n\t<meta name=\"twitter:data1\" content=\"7 minuti\" \/>\n<script type=\"application\/ld+json\" class=\"yoast-schema-graph\">{\"@context\":\"https:\/\/schema.org\",\"@graph\":[{\"@type\":\"WebPage\",\"@id\":\"https:\/\/keramamueblesdejardin.com\/it\/politica-sui-cookie\/\",\"url\":\"https:\/\/keramamueblesdejardin.com\/it\/politica-sui-cookie\/\",\"name\":\"Politica sui cookie - Kerama\",\"isPartOf\":{\"@id\":\"https:\/\/keramamueblesdejardin.com\/it\/#website\"},\"primaryImageOfPage\":{\"@id\":\"https:\/\/keramamueblesdejardin.com\/it\/politica-sui-cookie\/#primaryimage\"},\"image\":{\"@id\":\"https:\/\/keramamueblesdejardin.com\/it\/politica-sui-cookie\/#primaryimage\"},\"thumbnailUrl\":\"https:\/\/keramamueblesdejardin.com\/wp-content\/uploads\/2025\/05\/logo-kerama.png\",\"datePublished\":\"2021-01-19T11:56:35+00:00\",\"dateModified\":\"2026-02-11T14:20:23+00:00\",\"description\":\"Politica sui cookie del sito Kerama specializzata nella vendita di mobili da esterno per giardini, terrazze e balconi.\",\"breadcrumb\":{\"@id\":\"https:\/\/keramamueblesdejardin.com\/it\/politica-sui-cookie\/#breadcrumb\"},\"inLanguage\":\"it-IT\",\"potentialAction\":[{\"@type\":\"ReadAction\",\"target\":[\"https:\/\/keramamueblesdejardin.com\/it\/politica-sui-cookie\/\"]}]},{\"@type\":\"ImageObject\",\"inLanguage\":\"it-IT\",\"@id\":\"https:\/\/keramamueblesdejardin.com\/it\/politica-sui-cookie\/#primaryimage\",\"url\":\"https:\/\/keramamueblesdejardin.com\/wp-content\/uploads\/2025\/05\/logo-kerama.png\",\"contentUrl\":\"https:\/\/keramamueblesdejardin.com\/wp-content\/uploads\/2025\/05\/logo-kerama.png\"},{\"@type\":\"BreadcrumbList\",\"@id\":\"https:\/\/keramamueblesdejardin.com\/it\/politica-sui-cookie\/#breadcrumb\",\"itemListElement\":[{\"@type\":\"ListItem\",\"position\":1,\"name\":\"Home\",\"item\":\"https:\/\/keramamueblesdejardin.com\/it\/\"},{\"@type\":\"ListItem\",\"position\":2,\"name\":\"Politica sui cookie\"}]},{\"@type\":\"WebSite\",\"@id\":\"https:\/\/keramamueblesdejardin.com\/it\/#website\",\"url\":\"https:\/\/keramamueblesdejardin.com\/it\/\",\"name\":\"Kerama\",\"description\":\"muebles de jard\u00edn\",\"publisher\":{\"@id\":\"https:\/\/keramamueblesdejardin.com\/it\/#organization\"},\"potentialAction\":[{\"@type\":\"SearchAction\",\"target\":{\"@type\":\"EntryPoint\",\"urlTemplate\":\"https:\/\/keramamueblesdejardin.com\/it\/?s={search_term_string}\"},\"query-input\":{\"@type\":\"PropertyValueSpecification\",\"valueRequired\":true,\"valueName\":\"search_term_string\"}}],\"inLanguage\":\"it-IT\"},{\"@type\":\"Organization\",\"@id\":\"https:\/\/keramamueblesdejardin.com\/it\/#organization\",\"name\":\"kerama\",\"url\":\"https:\/\/keramamueblesdejardin.com\/it\/\",\"logo\":{\"@type\":\"ImageObject\",\"inLanguage\":\"it-IT\",\"@id\":\"https:\/\/keramamueblesdejardin.com\/it\/#\/schema\/logo\/image\/\",\"url\":\"https:\/\/keramamueblesdejardin.com\/wp-content\/uploads\/2020\/12\/k.-scaled.jpg\",\"contentUrl\":\"https:\/\/keramamueblesdejardin.com\/wp-content\/uploads\/2020\/12\/k.-scaled.jpg\",\"width\":2560,\"height\":551,\"caption\":\"kerama\"},\"image\":{\"@id\":\"https:\/\/keramamueblesdejardin.com\/it\/#\/schema\/logo\/image\/\"},\"sameAs\":[\"https:\/\/www.facebook.com\/Kerama-Muebles-de-Jard\u00edn-106209328312568\/\"]}]}<\/script>\n<!-- \/ Yoast SEO plugin. -->","yoast_head_json":{"title":"Politica sui cookie - Kerama","description":"Politica sui cookie del sito Kerama specializzata nella vendita di mobili da esterno per giardini, terrazze e balconi.","robots":{"index":"noindex","follow":"follow"},"og_locale":"it_IT","og_type":"article","og_title":"Politica sui cookie - Kerama","og_description":"Politica sui cookie del sito Kerama specializzata nella vendita di mobili da esterno per giardini, terrazze e balconi.","og_url":"https:\/\/keramamueblesdejardin.com\/it\/politica-sui-cookie\/","og_site_name":"Kerama","article_publisher":"https:\/\/www.facebook.com\/Kerama-Muebles-de-Jard%c3%adn-106209328312568\/","article_modified_time":"2026-02-11T14:20:23+00:00","og_image":[{"width":800,"height":174,"url":"https:\/\/keramamueblesdejardin.com\/wp-content\/uploads\/2025\/05\/logo-kerama.png","type":"image\/png"}],"twitter_card":"summary_large_image","twitter_misc":{"Tempo di lettura stimato":"7 minuti"},"schema":{"@context":"https:\/\/schema.org","@graph":[{"@type":"WebPage","@id":"https:\/\/keramamueblesdejardin.com\/it\/politica-sui-cookie\/","url":"https:\/\/keramamueblesdejardin.com\/it\/politica-sui-cookie\/","name":"Politica sui cookie - Kerama","isPartOf":{"@id":"https:\/\/keramamueblesdejardin.com\/it\/#website"},"primaryImageOfPage":{"@id":"https:\/\/keramamueblesdejardin.com\/it\/politica-sui-cookie\/#primaryimage"},"image":{"@id":"https:\/\/keramamueblesdejardin.com\/it\/politica-sui-cookie\/#primaryimage"},"thumbnailUrl":"https:\/\/keramamueblesdejardin.com\/wp-content\/uploads\/2025\/05\/logo-kerama.png","datePublished":"2021-01-19T11:56:35+00:00","dateModified":"2026-02-11T14:20:23+00:00","description":"Politica sui cookie del sito Kerama specializzata nella vendita di mobili da esterno per giardini, terrazze e balconi.","breadcrumb":{"@id":"https:\/\/keramamueblesdejardin.com\/it\/politica-sui-cookie\/#breadcrumb"},"inLanguage":"it-IT","potentialAction":[{"@type":"ReadAction","target":["https:\/\/keramamueblesdejardin.com\/it\/politica-sui-cookie\/"]}]},{"@type":"ImageObject","inLanguage":"it-IT","@id":"https:\/\/keramamueblesdejardin.com\/it\/politica-sui-cookie\/#primaryimage","url":"https:\/\/keramamueblesdejardin.com\/wp-content\/uploads\/2025\/05\/logo-kerama.png","contentUrl":"https:\/\/keramamueblesdejardin.com\/wp-content\/uploads\/2025\/05\/logo-kerama.png"},{"@type":"BreadcrumbList","@id":"https:\/\/keramamueblesdejardin.com\/it\/politica-sui-cookie\/#breadcrumb","itemListElement":[{"@type":"ListItem","position":1,"name":"Home","item":"https:\/\/keramamueblesdejardin.com\/it\/"},{"@type":"ListItem","position":2,"name":"Politica sui cookie"}]},{"@type":"WebSite","@id":"https:\/\/keramamueblesdejardin.com\/it\/#website","url":"https:\/\/keramamueblesdejardin.com\/it\/","name":"Kerama","description":"muebles de jard\u00edn","publisher":{"@id":"https:\/\/keramamueblesdejardin.com\/it\/#organization"},"potentialAction":[{"@type":"SearchAction","target":{"@type":"EntryPoint","urlTemplate":"https:\/\/keramamueblesdejardin.com\/it\/?s={search_term_string}"},"query-input":{"@type":"PropertyValueSpecification","valueRequired":true,"valueName":"search_term_string"}}],"inLanguage":"it-IT"},{"@type":"Organization","@id":"https:\/\/keramamueblesdejardin.com\/it\/#organization","name":"kerama","url":"https:\/\/keramamueblesdejardin.com\/it\/","logo":{"@type":"ImageObject","inLanguage":"it-IT","@id":"https:\/\/keramamueblesdejardin.com\/it\/#\/schema\/logo\/image\/","url":"https:\/\/keramamueblesdejardin.com\/wp-content\/uploads\/2020\/12\/k.-scaled.jpg","contentUrl":"https:\/\/keramamueblesdejardin.com\/wp-content\/uploads\/2020\/12\/k.-scaled.jpg","width":2560,"height":551,"caption":"kerama"},"image":{"@id":"https:\/\/keramamueblesdejardin.com\/it\/#\/schema\/logo\/image\/"},"sameAs":["https:\/\/www.facebook.com\/Kerama-Muebles-de-Jard\u00edn-106209328312568\/"]}]}},"_links":{"self":[{"href":"https:\/\/keramamueblesdejardin.com\/it\/wp-json\/wp\/v2\/pages\/84076","targetHints":{"allow":["GET"]}}],"collection":[{"href":"https:\/\/keramamueblesdejardin.com\/it\/wp-json\/wp\/v2\/pages"}],"about":[{"href":"https:\/\/keramamueblesdejardin.com\/it\/wp-json\/wp\/v2\/types\/page"}],"author":[{"embeddable":true,"href":"https:\/\/keramamueblesdejardin.com\/it\/wp-json\/wp\/v2\/users\/1"}],"replies":[{"embeddable":true,"href":"https:\/\/keramamueblesdejardin.com\/it\/wp-json\/wp\/v2\/comments?post=84076"}],"version-history":[{"count":5,"href":"https:\/\/keramamueblesdejardin.com\/it\/wp-json\/wp\/v2\/pages\/84076\/revisions"}],"predecessor-version":[{"id":192159,"href":"https:\/\/keramamueblesdejardin.com\/it\/wp-json\/wp\/v2\/pages\/84076\/revisions\/192159"}],"wp:attachment":[{"href":"https:\/\/keramamueblesdejardin.com\/it\/wp-json\/wp\/v2\/media?parent=84076"}],"curies":[{"name":"wp","href":"https:\/\/api.w.org\/{rel}","templated":true}]}}