{"id":84067,"date":"2021-01-19T12:37:15","date_gmt":"2021-01-19T11:37:15","guid":{"rendered":"https:\/\/keramamueblesdejardin.com\/metodi-di-pagamento\/"},"modified":"2026-02-11T14:52:11","modified_gmt":"2026-02-11T13:52:11","slug":"metodi-di-pagamento","status":"publish","type":"page","link":"https:\/\/keramamueblesdejardin.com\/it\/metodi-di-pagamento\/","title":{"rendered":"Metodi di pagamento"},"content":{"rendered":"\t\t<div data-elementor-type=\"wp-page\" data-elementor-id=\"84067\" class=\"elementor elementor-84067 elementor-7277\" data-elementor-post-type=\"page\">\n\t\t\t\t<div class=\"elementor-element elementor-element-c7bb200 e-flex e-con-boxed e-con e-parent\" data-id=\"c7bb200\" data-element_type=\"container\" data-e-type=\"container\" data-settings=\"{&quot;background_background&quot;:&quot;classic&quot;}\">\n\t\t\t\t\t<div class=\"e-con-inner\">\n\t\t\t\t<div class=\"elementor-element elementor-element-c2d1d4f elementor-widget elementor-widget-image\" data-id=\"c2d1d4f\" data-element_type=\"widget\" data-e-type=\"widget\" data-widget_type=\"image.default\">\n\t\t\t\t<div class=\"elementor-widget-container\">\n\t\t\t\t\t\t\t\t\t\t\t\t\t\t\t<img fetchpriority=\"high\" decoding=\"async\" width=\"800\" height=\"174\" src=\"https:\/\/keramamueblesdejardin.com\/wp-content\/uploads\/2025\/05\/logo-kerama.png\" class=\"attachment-large size-large wp-image-178529\" alt=\"\" srcset=\"https:\/\/keramamueblesdejardin.com\/wp-content\/uploads\/2025\/05\/logo-kerama.png 800w, https:\/\/keramamueblesdejardin.com\/wp-content\/uploads\/2025\/05\/logo-kerama-300x65.png 300w, https:\/\/keramamueblesdejardin.com\/wp-content\/uploads\/2025\/05\/logo-kerama-768x167.png 768w\" sizes=\"(max-width: 800px) 100vw, 800px\" \/>\t\t\t\t\t\t\t\t\t\t\t\t\t\t\t<\/div>\n\t\t\t\t<\/div>\n\t\t\t\t<div class=\"elementor-element elementor-element-ffcd1fe elementor-widget__width-initial elementor-widget elementor-widget-heading\" data-id=\"ffcd1fe\" data-element_type=\"widget\" data-e-type=\"widget\" data-widget_type=\"heading.default\">\n\t\t\t\t<div class=\"elementor-widget-container\">\n\t\t\t\t\t<div class=\"elementor-heading-title elementor-size-default\">Metodi di pagamento<\/div>\t\t\t\t<\/div>\n\t\t\t\t<\/div>\n\t\t\t\t<div class=\"elementor-element elementor-element-204e963 elementor-widget elementor-widget-image\" data-id=\"204e963\" data-element_type=\"widget\" data-e-type=\"widget\" data-widget_type=\"image.default\">\n\t\t\t\t<div class=\"elementor-widget-container\">\n\t\t\t\t\t\t\t\t\t\t\t\t\t\t\t<img decoding=\"async\" width=\"48\" height=\"48\" src=\"https:\/\/keramamueblesdejardin.com\/wp-content\/uploads\/2025\/12\/arrow_cool_down.svg\" class=\"attachment-full size-full wp-image-192102\" alt=\"\" \/>\t\t\t\t\t\t\t\t\t\t\t\t\t\t\t<\/div>\n\t\t\t\t<\/div>\n\t\t\t\t\t<\/div>\n\t\t\t\t<\/div>\n\t\t<div class=\"elementor-element elementor-element-2566afed e-flex e-con-boxed e-con e-parent\" data-id=\"2566afed\" data-element_type=\"container\" data-e-type=\"container\">\n\t\t\t\t\t<div class=\"e-con-inner\">\n\t\t\t\t<div class=\"elementor-element elementor-element-597ff982 elementor-widget elementor-widget-text-editor\" data-id=\"597ff982\" data-element_type=\"widget\" data-e-type=\"widget\" data-widget_type=\"text-editor.default\">\n\t\t\t\t<div class=\"elementor-widget-container\">\n\t\t\t\t\t\t\t\t\t<h3>PAGAMENTO RATEALE<\/h3><p>Dividi il pagamento del tuo ordine in 3, 6 o 12 mesi solo per un piccolo costo fisso al mese. Solo con il tuo documento d&#8217;identit\u00e0, cellulare e carta di credito. Puoi completare il pagamento quando vuoi senza costi aggiuntivi.<\/p><p>Ad esempio, se scegli di pagare un ordine di 180\u20ac in 3 mesi, pagherai 63\u20ac al mese (solo 3\u20ac al mese per rata).<\/p><p>Ecco quanto \u00e8 facile e veloce dividere il pagamento con SeQura:<\/p><p>1. Seleziona Divide il pagamento come metodo di pagamento al momento del pagamento.<br>2. Inserisci i tuoi dati (ID e cellulare), scegli il piano di pagamento e paga la prima rata mensile.<br>3. Buon acquisto! Tutti gli altri pagamenti verranno effettuati automaticamente ogni mese.<\/p><p>Se hai dubbi, risolvili <a href=\"https:\/\/www.sequra.es\/preguntas-frecuentes\/?utm_source=merchant&amp;utm_medium=paginainfo&amp;utm_term=faqs&amp;utm_content=descripci%C3%B3n_PP3_SQ&amp;utm_campaign=paginainfometodosdepago\" target=\"_blank\" rel=\"noopener noreferrer\">qui<\/a>.<\/p><h3 class=\"font_3\">CARTA DI CREDITO<\/h3><p class=\"font_8\">Garantiamo che ogni transazione effettuata su KERAMA \u00e8 sicura al 100%. Tutte le operazioni che comportano la trasmissione di dati personali o bancari vengono eseguite utilizzando un ambiente sicuro. Il nostro negozio kerama.es utilizza un server basato sulla tecnologia di sicurezza SSL (Secure Socked Layer) standard. Tutte le informazioni che ci trasmettete viaggiano crittografate attraverso la rete.<\/p><p class=\"font_8\">Allo stesso modo, i dati sulla tua carta di credito non sono registrati in alcun database ma vanno direttamente al POS (Point of Sale Terminal della Banca).<\/p><p class=\"font_8\">Ti informiamo inoltre che nel tentativo di fornire una maggiore sicurezza ai proprietari di carte di credito, abbiamo incorporato nel nostro gateway di pagamento il sistema di pagamento sicuro chiamato CES (Secure Electronic Commerce). In questo modo, se sei titolare di una carta &#8220;protetta&#8221; puoi sempre effettuare pagamenti con carta VISA, MASTERCARD o AMERICAN EXPRESS nel nostro negozio.<\/p><p class=\"font_8\">Nel caso in cui la tua carta non sia collegata a questo sistema di pagamento, kerama.es accetter\u00e0 solo pagamenti con carta di credito VISA, MASTERCARD o AMERICAN EXPRESS a clienti con anzianit\u00e0 e affidabilit\u00e0 precedentemente dimostrate.<\/p><p class=\"font_8\">In tutti i casi, quando paghi con carta VISA, MASTERCARD o AMERICAN EXPRESS ti verranno sempre richieste le seguenti informazioni: il numero della carta, la data di scadenza e un codice di convalida che corrisponde alle ultime 3 cifre del numero stampato in corsivo sul retro della tua carta VISA, MASTERCARD o AMERICAN EXPRESS,  offrendo, in questo modo, maggiori garanzie sulla sicurezza della transazione.<\/p><h3 class=\"font_3\">BONIFICO<\/h3><p class=\"font_8\">Garantiamo che ogni transazione effettuata su KERAMA \u00e8 sicura al 100%. Tutte le operazioni che comportano la trasmissione di dati personali o bancari vengono eseguite utilizzando un ambiente sicuro. Il nostro negozio kerama.es utilizza un server basato sulla tecnologia di sicurezza SSL (Secure Socked Layer) standard. Tutte le informazioni che ci trasmettete viaggiano crittografate attraverso la rete.<\/p><p class=\"font_8\">In questo caso, un deposito dell&#8217;importo totale dell&#8217;ordine viene effettuato nel numero di conto fornito. Una volta effettuato il pagamento, l&#8217;ordine viene preparato e la spedizione viene gestita. <\/p><p class=\"font_8\">Se per qualsiasi motivo non sei soddisfatto del tuo ordine, hai un periodo di 14 giorni di calendario, a partire dalla data di consegna dell&#8217;ordine per il rimborso del denaro e un mese per le modifiche. Devi solo inviarci il prodotto in perfette condizioni e nella sua confezione originale, comprese garanzie, etichette e istruzioni per l&#8217;uso. In caso di cambio, dovrai pagare le spese di spedizione del reso e della nuova spedizione.<\/p><p class=\"font_8\">\u00c8 molto importante restituire il cambio o restituire i prodotti perfettamente imballati. Nel caso in cui i prodotti risultino danneggiati a causa di un imballaggio improprio, non accetteremo il reso. La restituzione di articoli senza il loro sigillo originale non sar\u00e0 accettata neanche.<\/p><p class=\"font_8\">Una volta ricevuta la merce nei nostri magazzini e verificato che tutte le condizioni di cui sopra siano soddisfatte, KERAMA accetter\u00e0 la restituzione del prodotto e proceder\u00e0 al rimborso del suo importo secondo il metodo di pagamento effettuato e, se del caso, alla spedizione del nuovo prodotto:<\/p><ul><li class=\"font_8\">Se hai effettuato il pagamento con carta di credito, l&#8217;importo verr\u00e0 accreditato sulla stessa carta di credito.<\/li><li class=\"font_8\">Se hai effettuato il pagamento tramite bonifico bancario, ti chiederemo un numero di conto dove puoi pagare l&#8217;importo.<br><br><\/li><\/ul><p class=\"font_8\">Nota. Riceverai il rimborso dell&#8217;importo entro un periodo massimo di 10 giorni dal ricevimento nel nostro magazzino del cambio o restituzione del prodotto. Tieni presente che se hai pagato con carta di credito, probabilmente la tua banca non ti mostrer\u00e0 l&#8217;importo del rimborso nel tuo saldo fino al mese successivo.<\/p><p class=\"font_8\">In caso di prodotti difettosi o spedizioni errate, tutte le spese di spedizione saranno a carico di KERAMA.<\/p>\t\t\t\t\t\t\t\t<\/div>\n\t\t\t\t<\/div>\n\t\t\t\t\t<\/div>\n\t\t\t\t<\/div>\n\t\t\t\t<\/div>\n\t\t","protected":false},"excerpt":{"rendered":"<p>Metodi di pagamento PAGAMENTO RATEALE Dividi il pagamento del tuo ordine in 3, 6 o 12 mesi solo per un piccolo costo fisso al mese. Solo con il tuo documento d&#8217;identit\u00e0, cellulare e carta di credito. Puoi completare il pagamento quando vuoi senza costi aggiuntivi. Ad esempio, se scegli di pagare un ordine di 180\u20ac [&hellip;]<\/p>\n","protected":false},"author":1,"featured_media":0,"parent":0,"menu_order":0,"comment_status":"closed","ping_status":"open","template":"","meta":{"_acf_changed":false,"footnotes":""},"class_list":["post-84067","page","type-page","status-publish","hentry"],"acf":[],"yoast_head":"<!-- This site is optimized with the Yoast SEO plugin v27.2 - https:\/\/yoast.com\/product\/yoast-seo-wordpress\/ -->\n<title>Metodi di pagamento - Kerama<\/title>\n<meta name=\"description\" content=\"Metodi di pagamento del sito Kerama specializzato nella vendita di mobili da esterno per giardini, terrazze e balconi.\" \/>\n<meta name=\"robots\" content=\"noindex, follow\" \/>\n<meta property=\"og:locale\" content=\"it_IT\" \/>\n<meta property=\"og:type\" content=\"article\" \/>\n<meta property=\"og:title\" content=\"Metodi di pagamento - Kerama\" \/>\n<meta property=\"og:description\" content=\"Metodi di pagamento del sito Kerama specializzato nella vendita di mobili da esterno per giardini, terrazze e balconi.\" \/>\n<meta property=\"og:url\" content=\"https:\/\/keramamueblesdejardin.com\/it\/metodi-di-pagamento\/\" \/>\n<meta property=\"og:site_name\" content=\"Kerama\" \/>\n<meta property=\"article:publisher\" content=\"https:\/\/www.facebook.com\/Kerama-Muebles-de-Jard%c3%adn-106209328312568\/\" \/>\n<meta property=\"article:modified_time\" content=\"2026-02-11T13:52:11+00:00\" \/>\n<meta property=\"og:image\" content=\"https:\/\/keramamueblesdejardin.com\/wp-content\/uploads\/2025\/05\/logo-kerama.png\" \/>\n\t<meta property=\"og:image:width\" content=\"800\" \/>\n\t<meta property=\"og:image:height\" content=\"174\" \/>\n\t<meta property=\"og:image:type\" content=\"image\/png\" \/>\n<meta name=\"twitter:card\" content=\"summary_large_image\" \/>\n<meta name=\"twitter:label1\" content=\"Tempo di lettura stimato\" \/>\n\t<meta name=\"twitter:data1\" content=\"4 minuti\" \/>\n<script type=\"application\/ld+json\" class=\"yoast-schema-graph\">{\"@context\":\"https:\/\/schema.org\",\"@graph\":[{\"@type\":\"WebPage\",\"@id\":\"https:\/\/keramamueblesdejardin.com\/it\/metodi-di-pagamento\/\",\"url\":\"https:\/\/keramamueblesdejardin.com\/it\/metodi-di-pagamento\/\",\"name\":\"Metodi di pagamento - Kerama\",\"isPartOf\":{\"@id\":\"https:\/\/keramamueblesdejardin.com\/it\/#website\"},\"primaryImageOfPage\":{\"@id\":\"https:\/\/keramamueblesdejardin.com\/it\/metodi-di-pagamento\/#primaryimage\"},\"image\":{\"@id\":\"https:\/\/keramamueblesdejardin.com\/it\/metodi-di-pagamento\/#primaryimage\"},\"thumbnailUrl\":\"https:\/\/keramamueblesdejardin.com\/wp-content\/uploads\/2025\/05\/logo-kerama.png\",\"datePublished\":\"2021-01-19T11:37:15+00:00\",\"dateModified\":\"2026-02-11T13:52:11+00:00\",\"description\":\"Metodi di pagamento del sito Kerama specializzato nella vendita di mobili da esterno per giardini, terrazze e balconi.\",\"breadcrumb\":{\"@id\":\"https:\/\/keramamueblesdejardin.com\/it\/metodi-di-pagamento\/#breadcrumb\"},\"inLanguage\":\"it-IT\",\"potentialAction\":[{\"@type\":\"ReadAction\",\"target\":[\"https:\/\/keramamueblesdejardin.com\/it\/metodi-di-pagamento\/\"]}]},{\"@type\":\"ImageObject\",\"inLanguage\":\"it-IT\",\"@id\":\"https:\/\/keramamueblesdejardin.com\/it\/metodi-di-pagamento\/#primaryimage\",\"url\":\"https:\/\/keramamueblesdejardin.com\/wp-content\/uploads\/2025\/05\/logo-kerama.png\",\"contentUrl\":\"https:\/\/keramamueblesdejardin.com\/wp-content\/uploads\/2025\/05\/logo-kerama.png\"},{\"@type\":\"BreadcrumbList\",\"@id\":\"https:\/\/keramamueblesdejardin.com\/it\/metodi-di-pagamento\/#breadcrumb\",\"itemListElement\":[{\"@type\":\"ListItem\",\"position\":1,\"name\":\"Home\",\"item\":\"https:\/\/keramamueblesdejardin.com\/it\/\"},{\"@type\":\"ListItem\",\"position\":2,\"name\":\"Metodi di pagamento\"}]},{\"@type\":\"WebSite\",\"@id\":\"https:\/\/keramamueblesdejardin.com\/it\/#website\",\"url\":\"https:\/\/keramamueblesdejardin.com\/it\/\",\"name\":\"Kerama\",\"description\":\"muebles de jard\u00edn\",\"publisher\":{\"@id\":\"https:\/\/keramamueblesdejardin.com\/it\/#organization\"},\"potentialAction\":[{\"@type\":\"SearchAction\",\"target\":{\"@type\":\"EntryPoint\",\"urlTemplate\":\"https:\/\/keramamueblesdejardin.com\/it\/?s={search_term_string}\"},\"query-input\":{\"@type\":\"PropertyValueSpecification\",\"valueRequired\":true,\"valueName\":\"search_term_string\"}}],\"inLanguage\":\"it-IT\"},{\"@type\":\"Organization\",\"@id\":\"https:\/\/keramamueblesdejardin.com\/it\/#organization\",\"name\":\"kerama\",\"url\":\"https:\/\/keramamueblesdejardin.com\/it\/\",\"logo\":{\"@type\":\"ImageObject\",\"inLanguage\":\"it-IT\",\"@id\":\"https:\/\/keramamueblesdejardin.com\/it\/#\/schema\/logo\/image\/\",\"url\":\"https:\/\/keramamueblesdejardin.com\/wp-content\/uploads\/2020\/12\/k.-scaled.jpg\",\"contentUrl\":\"https:\/\/keramamueblesdejardin.com\/wp-content\/uploads\/2020\/12\/k.-scaled.jpg\",\"width\":2560,\"height\":551,\"caption\":\"kerama\"},\"image\":{\"@id\":\"https:\/\/keramamueblesdejardin.com\/it\/#\/schema\/logo\/image\/\"},\"sameAs\":[\"https:\/\/www.facebook.com\/Kerama-Muebles-de-Jard\u00edn-106209328312568\/\"]}]}<\/script>\n<!-- \/ Yoast SEO plugin. -->","yoast_head_json":{"title":"Metodi di pagamento - Kerama","description":"Metodi di pagamento del sito Kerama specializzato nella vendita di mobili da esterno per giardini, terrazze e balconi.","robots":{"index":"noindex","follow":"follow"},"og_locale":"it_IT","og_type":"article","og_title":"Metodi di pagamento - Kerama","og_description":"Metodi di pagamento del sito Kerama specializzato nella vendita di mobili da esterno per giardini, terrazze e balconi.","og_url":"https:\/\/keramamueblesdejardin.com\/it\/metodi-di-pagamento\/","og_site_name":"Kerama","article_publisher":"https:\/\/www.facebook.com\/Kerama-Muebles-de-Jard%c3%adn-106209328312568\/","article_modified_time":"2026-02-11T13:52:11+00:00","og_image":[{"width":800,"height":174,"url":"https:\/\/keramamueblesdejardin.com\/wp-content\/uploads\/2025\/05\/logo-kerama.png","type":"image\/png"}],"twitter_card":"summary_large_image","twitter_misc":{"Tempo di lettura stimato":"4 minuti"},"schema":{"@context":"https:\/\/schema.org","@graph":[{"@type":"WebPage","@id":"https:\/\/keramamueblesdejardin.com\/it\/metodi-di-pagamento\/","url":"https:\/\/keramamueblesdejardin.com\/it\/metodi-di-pagamento\/","name":"Metodi di pagamento - Kerama","isPartOf":{"@id":"https:\/\/keramamueblesdejardin.com\/it\/#website"},"primaryImageOfPage":{"@id":"https:\/\/keramamueblesdejardin.com\/it\/metodi-di-pagamento\/#primaryimage"},"image":{"@id":"https:\/\/keramamueblesdejardin.com\/it\/metodi-di-pagamento\/#primaryimage"},"thumbnailUrl":"https:\/\/keramamueblesdejardin.com\/wp-content\/uploads\/2025\/05\/logo-kerama.png","datePublished":"2021-01-19T11:37:15+00:00","dateModified":"2026-02-11T13:52:11+00:00","description":"Metodi di pagamento del sito Kerama specializzato nella vendita di mobili da esterno per giardini, terrazze e balconi.","breadcrumb":{"@id":"https:\/\/keramamueblesdejardin.com\/it\/metodi-di-pagamento\/#breadcrumb"},"inLanguage":"it-IT","potentialAction":[{"@type":"ReadAction","target":["https:\/\/keramamueblesdejardin.com\/it\/metodi-di-pagamento\/"]}]},{"@type":"ImageObject","inLanguage":"it-IT","@id":"https:\/\/keramamueblesdejardin.com\/it\/metodi-di-pagamento\/#primaryimage","url":"https:\/\/keramamueblesdejardin.com\/wp-content\/uploads\/2025\/05\/logo-kerama.png","contentUrl":"https:\/\/keramamueblesdejardin.com\/wp-content\/uploads\/2025\/05\/logo-kerama.png"},{"@type":"BreadcrumbList","@id":"https:\/\/keramamueblesdejardin.com\/it\/metodi-di-pagamento\/#breadcrumb","itemListElement":[{"@type":"ListItem","position":1,"name":"Home","item":"https:\/\/keramamueblesdejardin.com\/it\/"},{"@type":"ListItem","position":2,"name":"Metodi di pagamento"}]},{"@type":"WebSite","@id":"https:\/\/keramamueblesdejardin.com\/it\/#website","url":"https:\/\/keramamueblesdejardin.com\/it\/","name":"Kerama","description":"muebles de jard\u00edn","publisher":{"@id":"https:\/\/keramamueblesdejardin.com\/it\/#organization"},"potentialAction":[{"@type":"SearchAction","target":{"@type":"EntryPoint","urlTemplate":"https:\/\/keramamueblesdejardin.com\/it\/?s={search_term_string}"},"query-input":{"@type":"PropertyValueSpecification","valueRequired":true,"valueName":"search_term_string"}}],"inLanguage":"it-IT"},{"@type":"Organization","@id":"https:\/\/keramamueblesdejardin.com\/it\/#organization","name":"kerama","url":"https:\/\/keramamueblesdejardin.com\/it\/","logo":{"@type":"ImageObject","inLanguage":"it-IT","@id":"https:\/\/keramamueblesdejardin.com\/it\/#\/schema\/logo\/image\/","url":"https:\/\/keramamueblesdejardin.com\/wp-content\/uploads\/2020\/12\/k.-scaled.jpg","contentUrl":"https:\/\/keramamueblesdejardin.com\/wp-content\/uploads\/2020\/12\/k.-scaled.jpg","width":2560,"height":551,"caption":"kerama"},"image":{"@id":"https:\/\/keramamueblesdejardin.com\/it\/#\/schema\/logo\/image\/"},"sameAs":["https:\/\/www.facebook.com\/Kerama-Muebles-de-Jard\u00edn-106209328312568\/"]}]}},"_links":{"self":[{"href":"https:\/\/keramamueblesdejardin.com\/it\/wp-json\/wp\/v2\/pages\/84067","targetHints":{"allow":["GET"]}}],"collection":[{"href":"https:\/\/keramamueblesdejardin.com\/it\/wp-json\/wp\/v2\/pages"}],"about":[{"href":"https:\/\/keramamueblesdejardin.com\/it\/wp-json\/wp\/v2\/types\/page"}],"author":[{"embeddable":true,"href":"https:\/\/keramamueblesdejardin.com\/it\/wp-json\/wp\/v2\/users\/1"}],"replies":[{"embeddable":true,"href":"https:\/\/keramamueblesdejardin.com\/it\/wp-json\/wp\/v2\/comments?post=84067"}],"version-history":[{"count":2,"href":"https:\/\/keramamueblesdejardin.com\/it\/wp-json\/wp\/v2\/pages\/84067\/revisions"}],"predecessor-version":[{"id":192141,"href":"https:\/\/keramamueblesdejardin.com\/it\/wp-json\/wp\/v2\/pages\/84067\/revisions\/192141"}],"wp:attachment":[{"href":"https:\/\/keramamueblesdejardin.com\/it\/wp-json\/wp\/v2\/media?parent=84067"}],"curies":[{"name":"wp","href":"https:\/\/api.w.org\/{rel}","templated":true}]}}