{"id":85088,"date":"2021-05-06T06:49:14","date_gmt":"2021-05-06T04:49:14","guid":{"rendered":"https:\/\/keramamueblesdejardin.com\/non%20class\u00e9\/parasol-en-bois-3x3-chocolat-la-havane\/"},"modified":"2023-08-29T09:48:33","modified_gmt":"2023-08-29T07:48:33","slug":"parasol-bois-3x3-chocolat-la-havane","status":"publish","type":"product","link":"https:\/\/keramamueblesdejardin.com\/fr\/parasols-et-pergolas\/pare-soleil\/parasol-bois-3x3-chocolat-la-havane\/","title":{"rendered":"Parasol en bois 3&#215;3 chocolat &#8211; La Havane"},"content":{"rendered":"<p>Parasol carr\u00e9 en bois de 300x300x280cm couleur chocolat. Avec syst\u00e8me d&rsquo;ouverture et de fermeture manuelle au moyen d&rsquo;une double poulie. Le poteau central a un diam\u00e8tre de 48mm et comporte 8 tiges de 17x22mm. Le tissu est en polyester 235g\/m2 avec traitement hydrofuge.<\/p>\n","protected":false},"excerpt":{"rendered":"<p>Parasol carr\u00e9 en bois de 300x300x280cm couleur chocolat. Avec syst\u00e8me d&rsquo;ouverture et de fermeture manuelle au moyen d&rsquo;une double poulie. Le poteau central a un diam\u00e8tre de 48mm et comporte 8 tiges de 17x22mm. Le tissu est en polyester 235g\/m2 avec traitement hydrofuge.<\/p>\n","protected":false},"featured_media":53398,"comment_status":"closed","ping_status":"open","template":"","meta":{"_acf_changed":false},"product_brand":[],"product_cat":[569,570],"product_tag":[581,567,630],"class_list":{"0":"post-85088","1":"product","2":"type-product","3":"status-publish","4":"has-post-thumbnail","6":"product_cat-parasols-et-pergolas","7":"product_cat-pare-soleil","8":"product_tag-bois","9":"product_tag-grands-espaces","10":"product_tag-la-havane","11":"product_shipping_class-envio-gratuito-fr","12":"pa_caracteristicas-mat-central","13":"pa_coleccion-habana-fr","14":"pa_forma-carre","15":"pa_material-madera-fr","17":"first","18":"outofstock","19":"sale","20":"purchasable","21":"product-type-simple","22":"add-to-wishlist-before_image"},"acf":[],"yoast_head":"<!-- This site is optimized with the Yoast SEO plugin v27.2 - https:\/\/yoast.com\/product\/yoast-seo-wordpress\/ -->\n<title>Parasol en bois 3x3 chocolat - La Havane - Kerama<\/title>\n<meta name=\"robots\" content=\"index, follow, max-snippet:-1, max-image-preview:large, max-video-preview:-1\" \/>\n<link rel=\"canonical\" href=\"https:\/\/keramamueblesdejardin.com\/fr\/parasols-et-pergolas\/pare-soleil\/parasol-bois-3x3-chocolat-la-havane\/\" \/>\n<meta property=\"og:locale\" content=\"fr_FR\" \/>\n<meta property=\"og:type\" content=\"article\" \/>\n<meta property=\"og:title\" content=\"Parasol en bois 3x3 chocolat - La Havane - Kerama\" \/>\n<meta property=\"og:description\" content=\"Parasol carr\u00e9 en bois de 300x300x280cm couleur chocolat. Avec syst\u00e8me d&#039;ouverture et de fermeture manuelle au moyen d&#039;une double poulie. Le poteau central a un diam\u00e8tre de 48mm et comporte 8 tiges de 17x22mm. Le tissu est en polyester 235g\/m2 avec traitement hydrofuge.\" \/>\n<meta property=\"og:url\" content=\"https:\/\/keramamueblesdejardin.com\/fr\/parasols-et-pergolas\/pare-soleil\/parasol-bois-3x3-chocolat-la-havane\/\" \/>\n<meta property=\"og:site_name\" content=\"Kerama\" \/>\n<meta property=\"article:publisher\" content=\"https:\/\/www.facebook.com\/Kerama-Muebles-de-Jard%c3%adn-106209328312568\/\" \/>\n<meta property=\"article:modified_time\" content=\"2023-08-29T07:48:33+00:00\" \/>\n<meta property=\"og:image\" content=\"https:\/\/keramamueblesdejardin.com\/wp-content\/uploads\/2021\/05\/BROWN-3X3-2.jpg\" \/>\n\t<meta property=\"og:image:width\" content=\"575\" \/>\n\t<meta property=\"og:image:height\" content=\"420\" \/>\n\t<meta property=\"og:image:type\" content=\"image\/jpeg\" \/>\n<meta name=\"twitter:card\" content=\"summary_large_image\" \/>\n<script type=\"application\/ld+json\" class=\"yoast-schema-graph\">{\"@context\":\"https:\/\/schema.org\",\"@graph\":[{\"@type\":\"WebPage\",\"@id\":\"https:\/\/keramamueblesdejardin.com\/fr\/parasols-et-pergolas\/pare-soleil\/parasol-bois-3x3-chocolat-la-havane\/\",\"url\":\"https:\/\/keramamueblesdejardin.com\/fr\/parasols-et-pergolas\/pare-soleil\/parasol-bois-3x3-chocolat-la-havane\/\",\"name\":\"Parasol en bois 3x3 chocolat - La Havane - Kerama\",\"isPartOf\":{\"@id\":\"https:\/\/keramamueblesdejardin.com\/fr\/#website\"},\"primaryImageOfPage\":{\"@id\":\"https:\/\/keramamueblesdejardin.com\/fr\/parasols-et-pergolas\/pare-soleil\/parasol-bois-3x3-chocolat-la-havane\/#primaryimage\"},\"image\":{\"@id\":\"https:\/\/keramamueblesdejardin.com\/fr\/parasols-et-pergolas\/pare-soleil\/parasol-bois-3x3-chocolat-la-havane\/#primaryimage\"},\"thumbnailUrl\":\"https:\/\/keramamueblesdejardin.com\/wp-content\/uploads\/2021\/05\/BROWN-3X3-2.jpg\",\"datePublished\":\"2021-05-06T04:49:14+00:00\",\"dateModified\":\"2023-08-29T07:48:33+00:00\",\"breadcrumb\":{\"@id\":\"https:\/\/keramamueblesdejardin.com\/fr\/parasols-et-pergolas\/pare-soleil\/parasol-bois-3x3-chocolat-la-havane\/#breadcrumb\"},\"inLanguage\":\"fr-FR\",\"potentialAction\":[{\"@type\":\"ReadAction\",\"target\":[\"https:\/\/keramamueblesdejardin.com\/fr\/parasols-et-pergolas\/pare-soleil\/parasol-bois-3x3-chocolat-la-havane\/\"]}]},{\"@type\":\"ImageObject\",\"inLanguage\":\"fr-FR\",\"@id\":\"https:\/\/keramamueblesdejardin.com\/fr\/parasols-et-pergolas\/pare-soleil\/parasol-bois-3x3-chocolat-la-havane\/#primaryimage\",\"url\":\"https:\/\/keramamueblesdejardin.com\/wp-content\/uploads\/2021\/05\/BROWN-3X3-2.jpg\",\"contentUrl\":\"https:\/\/keramamueblesdejardin.com\/wp-content\/uploads\/2021\/05\/BROWN-3X3-2.jpg\",\"width\":575,\"height\":420},{\"@type\":\"BreadcrumbList\",\"@id\":\"https:\/\/keramamueblesdejardin.com\/fr\/parasols-et-pergolas\/pare-soleil\/parasol-bois-3x3-chocolat-la-havane\/#breadcrumb\",\"itemListElement\":[{\"@type\":\"ListItem\",\"position\":1,\"name\":\"Home\",\"item\":\"https:\/\/keramamueblesdejardin.com\/fr\/\"},{\"@type\":\"ListItem\",\"position\":2,\"name\":\"Boutique\",\"item\":\"https:\/\/keramamueblesdejardin.com\/tienda\/\"},{\"@type\":\"ListItem\",\"position\":3,\"name\":\"Parasols et pergolas\",\"item\":\"https:\/\/keramamueblesdejardin.com\/fr\/parasols-et-pergolas\/\"},{\"@type\":\"ListItem\",\"position\":4,\"name\":\"Pare-soleil\",\"item\":\"https:\/\/keramamueblesdejardin.com\/fr\/parasols-et-pergolas\/pare-soleil\/\"},{\"@type\":\"ListItem\",\"position\":5,\"name\":\"Parasol en bois 3&#215;3 chocolat &#8211; La Havane\"}]},{\"@type\":\"WebSite\",\"@id\":\"https:\/\/keramamueblesdejardin.com\/fr\/#website\",\"url\":\"https:\/\/keramamueblesdejardin.com\/fr\/\",\"name\":\"Kerama\",\"description\":\"muebles de jard\u00edn\",\"publisher\":{\"@id\":\"https:\/\/keramamueblesdejardin.com\/fr\/#organization\"},\"potentialAction\":[{\"@type\":\"SearchAction\",\"target\":{\"@type\":\"EntryPoint\",\"urlTemplate\":\"https:\/\/keramamueblesdejardin.com\/fr\/?s={search_term_string}\"},\"query-input\":{\"@type\":\"PropertyValueSpecification\",\"valueRequired\":true,\"valueName\":\"search_term_string\"}}],\"inLanguage\":\"fr-FR\"},{\"@type\":\"Organization\",\"@id\":\"https:\/\/keramamueblesdejardin.com\/fr\/#organization\",\"name\":\"kerama\",\"url\":\"https:\/\/keramamueblesdejardin.com\/fr\/\",\"logo\":{\"@type\":\"ImageObject\",\"inLanguage\":\"fr-FR\",\"@id\":\"https:\/\/keramamueblesdejardin.com\/fr\/#\/schema\/logo\/image\/\",\"url\":\"https:\/\/keramamueblesdejardin.com\/wp-content\/uploads\/2020\/12\/k.-scaled.jpg\",\"contentUrl\":\"https:\/\/keramamueblesdejardin.com\/wp-content\/uploads\/2020\/12\/k.-scaled.jpg\",\"width\":2560,\"height\":551,\"caption\":\"kerama\"},\"image\":{\"@id\":\"https:\/\/keramamueblesdejardin.com\/fr\/#\/schema\/logo\/image\/\"},\"sameAs\":[\"https:\/\/www.facebook.com\/Kerama-Muebles-de-Jard\u00edn-106209328312568\/\"]}]}<\/script>\n<!-- \/ Yoast SEO plugin. -->","yoast_head_json":{"title":"Parasol en bois 3x3 chocolat - La Havane - Kerama","robots":{"index":"index","follow":"follow","max-snippet":"max-snippet:-1","max-image-preview":"max-image-preview:large","max-video-preview":"max-video-preview:-1"},"canonical":"https:\/\/keramamueblesdejardin.com\/fr\/parasols-et-pergolas\/pare-soleil\/parasol-bois-3x3-chocolat-la-havane\/","og_locale":"fr_FR","og_type":"article","og_title":"Parasol en bois 3x3 chocolat - La Havane - Kerama","og_description":"Parasol carr\u00e9 en bois de 300x300x280cm couleur chocolat. Avec syst\u00e8me d'ouverture et de fermeture manuelle au moyen d'une double poulie. Le poteau central a un diam\u00e8tre de 48mm et comporte 8 tiges de 17x22mm. Le tissu est en polyester 235g\/m2 avec traitement hydrofuge.","og_url":"https:\/\/keramamueblesdejardin.com\/fr\/parasols-et-pergolas\/pare-soleil\/parasol-bois-3x3-chocolat-la-havane\/","og_site_name":"Kerama","article_publisher":"https:\/\/www.facebook.com\/Kerama-Muebles-de-Jard%c3%adn-106209328312568\/","article_modified_time":"2023-08-29T07:48:33+00:00","og_image":[{"width":575,"height":420,"url":"https:\/\/keramamueblesdejardin.com\/wp-content\/uploads\/2021\/05\/BROWN-3X3-2.jpg","type":"image\/jpeg"}],"twitter_card":"summary_large_image","schema":{"@context":"https:\/\/schema.org","@graph":[{"@type":"WebPage","@id":"https:\/\/keramamueblesdejardin.com\/fr\/parasols-et-pergolas\/pare-soleil\/parasol-bois-3x3-chocolat-la-havane\/","url":"https:\/\/keramamueblesdejardin.com\/fr\/parasols-et-pergolas\/pare-soleil\/parasol-bois-3x3-chocolat-la-havane\/","name":"Parasol en bois 3x3 chocolat - La Havane - Kerama","isPartOf":{"@id":"https:\/\/keramamueblesdejardin.com\/fr\/#website"},"primaryImageOfPage":{"@id":"https:\/\/keramamueblesdejardin.com\/fr\/parasols-et-pergolas\/pare-soleil\/parasol-bois-3x3-chocolat-la-havane\/#primaryimage"},"image":{"@id":"https:\/\/keramamueblesdejardin.com\/fr\/parasols-et-pergolas\/pare-soleil\/parasol-bois-3x3-chocolat-la-havane\/#primaryimage"},"thumbnailUrl":"https:\/\/keramamueblesdejardin.com\/wp-content\/uploads\/2021\/05\/BROWN-3X3-2.jpg","datePublished":"2021-05-06T04:49:14+00:00","dateModified":"2023-08-29T07:48:33+00:00","breadcrumb":{"@id":"https:\/\/keramamueblesdejardin.com\/fr\/parasols-et-pergolas\/pare-soleil\/parasol-bois-3x3-chocolat-la-havane\/#breadcrumb"},"inLanguage":"fr-FR","potentialAction":[{"@type":"ReadAction","target":["https:\/\/keramamueblesdejardin.com\/fr\/parasols-et-pergolas\/pare-soleil\/parasol-bois-3x3-chocolat-la-havane\/"]}]},{"@type":"ImageObject","inLanguage":"fr-FR","@id":"https:\/\/keramamueblesdejardin.com\/fr\/parasols-et-pergolas\/pare-soleil\/parasol-bois-3x3-chocolat-la-havane\/#primaryimage","url":"https:\/\/keramamueblesdejardin.com\/wp-content\/uploads\/2021\/05\/BROWN-3X3-2.jpg","contentUrl":"https:\/\/keramamueblesdejardin.com\/wp-content\/uploads\/2021\/05\/BROWN-3X3-2.jpg","width":575,"height":420},{"@type":"BreadcrumbList","@id":"https:\/\/keramamueblesdejardin.com\/fr\/parasols-et-pergolas\/pare-soleil\/parasol-bois-3x3-chocolat-la-havane\/#breadcrumb","itemListElement":[{"@type":"ListItem","position":1,"name":"Home","item":"https:\/\/keramamueblesdejardin.com\/fr\/"},{"@type":"ListItem","position":2,"name":"Boutique","item":"https:\/\/keramamueblesdejardin.com\/tienda\/"},{"@type":"ListItem","position":3,"name":"Parasols et pergolas","item":"https:\/\/keramamueblesdejardin.com\/fr\/parasols-et-pergolas\/"},{"@type":"ListItem","position":4,"name":"Pare-soleil","item":"https:\/\/keramamueblesdejardin.com\/fr\/parasols-et-pergolas\/pare-soleil\/"},{"@type":"ListItem","position":5,"name":"Parasol en bois 3&#215;3 chocolat &#8211; La Havane"}]},{"@type":"WebSite","@id":"https:\/\/keramamueblesdejardin.com\/fr\/#website","url":"https:\/\/keramamueblesdejardin.com\/fr\/","name":"Kerama","description":"muebles de jard\u00edn","publisher":{"@id":"https:\/\/keramamueblesdejardin.com\/fr\/#organization"},"potentialAction":[{"@type":"SearchAction","target":{"@type":"EntryPoint","urlTemplate":"https:\/\/keramamueblesdejardin.com\/fr\/?s={search_term_string}"},"query-input":{"@type":"PropertyValueSpecification","valueRequired":true,"valueName":"search_term_string"}}],"inLanguage":"fr-FR"},{"@type":"Organization","@id":"https:\/\/keramamueblesdejardin.com\/fr\/#organization","name":"kerama","url":"https:\/\/keramamueblesdejardin.com\/fr\/","logo":{"@type":"ImageObject","inLanguage":"fr-FR","@id":"https:\/\/keramamueblesdejardin.com\/fr\/#\/schema\/logo\/image\/","url":"https:\/\/keramamueblesdejardin.com\/wp-content\/uploads\/2020\/12\/k.-scaled.jpg","contentUrl":"https:\/\/keramamueblesdejardin.com\/wp-content\/uploads\/2020\/12\/k.-scaled.jpg","width":2560,"height":551,"caption":"kerama"},"image":{"@id":"https:\/\/keramamueblesdejardin.com\/fr\/#\/schema\/logo\/image\/"},"sameAs":["https:\/\/www.facebook.com\/Kerama-Muebles-de-Jard\u00edn-106209328312568\/"]}]}},"df_price":199,"df_sale_price":199,"df_regular_price":241,"df_image_link":"https:\/\/keramamueblesdejardin.com\/wp-content\/uploads\/2021\/05\/BROWN-3X3-2-300x219.jpg","custom_tabs":"","_links":{"self":[{"href":"https:\/\/keramamueblesdejardin.com\/fr\/wp-json\/wp\/v2\/product\/85088","targetHints":{"allow":["GET"]}}],"collection":[{"href":"https:\/\/keramamueblesdejardin.com\/fr\/wp-json\/wp\/v2\/product"}],"about":[{"href":"https:\/\/keramamueblesdejardin.com\/fr\/wp-json\/wp\/v2\/types\/product"}],"replies":[{"embeddable":true,"href":"https:\/\/keramamueblesdejardin.com\/fr\/wp-json\/wp\/v2\/comments?post=85088"}],"wp:featuredmedia":[{"embeddable":true,"href":"https:\/\/keramamueblesdejardin.com\/fr\/wp-json\/wp\/v2\/media\/53398"}],"wp:attachment":[{"href":"https:\/\/keramamueblesdejardin.com\/fr\/wp-json\/wp\/v2\/media?parent=85088"}],"wp:term":[{"taxonomy":"product_brand","embeddable":true,"href":"https:\/\/keramamueblesdejardin.com\/fr\/wp-json\/wp\/v2\/product_brand?post=85088"},{"taxonomy":"product_cat","embeddable":true,"href":"https:\/\/keramamueblesdejardin.com\/fr\/wp-json\/wp\/v2\/product_cat?post=85088"},{"taxonomy":"product_tag","embeddable":true,"href":"https:\/\/keramamueblesdejardin.com\/fr\/wp-json\/wp\/v2\/product_tag?post=85088"}],"curies":[{"name":"wp","href":"https:\/\/api.w.org\/{rel}","templated":true}]}}