{"id":85083,"date":"2022-09-13T15:24:15","date_gmt":"2022-09-13T13:24:15","guid":{"rendered":"https:\/\/keramamueblesdejardin.com\/non%20class\u00e9\/table-a-manger-de-jardin-en-bois-de-ceramique-verte-200x100-java-light\/"},"modified":"2025-05-13T08:31:13","modified_gmt":"2025-05-13T06:31:13","slug":"bois-jardin-table-a-manger-et-ceramique-verte-200x100-java-light","status":"publish","type":"product","link":"https:\/\/keramamueblesdejardin.com\/fr\/diner-en-plein-air\/tables-de-jardin\/bois-jardin-table-a-manger-et-ceramique-verte-200x100-java-light\/","title":{"rendered":"Table \u00e0 manger de jardin en bois de c\u00e9ramique verte 200&#215;100 &#8211; Java Light"},"content":{"rendered":"<p>Table de jardin en acacia l\u00e9ger avec plateau en c\u00e9ramique 33&#215;33 en finition verte \u00e9maill\u00e9e. La construction de la table est tr\u00e8s robuste et r\u00e9sistante. Vous pouvez le combiner avec le reste des \u00e9l\u00e9ments de la famille Java Light, et en m\u00eame temps c\u2019est une table tr\u00e8s polyvalente qui peut \u00eatre combin\u00e9e avec des chaises en m\u00e9tal industriel, des chaises en rotin classiques, des chaises en bois &#8230;<\/p>\n","protected":false},"excerpt":{"rendered":"<ul>\n<li>Dimensions : 200x100x75 cm<\/li>\n<li>Fabriqu\u00e9 en bois d\u2019acacia certifi\u00e9 FSC.<\/li>\n<li>C\u00e9ramique \u00e9maill\u00e9e verte 33&#215;33<\/li>\n<li>Finition en bois clair<\/li>\n<\/ul>\n","protected":false},"featured_media":82236,"comment_status":"closed","ping_status":"closed","template":"","meta":{"_acf_changed":false},"product_brand":[],"product_cat":[578,627],"product_tag":[582,581,2747,583],"class_list":{"0":"post-85083","1":"product","2":"type-product","3":"status-publish","4":"has-post-thumbnail","6":"product_cat-diner-en-plein-air","7":"product_cat-tables-de-jardin","8":"product_tag-acacia-fr","9":"product_tag-bois","10":"product_tag-ceramique","11":"product_tag-java-fr","12":"product_shipping_class-envio-gratuito-fr","13":"pa_coleccion-java-light-fr","14":"pa_forma-rectangulaire","15":"pa_material-madera-clara-fr","17":"first","18":"instock","19":"sale","20":"purchasable","21":"product-type-simple","22":"add-to-wishlist-before_image"},"acf":[],"yoast_head":"<!-- This site is optimized with the Yoast SEO plugin v27.2 - https:\/\/yoast.com\/product\/yoast-seo-wordpress\/ -->\n<title>Table \u00e0 manger de jardin en bois de c\u00e9ramique verte 200x100 - Java Light - Kerama<\/title>\n<meta name=\"robots\" content=\"index, follow, max-snippet:-1, max-image-preview:large, max-video-preview:-1\" \/>\n<link rel=\"canonical\" href=\"https:\/\/keramamueblesdejardin.com\/fr\/diner-en-plein-air\/tables-de-jardin\/bois-jardin-table-a-manger-et-ceramique-verte-200x100-java-light\/\" \/>\n<meta property=\"og:locale\" content=\"fr_FR\" \/>\n<meta property=\"og:type\" content=\"article\" \/>\n<meta property=\"og:title\" content=\"Table \u00e0 manger de jardin en bois de c\u00e9ramique verte 200x100 - Java Light - Kerama\" \/>\n<meta property=\"og:description\" content=\"Dimensions : 200x100x75 cm  Fabriqu\u00e9 en bois d\u2019acacia certifi\u00e9 FSC.  C\u00e9ramique \u00e9maill\u00e9e verte 33x33  Finition en bois clair\" \/>\n<meta property=\"og:url\" content=\"https:\/\/keramamueblesdejardin.com\/fr\/diner-en-plein-air\/tables-de-jardin\/bois-jardin-table-a-manger-et-ceramique-verte-200x100-java-light\/\" \/>\n<meta property=\"og:site_name\" content=\"Kerama\" \/>\n<meta property=\"article:publisher\" content=\"https:\/\/www.facebook.com\/Kerama-Muebles-de-Jard%c3%adn-106209328312568\/\" \/>\n<meta property=\"article:modified_time\" content=\"2025-05-13T06:31:13+00:00\" \/>\n<meta property=\"og:image\" content=\"https:\/\/keramamueblesdejardin.com\/wp-content\/uploads\/2023\/02\/java-verde-diagonal.jpg\" \/>\n\t<meta property=\"og:image:width\" content=\"1200\" \/>\n\t<meta property=\"og:image:height\" content=\"1200\" \/>\n\t<meta property=\"og:image:type\" content=\"image\/jpeg\" \/>\n<meta name=\"twitter:card\" content=\"summary_large_image\" \/>\n<script type=\"application\/ld+json\" class=\"yoast-schema-graph\">{\"@context\":\"https:\/\/schema.org\",\"@graph\":[{\"@type\":\"WebPage\",\"@id\":\"https:\/\/keramamueblesdejardin.com\/fr\/diner-en-plein-air\/tables-de-jardin\/bois-jardin-table-a-manger-et-ceramique-verte-200x100-java-light\/\",\"url\":\"https:\/\/keramamueblesdejardin.com\/fr\/diner-en-plein-air\/tables-de-jardin\/bois-jardin-table-a-manger-et-ceramique-verte-200x100-java-light\/\",\"name\":\"Table \u00e0 manger de jardin en bois de c\u00e9ramique verte 200x100 - Java Light - Kerama\",\"isPartOf\":{\"@id\":\"https:\/\/keramamueblesdejardin.com\/fr\/#website\"},\"primaryImageOfPage\":{\"@id\":\"https:\/\/keramamueblesdejardin.com\/fr\/diner-en-plein-air\/tables-de-jardin\/bois-jardin-table-a-manger-et-ceramique-verte-200x100-java-light\/#primaryimage\"},\"image\":{\"@id\":\"https:\/\/keramamueblesdejardin.com\/fr\/diner-en-plein-air\/tables-de-jardin\/bois-jardin-table-a-manger-et-ceramique-verte-200x100-java-light\/#primaryimage\"},\"thumbnailUrl\":\"https:\/\/keramamueblesdejardin.com\/wp-content\/uploads\/2023\/02\/java-verde-diagonal.jpg\",\"datePublished\":\"2022-09-13T13:24:15+00:00\",\"dateModified\":\"2025-05-13T06:31:13+00:00\",\"breadcrumb\":{\"@id\":\"https:\/\/keramamueblesdejardin.com\/fr\/diner-en-plein-air\/tables-de-jardin\/bois-jardin-table-a-manger-et-ceramique-verte-200x100-java-light\/#breadcrumb\"},\"inLanguage\":\"fr-FR\",\"potentialAction\":[{\"@type\":\"ReadAction\",\"target\":[\"https:\/\/keramamueblesdejardin.com\/fr\/diner-en-plein-air\/tables-de-jardin\/bois-jardin-table-a-manger-et-ceramique-verte-200x100-java-light\/\"]}]},{\"@type\":\"ImageObject\",\"inLanguage\":\"fr-FR\",\"@id\":\"https:\/\/keramamueblesdejardin.com\/fr\/diner-en-plein-air\/tables-de-jardin\/bois-jardin-table-a-manger-et-ceramique-verte-200x100-java-light\/#primaryimage\",\"url\":\"https:\/\/keramamueblesdejardin.com\/wp-content\/uploads\/2023\/02\/java-verde-diagonal.jpg\",\"contentUrl\":\"https:\/\/keramamueblesdejardin.com\/wp-content\/uploads\/2023\/02\/java-verde-diagonal.jpg\",\"width\":1200,\"height\":1200},{\"@type\":\"BreadcrumbList\",\"@id\":\"https:\/\/keramamueblesdejardin.com\/fr\/diner-en-plein-air\/tables-de-jardin\/bois-jardin-table-a-manger-et-ceramique-verte-200x100-java-light\/#breadcrumb\",\"itemListElement\":[{\"@type\":\"ListItem\",\"position\":1,\"name\":\"Home\",\"item\":\"https:\/\/keramamueblesdejardin.com\/fr\/\"},{\"@type\":\"ListItem\",\"position\":2,\"name\":\"Boutique\",\"item\":\"https:\/\/keramamueblesdejardin.com\/tienda\/\"},{\"@type\":\"ListItem\",\"position\":3,\"name\":\"D\u00eener en plein air\",\"item\":\"https:\/\/keramamueblesdejardin.com\/fr\/diner-en-plein-air\/\"},{\"@type\":\"ListItem\",\"position\":4,\"name\":\"Tables de jardin\",\"item\":\"https:\/\/keramamueblesdejardin.com\/fr\/diner-en-plein-air\/tables-de-jardin\/\"},{\"@type\":\"ListItem\",\"position\":5,\"name\":\"Table \u00e0 manger de jardin en bois de c\u00e9ramique verte 200&#215;100 &#8211; Java Light\"}]},{\"@type\":\"WebSite\",\"@id\":\"https:\/\/keramamueblesdejardin.com\/fr\/#website\",\"url\":\"https:\/\/keramamueblesdejardin.com\/fr\/\",\"name\":\"Kerama\",\"description\":\"muebles de jard\u00edn\",\"publisher\":{\"@id\":\"https:\/\/keramamueblesdejardin.com\/fr\/#organization\"},\"potentialAction\":[{\"@type\":\"SearchAction\",\"target\":{\"@type\":\"EntryPoint\",\"urlTemplate\":\"https:\/\/keramamueblesdejardin.com\/fr\/?s={search_term_string}\"},\"query-input\":{\"@type\":\"PropertyValueSpecification\",\"valueRequired\":true,\"valueName\":\"search_term_string\"}}],\"inLanguage\":\"fr-FR\"},{\"@type\":\"Organization\",\"@id\":\"https:\/\/keramamueblesdejardin.com\/fr\/#organization\",\"name\":\"kerama\",\"url\":\"https:\/\/keramamueblesdejardin.com\/fr\/\",\"logo\":{\"@type\":\"ImageObject\",\"inLanguage\":\"fr-FR\",\"@id\":\"https:\/\/keramamueblesdejardin.com\/fr\/#\/schema\/logo\/image\/\",\"url\":\"https:\/\/keramamueblesdejardin.com\/wp-content\/uploads\/2020\/12\/k.-scaled.jpg\",\"contentUrl\":\"https:\/\/keramamueblesdejardin.com\/wp-content\/uploads\/2020\/12\/k.-scaled.jpg\",\"width\":2560,\"height\":551,\"caption\":\"kerama\"},\"image\":{\"@id\":\"https:\/\/keramamueblesdejardin.com\/fr\/#\/schema\/logo\/image\/\"},\"sameAs\":[\"https:\/\/www.facebook.com\/Kerama-Muebles-de-Jard\u00edn-106209328312568\/\"]}]}<\/script>\n<!-- \/ Yoast SEO plugin. -->","yoast_head_json":{"title":"Table \u00e0 manger de jardin en bois de c\u00e9ramique verte 200x100 - Java Light - Kerama","robots":{"index":"index","follow":"follow","max-snippet":"max-snippet:-1","max-image-preview":"max-image-preview:large","max-video-preview":"max-video-preview:-1"},"canonical":"https:\/\/keramamueblesdejardin.com\/fr\/diner-en-plein-air\/tables-de-jardin\/bois-jardin-table-a-manger-et-ceramique-verte-200x100-java-light\/","og_locale":"fr_FR","og_type":"article","og_title":"Table \u00e0 manger de jardin en bois de c\u00e9ramique verte 200x100 - Java Light - Kerama","og_description":"Dimensions : 200x100x75 cm  Fabriqu\u00e9 en bois d\u2019acacia certifi\u00e9 FSC.  C\u00e9ramique \u00e9maill\u00e9e verte 33x33  Finition en bois clair","og_url":"https:\/\/keramamueblesdejardin.com\/fr\/diner-en-plein-air\/tables-de-jardin\/bois-jardin-table-a-manger-et-ceramique-verte-200x100-java-light\/","og_site_name":"Kerama","article_publisher":"https:\/\/www.facebook.com\/Kerama-Muebles-de-Jard%c3%adn-106209328312568\/","article_modified_time":"2025-05-13T06:31:13+00:00","og_image":[{"width":1200,"height":1200,"url":"https:\/\/keramamueblesdejardin.com\/wp-content\/uploads\/2023\/02\/java-verde-diagonal.jpg","type":"image\/jpeg"}],"twitter_card":"summary_large_image","schema":{"@context":"https:\/\/schema.org","@graph":[{"@type":"WebPage","@id":"https:\/\/keramamueblesdejardin.com\/fr\/diner-en-plein-air\/tables-de-jardin\/bois-jardin-table-a-manger-et-ceramique-verte-200x100-java-light\/","url":"https:\/\/keramamueblesdejardin.com\/fr\/diner-en-plein-air\/tables-de-jardin\/bois-jardin-table-a-manger-et-ceramique-verte-200x100-java-light\/","name":"Table \u00e0 manger de jardin en bois de c\u00e9ramique verte 200x100 - Java Light - Kerama","isPartOf":{"@id":"https:\/\/keramamueblesdejardin.com\/fr\/#website"},"primaryImageOfPage":{"@id":"https:\/\/keramamueblesdejardin.com\/fr\/diner-en-plein-air\/tables-de-jardin\/bois-jardin-table-a-manger-et-ceramique-verte-200x100-java-light\/#primaryimage"},"image":{"@id":"https:\/\/keramamueblesdejardin.com\/fr\/diner-en-plein-air\/tables-de-jardin\/bois-jardin-table-a-manger-et-ceramique-verte-200x100-java-light\/#primaryimage"},"thumbnailUrl":"https:\/\/keramamueblesdejardin.com\/wp-content\/uploads\/2023\/02\/java-verde-diagonal.jpg","datePublished":"2022-09-13T13:24:15+00:00","dateModified":"2025-05-13T06:31:13+00:00","breadcrumb":{"@id":"https:\/\/keramamueblesdejardin.com\/fr\/diner-en-plein-air\/tables-de-jardin\/bois-jardin-table-a-manger-et-ceramique-verte-200x100-java-light\/#breadcrumb"},"inLanguage":"fr-FR","potentialAction":[{"@type":"ReadAction","target":["https:\/\/keramamueblesdejardin.com\/fr\/diner-en-plein-air\/tables-de-jardin\/bois-jardin-table-a-manger-et-ceramique-verte-200x100-java-light\/"]}]},{"@type":"ImageObject","inLanguage":"fr-FR","@id":"https:\/\/keramamueblesdejardin.com\/fr\/diner-en-plein-air\/tables-de-jardin\/bois-jardin-table-a-manger-et-ceramique-verte-200x100-java-light\/#primaryimage","url":"https:\/\/keramamueblesdejardin.com\/wp-content\/uploads\/2023\/02\/java-verde-diagonal.jpg","contentUrl":"https:\/\/keramamueblesdejardin.com\/wp-content\/uploads\/2023\/02\/java-verde-diagonal.jpg","width":1200,"height":1200},{"@type":"BreadcrumbList","@id":"https:\/\/keramamueblesdejardin.com\/fr\/diner-en-plein-air\/tables-de-jardin\/bois-jardin-table-a-manger-et-ceramique-verte-200x100-java-light\/#breadcrumb","itemListElement":[{"@type":"ListItem","position":1,"name":"Home","item":"https:\/\/keramamueblesdejardin.com\/fr\/"},{"@type":"ListItem","position":2,"name":"Boutique","item":"https:\/\/keramamueblesdejardin.com\/tienda\/"},{"@type":"ListItem","position":3,"name":"D\u00eener en plein air","item":"https:\/\/keramamueblesdejardin.com\/fr\/diner-en-plein-air\/"},{"@type":"ListItem","position":4,"name":"Tables de jardin","item":"https:\/\/keramamueblesdejardin.com\/fr\/diner-en-plein-air\/tables-de-jardin\/"},{"@type":"ListItem","position":5,"name":"Table \u00e0 manger de jardin en bois de c\u00e9ramique verte 200&#215;100 &#8211; Java Light"}]},{"@type":"WebSite","@id":"https:\/\/keramamueblesdejardin.com\/fr\/#website","url":"https:\/\/keramamueblesdejardin.com\/fr\/","name":"Kerama","description":"muebles de jard\u00edn","publisher":{"@id":"https:\/\/keramamueblesdejardin.com\/fr\/#organization"},"potentialAction":[{"@type":"SearchAction","target":{"@type":"EntryPoint","urlTemplate":"https:\/\/keramamueblesdejardin.com\/fr\/?s={search_term_string}"},"query-input":{"@type":"PropertyValueSpecification","valueRequired":true,"valueName":"search_term_string"}}],"inLanguage":"fr-FR"},{"@type":"Organization","@id":"https:\/\/keramamueblesdejardin.com\/fr\/#organization","name":"kerama","url":"https:\/\/keramamueblesdejardin.com\/fr\/","logo":{"@type":"ImageObject","inLanguage":"fr-FR","@id":"https:\/\/keramamueblesdejardin.com\/fr\/#\/schema\/logo\/image\/","url":"https:\/\/keramamueblesdejardin.com\/wp-content\/uploads\/2020\/12\/k.-scaled.jpg","contentUrl":"https:\/\/keramamueblesdejardin.com\/wp-content\/uploads\/2020\/12\/k.-scaled.jpg","width":2560,"height":551,"caption":"kerama"},"image":{"@id":"https:\/\/keramamueblesdejardin.com\/fr\/#\/schema\/logo\/image\/"},"sameAs":["https:\/\/www.facebook.com\/Kerama-Muebles-de-Jard\u00edn-106209328312568\/"]}]}},"df_price":1139,"df_sale_price":1139,"df_regular_price":1403,"df_image_link":"https:\/\/keramamueblesdejardin.com\/wp-content\/uploads\/2023\/02\/java-verde-diagonal-300x300.jpg","custom_tabs":[{"title":"MESURES","id":"mesures","content":"<div class=\"list\">\n<div class=\"list\"><strong>Hauteur : <\/strong>75cm<\/div>\n<div class=\"list\"><strong>Largeur: <\/strong>205cm<\/div>\n<div class=\"list\"><strong>Profondeur: <\/strong>105cm<\/div>\n<div class=\"list\"><\/div>\n<\/div>"},{"title":"D\u00c9BALLAGE ET MONTAGE","id":"deballage-et-montage","content":"<div class=\"list\"><strong style=\"font-weight: bold; color: #282828;\">Recommandations pour le d\u00e9ballage :<\/strong><span style=\"color: #282828;\"> N'utilisez pas d'outils tranchants lors du d\u00e9ballage du meuble, car cela pourrait l'endommager.<\/span><br style=\"color: #282828;\"><strong style=\"font-weight: bold; color: #282828;\">Montage requis (O\/N) :<\/strong><span style=\"color: #282828;\"> Oui<\/span><br style=\"color: #282828;\"><strong style=\"font-weight: bold; color: #282828;\">Difficult\u00e9 de montage :<\/strong><span style=\"color: #282828;\"> Faible<\/span><br style=\"color: #282828;\">Temps de montage : 40 minutes<br style=\"color: #282828;\"><strong style=\"font-weight: bold; color: #282828;\">Personnes recommand\u00e9es pour le montage :<\/strong><span style=\"color: #282828;\"> 2<\/span><br style=\"color: #282828;\"><strong style=\"font-weight: bold; color: #282828;\">Suggestions de montage :<\/strong><span style=\"color: #282828;\">  Pr\u00e9parez une zone de montage propre et s\u00e8che, v\u00e9rifiez qu'aucune des pi\u00e8ces \u00e9num\u00e9r\u00e9es dans le manuel ne manque. Nous recommandons l'utilisation de gants appropri\u00e9s pour le montage. N'utilisez que les pi\u00e8ces et les raccords fournis.<\/span><\/div>"},{"title":"ENTRETIEN ET GARANTIES","id":"entretien-et-garanties","content":"<strong>Recommandations g\u00e9n\u00e9rales :<\/strong>\n- Les d\u00e9faillances ou les dommages caus\u00e9s par les \u00e9l\u00e9ments suivants sont exclus de la garantie :\n- Les causes accidentelles telles que chutes, coups, d\u00e9versement de liquides, introduction de corps \u00e9trangers, ainsi que toute autre force majeure.\n- Utilisation n\u00e9gligente, inappropri\u00e9e ou non domestique.\n- Dommages, corrosion et\/ou oxydation acc\u00e9l\u00e9r\u00e9s par des conditions environnementales d\u00e9favorables.\n- Taches et d\u00e9coloration dues au non-respect de nos instructions de nettoyage.\n- Dommages survenus lors du montage et de la manipulation sans respecter les instructions de montage.\n<strong>Instructions d'utilisation et d'entretien :<\/strong>\n- Essuyez doucement avec un chiffon ou utilisez un savon liquide neutre, puis rincez abondamment \u00e0 l'eau.\n- Enlevez r\u00e9guli\u00e8rement la poussi\u00e8re avec un chiffon doux et de l'eau claire.\n- N'utilisez pas de d\u00e9tergents ou de produits abrasifs pour le nettoyage.\n- Traitement \u00e0 l'huile de lin : Avant d'appliquer une couche d'huile de lin sur le produit \u00e0 l'\u00e9tat naturel, il est conseill\u00e9 de le laisser \u00e0 l'ext\u00e9rieur pendant 2 \u00e0 3 semaines afin de lui donner un aspect homog\u00e8ne et de l'a\u00e9rer. Nettoyer \u00e0 l'eau claire \u00e0 l'aide d'une brosse et laisser s\u00e9cher. Une fois qu'elle est bien s\u00e8che, poncez-la avec une feuille de papier de verre d'un grammage compris entre 120 et 150, avec pr\u00e9caution et sans appuyer, en suivant, autant que possible, le sens des veines ; cette op\u00e9ration ne doit jamais \u00eatre effectu\u00e9e aux premi\u00e8res heures du jour.\nPour conserver la couleur, il est conseill\u00e9 de r\u00e9p\u00e9ter le processus une ou deux fois par an.\nSi l'huile de lin a d\u00e9j\u00e0 \u00e9t\u00e9 appliqu\u00e9e sur le meuble, il est conseill\u00e9 de le poncer tous les trois ans afin que les couches successives d'huile n'emp\u00eachent pas le bois de transpirer.\n<strong>Ann\u00e9es de garantie :<\/strong> 3 ans\n<strong>Fabriqu\u00e9 conform\u00e9ment \u00e0 la norme :<\/strong> 581-1,581-2,581-3\n<strong>Certifi\u00e9 FSC (O\/N) :<\/strong> Oui"}],"_links":{"self":[{"href":"https:\/\/keramamueblesdejardin.com\/fr\/wp-json\/wp\/v2\/product\/85083","targetHints":{"allow":["GET"]}}],"collection":[{"href":"https:\/\/keramamueblesdejardin.com\/fr\/wp-json\/wp\/v2\/product"}],"about":[{"href":"https:\/\/keramamueblesdejardin.com\/fr\/wp-json\/wp\/v2\/types\/product"}],"replies":[{"embeddable":true,"href":"https:\/\/keramamueblesdejardin.com\/fr\/wp-json\/wp\/v2\/comments?post=85083"}],"wp:featuredmedia":[{"embeddable":true,"href":"https:\/\/keramamueblesdejardin.com\/fr\/wp-json\/wp\/v2\/media\/82236"}],"wp:attachment":[{"href":"https:\/\/keramamueblesdejardin.com\/fr\/wp-json\/wp\/v2\/media?parent=85083"}],"wp:term":[{"taxonomy":"product_brand","embeddable":true,"href":"https:\/\/keramamueblesdejardin.com\/fr\/wp-json\/wp\/v2\/product_brand?post=85083"},{"taxonomy":"product_cat","embeddable":true,"href":"https:\/\/keramamueblesdejardin.com\/fr\/wp-json\/wp\/v2\/product_cat?post=85083"},{"taxonomy":"product_tag","embeddable":true,"href":"https:\/\/keramamueblesdejardin.com\/fr\/wp-json\/wp\/v2\/product_tag?post=85083"}],"curies":[{"name":"wp","href":"https:\/\/api.w.org\/{rel}","templated":true}]}}