{"id":84992,"date":"2023-02-13T10:17:55","date_gmt":"2023-02-13T09:17:55","guid":{"rendered":"https:\/\/keramamueblesdejardin.com\/non%20class\u00e9\/base-parasol-en-plastique-avec-roues-40kg-kilo\/"},"modified":"2023-08-31T09:47:05","modified_gmt":"2023-08-31T07:47:05","slug":"plastique-parasol-base-avec-roues-40kg-kilo","status":"publish","type":"product","link":"https:\/\/keramamueblesdejardin.com\/fr\/parasols-et-pergolas\/bases-de-parasol-fr\/plastique-parasol-base-avec-roues-40kg-kilo\/","title":{"rendered":"Base parasol en plastique avec roues 40kg &#8211; Kilo"},"content":{"rendered":"<p>Base de parasol en plastique de 40 kg avec roues et poign\u00e9e pour se d\u00e9placer. Il s\u2019agit de parasols \u00e0 m\u00e2t central avec m\u00e2t de 19 \u00e0 54 mm de diam\u00e8tre.<\/p>\n","protected":false},"excerpt":{"rendered":"<ul>\n<li>Base parasol de 40kg<\/li>\n<li>Il a des roues et une poign\u00e9e pour se d\u00e9placer<\/li>\n<li>pour les parasols de m\u00e2t central de 19 \u00e0 54mm de diam\u00e8tre<\/li>\n<\/ul>\n","protected":false},"featured_media":81178,"comment_status":"closed","ping_status":"open","template":"","meta":{"_acf_changed":false},"product_brand":[],"product_cat":[656,569],"product_tag":[655],"class_list":{"0":"post-84992","1":"product","2":"type-product","3":"status-publish","4":"has-post-thumbnail","6":"product_cat-bases-de-parasol-fr","7":"product_cat-parasols-et-pergolas","8":"product_tag-kilo-fr","9":"product_shipping_class-envio-gratuito-fr","10":"pa_coleccion-kilo-fr","12":"first","13":"outofstock","14":"sale","15":"purchasable","16":"product-type-simple","17":"add-to-wishlist-before_image"},"acf":[],"yoast_head":"<!-- This site is optimized with the Yoast SEO plugin v27.2 - https:\/\/yoast.com\/product\/yoast-seo-wordpress\/ -->\n<title>Base parasol en plastique avec roues 40kg - Kilo - Kerama<\/title>\n<meta name=\"robots\" content=\"index, follow, max-snippet:-1, max-image-preview:large, max-video-preview:-1\" \/>\n<link rel=\"canonical\" href=\"https:\/\/keramamueblesdejardin.com\/fr\/parasols-et-pergolas\/bases-de-parasol-fr\/plastique-parasol-base-avec-roues-40kg-kilo\/\" \/>\n<meta property=\"og:locale\" content=\"fr_FR\" \/>\n<meta property=\"og:type\" content=\"article\" \/>\n<meta property=\"og:title\" content=\"Base parasol en plastique avec roues 40kg - Kilo - Kerama\" \/>\n<meta property=\"og:description\" content=\"Base parasol de 40kg  Il a des roues et une poign\u00e9e pour se d\u00e9placer  pour les parasols de m\u00e2t central de 19 \u00e0 54mm de diam\u00e8tre\" \/>\n<meta property=\"og:url\" content=\"https:\/\/keramamueblesdejardin.com\/fr\/parasols-et-pergolas\/bases-de-parasol-fr\/plastique-parasol-base-avec-roues-40kg-kilo\/\" \/>\n<meta property=\"og:site_name\" content=\"Kerama\" \/>\n<meta property=\"article:publisher\" content=\"https:\/\/www.facebook.com\/Kerama-Muebles-de-Jard%c3%adn-106209328312568\/\" \/>\n<meta property=\"article:modified_time\" content=\"2023-08-31T07:47:05+00:00\" \/>\n<meta property=\"og:image\" content=\"https:\/\/keramamueblesdejardin.com\/wp-content\/uploads\/2023\/02\/b5.jpg\" \/>\n\t<meta property=\"og:image:width\" content=\"1200\" \/>\n\t<meta property=\"og:image:height\" content=\"1200\" \/>\n\t<meta property=\"og:image:type\" content=\"image\/jpeg\" \/>\n<meta name=\"twitter:card\" content=\"summary_large_image\" \/>\n<script type=\"application\/ld+json\" class=\"yoast-schema-graph\">{\"@context\":\"https:\/\/schema.org\",\"@graph\":[{\"@type\":\"WebPage\",\"@id\":\"https:\/\/keramamueblesdejardin.com\/fr\/parasols-et-pergolas\/bases-de-parasol-fr\/plastique-parasol-base-avec-roues-40kg-kilo\/\",\"url\":\"https:\/\/keramamueblesdejardin.com\/fr\/parasols-et-pergolas\/bases-de-parasol-fr\/plastique-parasol-base-avec-roues-40kg-kilo\/\",\"name\":\"Base parasol en plastique avec roues 40kg - Kilo - Kerama\",\"isPartOf\":{\"@id\":\"https:\/\/keramamueblesdejardin.com\/fr\/#website\"},\"primaryImageOfPage\":{\"@id\":\"https:\/\/keramamueblesdejardin.com\/fr\/parasols-et-pergolas\/bases-de-parasol-fr\/plastique-parasol-base-avec-roues-40kg-kilo\/#primaryimage\"},\"image\":{\"@id\":\"https:\/\/keramamueblesdejardin.com\/fr\/parasols-et-pergolas\/bases-de-parasol-fr\/plastique-parasol-base-avec-roues-40kg-kilo\/#primaryimage\"},\"thumbnailUrl\":\"https:\/\/keramamueblesdejardin.com\/wp-content\/uploads\/2023\/02\/b5.jpg\",\"datePublished\":\"2023-02-13T09:17:55+00:00\",\"dateModified\":\"2023-08-31T07:47:05+00:00\",\"breadcrumb\":{\"@id\":\"https:\/\/keramamueblesdejardin.com\/fr\/parasols-et-pergolas\/bases-de-parasol-fr\/plastique-parasol-base-avec-roues-40kg-kilo\/#breadcrumb\"},\"inLanguage\":\"fr-FR\",\"potentialAction\":[{\"@type\":\"ReadAction\",\"target\":[\"https:\/\/keramamueblesdejardin.com\/fr\/parasols-et-pergolas\/bases-de-parasol-fr\/plastique-parasol-base-avec-roues-40kg-kilo\/\"]}]},{\"@type\":\"ImageObject\",\"inLanguage\":\"fr-FR\",\"@id\":\"https:\/\/keramamueblesdejardin.com\/fr\/parasols-et-pergolas\/bases-de-parasol-fr\/plastique-parasol-base-avec-roues-40kg-kilo\/#primaryimage\",\"url\":\"https:\/\/keramamueblesdejardin.com\/wp-content\/uploads\/2023\/02\/b5.jpg\",\"contentUrl\":\"https:\/\/keramamueblesdejardin.com\/wp-content\/uploads\/2023\/02\/b5.jpg\",\"width\":1200,\"height\":1200},{\"@type\":\"BreadcrumbList\",\"@id\":\"https:\/\/keramamueblesdejardin.com\/fr\/parasols-et-pergolas\/bases-de-parasol-fr\/plastique-parasol-base-avec-roues-40kg-kilo\/#breadcrumb\",\"itemListElement\":[{\"@type\":\"ListItem\",\"position\":1,\"name\":\"Home\",\"item\":\"https:\/\/keramamueblesdejardin.com\/fr\/\"},{\"@type\":\"ListItem\",\"position\":2,\"name\":\"Boutique\",\"item\":\"https:\/\/keramamueblesdejardin.com\/tienda\/\"},{\"@type\":\"ListItem\",\"position\":3,\"name\":\"Parasols et pergolas\",\"item\":\"https:\/\/keramamueblesdejardin.com\/fr\/parasols-et-pergolas\/\"},{\"@type\":\"ListItem\",\"position\":4,\"name\":\"Bases de parasol\",\"item\":\"https:\/\/keramamueblesdejardin.com\/fr\/parasols-et-pergolas\/bases-de-parasol-fr\/\"},{\"@type\":\"ListItem\",\"position\":5,\"name\":\"Base parasol en plastique avec roues 40kg &#8211; Kilo\"}]},{\"@type\":\"WebSite\",\"@id\":\"https:\/\/keramamueblesdejardin.com\/fr\/#website\",\"url\":\"https:\/\/keramamueblesdejardin.com\/fr\/\",\"name\":\"Kerama\",\"description\":\"muebles de jard\u00edn\",\"publisher\":{\"@id\":\"https:\/\/keramamueblesdejardin.com\/fr\/#organization\"},\"potentialAction\":[{\"@type\":\"SearchAction\",\"target\":{\"@type\":\"EntryPoint\",\"urlTemplate\":\"https:\/\/keramamueblesdejardin.com\/fr\/?s={search_term_string}\"},\"query-input\":{\"@type\":\"PropertyValueSpecification\",\"valueRequired\":true,\"valueName\":\"search_term_string\"}}],\"inLanguage\":\"fr-FR\"},{\"@type\":\"Organization\",\"@id\":\"https:\/\/keramamueblesdejardin.com\/fr\/#organization\",\"name\":\"kerama\",\"url\":\"https:\/\/keramamueblesdejardin.com\/fr\/\",\"logo\":{\"@type\":\"ImageObject\",\"inLanguage\":\"fr-FR\",\"@id\":\"https:\/\/keramamueblesdejardin.com\/fr\/#\/schema\/logo\/image\/\",\"url\":\"https:\/\/keramamueblesdejardin.com\/wp-content\/uploads\/2020\/12\/k.-scaled.jpg\",\"contentUrl\":\"https:\/\/keramamueblesdejardin.com\/wp-content\/uploads\/2020\/12\/k.-scaled.jpg\",\"width\":2560,\"height\":551,\"caption\":\"kerama\"},\"image\":{\"@id\":\"https:\/\/keramamueblesdejardin.com\/fr\/#\/schema\/logo\/image\/\"},\"sameAs\":[\"https:\/\/www.facebook.com\/Kerama-Muebles-de-Jard\u00edn-106209328312568\/\"]}]}<\/script>\n<!-- \/ Yoast SEO plugin. -->","yoast_head_json":{"title":"Base parasol en plastique avec roues 40kg - Kilo - Kerama","robots":{"index":"index","follow":"follow","max-snippet":"max-snippet:-1","max-image-preview":"max-image-preview:large","max-video-preview":"max-video-preview:-1"},"canonical":"https:\/\/keramamueblesdejardin.com\/fr\/parasols-et-pergolas\/bases-de-parasol-fr\/plastique-parasol-base-avec-roues-40kg-kilo\/","og_locale":"fr_FR","og_type":"article","og_title":"Base parasol en plastique avec roues 40kg - Kilo - Kerama","og_description":"Base parasol de 40kg  Il a des roues et une poign\u00e9e pour se d\u00e9placer  pour les parasols de m\u00e2t central de 19 \u00e0 54mm de diam\u00e8tre","og_url":"https:\/\/keramamueblesdejardin.com\/fr\/parasols-et-pergolas\/bases-de-parasol-fr\/plastique-parasol-base-avec-roues-40kg-kilo\/","og_site_name":"Kerama","article_publisher":"https:\/\/www.facebook.com\/Kerama-Muebles-de-Jard%c3%adn-106209328312568\/","article_modified_time":"2023-08-31T07:47:05+00:00","og_image":[{"width":1200,"height":1200,"url":"https:\/\/keramamueblesdejardin.com\/wp-content\/uploads\/2023\/02\/b5.jpg","type":"image\/jpeg"}],"twitter_card":"summary_large_image","schema":{"@context":"https:\/\/schema.org","@graph":[{"@type":"WebPage","@id":"https:\/\/keramamueblesdejardin.com\/fr\/parasols-et-pergolas\/bases-de-parasol-fr\/plastique-parasol-base-avec-roues-40kg-kilo\/","url":"https:\/\/keramamueblesdejardin.com\/fr\/parasols-et-pergolas\/bases-de-parasol-fr\/plastique-parasol-base-avec-roues-40kg-kilo\/","name":"Base parasol en plastique avec roues 40kg - Kilo - Kerama","isPartOf":{"@id":"https:\/\/keramamueblesdejardin.com\/fr\/#website"},"primaryImageOfPage":{"@id":"https:\/\/keramamueblesdejardin.com\/fr\/parasols-et-pergolas\/bases-de-parasol-fr\/plastique-parasol-base-avec-roues-40kg-kilo\/#primaryimage"},"image":{"@id":"https:\/\/keramamueblesdejardin.com\/fr\/parasols-et-pergolas\/bases-de-parasol-fr\/plastique-parasol-base-avec-roues-40kg-kilo\/#primaryimage"},"thumbnailUrl":"https:\/\/keramamueblesdejardin.com\/wp-content\/uploads\/2023\/02\/b5.jpg","datePublished":"2023-02-13T09:17:55+00:00","dateModified":"2023-08-31T07:47:05+00:00","breadcrumb":{"@id":"https:\/\/keramamueblesdejardin.com\/fr\/parasols-et-pergolas\/bases-de-parasol-fr\/plastique-parasol-base-avec-roues-40kg-kilo\/#breadcrumb"},"inLanguage":"fr-FR","potentialAction":[{"@type":"ReadAction","target":["https:\/\/keramamueblesdejardin.com\/fr\/parasols-et-pergolas\/bases-de-parasol-fr\/plastique-parasol-base-avec-roues-40kg-kilo\/"]}]},{"@type":"ImageObject","inLanguage":"fr-FR","@id":"https:\/\/keramamueblesdejardin.com\/fr\/parasols-et-pergolas\/bases-de-parasol-fr\/plastique-parasol-base-avec-roues-40kg-kilo\/#primaryimage","url":"https:\/\/keramamueblesdejardin.com\/wp-content\/uploads\/2023\/02\/b5.jpg","contentUrl":"https:\/\/keramamueblesdejardin.com\/wp-content\/uploads\/2023\/02\/b5.jpg","width":1200,"height":1200},{"@type":"BreadcrumbList","@id":"https:\/\/keramamueblesdejardin.com\/fr\/parasols-et-pergolas\/bases-de-parasol-fr\/plastique-parasol-base-avec-roues-40kg-kilo\/#breadcrumb","itemListElement":[{"@type":"ListItem","position":1,"name":"Home","item":"https:\/\/keramamueblesdejardin.com\/fr\/"},{"@type":"ListItem","position":2,"name":"Boutique","item":"https:\/\/keramamueblesdejardin.com\/tienda\/"},{"@type":"ListItem","position":3,"name":"Parasols et pergolas","item":"https:\/\/keramamueblesdejardin.com\/fr\/parasols-et-pergolas\/"},{"@type":"ListItem","position":4,"name":"Bases de parasol","item":"https:\/\/keramamueblesdejardin.com\/fr\/parasols-et-pergolas\/bases-de-parasol-fr\/"},{"@type":"ListItem","position":5,"name":"Base parasol en plastique avec roues 40kg &#8211; Kilo"}]},{"@type":"WebSite","@id":"https:\/\/keramamueblesdejardin.com\/fr\/#website","url":"https:\/\/keramamueblesdejardin.com\/fr\/","name":"Kerama","description":"muebles de jard\u00edn","publisher":{"@id":"https:\/\/keramamueblesdejardin.com\/fr\/#organization"},"potentialAction":[{"@type":"SearchAction","target":{"@type":"EntryPoint","urlTemplate":"https:\/\/keramamueblesdejardin.com\/fr\/?s={search_term_string}"},"query-input":{"@type":"PropertyValueSpecification","valueRequired":true,"valueName":"search_term_string"}}],"inLanguage":"fr-FR"},{"@type":"Organization","@id":"https:\/\/keramamueblesdejardin.com\/fr\/#organization","name":"kerama","url":"https:\/\/keramamueblesdejardin.com\/fr\/","logo":{"@type":"ImageObject","inLanguage":"fr-FR","@id":"https:\/\/keramamueblesdejardin.com\/fr\/#\/schema\/logo\/image\/","url":"https:\/\/keramamueblesdejardin.com\/wp-content\/uploads\/2020\/12\/k.-scaled.jpg","contentUrl":"https:\/\/keramamueblesdejardin.com\/wp-content\/uploads\/2020\/12\/k.-scaled.jpg","width":2560,"height":551,"caption":"kerama"},"image":{"@id":"https:\/\/keramamueblesdejardin.com\/fr\/#\/schema\/logo\/image\/"},"sameAs":["https:\/\/www.facebook.com\/Kerama-Muebles-de-Jard\u00edn-106209328312568\/"]}]}},"df_price":69,"df_sale_price":69,"df_regular_price":88,"df_image_link":"https:\/\/keramamueblesdejardin.com\/wp-content\/uploads\/2023\/02\/b5-300x300.jpg","custom_tabs":[{"title":"ENTRETIEN ET GARANTIES","id":"entretien-et-garanties","content":"<div class=\"moz-signature\">\n<div class=\"list\"><strong>Recommandations g\u00e9n\u00e9rales :<\/strong>\n- Les d\u00e9faillances ou les dommages caus\u00e9s par les \u00e9l\u00e9ments suivants sont exclus de la garantie :\n- Les causes accidentelles telles que chutes, coups, d\u00e9versement de liquides, introduction de corps \u00e9trangers, ainsi que toute autre force majeure.\n- Utilisation n\u00e9gligente, inappropri\u00e9e ou non domestique.\n- Dommages, corrosion et\/ou oxydation acc\u00e9l\u00e9r\u00e9s par des conditions environnementales d\u00e9favorables.\n- Taches et d\u00e9coloration dues au non-respect de nos instructions de nettoyage.\n- Dommages survenus lors du montage et de la manipulation sans respecter les instructions de montage.\n<strong>Instructions d'utilisation et d'entretien :<\/strong>\n- Essuyez doucement avec un chiffon ou utilisez un savon liquide neutre, puis rincez abondamment \u00e0 l'eau.\n- Enlevez r\u00e9guli\u00e8rement la poussi\u00e8re avec un chiffon doux et de l'eau claire.\n- N'utilisez pas de d\u00e9tergents ou de produits abrasifs pour le nettoyage.\n<strong>Ann\u00e9es de garantie :<\/strong> 3 ans\n<strong>Fabriqu\u00e9 conform\u00e9ment \u00e0 la norme :<\/strong> 581-1,581-2,581-3<\/div>\n<\/div>"}],"_links":{"self":[{"href":"https:\/\/keramamueblesdejardin.com\/fr\/wp-json\/wp\/v2\/product\/84992","targetHints":{"allow":["GET"]}}],"collection":[{"href":"https:\/\/keramamueblesdejardin.com\/fr\/wp-json\/wp\/v2\/product"}],"about":[{"href":"https:\/\/keramamueblesdejardin.com\/fr\/wp-json\/wp\/v2\/types\/product"}],"replies":[{"embeddable":true,"href":"https:\/\/keramamueblesdejardin.com\/fr\/wp-json\/wp\/v2\/comments?post=84992"}],"wp:featuredmedia":[{"embeddable":true,"href":"https:\/\/keramamueblesdejardin.com\/fr\/wp-json\/wp\/v2\/media\/81178"}],"wp:attachment":[{"href":"https:\/\/keramamueblesdejardin.com\/fr\/wp-json\/wp\/v2\/media?parent=84992"}],"wp:term":[{"taxonomy":"product_brand","embeddable":true,"href":"https:\/\/keramamueblesdejardin.com\/fr\/wp-json\/wp\/v2\/product_brand?post=84992"},{"taxonomy":"product_cat","embeddable":true,"href":"https:\/\/keramamueblesdejardin.com\/fr\/wp-json\/wp\/v2\/product_cat?post=84992"},{"taxonomy":"product_tag","embeddable":true,"href":"https:\/\/keramamueblesdejardin.com\/fr\/wp-json\/wp\/v2\/product_tag?post=84992"}],"curies":[{"name":"wp","href":"https:\/\/api.w.org\/{rel}","templated":true}]}}