{"id":84799,"date":"2021-08-11T12:11:46","date_gmt":"2021-08-11T10:11:46","guid":{"rendered":"https:\/\/keramamueblesdejardin.com\/non%20class\u00e9\/parasol-en-aluminium-brut-250-cm-de-diametre-porto-rico\/"},"modified":"2025-05-15T10:50:32","modified_gmt":"2025-05-15T08:50:32","slug":"parasol-aluminium-brut-de-250-cm-diametre-porto-rico","status":"publish","type":"product","link":"https:\/\/keramamueblesdejardin.com\/fr\/non class\u00e9\/parasol-aluminium-brut-de-250-cm-diametre-porto-rico\/","title":{"rendered":"Parasol en aluminium brut 250 cm de diam\u00e8tre &#8211; Porto Rico"},"content":{"rendered":"<p>Parasol rond en aluminium gris argent de 250cm de diam\u00e8tre avec tissu \u00e9cru. Avec syst\u00e8me d&rsquo;ouverture et de fermeture automatique par pouss\u00e9e. La hauteur est r\u00e9glable. Il int\u00e8gre \u00e9galement un syst\u00e8me d&rsquo;inclinaison du pare-soleil. Le m\u00e2t central a un diam\u00e8tre de 38 mm et comporte 8 p\u00f4les. Le tissu est en polyester de 235 g\/m2 avec traitement d\u00e9perlant.<\/p>\n","protected":false},"excerpt":{"rendered":"<p><span data-sheets-value=\"{\"1\":2,\"2\":\"Parasol de aluminio color gris plata redondo de 250cm de di\u00e1metro con tejido en color crudo. Con sistema de apertura y cierre mediante un sistema de push-up autom\u00e1tico. La altura es regulable. Adem\u00e1s incorpora un sistema para poder inclinar el parasol. El m\u00e1stil central es de 38mm de di\u00e1metro y tiene 8 varillas, el tejido es de poli\u00e9ster 235g\/m2 con tratamiento deperlande de agua.\"}\" data-sheets-userformat=\"{\"2\":15235,\"3\":{\"1\":0},\"4\":{\"1\":2,\"2\":16776960},\"10\":2,\"11\":0,\"12\":0,\"14\":{\"1\":2,\"2\":0},\"15\":\"Calibri, sans-serif\",\"16\":11}\">Parasol rond en aluminium gris argent de 250cm de diam\u00e8tre avec tissu \u00e9cru. Avec syst\u00e8me d&rsquo;ouverture et de fermeture automatique par pouss\u00e9e. La hauteur est r\u00e9glable. Il int\u00e8gre \u00e9galement un syst\u00e8me d&rsquo;inclinaison du pare-soleil. Le m\u00e2t central a un diam\u00e8tre de 38 mm et comporte 8 p\u00f4les. Le tissu est en polyester de 235 g\/m2 avec traitement d\u00e9perlant.<\/span><\/p>\n","protected":false},"featured_media":53620,"comment_status":"open","ping_status":"closed","template":"","meta":{"_acf_changed":false},"product_brand":[],"product_cat":[],"product_tag":[],"class_list":{"0":"post-84799","1":"product","2":"type-product","3":"status-publish","4":"has-post-thumbnail","7":"first","8":"outofstock","9":"sale","10":"shipping-taxable","11":"purchasable","12":"product-type-simple","13":"add-to-wishlist-before_image"},"acf":[],"yoast_head":"<!-- This site is optimized with the Yoast SEO plugin v27.4 - https:\/\/yoast.com\/product\/yoast-seo-wordpress\/ -->\n<title>Parasol en aluminium brut 250 cm de diam\u00e8tre - Porto Rico - Kerama<\/title>\n<meta name=\"robots\" content=\"index, follow, max-snippet:-1, max-image-preview:large, max-video-preview:-1\" \/>\n<link rel=\"canonical\" href=\"https:\/\/keramamueblesdejardin.com\/fr\/non%20class\u00e9\/parasol-aluminium-brut-de-250-cm-diametre-porto-rico\/\" \/>\n<meta property=\"og:locale\" content=\"fr_FR\" \/>\n<meta property=\"og:type\" content=\"article\" \/>\n<meta property=\"og:title\" content=\"Parasol en aluminium brut 250 cm de diam\u00e8tre - Porto Rico - Kerama\" \/>\n<meta property=\"og:description\" content=\"Parasol rond en aluminium gris argent de 250cm de diam\u00e8tre avec tissu \u00e9cru. Avec syst\u00e8me d&#039;ouverture et de fermeture automatique par pouss\u00e9e. La hauteur est r\u00e9glable. Il int\u00e8gre \u00e9galement un syst\u00e8me d&#039;inclinaison du pare-soleil. Le m\u00e2t central a un diam\u00e8tre de 38 mm et comporte 8 p\u00f4les. Le tissu est en polyester de 235 g\/m2 avec traitement d\u00e9perlant.\" \/>\n<meta property=\"og:url\" content=\"https:\/\/keramamueblesdejardin.com\/fr\/non class\u00e9\/parasol-aluminium-brut-de-250-cm-diametre-porto-rico\/\" \/>\n<meta property=\"og:site_name\" content=\"Kerama\" \/>\n<meta property=\"article:publisher\" content=\"https:\/\/www.facebook.com\/Kerama-Muebles-de-Jard%c3%adn-106209328312568\/\" \/>\n<meta property=\"article:modified_time\" content=\"2025-05-15T08:50:32+00:00\" \/>\n<meta property=\"og:image\" content=\"https:\/\/keramamueblesdejardin.com\/wp-content\/uploads\/2021\/08\/MG_9393-1.jpg\" \/>\n\t<meta property=\"og:image:width\" content=\"2136\" \/>\n\t<meta property=\"og:image:height\" content=\"2143\" \/>\n\t<meta property=\"og:image:type\" content=\"image\/jpeg\" \/>\n<meta name=\"twitter:card\" content=\"summary_large_image\" \/>\n<script type=\"application\/ld+json\" class=\"yoast-schema-graph\">{\"@context\":\"https:\\\/\\\/schema.org\",\"@graph\":[{\"@type\":\"WebPage\",\"@id\":\"https:\\\/\\\/keramamueblesdejardin.com\\\/fr\\\/non class\u00e9\\\/parasol-aluminium-brut-de-250-cm-diametre-porto-rico\\\/\",\"url\":\"https:\\\/\\\/keramamueblesdejardin.com\\\/fr\\\/non class\u00e9\\\/parasol-aluminium-brut-de-250-cm-diametre-porto-rico\\\/\",\"name\":\"Parasol en aluminium brut 250 cm de diam\u00e8tre - Porto Rico - Kerama\",\"isPartOf\":{\"@id\":\"https:\\\/\\\/keramamueblesdejardin.com\\\/fr\\\/#website\"},\"primaryImageOfPage\":{\"@id\":\"https:\\\/\\\/keramamueblesdejardin.com\\\/fr\\\/non class\u00e9\\\/parasol-aluminium-brut-de-250-cm-diametre-porto-rico\\\/#primaryimage\"},\"image\":{\"@id\":\"https:\\\/\\\/keramamueblesdejardin.com\\\/fr\\\/non class\u00e9\\\/parasol-aluminium-brut-de-250-cm-diametre-porto-rico\\\/#primaryimage\"},\"thumbnailUrl\":\"https:\\\/\\\/keramamueblesdejardin.com\\\/wp-content\\\/uploads\\\/2021\\\/08\\\/MG_9393-1.jpg\",\"datePublished\":\"2021-08-11T10:11:46+00:00\",\"dateModified\":\"2025-05-15T08:50:32+00:00\",\"breadcrumb\":{\"@id\":\"https:\\\/\\\/keramamueblesdejardin.com\\\/fr\\\/non class\u00e9\\\/parasol-aluminium-brut-de-250-cm-diametre-porto-rico\\\/#breadcrumb\"},\"inLanguage\":\"fr-FR\",\"potentialAction\":[{\"@type\":\"ReadAction\",\"target\":[\"https:\\\/\\\/keramamueblesdejardin.com\\\/fr\\\/non class\u00e9\\\/parasol-aluminium-brut-de-250-cm-diametre-porto-rico\\\/\"]}]},{\"@type\":\"ImageObject\",\"inLanguage\":\"fr-FR\",\"@id\":\"https:\\\/\\\/keramamueblesdejardin.com\\\/fr\\\/non class\u00e9\\\/parasol-aluminium-brut-de-250-cm-diametre-porto-rico\\\/#primaryimage\",\"url\":\"https:\\\/\\\/keramamueblesdejardin.com\\\/wp-content\\\/uploads\\\/2021\\\/08\\\/MG_9393-1.jpg\",\"contentUrl\":\"https:\\\/\\\/keramamueblesdejardin.com\\\/wp-content\\\/uploads\\\/2021\\\/08\\\/MG_9393-1.jpg\",\"width\":2136,\"height\":2143},{\"@type\":\"BreadcrumbList\",\"@id\":\"https:\\\/\\\/keramamueblesdejardin.com\\\/fr\\\/non class\u00e9\\\/parasol-aluminium-brut-de-250-cm-diametre-porto-rico\\\/#breadcrumb\",\"itemListElement\":[{\"@type\":\"ListItem\",\"position\":1,\"name\":\"Home\",\"item\":\"https:\\\/\\\/keramamueblesdejardin.com\\\/fr\\\/\"},{\"@type\":\"ListItem\",\"position\":2,\"name\":\"Boutique\",\"item\":\"https:\\\/\\\/keramamueblesdejardin.com\\\/tienda\\\/\"},{\"@type\":\"ListItem\",\"position\":3,\"name\":\"Parasols et pergolas\",\"item\":\"https:\\\/\\\/keramamueblesdejardin.com\\\/fr\\\/parasols-et-pergolas\\\/\"},{\"@type\":\"ListItem\",\"position\":4,\"name\":\"Pare-soleil\",\"item\":\"https:\\\/\\\/keramamueblesdejardin.com\\\/fr\\\/parasols-et-pergolas\\\/pare-soleil\\\/\"},{\"@type\":\"ListItem\",\"position\":5,\"name\":\"Parasol en aluminium brut 250 cm de diam\u00e8tre &#8211; Porto Rico\"}]},{\"@type\":\"WebSite\",\"@id\":\"https:\\\/\\\/keramamueblesdejardin.com\\\/fr\\\/#website\",\"url\":\"https:\\\/\\\/keramamueblesdejardin.com\\\/fr\\\/\",\"name\":\"Kerama\",\"description\":\"muebles de jard\u00edn\",\"publisher\":{\"@id\":\"https:\\\/\\\/keramamueblesdejardin.com\\\/fr\\\/#organization\"},\"potentialAction\":[{\"@type\":\"SearchAction\",\"target\":{\"@type\":\"EntryPoint\",\"urlTemplate\":\"https:\\\/\\\/keramamueblesdejardin.com\\\/fr\\\/?s={search_term_string}\"},\"query-input\":{\"@type\":\"PropertyValueSpecification\",\"valueRequired\":true,\"valueName\":\"search_term_string\"}}],\"inLanguage\":\"fr-FR\"},{\"@type\":\"Organization\",\"@id\":\"https:\\\/\\\/keramamueblesdejardin.com\\\/fr\\\/#organization\",\"name\":\"kerama\",\"url\":\"https:\\\/\\\/keramamueblesdejardin.com\\\/fr\\\/\",\"logo\":{\"@type\":\"ImageObject\",\"inLanguage\":\"fr-FR\",\"@id\":\"https:\\\/\\\/keramamueblesdejardin.com\\\/fr\\\/#\\\/schema\\\/logo\\\/image\\\/\",\"url\":\"https:\\\/\\\/keramamueblesdejardin.com\\\/wp-content\\\/uploads\\\/2020\\\/12\\\/k.-scaled.jpg\",\"contentUrl\":\"https:\\\/\\\/keramamueblesdejardin.com\\\/wp-content\\\/uploads\\\/2020\\\/12\\\/k.-scaled.jpg\",\"width\":2560,\"height\":551,\"caption\":\"kerama\"},\"image\":{\"@id\":\"https:\\\/\\\/keramamueblesdejardin.com\\\/fr\\\/#\\\/schema\\\/logo\\\/image\\\/\"},\"sameAs\":[\"https:\\\/\\\/www.facebook.com\\\/Kerama-Muebles-de-Jard\u00edn-106209328312568\\\/\"]}]}<\/script>\n<!-- \/ Yoast SEO plugin. -->","yoast_head_json":{"title":"Parasol en aluminium brut 250 cm de diam\u00e8tre - Porto Rico - Kerama","robots":{"index":"index","follow":"follow","max-snippet":"max-snippet:-1","max-image-preview":"max-image-preview:large","max-video-preview":"max-video-preview:-1"},"canonical":"https:\/\/keramamueblesdejardin.com\/fr\/non class\u00e9\/parasol-aluminium-brut-de-250-cm-diametre-porto-rico\/","og_locale":"fr_FR","og_type":"article","og_title":"Parasol en aluminium brut 250 cm de diam\u00e8tre - Porto Rico - Kerama","og_description":"Parasol rond en aluminium gris argent de 250cm de diam\u00e8tre avec tissu \u00e9cru. Avec syst\u00e8me d'ouverture et de fermeture automatique par pouss\u00e9e. La hauteur est r\u00e9glable. Il int\u00e8gre \u00e9galement un syst\u00e8me d'inclinaison du pare-soleil. Le m\u00e2t central a un diam\u00e8tre de 38 mm et comporte 8 p\u00f4les. Le tissu est en polyester de 235 g\/m2 avec traitement d\u00e9perlant.","og_url":"https:\/\/keramamueblesdejardin.com\/fr\/non class\u00e9\/parasol-aluminium-brut-de-250-cm-diametre-porto-rico\/","og_site_name":"Kerama","article_publisher":"https:\/\/www.facebook.com\/Kerama-Muebles-de-Jard%c3%adn-106209328312568\/","article_modified_time":"2025-05-15T08:50:32+00:00","og_image":[{"width":2136,"height":2143,"url":"https:\/\/keramamueblesdejardin.com\/wp-content\/uploads\/2021\/08\/MG_9393-1.jpg","type":"image\/jpeg"}],"twitter_card":"summary_large_image","schema":{"@context":"https:\/\/schema.org","@graph":[{"@type":"WebPage","@id":"https:\/\/keramamueblesdejardin.com\/fr\/non class\u00e9\/parasol-aluminium-brut-de-250-cm-diametre-porto-rico\/","url":"https:\/\/keramamueblesdejardin.com\/fr\/non class\u00e9\/parasol-aluminium-brut-de-250-cm-diametre-porto-rico\/","name":"Parasol en aluminium brut 250 cm de diam\u00e8tre - Porto Rico - Kerama","isPartOf":{"@id":"https:\/\/keramamueblesdejardin.com\/fr\/#website"},"primaryImageOfPage":{"@id":"https:\/\/keramamueblesdejardin.com\/fr\/non class\u00e9\/parasol-aluminium-brut-de-250-cm-diametre-porto-rico\/#primaryimage"},"image":{"@id":"https:\/\/keramamueblesdejardin.com\/fr\/non class\u00e9\/parasol-aluminium-brut-de-250-cm-diametre-porto-rico\/#primaryimage"},"thumbnailUrl":"https:\/\/keramamueblesdejardin.com\/wp-content\/uploads\/2021\/08\/MG_9393-1.jpg","datePublished":"2021-08-11T10:11:46+00:00","dateModified":"2025-05-15T08:50:32+00:00","breadcrumb":{"@id":"https:\/\/keramamueblesdejardin.com\/fr\/non class\u00e9\/parasol-aluminium-brut-de-250-cm-diametre-porto-rico\/#breadcrumb"},"inLanguage":"fr-FR","potentialAction":[{"@type":"ReadAction","target":["https:\/\/keramamueblesdejardin.com\/fr\/non class\u00e9\/parasol-aluminium-brut-de-250-cm-diametre-porto-rico\/"]}]},{"@type":"ImageObject","inLanguage":"fr-FR","@id":"https:\/\/keramamueblesdejardin.com\/fr\/non class\u00e9\/parasol-aluminium-brut-de-250-cm-diametre-porto-rico\/#primaryimage","url":"https:\/\/keramamueblesdejardin.com\/wp-content\/uploads\/2021\/08\/MG_9393-1.jpg","contentUrl":"https:\/\/keramamueblesdejardin.com\/wp-content\/uploads\/2021\/08\/MG_9393-1.jpg","width":2136,"height":2143},{"@type":"BreadcrumbList","@id":"https:\/\/keramamueblesdejardin.com\/fr\/non class\u00e9\/parasol-aluminium-brut-de-250-cm-diametre-porto-rico\/#breadcrumb","itemListElement":[{"@type":"ListItem","position":1,"name":"Home","item":"https:\/\/keramamueblesdejardin.com\/fr\/"},{"@type":"ListItem","position":2,"name":"Boutique","item":"https:\/\/keramamueblesdejardin.com\/tienda\/"},{"@type":"ListItem","position":3,"name":"Parasols et pergolas","item":"https:\/\/keramamueblesdejardin.com\/fr\/parasols-et-pergolas\/"},{"@type":"ListItem","position":4,"name":"Pare-soleil","item":"https:\/\/keramamueblesdejardin.com\/fr\/parasols-et-pergolas\/pare-soleil\/"},{"@type":"ListItem","position":5,"name":"Parasol en aluminium brut 250 cm de diam\u00e8tre &#8211; Porto Rico"}]},{"@type":"WebSite","@id":"https:\/\/keramamueblesdejardin.com\/fr\/#website","url":"https:\/\/keramamueblesdejardin.com\/fr\/","name":"Kerama","description":"muebles de jard\u00edn","publisher":{"@id":"https:\/\/keramamueblesdejardin.com\/fr\/#organization"},"potentialAction":[{"@type":"SearchAction","target":{"@type":"EntryPoint","urlTemplate":"https:\/\/keramamueblesdejardin.com\/fr\/?s={search_term_string}"},"query-input":{"@type":"PropertyValueSpecification","valueRequired":true,"valueName":"search_term_string"}}],"inLanguage":"fr-FR"},{"@type":"Organization","@id":"https:\/\/keramamueblesdejardin.com\/fr\/#organization","name":"kerama","url":"https:\/\/keramamueblesdejardin.com\/fr\/","logo":{"@type":"ImageObject","inLanguage":"fr-FR","@id":"https:\/\/keramamueblesdejardin.com\/fr\/#\/schema\/logo\/image\/","url":"https:\/\/keramamueblesdejardin.com\/wp-content\/uploads\/2020\/12\/k.-scaled.jpg","contentUrl":"https:\/\/keramamueblesdejardin.com\/wp-content\/uploads\/2020\/12\/k.-scaled.jpg","width":2560,"height":551,"caption":"kerama"},"image":{"@id":"https:\/\/keramamueblesdejardin.com\/fr\/#\/schema\/logo\/image\/"},"sameAs":["https:\/\/www.facebook.com\/Kerama-Muebles-de-Jard\u00edn-106209328312568\/"]}]}},"df_price":129,"df_sale_price":129,"df_regular_price":168,"df_image_link":"https:\/\/keramamueblesdejardin.com\/wp-content\/uploads\/2021\/08\/MG_9393-1-300x300.jpg","custom_tabs":"","_links":{"self":[{"href":"https:\/\/keramamueblesdejardin.com\/fr\/wp-json\/wp\/v2\/product\/84799","targetHints":{"allow":["GET"]}}],"collection":[{"href":"https:\/\/keramamueblesdejardin.com\/fr\/wp-json\/wp\/v2\/product"}],"about":[{"href":"https:\/\/keramamueblesdejardin.com\/fr\/wp-json\/wp\/v2\/types\/product"}],"replies":[{"embeddable":true,"href":"https:\/\/keramamueblesdejardin.com\/fr\/wp-json\/wp\/v2\/comments?post=84799"}],"wp:featuredmedia":[{"embeddable":true,"href":"https:\/\/keramamueblesdejardin.com\/fr\/wp-json\/wp\/v2\/media\/53620"}],"wp:attachment":[{"href":"https:\/\/keramamueblesdejardin.com\/fr\/wp-json\/wp\/v2\/media?parent=84799"}],"wp:term":[{"taxonomy":"product_brand","embeddable":true,"href":"https:\/\/keramamueblesdejardin.com\/fr\/wp-json\/wp\/v2\/product_brand?post=84799"},{"taxonomy":"product_cat","embeddable":true,"href":"https:\/\/keramamueblesdejardin.com\/fr\/wp-json\/wp\/v2\/product_cat?post=84799"},{"taxonomy":"product_tag","embeddable":true,"href":"https:\/\/keramamueblesdejardin.com\/fr\/wp-json\/wp\/v2\/product_tag?post=84799"}],"curies":[{"name":"wp","href":"https:\/\/api.w.org\/{rel}","templated":true}]}}