{"id":84592,"date":"2022-09-13T15:24:39","date_gmt":"2022-09-13T13:24:39","guid":{"rendered":"https:\/\/keramamueblesdejardin.com\/non%20class\u00e9\/ensemble-salle-a-manger-de-jardin-en-bois-et-ceramique-table-bleue-200x100-8-chaises-bois-et-textile-beige-java-light\/"},"modified":"2023-08-31T08:21:41","modified_gmt":"2023-08-31T06:21:41","slug":"jardin-set-dining-table-bois-et-bleu-ceramique-200x100-8-chaises-bois-et-textilene-beige-java-light","status":"publish","type":"product","link":"https:\/\/keramamueblesdejardin.com\/fr\/diner-en-plein-air\/ensemble-table-et-chaises-de-jardin\/jardin-set-dining-table-bois-et-bleu-ceramique-200x100-8-chaises-bois-et-textilene-beige-java-light\/","title":{"rendered":"Ensemble salle \u00e0 manger de jardin en bois et c\u00e9ramique table bleue 200&#215;100 + 8 chaises bois et textile beige &#8211; Java Light"},"content":{"rendered":"<p>Pack de 8 chaises pliantes en bois d\u2019acacia avec accoudoirs. La base de l\u2019assise et le dossier sont en textile beige. Mesure 58x54x89,5cm. Poids 5kg<br \/>\nTable de jardin en acacia clair avec plateau en c\u00e9ramique 33&#215;33 en finition vitr\u00e9e bleue. La construction de la table est tr\u00e8s robuste et r\u00e9sistante. Vous pouvez la combiner avec le reste des \u00e9l\u00e9ments de la famille Java Light, et en m\u00eame temps c\u2019est une table tr\u00e8s polyvalente qui peut \u00eatre combin\u00e9e avec des \u00e9l\u00e9ments m\u00e9talliques industriels, classiques, rustiques, modernes&#8230;<\/p>\n","protected":false},"excerpt":{"rendered":"<ul>\n<li>Pack de 8 Fauteuil avec bras de jardin pliants en bois d\u2019acacia avec accoudoirs<\/li>\n<li>Finition en bois clair<\/li>\n<li>Assise et dossier en textile beige<\/li>\n<li>Table en bois et c\u00e9ramique \u00e9maill\u00e9e bleue. Dimensions : 200x100x75 cm<\/li>\n<\/ul>\n","protected":false},"featured_media":83014,"comment_status":"closed","ping_status":"closed","template":"","meta":{"_acf_changed":false},"product_brand":[],"product_cat":[578,579],"product_tag":[582,581,673,583,584],"class_list":{"0":"post-84592","1":"product","2":"type-product","3":"status-publish","4":"has-post-thumbnail","6":"product_cat-diner-en-plein-air","7":"product_cat-ensemble-table-et-chaises-de-jardin","8":"product_tag-acacia-fr","9":"product_tag-bois","10":"product_tag-extensible-fr","11":"product_tag-java-fr","12":"product_tag-pliable","13":"product_shipping_class-envio-gratuito-fr","14":"pa_ancho-260-fr","15":"pa_asientos-8-fr","16":"pa_caracteristicas-accoudoirs","17":"pa_caracteristicas-pliant-fr","18":"pa_coleccion-java-light-fr","19":"pa_forma-rectangulaire","20":"pa_largo-360-fr","21":"pa_m2-936-fr","22":"pa_material-madera-clara-fr","23":"pa_material-textileno-fr","24":"pa_tamano-espacio-grand","26":"first","27":"instock","28":"sale","29":"purchasable","30":"product-type-simple","31":"add-to-wishlist-before_image"},"acf":[],"yoast_head":"<!-- This site is optimized with the Yoast SEO plugin v27.4 - https:\/\/yoast.com\/product\/yoast-seo-wordpress\/ -->\n<title>Ensemble salle \u00e0 manger de jardin en bois et c\u00e9ramique table bleue 200x100 + 8 chaises bois et textile beige - Java Light - Kerama<\/title>\n<meta name=\"robots\" content=\"index, follow, max-snippet:-1, max-image-preview:large, max-video-preview:-1\" \/>\n<link rel=\"canonical\" href=\"https:\/\/keramamueblesdejardin.com\/fr\/diner-en-plein-air\/ensemble-table-et-chaises-de-jardin\/jardin-set-dining-table-bois-et-bleu-ceramique-200x100-8-chaises-bois-et-textilene-beige-java-light\/\" \/>\n<meta property=\"og:locale\" content=\"fr_FR\" \/>\n<meta property=\"og:type\" content=\"article\" \/>\n<meta property=\"og:title\" content=\"Ensemble salle \u00e0 manger de jardin en bois et c\u00e9ramique table bleue 200x100 + 8 chaises bois et textile beige - Java Light - Kerama\" \/>\n<meta property=\"og:description\" content=\"Pack de 8 Fauteuil avec bras de jardin pliants en bois d\u2019acacia avec accoudoirs  Finition en bois clair  Assise et dossier en textile beige  Table en bois et c\u00e9ramique \u00e9maill\u00e9e bleue. Dimensions : 200x100x75 cm\" \/>\n<meta property=\"og:url\" content=\"https:\/\/keramamueblesdejardin.com\/fr\/diner-en-plein-air\/ensemble-table-et-chaises-de-jardin\/jardin-set-dining-table-bois-et-bleu-ceramique-200x100-8-chaises-bois-et-textilene-beige-java-light\/\" \/>\n<meta property=\"og:site_name\" content=\"Kerama\" \/>\n<meta property=\"article:publisher\" content=\"https:\/\/www.facebook.com\/Kerama-Muebles-de-Jard%c3%adn-106209328312568\/\" \/>\n<meta property=\"article:modified_time\" content=\"2023-08-31T06:21:41+00:00\" \/>\n<meta property=\"og:image\" content=\"https:\/\/keramamueblesdejardin.com\/wp-content\/uploads\/2022\/09\/java-azul-enea-8.jpg\" \/>\n\t<meta property=\"og:image:width\" content=\"1200\" \/>\n\t<meta property=\"og:image:height\" content=\"1200\" \/>\n\t<meta property=\"og:image:type\" content=\"image\/jpeg\" \/>\n<meta name=\"twitter:card\" content=\"summary_large_image\" \/>\n<script type=\"application\/ld+json\" class=\"yoast-schema-graph\">{\"@context\":\"https:\\\/\\\/schema.org\",\"@graph\":[{\"@type\":\"WebPage\",\"@id\":\"https:\\\/\\\/keramamueblesdejardin.com\\\/fr\\\/diner-en-plein-air\\\/ensemble-table-et-chaises-de-jardin\\\/jardin-set-dining-table-bois-et-bleu-ceramique-200x100-8-chaises-bois-et-textilene-beige-java-light\\\/\",\"url\":\"https:\\\/\\\/keramamueblesdejardin.com\\\/fr\\\/diner-en-plein-air\\\/ensemble-table-et-chaises-de-jardin\\\/jardin-set-dining-table-bois-et-bleu-ceramique-200x100-8-chaises-bois-et-textilene-beige-java-light\\\/\",\"name\":\"Ensemble salle \u00e0 manger de jardin en bois et c\u00e9ramique table bleue 200x100 + 8 chaises bois et textile beige - Java Light - Kerama\",\"isPartOf\":{\"@id\":\"https:\\\/\\\/keramamueblesdejardin.com\\\/fr\\\/#website\"},\"primaryImageOfPage\":{\"@id\":\"https:\\\/\\\/keramamueblesdejardin.com\\\/fr\\\/diner-en-plein-air\\\/ensemble-table-et-chaises-de-jardin\\\/jardin-set-dining-table-bois-et-bleu-ceramique-200x100-8-chaises-bois-et-textilene-beige-java-light\\\/#primaryimage\"},\"image\":{\"@id\":\"https:\\\/\\\/keramamueblesdejardin.com\\\/fr\\\/diner-en-plein-air\\\/ensemble-table-et-chaises-de-jardin\\\/jardin-set-dining-table-bois-et-bleu-ceramique-200x100-8-chaises-bois-et-textilene-beige-java-light\\\/#primaryimage\"},\"thumbnailUrl\":\"https:\\\/\\\/keramamueblesdejardin.com\\\/wp-content\\\/uploads\\\/2022\\\/09\\\/java-azul-enea-8.jpg\",\"datePublished\":\"2022-09-13T13:24:39+00:00\",\"dateModified\":\"2023-08-31T06:21:41+00:00\",\"breadcrumb\":{\"@id\":\"https:\\\/\\\/keramamueblesdejardin.com\\\/fr\\\/diner-en-plein-air\\\/ensemble-table-et-chaises-de-jardin\\\/jardin-set-dining-table-bois-et-bleu-ceramique-200x100-8-chaises-bois-et-textilene-beige-java-light\\\/#breadcrumb\"},\"inLanguage\":\"fr-FR\",\"potentialAction\":[{\"@type\":\"ReadAction\",\"target\":[\"https:\\\/\\\/keramamueblesdejardin.com\\\/fr\\\/diner-en-plein-air\\\/ensemble-table-et-chaises-de-jardin\\\/jardin-set-dining-table-bois-et-bleu-ceramique-200x100-8-chaises-bois-et-textilene-beige-java-light\\\/\"]}]},{\"@type\":\"ImageObject\",\"inLanguage\":\"fr-FR\",\"@id\":\"https:\\\/\\\/keramamueblesdejardin.com\\\/fr\\\/diner-en-plein-air\\\/ensemble-table-et-chaises-de-jardin\\\/jardin-set-dining-table-bois-et-bleu-ceramique-200x100-8-chaises-bois-et-textilene-beige-java-light\\\/#primaryimage\",\"url\":\"https:\\\/\\\/keramamueblesdejardin.com\\\/wp-content\\\/uploads\\\/2022\\\/09\\\/java-azul-enea-8.jpg\",\"contentUrl\":\"https:\\\/\\\/keramamueblesdejardin.com\\\/wp-content\\\/uploads\\\/2022\\\/09\\\/java-azul-enea-8.jpg\",\"width\":1200,\"height\":1200},{\"@type\":\"BreadcrumbList\",\"@id\":\"https:\\\/\\\/keramamueblesdejardin.com\\\/fr\\\/diner-en-plein-air\\\/ensemble-table-et-chaises-de-jardin\\\/jardin-set-dining-table-bois-et-bleu-ceramique-200x100-8-chaises-bois-et-textilene-beige-java-light\\\/#breadcrumb\",\"itemListElement\":[{\"@type\":\"ListItem\",\"position\":1,\"name\":\"Home\",\"item\":\"https:\\\/\\\/keramamueblesdejardin.com\\\/fr\\\/\"},{\"@type\":\"ListItem\",\"position\":2,\"name\":\"Boutique\",\"item\":\"https:\\\/\\\/keramamueblesdejardin.com\\\/tienda\\\/\"},{\"@type\":\"ListItem\",\"position\":3,\"name\":\"D\u00eener en plein air\",\"item\":\"https:\\\/\\\/keramamueblesdejardin.com\\\/fr\\\/diner-en-plein-air\\\/\"},{\"@type\":\"ListItem\",\"position\":4,\"name\":\"Ensemble table et chaises de jardin\",\"item\":\"https:\\\/\\\/keramamueblesdejardin.com\\\/fr\\\/diner-en-plein-air\\\/ensemble-table-et-chaises-de-jardin\\\/\"},{\"@type\":\"ListItem\",\"position\":5,\"name\":\"Ensemble salle \u00e0 manger de jardin en bois et c\u00e9ramique table bleue 200&#215;100 + 8 chaises bois et textile beige &#8211; Java Light\"}]},{\"@type\":\"WebSite\",\"@id\":\"https:\\\/\\\/keramamueblesdejardin.com\\\/fr\\\/#website\",\"url\":\"https:\\\/\\\/keramamueblesdejardin.com\\\/fr\\\/\",\"name\":\"Kerama\",\"description\":\"muebles de jard\u00edn\",\"publisher\":{\"@id\":\"https:\\\/\\\/keramamueblesdejardin.com\\\/fr\\\/#organization\"},\"potentialAction\":[{\"@type\":\"SearchAction\",\"target\":{\"@type\":\"EntryPoint\",\"urlTemplate\":\"https:\\\/\\\/keramamueblesdejardin.com\\\/fr\\\/?s={search_term_string}\"},\"query-input\":{\"@type\":\"PropertyValueSpecification\",\"valueRequired\":true,\"valueName\":\"search_term_string\"}}],\"inLanguage\":\"fr-FR\"},{\"@type\":\"Organization\",\"@id\":\"https:\\\/\\\/keramamueblesdejardin.com\\\/fr\\\/#organization\",\"name\":\"kerama\",\"url\":\"https:\\\/\\\/keramamueblesdejardin.com\\\/fr\\\/\",\"logo\":{\"@type\":\"ImageObject\",\"inLanguage\":\"fr-FR\",\"@id\":\"https:\\\/\\\/keramamueblesdejardin.com\\\/fr\\\/#\\\/schema\\\/logo\\\/image\\\/\",\"url\":\"https:\\\/\\\/keramamueblesdejardin.com\\\/wp-content\\\/uploads\\\/2020\\\/12\\\/k.-scaled.jpg\",\"contentUrl\":\"https:\\\/\\\/keramamueblesdejardin.com\\\/wp-content\\\/uploads\\\/2020\\\/12\\\/k.-scaled.jpg\",\"width\":2560,\"height\":551,\"caption\":\"kerama\"},\"image\":{\"@id\":\"https:\\\/\\\/keramamueblesdejardin.com\\\/fr\\\/#\\\/schema\\\/logo\\\/image\\\/\"},\"sameAs\":[\"https:\\\/\\\/www.facebook.com\\\/Kerama-Muebles-de-Jard\u00edn-106209328312568\\\/\"]}]}<\/script>\n<!-- \/ Yoast SEO plugin. -->","yoast_head_json":{"title":"Ensemble salle \u00e0 manger de jardin en bois et c\u00e9ramique table bleue 200x100 + 8 chaises bois et textile beige - Java Light - Kerama","robots":{"index":"index","follow":"follow","max-snippet":"max-snippet:-1","max-image-preview":"max-image-preview:large","max-video-preview":"max-video-preview:-1"},"canonical":"https:\/\/keramamueblesdejardin.com\/fr\/diner-en-plein-air\/ensemble-table-et-chaises-de-jardin\/jardin-set-dining-table-bois-et-bleu-ceramique-200x100-8-chaises-bois-et-textilene-beige-java-light\/","og_locale":"fr_FR","og_type":"article","og_title":"Ensemble salle \u00e0 manger de jardin en bois et c\u00e9ramique table bleue 200x100 + 8 chaises bois et textile beige - Java Light - Kerama","og_description":"Pack de 8 Fauteuil avec bras de jardin pliants en bois d\u2019acacia avec accoudoirs  Finition en bois clair  Assise et dossier en textile beige  Table en bois et c\u00e9ramique \u00e9maill\u00e9e bleue. Dimensions : 200x100x75 cm","og_url":"https:\/\/keramamueblesdejardin.com\/fr\/diner-en-plein-air\/ensemble-table-et-chaises-de-jardin\/jardin-set-dining-table-bois-et-bleu-ceramique-200x100-8-chaises-bois-et-textilene-beige-java-light\/","og_site_name":"Kerama","article_publisher":"https:\/\/www.facebook.com\/Kerama-Muebles-de-Jard%c3%adn-106209328312568\/","article_modified_time":"2023-08-31T06:21:41+00:00","og_image":[{"width":1200,"height":1200,"url":"https:\/\/keramamueblesdejardin.com\/wp-content\/uploads\/2022\/09\/java-azul-enea-8.jpg","type":"image\/jpeg"}],"twitter_card":"summary_large_image","schema":{"@context":"https:\/\/schema.org","@graph":[{"@type":"WebPage","@id":"https:\/\/keramamueblesdejardin.com\/fr\/diner-en-plein-air\/ensemble-table-et-chaises-de-jardin\/jardin-set-dining-table-bois-et-bleu-ceramique-200x100-8-chaises-bois-et-textilene-beige-java-light\/","url":"https:\/\/keramamueblesdejardin.com\/fr\/diner-en-plein-air\/ensemble-table-et-chaises-de-jardin\/jardin-set-dining-table-bois-et-bleu-ceramique-200x100-8-chaises-bois-et-textilene-beige-java-light\/","name":"Ensemble salle \u00e0 manger de jardin en bois et c\u00e9ramique table bleue 200x100 + 8 chaises bois et textile beige - Java Light - Kerama","isPartOf":{"@id":"https:\/\/keramamueblesdejardin.com\/fr\/#website"},"primaryImageOfPage":{"@id":"https:\/\/keramamueblesdejardin.com\/fr\/diner-en-plein-air\/ensemble-table-et-chaises-de-jardin\/jardin-set-dining-table-bois-et-bleu-ceramique-200x100-8-chaises-bois-et-textilene-beige-java-light\/#primaryimage"},"image":{"@id":"https:\/\/keramamueblesdejardin.com\/fr\/diner-en-plein-air\/ensemble-table-et-chaises-de-jardin\/jardin-set-dining-table-bois-et-bleu-ceramique-200x100-8-chaises-bois-et-textilene-beige-java-light\/#primaryimage"},"thumbnailUrl":"https:\/\/keramamueblesdejardin.com\/wp-content\/uploads\/2022\/09\/java-azul-enea-8.jpg","datePublished":"2022-09-13T13:24:39+00:00","dateModified":"2023-08-31T06:21:41+00:00","breadcrumb":{"@id":"https:\/\/keramamueblesdejardin.com\/fr\/diner-en-plein-air\/ensemble-table-et-chaises-de-jardin\/jardin-set-dining-table-bois-et-bleu-ceramique-200x100-8-chaises-bois-et-textilene-beige-java-light\/#breadcrumb"},"inLanguage":"fr-FR","potentialAction":[{"@type":"ReadAction","target":["https:\/\/keramamueblesdejardin.com\/fr\/diner-en-plein-air\/ensemble-table-et-chaises-de-jardin\/jardin-set-dining-table-bois-et-bleu-ceramique-200x100-8-chaises-bois-et-textilene-beige-java-light\/"]}]},{"@type":"ImageObject","inLanguage":"fr-FR","@id":"https:\/\/keramamueblesdejardin.com\/fr\/diner-en-plein-air\/ensemble-table-et-chaises-de-jardin\/jardin-set-dining-table-bois-et-bleu-ceramique-200x100-8-chaises-bois-et-textilene-beige-java-light\/#primaryimage","url":"https:\/\/keramamueblesdejardin.com\/wp-content\/uploads\/2022\/09\/java-azul-enea-8.jpg","contentUrl":"https:\/\/keramamueblesdejardin.com\/wp-content\/uploads\/2022\/09\/java-azul-enea-8.jpg","width":1200,"height":1200},{"@type":"BreadcrumbList","@id":"https:\/\/keramamueblesdejardin.com\/fr\/diner-en-plein-air\/ensemble-table-et-chaises-de-jardin\/jardin-set-dining-table-bois-et-bleu-ceramique-200x100-8-chaises-bois-et-textilene-beige-java-light\/#breadcrumb","itemListElement":[{"@type":"ListItem","position":1,"name":"Home","item":"https:\/\/keramamueblesdejardin.com\/fr\/"},{"@type":"ListItem","position":2,"name":"Boutique","item":"https:\/\/keramamueblesdejardin.com\/tienda\/"},{"@type":"ListItem","position":3,"name":"D\u00eener en plein air","item":"https:\/\/keramamueblesdejardin.com\/fr\/diner-en-plein-air\/"},{"@type":"ListItem","position":4,"name":"Ensemble table et chaises de jardin","item":"https:\/\/keramamueblesdejardin.com\/fr\/diner-en-plein-air\/ensemble-table-et-chaises-de-jardin\/"},{"@type":"ListItem","position":5,"name":"Ensemble salle \u00e0 manger de jardin en bois et c\u00e9ramique table bleue 200&#215;100 + 8 chaises bois et textile beige &#8211; Java Light"}]},{"@type":"WebSite","@id":"https:\/\/keramamueblesdejardin.com\/fr\/#website","url":"https:\/\/keramamueblesdejardin.com\/fr\/","name":"Kerama","description":"muebles de jard\u00edn","publisher":{"@id":"https:\/\/keramamueblesdejardin.com\/fr\/#organization"},"potentialAction":[{"@type":"SearchAction","target":{"@type":"EntryPoint","urlTemplate":"https:\/\/keramamueblesdejardin.com\/fr\/?s={search_term_string}"},"query-input":{"@type":"PropertyValueSpecification","valueRequired":true,"valueName":"search_term_string"}}],"inLanguage":"fr-FR"},{"@type":"Organization","@id":"https:\/\/keramamueblesdejardin.com\/fr\/#organization","name":"kerama","url":"https:\/\/keramamueblesdejardin.com\/fr\/","logo":{"@type":"ImageObject","inLanguage":"fr-FR","@id":"https:\/\/keramamueblesdejardin.com\/fr\/#\/schema\/logo\/image\/","url":"https:\/\/keramamueblesdejardin.com\/wp-content\/uploads\/2020\/12\/k.-scaled.jpg","contentUrl":"https:\/\/keramamueblesdejardin.com\/wp-content\/uploads\/2020\/12\/k.-scaled.jpg","width":2560,"height":551,"caption":"kerama"},"image":{"@id":"https:\/\/keramamueblesdejardin.com\/fr\/#\/schema\/logo\/image\/"},"sameAs":["https:\/\/www.facebook.com\/Kerama-Muebles-de-Jard\u00edn-106209328312568\/"]}]}},"df_price":1809,"df_sale_price":1809,"df_regular_price":2222,"df_image_link":"https:\/\/keramamueblesdejardin.com\/wp-content\/uploads\/2022\/09\/java-azul-enea-8-300x300.jpg","custom_tabs":[{"title":"MESURES","id":"mesures","content":"<div class=\"list\"><strong>Hauteur: <\/strong>table 75cm \/\/ chaise 85cm<\/div>\n<div class=\"list\"><strong>Largeur: <\/strong>table 200cm \/\/chaise 53.5cm<\/div>\n<div class=\"list\"><strong>Profondeur: <\/strong>table 100cm \/\/ chaise 56.5cm<\/div>"}],"_links":{"self":[{"href":"https:\/\/keramamueblesdejardin.com\/fr\/wp-json\/wp\/v2\/product\/84592","targetHints":{"allow":["GET"]}}],"collection":[{"href":"https:\/\/keramamueblesdejardin.com\/fr\/wp-json\/wp\/v2\/product"}],"about":[{"href":"https:\/\/keramamueblesdejardin.com\/fr\/wp-json\/wp\/v2\/types\/product"}],"replies":[{"embeddable":true,"href":"https:\/\/keramamueblesdejardin.com\/fr\/wp-json\/wp\/v2\/comments?post=84592"}],"wp:featuredmedia":[{"embeddable":true,"href":"https:\/\/keramamueblesdejardin.com\/fr\/wp-json\/wp\/v2\/media\/83014"}],"wp:attachment":[{"href":"https:\/\/keramamueblesdejardin.com\/fr\/wp-json\/wp\/v2\/media?parent=84592"}],"wp:term":[{"taxonomy":"product_brand","embeddable":true,"href":"https:\/\/keramamueblesdejardin.com\/fr\/wp-json\/wp\/v2\/product_brand?post=84592"},{"taxonomy":"product_cat","embeddable":true,"href":"https:\/\/keramamueblesdejardin.com\/fr\/wp-json\/wp\/v2\/product_cat?post=84592"},{"taxonomy":"product_tag","embeddable":true,"href":"https:\/\/keramamueblesdejardin.com\/fr\/wp-json\/wp\/v2\/product_tag?post=84592"}],"curies":[{"name":"wp","href":"https:\/\/api.w.org\/{rel}","templated":true}]}}