{"id":84587,"date":"2022-09-13T15:24:39","date_gmt":"2022-09-13T13:24:39","guid":{"rendered":"https:\/\/keramamueblesdejardin.com\/non%20class\u00e9\/ensemble-salle-a-manger-de-jardin-table-fixe-large-lattes-200x100-8-chaises-bois-et-rotin-enea-synthetique-avec-accoudoirs-java-light\/"},"modified":"2024-10-22T16:47:11","modified_gmt":"2024-10-22T14:47:11","slug":"jardin-set-salle-a-manger-fixe-lattes-large-200x100-8-chaises-bois-et-ratan-enea-synthetique-avec-bras-java-light","status":"publish","type":"product","link":"https:\/\/keramamueblesdejardin.com\/fr\/diner-en-plein-air\/ensemble-table-et-chaises-de-jardin\/jardin-set-salle-a-manger-fixe-lattes-large-200x100-8-chaises-bois-et-ratan-enea-synthetique-avec-bras-java-light\/","title":{"rendered":"Ensemble salle \u00e0 manger de jardin table fixe large lattes 200&#215;100 + 8 chaises bois et rotin enea synth\u00e9tique avec accoudoirs &#8211; Java Light"},"content":{"rendered":"<p>Pack de 8 chaises pliantes en bois d\u2019acacia avec accoudoirs. La base de l\u2019assise et le dossier sont en rotin synth\u00e9tique imitant une finition naturelle. Le bois est fini dans un ton clair. Mesure 56,5&#215;53,5x85cm. Poids 7kg<br \/>\nTable de jardin fixe en bois d\u2019acacia couleur claire 200x100x75. Fabriqu\u00e9 \u00e0 partir de bois d&rsquo;acacia certifi\u00e9 FSC (garantie de for\u00eats bien g\u00e9r\u00e9es sur le plan environnemental et social).<\/p>\n","protected":false},"excerpt":{"rendered":"<ul>\n<li>Pack de 8 chaises avec accoudoirs de jardin pliants en bois d\u2019acacia<\/li>\n<li>Finition en bois clair<\/li>\n<li>Assise et dossier en rotin synth\u00e9tique finition naturelle imitant enea<\/li>\n<li>Table de jardin fixe. Dimensions : 200x100x75 cm<\/li>\n<\/ul>\n","protected":false},"featured_media":83372,"comment_status":"closed","ping_status":"closed","template":"","meta":{"_acf_changed":false},"product_brand":[],"product_cat":[578,579],"product_tag":[582,581,673,583,584],"class_list":{"0":"post-84587","1":"product","2":"type-product","3":"status-publish","4":"has-post-thumbnail","6":"product_cat-diner-en-plein-air","7":"product_cat-ensemble-table-et-chaises-de-jardin","8":"product_tag-acacia-fr","9":"product_tag-bois","10":"product_tag-extensible-fr","11":"product_tag-java-fr","12":"product_tag-pliable","13":"product_shipping_class-envio-gratuito-fr","14":"pa_ancho-260-fr","15":"pa_asientos-8-fr","16":"pa_caracteristicas-accoudoirs","17":"pa_caracteristicas-pliant-fr","18":"pa_coleccion-java-light-fr","19":"pa_coleccion-serena-fr","20":"pa_forma-rectangulaire","21":"pa_largo-360-fr","22":"pa_m2-936-fr","23":"pa_material-madera-clara-fr","24":"pa_material-ratan-fr","25":"pa_tamano-espacio-grand","27":"first","28":"instock","29":"sale","30":"purchasable","31":"product-type-simple","32":"add-to-wishlist-before_image"},"acf":[],"yoast_head":"<!-- This site is optimized with the Yoast SEO plugin v27.4 - https:\/\/yoast.com\/product\/yoast-seo-wordpress\/ -->\n<title>Ensemble salle \u00e0 manger de jardin table fixe large lattes 200x100 + 8 chaises bois et rotin enea synth\u00e9tique avec accoudoirs - Java Light - Kerama<\/title>\n<meta name=\"robots\" content=\"index, follow, max-snippet:-1, max-image-preview:large, max-video-preview:-1\" \/>\n<link rel=\"canonical\" href=\"https:\/\/keramamueblesdejardin.com\/fr\/diner-en-plein-air\/ensemble-table-et-chaises-de-jardin\/jardin-set-salle-a-manger-fixe-lattes-large-200x100-8-chaises-bois-et-ratan-enea-synthetique-avec-bras-java-light\/\" \/>\n<meta property=\"og:locale\" content=\"fr_FR\" \/>\n<meta property=\"og:type\" content=\"article\" \/>\n<meta property=\"og:title\" content=\"Ensemble salle \u00e0 manger de jardin table fixe large lattes 200x100 + 8 chaises bois et rotin enea synth\u00e9tique avec accoudoirs - Java Light - Kerama\" \/>\n<meta property=\"og:description\" content=\"Pack de 8 chaises avec accoudoirs de jardin pliants en bois d\u2019acacia  Finition en bois clair  Assise et dossier en rotin synth\u00e9tique finition naturelle imitant enea  Table de jardin fixe. Dimensions : 200x100x75 cm\" \/>\n<meta property=\"og:url\" content=\"https:\/\/keramamueblesdejardin.com\/fr\/diner-en-plein-air\/ensemble-table-et-chaises-de-jardin\/jardin-set-salle-a-manger-fixe-lattes-large-200x100-8-chaises-bois-et-ratan-enea-synthetique-avec-bras-java-light\/\" \/>\n<meta property=\"og:site_name\" content=\"Kerama\" \/>\n<meta property=\"article:publisher\" content=\"https:\/\/www.facebook.com\/Kerama-Muebles-de-Jard%c3%adn-106209328312568\/\" \/>\n<meta property=\"article:modified_time\" content=\"2024-10-22T14:47:11+00:00\" \/>\n<meta property=\"og:image\" content=\"https:\/\/keramamueblesdejardin.com\/wp-content\/uploads\/2022\/09\/java-8-sillas-enea.jpg\" \/>\n\t<meta property=\"og:image:width\" content=\"1200\" \/>\n\t<meta property=\"og:image:height\" content=\"1200\" \/>\n\t<meta property=\"og:image:type\" content=\"image\/jpeg\" \/>\n<meta name=\"twitter:card\" content=\"summary_large_image\" \/>\n<script type=\"application\/ld+json\" class=\"yoast-schema-graph\">{\"@context\":\"https:\\\/\\\/schema.org\",\"@graph\":[{\"@type\":\"WebPage\",\"@id\":\"https:\\\/\\\/keramamueblesdejardin.com\\\/fr\\\/diner-en-plein-air\\\/ensemble-table-et-chaises-de-jardin\\\/jardin-set-salle-a-manger-fixe-lattes-large-200x100-8-chaises-bois-et-ratan-enea-synthetique-avec-bras-java-light\\\/\",\"url\":\"https:\\\/\\\/keramamueblesdejardin.com\\\/fr\\\/diner-en-plein-air\\\/ensemble-table-et-chaises-de-jardin\\\/jardin-set-salle-a-manger-fixe-lattes-large-200x100-8-chaises-bois-et-ratan-enea-synthetique-avec-bras-java-light\\\/\",\"name\":\"Ensemble salle \u00e0 manger de jardin table fixe large lattes 200x100 + 8 chaises bois et rotin enea synth\u00e9tique avec accoudoirs - Java Light - Kerama\",\"isPartOf\":{\"@id\":\"https:\\\/\\\/keramamueblesdejardin.com\\\/fr\\\/#website\"},\"primaryImageOfPage\":{\"@id\":\"https:\\\/\\\/keramamueblesdejardin.com\\\/fr\\\/diner-en-plein-air\\\/ensemble-table-et-chaises-de-jardin\\\/jardin-set-salle-a-manger-fixe-lattes-large-200x100-8-chaises-bois-et-ratan-enea-synthetique-avec-bras-java-light\\\/#primaryimage\"},\"image\":{\"@id\":\"https:\\\/\\\/keramamueblesdejardin.com\\\/fr\\\/diner-en-plein-air\\\/ensemble-table-et-chaises-de-jardin\\\/jardin-set-salle-a-manger-fixe-lattes-large-200x100-8-chaises-bois-et-ratan-enea-synthetique-avec-bras-java-light\\\/#primaryimage\"},\"thumbnailUrl\":\"https:\\\/\\\/keramamueblesdejardin.com\\\/wp-content\\\/uploads\\\/2022\\\/09\\\/java-8-sillas-enea.jpg\",\"datePublished\":\"2022-09-13T13:24:39+00:00\",\"dateModified\":\"2024-10-22T14:47:11+00:00\",\"breadcrumb\":{\"@id\":\"https:\\\/\\\/keramamueblesdejardin.com\\\/fr\\\/diner-en-plein-air\\\/ensemble-table-et-chaises-de-jardin\\\/jardin-set-salle-a-manger-fixe-lattes-large-200x100-8-chaises-bois-et-ratan-enea-synthetique-avec-bras-java-light\\\/#breadcrumb\"},\"inLanguage\":\"fr-FR\",\"potentialAction\":[{\"@type\":\"ReadAction\",\"target\":[\"https:\\\/\\\/keramamueblesdejardin.com\\\/fr\\\/diner-en-plein-air\\\/ensemble-table-et-chaises-de-jardin\\\/jardin-set-salle-a-manger-fixe-lattes-large-200x100-8-chaises-bois-et-ratan-enea-synthetique-avec-bras-java-light\\\/\"]}]},{\"@type\":\"ImageObject\",\"inLanguage\":\"fr-FR\",\"@id\":\"https:\\\/\\\/keramamueblesdejardin.com\\\/fr\\\/diner-en-plein-air\\\/ensemble-table-et-chaises-de-jardin\\\/jardin-set-salle-a-manger-fixe-lattes-large-200x100-8-chaises-bois-et-ratan-enea-synthetique-avec-bras-java-light\\\/#primaryimage\",\"url\":\"https:\\\/\\\/keramamueblesdejardin.com\\\/wp-content\\\/uploads\\\/2022\\\/09\\\/java-8-sillas-enea.jpg\",\"contentUrl\":\"https:\\\/\\\/keramamueblesdejardin.com\\\/wp-content\\\/uploads\\\/2022\\\/09\\\/java-8-sillas-enea.jpg\",\"width\":1200,\"height\":1200},{\"@type\":\"BreadcrumbList\",\"@id\":\"https:\\\/\\\/keramamueblesdejardin.com\\\/fr\\\/diner-en-plein-air\\\/ensemble-table-et-chaises-de-jardin\\\/jardin-set-salle-a-manger-fixe-lattes-large-200x100-8-chaises-bois-et-ratan-enea-synthetique-avec-bras-java-light\\\/#breadcrumb\",\"itemListElement\":[{\"@type\":\"ListItem\",\"position\":1,\"name\":\"Home\",\"item\":\"https:\\\/\\\/keramamueblesdejardin.com\\\/fr\\\/\"},{\"@type\":\"ListItem\",\"position\":2,\"name\":\"Boutique\",\"item\":\"https:\\\/\\\/keramamueblesdejardin.com\\\/tienda\\\/\"},{\"@type\":\"ListItem\",\"position\":3,\"name\":\"D\u00eener en plein air\",\"item\":\"https:\\\/\\\/keramamueblesdejardin.com\\\/fr\\\/diner-en-plein-air\\\/\"},{\"@type\":\"ListItem\",\"position\":4,\"name\":\"Ensemble table et chaises de jardin\",\"item\":\"https:\\\/\\\/keramamueblesdejardin.com\\\/fr\\\/diner-en-plein-air\\\/ensemble-table-et-chaises-de-jardin\\\/\"},{\"@type\":\"ListItem\",\"position\":5,\"name\":\"Ensemble salle \u00e0 manger de jardin table fixe large lattes 200&#215;100 + 8 chaises bois et rotin enea synth\u00e9tique avec accoudoirs &#8211; Java Light\"}]},{\"@type\":\"WebSite\",\"@id\":\"https:\\\/\\\/keramamueblesdejardin.com\\\/fr\\\/#website\",\"url\":\"https:\\\/\\\/keramamueblesdejardin.com\\\/fr\\\/\",\"name\":\"Kerama\",\"description\":\"muebles de jard\u00edn\",\"publisher\":{\"@id\":\"https:\\\/\\\/keramamueblesdejardin.com\\\/fr\\\/#organization\"},\"potentialAction\":[{\"@type\":\"SearchAction\",\"target\":{\"@type\":\"EntryPoint\",\"urlTemplate\":\"https:\\\/\\\/keramamueblesdejardin.com\\\/fr\\\/?s={search_term_string}\"},\"query-input\":{\"@type\":\"PropertyValueSpecification\",\"valueRequired\":true,\"valueName\":\"search_term_string\"}}],\"inLanguage\":\"fr-FR\"},{\"@type\":\"Organization\",\"@id\":\"https:\\\/\\\/keramamueblesdejardin.com\\\/fr\\\/#organization\",\"name\":\"kerama\",\"url\":\"https:\\\/\\\/keramamueblesdejardin.com\\\/fr\\\/\",\"logo\":{\"@type\":\"ImageObject\",\"inLanguage\":\"fr-FR\",\"@id\":\"https:\\\/\\\/keramamueblesdejardin.com\\\/fr\\\/#\\\/schema\\\/logo\\\/image\\\/\",\"url\":\"https:\\\/\\\/keramamueblesdejardin.com\\\/wp-content\\\/uploads\\\/2020\\\/12\\\/k.-scaled.jpg\",\"contentUrl\":\"https:\\\/\\\/keramamueblesdejardin.com\\\/wp-content\\\/uploads\\\/2020\\\/12\\\/k.-scaled.jpg\",\"width\":2560,\"height\":551,\"caption\":\"kerama\"},\"image\":{\"@id\":\"https:\\\/\\\/keramamueblesdejardin.com\\\/fr\\\/#\\\/schema\\\/logo\\\/image\\\/\"},\"sameAs\":[\"https:\\\/\\\/www.facebook.com\\\/Kerama-Muebles-de-Jard\u00edn-106209328312568\\\/\"]}]}<\/script>\n<!-- \/ Yoast SEO plugin. -->","yoast_head_json":{"title":"Ensemble salle \u00e0 manger de jardin table fixe large lattes 200x100 + 8 chaises bois et rotin enea synth\u00e9tique avec accoudoirs - Java Light - Kerama","robots":{"index":"index","follow":"follow","max-snippet":"max-snippet:-1","max-image-preview":"max-image-preview:large","max-video-preview":"max-video-preview:-1"},"canonical":"https:\/\/keramamueblesdejardin.com\/fr\/diner-en-plein-air\/ensemble-table-et-chaises-de-jardin\/jardin-set-salle-a-manger-fixe-lattes-large-200x100-8-chaises-bois-et-ratan-enea-synthetique-avec-bras-java-light\/","og_locale":"fr_FR","og_type":"article","og_title":"Ensemble salle \u00e0 manger de jardin table fixe large lattes 200x100 + 8 chaises bois et rotin enea synth\u00e9tique avec accoudoirs - Java Light - Kerama","og_description":"Pack de 8 chaises avec accoudoirs de jardin pliants en bois d\u2019acacia  Finition en bois clair  Assise et dossier en rotin synth\u00e9tique finition naturelle imitant enea  Table de jardin fixe. Dimensions : 200x100x75 cm","og_url":"https:\/\/keramamueblesdejardin.com\/fr\/diner-en-plein-air\/ensemble-table-et-chaises-de-jardin\/jardin-set-salle-a-manger-fixe-lattes-large-200x100-8-chaises-bois-et-ratan-enea-synthetique-avec-bras-java-light\/","og_site_name":"Kerama","article_publisher":"https:\/\/www.facebook.com\/Kerama-Muebles-de-Jard%c3%adn-106209328312568\/","article_modified_time":"2024-10-22T14:47:11+00:00","og_image":[{"width":1200,"height":1200,"url":"https:\/\/keramamueblesdejardin.com\/wp-content\/uploads\/2022\/09\/java-8-sillas-enea.jpg","type":"image\/jpeg"}],"twitter_card":"summary_large_image","schema":{"@context":"https:\/\/schema.org","@graph":[{"@type":"WebPage","@id":"https:\/\/keramamueblesdejardin.com\/fr\/diner-en-plein-air\/ensemble-table-et-chaises-de-jardin\/jardin-set-salle-a-manger-fixe-lattes-large-200x100-8-chaises-bois-et-ratan-enea-synthetique-avec-bras-java-light\/","url":"https:\/\/keramamueblesdejardin.com\/fr\/diner-en-plein-air\/ensemble-table-et-chaises-de-jardin\/jardin-set-salle-a-manger-fixe-lattes-large-200x100-8-chaises-bois-et-ratan-enea-synthetique-avec-bras-java-light\/","name":"Ensemble salle \u00e0 manger de jardin table fixe large lattes 200x100 + 8 chaises bois et rotin enea synth\u00e9tique avec accoudoirs - Java Light - Kerama","isPartOf":{"@id":"https:\/\/keramamueblesdejardin.com\/fr\/#website"},"primaryImageOfPage":{"@id":"https:\/\/keramamueblesdejardin.com\/fr\/diner-en-plein-air\/ensemble-table-et-chaises-de-jardin\/jardin-set-salle-a-manger-fixe-lattes-large-200x100-8-chaises-bois-et-ratan-enea-synthetique-avec-bras-java-light\/#primaryimage"},"image":{"@id":"https:\/\/keramamueblesdejardin.com\/fr\/diner-en-plein-air\/ensemble-table-et-chaises-de-jardin\/jardin-set-salle-a-manger-fixe-lattes-large-200x100-8-chaises-bois-et-ratan-enea-synthetique-avec-bras-java-light\/#primaryimage"},"thumbnailUrl":"https:\/\/keramamueblesdejardin.com\/wp-content\/uploads\/2022\/09\/java-8-sillas-enea.jpg","datePublished":"2022-09-13T13:24:39+00:00","dateModified":"2024-10-22T14:47:11+00:00","breadcrumb":{"@id":"https:\/\/keramamueblesdejardin.com\/fr\/diner-en-plein-air\/ensemble-table-et-chaises-de-jardin\/jardin-set-salle-a-manger-fixe-lattes-large-200x100-8-chaises-bois-et-ratan-enea-synthetique-avec-bras-java-light\/#breadcrumb"},"inLanguage":"fr-FR","potentialAction":[{"@type":"ReadAction","target":["https:\/\/keramamueblesdejardin.com\/fr\/diner-en-plein-air\/ensemble-table-et-chaises-de-jardin\/jardin-set-salle-a-manger-fixe-lattes-large-200x100-8-chaises-bois-et-ratan-enea-synthetique-avec-bras-java-light\/"]}]},{"@type":"ImageObject","inLanguage":"fr-FR","@id":"https:\/\/keramamueblesdejardin.com\/fr\/diner-en-plein-air\/ensemble-table-et-chaises-de-jardin\/jardin-set-salle-a-manger-fixe-lattes-large-200x100-8-chaises-bois-et-ratan-enea-synthetique-avec-bras-java-light\/#primaryimage","url":"https:\/\/keramamueblesdejardin.com\/wp-content\/uploads\/2022\/09\/java-8-sillas-enea.jpg","contentUrl":"https:\/\/keramamueblesdejardin.com\/wp-content\/uploads\/2022\/09\/java-8-sillas-enea.jpg","width":1200,"height":1200},{"@type":"BreadcrumbList","@id":"https:\/\/keramamueblesdejardin.com\/fr\/diner-en-plein-air\/ensemble-table-et-chaises-de-jardin\/jardin-set-salle-a-manger-fixe-lattes-large-200x100-8-chaises-bois-et-ratan-enea-synthetique-avec-bras-java-light\/#breadcrumb","itemListElement":[{"@type":"ListItem","position":1,"name":"Home","item":"https:\/\/keramamueblesdejardin.com\/fr\/"},{"@type":"ListItem","position":2,"name":"Boutique","item":"https:\/\/keramamueblesdejardin.com\/tienda\/"},{"@type":"ListItem","position":3,"name":"D\u00eener en plein air","item":"https:\/\/keramamueblesdejardin.com\/fr\/diner-en-plein-air\/"},{"@type":"ListItem","position":4,"name":"Ensemble table et chaises de jardin","item":"https:\/\/keramamueblesdejardin.com\/fr\/diner-en-plein-air\/ensemble-table-et-chaises-de-jardin\/"},{"@type":"ListItem","position":5,"name":"Ensemble salle \u00e0 manger de jardin table fixe large lattes 200&#215;100 + 8 chaises bois et rotin enea synth\u00e9tique avec accoudoirs &#8211; Java Light"}]},{"@type":"WebSite","@id":"https:\/\/keramamueblesdejardin.com\/fr\/#website","url":"https:\/\/keramamueblesdejardin.com\/fr\/","name":"Kerama","description":"muebles de jard\u00edn","publisher":{"@id":"https:\/\/keramamueblesdejardin.com\/fr\/#organization"},"potentialAction":[{"@type":"SearchAction","target":{"@type":"EntryPoint","urlTemplate":"https:\/\/keramamueblesdejardin.com\/fr\/?s={search_term_string}"},"query-input":{"@type":"PropertyValueSpecification","valueRequired":true,"valueName":"search_term_string"}}],"inLanguage":"fr-FR"},{"@type":"Organization","@id":"https:\/\/keramamueblesdejardin.com\/fr\/#organization","name":"kerama","url":"https:\/\/keramamueblesdejardin.com\/fr\/","logo":{"@type":"ImageObject","inLanguage":"fr-FR","@id":"https:\/\/keramamueblesdejardin.com\/fr\/#\/schema\/logo\/image\/","url":"https:\/\/keramamueblesdejardin.com\/wp-content\/uploads\/2020\/12\/k.-scaled.jpg","contentUrl":"https:\/\/keramamueblesdejardin.com\/wp-content\/uploads\/2020\/12\/k.-scaled.jpg","width":2560,"height":551,"caption":"kerama"},"image":{"@id":"https:\/\/keramamueblesdejardin.com\/fr\/#\/schema\/logo\/image\/"},"sameAs":["https:\/\/www.facebook.com\/Kerama-Muebles-de-Jard\u00edn-106209328312568\/"]}]}},"df_price":1719,"df_sale_price":1719,"df_regular_price":2105,"df_image_link":"https:\/\/keramamueblesdejardin.com\/wp-content\/uploads\/2022\/09\/java-8-sillas-enea-300x300.jpg","custom_tabs":[{"title":"MESURES","id":"mesures","content":"<div class=\"list\">\n<div class=\"list\" style=\"color: #282828;\"><strong style=\"font-weight: bold;\">Hauteur: <\/strong>table 75cm \/ chaise 85cm<\/div>\n<div class=\"list\" style=\"color: #282828;\"><strong style=\"font-weight: bold;\">Largeur: <\/strong>table 200cm \/ chaise 56.5cm<\/div>\n<div class=\"list\" style=\"color: #282828;\"><strong style=\"font-weight: bold;\">Fond : <\/strong>table 100cm \/ chaise 53cm<\/div>\n<\/div>"},{"title":"D\u00c9BALLAGE ET MONTAGE","id":"deballage-et-montage","content":"<div class=\"list\"><strong style=\"font-weight: bold; color: #282828;\">Recommandations pour le d\u00e9ballage :<\/strong><span style=\"color: #282828;\"> N'utilisez pas d'outils tranchants lors du d\u00e9ballage du meuble, car cela pourrait l'endommager.<\/span><br style=\"color: #282828;\"><strong style=\"font-weight: bold; color: #282828;\">Montage requis (O\/N) :<\/strong><span style=\"color: #282828;\"> Oui<\/span><br style=\"color: #282828;\"><strong style=\"font-weight: bold; color: #282828;\">Difficult\u00e9 de montage :<\/strong><span style=\"color: #282828;\"> Faible<\/span><br style=\"color: #282828;\">Temps de montage : 40 minutes<br style=\"color: #282828;\"><strong style=\"font-weight: bold; color: #282828;\">Personnes recommand\u00e9es pour le montage :<\/strong><span style=\"color: #282828;\"> 2<\/span><br style=\"color: #282828;\"><strong style=\"font-weight: bold; color: #282828;\">Suggestions de montage :<\/strong><span style=\"color: #282828;\">  Pr\u00e9parez une zone de montage propre et s\u00e8che, v\u00e9rifiez qu'aucune des pi\u00e8ces \u00e9num\u00e9r\u00e9es dans le manuel ne manque. Nous recommandons l'utilisation de gants appropri\u00e9s pour le montage. N'utilisez que les pi\u00e8ces et les raccords fournis.<\/span><\/div>"},{"title":"ENTRETIEN ET GARANTIES","id":"entretien-et-garanties","content":"<div class=\"moz-signature\">\n<div class=\"list\"><strong>Recommandations g\u00e9n\u00e9rales :<\/strong>\n- Les d\u00e9faillances ou les dommages caus\u00e9s par les \u00e9l\u00e9ments suivants sont exclus de la garantie :\n- Les causes accidentelles telles que chutes, coups, d\u00e9versement de liquides, introduction de corps \u00e9trangers, ainsi que toute autre force majeure.\n- Utilisation n\u00e9gligente, inappropri\u00e9e ou non domestique.\n- Dommages, corrosion et\/ou oxydation acc\u00e9l\u00e9r\u00e9s par des conditions environnementales d\u00e9favorables.\n- Taches et d\u00e9coloration dues au non-respect de nos instructions de nettoyage.\n- Dommages survenus lors du montage et de la manipulation sans respecter les instructions de montage.\n<strong>Instructions d'utilisation et d'entretien :<\/strong>\n- Essuyez doucement avec un chiffon ou utilisez un savon liquide neutre, puis rincez abondamment \u00e0 l'eau.\n- Enlevez r\u00e9guli\u00e8rement la poussi\u00e8re avec un chiffon doux et de l'eau claire.\n- N'utilisez pas de d\u00e9tergents ou de produits abrasifs pour le nettoyage.\n<strong>Ann\u00e9es de garantie :<\/strong> 3 ans\n<strong>Fabriqu\u00e9 conform\u00e9ment \u00e0 la norme :<\/strong> 581-1,581-2,581-3<\/div>\n<\/div>"}],"_links":{"self":[{"href":"https:\/\/keramamueblesdejardin.com\/fr\/wp-json\/wp\/v2\/product\/84587","targetHints":{"allow":["GET"]}}],"collection":[{"href":"https:\/\/keramamueblesdejardin.com\/fr\/wp-json\/wp\/v2\/product"}],"about":[{"href":"https:\/\/keramamueblesdejardin.com\/fr\/wp-json\/wp\/v2\/types\/product"}],"replies":[{"embeddable":true,"href":"https:\/\/keramamueblesdejardin.com\/fr\/wp-json\/wp\/v2\/comments?post=84587"}],"wp:featuredmedia":[{"embeddable":true,"href":"https:\/\/keramamueblesdejardin.com\/fr\/wp-json\/wp\/v2\/media\/83372"}],"wp:attachment":[{"href":"https:\/\/keramamueblesdejardin.com\/fr\/wp-json\/wp\/v2\/media?parent=84587"}],"wp:term":[{"taxonomy":"product_brand","embeddable":true,"href":"https:\/\/keramamueblesdejardin.com\/fr\/wp-json\/wp\/v2\/product_brand?post=84587"},{"taxonomy":"product_cat","embeddable":true,"href":"https:\/\/keramamueblesdejardin.com\/fr\/wp-json\/wp\/v2\/product_cat?post=84587"},{"taxonomy":"product_tag","embeddable":true,"href":"https:\/\/keramamueblesdejardin.com\/fr\/wp-json\/wp\/v2\/product_tag?post=84587"}],"curies":[{"name":"wp","href":"https:\/\/api.w.org\/{rel}","templated":true}]}}