{"id":84420,"date":"2022-09-13T15:24:45","date_gmt":"2022-09-13T13:24:45","guid":{"rendered":"https:\/\/keramamueblesdejardin.com\/non%20class\u00e9\/ensemble-de-salle-a-manger-de-jardin-table-pliante-120x70-4-chaises-bois-et-rotin-enea-synthetique-avec-accoudoirs-java-light\/"},"modified":"2024-10-22T16:43:26","modified_gmt":"2024-10-22T14:43:26","slug":"jardin-salle-a-manger-table-pliant-ensemble-120x70-4-chaises-bois-et-ratan-enea-synthetique-avec-bras-java-light","status":"publish","type":"product","link":"https:\/\/keramamueblesdejardin.com\/fr\/diner-en-plein-air\/ensemble-table-et-chaises-de-jardin\/jardin-salle-a-manger-table-pliant-ensemble-120x70-4-chaises-bois-et-ratan-enea-synthetique-avec-bras-java-light\/","title":{"rendered":"Ensemble de salle \u00e0 manger de jardin table pliante 120&#215;70 + 4 chaises bois et rotin enea synth\u00e9tique avec accoudoirs &#8211; Java Light"},"content":{"rendered":"<p>Lot de 4 chaises pliantes en bois d&rsquo;acacia avec accoudoirs. La base de l\u2019assise et le dossier sont en rotin synth\u00e9tique imitant une finition naturelle. Le bois est fini dans un ton clair. Mesure 56,5&#215;53,5x85cm. Poids 7kg<br \/>\nTable de jardin pliante en bois d\u2019acacia FSC finition de couleur claire. Il est id\u00e9al pour les petits espaces compte tenu de son caract\u00e8re pliant, ou en compl\u00e9ment de tout jardin ou terrasse. Il a un trou pour parasol. Mesures: 120x70x72cm<\/p>\n","protected":false},"excerpt":{"rendered":"<ul>\n<li>Pack de 4 chaises avec accoudoirs de jardin pliants en bois d\u2019acacia<\/li>\n<li>Finition en bois clair<\/li>\n<li>Assise et dossier en rotin synth\u00e9tique finition naturelle imitant enea<\/li>\n<li>Table de jardin pliante 120x70x72 cm<\/li>\n<\/ul>\n","protected":false},"featured_media":102356,"comment_status":"closed","ping_status":"closed","template":"","meta":{"_acf_changed":false},"product_brand":[],"product_cat":[578,579],"product_tag":[582,581,673,583,584],"class_list":{"0":"post-84420","1":"product","2":"type-product","3":"status-publish","4":"has-post-thumbnail","6":"product_cat-diner-en-plein-air","7":"product_cat-ensemble-table-et-chaises-de-jardin","8":"product_tag-acacia-fr","9":"product_tag-bois","10":"product_tag-extensible-fr","11":"product_tag-java-fr","12":"product_tag-pliable","13":"product_shipping_class-envio-gratuito-fr","14":"pa_ancho-230-fr","15":"pa_asientos-4-fr-2","16":"pa_caracteristicas-accoudoirs","17":"pa_caracteristicas-pliant-fr","18":"pa_coleccion-java-light-fr","19":"pa_coleccion-serena-fr","20":"pa_forma-rectangulaire","21":"pa_largo-120-fr","22":"pa_m2-276-fr","23":"pa_material-madera-clara-fr","24":"pa_material-ratan-fr","25":"pa_tamano-espacio-grand","27":"first","28":"instock","29":"sale","30":"purchasable","31":"product-type-simple","32":"add-to-wishlist-before_image"},"acf":[],"yoast_head":"<!-- This site is optimized with the Yoast SEO plugin v27.4 - https:\/\/yoast.com\/product\/yoast-seo-wordpress\/ -->\n<title>Ensemble de salle \u00e0 manger de jardin table pliante 120x70 + 4 chaises bois et rotin enea synth\u00e9tique avec accoudoirs - Java Light - Kerama<\/title>\n<meta name=\"robots\" content=\"index, follow, max-snippet:-1, max-image-preview:large, max-video-preview:-1\" \/>\n<link rel=\"canonical\" href=\"https:\/\/keramamueblesdejardin.com\/fr\/diner-en-plein-air\/ensemble-table-et-chaises-de-jardin\/jardin-salle-a-manger-table-pliant-ensemble-120x70-4-chaises-bois-et-ratan-enea-synthetique-avec-bras-java-light\/\" \/>\n<meta property=\"og:locale\" content=\"fr_FR\" \/>\n<meta property=\"og:type\" content=\"article\" \/>\n<meta property=\"og:title\" content=\"Ensemble de salle \u00e0 manger de jardin table pliante 120x70 + 4 chaises bois et rotin enea synth\u00e9tique avec accoudoirs - Java Light - Kerama\" \/>\n<meta property=\"og:description\" content=\"Pack de 4 chaises avec accoudoirs de jardin pliants en bois d\u2019acacia  Finition en bois clair  Assise et dossier en rotin synth\u00e9tique finition naturelle imitant enea  Table de jardin pliante 120x70x72 cm\" \/>\n<meta property=\"og:url\" content=\"https:\/\/keramamueblesdejardin.com\/fr\/diner-en-plein-air\/ensemble-table-et-chaises-de-jardin\/jardin-salle-a-manger-table-pliant-ensemble-120x70-4-chaises-bois-et-ratan-enea-synthetique-avec-bras-java-light\/\" \/>\n<meta property=\"og:site_name\" content=\"Kerama\" \/>\n<meta property=\"article:publisher\" content=\"https:\/\/www.facebook.com\/Kerama-Muebles-de-Jard%c3%adn-106209328312568\/\" \/>\n<meta property=\"article:modified_time\" content=\"2024-10-22T14:43:26+00:00\" \/>\n<meta property=\"og:image\" content=\"https:\/\/keramamueblesdejardin.com\/wp-content\/uploads\/2022\/09\/enea-120-4.jpg\" \/>\n\t<meta property=\"og:image:width\" content=\"1200\" \/>\n\t<meta property=\"og:image:height\" content=\"1200\" \/>\n\t<meta property=\"og:image:type\" content=\"image\/jpeg\" \/>\n<meta name=\"twitter:card\" content=\"summary_large_image\" \/>\n<script type=\"application\/ld+json\" class=\"yoast-schema-graph\">{\"@context\":\"https:\\\/\\\/schema.org\",\"@graph\":[{\"@type\":\"WebPage\",\"@id\":\"https:\\\/\\\/keramamueblesdejardin.com\\\/fr\\\/diner-en-plein-air\\\/ensemble-table-et-chaises-de-jardin\\\/jardin-salle-a-manger-table-pliant-ensemble-120x70-4-chaises-bois-et-ratan-enea-synthetique-avec-bras-java-light\\\/\",\"url\":\"https:\\\/\\\/keramamueblesdejardin.com\\\/fr\\\/diner-en-plein-air\\\/ensemble-table-et-chaises-de-jardin\\\/jardin-salle-a-manger-table-pliant-ensemble-120x70-4-chaises-bois-et-ratan-enea-synthetique-avec-bras-java-light\\\/\",\"name\":\"Ensemble de salle \u00e0 manger de jardin table pliante 120x70 + 4 chaises bois et rotin enea synth\u00e9tique avec accoudoirs - Java Light - Kerama\",\"isPartOf\":{\"@id\":\"https:\\\/\\\/keramamueblesdejardin.com\\\/fr\\\/#website\"},\"primaryImageOfPage\":{\"@id\":\"https:\\\/\\\/keramamueblesdejardin.com\\\/fr\\\/diner-en-plein-air\\\/ensemble-table-et-chaises-de-jardin\\\/jardin-salle-a-manger-table-pliant-ensemble-120x70-4-chaises-bois-et-ratan-enea-synthetique-avec-bras-java-light\\\/#primaryimage\"},\"image\":{\"@id\":\"https:\\\/\\\/keramamueblesdejardin.com\\\/fr\\\/diner-en-plein-air\\\/ensemble-table-et-chaises-de-jardin\\\/jardin-salle-a-manger-table-pliant-ensemble-120x70-4-chaises-bois-et-ratan-enea-synthetique-avec-bras-java-light\\\/#primaryimage\"},\"thumbnailUrl\":\"https:\\\/\\\/keramamueblesdejardin.com\\\/wp-content\\\/uploads\\\/2022\\\/09\\\/enea-120-4.jpg\",\"datePublished\":\"2022-09-13T13:24:45+00:00\",\"dateModified\":\"2024-10-22T14:43:26+00:00\",\"breadcrumb\":{\"@id\":\"https:\\\/\\\/keramamueblesdejardin.com\\\/fr\\\/diner-en-plein-air\\\/ensemble-table-et-chaises-de-jardin\\\/jardin-salle-a-manger-table-pliant-ensemble-120x70-4-chaises-bois-et-ratan-enea-synthetique-avec-bras-java-light\\\/#breadcrumb\"},\"inLanguage\":\"fr-FR\",\"potentialAction\":[{\"@type\":\"ReadAction\",\"target\":[\"https:\\\/\\\/keramamueblesdejardin.com\\\/fr\\\/diner-en-plein-air\\\/ensemble-table-et-chaises-de-jardin\\\/jardin-salle-a-manger-table-pliant-ensemble-120x70-4-chaises-bois-et-ratan-enea-synthetique-avec-bras-java-light\\\/\"]}]},{\"@type\":\"ImageObject\",\"inLanguage\":\"fr-FR\",\"@id\":\"https:\\\/\\\/keramamueblesdejardin.com\\\/fr\\\/diner-en-plein-air\\\/ensemble-table-et-chaises-de-jardin\\\/jardin-salle-a-manger-table-pliant-ensemble-120x70-4-chaises-bois-et-ratan-enea-synthetique-avec-bras-java-light\\\/#primaryimage\",\"url\":\"https:\\\/\\\/keramamueblesdejardin.com\\\/wp-content\\\/uploads\\\/2022\\\/09\\\/enea-120-4.jpg\",\"contentUrl\":\"https:\\\/\\\/keramamueblesdejardin.com\\\/wp-content\\\/uploads\\\/2022\\\/09\\\/enea-120-4.jpg\",\"width\":1200,\"height\":1200},{\"@type\":\"BreadcrumbList\",\"@id\":\"https:\\\/\\\/keramamueblesdejardin.com\\\/fr\\\/diner-en-plein-air\\\/ensemble-table-et-chaises-de-jardin\\\/jardin-salle-a-manger-table-pliant-ensemble-120x70-4-chaises-bois-et-ratan-enea-synthetique-avec-bras-java-light\\\/#breadcrumb\",\"itemListElement\":[{\"@type\":\"ListItem\",\"position\":1,\"name\":\"Home\",\"item\":\"https:\\\/\\\/keramamueblesdejardin.com\\\/fr\\\/\"},{\"@type\":\"ListItem\",\"position\":2,\"name\":\"Boutique\",\"item\":\"https:\\\/\\\/keramamueblesdejardin.com\\\/tienda\\\/\"},{\"@type\":\"ListItem\",\"position\":3,\"name\":\"D\u00eener en plein air\",\"item\":\"https:\\\/\\\/keramamueblesdejardin.com\\\/fr\\\/diner-en-plein-air\\\/\"},{\"@type\":\"ListItem\",\"position\":4,\"name\":\"Ensemble table et chaises de jardin\",\"item\":\"https:\\\/\\\/keramamueblesdejardin.com\\\/fr\\\/diner-en-plein-air\\\/ensemble-table-et-chaises-de-jardin\\\/\"},{\"@type\":\"ListItem\",\"position\":5,\"name\":\"Ensemble de salle \u00e0 manger de jardin table pliante 120&#215;70 + 4 chaises bois et rotin enea synth\u00e9tique avec accoudoirs &#8211; Java Light\"}]},{\"@type\":\"WebSite\",\"@id\":\"https:\\\/\\\/keramamueblesdejardin.com\\\/fr\\\/#website\",\"url\":\"https:\\\/\\\/keramamueblesdejardin.com\\\/fr\\\/\",\"name\":\"Kerama\",\"description\":\"muebles de jard\u00edn\",\"publisher\":{\"@id\":\"https:\\\/\\\/keramamueblesdejardin.com\\\/fr\\\/#organization\"},\"potentialAction\":[{\"@type\":\"SearchAction\",\"target\":{\"@type\":\"EntryPoint\",\"urlTemplate\":\"https:\\\/\\\/keramamueblesdejardin.com\\\/fr\\\/?s={search_term_string}\"},\"query-input\":{\"@type\":\"PropertyValueSpecification\",\"valueRequired\":true,\"valueName\":\"search_term_string\"}}],\"inLanguage\":\"fr-FR\"},{\"@type\":\"Organization\",\"@id\":\"https:\\\/\\\/keramamueblesdejardin.com\\\/fr\\\/#organization\",\"name\":\"kerama\",\"url\":\"https:\\\/\\\/keramamueblesdejardin.com\\\/fr\\\/\",\"logo\":{\"@type\":\"ImageObject\",\"inLanguage\":\"fr-FR\",\"@id\":\"https:\\\/\\\/keramamueblesdejardin.com\\\/fr\\\/#\\\/schema\\\/logo\\\/image\\\/\",\"url\":\"https:\\\/\\\/keramamueblesdejardin.com\\\/wp-content\\\/uploads\\\/2020\\\/12\\\/k.-scaled.jpg\",\"contentUrl\":\"https:\\\/\\\/keramamueblesdejardin.com\\\/wp-content\\\/uploads\\\/2020\\\/12\\\/k.-scaled.jpg\",\"width\":2560,\"height\":551,\"caption\":\"kerama\"},\"image\":{\"@id\":\"https:\\\/\\\/keramamueblesdejardin.com\\\/fr\\\/#\\\/schema\\\/logo\\\/image\\\/\"},\"sameAs\":[\"https:\\\/\\\/www.facebook.com\\\/Kerama-Muebles-de-Jard\u00edn-106209328312568\\\/\"]}]}<\/script>\n<!-- \/ Yoast SEO plugin. -->","yoast_head_json":{"title":"Ensemble de salle \u00e0 manger de jardin table pliante 120x70 + 4 chaises bois et rotin enea synth\u00e9tique avec accoudoirs - Java Light - Kerama","robots":{"index":"index","follow":"follow","max-snippet":"max-snippet:-1","max-image-preview":"max-image-preview:large","max-video-preview":"max-video-preview:-1"},"canonical":"https:\/\/keramamueblesdejardin.com\/fr\/diner-en-plein-air\/ensemble-table-et-chaises-de-jardin\/jardin-salle-a-manger-table-pliant-ensemble-120x70-4-chaises-bois-et-ratan-enea-synthetique-avec-bras-java-light\/","og_locale":"fr_FR","og_type":"article","og_title":"Ensemble de salle \u00e0 manger de jardin table pliante 120x70 + 4 chaises bois et rotin enea synth\u00e9tique avec accoudoirs - Java Light - Kerama","og_description":"Pack de 4 chaises avec accoudoirs de jardin pliants en bois d\u2019acacia  Finition en bois clair  Assise et dossier en rotin synth\u00e9tique finition naturelle imitant enea  Table de jardin pliante 120x70x72 cm","og_url":"https:\/\/keramamueblesdejardin.com\/fr\/diner-en-plein-air\/ensemble-table-et-chaises-de-jardin\/jardin-salle-a-manger-table-pliant-ensemble-120x70-4-chaises-bois-et-ratan-enea-synthetique-avec-bras-java-light\/","og_site_name":"Kerama","article_publisher":"https:\/\/www.facebook.com\/Kerama-Muebles-de-Jard%c3%adn-106209328312568\/","article_modified_time":"2024-10-22T14:43:26+00:00","og_image":[{"width":1200,"height":1200,"url":"https:\/\/keramamueblesdejardin.com\/wp-content\/uploads\/2022\/09\/enea-120-4.jpg","type":"image\/jpeg"}],"twitter_card":"summary_large_image","schema":{"@context":"https:\/\/schema.org","@graph":[{"@type":"WebPage","@id":"https:\/\/keramamueblesdejardin.com\/fr\/diner-en-plein-air\/ensemble-table-et-chaises-de-jardin\/jardin-salle-a-manger-table-pliant-ensemble-120x70-4-chaises-bois-et-ratan-enea-synthetique-avec-bras-java-light\/","url":"https:\/\/keramamueblesdejardin.com\/fr\/diner-en-plein-air\/ensemble-table-et-chaises-de-jardin\/jardin-salle-a-manger-table-pliant-ensemble-120x70-4-chaises-bois-et-ratan-enea-synthetique-avec-bras-java-light\/","name":"Ensemble de salle \u00e0 manger de jardin table pliante 120x70 + 4 chaises bois et rotin enea synth\u00e9tique avec accoudoirs - Java Light - Kerama","isPartOf":{"@id":"https:\/\/keramamueblesdejardin.com\/fr\/#website"},"primaryImageOfPage":{"@id":"https:\/\/keramamueblesdejardin.com\/fr\/diner-en-plein-air\/ensemble-table-et-chaises-de-jardin\/jardin-salle-a-manger-table-pliant-ensemble-120x70-4-chaises-bois-et-ratan-enea-synthetique-avec-bras-java-light\/#primaryimage"},"image":{"@id":"https:\/\/keramamueblesdejardin.com\/fr\/diner-en-plein-air\/ensemble-table-et-chaises-de-jardin\/jardin-salle-a-manger-table-pliant-ensemble-120x70-4-chaises-bois-et-ratan-enea-synthetique-avec-bras-java-light\/#primaryimage"},"thumbnailUrl":"https:\/\/keramamueblesdejardin.com\/wp-content\/uploads\/2022\/09\/enea-120-4.jpg","datePublished":"2022-09-13T13:24:45+00:00","dateModified":"2024-10-22T14:43:26+00:00","breadcrumb":{"@id":"https:\/\/keramamueblesdejardin.com\/fr\/diner-en-plein-air\/ensemble-table-et-chaises-de-jardin\/jardin-salle-a-manger-table-pliant-ensemble-120x70-4-chaises-bois-et-ratan-enea-synthetique-avec-bras-java-light\/#breadcrumb"},"inLanguage":"fr-FR","potentialAction":[{"@type":"ReadAction","target":["https:\/\/keramamueblesdejardin.com\/fr\/diner-en-plein-air\/ensemble-table-et-chaises-de-jardin\/jardin-salle-a-manger-table-pliant-ensemble-120x70-4-chaises-bois-et-ratan-enea-synthetique-avec-bras-java-light\/"]}]},{"@type":"ImageObject","inLanguage":"fr-FR","@id":"https:\/\/keramamueblesdejardin.com\/fr\/diner-en-plein-air\/ensemble-table-et-chaises-de-jardin\/jardin-salle-a-manger-table-pliant-ensemble-120x70-4-chaises-bois-et-ratan-enea-synthetique-avec-bras-java-light\/#primaryimage","url":"https:\/\/keramamueblesdejardin.com\/wp-content\/uploads\/2022\/09\/enea-120-4.jpg","contentUrl":"https:\/\/keramamueblesdejardin.com\/wp-content\/uploads\/2022\/09\/enea-120-4.jpg","width":1200,"height":1200},{"@type":"BreadcrumbList","@id":"https:\/\/keramamueblesdejardin.com\/fr\/diner-en-plein-air\/ensemble-table-et-chaises-de-jardin\/jardin-salle-a-manger-table-pliant-ensemble-120x70-4-chaises-bois-et-ratan-enea-synthetique-avec-bras-java-light\/#breadcrumb","itemListElement":[{"@type":"ListItem","position":1,"name":"Home","item":"https:\/\/keramamueblesdejardin.com\/fr\/"},{"@type":"ListItem","position":2,"name":"Boutique","item":"https:\/\/keramamueblesdejardin.com\/tienda\/"},{"@type":"ListItem","position":3,"name":"D\u00eener en plein air","item":"https:\/\/keramamueblesdejardin.com\/fr\/diner-en-plein-air\/"},{"@type":"ListItem","position":4,"name":"Ensemble table et chaises de jardin","item":"https:\/\/keramamueblesdejardin.com\/fr\/diner-en-plein-air\/ensemble-table-et-chaises-de-jardin\/"},{"@type":"ListItem","position":5,"name":"Ensemble de salle \u00e0 manger de jardin table pliante 120&#215;70 + 4 chaises bois et rotin enea synth\u00e9tique avec accoudoirs &#8211; Java Light"}]},{"@type":"WebSite","@id":"https:\/\/keramamueblesdejardin.com\/fr\/#website","url":"https:\/\/keramamueblesdejardin.com\/fr\/","name":"Kerama","description":"muebles de jard\u00edn","publisher":{"@id":"https:\/\/keramamueblesdejardin.com\/fr\/#organization"},"potentialAction":[{"@type":"SearchAction","target":{"@type":"EntryPoint","urlTemplate":"https:\/\/keramamueblesdejardin.com\/fr\/?s={search_term_string}"},"query-input":{"@type":"PropertyValueSpecification","valueRequired":true,"valueName":"search_term_string"}}],"inLanguage":"fr-FR"},{"@type":"Organization","@id":"https:\/\/keramamueblesdejardin.com\/fr\/#organization","name":"kerama","url":"https:\/\/keramamueblesdejardin.com\/fr\/","logo":{"@type":"ImageObject","inLanguage":"fr-FR","@id":"https:\/\/keramamueblesdejardin.com\/fr\/#\/schema\/logo\/image\/","url":"https:\/\/keramamueblesdejardin.com\/wp-content\/uploads\/2020\/12\/k.-scaled.jpg","contentUrl":"https:\/\/keramamueblesdejardin.com\/wp-content\/uploads\/2020\/12\/k.-scaled.jpg","width":2560,"height":551,"caption":"kerama"},"image":{"@id":"https:\/\/keramamueblesdejardin.com\/fr\/#\/schema\/logo\/image\/"},"sameAs":["https:\/\/www.facebook.com\/Kerama-Muebles-de-Jard\u00edn-106209328312568\/"]}]}},"df_price":689,"df_sale_price":689,"df_regular_price":844,"df_image_link":"https:\/\/keramamueblesdejardin.com\/wp-content\/uploads\/2022\/09\/enea-120-4-300x300.jpg","custom_tabs":[{"title":"MESURES","id":"mesures","content":"<div class=\"list\"><strong style=\"font-weight: bold; color: #282828;\">Hauteur :<\/strong><span style=\"color: #282828;\"> chaise 85 cm \/ table 72cm<\/span><br style=\"color: #282828;\"><strong style=\"font-weight: bold; color: #282828;\">Largeur:<\/strong><span style=\"color: #282828;\"> chaise 53 cm \/ table 90cm<\/span><br style=\"color: #282828;\"><strong style=\"font-weight: bold; color: #282828;\">Profondeur :<\/strong><span style=\"color: #282828;\"> chaise 56.5 cm \/ table 90cm<\/span><\/div>"}],"_links":{"self":[{"href":"https:\/\/keramamueblesdejardin.com\/fr\/wp-json\/wp\/v2\/product\/84420","targetHints":{"allow":["GET"]}}],"collection":[{"href":"https:\/\/keramamueblesdejardin.com\/fr\/wp-json\/wp\/v2\/product"}],"about":[{"href":"https:\/\/keramamueblesdejardin.com\/fr\/wp-json\/wp\/v2\/types\/product"}],"replies":[{"embeddable":true,"href":"https:\/\/keramamueblesdejardin.com\/fr\/wp-json\/wp\/v2\/comments?post=84420"}],"wp:featuredmedia":[{"embeddable":true,"href":"https:\/\/keramamueblesdejardin.com\/fr\/wp-json\/wp\/v2\/media\/102356"}],"wp:attachment":[{"href":"https:\/\/keramamueblesdejardin.com\/fr\/wp-json\/wp\/v2\/media?parent=84420"}],"wp:term":[{"taxonomy":"product_brand","embeddable":true,"href":"https:\/\/keramamueblesdejardin.com\/fr\/wp-json\/wp\/v2\/product_brand?post=84420"},{"taxonomy":"product_cat","embeddable":true,"href":"https:\/\/keramamueblesdejardin.com\/fr\/wp-json\/wp\/v2\/product_cat?post=84420"},{"taxonomy":"product_tag","embeddable":true,"href":"https:\/\/keramamueblesdejardin.com\/fr\/wp-json\/wp\/v2\/product_tag?post=84420"}],"curies":[{"name":"wp","href":"https:\/\/api.w.org\/{rel}","templated":true}]}}