{"id":80942,"date":"2023-02-13T10:18:11","date_gmt":"2023-02-13T09:18:11","guid":{"rendered":"https:\/\/keramamueblesdejardin.com\/non%20class\u00e9\/pack-2-coussins-de-lit-de-bronzage-green-picture-acrylique\/"},"modified":"2023-08-31T10:21:49","modified_gmt":"2023-08-31T08:21:49","slug":"pack-2-coussins-transat-peinture-vert-acrylique","status":"publish","type":"product","link":"https:\/\/keramamueblesdejardin.com\/fr\/accessoires-dexterieur\/coussins-dexterieur\/pack-2-coussins-transat-peinture-vert-acrylique\/","title":{"rendered":"Pack 2 Coussins de lit de bronzage Green Picture &#8211; Acrylique"},"content":{"rendered":"<p>Coussins pour chaise longue de jardin 60x190x7cm (largeur x longueur x hauteur) en couleur \u00e0 carreaux vert et jaune. Les coussins sont amovibles et lavables en machine, ils ont \u00e9galement des bandes pour pouvoir attacher et fixer le coussin aux meubles facilement. Le tissu est en acrylique teint en masse, le meilleur tissu pour une utilisation en ext\u00e9rieur compte tenu de ses hautes qualit\u00e9s de r\u00e9sistance \u00e0 la d\u00e9coloration. La charge est 100% polyester recycl\u00e9, provient de bouteilles et d\u2019emballages recycl\u00e9s, de tissus non imperm\u00e9ables, ne conviennent pas pour \u00eatre constamment sous la pluie ou aux sources qui le gardent humide ou humide. C\u2019est un produit fabriqu\u00e9 en Espagne.<\/p>\n","protected":false},"excerpt":{"rendered":"<ul>\n<li>Coussins de chaise longue 60x190x7cm vert damier<\/li>\n<li>Les coussins sont amovibles et lavables en machine<\/li>\n<li>Il a des bandes pour attacher et fixer le coussin<\/li>\n<li>Fabriqu\u00e9 en Espagne avec un tissu et un remplissage en polyester 100% recycl\u00e9s<\/li>\n<\/ul>\n","protected":false},"featured_media":80146,"comment_status":"closed","ping_status":"open","template":"","meta":{"_acf_changed":false},"product_brand":[],"product_cat":[589,624],"product_tag":[],"class_list":{"0":"post-80942","1":"product","2":"type-product","3":"status-publish","4":"has-post-thumbnail","6":"product_cat-accessoires-dexterieur","7":"product_cat-coussins-dexterieur","8":"product_shipping_class-envio-gratuito-fr","9":"pa_coleccion-acrylique","11":"first","12":"instock","13":"sale","14":"purchasable","15":"product-type-simple","16":"add-to-wishlist-before_image"},"acf":[],"yoast_head":"<!-- This site is optimized with the Yoast SEO plugin v27.2 - https:\/\/yoast.com\/product\/yoast-seo-wordpress\/ -->\n<title>Pack 2 Coussins de lit de bronzage Green Picture - Acrylique - Kerama<\/title>\n<meta name=\"robots\" content=\"index, follow, max-snippet:-1, max-image-preview:large, max-video-preview:-1\" \/>\n<link rel=\"canonical\" href=\"https:\/\/keramamueblesdejardin.com\/fr\/accessoires-dexterieur\/coussins-dexterieur\/pack-2-coussins-transat-peinture-vert-acrylique\/\" \/>\n<meta property=\"og:locale\" content=\"fr_FR\" \/>\n<meta property=\"og:type\" content=\"article\" \/>\n<meta property=\"og:title\" content=\"Pack 2 Coussins de lit de bronzage Green Picture - Acrylique - Kerama\" \/>\n<meta property=\"og:description\" content=\"Coussins de chaise longue 60x190x7cm vert damier  Les coussins sont amovibles et lavables en machine  Il a des bandes pour attacher et fixer le coussin  Fabriqu\u00e9 en Espagne avec un tissu et un remplissage en polyester 100% recycl\u00e9s\" \/>\n<meta property=\"og:url\" content=\"https:\/\/keramamueblesdejardin.com\/fr\/accessoires-dexterieur\/coussins-dexterieur\/pack-2-coussins-transat-peinture-vert-acrylique\/\" \/>\n<meta property=\"og:site_name\" content=\"Kerama\" \/>\n<meta property=\"article:publisher\" content=\"https:\/\/www.facebook.com\/Kerama-Muebles-de-Jard%c3%adn-106209328312568\/\" \/>\n<meta property=\"article:modified_time\" content=\"2023-08-31T08:21:49+00:00\" \/>\n<meta property=\"og:image\" content=\"https:\/\/keramamueblesdejardin.com\/wp-content\/uploads\/2023\/02\/b30x2.jpg\" \/>\n\t<meta property=\"og:image:width\" content=\"1200\" \/>\n\t<meta property=\"og:image:height\" content=\"1200\" \/>\n\t<meta property=\"og:image:type\" content=\"image\/jpeg\" \/>\n<meta name=\"twitter:card\" content=\"summary_large_image\" \/>\n<meta name=\"twitter:label1\" content=\"Dur\u00e9e de lecture estim\u00e9e\" \/>\n\t<meta name=\"twitter:data1\" content=\"1 minute\" \/>\n<script type=\"application\/ld+json\" class=\"yoast-schema-graph\">{\"@context\":\"https:\/\/schema.org\",\"@graph\":[{\"@type\":\"WebPage\",\"@id\":\"https:\/\/keramamueblesdejardin.com\/fr\/accessoires-dexterieur\/coussins-dexterieur\/pack-2-coussins-transat-peinture-vert-acrylique\/\",\"url\":\"https:\/\/keramamueblesdejardin.com\/fr\/accessoires-dexterieur\/coussins-dexterieur\/pack-2-coussins-transat-peinture-vert-acrylique\/\",\"name\":\"Pack 2 Coussins de lit de bronzage Green Picture - Acrylique - Kerama\",\"isPartOf\":{\"@id\":\"https:\/\/keramamueblesdejardin.com\/fr\/#website\"},\"primaryImageOfPage\":{\"@id\":\"https:\/\/keramamueblesdejardin.com\/fr\/accessoires-dexterieur\/coussins-dexterieur\/pack-2-coussins-transat-peinture-vert-acrylique\/#primaryimage\"},\"image\":{\"@id\":\"https:\/\/keramamueblesdejardin.com\/fr\/accessoires-dexterieur\/coussins-dexterieur\/pack-2-coussins-transat-peinture-vert-acrylique\/#primaryimage\"},\"thumbnailUrl\":\"https:\/\/keramamueblesdejardin.com\/wp-content\/uploads\/2023\/02\/b30x2.jpg\",\"datePublished\":\"2023-02-13T09:18:11+00:00\",\"dateModified\":\"2023-08-31T08:21:49+00:00\",\"breadcrumb\":{\"@id\":\"https:\/\/keramamueblesdejardin.com\/fr\/accessoires-dexterieur\/coussins-dexterieur\/pack-2-coussins-transat-peinture-vert-acrylique\/#breadcrumb\"},\"inLanguage\":\"fr-FR\",\"potentialAction\":[{\"@type\":\"ReadAction\",\"target\":[\"https:\/\/keramamueblesdejardin.com\/fr\/accessoires-dexterieur\/coussins-dexterieur\/pack-2-coussins-transat-peinture-vert-acrylique\/\"]}]},{\"@type\":\"ImageObject\",\"inLanguage\":\"fr-FR\",\"@id\":\"https:\/\/keramamueblesdejardin.com\/fr\/accessoires-dexterieur\/coussins-dexterieur\/pack-2-coussins-transat-peinture-vert-acrylique\/#primaryimage\",\"url\":\"https:\/\/keramamueblesdejardin.com\/wp-content\/uploads\/2023\/02\/b30x2.jpg\",\"contentUrl\":\"https:\/\/keramamueblesdejardin.com\/wp-content\/uploads\/2023\/02\/b30x2.jpg\",\"width\":1200,\"height\":1200},{\"@type\":\"BreadcrumbList\",\"@id\":\"https:\/\/keramamueblesdejardin.com\/fr\/accessoires-dexterieur\/coussins-dexterieur\/pack-2-coussins-transat-peinture-vert-acrylique\/#breadcrumb\",\"itemListElement\":[{\"@type\":\"ListItem\",\"position\":1,\"name\":\"Home\",\"item\":\"https:\/\/keramamueblesdejardin.com\/fr\/\"},{\"@type\":\"ListItem\",\"position\":2,\"name\":\"Boutique\",\"item\":\"https:\/\/keramamueblesdejardin.com\/tienda\/\"},{\"@type\":\"ListItem\",\"position\":3,\"name\":\"Accessoires d'ext\u00e9rieur\",\"item\":\"https:\/\/keramamueblesdejardin.com\/fr\/accessoires-dexterieur\/\"},{\"@type\":\"ListItem\",\"position\":4,\"name\":\"Coussins d'ext\u00e9rieur\",\"item\":\"https:\/\/keramamueblesdejardin.com\/fr\/accessoires-dexterieur\/coussins-dexterieur\/\"},{\"@type\":\"ListItem\",\"position\":5,\"name\":\"Pack 2 Coussins de lit de bronzage Green Picture &#8211; Acrylique\"}]},{\"@type\":\"WebSite\",\"@id\":\"https:\/\/keramamueblesdejardin.com\/fr\/#website\",\"url\":\"https:\/\/keramamueblesdejardin.com\/fr\/\",\"name\":\"Kerama\",\"description\":\"muebles de jard\u00edn\",\"publisher\":{\"@id\":\"https:\/\/keramamueblesdejardin.com\/fr\/#organization\"},\"potentialAction\":[{\"@type\":\"SearchAction\",\"target\":{\"@type\":\"EntryPoint\",\"urlTemplate\":\"https:\/\/keramamueblesdejardin.com\/fr\/?s={search_term_string}\"},\"query-input\":{\"@type\":\"PropertyValueSpecification\",\"valueRequired\":true,\"valueName\":\"search_term_string\"}}],\"inLanguage\":\"fr-FR\"},{\"@type\":\"Organization\",\"@id\":\"https:\/\/keramamueblesdejardin.com\/fr\/#organization\",\"name\":\"kerama\",\"url\":\"https:\/\/keramamueblesdejardin.com\/fr\/\",\"logo\":{\"@type\":\"ImageObject\",\"inLanguage\":\"fr-FR\",\"@id\":\"https:\/\/keramamueblesdejardin.com\/fr\/#\/schema\/logo\/image\/\",\"url\":\"https:\/\/keramamueblesdejardin.com\/wp-content\/uploads\/2020\/12\/k.-scaled.jpg\",\"contentUrl\":\"https:\/\/keramamueblesdejardin.com\/wp-content\/uploads\/2020\/12\/k.-scaled.jpg\",\"width\":2560,\"height\":551,\"caption\":\"kerama\"},\"image\":{\"@id\":\"https:\/\/keramamueblesdejardin.com\/fr\/#\/schema\/logo\/image\/\"},\"sameAs\":[\"https:\/\/www.facebook.com\/Kerama-Muebles-de-Jard\u00edn-106209328312568\/\"]}]}<\/script>\n<!-- \/ Yoast SEO plugin. -->","yoast_head_json":{"title":"Pack 2 Coussins de lit de bronzage Green Picture - Acrylique - Kerama","robots":{"index":"index","follow":"follow","max-snippet":"max-snippet:-1","max-image-preview":"max-image-preview:large","max-video-preview":"max-video-preview:-1"},"canonical":"https:\/\/keramamueblesdejardin.com\/fr\/accessoires-dexterieur\/coussins-dexterieur\/pack-2-coussins-transat-peinture-vert-acrylique\/","og_locale":"fr_FR","og_type":"article","og_title":"Pack 2 Coussins de lit de bronzage Green Picture - Acrylique - Kerama","og_description":"Coussins de chaise longue 60x190x7cm vert damier  Les coussins sont amovibles et lavables en machine  Il a des bandes pour attacher et fixer le coussin  Fabriqu\u00e9 en Espagne avec un tissu et un remplissage en polyester 100% recycl\u00e9s","og_url":"https:\/\/keramamueblesdejardin.com\/fr\/accessoires-dexterieur\/coussins-dexterieur\/pack-2-coussins-transat-peinture-vert-acrylique\/","og_site_name":"Kerama","article_publisher":"https:\/\/www.facebook.com\/Kerama-Muebles-de-Jard%c3%adn-106209328312568\/","article_modified_time":"2023-08-31T08:21:49+00:00","og_image":[{"width":1200,"height":1200,"url":"https:\/\/keramamueblesdejardin.com\/wp-content\/uploads\/2023\/02\/b30x2.jpg","type":"image\/jpeg"}],"twitter_card":"summary_large_image","twitter_misc":{"Dur\u00e9e de lecture estim\u00e9e":"1 minute"},"schema":{"@context":"https:\/\/schema.org","@graph":[{"@type":"WebPage","@id":"https:\/\/keramamueblesdejardin.com\/fr\/accessoires-dexterieur\/coussins-dexterieur\/pack-2-coussins-transat-peinture-vert-acrylique\/","url":"https:\/\/keramamueblesdejardin.com\/fr\/accessoires-dexterieur\/coussins-dexterieur\/pack-2-coussins-transat-peinture-vert-acrylique\/","name":"Pack 2 Coussins de lit de bronzage Green Picture - Acrylique - Kerama","isPartOf":{"@id":"https:\/\/keramamueblesdejardin.com\/fr\/#website"},"primaryImageOfPage":{"@id":"https:\/\/keramamueblesdejardin.com\/fr\/accessoires-dexterieur\/coussins-dexterieur\/pack-2-coussins-transat-peinture-vert-acrylique\/#primaryimage"},"image":{"@id":"https:\/\/keramamueblesdejardin.com\/fr\/accessoires-dexterieur\/coussins-dexterieur\/pack-2-coussins-transat-peinture-vert-acrylique\/#primaryimage"},"thumbnailUrl":"https:\/\/keramamueblesdejardin.com\/wp-content\/uploads\/2023\/02\/b30x2.jpg","datePublished":"2023-02-13T09:18:11+00:00","dateModified":"2023-08-31T08:21:49+00:00","breadcrumb":{"@id":"https:\/\/keramamueblesdejardin.com\/fr\/accessoires-dexterieur\/coussins-dexterieur\/pack-2-coussins-transat-peinture-vert-acrylique\/#breadcrumb"},"inLanguage":"fr-FR","potentialAction":[{"@type":"ReadAction","target":["https:\/\/keramamueblesdejardin.com\/fr\/accessoires-dexterieur\/coussins-dexterieur\/pack-2-coussins-transat-peinture-vert-acrylique\/"]}]},{"@type":"ImageObject","inLanguage":"fr-FR","@id":"https:\/\/keramamueblesdejardin.com\/fr\/accessoires-dexterieur\/coussins-dexterieur\/pack-2-coussins-transat-peinture-vert-acrylique\/#primaryimage","url":"https:\/\/keramamueblesdejardin.com\/wp-content\/uploads\/2023\/02\/b30x2.jpg","contentUrl":"https:\/\/keramamueblesdejardin.com\/wp-content\/uploads\/2023\/02\/b30x2.jpg","width":1200,"height":1200},{"@type":"BreadcrumbList","@id":"https:\/\/keramamueblesdejardin.com\/fr\/accessoires-dexterieur\/coussins-dexterieur\/pack-2-coussins-transat-peinture-vert-acrylique\/#breadcrumb","itemListElement":[{"@type":"ListItem","position":1,"name":"Home","item":"https:\/\/keramamueblesdejardin.com\/fr\/"},{"@type":"ListItem","position":2,"name":"Boutique","item":"https:\/\/keramamueblesdejardin.com\/tienda\/"},{"@type":"ListItem","position":3,"name":"Accessoires d'ext\u00e9rieur","item":"https:\/\/keramamueblesdejardin.com\/fr\/accessoires-dexterieur\/"},{"@type":"ListItem","position":4,"name":"Coussins d'ext\u00e9rieur","item":"https:\/\/keramamueblesdejardin.com\/fr\/accessoires-dexterieur\/coussins-dexterieur\/"},{"@type":"ListItem","position":5,"name":"Pack 2 Coussins de lit de bronzage Green Picture &#8211; Acrylique"}]},{"@type":"WebSite","@id":"https:\/\/keramamueblesdejardin.com\/fr\/#website","url":"https:\/\/keramamueblesdejardin.com\/fr\/","name":"Kerama","description":"muebles de jard\u00edn","publisher":{"@id":"https:\/\/keramamueblesdejardin.com\/fr\/#organization"},"potentialAction":[{"@type":"SearchAction","target":{"@type":"EntryPoint","urlTemplate":"https:\/\/keramamueblesdejardin.com\/fr\/?s={search_term_string}"},"query-input":{"@type":"PropertyValueSpecification","valueRequired":true,"valueName":"search_term_string"}}],"inLanguage":"fr-FR"},{"@type":"Organization","@id":"https:\/\/keramamueblesdejardin.com\/fr\/#organization","name":"kerama","url":"https:\/\/keramamueblesdejardin.com\/fr\/","logo":{"@type":"ImageObject","inLanguage":"fr-FR","@id":"https:\/\/keramamueblesdejardin.com\/fr\/#\/schema\/logo\/image\/","url":"https:\/\/keramamueblesdejardin.com\/wp-content\/uploads\/2020\/12\/k.-scaled.jpg","contentUrl":"https:\/\/keramamueblesdejardin.com\/wp-content\/uploads\/2020\/12\/k.-scaled.jpg","width":2560,"height":551,"caption":"kerama"},"image":{"@id":"https:\/\/keramamueblesdejardin.com\/fr\/#\/schema\/logo\/image\/"},"sameAs":["https:\/\/www.facebook.com\/Kerama-Muebles-de-Jard\u00edn-106209328312568\/"]}]}},"df_price":149,"df_sale_price":149,"df_regular_price":189,"df_image_link":"https:\/\/keramamueblesdejardin.com\/wp-content\/uploads\/2023\/02\/b30x2-300x300.jpg","custom_tabs":[{"title":"MESURES","id":"mesures","content":"<div class=\"list\"><strong>\u00c9paisseur: <\/strong>7cm\r\n<strong>Largeur: <\/strong>195cm\r\n<strong>Profondeur: <\/strong>66cm<\/div>"},{"title":"ENTRETIEN ET GARANTIES","id":"entretien-et-garanties","content":"<div class=\"moz-signature\">\r\n<div class=\"list\"><strong>Recommandations g\u00e9n\u00e9rales :<\/strong>\r\n- Les d\u00e9faillances ou les dommages caus\u00e9s par les \u00e9l\u00e9ments suivants sont exclus de la garantie :\r\n- Les causes accidentelles telles que chutes, coups, d\u00e9versement de liquides, introduction de corps \u00e9trangers, ainsi que toute autre force majeure.\r\n- Utilisation n\u00e9gligente, inappropri\u00e9e ou non domestique.\r\n- Dommages, corrosion et\/ou oxydation acc\u00e9l\u00e9r\u00e9s par des conditions environnementales d\u00e9favorables.\r\n- Taches et d\u00e9coloration dues au non-respect de nos instructions de nettoyage.\r\n- Dommages survenus lors du montage et de la manipulation sans respecter les instructions de montage.\r\n<strong>Instructions d'utilisation et d'entretien :<\/strong>\r\n- Essuyez doucement avec un chiffon ou utilisez un savon liquide neutre, puis rincez abondamment \u00e0 l'eau.\r\n- Enlevez r\u00e9guli\u00e8rement la poussi\u00e8re avec un chiffon doux et de l'eau claire.\r\n- N'utilisez pas de d\u00e9tergents ou de produits abrasifs pour le nettoyage.\r\n<strong>Ann\u00e9es de garantie :<\/strong> 3 ans\r\n<strong>Fabriqu\u00e9 conform\u00e9ment \u00e0 la norme :<\/strong> 581-1,581-2,581-3<\/div>\r\n<\/div>"}],"_links":{"self":[{"href":"https:\/\/keramamueblesdejardin.com\/fr\/wp-json\/wp\/v2\/product\/80942","targetHints":{"allow":["GET"]}}],"collection":[{"href":"https:\/\/keramamueblesdejardin.com\/fr\/wp-json\/wp\/v2\/product"}],"about":[{"href":"https:\/\/keramamueblesdejardin.com\/fr\/wp-json\/wp\/v2\/types\/product"}],"replies":[{"embeddable":true,"href":"https:\/\/keramamueblesdejardin.com\/fr\/wp-json\/wp\/v2\/comments?post=80942"}],"wp:featuredmedia":[{"embeddable":true,"href":"https:\/\/keramamueblesdejardin.com\/fr\/wp-json\/wp\/v2\/media\/80146"}],"wp:attachment":[{"href":"https:\/\/keramamueblesdejardin.com\/fr\/wp-json\/wp\/v2\/media?parent=80942"}],"wp:term":[{"taxonomy":"product_brand","embeddable":true,"href":"https:\/\/keramamueblesdejardin.com\/fr\/wp-json\/wp\/v2\/product_brand?post=80942"},{"taxonomy":"product_cat","embeddable":true,"href":"https:\/\/keramamueblesdejardin.com\/fr\/wp-json\/wp\/v2\/product_cat?post=80942"},{"taxonomy":"product_tag","embeddable":true,"href":"https:\/\/keramamueblesdejardin.com\/fr\/wp-json\/wp\/v2\/product_tag?post=80942"}],"curies":[{"name":"wp","href":"https:\/\/api.w.org\/{rel}","templated":true}]}}