{"id":78198,"date":"2022-09-13T15:23:51","date_gmt":"2022-09-13T13:23:51","guid":{"rendered":"https:\/\/keramamueblesdejardin.com\/non%20class\u00e9\/ensemble-salle-a-manger-table-de-jardin-en-bois-230x100-cm-riviera-et-6-chaises-en-rotin-synthetique-et-aluminium-bologne-bologneriviera\/"},"modified":"2024-12-02T15:43:46","modified_gmt":"2024-12-02T14:43:46","slug":"ensemble-salle-a-manger-table-jardin-bois-230x100-cm-riviera-y-6-chaises-ratan-synthetique-et-aluminium-bologne-bolognariviera","status":"publish","type":"product","link":"https:\/\/keramamueblesdejardin.com\/fr\/diner-en-plein-air\/ensemble-table-et-chaises-de-jardin\/ensemble-salle-a-manger-table-jardin-bois-230x100-cm-riviera-y-6-chaises-ratan-synthetique-et-aluminium-bologne-bolognariviera\/","title":{"rendered":"Ensemble salle \u00e0 manger table de jardin en bois 230&#215;100 cm Riviera et 6 chaises en rotin synth\u00e9tique et aluminium Bologne \u2013 Bologne&amp;Riviera"},"content":{"rendered":"<p>Ensemble compos\u00e9 d\u2019une table \u00e0 manger ext\u00e9rieure rectangulaire 230x100cm en bois et de 6 chaises de jardin avec structure en aluminium et rotin synth\u00e9tique tress\u00e9 \u00e0 la main brun beige fonc\u00e9, avec bras empilables avec coussin inclus. Les coussins sont amovibles et lavables. Vous pouvez le combiner avec les diff\u00e9rents \u00e9l\u00e9ments de la famille Bolonia pour compl\u00e9ter votre terrasse ou votre jardin.<\/p>\n","protected":false},"excerpt":{"rendered":"<ul>\n<li>Pack de 6 chaises de salle \u00e0 manger empilables avec structure en aluminium et rotin synth\u00e9tique tress\u00e9 beige fonc\u00e9 brun<\/li>\n<li>Coussins beiges avec housses amovibles<\/li>\n<li>Table \u00e0 manger en bois d\u2019acacia fini couleur claire. Mesures: 230x100cm<\/li>\n<li>Vous pouvez le combiner avec les diff\u00e9rents \u00e9l\u00e9ments de la famille Bologna.<\/li>\n<\/ul>\n","protected":false},"featured_media":62866,"comment_status":"closed","ping_status":"closed","template":"","meta":{"_acf_changed":false},"product_brand":[],"product_cat":[578,579],"product_tag":[581,828,567,595,628],"class_list":{"0":"post-78198","1":"product","2":"type-product","3":"status-publish","4":"has-post-thumbnail","6":"product_cat-diner-en-plein-air","7":"product_cat-ensemble-table-et-chaises-de-jardin","8":"product_tag-bois","9":"product_tag-bologne","10":"product_tag-grands-espaces","11":"product_tag-riviera-fr","12":"product_tag-rotin","13":"product_shipping_class-envio-gratuito-fr","14":"pa_ancho-260-fr","15":"pa_asientos-8-fr","16":"pa_caracteristicas-housses-lavables","17":"pa_coleccion-bolonia-fr","18":"pa_coleccion-riviera-fr","19":"pa_espacio-10-14-fr","20":"pa_forma-rectangulaire","21":"pa_largo-390-fr","22":"pa_m2-1014-fr","23":"pa_material-madera-fr","24":"pa_material-cuerda-fr","25":"pa_tamano-espacio-grand","27":"first","28":"instock","29":"sale","30":"purchasable","31":"product-type-simple","32":"add-to-wishlist-before_image"},"acf":[],"yoast_head":"<!-- This site is optimized with the Yoast SEO plugin v27.2 - https:\/\/yoast.com\/product\/yoast-seo-wordpress\/ -->\n<title>Ensemble salle \u00e0 manger table de jardin en bois 230x100 cm Riviera et 6 chaises en rotin synth\u00e9tique et aluminium Bologne \u2013 Bologne&amp;Riviera - Kerama<\/title>\n<meta name=\"robots\" content=\"index, follow, max-snippet:-1, max-image-preview:large, max-video-preview:-1\" \/>\n<link rel=\"canonical\" href=\"https:\/\/keramamueblesdejardin.com\/fr\/diner-en-plein-air\/ensemble-table-et-chaises-de-jardin\/ensemble-salle-a-manger-table-jardin-bois-230x100-cm-riviera-y-6-chaises-ratan-synthetique-et-aluminium-bologne-bolognariviera\/\" \/>\n<meta property=\"og:locale\" content=\"fr_FR\" \/>\n<meta property=\"og:type\" content=\"article\" \/>\n<meta property=\"og:title\" content=\"Ensemble salle \u00e0 manger table de jardin en bois 230x100 cm Riviera et 6 chaises en rotin synth\u00e9tique et aluminium Bologne \u2013 Bologne&amp;Riviera - Kerama\" \/>\n<meta property=\"og:description\" content=\"Pack de 6 chaises de salle \u00e0 manger empilables avec structure en aluminium et rotin synth\u00e9tique tress\u00e9 beige fonc\u00e9 brun  Coussins beiges avec housses amovibles  Table \u00e0 manger en bois d\u2019acacia fini couleur claire. Mesures: 230x100cm  Vous pouvez le combiner avec les diff\u00e9rents \u00e9l\u00e9ments de la famille Bologna.\" \/>\n<meta property=\"og:url\" content=\"https:\/\/keramamueblesdejardin.com\/fr\/diner-en-plein-air\/ensemble-table-et-chaises-de-jardin\/ensemble-salle-a-manger-table-jardin-bois-230x100-cm-riviera-y-6-chaises-ratan-synthetique-et-aluminium-bologne-bolognariviera\/\" \/>\n<meta property=\"og:site_name\" content=\"Kerama\" \/>\n<meta property=\"article:publisher\" content=\"https:\/\/www.facebook.com\/Kerama-Muebles-de-Jard%c3%adn-106209328312568\/\" \/>\n<meta property=\"article:modified_time\" content=\"2024-12-02T14:43:46+00:00\" \/>\n<meta property=\"og:image\" content=\"https:\/\/keramamueblesdejardin.com\/wp-content\/uploads\/2022\/09\/a40-e1697453049947.jpg\" \/>\n\t<meta property=\"og:image:width\" content=\"1200\" \/>\n\t<meta property=\"og:image:height\" content=\"1200\" \/>\n\t<meta property=\"og:image:type\" content=\"image\/jpeg\" \/>\n<meta name=\"twitter:card\" content=\"summary_large_image\" \/>\n<script type=\"application\/ld+json\" class=\"yoast-schema-graph\">{\"@context\":\"https:\/\/schema.org\",\"@graph\":[{\"@type\":\"WebPage\",\"@id\":\"https:\/\/keramamueblesdejardin.com\/fr\/diner-en-plein-air\/ensemble-table-et-chaises-de-jardin\/ensemble-salle-a-manger-table-jardin-bois-230x100-cm-riviera-y-6-chaises-ratan-synthetique-et-aluminium-bologne-bolognariviera\/\",\"url\":\"https:\/\/keramamueblesdejardin.com\/fr\/diner-en-plein-air\/ensemble-table-et-chaises-de-jardin\/ensemble-salle-a-manger-table-jardin-bois-230x100-cm-riviera-y-6-chaises-ratan-synthetique-et-aluminium-bologne-bolognariviera\/\",\"name\":\"Ensemble salle \u00e0 manger table de jardin en bois 230x100 cm Riviera et 6 chaises en rotin synth\u00e9tique et aluminium Bologne \u2013 Bologne&amp;Riviera - Kerama\",\"isPartOf\":{\"@id\":\"https:\/\/keramamueblesdejardin.com\/fr\/#website\"},\"primaryImageOfPage\":{\"@id\":\"https:\/\/keramamueblesdejardin.com\/fr\/diner-en-plein-air\/ensemble-table-et-chaises-de-jardin\/ensemble-salle-a-manger-table-jardin-bois-230x100-cm-riviera-y-6-chaises-ratan-synthetique-et-aluminium-bologne-bolognariviera\/#primaryimage\"},\"image\":{\"@id\":\"https:\/\/keramamueblesdejardin.com\/fr\/diner-en-plein-air\/ensemble-table-et-chaises-de-jardin\/ensemble-salle-a-manger-table-jardin-bois-230x100-cm-riviera-y-6-chaises-ratan-synthetique-et-aluminium-bologne-bolognariviera\/#primaryimage\"},\"thumbnailUrl\":\"https:\/\/keramamueblesdejardin.com\/wp-content\/uploads\/2022\/09\/a40-e1697453049947.jpg\",\"datePublished\":\"2022-09-13T13:23:51+00:00\",\"dateModified\":\"2024-12-02T14:43:46+00:00\",\"breadcrumb\":{\"@id\":\"https:\/\/keramamueblesdejardin.com\/fr\/diner-en-plein-air\/ensemble-table-et-chaises-de-jardin\/ensemble-salle-a-manger-table-jardin-bois-230x100-cm-riviera-y-6-chaises-ratan-synthetique-et-aluminium-bologne-bolognariviera\/#breadcrumb\"},\"inLanguage\":\"fr-FR\",\"potentialAction\":[{\"@type\":\"ReadAction\",\"target\":[\"https:\/\/keramamueblesdejardin.com\/fr\/diner-en-plein-air\/ensemble-table-et-chaises-de-jardin\/ensemble-salle-a-manger-table-jardin-bois-230x100-cm-riviera-y-6-chaises-ratan-synthetique-et-aluminium-bologne-bolognariviera\/\"]}]},{\"@type\":\"ImageObject\",\"inLanguage\":\"fr-FR\",\"@id\":\"https:\/\/keramamueblesdejardin.com\/fr\/diner-en-plein-air\/ensemble-table-et-chaises-de-jardin\/ensemble-salle-a-manger-table-jardin-bois-230x100-cm-riviera-y-6-chaises-ratan-synthetique-et-aluminium-bologne-bolognariviera\/#primaryimage\",\"url\":\"https:\/\/keramamueblesdejardin.com\/wp-content\/uploads\/2022\/09\/a40-e1697453049947.jpg\",\"contentUrl\":\"https:\/\/keramamueblesdejardin.com\/wp-content\/uploads\/2022\/09\/a40-e1697453049947.jpg\",\"width\":1200,\"height\":1200},{\"@type\":\"BreadcrumbList\",\"@id\":\"https:\/\/keramamueblesdejardin.com\/fr\/diner-en-plein-air\/ensemble-table-et-chaises-de-jardin\/ensemble-salle-a-manger-table-jardin-bois-230x100-cm-riviera-y-6-chaises-ratan-synthetique-et-aluminium-bologne-bolognariviera\/#breadcrumb\",\"itemListElement\":[{\"@type\":\"ListItem\",\"position\":1,\"name\":\"Home\",\"item\":\"https:\/\/keramamueblesdejardin.com\/fr\/\"},{\"@type\":\"ListItem\",\"position\":2,\"name\":\"Boutique\",\"item\":\"https:\/\/keramamueblesdejardin.com\/tienda\/\"},{\"@type\":\"ListItem\",\"position\":3,\"name\":\"D\u00eener en plein air\",\"item\":\"https:\/\/keramamueblesdejardin.com\/fr\/diner-en-plein-air\/\"},{\"@type\":\"ListItem\",\"position\":4,\"name\":\"Ensemble table et chaises de jardin\",\"item\":\"https:\/\/keramamueblesdejardin.com\/fr\/diner-en-plein-air\/ensemble-table-et-chaises-de-jardin\/\"},{\"@type\":\"ListItem\",\"position\":5,\"name\":\"Ensemble salle \u00e0 manger table de jardin en bois 230&#215;100 cm Riviera et 6 chaises en rotin synth\u00e9tique et aluminium Bologne \u2013 Bologne&amp;Riviera\"}]},{\"@type\":\"WebSite\",\"@id\":\"https:\/\/keramamueblesdejardin.com\/fr\/#website\",\"url\":\"https:\/\/keramamueblesdejardin.com\/fr\/\",\"name\":\"Kerama\",\"description\":\"muebles de jard\u00edn\",\"publisher\":{\"@id\":\"https:\/\/keramamueblesdejardin.com\/fr\/#organization\"},\"potentialAction\":[{\"@type\":\"SearchAction\",\"target\":{\"@type\":\"EntryPoint\",\"urlTemplate\":\"https:\/\/keramamueblesdejardin.com\/fr\/?s={search_term_string}\"},\"query-input\":{\"@type\":\"PropertyValueSpecification\",\"valueRequired\":true,\"valueName\":\"search_term_string\"}}],\"inLanguage\":\"fr-FR\"},{\"@type\":\"Organization\",\"@id\":\"https:\/\/keramamueblesdejardin.com\/fr\/#organization\",\"name\":\"kerama\",\"url\":\"https:\/\/keramamueblesdejardin.com\/fr\/\",\"logo\":{\"@type\":\"ImageObject\",\"inLanguage\":\"fr-FR\",\"@id\":\"https:\/\/keramamueblesdejardin.com\/fr\/#\/schema\/logo\/image\/\",\"url\":\"https:\/\/keramamueblesdejardin.com\/wp-content\/uploads\/2020\/12\/k.-scaled.jpg\",\"contentUrl\":\"https:\/\/keramamueblesdejardin.com\/wp-content\/uploads\/2020\/12\/k.-scaled.jpg\",\"width\":2560,\"height\":551,\"caption\":\"kerama\"},\"image\":{\"@id\":\"https:\/\/keramamueblesdejardin.com\/fr\/#\/schema\/logo\/image\/\"},\"sameAs\":[\"https:\/\/www.facebook.com\/Kerama-Muebles-de-Jard\u00edn-106209328312568\/\"]}]}<\/script>\n<!-- \/ Yoast SEO plugin. -->","yoast_head_json":{"title":"Ensemble salle \u00e0 manger table de jardin en bois 230x100 cm Riviera et 6 chaises en rotin synth\u00e9tique et aluminium Bologne \u2013 Bologne&amp;Riviera - Kerama","robots":{"index":"index","follow":"follow","max-snippet":"max-snippet:-1","max-image-preview":"max-image-preview:large","max-video-preview":"max-video-preview:-1"},"canonical":"https:\/\/keramamueblesdejardin.com\/fr\/diner-en-plein-air\/ensemble-table-et-chaises-de-jardin\/ensemble-salle-a-manger-table-jardin-bois-230x100-cm-riviera-y-6-chaises-ratan-synthetique-et-aluminium-bologne-bolognariviera\/","og_locale":"fr_FR","og_type":"article","og_title":"Ensemble salle \u00e0 manger table de jardin en bois 230x100 cm Riviera et 6 chaises en rotin synth\u00e9tique et aluminium Bologne \u2013 Bologne&amp;Riviera - Kerama","og_description":"Pack de 6 chaises de salle \u00e0 manger empilables avec structure en aluminium et rotin synth\u00e9tique tress\u00e9 beige fonc\u00e9 brun  Coussins beiges avec housses amovibles  Table \u00e0 manger en bois d\u2019acacia fini couleur claire. Mesures: 230x100cm  Vous pouvez le combiner avec les diff\u00e9rents \u00e9l\u00e9ments de la famille Bologna.","og_url":"https:\/\/keramamueblesdejardin.com\/fr\/diner-en-plein-air\/ensemble-table-et-chaises-de-jardin\/ensemble-salle-a-manger-table-jardin-bois-230x100-cm-riviera-y-6-chaises-ratan-synthetique-et-aluminium-bologne-bolognariviera\/","og_site_name":"Kerama","article_publisher":"https:\/\/www.facebook.com\/Kerama-Muebles-de-Jard%c3%adn-106209328312568\/","article_modified_time":"2024-12-02T14:43:46+00:00","og_image":[{"width":1200,"height":1200,"url":"https:\/\/keramamueblesdejardin.com\/wp-content\/uploads\/2022\/09\/a40-e1697453049947.jpg","type":"image\/jpeg"}],"twitter_card":"summary_large_image","schema":{"@context":"https:\/\/schema.org","@graph":[{"@type":"WebPage","@id":"https:\/\/keramamueblesdejardin.com\/fr\/diner-en-plein-air\/ensemble-table-et-chaises-de-jardin\/ensemble-salle-a-manger-table-jardin-bois-230x100-cm-riviera-y-6-chaises-ratan-synthetique-et-aluminium-bologne-bolognariviera\/","url":"https:\/\/keramamueblesdejardin.com\/fr\/diner-en-plein-air\/ensemble-table-et-chaises-de-jardin\/ensemble-salle-a-manger-table-jardin-bois-230x100-cm-riviera-y-6-chaises-ratan-synthetique-et-aluminium-bologne-bolognariviera\/","name":"Ensemble salle \u00e0 manger table de jardin en bois 230x100 cm Riviera et 6 chaises en rotin synth\u00e9tique et aluminium Bologne \u2013 Bologne&amp;Riviera - Kerama","isPartOf":{"@id":"https:\/\/keramamueblesdejardin.com\/fr\/#website"},"primaryImageOfPage":{"@id":"https:\/\/keramamueblesdejardin.com\/fr\/diner-en-plein-air\/ensemble-table-et-chaises-de-jardin\/ensemble-salle-a-manger-table-jardin-bois-230x100-cm-riviera-y-6-chaises-ratan-synthetique-et-aluminium-bologne-bolognariviera\/#primaryimage"},"image":{"@id":"https:\/\/keramamueblesdejardin.com\/fr\/diner-en-plein-air\/ensemble-table-et-chaises-de-jardin\/ensemble-salle-a-manger-table-jardin-bois-230x100-cm-riviera-y-6-chaises-ratan-synthetique-et-aluminium-bologne-bolognariviera\/#primaryimage"},"thumbnailUrl":"https:\/\/keramamueblesdejardin.com\/wp-content\/uploads\/2022\/09\/a40-e1697453049947.jpg","datePublished":"2022-09-13T13:23:51+00:00","dateModified":"2024-12-02T14:43:46+00:00","breadcrumb":{"@id":"https:\/\/keramamueblesdejardin.com\/fr\/diner-en-plein-air\/ensemble-table-et-chaises-de-jardin\/ensemble-salle-a-manger-table-jardin-bois-230x100-cm-riviera-y-6-chaises-ratan-synthetique-et-aluminium-bologne-bolognariviera\/#breadcrumb"},"inLanguage":"fr-FR","potentialAction":[{"@type":"ReadAction","target":["https:\/\/keramamueblesdejardin.com\/fr\/diner-en-plein-air\/ensemble-table-et-chaises-de-jardin\/ensemble-salle-a-manger-table-jardin-bois-230x100-cm-riviera-y-6-chaises-ratan-synthetique-et-aluminium-bologne-bolognariviera\/"]}]},{"@type":"ImageObject","inLanguage":"fr-FR","@id":"https:\/\/keramamueblesdejardin.com\/fr\/diner-en-plein-air\/ensemble-table-et-chaises-de-jardin\/ensemble-salle-a-manger-table-jardin-bois-230x100-cm-riviera-y-6-chaises-ratan-synthetique-et-aluminium-bologne-bolognariviera\/#primaryimage","url":"https:\/\/keramamueblesdejardin.com\/wp-content\/uploads\/2022\/09\/a40-e1697453049947.jpg","contentUrl":"https:\/\/keramamueblesdejardin.com\/wp-content\/uploads\/2022\/09\/a40-e1697453049947.jpg","width":1200,"height":1200},{"@type":"BreadcrumbList","@id":"https:\/\/keramamueblesdejardin.com\/fr\/diner-en-plein-air\/ensemble-table-et-chaises-de-jardin\/ensemble-salle-a-manger-table-jardin-bois-230x100-cm-riviera-y-6-chaises-ratan-synthetique-et-aluminium-bologne-bolognariviera\/#breadcrumb","itemListElement":[{"@type":"ListItem","position":1,"name":"Home","item":"https:\/\/keramamueblesdejardin.com\/fr\/"},{"@type":"ListItem","position":2,"name":"Boutique","item":"https:\/\/keramamueblesdejardin.com\/tienda\/"},{"@type":"ListItem","position":3,"name":"D\u00eener en plein air","item":"https:\/\/keramamueblesdejardin.com\/fr\/diner-en-plein-air\/"},{"@type":"ListItem","position":4,"name":"Ensemble table et chaises de jardin","item":"https:\/\/keramamueblesdejardin.com\/fr\/diner-en-plein-air\/ensemble-table-et-chaises-de-jardin\/"},{"@type":"ListItem","position":5,"name":"Ensemble salle \u00e0 manger table de jardin en bois 230&#215;100 cm Riviera et 6 chaises en rotin synth\u00e9tique et aluminium Bologne \u2013 Bologne&amp;Riviera"}]},{"@type":"WebSite","@id":"https:\/\/keramamueblesdejardin.com\/fr\/#website","url":"https:\/\/keramamueblesdejardin.com\/fr\/","name":"Kerama","description":"muebles de jard\u00edn","publisher":{"@id":"https:\/\/keramamueblesdejardin.com\/fr\/#organization"},"potentialAction":[{"@type":"SearchAction","target":{"@type":"EntryPoint","urlTemplate":"https:\/\/keramamueblesdejardin.com\/fr\/?s={search_term_string}"},"query-input":{"@type":"PropertyValueSpecification","valueRequired":true,"valueName":"search_term_string"}}],"inLanguage":"fr-FR"},{"@type":"Organization","@id":"https:\/\/keramamueblesdejardin.com\/fr\/#organization","name":"kerama","url":"https:\/\/keramamueblesdejardin.com\/fr\/","logo":{"@type":"ImageObject","inLanguage":"fr-FR","@id":"https:\/\/keramamueblesdejardin.com\/fr\/#\/schema\/logo\/image\/","url":"https:\/\/keramamueblesdejardin.com\/wp-content\/uploads\/2020\/12\/k.-scaled.jpg","contentUrl":"https:\/\/keramamueblesdejardin.com\/wp-content\/uploads\/2020\/12\/k.-scaled.jpg","width":2560,"height":551,"caption":"kerama"},"image":{"@id":"https:\/\/keramamueblesdejardin.com\/fr\/#\/schema\/logo\/image\/"},"sameAs":["https:\/\/www.facebook.com\/Kerama-Muebles-de-Jard\u00edn-106209328312568\/"]}]}},"df_price":1909,"df_sale_price":1909,"df_regular_price":2339,"df_image_link":"https:\/\/keramamueblesdejardin.com\/wp-content\/uploads\/2022\/09\/a40-300x300.jpg","custom_tabs":[{"title":"MESURES","id":"mesures","content":"<div class=\"list\">\n<div class=\"list\" style=\"color: #282828;\"><strong style=\"font-weight: bold;\">Hauteur :<\/strong> chaises 86cm \/\/ table 75cm<\/div>\n<div class=\"list\" style=\"color: #282828;\"><strong style=\"font-weight: bold;\">Largeur: <\/strong>chaises 62cm \/\/ table 230cm<\/div>\n<div class=\"list\" style=\"color: #282828;\"><strong style=\"font-weight: bold;\">Fond : <\/strong>chaises 65cm \/\/ table 100cm<\/div>\n<div>\n<div><strong>Hauteur d\u2019assise: <\/strong>48cm<\/div>\n<div><strong>Profondeur d\u2019assise: <\/strong>50cm<\/div>\n<\/div>\n<\/div>"},{"title":"D\u00c9BALLAGE ET MONTAGE","id":"deballage-et-montage","content":"<div class=\"list\"><strong style=\"font-weight: bold; color: #282828;\">Recommandations pour le d\u00e9ballage :<\/strong><span style=\"color: #282828;\"> N'utilisez pas d'outils tranchants lors du d\u00e9ballage du meuble, car cela pourrait l'endommager.<\/span><br style=\"color: #282828;\"><strong style=\"font-weight: bold; color: #282828;\">Montage requis (O\/N) :<\/strong><span style=\"color: #282828;\"> Oui<\/span><br style=\"color: #282828;\"><strong style=\"font-weight: bold; color: #282828;\">Difficult\u00e9 de montage :<\/strong><span style=\"color: #282828;\"> Moyen<\/span><br style=\"color: #282828;\"><strong style=\"font-weight: bold; color: #282828;\">Temps de montage :<\/strong><span style=\"color: #282828;\"> 30 minutes<\/span><br style=\"color: #282828;\"><strong style=\"font-weight: bold; color: #282828;\">Personnes recommand\u00e9es pour le montage :<\/strong><span style=\"color: #282828;\"> 2<\/span><br style=\"color: #282828;\"><strong style=\"font-weight: bold; color: #282828;\">Suggestions de montage :<\/strong><span style=\"color: #282828;\">  Pr\u00e9parez une zone de montage propre et s\u00e8che, v\u00e9rifiez qu'aucune des pi\u00e8ces \u00e9num\u00e9r\u00e9es dans le manuel ne manque. Nous recommandons l'utilisation de gants appropri\u00e9s pour le montage. N'utilisez que les pi\u00e8ces et les raccords fournis.<\/span><\/div>"},{"title":"ENTRETIEN ET GARANTIES","id":"entretien-et-garanties","content":"<div class=\"moz-signature\">\n<div class=\"list\"><strong>Recommandations g\u00e9n\u00e9rales :<\/strong>\n- Les d\u00e9faillances ou les dommages caus\u00e9s par les \u00e9l\u00e9ments suivants sont exclus de la garantie :\n- Les causes accidentelles telles que chutes, coups, d\u00e9versement de liquides, introduction de corps \u00e9trangers, ainsi que toute autre force majeure.\n- Utilisation n\u00e9gligente, inappropri\u00e9e ou non domestique.\n- Dommages, corrosion et\/ou oxydation acc\u00e9l\u00e9r\u00e9s par des conditions environnementales d\u00e9favorables.\n- Taches et d\u00e9coloration dues au non-respect de nos instructions de nettoyage.\n- Dommages survenus lors du montage et de la manipulation sans respecter les instructions de montage.\n<strong>Instructions d'utilisation et d'entretien :<\/strong>\n- Essuyez doucement avec un chiffon ou utilisez un savon liquide neutre, puis rincez abondamment \u00e0 l'eau.\n- Enlevez r\u00e9guli\u00e8rement la poussi\u00e8re avec un chiffon doux et de l'eau claire.\n- N'utilisez pas de d\u00e9tergents ou de produits abrasifs pour le nettoyage.\n<strong>Ann\u00e9es de garantie :<\/strong> 3 ans\n<strong>Fabriqu\u00e9 conform\u00e9ment \u00e0 la norme :<\/strong> 581-1,581-2,581-3<\/div>\n<\/div>"}],"_links":{"self":[{"href":"https:\/\/keramamueblesdejardin.com\/fr\/wp-json\/wp\/v2\/product\/78198","targetHints":{"allow":["GET"]}}],"collection":[{"href":"https:\/\/keramamueblesdejardin.com\/fr\/wp-json\/wp\/v2\/product"}],"about":[{"href":"https:\/\/keramamueblesdejardin.com\/fr\/wp-json\/wp\/v2\/types\/product"}],"replies":[{"embeddable":true,"href":"https:\/\/keramamueblesdejardin.com\/fr\/wp-json\/wp\/v2\/comments?post=78198"}],"wp:featuredmedia":[{"embeddable":true,"href":"https:\/\/keramamueblesdejardin.com\/fr\/wp-json\/wp\/v2\/media\/62866"}],"wp:attachment":[{"href":"https:\/\/keramamueblesdejardin.com\/fr\/wp-json\/wp\/v2\/media?parent=78198"}],"wp:term":[{"taxonomy":"product_brand","embeddable":true,"href":"https:\/\/keramamueblesdejardin.com\/fr\/wp-json\/wp\/v2\/product_brand?post=78198"},{"taxonomy":"product_cat","embeddable":true,"href":"https:\/\/keramamueblesdejardin.com\/fr\/wp-json\/wp\/v2\/product_cat?post=78198"},{"taxonomy":"product_tag","embeddable":true,"href":"https:\/\/keramamueblesdejardin.com\/fr\/wp-json\/wp\/v2\/product_tag?post=78198"}],"curies":[{"name":"wp","href":"https:\/\/api.w.org\/{rel}","templated":true}]}}