{"id":78085,"date":"2022-09-13T15:23:46","date_gmt":"2022-09-13T13:23:46","guid":{"rendered":"https:\/\/keramamueblesdejardin.com\/non%20class\u00e9\/table-de-porche-basse-en-aluminium-et-rotin-synthetique-140x80x46cm-bologne\/"},"modified":"2023-08-30T10:24:39","modified_gmt":"2023-08-30T08:24:39","slug":"table-de-porche-basse-aluminium-et-ratan-synthetique-140x80x46cm-bologne","status":"publish","type":"product","link":"https:\/\/keramamueblesdejardin.com\/fr\/salles-exterieures\/tables-dappoint-de-jardin\/table-de-porche-basse-aluminium-et-ratan-synthetique-140x80x46cm-bologne\/","title":{"rendered":"Table de porche basse en aluminium et rotin synth\u00e9tique 140x80x46cm &#8211; Bologne"},"content":{"rendered":"<p>Table d\u2019ext\u00e9rieur basse en structure en aluminium et rotin synth\u00e9tique tress\u00e9 \u00e0 la main en brun beige fonc\u00e9 et sur verre tremp\u00e9 de 5mm d\u2019\u00e9paisseur. Mesures: 140x80x46cm. Vous pouvez le combiner avec les diff\u00e9rents \u00e9l\u00e9ments de la famille Bolonia pour compl\u00e9ter votre terrasse ou votre jardin.<\/p>\n","protected":false},"excerpt":{"rendered":"<ul>\n<li>Table basse avec structure en aluminium et rotin synth\u00e9tique tress\u00e9 brun beige fonc\u00e9<\/li>\n<li>Enveloppe en verre tremp\u00e9 transparent de 5 mm<\/li>\n<li>Mesures: 140x80x46cm<\/li>\n<li>Vous pouvez le combiner avec les diff\u00e9rents \u00e9l\u00e9ments de la famille Bologna.<\/li>\n<\/ul>\n","protected":false},"featured_media":62670,"comment_status":"closed","ping_status":"open","template":"","meta":{"_acf_changed":false},"product_brand":[],"product_cat":[604,611],"product_tag":[828,567,628],"class_list":{"0":"post-78085","1":"product","2":"type-product","3":"status-publish","4":"has-post-thumbnail","6":"product_cat-salles-exterieures","7":"product_cat-tables-dappoint-de-jardin","8":"product_tag-bologne","9":"product_tag-grands-espaces","10":"product_tag-rotin","11":"product_shipping_class-envio-gratuito-fr","12":"pa_caracteristicas-assemblage-facile","13":"pa_coleccion-bolonia-fr","14":"pa_forma-rectangulaire","15":"pa_material-ratan-fr","17":"first","18":"instock","19":"sale","20":"purchasable","21":"product-type-simple","22":"add-to-wishlist-before_image"},"acf":[],"yoast_head":"<!-- This site is optimized with the Yoast SEO plugin v27.2 - https:\/\/yoast.com\/product\/yoast-seo-wordpress\/ -->\n<title>Table de porche basse en aluminium et rotin synth\u00e9tique 140x80x46cm - Bologne - Kerama<\/title>\n<meta name=\"robots\" content=\"index, follow, max-snippet:-1, max-image-preview:large, max-video-preview:-1\" \/>\n<link rel=\"canonical\" href=\"https:\/\/keramamueblesdejardin.com\/fr\/salles-exterieures\/tables-dappoint-de-jardin\/table-de-porche-basse-aluminium-et-ratan-synthetique-140x80x46cm-bologne\/\" \/>\n<meta property=\"og:locale\" content=\"fr_FR\" \/>\n<meta property=\"og:type\" content=\"article\" \/>\n<meta property=\"og:title\" content=\"Table de porche basse en aluminium et rotin synth\u00e9tique 140x80x46cm - Bologne - Kerama\" \/>\n<meta property=\"og:description\" content=\"Table basse avec structure en aluminium et rotin synth\u00e9tique tress\u00e9 brun beige fonc\u00e9  Enveloppe en verre tremp\u00e9 transparent de 5 mm  Mesures: 140x80x46cm  Vous pouvez le combiner avec les diff\u00e9rents \u00e9l\u00e9ments de la famille Bologna.\" \/>\n<meta property=\"og:url\" content=\"https:\/\/keramamueblesdejardin.com\/fr\/salles-exterieures\/tables-dappoint-de-jardin\/table-de-porche-basse-aluminium-et-ratan-synthetique-140x80x46cm-bologne\/\" \/>\n<meta property=\"og:site_name\" content=\"Kerama\" \/>\n<meta property=\"article:publisher\" content=\"https:\/\/www.facebook.com\/Kerama-Muebles-de-Jard%c3%adn-106209328312568\/\" \/>\n<meta property=\"article:modified_time\" content=\"2023-08-30T08:24:39+00:00\" \/>\n<meta property=\"og:image\" content=\"https:\/\/keramamueblesdejardin.com\/wp-content\/uploads\/2022\/09\/a58-e1697453200954.jpg\" \/>\n\t<meta property=\"og:image:width\" content=\"1200\" \/>\n\t<meta property=\"og:image:height\" content=\"1200\" \/>\n\t<meta property=\"og:image:type\" content=\"image\/jpeg\" \/>\n<meta name=\"twitter:card\" content=\"summary_large_image\" \/>\n<script type=\"application\/ld+json\" class=\"yoast-schema-graph\">{\"@context\":\"https:\/\/schema.org\",\"@graph\":[{\"@type\":\"WebPage\",\"@id\":\"https:\/\/keramamueblesdejardin.com\/fr\/salles-exterieures\/tables-dappoint-de-jardin\/table-de-porche-basse-aluminium-et-ratan-synthetique-140x80x46cm-bologne\/\",\"url\":\"https:\/\/keramamueblesdejardin.com\/fr\/salles-exterieures\/tables-dappoint-de-jardin\/table-de-porche-basse-aluminium-et-ratan-synthetique-140x80x46cm-bologne\/\",\"name\":\"Table de porche basse en aluminium et rotin synth\u00e9tique 140x80x46cm - Bologne - Kerama\",\"isPartOf\":{\"@id\":\"https:\/\/keramamueblesdejardin.com\/fr\/#website\"},\"primaryImageOfPage\":{\"@id\":\"https:\/\/keramamueblesdejardin.com\/fr\/salles-exterieures\/tables-dappoint-de-jardin\/table-de-porche-basse-aluminium-et-ratan-synthetique-140x80x46cm-bologne\/#primaryimage\"},\"image\":{\"@id\":\"https:\/\/keramamueblesdejardin.com\/fr\/salles-exterieures\/tables-dappoint-de-jardin\/table-de-porche-basse-aluminium-et-ratan-synthetique-140x80x46cm-bologne\/#primaryimage\"},\"thumbnailUrl\":\"https:\/\/keramamueblesdejardin.com\/wp-content\/uploads\/2022\/09\/a58-e1697453200954.jpg\",\"datePublished\":\"2022-09-13T13:23:46+00:00\",\"dateModified\":\"2023-08-30T08:24:39+00:00\",\"breadcrumb\":{\"@id\":\"https:\/\/keramamueblesdejardin.com\/fr\/salles-exterieures\/tables-dappoint-de-jardin\/table-de-porche-basse-aluminium-et-ratan-synthetique-140x80x46cm-bologne\/#breadcrumb\"},\"inLanguage\":\"fr-FR\",\"potentialAction\":[{\"@type\":\"ReadAction\",\"target\":[\"https:\/\/keramamueblesdejardin.com\/fr\/salles-exterieures\/tables-dappoint-de-jardin\/table-de-porche-basse-aluminium-et-ratan-synthetique-140x80x46cm-bologne\/\"]}]},{\"@type\":\"ImageObject\",\"inLanguage\":\"fr-FR\",\"@id\":\"https:\/\/keramamueblesdejardin.com\/fr\/salles-exterieures\/tables-dappoint-de-jardin\/table-de-porche-basse-aluminium-et-ratan-synthetique-140x80x46cm-bologne\/#primaryimage\",\"url\":\"https:\/\/keramamueblesdejardin.com\/wp-content\/uploads\/2022\/09\/a58-e1697453200954.jpg\",\"contentUrl\":\"https:\/\/keramamueblesdejardin.com\/wp-content\/uploads\/2022\/09\/a58-e1697453200954.jpg\",\"width\":1200,\"height\":1200},{\"@type\":\"BreadcrumbList\",\"@id\":\"https:\/\/keramamueblesdejardin.com\/fr\/salles-exterieures\/tables-dappoint-de-jardin\/table-de-porche-basse-aluminium-et-ratan-synthetique-140x80x46cm-bologne\/#breadcrumb\",\"itemListElement\":[{\"@type\":\"ListItem\",\"position\":1,\"name\":\"Home\",\"item\":\"https:\/\/keramamueblesdejardin.com\/fr\/\"},{\"@type\":\"ListItem\",\"position\":2,\"name\":\"Boutique\",\"item\":\"https:\/\/keramamueblesdejardin.com\/tienda\/\"},{\"@type\":\"ListItem\",\"position\":3,\"name\":\"Salles ext\u00e9rieures\",\"item\":\"https:\/\/keramamueblesdejardin.com\/fr\/salles-exterieures\/\"},{\"@type\":\"ListItem\",\"position\":4,\"name\":\"Tables d'appoint de jardin\",\"item\":\"https:\/\/keramamueblesdejardin.com\/fr\/salles-exterieures\/tables-dappoint-de-jardin\/\"},{\"@type\":\"ListItem\",\"position\":5,\"name\":\"Table de porche basse en aluminium et rotin synth\u00e9tique 140x80x46cm &#8211; Bologne\"}]},{\"@type\":\"WebSite\",\"@id\":\"https:\/\/keramamueblesdejardin.com\/fr\/#website\",\"url\":\"https:\/\/keramamueblesdejardin.com\/fr\/\",\"name\":\"Kerama\",\"description\":\"muebles de jard\u00edn\",\"publisher\":{\"@id\":\"https:\/\/keramamueblesdejardin.com\/fr\/#organization\"},\"potentialAction\":[{\"@type\":\"SearchAction\",\"target\":{\"@type\":\"EntryPoint\",\"urlTemplate\":\"https:\/\/keramamueblesdejardin.com\/fr\/?s={search_term_string}\"},\"query-input\":{\"@type\":\"PropertyValueSpecification\",\"valueRequired\":true,\"valueName\":\"search_term_string\"}}],\"inLanguage\":\"fr-FR\"},{\"@type\":\"Organization\",\"@id\":\"https:\/\/keramamueblesdejardin.com\/fr\/#organization\",\"name\":\"kerama\",\"url\":\"https:\/\/keramamueblesdejardin.com\/fr\/\",\"logo\":{\"@type\":\"ImageObject\",\"inLanguage\":\"fr-FR\",\"@id\":\"https:\/\/keramamueblesdejardin.com\/fr\/#\/schema\/logo\/image\/\",\"url\":\"https:\/\/keramamueblesdejardin.com\/wp-content\/uploads\/2020\/12\/k.-scaled.jpg\",\"contentUrl\":\"https:\/\/keramamueblesdejardin.com\/wp-content\/uploads\/2020\/12\/k.-scaled.jpg\",\"width\":2560,\"height\":551,\"caption\":\"kerama\"},\"image\":{\"@id\":\"https:\/\/keramamueblesdejardin.com\/fr\/#\/schema\/logo\/image\/\"},\"sameAs\":[\"https:\/\/www.facebook.com\/Kerama-Muebles-de-Jard\u00edn-106209328312568\/\"]}]}<\/script>\n<!-- \/ Yoast SEO plugin. -->","yoast_head_json":{"title":"Table de porche basse en aluminium et rotin synth\u00e9tique 140x80x46cm - Bologne - Kerama","robots":{"index":"index","follow":"follow","max-snippet":"max-snippet:-1","max-image-preview":"max-image-preview:large","max-video-preview":"max-video-preview:-1"},"canonical":"https:\/\/keramamueblesdejardin.com\/fr\/salles-exterieures\/tables-dappoint-de-jardin\/table-de-porche-basse-aluminium-et-ratan-synthetique-140x80x46cm-bologne\/","og_locale":"fr_FR","og_type":"article","og_title":"Table de porche basse en aluminium et rotin synth\u00e9tique 140x80x46cm - Bologne - Kerama","og_description":"Table basse avec structure en aluminium et rotin synth\u00e9tique tress\u00e9 brun beige fonc\u00e9  Enveloppe en verre tremp\u00e9 transparent de 5 mm  Mesures: 140x80x46cm  Vous pouvez le combiner avec les diff\u00e9rents \u00e9l\u00e9ments de la famille Bologna.","og_url":"https:\/\/keramamueblesdejardin.com\/fr\/salles-exterieures\/tables-dappoint-de-jardin\/table-de-porche-basse-aluminium-et-ratan-synthetique-140x80x46cm-bologne\/","og_site_name":"Kerama","article_publisher":"https:\/\/www.facebook.com\/Kerama-Muebles-de-Jard%c3%adn-106209328312568\/","article_modified_time":"2023-08-30T08:24:39+00:00","og_image":[{"width":1200,"height":1200,"url":"https:\/\/keramamueblesdejardin.com\/wp-content\/uploads\/2022\/09\/a58-e1697453200954.jpg","type":"image\/jpeg"}],"twitter_card":"summary_large_image","schema":{"@context":"https:\/\/schema.org","@graph":[{"@type":"WebPage","@id":"https:\/\/keramamueblesdejardin.com\/fr\/salles-exterieures\/tables-dappoint-de-jardin\/table-de-porche-basse-aluminium-et-ratan-synthetique-140x80x46cm-bologne\/","url":"https:\/\/keramamueblesdejardin.com\/fr\/salles-exterieures\/tables-dappoint-de-jardin\/table-de-porche-basse-aluminium-et-ratan-synthetique-140x80x46cm-bologne\/","name":"Table de porche basse en aluminium et rotin synth\u00e9tique 140x80x46cm - Bologne - Kerama","isPartOf":{"@id":"https:\/\/keramamueblesdejardin.com\/fr\/#website"},"primaryImageOfPage":{"@id":"https:\/\/keramamueblesdejardin.com\/fr\/salles-exterieures\/tables-dappoint-de-jardin\/table-de-porche-basse-aluminium-et-ratan-synthetique-140x80x46cm-bologne\/#primaryimage"},"image":{"@id":"https:\/\/keramamueblesdejardin.com\/fr\/salles-exterieures\/tables-dappoint-de-jardin\/table-de-porche-basse-aluminium-et-ratan-synthetique-140x80x46cm-bologne\/#primaryimage"},"thumbnailUrl":"https:\/\/keramamueblesdejardin.com\/wp-content\/uploads\/2022\/09\/a58-e1697453200954.jpg","datePublished":"2022-09-13T13:23:46+00:00","dateModified":"2023-08-30T08:24:39+00:00","breadcrumb":{"@id":"https:\/\/keramamueblesdejardin.com\/fr\/salles-exterieures\/tables-dappoint-de-jardin\/table-de-porche-basse-aluminium-et-ratan-synthetique-140x80x46cm-bologne\/#breadcrumb"},"inLanguage":"fr-FR","potentialAction":[{"@type":"ReadAction","target":["https:\/\/keramamueblesdejardin.com\/fr\/salles-exterieures\/tables-dappoint-de-jardin\/table-de-porche-basse-aluminium-et-ratan-synthetique-140x80x46cm-bologne\/"]}]},{"@type":"ImageObject","inLanguage":"fr-FR","@id":"https:\/\/keramamueblesdejardin.com\/fr\/salles-exterieures\/tables-dappoint-de-jardin\/table-de-porche-basse-aluminium-et-ratan-synthetique-140x80x46cm-bologne\/#primaryimage","url":"https:\/\/keramamueblesdejardin.com\/wp-content\/uploads\/2022\/09\/a58-e1697453200954.jpg","contentUrl":"https:\/\/keramamueblesdejardin.com\/wp-content\/uploads\/2022\/09\/a58-e1697453200954.jpg","width":1200,"height":1200},{"@type":"BreadcrumbList","@id":"https:\/\/keramamueblesdejardin.com\/fr\/salles-exterieures\/tables-dappoint-de-jardin\/table-de-porche-basse-aluminium-et-ratan-synthetique-140x80x46cm-bologne\/#breadcrumb","itemListElement":[{"@type":"ListItem","position":1,"name":"Home","item":"https:\/\/keramamueblesdejardin.com\/fr\/"},{"@type":"ListItem","position":2,"name":"Boutique","item":"https:\/\/keramamueblesdejardin.com\/tienda\/"},{"@type":"ListItem","position":3,"name":"Salles ext\u00e9rieures","item":"https:\/\/keramamueblesdejardin.com\/fr\/salles-exterieures\/"},{"@type":"ListItem","position":4,"name":"Tables d'appoint de jardin","item":"https:\/\/keramamueblesdejardin.com\/fr\/salles-exterieures\/tables-dappoint-de-jardin\/"},{"@type":"ListItem","position":5,"name":"Table de porche basse en aluminium et rotin synth\u00e9tique 140x80x46cm &#8211; Bologne"}]},{"@type":"WebSite","@id":"https:\/\/keramamueblesdejardin.com\/fr\/#website","url":"https:\/\/keramamueblesdejardin.com\/fr\/","name":"Kerama","description":"muebles de jard\u00edn","publisher":{"@id":"https:\/\/keramamueblesdejardin.com\/fr\/#organization"},"potentialAction":[{"@type":"SearchAction","target":{"@type":"EntryPoint","urlTemplate":"https:\/\/keramamueblesdejardin.com\/fr\/?s={search_term_string}"},"query-input":{"@type":"PropertyValueSpecification","valueRequired":true,"valueName":"search_term_string"}}],"inLanguage":"fr-FR"},{"@type":"Organization","@id":"https:\/\/keramamueblesdejardin.com\/fr\/#organization","name":"kerama","url":"https:\/\/keramamueblesdejardin.com\/fr\/","logo":{"@type":"ImageObject","inLanguage":"fr-FR","@id":"https:\/\/keramamueblesdejardin.com\/fr\/#\/schema\/logo\/image\/","url":"https:\/\/keramamueblesdejardin.com\/wp-content\/uploads\/2020\/12\/k.-scaled.jpg","contentUrl":"https:\/\/keramamueblesdejardin.com\/wp-content\/uploads\/2020\/12\/k.-scaled.jpg","width":2560,"height":551,"caption":"kerama"},"image":{"@id":"https:\/\/keramamueblesdejardin.com\/fr\/#\/schema\/logo\/image\/"},"sameAs":["https:\/\/www.facebook.com\/Kerama-Muebles-de-Jard\u00edn-106209328312568\/"]}]}},"df_price":339,"df_sale_price":339,"df_regular_price":423,"df_image_link":"https:\/\/keramamueblesdejardin.com\/wp-content\/uploads\/2022\/09\/a58-300x300.jpg","custom_tabs":[{"title":"MESURES","id":"mesures","content":"<div class=\"list\"><strong>Hauteur: <\/strong>68cm<\/div>\n<div class=\"list\"><strong>Largeur: <\/strong>140cm<\/div>\n<div class=\"list\"><strong>Profondeur: <\/strong>80cm<\/div>"},{"title":"D\u00c9BALLAGE ET MONTAGE","id":"deballage-et-montage","content":"<div class=\"list\"><strong style=\"font-weight: bold; color: #282828;\">Recommandations pour le d\u00e9ballage :<\/strong><span style=\"color: #282828;\"> N'utilisez pas d'outils tranchants lors du d\u00e9ballage du meuble, car cela pourrait l'endommager.<\/span><br style=\"color: #282828;\"><strong style=\"font-weight: bold; color: #282828;\">Montage requis (O\/N) :<\/strong><span style=\"color: #282828;\"> Oui<\/span><br style=\"color: #282828;\"><strong style=\"font-weight: bold; color: #282828;\">Difficult\u00e9 de montage :<\/strong><span style=\"color: #282828;\"> Moyen<\/span><br style=\"color: #282828;\"><strong style=\"font-weight: bold; color: #282828;\">Temps de montage :<\/strong><span style=\"color: #282828;\"> 30 minutes<\/span><br style=\"color: #282828;\"><strong style=\"font-weight: bold; color: #282828;\">Personnes recommand\u00e9es pour le montage :<\/strong><span style=\"color: #282828;\"> 2<\/span><br style=\"color: #282828;\"><strong style=\"font-weight: bold; color: #282828;\">Suggestions de montage :<\/strong><span style=\"color: #282828;\">  Pr\u00e9parez une zone de montage propre et s\u00e8che, v\u00e9rifiez qu'aucune des pi\u00e8ces \u00e9num\u00e9r\u00e9es dans le manuel ne manque. Nous recommandons l'utilisation de gants appropri\u00e9s pour le montage. N'utilisez que les pi\u00e8ces et les raccords fournis. Nous ne recommandons PAS l'option d'achat avec montage pour cet article car la difficult\u00e9 de montage est tr\u00e8s faible.<\/span><\/div>"},{"title":"ENTRETIEN ET GARANTIES","id":"entretien-et-garanties","content":"<div class=\"moz-signature\">\n<div class=\"list\"><strong>Recommandations g\u00e9n\u00e9rales :<\/strong>\n- Les d\u00e9faillances ou les dommages caus\u00e9s par les \u00e9l\u00e9ments suivants sont exclus de la garantie :\n- Les causes accidentelles telles que chutes, coups, d\u00e9versement de liquides, introduction de corps \u00e9trangers, ainsi que toute autre force majeure.\n- Utilisation n\u00e9gligente, inappropri\u00e9e ou non domestique.\n- Dommages, corrosion et\/ou oxydation acc\u00e9l\u00e9r\u00e9s par des conditions environnementales d\u00e9favorables.\n- Taches et d\u00e9coloration dues au non-respect de nos instructions de nettoyage.\n- Dommages survenus lors du montage et de la manipulation sans respecter les instructions de montage.\n<strong>Instructions d'utilisation et d'entretien :<\/strong>\n- Essuyez doucement avec un chiffon ou utilisez un savon liquide neutre, puis rincez abondamment \u00e0 l'eau.\n- Enlevez r\u00e9guli\u00e8rement la poussi\u00e8re avec un chiffon doux et de l'eau claire.\n- N'utilisez pas de d\u00e9tergents ou de produits abrasifs pour le nettoyage.\n<strong>Ann\u00e9es de garantie :<\/strong> 3 ans\n<strong>Fabriqu\u00e9 conform\u00e9ment \u00e0 la norme :<\/strong> 581-1,581-2,581-3<\/div>\n<\/div>"}],"_links":{"self":[{"href":"https:\/\/keramamueblesdejardin.com\/fr\/wp-json\/wp\/v2\/product\/78085","targetHints":{"allow":["GET"]}}],"collection":[{"href":"https:\/\/keramamueblesdejardin.com\/fr\/wp-json\/wp\/v2\/product"}],"about":[{"href":"https:\/\/keramamueblesdejardin.com\/fr\/wp-json\/wp\/v2\/types\/product"}],"replies":[{"embeddable":true,"href":"https:\/\/keramamueblesdejardin.com\/fr\/wp-json\/wp\/v2\/comments?post=78085"}],"wp:featuredmedia":[{"embeddable":true,"href":"https:\/\/keramamueblesdejardin.com\/fr\/wp-json\/wp\/v2\/media\/62670"}],"wp:attachment":[{"href":"https:\/\/keramamueblesdejardin.com\/fr\/wp-json\/wp\/v2\/media?parent=78085"}],"wp:term":[{"taxonomy":"product_brand","embeddable":true,"href":"https:\/\/keramamueblesdejardin.com\/fr\/wp-json\/wp\/v2\/product_brand?post=78085"},{"taxonomy":"product_cat","embeddable":true,"href":"https:\/\/keramamueblesdejardin.com\/fr\/wp-json\/wp\/v2\/product_cat?post=78085"},{"taxonomy":"product_tag","embeddable":true,"href":"https:\/\/keramamueblesdejardin.com\/fr\/wp-json\/wp\/v2\/product_tag?post=78085"}],"curies":[{"name":"wp","href":"https:\/\/api.w.org\/{rel}","templated":true}]}}