{"id":78046,"date":"2022-08-30T12:42:07","date_gmt":"2022-08-30T10:42:07","guid":{"rendered":"https:\/\/keramamueblesdejardin.com\/non%20class\u00e9\/pack-parasol-suspendu-structure-carree-anthracite-tissu-gris-clair-25x25m-bases-housse-impermeable-milan\/"},"modified":"2023-08-30T10:07:49","modified_gmt":"2023-08-30T08:07:49","slug":"pack-parasol-suspendu-structure-carree-anthracite-tissu-gris-lumiere-25x25m-bases-couverture-impermeable-milan","status":"publish","type":"product","link":"https:\/\/keramamueblesdejardin.com\/fr\/parasols-et-pergolas\/pare-soleil\/pack-parasol-suspendu-structure-carree-anthracite-tissu-gris-lumiere-25x25m-bases-couverture-impermeable-milan\/","title":{"rendered":"Pack parasol suspendu structure carr\u00e9e anthracite tissu gris clair 2,5&#215;2,5m + bases + housse imperm\u00e9able &#8211; Milan"},"content":{"rendered":"","protected":false},"excerpt":{"rendered":"<ul>\n<li>Structure anthracite et tissu gris clair<\/li>\n<li>Comprend 4 bases de 25 kg<\/li>\n<li>Comprend un \u00e9tui de protection \u00e9tanche<\/li>\n<li>Mesure 2,5&#215;2,5m r\u00e9glable \u00e0 360\u00ba<\/li>\n<\/ul>\n","protected":false},"featured_media":61021,"comment_status":"closed","ping_status":"open","template":"","meta":{"_acf_changed":false},"product_brand":[],"product_cat":[569,570],"product_tag":[],"class_list":{"0":"post-78046","1":"product","2":"type-product","3":"status-publish","4":"has-post-thumbnail","6":"product_cat-parasols-et-pergolas","7":"product_cat-pare-soleil","8":"product_shipping_class-envio-gratuito-fr","9":"pa_forma-carre","10":"pa_material-aluminio-fr","11":"pa_material-poliester-fr","13":"first","14":"instock","15":"sale","16":"purchasable","17":"product-type-simple","18":"add-to-wishlist-before_image"},"acf":[],"yoast_head":"<!-- This site is optimized with the Yoast SEO plugin v27.2 - https:\/\/yoast.com\/product\/yoast-seo-wordpress\/ -->\n<title>Pack parasol suspendu structure carr\u00e9e anthracite tissu gris clair 2,5x2,5m + bases + housse imperm\u00e9able - Milan - Kerama<\/title>\n<meta name=\"robots\" content=\"index, follow, max-snippet:-1, max-image-preview:large, max-video-preview:-1\" \/>\n<link rel=\"canonical\" href=\"https:\/\/keramamueblesdejardin.com\/fr\/parasols-et-pergolas\/pare-soleil\/pack-parasol-suspendu-structure-carree-anthracite-tissu-gris-lumiere-25x25m-bases-couverture-impermeable-milan\/\" \/>\n<meta property=\"og:locale\" content=\"fr_FR\" \/>\n<meta property=\"og:type\" content=\"article\" \/>\n<meta property=\"og:title\" content=\"Pack parasol suspendu structure carr\u00e9e anthracite tissu gris clair 2,5x2,5m + bases + housse imperm\u00e9able - Milan - Kerama\" \/>\n<meta property=\"og:description\" content=\"Structure anthracite et tissu gris clair  Comprend 4 bases de 25 kg  Comprend un \u00e9tui de protection \u00e9tanche  Mesure 2,5x2,5m r\u00e9glable \u00e0 360\u00ba\" \/>\n<meta property=\"og:url\" content=\"https:\/\/keramamueblesdejardin.com\/fr\/parasols-et-pergolas\/pare-soleil\/pack-parasol-suspendu-structure-carree-anthracite-tissu-gris-lumiere-25x25m-bases-couverture-impermeable-milan\/\" \/>\n<meta property=\"og:site_name\" content=\"Kerama\" \/>\n<meta property=\"article:publisher\" content=\"https:\/\/www.facebook.com\/Kerama-Muebles-de-Jard%c3%adn-106209328312568\/\" \/>\n<meta property=\"article:modified_time\" content=\"2023-08-30T08:07:49+00:00\" \/>\n<meta property=\"og:image\" content=\"https:\/\/keramamueblesdejardin.com\/wp-content\/uploads\/2022\/08\/Parasol-excentrico-estructura-antracita-tejido-gris-claro-25\u00d725m.jpg\" \/>\n\t<meta property=\"og:image:width\" content=\"2560\" \/>\n\t<meta property=\"og:image:height\" content=\"1707\" \/>\n\t<meta property=\"og:image:type\" content=\"image\/jpeg\" \/>\n<meta name=\"twitter:card\" content=\"summary_large_image\" \/>\n<script type=\"application\/ld+json\" class=\"yoast-schema-graph\">{\"@context\":\"https:\/\/schema.org\",\"@graph\":[{\"@type\":\"WebPage\",\"@id\":\"https:\/\/keramamueblesdejardin.com\/fr\/parasols-et-pergolas\/pare-soleil\/pack-parasol-suspendu-structure-carree-anthracite-tissu-gris-lumiere-25x25m-bases-couverture-impermeable-milan\/\",\"url\":\"https:\/\/keramamueblesdejardin.com\/fr\/parasols-et-pergolas\/pare-soleil\/pack-parasol-suspendu-structure-carree-anthracite-tissu-gris-lumiere-25x25m-bases-couverture-impermeable-milan\/\",\"name\":\"Pack parasol suspendu structure carr\u00e9e anthracite tissu gris clair 2,5x2,5m + bases + housse imperm\u00e9able - Milan - Kerama\",\"isPartOf\":{\"@id\":\"https:\/\/keramamueblesdejardin.com\/fr\/#website\"},\"primaryImageOfPage\":{\"@id\":\"https:\/\/keramamueblesdejardin.com\/fr\/parasols-et-pergolas\/pare-soleil\/pack-parasol-suspendu-structure-carree-anthracite-tissu-gris-lumiere-25x25m-bases-couverture-impermeable-milan\/#primaryimage\"},\"image\":{\"@id\":\"https:\/\/keramamueblesdejardin.com\/fr\/parasols-et-pergolas\/pare-soleil\/pack-parasol-suspendu-structure-carree-anthracite-tissu-gris-lumiere-25x25m-bases-couverture-impermeable-milan\/#primaryimage\"},\"thumbnailUrl\":\"https:\/\/keramamueblesdejardin.com\/wp-content\/uploads\/2022\/08\/Parasol-excentrico-estructura-antracita-tejido-gris-claro-25\u00d725m.jpg\",\"datePublished\":\"2022-08-30T10:42:07+00:00\",\"dateModified\":\"2023-08-30T08:07:49+00:00\",\"breadcrumb\":{\"@id\":\"https:\/\/keramamueblesdejardin.com\/fr\/parasols-et-pergolas\/pare-soleil\/pack-parasol-suspendu-structure-carree-anthracite-tissu-gris-lumiere-25x25m-bases-couverture-impermeable-milan\/#breadcrumb\"},\"inLanguage\":\"fr-FR\",\"potentialAction\":[{\"@type\":\"ReadAction\",\"target\":[\"https:\/\/keramamueblesdejardin.com\/fr\/parasols-et-pergolas\/pare-soleil\/pack-parasol-suspendu-structure-carree-anthracite-tissu-gris-lumiere-25x25m-bases-couverture-impermeable-milan\/\"]}]},{\"@type\":\"ImageObject\",\"inLanguage\":\"fr-FR\",\"@id\":\"https:\/\/keramamueblesdejardin.com\/fr\/parasols-et-pergolas\/pare-soleil\/pack-parasol-suspendu-structure-carree-anthracite-tissu-gris-lumiere-25x25m-bases-couverture-impermeable-milan\/#primaryimage\",\"url\":\"https:\/\/keramamueblesdejardin.com\/wp-content\/uploads\/2022\/08\/Parasol-excentrico-estructura-antracita-tejido-gris-claro-25\u00d725m.jpg\",\"contentUrl\":\"https:\/\/keramamueblesdejardin.com\/wp-content\/uploads\/2022\/08\/Parasol-excentrico-estructura-antracita-tejido-gris-claro-25\u00d725m.jpg\",\"width\":2560,\"height\":1707},{\"@type\":\"BreadcrumbList\",\"@id\":\"https:\/\/keramamueblesdejardin.com\/fr\/parasols-et-pergolas\/pare-soleil\/pack-parasol-suspendu-structure-carree-anthracite-tissu-gris-lumiere-25x25m-bases-couverture-impermeable-milan\/#breadcrumb\",\"itemListElement\":[{\"@type\":\"ListItem\",\"position\":1,\"name\":\"Home\",\"item\":\"https:\/\/keramamueblesdejardin.com\/fr\/\"},{\"@type\":\"ListItem\",\"position\":2,\"name\":\"Boutique\",\"item\":\"https:\/\/keramamueblesdejardin.com\/tienda\/\"},{\"@type\":\"ListItem\",\"position\":3,\"name\":\"Parasols et pergolas\",\"item\":\"https:\/\/keramamueblesdejardin.com\/fr\/parasols-et-pergolas\/\"},{\"@type\":\"ListItem\",\"position\":4,\"name\":\"Pare-soleil\",\"item\":\"https:\/\/keramamueblesdejardin.com\/fr\/parasols-et-pergolas\/pare-soleil\/\"},{\"@type\":\"ListItem\",\"position\":5,\"name\":\"Pack parasol suspendu structure carr\u00e9e anthracite tissu gris clair 2,5&#215;2,5m + bases + housse imperm\u00e9able &#8211; Milan\"}]},{\"@type\":\"WebSite\",\"@id\":\"https:\/\/keramamueblesdejardin.com\/fr\/#website\",\"url\":\"https:\/\/keramamueblesdejardin.com\/fr\/\",\"name\":\"Kerama\",\"description\":\"muebles de jard\u00edn\",\"publisher\":{\"@id\":\"https:\/\/keramamueblesdejardin.com\/fr\/#organization\"},\"potentialAction\":[{\"@type\":\"SearchAction\",\"target\":{\"@type\":\"EntryPoint\",\"urlTemplate\":\"https:\/\/keramamueblesdejardin.com\/fr\/?s={search_term_string}\"},\"query-input\":{\"@type\":\"PropertyValueSpecification\",\"valueRequired\":true,\"valueName\":\"search_term_string\"}}],\"inLanguage\":\"fr-FR\"},{\"@type\":\"Organization\",\"@id\":\"https:\/\/keramamueblesdejardin.com\/fr\/#organization\",\"name\":\"kerama\",\"url\":\"https:\/\/keramamueblesdejardin.com\/fr\/\",\"logo\":{\"@type\":\"ImageObject\",\"inLanguage\":\"fr-FR\",\"@id\":\"https:\/\/keramamueblesdejardin.com\/fr\/#\/schema\/logo\/image\/\",\"url\":\"https:\/\/keramamueblesdejardin.com\/wp-content\/uploads\/2020\/12\/k.-scaled.jpg\",\"contentUrl\":\"https:\/\/keramamueblesdejardin.com\/wp-content\/uploads\/2020\/12\/k.-scaled.jpg\",\"width\":2560,\"height\":551,\"caption\":\"kerama\"},\"image\":{\"@id\":\"https:\/\/keramamueblesdejardin.com\/fr\/#\/schema\/logo\/image\/\"},\"sameAs\":[\"https:\/\/www.facebook.com\/Kerama-Muebles-de-Jard\u00edn-106209328312568\/\"]}]}<\/script>\n<!-- \/ Yoast SEO plugin. -->","yoast_head_json":{"title":"Pack parasol suspendu structure carr\u00e9e anthracite tissu gris clair 2,5x2,5m + bases + housse imperm\u00e9able - Milan - Kerama","robots":{"index":"index","follow":"follow","max-snippet":"max-snippet:-1","max-image-preview":"max-image-preview:large","max-video-preview":"max-video-preview:-1"},"canonical":"https:\/\/keramamueblesdejardin.com\/fr\/parasols-et-pergolas\/pare-soleil\/pack-parasol-suspendu-structure-carree-anthracite-tissu-gris-lumiere-25x25m-bases-couverture-impermeable-milan\/","og_locale":"fr_FR","og_type":"article","og_title":"Pack parasol suspendu structure carr\u00e9e anthracite tissu gris clair 2,5x2,5m + bases + housse imperm\u00e9able - Milan - Kerama","og_description":"Structure anthracite et tissu gris clair  Comprend 4 bases de 25 kg  Comprend un \u00e9tui de protection \u00e9tanche  Mesure 2,5x2,5m r\u00e9glable \u00e0 360\u00ba","og_url":"https:\/\/keramamueblesdejardin.com\/fr\/parasols-et-pergolas\/pare-soleil\/pack-parasol-suspendu-structure-carree-anthracite-tissu-gris-lumiere-25x25m-bases-couverture-impermeable-milan\/","og_site_name":"Kerama","article_publisher":"https:\/\/www.facebook.com\/Kerama-Muebles-de-Jard%c3%adn-106209328312568\/","article_modified_time":"2023-08-30T08:07:49+00:00","og_image":[{"width":2560,"height":1707,"url":"https:\/\/keramamueblesdejardin.com\/wp-content\/uploads\/2022\/08\/Parasol-excentrico-estructura-antracita-tejido-gris-claro-25\u00d725m.jpg","type":"image\/jpeg"}],"twitter_card":"summary_large_image","schema":{"@context":"https:\/\/schema.org","@graph":[{"@type":"WebPage","@id":"https:\/\/keramamueblesdejardin.com\/fr\/parasols-et-pergolas\/pare-soleil\/pack-parasol-suspendu-structure-carree-anthracite-tissu-gris-lumiere-25x25m-bases-couverture-impermeable-milan\/","url":"https:\/\/keramamueblesdejardin.com\/fr\/parasols-et-pergolas\/pare-soleil\/pack-parasol-suspendu-structure-carree-anthracite-tissu-gris-lumiere-25x25m-bases-couverture-impermeable-milan\/","name":"Pack parasol suspendu structure carr\u00e9e anthracite tissu gris clair 2,5x2,5m + bases + housse imperm\u00e9able - Milan - Kerama","isPartOf":{"@id":"https:\/\/keramamueblesdejardin.com\/fr\/#website"},"primaryImageOfPage":{"@id":"https:\/\/keramamueblesdejardin.com\/fr\/parasols-et-pergolas\/pare-soleil\/pack-parasol-suspendu-structure-carree-anthracite-tissu-gris-lumiere-25x25m-bases-couverture-impermeable-milan\/#primaryimage"},"image":{"@id":"https:\/\/keramamueblesdejardin.com\/fr\/parasols-et-pergolas\/pare-soleil\/pack-parasol-suspendu-structure-carree-anthracite-tissu-gris-lumiere-25x25m-bases-couverture-impermeable-milan\/#primaryimage"},"thumbnailUrl":"https:\/\/keramamueblesdejardin.com\/wp-content\/uploads\/2022\/08\/Parasol-excentrico-estructura-antracita-tejido-gris-claro-25\u00d725m.jpg","datePublished":"2022-08-30T10:42:07+00:00","dateModified":"2023-08-30T08:07:49+00:00","breadcrumb":{"@id":"https:\/\/keramamueblesdejardin.com\/fr\/parasols-et-pergolas\/pare-soleil\/pack-parasol-suspendu-structure-carree-anthracite-tissu-gris-lumiere-25x25m-bases-couverture-impermeable-milan\/#breadcrumb"},"inLanguage":"fr-FR","potentialAction":[{"@type":"ReadAction","target":["https:\/\/keramamueblesdejardin.com\/fr\/parasols-et-pergolas\/pare-soleil\/pack-parasol-suspendu-structure-carree-anthracite-tissu-gris-lumiere-25x25m-bases-couverture-impermeable-milan\/"]}]},{"@type":"ImageObject","inLanguage":"fr-FR","@id":"https:\/\/keramamueblesdejardin.com\/fr\/parasols-et-pergolas\/pare-soleil\/pack-parasol-suspendu-structure-carree-anthracite-tissu-gris-lumiere-25x25m-bases-couverture-impermeable-milan\/#primaryimage","url":"https:\/\/keramamueblesdejardin.com\/wp-content\/uploads\/2022\/08\/Parasol-excentrico-estructura-antracita-tejido-gris-claro-25\u00d725m.jpg","contentUrl":"https:\/\/keramamueblesdejardin.com\/wp-content\/uploads\/2022\/08\/Parasol-excentrico-estructura-antracita-tejido-gris-claro-25\u00d725m.jpg","width":2560,"height":1707},{"@type":"BreadcrumbList","@id":"https:\/\/keramamueblesdejardin.com\/fr\/parasols-et-pergolas\/pare-soleil\/pack-parasol-suspendu-structure-carree-anthracite-tissu-gris-lumiere-25x25m-bases-couverture-impermeable-milan\/#breadcrumb","itemListElement":[{"@type":"ListItem","position":1,"name":"Home","item":"https:\/\/keramamueblesdejardin.com\/fr\/"},{"@type":"ListItem","position":2,"name":"Boutique","item":"https:\/\/keramamueblesdejardin.com\/tienda\/"},{"@type":"ListItem","position":3,"name":"Parasols et pergolas","item":"https:\/\/keramamueblesdejardin.com\/fr\/parasols-et-pergolas\/"},{"@type":"ListItem","position":4,"name":"Pare-soleil","item":"https:\/\/keramamueblesdejardin.com\/fr\/parasols-et-pergolas\/pare-soleil\/"},{"@type":"ListItem","position":5,"name":"Pack parasol suspendu structure carr\u00e9e anthracite tissu gris clair 2,5&#215;2,5m + bases + housse imperm\u00e9able &#8211; Milan"}]},{"@type":"WebSite","@id":"https:\/\/keramamueblesdejardin.com\/fr\/#website","url":"https:\/\/keramamueblesdejardin.com\/fr\/","name":"Kerama","description":"muebles de jard\u00edn","publisher":{"@id":"https:\/\/keramamueblesdejardin.com\/fr\/#organization"},"potentialAction":[{"@type":"SearchAction","target":{"@type":"EntryPoint","urlTemplate":"https:\/\/keramamueblesdejardin.com\/fr\/?s={search_term_string}"},"query-input":{"@type":"PropertyValueSpecification","valueRequired":true,"valueName":"search_term_string"}}],"inLanguage":"fr-FR"},{"@type":"Organization","@id":"https:\/\/keramamueblesdejardin.com\/fr\/#organization","name":"kerama","url":"https:\/\/keramamueblesdejardin.com\/fr\/","logo":{"@type":"ImageObject","inLanguage":"fr-FR","@id":"https:\/\/keramamueblesdejardin.com\/fr\/#\/schema\/logo\/image\/","url":"https:\/\/keramamueblesdejardin.com\/wp-content\/uploads\/2020\/12\/k.-scaled.jpg","contentUrl":"https:\/\/keramamueblesdejardin.com\/wp-content\/uploads\/2020\/12\/k.-scaled.jpg","width":2560,"height":551,"caption":"kerama"},"image":{"@id":"https:\/\/keramamueblesdejardin.com\/fr\/#\/schema\/logo\/image\/"},"sameAs":["https:\/\/www.facebook.com\/Kerama-Muebles-de-Jard\u00edn-106209328312568\/"]}]}},"df_price":629,"df_sale_price":629,"df_regular_price":766,"df_image_link":"https:\/\/keramamueblesdejardin.com\/wp-content\/uploads\/2022\/08\/Parasol-excentrico-estructura-antracita-tejido-gris-claro-25\u00d725m-300x200.jpg","custom_tabs":"","_links":{"self":[{"href":"https:\/\/keramamueblesdejardin.com\/fr\/wp-json\/wp\/v2\/product\/78046","targetHints":{"allow":["GET"]}}],"collection":[{"href":"https:\/\/keramamueblesdejardin.com\/fr\/wp-json\/wp\/v2\/product"}],"about":[{"href":"https:\/\/keramamueblesdejardin.com\/fr\/wp-json\/wp\/v2\/types\/product"}],"replies":[{"embeddable":true,"href":"https:\/\/keramamueblesdejardin.com\/fr\/wp-json\/wp\/v2\/comments?post=78046"}],"wp:featuredmedia":[{"embeddable":true,"href":"https:\/\/keramamueblesdejardin.com\/fr\/wp-json\/wp\/v2\/media\/61021"}],"wp:attachment":[{"href":"https:\/\/keramamueblesdejardin.com\/fr\/wp-json\/wp\/v2\/media?parent=78046"}],"wp:term":[{"taxonomy":"product_brand","embeddable":true,"href":"https:\/\/keramamueblesdejardin.com\/fr\/wp-json\/wp\/v2\/product_brand?post=78046"},{"taxonomy":"product_cat","embeddable":true,"href":"https:\/\/keramamueblesdejardin.com\/fr\/wp-json\/wp\/v2\/product_cat?post=78046"},{"taxonomy":"product_tag","embeddable":true,"href":"https:\/\/keramamueblesdejardin.com\/fr\/wp-json\/wp\/v2\/product_tag?post=78046"}],"curies":[{"name":"wp","href":"https:\/\/api.w.org\/{rel}","templated":true}]}}