{"id":77993,"date":"2022-09-13T15:23:46","date_gmt":"2022-09-13T13:23:46","guid":{"rendered":"https:\/\/keramamueblesdejardin.com\/non%20class\u00e9\/pack-8-chaises-de-jardin-empilables-en-rotin-synthetique-beige-marron-avec-coussins-beiges-bologne\/"},"modified":"2023-08-30T10:31:46","modified_gmt":"2023-08-30T08:31:46","slug":"pack-8-chaises-jardin-empilable-rotin-synthetique-beige-brun-avec-coussins-couleur-beige-bologne","status":"publish","type":"product","link":"https:\/\/keramamueblesdejardin.com\/fr\/diner-en-plein-air\/chaises-de-jardin\/pack-8-chaises-jardin-empilable-rotin-synthetique-beige-brun-avec-coussins-couleur-beige-bologne\/","title":{"rendered":"Pack 8 Chaises de jardin empilables en rotin synth\u00e9tique beige marron avec coussins beiges &#8211; Bologne"},"content":{"rendered":"<p>Chaise de salle \u00e0 manger empilable en structure en aluminium et rotin synth\u00e9tique tress\u00e9 \u00e0 la main en brun beige fonc\u00e9 et coussins en polyester de 230g. Le coussin d\u2019assise est en polyester beige et amovible. Le remplissage de la base est en mousse 22D et 5cm d\u2019\u00e9paisseur. Mesures: 62x65x86cm. Vous pouvez le combiner avec les diff\u00e9rents \u00e9l\u00e9ments de la famille Bolonia pour compl\u00e9ter votre terrasse ou votre jardin.<\/p>\n","protected":false},"excerpt":{"rendered":"<ul>\n<li>Pack de 8 chaises de salle \u00e0 manger empilables avec structure en aluminium et rotin synth\u00e9tique tress\u00e9 brun beige fonc\u00e9.<\/li>\n<li>Coussins beiges avec housses amovibles<\/li>\n<li>Mesures: 62x65x86cm<\/li>\n<li>Vous pouvez le combiner avec les diff\u00e9rents \u00e9l\u00e9ments de la famille Bologna.<\/li>\n<\/ul>\n","protected":false},"featured_media":75606,"comment_status":"closed","ping_status":"open","template":"","meta":{"_acf_changed":false},"product_brand":[],"product_cat":[593,578],"product_tag":[828,567,628],"class_list":{"0":"post-77993","1":"product","2":"type-product","3":"status-publish","4":"has-post-thumbnail","6":"product_cat-chaises-de-jardin","7":"product_cat-diner-en-plein-air","8":"product_tag-bologne","9":"product_tag-grands-espaces","10":"product_tag-rotin","11":"product_shipping_class-envio-gratuito-fr","12":"pa_asientos-8-fr","13":"pa_caracteristicas-housses-lavables","14":"pa_coleccion-bolonia-fr","15":"pa_material-ratan-fr","17":"first","18":"instock","19":"sale","20":"purchasable","21":"product-type-simple","22":"add-to-wishlist-before_image"},"acf":[],"yoast_head":"<!-- This site is optimized with the Yoast SEO plugin v27.2 - https:\/\/yoast.com\/product\/yoast-seo-wordpress\/ -->\n<title>Pack 8 Chaises de jardin empilables en rotin synth\u00e9tique beige marron avec coussins beiges - Bologne - Kerama<\/title>\n<meta name=\"robots\" content=\"index, follow, max-snippet:-1, max-image-preview:large, max-video-preview:-1\" \/>\n<link rel=\"canonical\" href=\"https:\/\/keramamueblesdejardin.com\/fr\/diner-en-plein-air\/chaises-de-jardin\/pack-8-chaises-jardin-empilable-rotin-synthetique-beige-brun-avec-coussins-couleur-beige-bologne\/\" \/>\n<meta property=\"og:locale\" content=\"fr_FR\" \/>\n<meta property=\"og:type\" content=\"article\" \/>\n<meta property=\"og:title\" content=\"Pack 8 Chaises de jardin empilables en rotin synth\u00e9tique beige marron avec coussins beiges - Bologne - Kerama\" \/>\n<meta property=\"og:description\" content=\"Pack de 8 chaises de salle \u00e0 manger empilables avec structure en aluminium et rotin synth\u00e9tique tress\u00e9 brun beige fonc\u00e9.  Coussins beiges avec housses amovibles  Mesures: 62x65x86cm  Vous pouvez le combiner avec les diff\u00e9rents \u00e9l\u00e9ments de la famille Bologna.\" \/>\n<meta property=\"og:url\" content=\"https:\/\/keramamueblesdejardin.com\/fr\/diner-en-plein-air\/chaises-de-jardin\/pack-8-chaises-jardin-empilable-rotin-synthetique-beige-brun-avec-coussins-couleur-beige-bologne\/\" \/>\n<meta property=\"og:site_name\" content=\"Kerama\" \/>\n<meta property=\"article:publisher\" content=\"https:\/\/www.facebook.com\/Kerama-Muebles-de-Jard%c3%adn-106209328312568\/\" \/>\n<meta property=\"article:modified_time\" content=\"2023-08-30T08:31:46+00:00\" \/>\n<meta property=\"og:image\" content=\"https:\/\/keramamueblesdejardin.com\/wp-content\/uploads\/2022\/09\/osaka-antra-x8-e1697018351520.jpg\" \/>\n\t<meta property=\"og:image:width\" content=\"1200\" \/>\n\t<meta property=\"og:image:height\" content=\"1200\" \/>\n\t<meta property=\"og:image:type\" content=\"image\/jpeg\" \/>\n<meta name=\"twitter:card\" content=\"summary_large_image\" \/>\n<script type=\"application\/ld+json\" class=\"yoast-schema-graph\">{\"@context\":\"https:\/\/schema.org\",\"@graph\":[{\"@type\":\"WebPage\",\"@id\":\"https:\/\/keramamueblesdejardin.com\/fr\/diner-en-plein-air\/chaises-de-jardin\/pack-8-chaises-jardin-empilable-rotin-synthetique-beige-brun-avec-coussins-couleur-beige-bologne\/\",\"url\":\"https:\/\/keramamueblesdejardin.com\/fr\/diner-en-plein-air\/chaises-de-jardin\/pack-8-chaises-jardin-empilable-rotin-synthetique-beige-brun-avec-coussins-couleur-beige-bologne\/\",\"name\":\"Pack 8 Chaises de jardin empilables en rotin synth\u00e9tique beige marron avec coussins beiges - Bologne - Kerama\",\"isPartOf\":{\"@id\":\"https:\/\/keramamueblesdejardin.com\/fr\/#website\"},\"primaryImageOfPage\":{\"@id\":\"https:\/\/keramamueblesdejardin.com\/fr\/diner-en-plein-air\/chaises-de-jardin\/pack-8-chaises-jardin-empilable-rotin-synthetique-beige-brun-avec-coussins-couleur-beige-bologne\/#primaryimage\"},\"image\":{\"@id\":\"https:\/\/keramamueblesdejardin.com\/fr\/diner-en-plein-air\/chaises-de-jardin\/pack-8-chaises-jardin-empilable-rotin-synthetique-beige-brun-avec-coussins-couleur-beige-bologne\/#primaryimage\"},\"thumbnailUrl\":\"https:\/\/keramamueblesdejardin.com\/wp-content\/uploads\/2022\/09\/osaka-antra-x8-e1697018351520.jpg\",\"datePublished\":\"2022-09-13T13:23:46+00:00\",\"dateModified\":\"2023-08-30T08:31:46+00:00\",\"breadcrumb\":{\"@id\":\"https:\/\/keramamueblesdejardin.com\/fr\/diner-en-plein-air\/chaises-de-jardin\/pack-8-chaises-jardin-empilable-rotin-synthetique-beige-brun-avec-coussins-couleur-beige-bologne\/#breadcrumb\"},\"inLanguage\":\"fr-FR\",\"potentialAction\":[{\"@type\":\"ReadAction\",\"target\":[\"https:\/\/keramamueblesdejardin.com\/fr\/diner-en-plein-air\/chaises-de-jardin\/pack-8-chaises-jardin-empilable-rotin-synthetique-beige-brun-avec-coussins-couleur-beige-bologne\/\"]}]},{\"@type\":\"ImageObject\",\"inLanguage\":\"fr-FR\",\"@id\":\"https:\/\/keramamueblesdejardin.com\/fr\/diner-en-plein-air\/chaises-de-jardin\/pack-8-chaises-jardin-empilable-rotin-synthetique-beige-brun-avec-coussins-couleur-beige-bologne\/#primaryimage\",\"url\":\"https:\/\/keramamueblesdejardin.com\/wp-content\/uploads\/2022\/09\/osaka-antra-x8-e1697018351520.jpg\",\"contentUrl\":\"https:\/\/keramamueblesdejardin.com\/wp-content\/uploads\/2022\/09\/osaka-antra-x8-e1697018351520.jpg\",\"width\":1200,\"height\":1200},{\"@type\":\"BreadcrumbList\",\"@id\":\"https:\/\/keramamueblesdejardin.com\/fr\/diner-en-plein-air\/chaises-de-jardin\/pack-8-chaises-jardin-empilable-rotin-synthetique-beige-brun-avec-coussins-couleur-beige-bologne\/#breadcrumb\",\"itemListElement\":[{\"@type\":\"ListItem\",\"position\":1,\"name\":\"Home\",\"item\":\"https:\/\/keramamueblesdejardin.com\/fr\/\"},{\"@type\":\"ListItem\",\"position\":2,\"name\":\"Boutique\",\"item\":\"https:\/\/keramamueblesdejardin.com\/tienda\/\"},{\"@type\":\"ListItem\",\"position\":3,\"name\":\"D\u00eener en plein air\",\"item\":\"https:\/\/keramamueblesdejardin.com\/fr\/diner-en-plein-air\/\"},{\"@type\":\"ListItem\",\"position\":4,\"name\":\"Chaises de jardin\",\"item\":\"https:\/\/keramamueblesdejardin.com\/fr\/diner-en-plein-air\/chaises-de-jardin\/\"},{\"@type\":\"ListItem\",\"position\":5,\"name\":\"Pack 8 Chaises de jardin empilables en rotin synth\u00e9tique beige marron avec coussins beiges &#8211; Bologne\"}]},{\"@type\":\"WebSite\",\"@id\":\"https:\/\/keramamueblesdejardin.com\/fr\/#website\",\"url\":\"https:\/\/keramamueblesdejardin.com\/fr\/\",\"name\":\"Kerama\",\"description\":\"muebles de jard\u00edn\",\"publisher\":{\"@id\":\"https:\/\/keramamueblesdejardin.com\/fr\/#organization\"},\"potentialAction\":[{\"@type\":\"SearchAction\",\"target\":{\"@type\":\"EntryPoint\",\"urlTemplate\":\"https:\/\/keramamueblesdejardin.com\/fr\/?s={search_term_string}\"},\"query-input\":{\"@type\":\"PropertyValueSpecification\",\"valueRequired\":true,\"valueName\":\"search_term_string\"}}],\"inLanguage\":\"fr-FR\"},{\"@type\":\"Organization\",\"@id\":\"https:\/\/keramamueblesdejardin.com\/fr\/#organization\",\"name\":\"kerama\",\"url\":\"https:\/\/keramamueblesdejardin.com\/fr\/\",\"logo\":{\"@type\":\"ImageObject\",\"inLanguage\":\"fr-FR\",\"@id\":\"https:\/\/keramamueblesdejardin.com\/fr\/#\/schema\/logo\/image\/\",\"url\":\"https:\/\/keramamueblesdejardin.com\/wp-content\/uploads\/2020\/12\/k.-scaled.jpg\",\"contentUrl\":\"https:\/\/keramamueblesdejardin.com\/wp-content\/uploads\/2020\/12\/k.-scaled.jpg\",\"width\":2560,\"height\":551,\"caption\":\"kerama\"},\"image\":{\"@id\":\"https:\/\/keramamueblesdejardin.com\/fr\/#\/schema\/logo\/image\/\"},\"sameAs\":[\"https:\/\/www.facebook.com\/Kerama-Muebles-de-Jard\u00edn-106209328312568\/\"]}]}<\/script>\n<!-- \/ Yoast SEO plugin. -->","yoast_head_json":{"title":"Pack 8 Chaises de jardin empilables en rotin synth\u00e9tique beige marron avec coussins beiges - Bologne - Kerama","robots":{"index":"index","follow":"follow","max-snippet":"max-snippet:-1","max-image-preview":"max-image-preview:large","max-video-preview":"max-video-preview:-1"},"canonical":"https:\/\/keramamueblesdejardin.com\/fr\/diner-en-plein-air\/chaises-de-jardin\/pack-8-chaises-jardin-empilable-rotin-synthetique-beige-brun-avec-coussins-couleur-beige-bologne\/","og_locale":"fr_FR","og_type":"article","og_title":"Pack 8 Chaises de jardin empilables en rotin synth\u00e9tique beige marron avec coussins beiges - Bologne - Kerama","og_description":"Pack de 8 chaises de salle \u00e0 manger empilables avec structure en aluminium et rotin synth\u00e9tique tress\u00e9 brun beige fonc\u00e9.  Coussins beiges avec housses amovibles  Mesures: 62x65x86cm  Vous pouvez le combiner avec les diff\u00e9rents \u00e9l\u00e9ments de la famille Bologna.","og_url":"https:\/\/keramamueblesdejardin.com\/fr\/diner-en-plein-air\/chaises-de-jardin\/pack-8-chaises-jardin-empilable-rotin-synthetique-beige-brun-avec-coussins-couleur-beige-bologne\/","og_site_name":"Kerama","article_publisher":"https:\/\/www.facebook.com\/Kerama-Muebles-de-Jard%c3%adn-106209328312568\/","article_modified_time":"2023-08-30T08:31:46+00:00","og_image":[{"width":1200,"height":1200,"url":"https:\/\/keramamueblesdejardin.com\/wp-content\/uploads\/2022\/09\/osaka-antra-x8-e1697018351520.jpg","type":"image\/jpeg"}],"twitter_card":"summary_large_image","schema":{"@context":"https:\/\/schema.org","@graph":[{"@type":"WebPage","@id":"https:\/\/keramamueblesdejardin.com\/fr\/diner-en-plein-air\/chaises-de-jardin\/pack-8-chaises-jardin-empilable-rotin-synthetique-beige-brun-avec-coussins-couleur-beige-bologne\/","url":"https:\/\/keramamueblesdejardin.com\/fr\/diner-en-plein-air\/chaises-de-jardin\/pack-8-chaises-jardin-empilable-rotin-synthetique-beige-brun-avec-coussins-couleur-beige-bologne\/","name":"Pack 8 Chaises de jardin empilables en rotin synth\u00e9tique beige marron avec coussins beiges - Bologne - Kerama","isPartOf":{"@id":"https:\/\/keramamueblesdejardin.com\/fr\/#website"},"primaryImageOfPage":{"@id":"https:\/\/keramamueblesdejardin.com\/fr\/diner-en-plein-air\/chaises-de-jardin\/pack-8-chaises-jardin-empilable-rotin-synthetique-beige-brun-avec-coussins-couleur-beige-bologne\/#primaryimage"},"image":{"@id":"https:\/\/keramamueblesdejardin.com\/fr\/diner-en-plein-air\/chaises-de-jardin\/pack-8-chaises-jardin-empilable-rotin-synthetique-beige-brun-avec-coussins-couleur-beige-bologne\/#primaryimage"},"thumbnailUrl":"https:\/\/keramamueblesdejardin.com\/wp-content\/uploads\/2022\/09\/osaka-antra-x8-e1697018351520.jpg","datePublished":"2022-09-13T13:23:46+00:00","dateModified":"2023-08-30T08:31:46+00:00","breadcrumb":{"@id":"https:\/\/keramamueblesdejardin.com\/fr\/diner-en-plein-air\/chaises-de-jardin\/pack-8-chaises-jardin-empilable-rotin-synthetique-beige-brun-avec-coussins-couleur-beige-bologne\/#breadcrumb"},"inLanguage":"fr-FR","potentialAction":[{"@type":"ReadAction","target":["https:\/\/keramamueblesdejardin.com\/fr\/diner-en-plein-air\/chaises-de-jardin\/pack-8-chaises-jardin-empilable-rotin-synthetique-beige-brun-avec-coussins-couleur-beige-bologne\/"]}]},{"@type":"ImageObject","inLanguage":"fr-FR","@id":"https:\/\/keramamueblesdejardin.com\/fr\/diner-en-plein-air\/chaises-de-jardin\/pack-8-chaises-jardin-empilable-rotin-synthetique-beige-brun-avec-coussins-couleur-beige-bologne\/#primaryimage","url":"https:\/\/keramamueblesdejardin.com\/wp-content\/uploads\/2022\/09\/osaka-antra-x8-e1697018351520.jpg","contentUrl":"https:\/\/keramamueblesdejardin.com\/wp-content\/uploads\/2022\/09\/osaka-antra-x8-e1697018351520.jpg","width":1200,"height":1200},{"@type":"BreadcrumbList","@id":"https:\/\/keramamueblesdejardin.com\/fr\/diner-en-plein-air\/chaises-de-jardin\/pack-8-chaises-jardin-empilable-rotin-synthetique-beige-brun-avec-coussins-couleur-beige-bologne\/#breadcrumb","itemListElement":[{"@type":"ListItem","position":1,"name":"Home","item":"https:\/\/keramamueblesdejardin.com\/fr\/"},{"@type":"ListItem","position":2,"name":"Boutique","item":"https:\/\/keramamueblesdejardin.com\/tienda\/"},{"@type":"ListItem","position":3,"name":"D\u00eener en plein air","item":"https:\/\/keramamueblesdejardin.com\/fr\/diner-en-plein-air\/"},{"@type":"ListItem","position":4,"name":"Chaises de jardin","item":"https:\/\/keramamueblesdejardin.com\/fr\/diner-en-plein-air\/chaises-de-jardin\/"},{"@type":"ListItem","position":5,"name":"Pack 8 Chaises de jardin empilables en rotin synth\u00e9tique beige marron avec coussins beiges &#8211; Bologne"}]},{"@type":"WebSite","@id":"https:\/\/keramamueblesdejardin.com\/fr\/#website","url":"https:\/\/keramamueblesdejardin.com\/fr\/","name":"Kerama","description":"muebles de jard\u00edn","publisher":{"@id":"https:\/\/keramamueblesdejardin.com\/fr\/#organization"},"potentialAction":[{"@type":"SearchAction","target":{"@type":"EntryPoint","urlTemplate":"https:\/\/keramamueblesdejardin.com\/fr\/?s={search_term_string}"},"query-input":{"@type":"PropertyValueSpecification","valueRequired":true,"valueName":"search_term_string"}}],"inLanguage":"fr-FR"},{"@type":"Organization","@id":"https:\/\/keramamueblesdejardin.com\/fr\/#organization","name":"kerama","url":"https:\/\/keramamueblesdejardin.com\/fr\/","logo":{"@type":"ImageObject","inLanguage":"fr-FR","@id":"https:\/\/keramamueblesdejardin.com\/fr\/#\/schema\/logo\/image\/","url":"https:\/\/keramamueblesdejardin.com\/wp-content\/uploads\/2020\/12\/k.-scaled.jpg","contentUrl":"https:\/\/keramamueblesdejardin.com\/wp-content\/uploads\/2020\/12\/k.-scaled.jpg","width":2560,"height":551,"caption":"kerama"},"image":{"@id":"https:\/\/keramamueblesdejardin.com\/fr\/#\/schema\/logo\/image\/"},"sameAs":["https:\/\/www.facebook.com\/Kerama-Muebles-de-Jard\u00edn-106209328312568\/"]}]}},"df_price":1389,"df_sale_price":1389,"df_regular_price":1710,"df_image_link":"https:\/\/keramamueblesdejardin.com\/wp-content\/uploads\/2022\/09\/osaka-antra-x8-300x300.jpg","custom_tabs":[{"title":"MESURES","id":"mesures","content":"<div class=\"list\">\n<div class=\"list\"><strong>Hauteur: <\/strong>86cm<\/div>\n<div class=\"list\"><strong>Largeur: <\/strong>62cm<\/div>\n<div class=\"list\"><strong>Profondeur : <\/strong>65cm<\/div>\n<div>\n<div><strong>Hauteur d\u2019assise: <\/strong>48cm<\/div>\n<div><strong>Profondeur d\u2019assise: <\/strong>50cm<\/div>\n<\/div>\n<\/div>"},{"title":"D\u00c9BALLAGE ET MONTAGE","id":"deballage-et-montage","content":"<div class=\"list\"><strong style=\"font-weight: bold; color: #282828;\">Recommandations pour le d\u00e9ballage :<\/strong><span style=\"color: #282828;\"> N'utilisez pas d'outils tranchants lors du d\u00e9ballage du meuble, car cela pourrait l'endommager.<\/span><br style=\"color: #282828;\"><strong style=\"font-weight: bold; color: #282828;\">Montage requis (O\/N) :<\/strong><span style=\"color: #282828;\"> Non<\/span><\/div>"},{"title":"ENTRETIEN ET GARANTIES","id":"entretien-et-garanties","content":"<div class=\"moz-signature\">\n<div class=\"list\"><strong>Recommandations g\u00e9n\u00e9rales :<\/strong>\n- Les d\u00e9faillances ou les dommages caus\u00e9s par les \u00e9l\u00e9ments suivants sont exclus de la garantie :\n- Les causes accidentelles telles que chutes, coups, d\u00e9versement de liquides, introduction de corps \u00e9trangers, ainsi que toute autre force majeure.\n- Utilisation n\u00e9gligente, inappropri\u00e9e ou non domestique.\n- Dommages, corrosion et\/ou oxydation acc\u00e9l\u00e9r\u00e9s par des conditions environnementales d\u00e9favorables.\n- Taches et d\u00e9coloration dues au non-respect de nos instructions de nettoyage.\n- Dommages survenus lors du montage et de la manipulation sans respecter les instructions de montage.\n<strong>Instructions d'utilisation et d'entretien :<\/strong>\n- Essuyez doucement avec un chiffon ou utilisez un savon liquide neutre, puis rincez abondamment \u00e0 l'eau.\n- Enlevez r\u00e9guli\u00e8rement la poussi\u00e8re avec un chiffon doux et de l'eau claire.\n- N'utilisez pas de d\u00e9tergents ou de produits abrasifs pour le nettoyage.\n<strong>Ann\u00e9es de garantie :<\/strong> 3 ans\n<strong>Fabriqu\u00e9 conform\u00e9ment \u00e0 la norme :<\/strong> 581-1,581-2,581-3<\/div>\n<\/div>"}],"_links":{"self":[{"href":"https:\/\/keramamueblesdejardin.com\/fr\/wp-json\/wp\/v2\/product\/77993","targetHints":{"allow":["GET"]}}],"collection":[{"href":"https:\/\/keramamueblesdejardin.com\/fr\/wp-json\/wp\/v2\/product"}],"about":[{"href":"https:\/\/keramamueblesdejardin.com\/fr\/wp-json\/wp\/v2\/types\/product"}],"replies":[{"embeddable":true,"href":"https:\/\/keramamueblesdejardin.com\/fr\/wp-json\/wp\/v2\/comments?post=77993"}],"wp:featuredmedia":[{"embeddable":true,"href":"https:\/\/keramamueblesdejardin.com\/fr\/wp-json\/wp\/v2\/media\/75606"}],"wp:attachment":[{"href":"https:\/\/keramamueblesdejardin.com\/fr\/wp-json\/wp\/v2\/media?parent=77993"}],"wp:term":[{"taxonomy":"product_brand","embeddable":true,"href":"https:\/\/keramamueblesdejardin.com\/fr\/wp-json\/wp\/v2\/product_brand?post=77993"},{"taxonomy":"product_cat","embeddable":true,"href":"https:\/\/keramamueblesdejardin.com\/fr\/wp-json\/wp\/v2\/product_cat?post=77993"},{"taxonomy":"product_tag","embeddable":true,"href":"https:\/\/keramamueblesdejardin.com\/fr\/wp-json\/wp\/v2\/product_tag?post=77993"}],"curies":[{"name":"wp","href":"https:\/\/api.w.org\/{rel}","templated":true}]}}