{"id":64976,"date":"2021-10-14T17:44:51","date_gmt":"2021-10-14T15:44:51","guid":{"rendered":"https:\/\/keramamueblesdejardin.com\/non%20class\u00e9\/table-de-jardin-200-140x90-cm-et-6-chaises-en-aluminium-anthracite-et-textilene-rembourre-osaka\/"},"modified":"2023-09-14T08:08:35","modified_gmt":"2023-09-14T06:08:35","slug":"set-de-table-de-jardin-200-140x90-cm-et-6-chaises-aluminium-aluminium-anthracite-et-textilene-coussin-osaka","status":"publish","type":"product","link":"https:\/\/keramamueblesdejardin.com\/fr\/diner-en-plein-air\/ensemble-table-et-chaises-de-jardin\/set-de-table-de-jardin-200-140x90-cm-et-6-chaises-aluminium-aluminium-anthracite-et-textilene-coussin-osaka\/","title":{"rendered":"Table de jardin 200\/140&#215;90 cm et 6 chaises en aluminium anthracite et textil\u00e8ne rembourr\u00e9 &#8211; Osaka"},"content":{"rendered":"<p><span style=\"font-weight: 400;\">L&rsquo;<\/span><b>ensemble table et chaises pour jardin ou terrasse Osaka<\/b><span style=\"font-weight: 400;\"> est compos\u00e9 d&rsquo;une <\/span><b>table extensible en aluminium anthracite <\/b>avec des lattes en polywood imitation bois et de<b> 6 chaises empilables<\/b><span style=\"font-weight: 400;\"> de couleur anthracite, rembourr\u00e9es en textil\u00e8ne gris et avec des accoudoirs en polywood imitation bois<\/span>.<\/p>\n<p><span style=\"font-weight: 400;\">L&rsquo;ensemble est con\u00e7u pour<\/span><b> en tirer le meilleur parti<\/b><span style=\"font-weight: 400;\"> gr\u00e2ce au syst\u00e8me d&rsquo;extension de la table<\/span><b> syst\u00e8me d&rsquo;extension qui vous permet d&rsquo;\u00e9tendre la table de 140 cm \u00e0 200 cm.<\/b><span style=\"font-weight: 400;\">. Il est id\u00e9al pour  <\/span><b>profiter de la compagnie des amis et de la famille<\/b><span style=\"font-weight: 400;\"> les repas, les barbecues et les rassemblements en plein air.<\/span><\/p>\n<p><span style=\"font-weight: 400;\">Vous pouvez <\/span><b>combinez l&rsquo;ensemble avec d&rsquo;autres produits<\/b><span style=\"font-weight: 400;\"> qui font partie de la<\/span><a href=\"https:\/\/keramamueblesdejardin.com\/etiqueta\/osaka\/\" target=\"_blank\" rel=\"noopener\"> <span style=\"font-weight: 400;\">Famille Osaka<\/span><\/a><span style=\"font-weight: 400;\">.<\/span><\/p>\n<p><span style=\"font-weight: 400;\">Consultez notre<\/span><a href=\"https:\/\/keramamueblesdejardin.com\/comedores-exterior\/conjunto-mesa-y-sillas-jardin\/\" target=\"_blank\" rel=\"noopener\"> <span style=\"font-weight: 400;\">ensembles table et chaises de jardin<\/span><\/a><span style=\"font-weight: 400;\">.<\/span><\/p>\n","protected":false},"excerpt":{"rendered":"<ul>\n<li>Ensemble de jardin avec table et 6 chaises empilables Osaka<\/li>\n<li>Table \u00e0 rallonge en aluminium anthracite et lattes en polywood aspect bois<\/li>\n<li>Chaises en aluminium anthracite avec accoudoirs imitation polywood et textil\u00e8ne tapiss\u00e9 gris.<\/li>\n<li>Dimensions de la table : 140\u00d790 cm (ferm\u00e9e) 200\u00d790 cm (\u00e9tendue)<\/li>\n<\/ul>\n","protected":false},"featured_media":104816,"comment_status":"closed","ping_status":"closed","template":"","meta":{"_acf_changed":false},"product_brand":[],"product_cat":[578,579],"product_tag":[565,567,596,577],"class_list":{"0":"post-64976","1":"product","2":"type-product","3":"status-publish","4":"has-post-thumbnail","6":"product_cat-diner-en-plein-air","7":"product_cat-ensemble-table-et-chaises-de-jardin","8":"product_tag-aluminium","9":"product_tag-grands-espaces","10":"product_tag-osaka-fr","11":"product_tag-tokyo-fr","12":"product_shipping_class-envio-gratuito-fr","13":"pa_ancho-250-fr","14":"pa_asientos-6-fr","15":"pa_caracteristicas-accoudoirs","16":"pa_caracteristicas-empilable","17":"pa_caracteristicas-extensible-fr","18":"pa_caracteristicas-resistant-a-l-eau","19":"pa_coleccion-osaka-fr","20":"pa_espacio-9-fr","21":"pa_forma-rectangulaire","22":"pa_largo-360-fr","23":"pa_m2-900-fr","24":"pa_material-aluminio-fr","25":"pa_material-imitation-bois","26":"pa_material-textileno-fr","27":"pa_tamano-espacio-grand","29":"first","30":"instock","31":"sale","32":"featured","33":"purchasable","34":"product-type-simple","35":"add-to-wishlist-before_image"},"acf":[],"yoast_head":"<!-- This site is optimized with the Yoast SEO plugin v27.2 - https:\/\/yoast.com\/product\/yoast-seo-wordpress\/ -->\n<title>Table de jardin 200\/140x90 cm et 6 chaises en aluminium anthracite et textil\u00e8ne rembourr\u00e9 - Osaka - Kerama<\/title>\n<meta name=\"robots\" content=\"index, follow, max-snippet:-1, max-image-preview:large, max-video-preview:-1\" \/>\n<link rel=\"canonical\" href=\"https:\/\/keramamueblesdejardin.com\/fr\/diner-en-plein-air\/ensemble-table-et-chaises-de-jardin\/set-de-table-de-jardin-200-140x90-cm-et-6-chaises-aluminium-aluminium-anthracite-et-textilene-coussin-osaka\/\" \/>\n<meta property=\"og:locale\" content=\"fr_FR\" \/>\n<meta property=\"og:type\" content=\"article\" \/>\n<meta property=\"og:title\" content=\"Table de jardin 200\/140x90 cm et 6 chaises en aluminium anthracite et textil\u00e8ne rembourr\u00e9 - Osaka - Kerama\" \/>\n<meta property=\"og:description\" content=\"Ensemble de jardin avec table et 6 chaises empilables Osaka  Table \u00e0 rallonge en aluminium anthracite et lattes en polywood aspect bois  Chaises en aluminium anthracite avec accoudoirs imitation polywood et textil\u00e8ne tapiss\u00e9 gris.  Dimensions de la table : 140\u00d790 cm (ferm\u00e9e) 200\u00d790 cm (\u00e9tendue)\" \/>\n<meta property=\"og:url\" content=\"https:\/\/keramamueblesdejardin.com\/fr\/diner-en-plein-air\/ensemble-table-et-chaises-de-jardin\/set-de-table-de-jardin-200-140x90-cm-et-6-chaises-aluminium-aluminium-anthracite-et-textilene-coussin-osaka\/\" \/>\n<meta property=\"og:site_name\" content=\"Kerama\" \/>\n<meta property=\"article:publisher\" content=\"https:\/\/www.facebook.com\/Kerama-Muebles-de-Jard%c3%adn-106209328312568\/\" \/>\n<meta property=\"article:modified_time\" content=\"2023-09-14T06:08:35+00:00\" \/>\n<meta property=\"og:image\" content=\"https:\/\/keramamueblesdejardin.com\/wp-content\/uploads\/2021\/10\/24.jpg\" \/>\n\t<meta property=\"og:image:width\" content=\"1200\" \/>\n\t<meta property=\"og:image:height\" content=\"1200\" \/>\n\t<meta property=\"og:image:type\" content=\"image\/jpeg\" \/>\n<meta name=\"twitter:card\" content=\"summary_large_image\" \/>\n<meta name=\"twitter:label1\" content=\"Dur\u00e9e de lecture estim\u00e9e\" \/>\n\t<meta name=\"twitter:data1\" content=\"1 minute\" \/>\n<script type=\"application\/ld+json\" class=\"yoast-schema-graph\">{\"@context\":\"https:\/\/schema.org\",\"@graph\":[{\"@type\":\"WebPage\",\"@id\":\"https:\/\/keramamueblesdejardin.com\/fr\/diner-en-plein-air\/ensemble-table-et-chaises-de-jardin\/set-de-table-de-jardin-200-140x90-cm-et-6-chaises-aluminium-aluminium-anthracite-et-textilene-coussin-osaka\/\",\"url\":\"https:\/\/keramamueblesdejardin.com\/fr\/diner-en-plein-air\/ensemble-table-et-chaises-de-jardin\/set-de-table-de-jardin-200-140x90-cm-et-6-chaises-aluminium-aluminium-anthracite-et-textilene-coussin-osaka\/\",\"name\":\"Table de jardin 200\/140x90 cm et 6 chaises en aluminium anthracite et textil\u00e8ne rembourr\u00e9 - Osaka - Kerama\",\"isPartOf\":{\"@id\":\"https:\/\/keramamueblesdejardin.com\/fr\/#website\"},\"primaryImageOfPage\":{\"@id\":\"https:\/\/keramamueblesdejardin.com\/fr\/diner-en-plein-air\/ensemble-table-et-chaises-de-jardin\/set-de-table-de-jardin-200-140x90-cm-et-6-chaises-aluminium-aluminium-anthracite-et-textilene-coussin-osaka\/#primaryimage\"},\"image\":{\"@id\":\"https:\/\/keramamueblesdejardin.com\/fr\/diner-en-plein-air\/ensemble-table-et-chaises-de-jardin\/set-de-table-de-jardin-200-140x90-cm-et-6-chaises-aluminium-aluminium-anthracite-et-textilene-coussin-osaka\/#primaryimage\"},\"thumbnailUrl\":\"https:\/\/keramamueblesdejardin.com\/wp-content\/uploads\/2021\/10\/24.jpg\",\"datePublished\":\"2021-10-14T15:44:51+00:00\",\"dateModified\":\"2023-09-14T06:08:35+00:00\",\"breadcrumb\":{\"@id\":\"https:\/\/keramamueblesdejardin.com\/fr\/diner-en-plein-air\/ensemble-table-et-chaises-de-jardin\/set-de-table-de-jardin-200-140x90-cm-et-6-chaises-aluminium-aluminium-anthracite-et-textilene-coussin-osaka\/#breadcrumb\"},\"inLanguage\":\"fr-FR\",\"potentialAction\":[{\"@type\":\"ReadAction\",\"target\":[\"https:\/\/keramamueblesdejardin.com\/fr\/diner-en-plein-air\/ensemble-table-et-chaises-de-jardin\/set-de-table-de-jardin-200-140x90-cm-et-6-chaises-aluminium-aluminium-anthracite-et-textilene-coussin-osaka\/\"]}]},{\"@type\":\"ImageObject\",\"inLanguage\":\"fr-FR\",\"@id\":\"https:\/\/keramamueblesdejardin.com\/fr\/diner-en-plein-air\/ensemble-table-et-chaises-de-jardin\/set-de-table-de-jardin-200-140x90-cm-et-6-chaises-aluminium-aluminium-anthracite-et-textilene-coussin-osaka\/#primaryimage\",\"url\":\"https:\/\/keramamueblesdejardin.com\/wp-content\/uploads\/2021\/10\/24.jpg\",\"contentUrl\":\"https:\/\/keramamueblesdejardin.com\/wp-content\/uploads\/2021\/10\/24.jpg\",\"width\":1200,\"height\":1200},{\"@type\":\"BreadcrumbList\",\"@id\":\"https:\/\/keramamueblesdejardin.com\/fr\/diner-en-plein-air\/ensemble-table-et-chaises-de-jardin\/set-de-table-de-jardin-200-140x90-cm-et-6-chaises-aluminium-aluminium-anthracite-et-textilene-coussin-osaka\/#breadcrumb\",\"itemListElement\":[{\"@type\":\"ListItem\",\"position\":1,\"name\":\"Home\",\"item\":\"https:\/\/keramamueblesdejardin.com\/fr\/\"},{\"@type\":\"ListItem\",\"position\":2,\"name\":\"Boutique\",\"item\":\"https:\/\/keramamueblesdejardin.com\/tienda\/\"},{\"@type\":\"ListItem\",\"position\":3,\"name\":\"D\u00eener en plein air\",\"item\":\"https:\/\/keramamueblesdejardin.com\/fr\/diner-en-plein-air\/\"},{\"@type\":\"ListItem\",\"position\":4,\"name\":\"Ensemble table et chaises de jardin\",\"item\":\"https:\/\/keramamueblesdejardin.com\/fr\/diner-en-plein-air\/ensemble-table-et-chaises-de-jardin\/\"},{\"@type\":\"ListItem\",\"position\":5,\"name\":\"Table de jardin 200\/140&#215;90 cm et 6 chaises en aluminium anthracite et textil\u00e8ne rembourr\u00e9 &#8211; Osaka\"}]},{\"@type\":\"WebSite\",\"@id\":\"https:\/\/keramamueblesdejardin.com\/fr\/#website\",\"url\":\"https:\/\/keramamueblesdejardin.com\/fr\/\",\"name\":\"Kerama\",\"description\":\"muebles de jard\u00edn\",\"publisher\":{\"@id\":\"https:\/\/keramamueblesdejardin.com\/fr\/#organization\"},\"potentialAction\":[{\"@type\":\"SearchAction\",\"target\":{\"@type\":\"EntryPoint\",\"urlTemplate\":\"https:\/\/keramamueblesdejardin.com\/fr\/?s={search_term_string}\"},\"query-input\":{\"@type\":\"PropertyValueSpecification\",\"valueRequired\":true,\"valueName\":\"search_term_string\"}}],\"inLanguage\":\"fr-FR\"},{\"@type\":\"Organization\",\"@id\":\"https:\/\/keramamueblesdejardin.com\/fr\/#organization\",\"name\":\"kerama\",\"url\":\"https:\/\/keramamueblesdejardin.com\/fr\/\",\"logo\":{\"@type\":\"ImageObject\",\"inLanguage\":\"fr-FR\",\"@id\":\"https:\/\/keramamueblesdejardin.com\/fr\/#\/schema\/logo\/image\/\",\"url\":\"https:\/\/keramamueblesdejardin.com\/wp-content\/uploads\/2020\/12\/k.-scaled.jpg\",\"contentUrl\":\"https:\/\/keramamueblesdejardin.com\/wp-content\/uploads\/2020\/12\/k.-scaled.jpg\",\"width\":2560,\"height\":551,\"caption\":\"kerama\"},\"image\":{\"@id\":\"https:\/\/keramamueblesdejardin.com\/fr\/#\/schema\/logo\/image\/\"},\"sameAs\":[\"https:\/\/www.facebook.com\/Kerama-Muebles-de-Jard\u00edn-106209328312568\/\"]}]}<\/script>\n<!-- \/ Yoast SEO plugin. -->","yoast_head_json":{"title":"Table de jardin 200\/140x90 cm et 6 chaises en aluminium anthracite et textil\u00e8ne rembourr\u00e9 - Osaka - Kerama","robots":{"index":"index","follow":"follow","max-snippet":"max-snippet:-1","max-image-preview":"max-image-preview:large","max-video-preview":"max-video-preview:-1"},"canonical":"https:\/\/keramamueblesdejardin.com\/fr\/diner-en-plein-air\/ensemble-table-et-chaises-de-jardin\/set-de-table-de-jardin-200-140x90-cm-et-6-chaises-aluminium-aluminium-anthracite-et-textilene-coussin-osaka\/","og_locale":"fr_FR","og_type":"article","og_title":"Table de jardin 200\/140x90 cm et 6 chaises en aluminium anthracite et textil\u00e8ne rembourr\u00e9 - Osaka - Kerama","og_description":"Ensemble de jardin avec table et 6 chaises empilables Osaka  Table \u00e0 rallonge en aluminium anthracite et lattes en polywood aspect bois  Chaises en aluminium anthracite avec accoudoirs imitation polywood et textil\u00e8ne tapiss\u00e9 gris.  Dimensions de la table : 140\u00d790 cm (ferm\u00e9e) 200\u00d790 cm (\u00e9tendue)","og_url":"https:\/\/keramamueblesdejardin.com\/fr\/diner-en-plein-air\/ensemble-table-et-chaises-de-jardin\/set-de-table-de-jardin-200-140x90-cm-et-6-chaises-aluminium-aluminium-anthracite-et-textilene-coussin-osaka\/","og_site_name":"Kerama","article_publisher":"https:\/\/www.facebook.com\/Kerama-Muebles-de-Jard%c3%adn-106209328312568\/","article_modified_time":"2023-09-14T06:08:35+00:00","og_image":[{"width":1200,"height":1200,"url":"https:\/\/keramamueblesdejardin.com\/wp-content\/uploads\/2021\/10\/24.jpg","type":"image\/jpeg"}],"twitter_card":"summary_large_image","twitter_misc":{"Dur\u00e9e de lecture estim\u00e9e":"1 minute"},"schema":{"@context":"https:\/\/schema.org","@graph":[{"@type":"WebPage","@id":"https:\/\/keramamueblesdejardin.com\/fr\/diner-en-plein-air\/ensemble-table-et-chaises-de-jardin\/set-de-table-de-jardin-200-140x90-cm-et-6-chaises-aluminium-aluminium-anthracite-et-textilene-coussin-osaka\/","url":"https:\/\/keramamueblesdejardin.com\/fr\/diner-en-plein-air\/ensemble-table-et-chaises-de-jardin\/set-de-table-de-jardin-200-140x90-cm-et-6-chaises-aluminium-aluminium-anthracite-et-textilene-coussin-osaka\/","name":"Table de jardin 200\/140x90 cm et 6 chaises en aluminium anthracite et textil\u00e8ne rembourr\u00e9 - Osaka - Kerama","isPartOf":{"@id":"https:\/\/keramamueblesdejardin.com\/fr\/#website"},"primaryImageOfPage":{"@id":"https:\/\/keramamueblesdejardin.com\/fr\/diner-en-plein-air\/ensemble-table-et-chaises-de-jardin\/set-de-table-de-jardin-200-140x90-cm-et-6-chaises-aluminium-aluminium-anthracite-et-textilene-coussin-osaka\/#primaryimage"},"image":{"@id":"https:\/\/keramamueblesdejardin.com\/fr\/diner-en-plein-air\/ensemble-table-et-chaises-de-jardin\/set-de-table-de-jardin-200-140x90-cm-et-6-chaises-aluminium-aluminium-anthracite-et-textilene-coussin-osaka\/#primaryimage"},"thumbnailUrl":"https:\/\/keramamueblesdejardin.com\/wp-content\/uploads\/2021\/10\/24.jpg","datePublished":"2021-10-14T15:44:51+00:00","dateModified":"2023-09-14T06:08:35+00:00","breadcrumb":{"@id":"https:\/\/keramamueblesdejardin.com\/fr\/diner-en-plein-air\/ensemble-table-et-chaises-de-jardin\/set-de-table-de-jardin-200-140x90-cm-et-6-chaises-aluminium-aluminium-anthracite-et-textilene-coussin-osaka\/#breadcrumb"},"inLanguage":"fr-FR","potentialAction":[{"@type":"ReadAction","target":["https:\/\/keramamueblesdejardin.com\/fr\/diner-en-plein-air\/ensemble-table-et-chaises-de-jardin\/set-de-table-de-jardin-200-140x90-cm-et-6-chaises-aluminium-aluminium-anthracite-et-textilene-coussin-osaka\/"]}]},{"@type":"ImageObject","inLanguage":"fr-FR","@id":"https:\/\/keramamueblesdejardin.com\/fr\/diner-en-plein-air\/ensemble-table-et-chaises-de-jardin\/set-de-table-de-jardin-200-140x90-cm-et-6-chaises-aluminium-aluminium-anthracite-et-textilene-coussin-osaka\/#primaryimage","url":"https:\/\/keramamueblesdejardin.com\/wp-content\/uploads\/2021\/10\/24.jpg","contentUrl":"https:\/\/keramamueblesdejardin.com\/wp-content\/uploads\/2021\/10\/24.jpg","width":1200,"height":1200},{"@type":"BreadcrumbList","@id":"https:\/\/keramamueblesdejardin.com\/fr\/diner-en-plein-air\/ensemble-table-et-chaises-de-jardin\/set-de-table-de-jardin-200-140x90-cm-et-6-chaises-aluminium-aluminium-anthracite-et-textilene-coussin-osaka\/#breadcrumb","itemListElement":[{"@type":"ListItem","position":1,"name":"Home","item":"https:\/\/keramamueblesdejardin.com\/fr\/"},{"@type":"ListItem","position":2,"name":"Boutique","item":"https:\/\/keramamueblesdejardin.com\/tienda\/"},{"@type":"ListItem","position":3,"name":"D\u00eener en plein air","item":"https:\/\/keramamueblesdejardin.com\/fr\/diner-en-plein-air\/"},{"@type":"ListItem","position":4,"name":"Ensemble table et chaises de jardin","item":"https:\/\/keramamueblesdejardin.com\/fr\/diner-en-plein-air\/ensemble-table-et-chaises-de-jardin\/"},{"@type":"ListItem","position":5,"name":"Table de jardin 200\/140&#215;90 cm et 6 chaises en aluminium anthracite et textil\u00e8ne rembourr\u00e9 &#8211; Osaka"}]},{"@type":"WebSite","@id":"https:\/\/keramamueblesdejardin.com\/fr\/#website","url":"https:\/\/keramamueblesdejardin.com\/fr\/","name":"Kerama","description":"muebles de jard\u00edn","publisher":{"@id":"https:\/\/keramamueblesdejardin.com\/fr\/#organization"},"potentialAction":[{"@type":"SearchAction","target":{"@type":"EntryPoint","urlTemplate":"https:\/\/keramamueblesdejardin.com\/fr\/?s={search_term_string}"},"query-input":{"@type":"PropertyValueSpecification","valueRequired":true,"valueName":"search_term_string"}}],"inLanguage":"fr-FR"},{"@type":"Organization","@id":"https:\/\/keramamueblesdejardin.com\/fr\/#organization","name":"kerama","url":"https:\/\/keramamueblesdejardin.com\/fr\/","logo":{"@type":"ImageObject","inLanguage":"fr-FR","@id":"https:\/\/keramamueblesdejardin.com\/fr\/#\/schema\/logo\/image\/","url":"https:\/\/keramamueblesdejardin.com\/wp-content\/uploads\/2020\/12\/k.-scaled.jpg","contentUrl":"https:\/\/keramamueblesdejardin.com\/wp-content\/uploads\/2020\/12\/k.-scaled.jpg","width":2560,"height":551,"caption":"kerama"},"image":{"@id":"https:\/\/keramamueblesdejardin.com\/fr\/#\/schema\/logo\/image\/"},"sameAs":["https:\/\/www.facebook.com\/Kerama-Muebles-de-Jard\u00edn-106209328312568\/"]}]}},"df_price":1139,"df_sale_price":1139,"df_regular_price":1403,"df_image_link":"https:\/\/keramamueblesdejardin.com\/wp-content\/uploads\/2021\/10\/24-300x300.jpg","custom_tabs":[{"title":"MESURES","id":"mesures","content":"<strong>Hauteur :<\/strong> Chaise 86 cm \/ Table 75 cm\n<strong>Largeur :<\/strong> Chaise 57 cm \/ Table 90 cm\n<strong>Profondeur :<\/strong> Chaise 65 cm \/ Table 140 cm (sans extension) 200 cm (extension)\n<strong>Hauteur de l'assise :<\/strong> 45 cm\n<strong>Profondeur de l'assise :<\/strong> 55 cm"},{"title":"D\u00c9BALLAGE ET MONTAGE","id":"deballage-et-montage","content":"<strong>Recommandations pour le d\u00e9ballage :<\/strong> Ne pas utiliser d'outils tranchants lors du d\u00e9ballage du meuble car cela pourrait l'endommager.\n<strong>Montage requis (O\/N) :<\/strong> Oui\n<strong>Difficult\u00e9 de montage :<\/strong> faible\n<strong>Temps de montage :<\/strong> 20 minutes\n<strong>Personnes recommand\u00e9es pour le montage :<\/strong> 2\n<strong>Suggestions de montage :<\/strong> Pr\u00e9parez une zone de montage propre et s\u00e8che, v\u00e9rifiez qu'aucune des pi\u00e8ces list\u00e9es dans le manuel ne manque. Nous recommandons l'utilisation de gants appropri\u00e9s pour le montage. N'utilisez que les pi\u00e8ces et les raccords fournis. Nous ne recommandons PAS l'option d'achat avec montage pour cet article car la difficult\u00e9 de montage est tr\u00e8s faible."},{"title":"ENTRETIEN ET GARANTIES","id":"entretien-et-garanties","content":"<strong>Recommandations g\u00e9n\u00e9rales :<\/strong>\n- Les d\u00e9faillances ou les dommages caus\u00e9s par les \u00e9l\u00e9ments suivants sont exclus de la garantie :\n- Les causes accidentelles telles que chutes, coups, d\u00e9versement de liquides, introduction de corps \u00e9trangers, ainsi que toute autre force majeure.\n\u2022 Utilisation n\u00e9gligente, inappropri\u00e9e ou non domestique, ne respectant pas les instructions d\u2019utilisation.\n- Dommages, corrosion et\/ou oxydation acc\u00e9l\u00e9r\u00e9s par des conditions environnementales d\u00e9favorables.\n- Taches et d\u00e9coloration dues au non-respect de nos instructions de nettoyage.\n- Dommages survenus lors du montage et de la manipulation sans respecter les instructions de montage.\n\n<strong>Instructions d'utilisation et d'entretien :<\/strong>\n\u2022 Les jours ensoleill\u00e9s, utilisez un rev\u00eatement de table, en particulier avec des verres, des verres et des r\u00e9cipients en verre, car il amplifie la temp\u00e9rature du soleil et peut faire fondre le polystyr\u00e8ne. \u00c9vitez tout type de couverture qui peut g\u00e9n\u00e9rer le m\u00eame effet.\n- Essuyez doucement avec un chiffon ou utilisez un savon liquide neutre, puis rincez abondamment \u00e0 l'eau.\n- Enlevez r\u00e9guli\u00e8rement la poussi\u00e8re avec un chiffon doux et de l'eau claire.\n- N'utilisez pas de d\u00e9tergents ou de produits abrasifs pour le nettoyage.\n\u2022 Apr\u00e8s la pluie, s\u00e9chez la table avec un chiffon propre pour \u00e9viter les taches\n\u2022 Prot\u00e9ger avec une nappe ou une housse de protection respirante\n<strong>Ann\u00e9es de garantie :<\/strong> 3 ans\n<strong>Fabriqu\u00e9 conform\u00e9ment \u00e0 la norme :<\/strong> 581-1,581-2,581-3"}],"_links":{"self":[{"href":"https:\/\/keramamueblesdejardin.com\/fr\/wp-json\/wp\/v2\/product\/64976","targetHints":{"allow":["GET"]}}],"collection":[{"href":"https:\/\/keramamueblesdejardin.com\/fr\/wp-json\/wp\/v2\/product"}],"about":[{"href":"https:\/\/keramamueblesdejardin.com\/fr\/wp-json\/wp\/v2\/types\/product"}],"replies":[{"embeddable":true,"href":"https:\/\/keramamueblesdejardin.com\/fr\/wp-json\/wp\/v2\/comments?post=64976"}],"wp:featuredmedia":[{"embeddable":true,"href":"https:\/\/keramamueblesdejardin.com\/fr\/wp-json\/wp\/v2\/media\/104816"}],"wp:attachment":[{"href":"https:\/\/keramamueblesdejardin.com\/fr\/wp-json\/wp\/v2\/media?parent=64976"}],"wp:term":[{"taxonomy":"product_brand","embeddable":true,"href":"https:\/\/keramamueblesdejardin.com\/fr\/wp-json\/wp\/v2\/product_brand?post=64976"},{"taxonomy":"product_cat","embeddable":true,"href":"https:\/\/keramamueblesdejardin.com\/fr\/wp-json\/wp\/v2\/product_cat?post=64976"},{"taxonomy":"product_tag","embeddable":true,"href":"https:\/\/keramamueblesdejardin.com\/fr\/wp-json\/wp\/v2\/product_tag?post=64976"}],"curies":[{"name":"wp","href":"https:\/\/api.w.org\/{rel}","templated":true}]}}