{"id":64950,"date":"2021-11-12T14:33:00","date_gmt":"2021-11-12T13:33:00","guid":{"rendered":"https:\/\/keramamueblesdejardin.com\/non%20class\u00e9\/hamac-directeur-jardin-en-bois-hamac-de-jardin-tisse-kilim-corail-pliable-java\/"},"modified":"2024-06-12T09:35:28","modified_gmt":"2024-06-12T07:35:28","slug":"hamac-directeur-garderie-bois-tisse-kilim-coral-pliage-java","status":"publish","type":"product","link":"https:\/\/keramamueblesdejardin.com\/fr\/chaises-longues-et-detente\/hamacs\/chaises-longues-fr\/hamac-directeur-garderie-bois-tisse-kilim-coral-pliage-java\/","title":{"rendered":"Hamac directeur jardin en bois hamac de jardin tiss\u00e9 kilim corail pliable &#8211; Java"},"content":{"rendered":"<p>Hamac de jardin pliable en bois et tissu imprim\u00e9. Le hamac est pliable et tr\u00e8s pratique, il peut \u00eatre mis dans plusieurs positions. Le tissu est amovible et lavable. Mesures position basse : 103,5x60x86,5cm. Mesures en position haute : 95,5x60x98cm. Poids 4,6kg<\/p>\n","protected":false},"excerpt":{"rendered":"<ul>\n<li>Hamac de jardin pliable en bois et tissu imprim\u00e9<\/li>\n<li>Pliable et \u00e0 plusieurs positions<\/li>\n<li>Tissu amovible et lavable<\/li>\n<\/ul>\n","protected":false},"featured_media":58551,"comment_status":"closed","ping_status":"closed","template":"","meta":{"_acf_changed":false},"product_brand":[],"product_cat":[2539,563,647],"product_tag":[582,581,586,585,587,583,584],"class_list":{"0":"post-64950","1":"product","2":"type-product","3":"status-publish","4":"has-post-thumbnail","6":"product_cat-chaises-longues-fr","7":"product_cat-chaises-longues-et-detente","8":"product_cat-hamacs","9":"product_tag-acacia-fr","10":"product_tag-bois","11":"product_tag-conseiller-municipal","12":"product_tag-directeur","13":"product_tag-hamac","14":"product_tag-java-fr","15":"product_tag-pliable","16":"product_shipping_class-envio-gratuito-fr","17":"pa_caracteristicas-pliant-fr","18":"pa_coleccion-java-fr","19":"pa_material-madera-fr","20":"pa_material-tela-fr","22":"first","23":"outofstock","24":"sale","25":"purchasable","26":"product-type-simple","27":"add-to-wishlist-before_image"},"acf":[],"yoast_head":"<!-- This site is optimized with the Yoast SEO plugin v27.2 - https:\/\/yoast.com\/product\/yoast-seo-wordpress\/ -->\n<title>Hamac directeur jardin en bois hamac de jardin tiss\u00e9 kilim corail pliable - Java - Kerama<\/title>\n<meta name=\"robots\" content=\"index, follow, max-snippet:-1, max-image-preview:large, max-video-preview:-1\" \/>\n<link rel=\"canonical\" href=\"https:\/\/keramamueblesdejardin.com\/fr\/chaises-longues-et-detente\/hamacs\/chaises-longues-fr\/hamac-directeur-garderie-bois-tisse-kilim-coral-pliage-java\/\" \/>\n<meta property=\"og:locale\" content=\"fr_FR\" \/>\n<meta property=\"og:type\" content=\"article\" \/>\n<meta property=\"og:title\" content=\"Hamac directeur jardin en bois hamac de jardin tiss\u00e9 kilim corail pliable - Java - Kerama\" \/>\n<meta property=\"og:description\" content=\"Hamac de jardin pliable en bois et tissu imprim\u00e9  Pliable et \u00e0 plusieurs positions  Tissu amovible et lavable\" \/>\n<meta property=\"og:url\" content=\"https:\/\/keramamueblesdejardin.com\/fr\/chaises-longues-et-detente\/hamacs\/chaises-longues-fr\/hamac-directeur-garderie-bois-tisse-kilim-coral-pliage-java\/\" \/>\n<meta property=\"og:site_name\" content=\"Kerama\" \/>\n<meta property=\"article:publisher\" content=\"https:\/\/www.facebook.com\/Kerama-Muebles-de-Jard%c3%adn-106209328312568\/\" \/>\n<meta property=\"article:modified_time\" content=\"2024-06-12T07:35:28+00:00\" \/>\n<meta property=\"og:image\" content=\"https:\/\/keramamueblesdejardin.com\/wp-content\/uploads\/2021\/11\/KMJ21503_01-scaled.jpg\" \/>\n\t<meta property=\"og:image:width\" content=\"2560\" \/>\n\t<meta property=\"og:image:height\" content=\"2560\" \/>\n\t<meta property=\"og:image:type\" content=\"image\/jpeg\" \/>\n<meta name=\"twitter:card\" content=\"summary_large_image\" \/>\n<script type=\"application\/ld+json\" class=\"yoast-schema-graph\">{\"@context\":\"https:\/\/schema.org\",\"@graph\":[{\"@type\":\"WebPage\",\"@id\":\"https:\/\/keramamueblesdejardin.com\/fr\/chaises-longues-et-detente\/hamacs\/chaises-longues-fr\/hamac-directeur-garderie-bois-tisse-kilim-coral-pliage-java\/\",\"url\":\"https:\/\/keramamueblesdejardin.com\/fr\/chaises-longues-et-detente\/hamacs\/chaises-longues-fr\/hamac-directeur-garderie-bois-tisse-kilim-coral-pliage-java\/\",\"name\":\"Hamac directeur jardin en bois hamac de jardin tiss\u00e9 kilim corail pliable - Java - Kerama\",\"isPartOf\":{\"@id\":\"https:\/\/keramamueblesdejardin.com\/fr\/#website\"},\"primaryImageOfPage\":{\"@id\":\"https:\/\/keramamueblesdejardin.com\/fr\/chaises-longues-et-detente\/hamacs\/chaises-longues-fr\/hamac-directeur-garderie-bois-tisse-kilim-coral-pliage-java\/#primaryimage\"},\"image\":{\"@id\":\"https:\/\/keramamueblesdejardin.com\/fr\/chaises-longues-et-detente\/hamacs\/chaises-longues-fr\/hamac-directeur-garderie-bois-tisse-kilim-coral-pliage-java\/#primaryimage\"},\"thumbnailUrl\":\"https:\/\/keramamueblesdejardin.com\/wp-content\/uploads\/2021\/11\/KMJ21503_01-scaled.jpg\",\"datePublished\":\"2021-11-12T13:33:00+00:00\",\"dateModified\":\"2024-06-12T07:35:28+00:00\",\"breadcrumb\":{\"@id\":\"https:\/\/keramamueblesdejardin.com\/fr\/chaises-longues-et-detente\/hamacs\/chaises-longues-fr\/hamac-directeur-garderie-bois-tisse-kilim-coral-pliage-java\/#breadcrumb\"},\"inLanguage\":\"fr-FR\",\"potentialAction\":[{\"@type\":\"ReadAction\",\"target\":[\"https:\/\/keramamueblesdejardin.com\/fr\/chaises-longues-et-detente\/hamacs\/chaises-longues-fr\/hamac-directeur-garderie-bois-tisse-kilim-coral-pliage-java\/\"]}]},{\"@type\":\"ImageObject\",\"inLanguage\":\"fr-FR\",\"@id\":\"https:\/\/keramamueblesdejardin.com\/fr\/chaises-longues-et-detente\/hamacs\/chaises-longues-fr\/hamac-directeur-garderie-bois-tisse-kilim-coral-pliage-java\/#primaryimage\",\"url\":\"https:\/\/keramamueblesdejardin.com\/wp-content\/uploads\/2021\/11\/KMJ21503_01-scaled.jpg\",\"contentUrl\":\"https:\/\/keramamueblesdejardin.com\/wp-content\/uploads\/2021\/11\/KMJ21503_01-scaled.jpg\",\"width\":2560,\"height\":2560},{\"@type\":\"BreadcrumbList\",\"@id\":\"https:\/\/keramamueblesdejardin.com\/fr\/chaises-longues-et-detente\/hamacs\/chaises-longues-fr\/hamac-directeur-garderie-bois-tisse-kilim-coral-pliage-java\/#breadcrumb\",\"itemListElement\":[{\"@type\":\"ListItem\",\"position\":1,\"name\":\"Home\",\"item\":\"https:\/\/keramamueblesdejardin.com\/fr\/\"},{\"@type\":\"ListItem\",\"position\":2,\"name\":\"Boutique\",\"item\":\"https:\/\/keramamueblesdejardin.com\/tienda\/\"},{\"@type\":\"ListItem\",\"position\":3,\"name\":\"Chaises longues et d\u00e9tente\",\"item\":\"https:\/\/keramamueblesdejardin.com\/fr\/chaises-longues-et-detente\/\"},{\"@type\":\"ListItem\",\"position\":4,\"name\":\"Hamacs\",\"item\":\"https:\/\/keramamueblesdejardin.com\/fr\/chaises-longues-et-detente\/hamacs\/\"},{\"@type\":\"ListItem\",\"position\":5,\"name\":\"Hamac directeur jardin en bois hamac de jardin tiss\u00e9 kilim corail pliable &#8211; Java\"}]},{\"@type\":\"WebSite\",\"@id\":\"https:\/\/keramamueblesdejardin.com\/fr\/#website\",\"url\":\"https:\/\/keramamueblesdejardin.com\/fr\/\",\"name\":\"Kerama\",\"description\":\"muebles de jard\u00edn\",\"publisher\":{\"@id\":\"https:\/\/keramamueblesdejardin.com\/fr\/#organization\"},\"potentialAction\":[{\"@type\":\"SearchAction\",\"target\":{\"@type\":\"EntryPoint\",\"urlTemplate\":\"https:\/\/keramamueblesdejardin.com\/fr\/?s={search_term_string}\"},\"query-input\":{\"@type\":\"PropertyValueSpecification\",\"valueRequired\":true,\"valueName\":\"search_term_string\"}}],\"inLanguage\":\"fr-FR\"},{\"@type\":\"Organization\",\"@id\":\"https:\/\/keramamueblesdejardin.com\/fr\/#organization\",\"name\":\"kerama\",\"url\":\"https:\/\/keramamueblesdejardin.com\/fr\/\",\"logo\":{\"@type\":\"ImageObject\",\"inLanguage\":\"fr-FR\",\"@id\":\"https:\/\/keramamueblesdejardin.com\/fr\/#\/schema\/logo\/image\/\",\"url\":\"https:\/\/keramamueblesdejardin.com\/wp-content\/uploads\/2020\/12\/k.-scaled.jpg\",\"contentUrl\":\"https:\/\/keramamueblesdejardin.com\/wp-content\/uploads\/2020\/12\/k.-scaled.jpg\",\"width\":2560,\"height\":551,\"caption\":\"kerama\"},\"image\":{\"@id\":\"https:\/\/keramamueblesdejardin.com\/fr\/#\/schema\/logo\/image\/\"},\"sameAs\":[\"https:\/\/www.facebook.com\/Kerama-Muebles-de-Jard\u00edn-106209328312568\/\"]}]}<\/script>\n<!-- \/ Yoast SEO plugin. -->","yoast_head_json":{"title":"Hamac directeur jardin en bois hamac de jardin tiss\u00e9 kilim corail pliable - Java - Kerama","robots":{"index":"index","follow":"follow","max-snippet":"max-snippet:-1","max-image-preview":"max-image-preview:large","max-video-preview":"max-video-preview:-1"},"canonical":"https:\/\/keramamueblesdejardin.com\/fr\/chaises-longues-et-detente\/hamacs\/chaises-longues-fr\/hamac-directeur-garderie-bois-tisse-kilim-coral-pliage-java\/","og_locale":"fr_FR","og_type":"article","og_title":"Hamac directeur jardin en bois hamac de jardin tiss\u00e9 kilim corail pliable - Java - Kerama","og_description":"Hamac de jardin pliable en bois et tissu imprim\u00e9  Pliable et \u00e0 plusieurs positions  Tissu amovible et lavable","og_url":"https:\/\/keramamueblesdejardin.com\/fr\/chaises-longues-et-detente\/hamacs\/chaises-longues-fr\/hamac-directeur-garderie-bois-tisse-kilim-coral-pliage-java\/","og_site_name":"Kerama","article_publisher":"https:\/\/www.facebook.com\/Kerama-Muebles-de-Jard%c3%adn-106209328312568\/","article_modified_time":"2024-06-12T07:35:28+00:00","og_image":[{"width":2560,"height":2560,"url":"https:\/\/keramamueblesdejardin.com\/wp-content\/uploads\/2021\/11\/KMJ21503_01-scaled.jpg","type":"image\/jpeg"}],"twitter_card":"summary_large_image","schema":{"@context":"https:\/\/schema.org","@graph":[{"@type":"WebPage","@id":"https:\/\/keramamueblesdejardin.com\/fr\/chaises-longues-et-detente\/hamacs\/chaises-longues-fr\/hamac-directeur-garderie-bois-tisse-kilim-coral-pliage-java\/","url":"https:\/\/keramamueblesdejardin.com\/fr\/chaises-longues-et-detente\/hamacs\/chaises-longues-fr\/hamac-directeur-garderie-bois-tisse-kilim-coral-pliage-java\/","name":"Hamac directeur jardin en bois hamac de jardin tiss\u00e9 kilim corail pliable - Java - Kerama","isPartOf":{"@id":"https:\/\/keramamueblesdejardin.com\/fr\/#website"},"primaryImageOfPage":{"@id":"https:\/\/keramamueblesdejardin.com\/fr\/chaises-longues-et-detente\/hamacs\/chaises-longues-fr\/hamac-directeur-garderie-bois-tisse-kilim-coral-pliage-java\/#primaryimage"},"image":{"@id":"https:\/\/keramamueblesdejardin.com\/fr\/chaises-longues-et-detente\/hamacs\/chaises-longues-fr\/hamac-directeur-garderie-bois-tisse-kilim-coral-pliage-java\/#primaryimage"},"thumbnailUrl":"https:\/\/keramamueblesdejardin.com\/wp-content\/uploads\/2021\/11\/KMJ21503_01-scaled.jpg","datePublished":"2021-11-12T13:33:00+00:00","dateModified":"2024-06-12T07:35:28+00:00","breadcrumb":{"@id":"https:\/\/keramamueblesdejardin.com\/fr\/chaises-longues-et-detente\/hamacs\/chaises-longues-fr\/hamac-directeur-garderie-bois-tisse-kilim-coral-pliage-java\/#breadcrumb"},"inLanguage":"fr-FR","potentialAction":[{"@type":"ReadAction","target":["https:\/\/keramamueblesdejardin.com\/fr\/chaises-longues-et-detente\/hamacs\/chaises-longues-fr\/hamac-directeur-garderie-bois-tisse-kilim-coral-pliage-java\/"]}]},{"@type":"ImageObject","inLanguage":"fr-FR","@id":"https:\/\/keramamueblesdejardin.com\/fr\/chaises-longues-et-detente\/hamacs\/chaises-longues-fr\/hamac-directeur-garderie-bois-tisse-kilim-coral-pliage-java\/#primaryimage","url":"https:\/\/keramamueblesdejardin.com\/wp-content\/uploads\/2021\/11\/KMJ21503_01-scaled.jpg","contentUrl":"https:\/\/keramamueblesdejardin.com\/wp-content\/uploads\/2021\/11\/KMJ21503_01-scaled.jpg","width":2560,"height":2560},{"@type":"BreadcrumbList","@id":"https:\/\/keramamueblesdejardin.com\/fr\/chaises-longues-et-detente\/hamacs\/chaises-longues-fr\/hamac-directeur-garderie-bois-tisse-kilim-coral-pliage-java\/#breadcrumb","itemListElement":[{"@type":"ListItem","position":1,"name":"Home","item":"https:\/\/keramamueblesdejardin.com\/fr\/"},{"@type":"ListItem","position":2,"name":"Boutique","item":"https:\/\/keramamueblesdejardin.com\/tienda\/"},{"@type":"ListItem","position":3,"name":"Chaises longues et d\u00e9tente","item":"https:\/\/keramamueblesdejardin.com\/fr\/chaises-longues-et-detente\/"},{"@type":"ListItem","position":4,"name":"Hamacs","item":"https:\/\/keramamueblesdejardin.com\/fr\/chaises-longues-et-detente\/hamacs\/"},{"@type":"ListItem","position":5,"name":"Hamac directeur jardin en bois hamac de jardin tiss\u00e9 kilim corail pliable &#8211; Java"}]},{"@type":"WebSite","@id":"https:\/\/keramamueblesdejardin.com\/fr\/#website","url":"https:\/\/keramamueblesdejardin.com\/fr\/","name":"Kerama","description":"muebles de jard\u00edn","publisher":{"@id":"https:\/\/keramamueblesdejardin.com\/fr\/#organization"},"potentialAction":[{"@type":"SearchAction","target":{"@type":"EntryPoint","urlTemplate":"https:\/\/keramamueblesdejardin.com\/fr\/?s={search_term_string}"},"query-input":{"@type":"PropertyValueSpecification","valueRequired":true,"valueName":"search_term_string"}}],"inLanguage":"fr-FR"},{"@type":"Organization","@id":"https:\/\/keramamueblesdejardin.com\/fr\/#organization","name":"kerama","url":"https:\/\/keramamueblesdejardin.com\/fr\/","logo":{"@type":"ImageObject","inLanguage":"fr-FR","@id":"https:\/\/keramamueblesdejardin.com\/fr\/#\/schema\/logo\/image\/","url":"https:\/\/keramamueblesdejardin.com\/wp-content\/uploads\/2020\/12\/k.-scaled.jpg","contentUrl":"https:\/\/keramamueblesdejardin.com\/wp-content\/uploads\/2020\/12\/k.-scaled.jpg","width":2560,"height":551,"caption":"kerama"},"image":{"@id":"https:\/\/keramamueblesdejardin.com\/fr\/#\/schema\/logo\/image\/"},"sameAs":["https:\/\/www.facebook.com\/Kerama-Muebles-de-Jard\u00edn-106209328312568\/"]}]}},"df_price":88,"df_sale_price":88,"df_regular_price":114,"df_image_link":"https:\/\/keramamueblesdejardin.com\/wp-content\/uploads\/2021\/11\/KMJ21503_01-300x300.jpg","custom_tabs":[{"title":"MESURES","id":"mesures","content":"Ato : Position la plus basse 86,5 cm \/ Position la plus haute 98 cm\n<strong>Largeur :<\/strong> 60 cm\n<strong>Profondeur :<\/strong> Position la plus basse 103,5 cm \/ Position la plus haute 95,5 cm\n<strong>Poids du produit :<\/strong> 4,6 kg\n<strong>Hauteur du si\u00e8ge :<\/strong>\n<strong>Profondeur de l'assise :<\/strong>"},{"title":"D\u00c9BALLAGE ET MONTAGE","id":"deballage-et-montage","content":"<strong>Recommandations pour le d\u00e9ballage :<\/strong> Ne pas utiliser d'outils tranchants lors du d\u00e9ballage du meuble car cela pourrait l'endommager.\n<strong>Montage requis (O\/N) :<\/strong> Non"},{"title":"ENTRETIEN ET GARANTIES","id":"entretien-et-garanties","content":"<div class=\"moz-signature\">\n<div class=\"list\"><strong>Recommandations g\u00e9n\u00e9rales :<\/strong>\n- Les d\u00e9faillances ou les dommages caus\u00e9s par les \u00e9l\u00e9ments suivants sont exclus de la garantie :\n- Les causes accidentelles telles que chutes, coups, d\u00e9versement de liquides, introduction de corps \u00e9trangers, ainsi que toute autre force majeure.\n- Utilisation n\u00e9gligente, inappropri\u00e9e ou non domestique.\n- Dommages, corrosion et\/ou oxydation acc\u00e9l\u00e9r\u00e9s par des conditions environnementales d\u00e9favorables.\n- Taches et d\u00e9coloration dues au non-respect de nos instructions de nettoyage.\n- Dommages survenus lors du montage et de la manipulation sans respecter les instructions de montage.\n<strong>Instructions d'utilisation et d'entretien :<\/strong>\n- Essuyez doucement avec un chiffon ou utilisez un savon liquide neutre, puis rincez abondamment \u00e0 l'eau.\n- Enlevez r\u00e9guli\u00e8rement la poussi\u00e8re avec un chiffon doux et de l'eau claire.\n- N'utilisez pas de d\u00e9tergents ou de produits abrasifs pour le nettoyage.\n<strong>Ann\u00e9es de garantie :<\/strong> 3 ans\n<strong>Fabriqu\u00e9 conform\u00e9ment \u00e0 la norme :<\/strong> 581-1,581-2,581-3<\/div>\n<\/div>"}],"_links":{"self":[{"href":"https:\/\/keramamueblesdejardin.com\/fr\/wp-json\/wp\/v2\/product\/64950","targetHints":{"allow":["GET"]}}],"collection":[{"href":"https:\/\/keramamueblesdejardin.com\/fr\/wp-json\/wp\/v2\/product"}],"about":[{"href":"https:\/\/keramamueblesdejardin.com\/fr\/wp-json\/wp\/v2\/types\/product"}],"replies":[{"embeddable":true,"href":"https:\/\/keramamueblesdejardin.com\/fr\/wp-json\/wp\/v2\/comments?post=64950"}],"wp:featuredmedia":[{"embeddable":true,"href":"https:\/\/keramamueblesdejardin.com\/fr\/wp-json\/wp\/v2\/media\/58551"}],"wp:attachment":[{"href":"https:\/\/keramamueblesdejardin.com\/fr\/wp-json\/wp\/v2\/media?parent=64950"}],"wp:term":[{"taxonomy":"product_brand","embeddable":true,"href":"https:\/\/keramamueblesdejardin.com\/fr\/wp-json\/wp\/v2\/product_brand?post=64950"},{"taxonomy":"product_cat","embeddable":true,"href":"https:\/\/keramamueblesdejardin.com\/fr\/wp-json\/wp\/v2\/product_cat?post=64950"},{"taxonomy":"product_tag","embeddable":true,"href":"https:\/\/keramamueblesdejardin.com\/fr\/wp-json\/wp\/v2\/product_tag?post=64950"}],"curies":[{"name":"wp","href":"https:\/\/api.w.org\/{rel}","templated":true}]}}