{"id":64947,"date":"2021-11-12T14:32:56","date_gmt":"2021-11-12T13:32:56","guid":{"rendered":"https:\/\/keramamueblesdejardin.com\/non%20class\u00e9\/table-de-jardin-en-bois-a-rallonge-150-210x90-cm-java\/"},"modified":"2023-10-25T08:52:51","modified_gmt":"2023-10-25T06:52:51","slug":"mesa-jardin-extensible-madera-150-210x90-cm-java","status":"publish","type":"product","link":"https:\/\/keramamueblesdejardin.com\/fr\/diner-en-plein-air\/tables-de-jardin\/mesa-jardin-extensible-madera-150-210x90-cm-java\/","title":{"rendered":"Table de jardin en bois \u00e0 rallonge 150\/210&#215;90 cm &#8211; Java"},"content":{"rendered":"<p><span style=\"font-weight: 400;\">Le site <\/span><b>Table de jardin Java<\/b><span style=\"font-weight: 400;\">  est fabriqu\u00e9 en bois d&rsquo;acacia brun. P<\/span>Il peut \u00eatre<b> \u00e9tendu de 150 cm \u00e0 210 cm<\/b> pour augmenter le nombre de places assises.<\/p>\n<p><span style=\"font-weight: 400;\">Le bois est certifi\u00e9 FSC, garantissant ainsi une gestion responsable des ressources foresti\u00e8res de la plan\u00e8te d&rsquo;un point de vue environnemental, social et \u00e9conomique.  <\/span><\/p>\n<p><span style=\"font-weight: 400;\">Vous pouvez <\/span><b>le combiner avec d&rsquo;autres produits de la<\/b><a href=\"https:\/\/keramamueblesdejardin.com\/etiqueta\/java\/\" target=\"_blank\" rel=\"noopener\"><br \/>\n  <b> Famille Java<\/b><br \/>\n<\/a><span style=\"font-weight: 400;\">.<\/span><\/p>\n<p><span style=\"font-weight: 400;\">Consultez notre<\/span><a href=\"https:\/\/keramamueblesdejardin.com\/comedores-exterior\/conjunto-mesa-y-sillas-jardin\/\" target=\"_blank\" rel=\"noopener\"> <b>ensembles de tables et de chaises de jardin.<\/b><\/a><\/p>\n<h2><\/h2>\n","protected":false},"excerpt":{"rendered":"<ul>\n<li>Table de jardin extensible 150\/210 x 100 x 74,5 cm<\/li>\n<li>Fabriqu\u00e9 en bois d&rsquo;acacia certifi\u00e9 FSC<\/li>\n<\/ul>\n","protected":false},"featured_media":56837,"comment_status":"closed","ping_status":"closed","template":"","meta":{"_acf_changed":false},"product_brand":[],"product_cat":[578,627],"product_tag":[582,581,673,583],"class_list":{"0":"post-64947","1":"product","2":"type-product","3":"status-publish","4":"has-post-thumbnail","6":"product_cat-diner-en-plein-air","7":"product_cat-tables-de-jardin","8":"product_tag-acacia-fr","9":"product_tag-bois","10":"product_tag-extensible-fr","11":"product_tag-java-fr","12":"product_shipping_class-envio-gratuito-fr","13":"pa_caracteristicas-extensible-fr","14":"pa_coleccion-java-fr","15":"pa_forma-rectangulaire","16":"pa_material-madera-fr","18":"first","19":"instock","20":"sale","21":"purchasable","22":"product-type-simple","23":"add-to-wishlist-before_image"},"acf":[],"yoast_head":"<!-- This site is optimized with the Yoast SEO plugin v27.2 - https:\/\/yoast.com\/product\/yoast-seo-wordpress\/ -->\n<title>Table de jardin en bois \u00e0 rallonge 150\/210x90 cm - Java - Kerama<\/title>\n<meta name=\"robots\" content=\"index, follow, max-snippet:-1, max-image-preview:large, max-video-preview:-1\" \/>\n<link rel=\"canonical\" href=\"https:\/\/keramamueblesdejardin.com\/fr\/diner-en-plein-air\/tables-de-jardin\/mesa-jardin-extensible-madera-150-210x90-cm-java\/\" \/>\n<meta property=\"og:locale\" content=\"fr_FR\" \/>\n<meta property=\"og:type\" content=\"article\" \/>\n<meta property=\"og:title\" content=\"Table de jardin en bois \u00e0 rallonge 150\/210x90 cm - Java - Kerama\" \/>\n<meta property=\"og:description\" content=\"Table de jardin extensible 150\/210 x 100 x 74,5 cm  Fabriqu\u00e9 en bois d&#039;acacia certifi\u00e9 FSC\" \/>\n<meta property=\"og:url\" content=\"https:\/\/keramamueblesdejardin.com\/fr\/diner-en-plein-air\/tables-de-jardin\/mesa-jardin-extensible-madera-150-210x90-cm-java\/\" \/>\n<meta property=\"og:site_name\" content=\"Kerama\" \/>\n<meta property=\"article:publisher\" content=\"https:\/\/www.facebook.com\/Kerama-Muebles-de-Jard%c3%adn-106209328312568\/\" \/>\n<meta property=\"article:modified_time\" content=\"2023-10-25T06:52:51+00:00\" \/>\n<meta property=\"og:image\" content=\"https:\/\/keramamueblesdejardin.com\/wp-content\/uploads\/2021\/11\/L1520901-1-scaled.jpg\" \/>\n\t<meta property=\"og:image:width\" content=\"2560\" \/>\n\t<meta property=\"og:image:height\" content=\"1707\" \/>\n\t<meta property=\"og:image:type\" content=\"image\/jpeg\" \/>\n<meta name=\"twitter:card\" content=\"summary_large_image\" \/>\n<script type=\"application\/ld+json\" class=\"yoast-schema-graph\">{\"@context\":\"https:\/\/schema.org\",\"@graph\":[{\"@type\":\"WebPage\",\"@id\":\"https:\/\/keramamueblesdejardin.com\/fr\/diner-en-plein-air\/tables-de-jardin\/mesa-jardin-extensible-madera-150-210x90-cm-java\/\",\"url\":\"https:\/\/keramamueblesdejardin.com\/fr\/diner-en-plein-air\/tables-de-jardin\/mesa-jardin-extensible-madera-150-210x90-cm-java\/\",\"name\":\"Table de jardin en bois \u00e0 rallonge 150\/210x90 cm - Java - Kerama\",\"isPartOf\":{\"@id\":\"https:\/\/keramamueblesdejardin.com\/fr\/#website\"},\"primaryImageOfPage\":{\"@id\":\"https:\/\/keramamueblesdejardin.com\/fr\/diner-en-plein-air\/tables-de-jardin\/mesa-jardin-extensible-madera-150-210x90-cm-java\/#primaryimage\"},\"image\":{\"@id\":\"https:\/\/keramamueblesdejardin.com\/fr\/diner-en-plein-air\/tables-de-jardin\/mesa-jardin-extensible-madera-150-210x90-cm-java\/#primaryimage\"},\"thumbnailUrl\":\"https:\/\/keramamueblesdejardin.com\/wp-content\/uploads\/2021\/11\/L1520901-1-scaled.jpg\",\"datePublished\":\"2021-11-12T13:32:56+00:00\",\"dateModified\":\"2023-10-25T06:52:51+00:00\",\"breadcrumb\":{\"@id\":\"https:\/\/keramamueblesdejardin.com\/fr\/diner-en-plein-air\/tables-de-jardin\/mesa-jardin-extensible-madera-150-210x90-cm-java\/#breadcrumb\"},\"inLanguage\":\"fr-FR\",\"potentialAction\":[{\"@type\":\"ReadAction\",\"target\":[\"https:\/\/keramamueblesdejardin.com\/fr\/diner-en-plein-air\/tables-de-jardin\/mesa-jardin-extensible-madera-150-210x90-cm-java\/\"]}]},{\"@type\":\"ImageObject\",\"inLanguage\":\"fr-FR\",\"@id\":\"https:\/\/keramamueblesdejardin.com\/fr\/diner-en-plein-air\/tables-de-jardin\/mesa-jardin-extensible-madera-150-210x90-cm-java\/#primaryimage\",\"url\":\"https:\/\/keramamueblesdejardin.com\/wp-content\/uploads\/2021\/11\/L1520901-1-scaled.jpg\",\"contentUrl\":\"https:\/\/keramamueblesdejardin.com\/wp-content\/uploads\/2021\/11\/L1520901-1-scaled.jpg\",\"width\":2560,\"height\":1707},{\"@type\":\"BreadcrumbList\",\"@id\":\"https:\/\/keramamueblesdejardin.com\/fr\/diner-en-plein-air\/tables-de-jardin\/mesa-jardin-extensible-madera-150-210x90-cm-java\/#breadcrumb\",\"itemListElement\":[{\"@type\":\"ListItem\",\"position\":1,\"name\":\"Home\",\"item\":\"https:\/\/keramamueblesdejardin.com\/fr\/\"},{\"@type\":\"ListItem\",\"position\":2,\"name\":\"Boutique\",\"item\":\"https:\/\/keramamueblesdejardin.com\/tienda\/\"},{\"@type\":\"ListItem\",\"position\":3,\"name\":\"D\u00eener en plein air\",\"item\":\"https:\/\/keramamueblesdejardin.com\/fr\/diner-en-plein-air\/\"},{\"@type\":\"ListItem\",\"position\":4,\"name\":\"Tables de jardin\",\"item\":\"https:\/\/keramamueblesdejardin.com\/fr\/diner-en-plein-air\/tables-de-jardin\/\"},{\"@type\":\"ListItem\",\"position\":5,\"name\":\"Table de jardin en bois \u00e0 rallonge 150\/210&#215;90 cm &#8211; Java\"}]},{\"@type\":\"WebSite\",\"@id\":\"https:\/\/keramamueblesdejardin.com\/fr\/#website\",\"url\":\"https:\/\/keramamueblesdejardin.com\/fr\/\",\"name\":\"Kerama\",\"description\":\"muebles de jard\u00edn\",\"publisher\":{\"@id\":\"https:\/\/keramamueblesdejardin.com\/fr\/#organization\"},\"potentialAction\":[{\"@type\":\"SearchAction\",\"target\":{\"@type\":\"EntryPoint\",\"urlTemplate\":\"https:\/\/keramamueblesdejardin.com\/fr\/?s={search_term_string}\"},\"query-input\":{\"@type\":\"PropertyValueSpecification\",\"valueRequired\":true,\"valueName\":\"search_term_string\"}}],\"inLanguage\":\"fr-FR\"},{\"@type\":\"Organization\",\"@id\":\"https:\/\/keramamueblesdejardin.com\/fr\/#organization\",\"name\":\"kerama\",\"url\":\"https:\/\/keramamueblesdejardin.com\/fr\/\",\"logo\":{\"@type\":\"ImageObject\",\"inLanguage\":\"fr-FR\",\"@id\":\"https:\/\/keramamueblesdejardin.com\/fr\/#\/schema\/logo\/image\/\",\"url\":\"https:\/\/keramamueblesdejardin.com\/wp-content\/uploads\/2020\/12\/k.-scaled.jpg\",\"contentUrl\":\"https:\/\/keramamueblesdejardin.com\/wp-content\/uploads\/2020\/12\/k.-scaled.jpg\",\"width\":2560,\"height\":551,\"caption\":\"kerama\"},\"image\":{\"@id\":\"https:\/\/keramamueblesdejardin.com\/fr\/#\/schema\/logo\/image\/\"},\"sameAs\":[\"https:\/\/www.facebook.com\/Kerama-Muebles-de-Jard\u00edn-106209328312568\/\"]}]}<\/script>\n<!-- \/ Yoast SEO plugin. -->","yoast_head_json":{"title":"Table de jardin en bois \u00e0 rallonge 150\/210x90 cm - Java - Kerama","robots":{"index":"index","follow":"follow","max-snippet":"max-snippet:-1","max-image-preview":"max-image-preview:large","max-video-preview":"max-video-preview:-1"},"canonical":"https:\/\/keramamueblesdejardin.com\/fr\/diner-en-plein-air\/tables-de-jardin\/mesa-jardin-extensible-madera-150-210x90-cm-java\/","og_locale":"fr_FR","og_type":"article","og_title":"Table de jardin en bois \u00e0 rallonge 150\/210x90 cm - Java - Kerama","og_description":"Table de jardin extensible 150\/210 x 100 x 74,5 cm  Fabriqu\u00e9 en bois d'acacia certifi\u00e9 FSC","og_url":"https:\/\/keramamueblesdejardin.com\/fr\/diner-en-plein-air\/tables-de-jardin\/mesa-jardin-extensible-madera-150-210x90-cm-java\/","og_site_name":"Kerama","article_publisher":"https:\/\/www.facebook.com\/Kerama-Muebles-de-Jard%c3%adn-106209328312568\/","article_modified_time":"2023-10-25T06:52:51+00:00","og_image":[{"width":2560,"height":1707,"url":"https:\/\/keramamueblesdejardin.com\/wp-content\/uploads\/2021\/11\/L1520901-1-scaled.jpg","type":"image\/jpeg"}],"twitter_card":"summary_large_image","schema":{"@context":"https:\/\/schema.org","@graph":[{"@type":"WebPage","@id":"https:\/\/keramamueblesdejardin.com\/fr\/diner-en-plein-air\/tables-de-jardin\/mesa-jardin-extensible-madera-150-210x90-cm-java\/","url":"https:\/\/keramamueblesdejardin.com\/fr\/diner-en-plein-air\/tables-de-jardin\/mesa-jardin-extensible-madera-150-210x90-cm-java\/","name":"Table de jardin en bois \u00e0 rallonge 150\/210x90 cm - Java - Kerama","isPartOf":{"@id":"https:\/\/keramamueblesdejardin.com\/fr\/#website"},"primaryImageOfPage":{"@id":"https:\/\/keramamueblesdejardin.com\/fr\/diner-en-plein-air\/tables-de-jardin\/mesa-jardin-extensible-madera-150-210x90-cm-java\/#primaryimage"},"image":{"@id":"https:\/\/keramamueblesdejardin.com\/fr\/diner-en-plein-air\/tables-de-jardin\/mesa-jardin-extensible-madera-150-210x90-cm-java\/#primaryimage"},"thumbnailUrl":"https:\/\/keramamueblesdejardin.com\/wp-content\/uploads\/2021\/11\/L1520901-1-scaled.jpg","datePublished":"2021-11-12T13:32:56+00:00","dateModified":"2023-10-25T06:52:51+00:00","breadcrumb":{"@id":"https:\/\/keramamueblesdejardin.com\/fr\/diner-en-plein-air\/tables-de-jardin\/mesa-jardin-extensible-madera-150-210x90-cm-java\/#breadcrumb"},"inLanguage":"fr-FR","potentialAction":[{"@type":"ReadAction","target":["https:\/\/keramamueblesdejardin.com\/fr\/diner-en-plein-air\/tables-de-jardin\/mesa-jardin-extensible-madera-150-210x90-cm-java\/"]}]},{"@type":"ImageObject","inLanguage":"fr-FR","@id":"https:\/\/keramamueblesdejardin.com\/fr\/diner-en-plein-air\/tables-de-jardin\/mesa-jardin-extensible-madera-150-210x90-cm-java\/#primaryimage","url":"https:\/\/keramamueblesdejardin.com\/wp-content\/uploads\/2021\/11\/L1520901-1-scaled.jpg","contentUrl":"https:\/\/keramamueblesdejardin.com\/wp-content\/uploads\/2021\/11\/L1520901-1-scaled.jpg","width":2560,"height":1707},{"@type":"BreadcrumbList","@id":"https:\/\/keramamueblesdejardin.com\/fr\/diner-en-plein-air\/tables-de-jardin\/mesa-jardin-extensible-madera-150-210x90-cm-java\/#breadcrumb","itemListElement":[{"@type":"ListItem","position":1,"name":"Home","item":"https:\/\/keramamueblesdejardin.com\/fr\/"},{"@type":"ListItem","position":2,"name":"Boutique","item":"https:\/\/keramamueblesdejardin.com\/tienda\/"},{"@type":"ListItem","position":3,"name":"D\u00eener en plein air","item":"https:\/\/keramamueblesdejardin.com\/fr\/diner-en-plein-air\/"},{"@type":"ListItem","position":4,"name":"Tables de jardin","item":"https:\/\/keramamueblesdejardin.com\/fr\/diner-en-plein-air\/tables-de-jardin\/"},{"@type":"ListItem","position":5,"name":"Table de jardin en bois \u00e0 rallonge 150\/210&#215;90 cm &#8211; Java"}]},{"@type":"WebSite","@id":"https:\/\/keramamueblesdejardin.com\/fr\/#website","url":"https:\/\/keramamueblesdejardin.com\/fr\/","name":"Kerama","description":"muebles de jard\u00edn","publisher":{"@id":"https:\/\/keramamueblesdejardin.com\/fr\/#organization"},"potentialAction":[{"@type":"SearchAction","target":{"@type":"EntryPoint","urlTemplate":"https:\/\/keramamueblesdejardin.com\/fr\/?s={search_term_string}"},"query-input":{"@type":"PropertyValueSpecification","valueRequired":true,"valueName":"search_term_string"}}],"inLanguage":"fr-FR"},{"@type":"Organization","@id":"https:\/\/keramamueblesdejardin.com\/fr\/#organization","name":"kerama","url":"https:\/\/keramamueblesdejardin.com\/fr\/","logo":{"@type":"ImageObject","inLanguage":"fr-FR","@id":"https:\/\/keramamueblesdejardin.com\/fr\/#\/schema\/logo\/image\/","url":"https:\/\/keramamueblesdejardin.com\/wp-content\/uploads\/2020\/12\/k.-scaled.jpg","contentUrl":"https:\/\/keramamueblesdejardin.com\/wp-content\/uploads\/2020\/12\/k.-scaled.jpg","width":2560,"height":551,"caption":"kerama"},"image":{"@id":"https:\/\/keramamueblesdejardin.com\/fr\/#\/schema\/logo\/image\/"},"sameAs":["https:\/\/www.facebook.com\/Kerama-Muebles-de-Jard\u00edn-106209328312568\/"]}]}},"df_price":549,"df_sale_price":549,"df_regular_price":683,"df_image_link":"https:\/\/keramamueblesdejardin.com\/wp-content\/uploads\/2021\/11\/L1520901-1-300x200.jpg","custom_tabs":[{"title":"MESURES","id":"mesures","content":"<strong>Hauteur :<\/strong> 74,5 cm\n<strong>Largeur :<\/strong> 100 cm\nLongueur : 150 cm (non \u00e9tendu) 210 cm (\u00e9tendu)\n<strong>Poids du produit :<\/strong> 31 kg"},{"title":"D\u00c9BALLAGE ET MONTAGE","id":"deballage-et-montage","content":"<strong>Recommandations pour le d\u00e9ballage :<\/strong> Ne pas utiliser d'outils tranchants lors du d\u00e9ballage du meuble car cela pourrait l'endommager.\n<strong>Montage requis (O\/N) :<\/strong> Oui\n<strong>Difficult\u00e9 d'assemblage :<\/strong> Moyenne\n<strong>Temps de montage :<\/strong> 60\n<strong>Personnes recommand\u00e9es pour le montage :<\/strong> 2\n<strong>Suggestions de montage :<\/strong> Pr\u00e9parez une zone de montage propre et s\u00e8che, v\u00e9rifiez qu'aucune des pi\u00e8ces list\u00e9es dans le manuel ne manque. Nous recommandons l'utilisation de gants appropri\u00e9s pour le montage. N'utilisez que les pi\u00e8ces et les raccords fournis."},{"title":"ENTRETIEN ET GARANTIES","id":"entretien-et-garanties","content":"<div class=\"moz-signature\"><div class=\"list\"><strong>Recommandations g\u00e9n\u00e9rales :<\/strong> <br>- Les d\u00e9faillances ou les dommages caus\u00e9s par les \u00e9l\u00e9ments suivants sont exclus de la garantie :<br>- Les causes accidentelles telles que chutes, coups, d\u00e9versement de liquides, introduction de corps \u00e9trangers, ainsi que toute autre force majeure.<br>- Utilisation n\u00e9gligente, inappropri\u00e9e ou non domestique.<br>- Dommages, corrosion et\/ou oxydation acc\u00e9l\u00e9r\u00e9s par des conditions environnementales d\u00e9favorables.<br>- Taches et d\u00e9coloration dues au non-respect de nos instructions de nettoyage.<br>- Dommages survenus lors du montage et de la manipulation sans respecter les instructions de montage.<br><strong>Instructions d'utilisation et d'entretien :<\/strong> <br>- Essuyez doucement avec un chiffon ou utilisez un savon liquide neutre, puis rincez abondamment \u00e0 l'eau.<br>- Enlevez r\u00e9guli\u00e8rement la poussi\u00e8re avec un chiffon doux et de l'eau claire.<br>- N'utilisez pas de d\u00e9tergents ou de produits abrasifs pour le nettoyage.<br><strong>Ann\u00e9es de garantie :<\/strong> 3 ans<br><strong>Fabriqu\u00e9 conform\u00e9ment \u00e0 la norme :<\/strong> 581-1,581-2,581-3<\/div><\/div>"}],"_links":{"self":[{"href":"https:\/\/keramamueblesdejardin.com\/fr\/wp-json\/wp\/v2\/product\/64947","targetHints":{"allow":["GET"]}}],"collection":[{"href":"https:\/\/keramamueblesdejardin.com\/fr\/wp-json\/wp\/v2\/product"}],"about":[{"href":"https:\/\/keramamueblesdejardin.com\/fr\/wp-json\/wp\/v2\/types\/product"}],"replies":[{"embeddable":true,"href":"https:\/\/keramamueblesdejardin.com\/fr\/wp-json\/wp\/v2\/comments?post=64947"}],"wp:featuredmedia":[{"embeddable":true,"href":"https:\/\/keramamueblesdejardin.com\/fr\/wp-json\/wp\/v2\/media\/56837"}],"wp:attachment":[{"href":"https:\/\/keramamueblesdejardin.com\/fr\/wp-json\/wp\/v2\/media?parent=64947"}],"wp:term":[{"taxonomy":"product_brand","embeddable":true,"href":"https:\/\/keramamueblesdejardin.com\/fr\/wp-json\/wp\/v2\/product_brand?post=64947"},{"taxonomy":"product_cat","embeddable":true,"href":"https:\/\/keramamueblesdejardin.com\/fr\/wp-json\/wp\/v2\/product_cat?post=64947"},{"taxonomy":"product_tag","embeddable":true,"href":"https:\/\/keramamueblesdejardin.com\/fr\/wp-json\/wp\/v2\/product_tag?post=64947"}],"curies":[{"name":"wp","href":"https:\/\/api.w.org\/{rel}","templated":true}]}}