{"id":64927,"date":"2022-04-27T10:56:02","date_gmt":"2022-04-27T08:56:02","guid":{"rendered":"https:\/\/keramamueblesdejardin.com\/non%20class\u00e9\/lit-balinais-en-aluminium-anthracite-avec-coussins-blancs-balinais\/"},"modified":"2024-10-10T15:20:36","modified_gmt":"2024-10-10T13:20:36","slug":"lit-balinese-aluminium-couleur-anthracite-et-blanc-coussins-balinese","status":"publish","type":"product","link":"https:\/\/keramamueblesdejardin.com\/fr\/chaises-longues-et-detente\/lits-balinais\/lit-balinese-aluminium-couleur-anthracite-et-blanc-coussins-balinese\/","title":{"rendered":"Lit balinais en aluminium anthracite avec coussins blancs &#8211; Balinais"},"content":{"rendered":"<p>Lit double balinais r\u00e9alis\u00e9 avec une structure en aluminium anthracite et des coussins en cuir nautique blanc. Elle est dot\u00e9e de rideaux coulissants en polyester haute densit\u00e9, dont la position est r\u00e9glable gr\u00e2ce \u00e0 des rails. En outre, les 2 dossiers peuvent \u00eatre inclin\u00e9s sur 5 positions. Le matelas imperm\u00e9able a une \u00e9paisseur de 15 cm et comprend 2 oreillers pour une relaxation totale. Il est id\u00e9al pour profiter de l&rsquo;ext\u00e9rieur et se d\u00e9tendre.<\/p>\n","protected":false},"excerpt":{"rendered":"<ul>\n<li>Cadre en aluminium et coussins en cuir nautique<\/li>\n<li>Rideaux coulissants en polyester haute densit\u00e9, r\u00e9glables en position par des rails<\/li>\n<li>Les dossiers sont inclinables en 5 positions.<\/li>\n<li>Matelas imperm\u00e9able de 15 cm d&rsquo;\u00e9paisseur et 2 coussins inclus<\/li>\n<\/ul>\n","protected":false},"featured_media":145268,"comment_status":"closed","ping_status":"closed","template":"","meta":{"_acf_changed":false},"product_brand":[],"product_cat":[563,564],"product_tag":[],"class_list":{"0":"post-64927","1":"product","2":"type-product","3":"status-publish","4":"has-post-thumbnail","6":"product_cat-chaises-longues-et-detente","7":"product_cat-lits-balinais","8":"product_shipping_class-envio-gratuito-fr","9":"pa_caracteristicas-resistant-a-l-eau","10":"pa_coleccion-balinais","11":"pa_material-aluminio-fr","13":"first","14":"instock","15":"sale","16":"purchasable","17":"product-type-simple","18":"add-to-wishlist-before_image"},"acf":[],"yoast_head":"<!-- This site is optimized with the Yoast SEO plugin v27.2 - https:\/\/yoast.com\/product\/yoast-seo-wordpress\/ -->\n<title>Lit balinais en aluminium anthracite avec coussins blancs - Balinais - Kerama<\/title>\n<meta name=\"robots\" content=\"index, follow, max-snippet:-1, max-image-preview:large, max-video-preview:-1\" \/>\n<link rel=\"canonical\" href=\"https:\/\/keramamueblesdejardin.com\/fr\/chaises-longues-et-detente\/lits-balinais\/lit-balinese-aluminium-couleur-anthracite-et-blanc-coussins-balinese\/\" \/>\n<meta property=\"og:locale\" content=\"fr_FR\" \/>\n<meta property=\"og:type\" content=\"article\" \/>\n<meta property=\"og:title\" content=\"Lit balinais en aluminium anthracite avec coussins blancs - Balinais - Kerama\" \/>\n<meta property=\"og:description\" content=\"Cadre en aluminium et coussins en cuir nautique  Rideaux coulissants en polyester haute densit\u00e9, r\u00e9glables en position par des rails  Les dossiers sont inclinables en 5 positions.  Matelas imperm\u00e9able de 15 cm d&#039;\u00e9paisseur et 2 coussins inclus\" \/>\n<meta property=\"og:url\" content=\"https:\/\/keramamueblesdejardin.com\/fr\/chaises-longues-et-detente\/lits-balinais\/lit-balinese-aluminium-couleur-anthracite-et-blanc-coussins-balinese\/\" \/>\n<meta property=\"og:site_name\" content=\"Kerama\" \/>\n<meta property=\"article:publisher\" content=\"https:\/\/www.facebook.com\/Kerama-Muebles-de-Jard%c3%adn-106209328312568\/\" \/>\n<meta property=\"article:modified_time\" content=\"2024-10-10T13:20:36+00:00\" \/>\n<meta property=\"og:image\" content=\"https:\/\/keramamueblesdejardin.com\/wp-content\/uploads\/2022\/04\/balinesa-antracita-balnca.jpg\" \/>\n\t<meta property=\"og:image:width\" content=\"1200\" \/>\n\t<meta property=\"og:image:height\" content=\"1200\" \/>\n\t<meta property=\"og:image:type\" content=\"image\/jpeg\" \/>\n<meta name=\"twitter:card\" content=\"summary_large_image\" \/>\n<script type=\"application\/ld+json\" class=\"yoast-schema-graph\">{\"@context\":\"https:\/\/schema.org\",\"@graph\":[{\"@type\":\"WebPage\",\"@id\":\"https:\/\/keramamueblesdejardin.com\/fr\/chaises-longues-et-detente\/lits-balinais\/lit-balinese-aluminium-couleur-anthracite-et-blanc-coussins-balinese\/\",\"url\":\"https:\/\/keramamueblesdejardin.com\/fr\/chaises-longues-et-detente\/lits-balinais\/lit-balinese-aluminium-couleur-anthracite-et-blanc-coussins-balinese\/\",\"name\":\"Lit balinais en aluminium anthracite avec coussins blancs - Balinais - Kerama\",\"isPartOf\":{\"@id\":\"https:\/\/keramamueblesdejardin.com\/fr\/#website\"},\"primaryImageOfPage\":{\"@id\":\"https:\/\/keramamueblesdejardin.com\/fr\/chaises-longues-et-detente\/lits-balinais\/lit-balinese-aluminium-couleur-anthracite-et-blanc-coussins-balinese\/#primaryimage\"},\"image\":{\"@id\":\"https:\/\/keramamueblesdejardin.com\/fr\/chaises-longues-et-detente\/lits-balinais\/lit-balinese-aluminium-couleur-anthracite-et-blanc-coussins-balinese\/#primaryimage\"},\"thumbnailUrl\":\"https:\/\/keramamueblesdejardin.com\/wp-content\/uploads\/2022\/04\/balinesa-antracita-balnca.jpg\",\"datePublished\":\"2022-04-27T08:56:02+00:00\",\"dateModified\":\"2024-10-10T13:20:36+00:00\",\"breadcrumb\":{\"@id\":\"https:\/\/keramamueblesdejardin.com\/fr\/chaises-longues-et-detente\/lits-balinais\/lit-balinese-aluminium-couleur-anthracite-et-blanc-coussins-balinese\/#breadcrumb\"},\"inLanguage\":\"fr-FR\",\"potentialAction\":[{\"@type\":\"ReadAction\",\"target\":[\"https:\/\/keramamueblesdejardin.com\/fr\/chaises-longues-et-detente\/lits-balinais\/lit-balinese-aluminium-couleur-anthracite-et-blanc-coussins-balinese\/\"]}]},{\"@type\":\"ImageObject\",\"inLanguage\":\"fr-FR\",\"@id\":\"https:\/\/keramamueblesdejardin.com\/fr\/chaises-longues-et-detente\/lits-balinais\/lit-balinese-aluminium-couleur-anthracite-et-blanc-coussins-balinese\/#primaryimage\",\"url\":\"https:\/\/keramamueblesdejardin.com\/wp-content\/uploads\/2022\/04\/balinesa-antracita-balnca.jpg\",\"contentUrl\":\"https:\/\/keramamueblesdejardin.com\/wp-content\/uploads\/2022\/04\/balinesa-antracita-balnca.jpg\",\"width\":1200,\"height\":1200},{\"@type\":\"BreadcrumbList\",\"@id\":\"https:\/\/keramamueblesdejardin.com\/fr\/chaises-longues-et-detente\/lits-balinais\/lit-balinese-aluminium-couleur-anthracite-et-blanc-coussins-balinese\/#breadcrumb\",\"itemListElement\":[{\"@type\":\"ListItem\",\"position\":1,\"name\":\"Home\",\"item\":\"https:\/\/keramamueblesdejardin.com\/fr\/\"},{\"@type\":\"ListItem\",\"position\":2,\"name\":\"Boutique\",\"item\":\"https:\/\/keramamueblesdejardin.com\/tienda\/\"},{\"@type\":\"ListItem\",\"position\":3,\"name\":\"Chaises longues et d\u00e9tente\",\"item\":\"https:\/\/keramamueblesdejardin.com\/fr\/chaises-longues-et-detente\/\"},{\"@type\":\"ListItem\",\"position\":4,\"name\":\"Lits balinais\",\"item\":\"https:\/\/keramamueblesdejardin.com\/fr\/chaises-longues-et-detente\/lits-balinais\/\"},{\"@type\":\"ListItem\",\"position\":5,\"name\":\"Lit balinais en aluminium anthracite avec coussins blancs &#8211; Balinais\"}]},{\"@type\":\"WebSite\",\"@id\":\"https:\/\/keramamueblesdejardin.com\/fr\/#website\",\"url\":\"https:\/\/keramamueblesdejardin.com\/fr\/\",\"name\":\"Kerama\",\"description\":\"muebles de jard\u00edn\",\"publisher\":{\"@id\":\"https:\/\/keramamueblesdejardin.com\/fr\/#organization\"},\"potentialAction\":[{\"@type\":\"SearchAction\",\"target\":{\"@type\":\"EntryPoint\",\"urlTemplate\":\"https:\/\/keramamueblesdejardin.com\/fr\/?s={search_term_string}\"},\"query-input\":{\"@type\":\"PropertyValueSpecification\",\"valueRequired\":true,\"valueName\":\"search_term_string\"}}],\"inLanguage\":\"fr-FR\"},{\"@type\":\"Organization\",\"@id\":\"https:\/\/keramamueblesdejardin.com\/fr\/#organization\",\"name\":\"kerama\",\"url\":\"https:\/\/keramamueblesdejardin.com\/fr\/\",\"logo\":{\"@type\":\"ImageObject\",\"inLanguage\":\"fr-FR\",\"@id\":\"https:\/\/keramamueblesdejardin.com\/fr\/#\/schema\/logo\/image\/\",\"url\":\"https:\/\/keramamueblesdejardin.com\/wp-content\/uploads\/2020\/12\/k.-scaled.jpg\",\"contentUrl\":\"https:\/\/keramamueblesdejardin.com\/wp-content\/uploads\/2020\/12\/k.-scaled.jpg\",\"width\":2560,\"height\":551,\"caption\":\"kerama\"},\"image\":{\"@id\":\"https:\/\/keramamueblesdejardin.com\/fr\/#\/schema\/logo\/image\/\"},\"sameAs\":[\"https:\/\/www.facebook.com\/Kerama-Muebles-de-Jard\u00edn-106209328312568\/\"]}]}<\/script>\n<!-- \/ Yoast SEO plugin. -->","yoast_head_json":{"title":"Lit balinais en aluminium anthracite avec coussins blancs - Balinais - Kerama","robots":{"index":"index","follow":"follow","max-snippet":"max-snippet:-1","max-image-preview":"max-image-preview:large","max-video-preview":"max-video-preview:-1"},"canonical":"https:\/\/keramamueblesdejardin.com\/fr\/chaises-longues-et-detente\/lits-balinais\/lit-balinese-aluminium-couleur-anthracite-et-blanc-coussins-balinese\/","og_locale":"fr_FR","og_type":"article","og_title":"Lit balinais en aluminium anthracite avec coussins blancs - Balinais - Kerama","og_description":"Cadre en aluminium et coussins en cuir nautique  Rideaux coulissants en polyester haute densit\u00e9, r\u00e9glables en position par des rails  Les dossiers sont inclinables en 5 positions.  Matelas imperm\u00e9able de 15 cm d'\u00e9paisseur et 2 coussins inclus","og_url":"https:\/\/keramamueblesdejardin.com\/fr\/chaises-longues-et-detente\/lits-balinais\/lit-balinese-aluminium-couleur-anthracite-et-blanc-coussins-balinese\/","og_site_name":"Kerama","article_publisher":"https:\/\/www.facebook.com\/Kerama-Muebles-de-Jard%c3%adn-106209328312568\/","article_modified_time":"2024-10-10T13:20:36+00:00","og_image":[{"width":1200,"height":1200,"url":"https:\/\/keramamueblesdejardin.com\/wp-content\/uploads\/2022\/04\/balinesa-antracita-balnca.jpg","type":"image\/jpeg"}],"twitter_card":"summary_large_image","schema":{"@context":"https:\/\/schema.org","@graph":[{"@type":"WebPage","@id":"https:\/\/keramamueblesdejardin.com\/fr\/chaises-longues-et-detente\/lits-balinais\/lit-balinese-aluminium-couleur-anthracite-et-blanc-coussins-balinese\/","url":"https:\/\/keramamueblesdejardin.com\/fr\/chaises-longues-et-detente\/lits-balinais\/lit-balinese-aluminium-couleur-anthracite-et-blanc-coussins-balinese\/","name":"Lit balinais en aluminium anthracite avec coussins blancs - Balinais - Kerama","isPartOf":{"@id":"https:\/\/keramamueblesdejardin.com\/fr\/#website"},"primaryImageOfPage":{"@id":"https:\/\/keramamueblesdejardin.com\/fr\/chaises-longues-et-detente\/lits-balinais\/lit-balinese-aluminium-couleur-anthracite-et-blanc-coussins-balinese\/#primaryimage"},"image":{"@id":"https:\/\/keramamueblesdejardin.com\/fr\/chaises-longues-et-detente\/lits-balinais\/lit-balinese-aluminium-couleur-anthracite-et-blanc-coussins-balinese\/#primaryimage"},"thumbnailUrl":"https:\/\/keramamueblesdejardin.com\/wp-content\/uploads\/2022\/04\/balinesa-antracita-balnca.jpg","datePublished":"2022-04-27T08:56:02+00:00","dateModified":"2024-10-10T13:20:36+00:00","breadcrumb":{"@id":"https:\/\/keramamueblesdejardin.com\/fr\/chaises-longues-et-detente\/lits-balinais\/lit-balinese-aluminium-couleur-anthracite-et-blanc-coussins-balinese\/#breadcrumb"},"inLanguage":"fr-FR","potentialAction":[{"@type":"ReadAction","target":["https:\/\/keramamueblesdejardin.com\/fr\/chaises-longues-et-detente\/lits-balinais\/lit-balinese-aluminium-couleur-anthracite-et-blanc-coussins-balinese\/"]}]},{"@type":"ImageObject","inLanguage":"fr-FR","@id":"https:\/\/keramamueblesdejardin.com\/fr\/chaises-longues-et-detente\/lits-balinais\/lit-balinese-aluminium-couleur-anthracite-et-blanc-coussins-balinese\/#primaryimage","url":"https:\/\/keramamueblesdejardin.com\/wp-content\/uploads\/2022\/04\/balinesa-antracita-balnca.jpg","contentUrl":"https:\/\/keramamueblesdejardin.com\/wp-content\/uploads\/2022\/04\/balinesa-antracita-balnca.jpg","width":1200,"height":1200},{"@type":"BreadcrumbList","@id":"https:\/\/keramamueblesdejardin.com\/fr\/chaises-longues-et-detente\/lits-balinais\/lit-balinese-aluminium-couleur-anthracite-et-blanc-coussins-balinese\/#breadcrumb","itemListElement":[{"@type":"ListItem","position":1,"name":"Home","item":"https:\/\/keramamueblesdejardin.com\/fr\/"},{"@type":"ListItem","position":2,"name":"Boutique","item":"https:\/\/keramamueblesdejardin.com\/tienda\/"},{"@type":"ListItem","position":3,"name":"Chaises longues et d\u00e9tente","item":"https:\/\/keramamueblesdejardin.com\/fr\/chaises-longues-et-detente\/"},{"@type":"ListItem","position":4,"name":"Lits balinais","item":"https:\/\/keramamueblesdejardin.com\/fr\/chaises-longues-et-detente\/lits-balinais\/"},{"@type":"ListItem","position":5,"name":"Lit balinais en aluminium anthracite avec coussins blancs &#8211; Balinais"}]},{"@type":"WebSite","@id":"https:\/\/keramamueblesdejardin.com\/fr\/#website","url":"https:\/\/keramamueblesdejardin.com\/fr\/","name":"Kerama","description":"muebles de jard\u00edn","publisher":{"@id":"https:\/\/keramamueblesdejardin.com\/fr\/#organization"},"potentialAction":[{"@type":"SearchAction","target":{"@type":"EntryPoint","urlTemplate":"https:\/\/keramamueblesdejardin.com\/fr\/?s={search_term_string}"},"query-input":{"@type":"PropertyValueSpecification","valueRequired":true,"valueName":"search_term_string"}}],"inLanguage":"fr-FR"},{"@type":"Organization","@id":"https:\/\/keramamueblesdejardin.com\/fr\/#organization","name":"kerama","url":"https:\/\/keramamueblesdejardin.com\/fr\/","logo":{"@type":"ImageObject","inLanguage":"fr-FR","@id":"https:\/\/keramamueblesdejardin.com\/fr\/#\/schema\/logo\/image\/","url":"https:\/\/keramamueblesdejardin.com\/wp-content\/uploads\/2020\/12\/k.-scaled.jpg","contentUrl":"https:\/\/keramamueblesdejardin.com\/wp-content\/uploads\/2020\/12\/k.-scaled.jpg","width":2560,"height":551,"caption":"kerama"},"image":{"@id":"https:\/\/keramamueblesdejardin.com\/fr\/#\/schema\/logo\/image\/"},"sameAs":["https:\/\/www.facebook.com\/Kerama-Muebles-de-Jard\u00edn-106209328312568\/"]}]}},"df_price":1769,"df_sale_price":1769,"df_regular_price":2742,"df_image_link":"https:\/\/keramamueblesdejardin.com\/wp-content\/uploads\/2022\/04\/balinesa-antracita-balnca-300x300.jpg","custom_tabs":[{"title":"MESURES","id":"mesures","content":"<div class=\"list\"><strong style=\"font-weight: bold; color: #282828;\">Hauteur :<\/strong><span style=\"color: #282828;\"> 200 cm<\/span><br style=\"color: #282828;\"><strong style=\"font-weight: bold; color: #282828;\">Largeur :<\/strong><span style=\"color: #282828;\"> 180 cm<\/span><br style=\"color: #282828;\"><strong style=\"font-weight: bold; color: #282828;\">Profondeur :<\/strong><span style=\"color: #282828;\"> 200 cm<\/span><br style=\"color: #282828;\"><strong style=\"font-weight: bold; color: #282828;\">Poids du produit :<\/strong><span style=\"color: #282828;\"> 55 kg<\/span><br style=\"color: #282828;\"><strong style=\"font-weight: bold; color: #282828;\">Hauteur du si\u00e8ge :<\/strong><span style=\"color: #282828;\"> 45 cm<\/span><\/div>"},{"title":"D\u00c9BALLAGE ET MONTAGE","id":"deballage-et-montage","content":"<div class=\"list\"><strong>Recommandations pour le d\u00e9ballage :<\/strong> Ne pas utiliser d'outils tranchants lors du d\u00e9ballage du meuble car cela pourrait l'endommager.\n<strong>Montage requis (O\/N) :<\/strong> Oui\n<strong>Difficult\u00e9 d'assemblage :<\/strong> Moyenne\n<strong>Temps de montage :<\/strong> 45 minutes\n<strong>Personnes recommand\u00e9es pour le montage :<\/strong> 2\n<strong>Suggestions de montage :<\/strong> Pr\u00e9parez une zone de montage propre et s\u00e8che, v\u00e9rifiez qu'aucune des pi\u00e8ces list\u00e9es dans le manuel ne manque. Nous recommandons l'utilisation de gants appropri\u00e9s pour le montage. N'utilisez que les pi\u00e8ces et les raccords fournis.<\/div>"},{"title":"ENTRETIEN ET GARANTIES","id":"entretien-et-garanties","content":"<div class=\"moz-signature\">\n<div class=\"list\"><strong>Recommandations g\u00e9n\u00e9rales :<\/strong>\n- Les d\u00e9faillances ou les dommages caus\u00e9s par les \u00e9l\u00e9ments suivants sont exclus de la garantie :\n- Les causes accidentelles telles que chutes, coups, d\u00e9versement de liquides, introduction de corps \u00e9trangers, ainsi que toute autre force majeure.\n- Utilisation n\u00e9gligente, inappropri\u00e9e ou non domestique.\n- Dommages, corrosion et\/ou oxydation acc\u00e9l\u00e9r\u00e9s par des conditions environnementales d\u00e9favorables.\n- Taches et d\u00e9coloration dues au non-respect de nos instructions de nettoyage.\n- Dommages survenus lors du montage et de la manipulation sans respecter les instructions de montage.\n<strong>Instructions d'utilisation et d'entretien :<\/strong>\n- Essuyez doucement avec un chiffon ou utilisez un savon liquide neutre, puis rincez abondamment \u00e0 l'eau.\n- Enlevez r\u00e9guli\u00e8rement la poussi\u00e8re avec un chiffon doux et de l'eau claire.\n- N'utilisez pas de d\u00e9tergents ou de produits abrasifs pour le nettoyage.\n<strong>Ann\u00e9es de garantie :<\/strong> 3 ans\n<strong>Fabriqu\u00e9 conform\u00e9ment \u00e0 la norme :<\/strong> 581-1,581-2,581-3<\/div>\n<\/div>"}],"_links":{"self":[{"href":"https:\/\/keramamueblesdejardin.com\/fr\/wp-json\/wp\/v2\/product\/64927","targetHints":{"allow":["GET"]}}],"collection":[{"href":"https:\/\/keramamueblesdejardin.com\/fr\/wp-json\/wp\/v2\/product"}],"about":[{"href":"https:\/\/keramamueblesdejardin.com\/fr\/wp-json\/wp\/v2\/types\/product"}],"replies":[{"embeddable":true,"href":"https:\/\/keramamueblesdejardin.com\/fr\/wp-json\/wp\/v2\/comments?post=64927"}],"wp:featuredmedia":[{"embeddable":true,"href":"https:\/\/keramamueblesdejardin.com\/fr\/wp-json\/wp\/v2\/media\/145268"}],"wp:attachment":[{"href":"https:\/\/keramamueblesdejardin.com\/fr\/wp-json\/wp\/v2\/media?parent=64927"}],"wp:term":[{"taxonomy":"product_brand","embeddable":true,"href":"https:\/\/keramamueblesdejardin.com\/fr\/wp-json\/wp\/v2\/product_brand?post=64927"},{"taxonomy":"product_cat","embeddable":true,"href":"https:\/\/keramamueblesdejardin.com\/fr\/wp-json\/wp\/v2\/product_cat?post=64927"},{"taxonomy":"product_tag","embeddable":true,"href":"https:\/\/keramamueblesdejardin.com\/fr\/wp-json\/wp\/v2\/product_tag?post=64927"}],"curies":[{"name":"wp","href":"https:\/\/api.w.org\/{rel}","templated":true}]}}