{"id":64919,"date":"2021-10-21T15:53:21","date_gmt":"2021-10-21T13:53:21","guid":{"rendered":"https:\/\/keramamueblesdejardin.com\/non%20class\u00e9\/ensemble-dangle-de-jardin-en-aluminium-anthracite-et-polywood-osaka\/"},"modified":"2023-09-14T08:04:45","modified_gmt":"2023-09-14T06:04:45","slug":"set-corner-jardin-aluminium-anthracite-et-polyethylene-haute-densite-osaka","status":"publish","type":"product","link":"https:\/\/keramamueblesdejardin.com\/fr\/salles-exterieures\/ensembles-de-jardin\/set-corner-jardin-aluminium-anthracite-et-polyethylene-haute-densite-osaka\/","title":{"rendered":"Corner Garden Set Anthracite Aluminium Anthracite et Poly\u00e9thyl\u00e8ne Haute Densit\u00e9 &#8211; Osaka"},"content":{"rendered":"<p>R\u00e9alis\u00e9 avec une structure en aluminium de couleur anthracite avec des plateaux et des tables d&rsquo;appoint en polywood imitation bois, adapt\u00e9 pour 5 places. La structure incorpore des coussins souples en polyester gris dans l&rsquo;assise et le dossier pour une plus grande relaxation et un meilleur confort pendant les longues journ\u00e9es \u00e0 l&rsquo;ext\u00e9rieur. Le design de l&rsquo;ensemble d&rsquo;angle pour jardin ou terrasse comporte 2 petites tables sur chacun des c\u00f4t\u00e9s avec de l&rsquo;espace pour des plateaux, des verres ou des \u00e9l\u00e9ments d\u00e9coratifs. L&rsquo;aluminium est tr\u00e8s r\u00e9sistant aux intemp\u00e9ries pour supporter une longue exposition au soleil ou \u00e0 la pluie sans se soucier de l&rsquo;entretien. Son design minimaliste et nordique est id\u00e9al pour d\u00e9corer votre espace ext\u00e9rieur. De plus, le plateau et les tables, \u00e9tant en polywood, ont l&rsquo;aspect du bois, mais en \u00e9liminant l&rsquo;entretien et le traitement qu&rsquo;implique le bois.<br \/>\nVous pouvez le combiner avec les autres produits de la gamme Osaka.<\/p>\n","protected":false},"excerpt":{"rendered":"<ul>\n<li>Structure en aluminium de couleur anthracite.<\/li>\n<li>Table et c\u00f4t\u00e9s du canap\u00e9 en polywood (sans entretien)<\/li>\n<li>Coussins d\u00e9houssables de couleur grise<\/li>\n<li>Comprenant des clips de connexion pour la fixation d&rsquo;\u00e9l\u00e9ments de meubles<\/li>\n<\/ul>\n","protected":false},"featured_media":81209,"comment_status":"closed","ping_status":"closed","template":"","meta":{"_acf_changed":false},"product_brand":[],"product_cat":[599,604],"product_tag":[565,567,596,577],"class_list":{"0":"post-64919","1":"product","2":"type-product","3":"status-publish","4":"has-post-thumbnail","6":"product_cat-ensembles-de-jardin","7":"product_cat-salles-exterieures","8":"product_tag-aluminium","9":"product_tag-grands-espaces","10":"product_tag-osaka-fr","11":"product_tag-tokyo-fr","12":"product_shipping_class-envio-gratuito-fr","13":"pa_ancho-247-fr","14":"pa_asientos-5-fr","15":"pa_caracteristicas-demi-de-coin","16":"pa_caracteristicas-housses-lavables","17":"pa_coleccion-osaka-fr","18":"pa_espacio-6-1-fr","19":"pa_forma-demi-de-coin","20":"pa_largo-247-fr","21":"pa_m2-610-fr","22":"pa_material-aluminio-fr","23":"pa_material-imitation-bois","24":"pa_tamano-espacio-grand","26":"first","27":"instock","28":"sale","29":"purchasable","30":"product-type-simple","31":"add-to-wishlist-before_image"},"acf":[],"yoast_head":"<!-- This site is optimized with the Yoast SEO plugin v27.4 - https:\/\/yoast.com\/product\/yoast-seo-wordpress\/ -->\n<title>Corner Garden Set Anthracite Aluminium Anthracite et Poly\u00e9thyl\u00e8ne Haute Densit\u00e9 - Osaka - Kerama<\/title>\n<meta name=\"robots\" content=\"index, follow, max-snippet:-1, max-image-preview:large, max-video-preview:-1\" \/>\n<link rel=\"canonical\" href=\"https:\/\/keramamueblesdejardin.com\/fr\/salles-exterieures\/ensembles-de-jardin\/set-corner-jardin-aluminium-anthracite-et-polyethylene-haute-densite-osaka\/\" \/>\n<meta property=\"og:locale\" content=\"fr_FR\" \/>\n<meta property=\"og:type\" content=\"article\" \/>\n<meta property=\"og:title\" content=\"Corner Garden Set Anthracite Aluminium Anthracite et Poly\u00e9thyl\u00e8ne Haute Densit\u00e9 - Osaka - Kerama\" \/>\n<meta property=\"og:description\" content=\"Structure en aluminium de couleur anthracite.  Table et c\u00f4t\u00e9s du canap\u00e9 en polywood (sans entretien)  Coussins d\u00e9houssables de couleur grise  Comprenant des clips de connexion pour la fixation d&#039;\u00e9l\u00e9ments de meubles\" \/>\n<meta property=\"og:url\" content=\"https:\/\/keramamueblesdejardin.com\/fr\/salles-exterieures\/ensembles-de-jardin\/set-corner-jardin-aluminium-anthracite-et-polyethylene-haute-densite-osaka\/\" \/>\n<meta property=\"og:site_name\" content=\"Kerama\" \/>\n<meta property=\"article:publisher\" content=\"https:\/\/www.facebook.com\/Kerama-Muebles-de-Jard%c3%adn-106209328312568\/\" \/>\n<meta property=\"article:modified_time\" content=\"2023-09-14T06:04:45+00:00\" \/>\n<meta property=\"og:image\" content=\"https:\/\/keramamueblesdejardin.com\/wp-content\/uploads\/2021\/10\/osaka-esquinero-negro.jpg\" \/>\n\t<meta property=\"og:image:width\" content=\"1200\" \/>\n\t<meta property=\"og:image:height\" content=\"1200\" \/>\n\t<meta property=\"og:image:type\" content=\"image\/jpeg\" \/>\n<meta name=\"twitter:card\" content=\"summary_large_image\" \/>\n<meta name=\"twitter:label1\" content=\"Dur\u00e9e de lecture estim\u00e9e\" \/>\n\t<meta name=\"twitter:data1\" content=\"1 minute\" \/>\n<script type=\"application\/ld+json\" class=\"yoast-schema-graph\">{\"@context\":\"https:\\\/\\\/schema.org\",\"@graph\":[{\"@type\":\"WebPage\",\"@id\":\"https:\\\/\\\/keramamueblesdejardin.com\\\/fr\\\/salles-exterieures\\\/ensembles-de-jardin\\\/set-corner-jardin-aluminium-anthracite-et-polyethylene-haute-densite-osaka\\\/\",\"url\":\"https:\\\/\\\/keramamueblesdejardin.com\\\/fr\\\/salles-exterieures\\\/ensembles-de-jardin\\\/set-corner-jardin-aluminium-anthracite-et-polyethylene-haute-densite-osaka\\\/\",\"name\":\"Corner Garden Set Anthracite Aluminium Anthracite et Poly\u00e9thyl\u00e8ne Haute Densit\u00e9 - Osaka - Kerama\",\"isPartOf\":{\"@id\":\"https:\\\/\\\/keramamueblesdejardin.com\\\/fr\\\/#website\"},\"primaryImageOfPage\":{\"@id\":\"https:\\\/\\\/keramamueblesdejardin.com\\\/fr\\\/salles-exterieures\\\/ensembles-de-jardin\\\/set-corner-jardin-aluminium-anthracite-et-polyethylene-haute-densite-osaka\\\/#primaryimage\"},\"image\":{\"@id\":\"https:\\\/\\\/keramamueblesdejardin.com\\\/fr\\\/salles-exterieures\\\/ensembles-de-jardin\\\/set-corner-jardin-aluminium-anthracite-et-polyethylene-haute-densite-osaka\\\/#primaryimage\"},\"thumbnailUrl\":\"https:\\\/\\\/keramamueblesdejardin.com\\\/wp-content\\\/uploads\\\/2021\\\/10\\\/osaka-esquinero-negro.jpg\",\"datePublished\":\"2021-10-21T13:53:21+00:00\",\"dateModified\":\"2023-09-14T06:04:45+00:00\",\"breadcrumb\":{\"@id\":\"https:\\\/\\\/keramamueblesdejardin.com\\\/fr\\\/salles-exterieures\\\/ensembles-de-jardin\\\/set-corner-jardin-aluminium-anthracite-et-polyethylene-haute-densite-osaka\\\/#breadcrumb\"},\"inLanguage\":\"fr-FR\",\"potentialAction\":[{\"@type\":\"ReadAction\",\"target\":[\"https:\\\/\\\/keramamueblesdejardin.com\\\/fr\\\/salles-exterieures\\\/ensembles-de-jardin\\\/set-corner-jardin-aluminium-anthracite-et-polyethylene-haute-densite-osaka\\\/\"]}]},{\"@type\":\"ImageObject\",\"inLanguage\":\"fr-FR\",\"@id\":\"https:\\\/\\\/keramamueblesdejardin.com\\\/fr\\\/salles-exterieures\\\/ensembles-de-jardin\\\/set-corner-jardin-aluminium-anthracite-et-polyethylene-haute-densite-osaka\\\/#primaryimage\",\"url\":\"https:\\\/\\\/keramamueblesdejardin.com\\\/wp-content\\\/uploads\\\/2021\\\/10\\\/osaka-esquinero-negro.jpg\",\"contentUrl\":\"https:\\\/\\\/keramamueblesdejardin.com\\\/wp-content\\\/uploads\\\/2021\\\/10\\\/osaka-esquinero-negro.jpg\",\"width\":1200,\"height\":1200},{\"@type\":\"BreadcrumbList\",\"@id\":\"https:\\\/\\\/keramamueblesdejardin.com\\\/fr\\\/salles-exterieures\\\/ensembles-de-jardin\\\/set-corner-jardin-aluminium-anthracite-et-polyethylene-haute-densite-osaka\\\/#breadcrumb\",\"itemListElement\":[{\"@type\":\"ListItem\",\"position\":1,\"name\":\"Home\",\"item\":\"https:\\\/\\\/keramamueblesdejardin.com\\\/fr\\\/\"},{\"@type\":\"ListItem\",\"position\":2,\"name\":\"Boutique\",\"item\":\"https:\\\/\\\/keramamueblesdejardin.com\\\/tienda\\\/\"},{\"@type\":\"ListItem\",\"position\":3,\"name\":\"Salles ext\u00e9rieures\",\"item\":\"https:\\\/\\\/keramamueblesdejardin.com\\\/fr\\\/salles-exterieures\\\/\"},{\"@type\":\"ListItem\",\"position\":4,\"name\":\"Ensembles de jardin\",\"item\":\"https:\\\/\\\/keramamueblesdejardin.com\\\/fr\\\/salles-exterieures\\\/ensembles-de-jardin\\\/\"},{\"@type\":\"ListItem\",\"position\":5,\"name\":\"Corner Garden Set Anthracite Aluminium Anthracite et Poly\u00e9thyl\u00e8ne Haute Densit\u00e9 &#8211; Osaka\"}]},{\"@type\":\"WebSite\",\"@id\":\"https:\\\/\\\/keramamueblesdejardin.com\\\/fr\\\/#website\",\"url\":\"https:\\\/\\\/keramamueblesdejardin.com\\\/fr\\\/\",\"name\":\"Kerama\",\"description\":\"muebles de jard\u00edn\",\"publisher\":{\"@id\":\"https:\\\/\\\/keramamueblesdejardin.com\\\/fr\\\/#organization\"},\"potentialAction\":[{\"@type\":\"SearchAction\",\"target\":{\"@type\":\"EntryPoint\",\"urlTemplate\":\"https:\\\/\\\/keramamueblesdejardin.com\\\/fr\\\/?s={search_term_string}\"},\"query-input\":{\"@type\":\"PropertyValueSpecification\",\"valueRequired\":true,\"valueName\":\"search_term_string\"}}],\"inLanguage\":\"fr-FR\"},{\"@type\":\"Organization\",\"@id\":\"https:\\\/\\\/keramamueblesdejardin.com\\\/fr\\\/#organization\",\"name\":\"kerama\",\"url\":\"https:\\\/\\\/keramamueblesdejardin.com\\\/fr\\\/\",\"logo\":{\"@type\":\"ImageObject\",\"inLanguage\":\"fr-FR\",\"@id\":\"https:\\\/\\\/keramamueblesdejardin.com\\\/fr\\\/#\\\/schema\\\/logo\\\/image\\\/\",\"url\":\"https:\\\/\\\/keramamueblesdejardin.com\\\/wp-content\\\/uploads\\\/2020\\\/12\\\/k.-scaled.jpg\",\"contentUrl\":\"https:\\\/\\\/keramamueblesdejardin.com\\\/wp-content\\\/uploads\\\/2020\\\/12\\\/k.-scaled.jpg\",\"width\":2560,\"height\":551,\"caption\":\"kerama\"},\"image\":{\"@id\":\"https:\\\/\\\/keramamueblesdejardin.com\\\/fr\\\/#\\\/schema\\\/logo\\\/image\\\/\"},\"sameAs\":[\"https:\\\/\\\/www.facebook.com\\\/Kerama-Muebles-de-Jard\u00edn-106209328312568\\\/\"]}]}<\/script>\n<!-- \/ Yoast SEO plugin. -->","yoast_head_json":{"title":"Corner Garden Set Anthracite Aluminium Anthracite et Poly\u00e9thyl\u00e8ne Haute Densit\u00e9 - Osaka - Kerama","robots":{"index":"index","follow":"follow","max-snippet":"max-snippet:-1","max-image-preview":"max-image-preview:large","max-video-preview":"max-video-preview:-1"},"canonical":"https:\/\/keramamueblesdejardin.com\/fr\/salles-exterieures\/ensembles-de-jardin\/set-corner-jardin-aluminium-anthracite-et-polyethylene-haute-densite-osaka\/","og_locale":"fr_FR","og_type":"article","og_title":"Corner Garden Set Anthracite Aluminium Anthracite et Poly\u00e9thyl\u00e8ne Haute Densit\u00e9 - Osaka - Kerama","og_description":"Structure en aluminium de couleur anthracite.  Table et c\u00f4t\u00e9s du canap\u00e9 en polywood (sans entretien)  Coussins d\u00e9houssables de couleur grise  Comprenant des clips de connexion pour la fixation d'\u00e9l\u00e9ments de meubles","og_url":"https:\/\/keramamueblesdejardin.com\/fr\/salles-exterieures\/ensembles-de-jardin\/set-corner-jardin-aluminium-anthracite-et-polyethylene-haute-densite-osaka\/","og_site_name":"Kerama","article_publisher":"https:\/\/www.facebook.com\/Kerama-Muebles-de-Jard%c3%adn-106209328312568\/","article_modified_time":"2023-09-14T06:04:45+00:00","og_image":[{"width":1200,"height":1200,"url":"https:\/\/keramamueblesdejardin.com\/wp-content\/uploads\/2021\/10\/osaka-esquinero-negro.jpg","type":"image\/jpeg"}],"twitter_card":"summary_large_image","twitter_misc":{"Dur\u00e9e de lecture estim\u00e9e":"1 minute"},"schema":{"@context":"https:\/\/schema.org","@graph":[{"@type":"WebPage","@id":"https:\/\/keramamueblesdejardin.com\/fr\/salles-exterieures\/ensembles-de-jardin\/set-corner-jardin-aluminium-anthracite-et-polyethylene-haute-densite-osaka\/","url":"https:\/\/keramamueblesdejardin.com\/fr\/salles-exterieures\/ensembles-de-jardin\/set-corner-jardin-aluminium-anthracite-et-polyethylene-haute-densite-osaka\/","name":"Corner Garden Set Anthracite Aluminium Anthracite et Poly\u00e9thyl\u00e8ne Haute Densit\u00e9 - Osaka - Kerama","isPartOf":{"@id":"https:\/\/keramamueblesdejardin.com\/fr\/#website"},"primaryImageOfPage":{"@id":"https:\/\/keramamueblesdejardin.com\/fr\/salles-exterieures\/ensembles-de-jardin\/set-corner-jardin-aluminium-anthracite-et-polyethylene-haute-densite-osaka\/#primaryimage"},"image":{"@id":"https:\/\/keramamueblesdejardin.com\/fr\/salles-exterieures\/ensembles-de-jardin\/set-corner-jardin-aluminium-anthracite-et-polyethylene-haute-densite-osaka\/#primaryimage"},"thumbnailUrl":"https:\/\/keramamueblesdejardin.com\/wp-content\/uploads\/2021\/10\/osaka-esquinero-negro.jpg","datePublished":"2021-10-21T13:53:21+00:00","dateModified":"2023-09-14T06:04:45+00:00","breadcrumb":{"@id":"https:\/\/keramamueblesdejardin.com\/fr\/salles-exterieures\/ensembles-de-jardin\/set-corner-jardin-aluminium-anthracite-et-polyethylene-haute-densite-osaka\/#breadcrumb"},"inLanguage":"fr-FR","potentialAction":[{"@type":"ReadAction","target":["https:\/\/keramamueblesdejardin.com\/fr\/salles-exterieures\/ensembles-de-jardin\/set-corner-jardin-aluminium-anthracite-et-polyethylene-haute-densite-osaka\/"]}]},{"@type":"ImageObject","inLanguage":"fr-FR","@id":"https:\/\/keramamueblesdejardin.com\/fr\/salles-exterieures\/ensembles-de-jardin\/set-corner-jardin-aluminium-anthracite-et-polyethylene-haute-densite-osaka\/#primaryimage","url":"https:\/\/keramamueblesdejardin.com\/wp-content\/uploads\/2021\/10\/osaka-esquinero-negro.jpg","contentUrl":"https:\/\/keramamueblesdejardin.com\/wp-content\/uploads\/2021\/10\/osaka-esquinero-negro.jpg","width":1200,"height":1200},{"@type":"BreadcrumbList","@id":"https:\/\/keramamueblesdejardin.com\/fr\/salles-exterieures\/ensembles-de-jardin\/set-corner-jardin-aluminium-anthracite-et-polyethylene-haute-densite-osaka\/#breadcrumb","itemListElement":[{"@type":"ListItem","position":1,"name":"Home","item":"https:\/\/keramamueblesdejardin.com\/fr\/"},{"@type":"ListItem","position":2,"name":"Boutique","item":"https:\/\/keramamueblesdejardin.com\/tienda\/"},{"@type":"ListItem","position":3,"name":"Salles ext\u00e9rieures","item":"https:\/\/keramamueblesdejardin.com\/fr\/salles-exterieures\/"},{"@type":"ListItem","position":4,"name":"Ensembles de jardin","item":"https:\/\/keramamueblesdejardin.com\/fr\/salles-exterieures\/ensembles-de-jardin\/"},{"@type":"ListItem","position":5,"name":"Corner Garden Set Anthracite Aluminium Anthracite et Poly\u00e9thyl\u00e8ne Haute Densit\u00e9 &#8211; Osaka"}]},{"@type":"WebSite","@id":"https:\/\/keramamueblesdejardin.com\/fr\/#website","url":"https:\/\/keramamueblesdejardin.com\/fr\/","name":"Kerama","description":"muebles de jard\u00edn","publisher":{"@id":"https:\/\/keramamueblesdejardin.com\/fr\/#organization"},"potentialAction":[{"@type":"SearchAction","target":{"@type":"EntryPoint","urlTemplate":"https:\/\/keramamueblesdejardin.com\/fr\/?s={search_term_string}"},"query-input":{"@type":"PropertyValueSpecification","valueRequired":true,"valueName":"search_term_string"}}],"inLanguage":"fr-FR"},{"@type":"Organization","@id":"https:\/\/keramamueblesdejardin.com\/fr\/#organization","name":"kerama","url":"https:\/\/keramamueblesdejardin.com\/fr\/","logo":{"@type":"ImageObject","inLanguage":"fr-FR","@id":"https:\/\/keramamueblesdejardin.com\/fr\/#\/schema\/logo\/image\/","url":"https:\/\/keramamueblesdejardin.com\/wp-content\/uploads\/2020\/12\/k.-scaled.jpg","contentUrl":"https:\/\/keramamueblesdejardin.com\/wp-content\/uploads\/2020\/12\/k.-scaled.jpg","width":2560,"height":551,"caption":"kerama"},"image":{"@id":"https:\/\/keramamueblesdejardin.com\/fr\/#\/schema\/logo\/image\/"},"sameAs":["https:\/\/www.facebook.com\/Kerama-Muebles-de-Jard\u00edn-106209328312568\/"]}]}},"df_price":1489,"df_sale_price":1489,"df_regular_price":1827,"df_image_link":"https:\/\/keramamueblesdejardin.com\/wp-content\/uploads\/2021\/10\/osaka-esquinero-negro-300x300.jpg","custom_tabs":[{"title":"MESURES","id":"mesures","content":"<div class=\"list\">\n<div class=\"list\" style=\"color: #282828;\"><strong style=\"font-weight: bold;\">Hauteur : <\/strong>Table : 34,5 cm\/\/ Coin : 62,5cm \/\/ Canap\u00e9 : 62,5cm<\/div>\n<div class=\"list\" style=\"color: #282828;\"><strong style=\"font-weight: bold;\">Largeur : <\/strong>Table : 80 cm\/\/ Table d'angle : 80.5cm \/\/ Canap\u00e9 : 166.5cm<\/div>\n<div class=\"list\" style=\"color: #282828;\"><strong style=\"font-weight: bold;\">Profondeur : <\/strong>Table : 80 cm \/\/ Coin : 80.5cm \/\/ Canap\u00e9 : 80.5cm<\/div>\n<\/div>\n<div><strong>Longueur totale du L<\/strong>: 247cm par c\u00f4t\u00e9<\/div>\n<div><strong>Hauteur d\u2019assise:<\/strong> 42cm<\/div>\n<div><strong>Profondeur d\u2019assise sans coussin:<\/strong> 73cm<\/div>\n<div><strong>Profondeur d\u2019assise avec coussin:<\/strong> 55cm<\/div>"},{"title":"D\u00c9BALLAGE ET MONTAGE","id":"deballage-et-montage","content":"<div class=\"list\"><strong style=\"font-weight: bold; color: #282828;\">Recommandations pour le d\u00e9ballage :<\/strong><span style=\"color: #282828;\"> N'utilisez pas d'outils tranchants lors du d\u00e9ballage du meuble, car cela pourrait l'endommager.<\/span><br style=\"color: #282828;\"><strong style=\"font-weight: bold; color: #282828;\">Montage requis (O\/N) :<\/strong><span style=\"color: #282828;\"> Oui<\/span><br style=\"color: #282828;\"><strong style=\"font-weight: bold; color: #282828;\">Difficult\u00e9 de montage :<\/strong><span style=\"color: #282828;\"> Faible<\/span><br style=\"color: #282828;\"><strong style=\"font-weight: bold; color: #282828;\">Temps de montage :<\/strong><span style=\"color: #282828;\"> 20 minutes<\/span><br style=\"color: #282828;\"><strong style=\"font-weight: bold; color: #282828;\">Personnes recommand\u00e9es pour le montage :<\/strong><span style=\"color: #282828;\"> 2<\/span><br style=\"color: #282828;\"><strong style=\"font-weight: bold; color: #282828;\">Suggestions de montage :<\/strong><span style=\"color: #282828;\">  Pr\u00e9parez une zone de montage propre et s\u00e8che, v\u00e9rifiez qu'aucune des pi\u00e8ces \u00e9num\u00e9r\u00e9es dans le manuel ne manque. Nous recommandons l'utilisation de gants appropri\u00e9s pour le montage. N'utilisez que les pi\u00e8ces et les raccords fournis.<\/span><\/div>"},{"title":"ENTRETIEN ET GARANTIES","id":"entretien-et-garanties","content":"<strong>Recommandations g\u00e9n\u00e9rales :<\/strong>\n- Les d\u00e9faillances ou les dommages caus\u00e9s par les \u00e9l\u00e9ments suivants sont exclus de la garantie :\n- Les causes accidentelles telles que chutes, coups, d\u00e9versement de liquides, introduction de corps \u00e9trangers, ainsi que toute autre force majeure.\n\u2022 Utilisation n\u00e9gligente, inappropri\u00e9e ou non domestique, ne respectant pas les instructions d\u2019utilisation.\n- Dommages, corrosion et\/ou oxydation acc\u00e9l\u00e9r\u00e9s par des conditions environnementales d\u00e9favorables.\n- Taches et d\u00e9coloration dues au non-respect de nos instructions de nettoyage.\n- Dommages survenus lors du montage et de la manipulation sans respecter les instructions de montage.\n\n<strong>Instructions d'utilisation et d'entretien :<\/strong>\n\u2022 Les jours ensoleill\u00e9s, utilisez un rev\u00eatement de table, en particulier avec des verres, des verres et des r\u00e9cipients en verre, car il amplifie la temp\u00e9rature du soleil et peut faire fondre le polystyr\u00e8ne. \u00c9vitez tout type de couverture qui peut g\u00e9n\u00e9rer le m\u00eame effet.\n- Essuyez doucement avec un chiffon ou utilisez un savon liquide neutre, puis rincez abondamment \u00e0 l'eau.\n- Enlevez r\u00e9guli\u00e8rement la poussi\u00e8re avec un chiffon doux et de l'eau claire.\n- N'utilisez pas de d\u00e9tergents ou de produits abrasifs pour le nettoyage.\n\u2022 Apr\u00e8s la pluie, s\u00e9chez la table avec un chiffon propre pour \u00e9viter les taches\n\u2022 Prot\u00e9ger avec une nappe ou une housse de protection respirante\n<strong>Ann\u00e9es de garantie :<\/strong> 3 ans\n<strong>Fabriqu\u00e9 conform\u00e9ment \u00e0 la norme :<\/strong> 581-1,581-2,581-3"}],"_links":{"self":[{"href":"https:\/\/keramamueblesdejardin.com\/fr\/wp-json\/wp\/v2\/product\/64919","targetHints":{"allow":["GET"]}}],"collection":[{"href":"https:\/\/keramamueblesdejardin.com\/fr\/wp-json\/wp\/v2\/product"}],"about":[{"href":"https:\/\/keramamueblesdejardin.com\/fr\/wp-json\/wp\/v2\/types\/product"}],"replies":[{"embeddable":true,"href":"https:\/\/keramamueblesdejardin.com\/fr\/wp-json\/wp\/v2\/comments?post=64919"}],"wp:featuredmedia":[{"embeddable":true,"href":"https:\/\/keramamueblesdejardin.com\/fr\/wp-json\/wp\/v2\/media\/81209"}],"wp:attachment":[{"href":"https:\/\/keramamueblesdejardin.com\/fr\/wp-json\/wp\/v2\/media?parent=64919"}],"wp:term":[{"taxonomy":"product_brand","embeddable":true,"href":"https:\/\/keramamueblesdejardin.com\/fr\/wp-json\/wp\/v2\/product_brand?post=64919"},{"taxonomy":"product_cat","embeddable":true,"href":"https:\/\/keramamueblesdejardin.com\/fr\/wp-json\/wp\/v2\/product_cat?post=64919"},{"taxonomy":"product_tag","embeddable":true,"href":"https:\/\/keramamueblesdejardin.com\/fr\/wp-json\/wp\/v2\/product_tag?post=64919"}],"curies":[{"name":"wp","href":"https:\/\/api.w.org\/{rel}","templated":true}]}}