{"id":64916,"date":"2021-10-21T15:53:21","date_gmt":"2021-10-21T13:53:21","guid":{"rendered":"https:\/\/keramamueblesdejardin.com\/non%20class\u00e9\/table-de-jardin-a-rallonge-en-aluminium-blanc-160-80x80-cm-et-polywood-osaka\/"},"modified":"2024-10-21T13:26:33","modified_gmt":"2024-10-21T11:26:33","slug":"table-jardin-extensible-aluminium-blanc-160-80x80-cm-et-polyethylene-haute-densite-osaka","status":"publish","type":"product","link":"https:\/\/keramamueblesdejardin.com\/fr\/diner-en-plein-air\/tables-de-jardin\/table-jardin-extensible-aluminium-blanc-160-80x80-cm-et-polyethylene-haute-densite-osaka\/","title":{"rendered":"Table de jardin extensible aluminium blanc 160\/80&#215;80 cm et poly\u00e9thyl\u00e8ne haute densit\u00e9 &#8211; Osaka"},"content":{"rendered":"<p><span style=\\\"font-weight: 400;\\\">Le site <\/span><b>Table de jardin Osaka<\/b><span style=\\\"font-weight: 400;\\\"> La table de jardin extensible est fabriqu\u00e9e en aluminium blanc et en lattes de polywood aspect bois.<\/span><\/p>\n<p><span style=\\\"font-weight: 400;\\\">Le syst\u00e8me d\\&rsquo;extension est simple et pratique \u00e0 utiliser. La table peut<\/span> <b> pour doubler sa taille, ce qui permettra d\\&rsquo;augmenter le nombre de places assises.<\/b><span style=\\\"font-weight: 400;\\\"> permettant d\\&rsquo;augmenter le nombre de places assises.<\/span><\/p>\n<p><span style=\\\"font-weight: 400;\\\">Vous pouvez <\/span><b>combiner cette chaise avec d\\&rsquo;autres produits de la<\/b><a href=\\\"https:\/\/keramamueblesdejardin.com\/etiqueta\/osaka\/\\\" target=\\\"_blank\\\" rel=\\\"noopener\\\"><br \/>\n  <b> Famille Osaka<\/b><br \/>\n<\/a><span style=\\\"font-weight: 400;\\\">.<\/span><\/p>\n<p><span style=\\\"font-weight: 400;\\\">Consultez notre<\/span><a href=\\\"https:\/\/keramamueblesdejardin.com\/comedores-exterior\/conjunto-mesa-y-sillas-jardin\/\\\"> <b>ensembles de tables et de chaises de jardin.<\/b><\/a><\/p>\n","protected":false},"excerpt":{"rendered":"<ul>\n<li>Table \u00e0 rallonge en aluminium blanc et lattes en polywood imitant le bois.<\/li>\n<li>Dimensions de la table : 80\u00d780 cm (ferm\u00e9e) 160\u00d780 cm (\u00e9tendue)<\/li>\n<li>Vous pouvez le combiner avec d&rsquo;autres \u00e9l\u00e9ments de la famille Osaka.<\/li>\n<\/ul>\n","protected":false},"featured_media":55038,"comment_status":"closed","ping_status":"closed","template":"","meta":{"_acf_changed":false},"product_brand":[],"product_cat":[578,627],"product_tag":[565,596,573,577],"class_list":{"0":"post-64916","1":"product","2":"type-product","3":"status-publish","4":"has-post-thumbnail","6":"product_cat-diner-en-plein-air","7":"product_cat-tables-de-jardin","8":"product_tag-aluminium","9":"product_tag-osaka-fr","10":"product_tag-petits-espaces","11":"product_tag-tokyo-fr","12":"product_shipping_class-envio-gratuito-fr","13":"pa_caracteristicas-extensible-fr","14":"pa_caracteristicas-resistant-a-l-eau","15":"pa_coleccion-osaka-fr","16":"pa_forma-rectangulaire-carre-fr","17":"pa_material-aluminio-fr","18":"pa_material-imitation-bois","19":"pa_tamano-espacio-grand","21":"first","22":"instock","23":"sale","24":"purchasable","25":"product-type-simple","26":"add-to-wishlist-before_image"},"acf":[],"yoast_head":"<!-- This site is optimized with the Yoast SEO plugin v27.2 - https:\/\/yoast.com\/product\/yoast-seo-wordpress\/ -->\n<title>Table de jardin extensible aluminium blanc 160\/80x80 cm et poly\u00e9thyl\u00e8ne haute densit\u00e9 - Osaka - Kerama<\/title>\n<meta name=\"robots\" content=\"index, follow, max-snippet:-1, max-image-preview:large, max-video-preview:-1\" \/>\n<link rel=\"canonical\" href=\"https:\/\/keramamueblesdejardin.com\/fr\/diner-en-plein-air\/tables-de-jardin\/table-jardin-extensible-aluminium-blanc-160-80x80-cm-et-polyethylene-haute-densite-osaka\/\" \/>\n<meta property=\"og:locale\" content=\"fr_FR\" \/>\n<meta property=\"og:type\" content=\"article\" \/>\n<meta property=\"og:title\" content=\"Table de jardin extensible aluminium blanc 160\/80x80 cm et poly\u00e9thyl\u00e8ne haute densit\u00e9 - Osaka - Kerama\" \/>\n<meta property=\"og:description\" content=\"Table \u00e0 rallonge en aluminium blanc et lattes en polywood imitant le bois.  Dimensions de la table : 80\u00d780 cm (ferm\u00e9e) 160\u00d780 cm (\u00e9tendue)  Vous pouvez le combiner avec d&#039;autres \u00e9l\u00e9ments de la famille Osaka.\" \/>\n<meta property=\"og:url\" content=\"https:\/\/keramamueblesdejardin.com\/fr\/diner-en-plein-air\/tables-de-jardin\/table-jardin-extensible-aluminium-blanc-160-80x80-cm-et-polyethylene-haute-densite-osaka\/\" \/>\n<meta property=\"og:site_name\" content=\"Kerama\" \/>\n<meta property=\"article:publisher\" content=\"https:\/\/www.facebook.com\/Kerama-Muebles-de-Jard%c3%adn-106209328312568\/\" \/>\n<meta property=\"article:modified_time\" content=\"2024-10-21T11:26:33+00:00\" \/>\n<meta property=\"og:image\" content=\"https:\/\/keramamueblesdejardin.com\/wp-content\/uploads\/2021\/10\/L1430852_SILU_-scaled-e1697714940668.jpg\" \/>\n\t<meta property=\"og:image:width\" content=\"1200\" \/>\n\t<meta property=\"og:image:height\" content=\"1200\" \/>\n\t<meta property=\"og:image:type\" content=\"image\/jpeg\" \/>\n<meta name=\"twitter:card\" content=\"summary_large_image\" \/>\n<script type=\"application\/ld+json\" class=\"yoast-schema-graph\">{\"@context\":\"https:\/\/schema.org\",\"@graph\":[{\"@type\":\"WebPage\",\"@id\":\"https:\/\/keramamueblesdejardin.com\/fr\/diner-en-plein-air\/tables-de-jardin\/table-jardin-extensible-aluminium-blanc-160-80x80-cm-et-polyethylene-haute-densite-osaka\/\",\"url\":\"https:\/\/keramamueblesdejardin.com\/fr\/diner-en-plein-air\/tables-de-jardin\/table-jardin-extensible-aluminium-blanc-160-80x80-cm-et-polyethylene-haute-densite-osaka\/\",\"name\":\"Table de jardin extensible aluminium blanc 160\/80x80 cm et poly\u00e9thyl\u00e8ne haute densit\u00e9 - Osaka - Kerama\",\"isPartOf\":{\"@id\":\"https:\/\/keramamueblesdejardin.com\/fr\/#website\"},\"primaryImageOfPage\":{\"@id\":\"https:\/\/keramamueblesdejardin.com\/fr\/diner-en-plein-air\/tables-de-jardin\/table-jardin-extensible-aluminium-blanc-160-80x80-cm-et-polyethylene-haute-densite-osaka\/#primaryimage\"},\"image\":{\"@id\":\"https:\/\/keramamueblesdejardin.com\/fr\/diner-en-plein-air\/tables-de-jardin\/table-jardin-extensible-aluminium-blanc-160-80x80-cm-et-polyethylene-haute-densite-osaka\/#primaryimage\"},\"thumbnailUrl\":\"https:\/\/keramamueblesdejardin.com\/wp-content\/uploads\/2021\/10\/L1430852_SILU_-scaled-e1697714940668.jpg\",\"datePublished\":\"2021-10-21T13:53:21+00:00\",\"dateModified\":\"2024-10-21T11:26:33+00:00\",\"breadcrumb\":{\"@id\":\"https:\/\/keramamueblesdejardin.com\/fr\/diner-en-plein-air\/tables-de-jardin\/table-jardin-extensible-aluminium-blanc-160-80x80-cm-et-polyethylene-haute-densite-osaka\/#breadcrumb\"},\"inLanguage\":\"fr-FR\",\"potentialAction\":[{\"@type\":\"ReadAction\",\"target\":[\"https:\/\/keramamueblesdejardin.com\/fr\/diner-en-plein-air\/tables-de-jardin\/table-jardin-extensible-aluminium-blanc-160-80x80-cm-et-polyethylene-haute-densite-osaka\/\"]}]},{\"@type\":\"ImageObject\",\"inLanguage\":\"fr-FR\",\"@id\":\"https:\/\/keramamueblesdejardin.com\/fr\/diner-en-plein-air\/tables-de-jardin\/table-jardin-extensible-aluminium-blanc-160-80x80-cm-et-polyethylene-haute-densite-osaka\/#primaryimage\",\"url\":\"https:\/\/keramamueblesdejardin.com\/wp-content\/uploads\/2021\/10\/L1430852_SILU_-scaled-e1697714940668.jpg\",\"contentUrl\":\"https:\/\/keramamueblesdejardin.com\/wp-content\/uploads\/2021\/10\/L1430852_SILU_-scaled-e1697714940668.jpg\",\"width\":1200,\"height\":1200},{\"@type\":\"BreadcrumbList\",\"@id\":\"https:\/\/keramamueblesdejardin.com\/fr\/diner-en-plein-air\/tables-de-jardin\/table-jardin-extensible-aluminium-blanc-160-80x80-cm-et-polyethylene-haute-densite-osaka\/#breadcrumb\",\"itemListElement\":[{\"@type\":\"ListItem\",\"position\":1,\"name\":\"Home\",\"item\":\"https:\/\/keramamueblesdejardin.com\/fr\/\"},{\"@type\":\"ListItem\",\"position\":2,\"name\":\"Boutique\",\"item\":\"https:\/\/keramamueblesdejardin.com\/tienda\/\"},{\"@type\":\"ListItem\",\"position\":3,\"name\":\"D\u00eener en plein air\",\"item\":\"https:\/\/keramamueblesdejardin.com\/fr\/diner-en-plein-air\/\"},{\"@type\":\"ListItem\",\"position\":4,\"name\":\"Tables de jardin\",\"item\":\"https:\/\/keramamueblesdejardin.com\/fr\/diner-en-plein-air\/tables-de-jardin\/\"},{\"@type\":\"ListItem\",\"position\":5,\"name\":\"Table de jardin extensible aluminium blanc 160\/80&#215;80 cm et poly\u00e9thyl\u00e8ne haute densit\u00e9 &#8211; Osaka\"}]},{\"@type\":\"WebSite\",\"@id\":\"https:\/\/keramamueblesdejardin.com\/fr\/#website\",\"url\":\"https:\/\/keramamueblesdejardin.com\/fr\/\",\"name\":\"Kerama\",\"description\":\"muebles de jard\u00edn\",\"publisher\":{\"@id\":\"https:\/\/keramamueblesdejardin.com\/fr\/#organization\"},\"potentialAction\":[{\"@type\":\"SearchAction\",\"target\":{\"@type\":\"EntryPoint\",\"urlTemplate\":\"https:\/\/keramamueblesdejardin.com\/fr\/?s={search_term_string}\"},\"query-input\":{\"@type\":\"PropertyValueSpecification\",\"valueRequired\":true,\"valueName\":\"search_term_string\"}}],\"inLanguage\":\"fr-FR\"},{\"@type\":\"Organization\",\"@id\":\"https:\/\/keramamueblesdejardin.com\/fr\/#organization\",\"name\":\"kerama\",\"url\":\"https:\/\/keramamueblesdejardin.com\/fr\/\",\"logo\":{\"@type\":\"ImageObject\",\"inLanguage\":\"fr-FR\",\"@id\":\"https:\/\/keramamueblesdejardin.com\/fr\/#\/schema\/logo\/image\/\",\"url\":\"https:\/\/keramamueblesdejardin.com\/wp-content\/uploads\/2020\/12\/k.-scaled.jpg\",\"contentUrl\":\"https:\/\/keramamueblesdejardin.com\/wp-content\/uploads\/2020\/12\/k.-scaled.jpg\",\"width\":2560,\"height\":551,\"caption\":\"kerama\"},\"image\":{\"@id\":\"https:\/\/keramamueblesdejardin.com\/fr\/#\/schema\/logo\/image\/\"},\"sameAs\":[\"https:\/\/www.facebook.com\/Kerama-Muebles-de-Jard\u00edn-106209328312568\/\"]}]}<\/script>\n<!-- \/ Yoast SEO plugin. -->","yoast_head_json":{"title":"Table de jardin extensible aluminium blanc 160\/80x80 cm et poly\u00e9thyl\u00e8ne haute densit\u00e9 - Osaka - Kerama","robots":{"index":"index","follow":"follow","max-snippet":"max-snippet:-1","max-image-preview":"max-image-preview:large","max-video-preview":"max-video-preview:-1"},"canonical":"https:\/\/keramamueblesdejardin.com\/fr\/diner-en-plein-air\/tables-de-jardin\/table-jardin-extensible-aluminium-blanc-160-80x80-cm-et-polyethylene-haute-densite-osaka\/","og_locale":"fr_FR","og_type":"article","og_title":"Table de jardin extensible aluminium blanc 160\/80x80 cm et poly\u00e9thyl\u00e8ne haute densit\u00e9 - Osaka - Kerama","og_description":"Table \u00e0 rallonge en aluminium blanc et lattes en polywood imitant le bois.  Dimensions de la table : 80\u00d780 cm (ferm\u00e9e) 160\u00d780 cm (\u00e9tendue)  Vous pouvez le combiner avec d'autres \u00e9l\u00e9ments de la famille Osaka.","og_url":"https:\/\/keramamueblesdejardin.com\/fr\/diner-en-plein-air\/tables-de-jardin\/table-jardin-extensible-aluminium-blanc-160-80x80-cm-et-polyethylene-haute-densite-osaka\/","og_site_name":"Kerama","article_publisher":"https:\/\/www.facebook.com\/Kerama-Muebles-de-Jard%c3%adn-106209328312568\/","article_modified_time":"2024-10-21T11:26:33+00:00","og_image":[{"width":1200,"height":1200,"url":"https:\/\/keramamueblesdejardin.com\/wp-content\/uploads\/2021\/10\/L1430852_SILU_-scaled-e1697714940668.jpg","type":"image\/jpeg"}],"twitter_card":"summary_large_image","schema":{"@context":"https:\/\/schema.org","@graph":[{"@type":"WebPage","@id":"https:\/\/keramamueblesdejardin.com\/fr\/diner-en-plein-air\/tables-de-jardin\/table-jardin-extensible-aluminium-blanc-160-80x80-cm-et-polyethylene-haute-densite-osaka\/","url":"https:\/\/keramamueblesdejardin.com\/fr\/diner-en-plein-air\/tables-de-jardin\/table-jardin-extensible-aluminium-blanc-160-80x80-cm-et-polyethylene-haute-densite-osaka\/","name":"Table de jardin extensible aluminium blanc 160\/80x80 cm et poly\u00e9thyl\u00e8ne haute densit\u00e9 - Osaka - Kerama","isPartOf":{"@id":"https:\/\/keramamueblesdejardin.com\/fr\/#website"},"primaryImageOfPage":{"@id":"https:\/\/keramamueblesdejardin.com\/fr\/diner-en-plein-air\/tables-de-jardin\/table-jardin-extensible-aluminium-blanc-160-80x80-cm-et-polyethylene-haute-densite-osaka\/#primaryimage"},"image":{"@id":"https:\/\/keramamueblesdejardin.com\/fr\/diner-en-plein-air\/tables-de-jardin\/table-jardin-extensible-aluminium-blanc-160-80x80-cm-et-polyethylene-haute-densite-osaka\/#primaryimage"},"thumbnailUrl":"https:\/\/keramamueblesdejardin.com\/wp-content\/uploads\/2021\/10\/L1430852_SILU_-scaled-e1697714940668.jpg","datePublished":"2021-10-21T13:53:21+00:00","dateModified":"2024-10-21T11:26:33+00:00","breadcrumb":{"@id":"https:\/\/keramamueblesdejardin.com\/fr\/diner-en-plein-air\/tables-de-jardin\/table-jardin-extensible-aluminium-blanc-160-80x80-cm-et-polyethylene-haute-densite-osaka\/#breadcrumb"},"inLanguage":"fr-FR","potentialAction":[{"@type":"ReadAction","target":["https:\/\/keramamueblesdejardin.com\/fr\/diner-en-plein-air\/tables-de-jardin\/table-jardin-extensible-aluminium-blanc-160-80x80-cm-et-polyethylene-haute-densite-osaka\/"]}]},{"@type":"ImageObject","inLanguage":"fr-FR","@id":"https:\/\/keramamueblesdejardin.com\/fr\/diner-en-plein-air\/tables-de-jardin\/table-jardin-extensible-aluminium-blanc-160-80x80-cm-et-polyethylene-haute-densite-osaka\/#primaryimage","url":"https:\/\/keramamueblesdejardin.com\/wp-content\/uploads\/2021\/10\/L1430852_SILU_-scaled-e1697714940668.jpg","contentUrl":"https:\/\/keramamueblesdejardin.com\/wp-content\/uploads\/2021\/10\/L1430852_SILU_-scaled-e1697714940668.jpg","width":1200,"height":1200},{"@type":"BreadcrumbList","@id":"https:\/\/keramamueblesdejardin.com\/fr\/diner-en-plein-air\/tables-de-jardin\/table-jardin-extensible-aluminium-blanc-160-80x80-cm-et-polyethylene-haute-densite-osaka\/#breadcrumb","itemListElement":[{"@type":"ListItem","position":1,"name":"Home","item":"https:\/\/keramamueblesdejardin.com\/fr\/"},{"@type":"ListItem","position":2,"name":"Boutique","item":"https:\/\/keramamueblesdejardin.com\/tienda\/"},{"@type":"ListItem","position":3,"name":"D\u00eener en plein air","item":"https:\/\/keramamueblesdejardin.com\/fr\/diner-en-plein-air\/"},{"@type":"ListItem","position":4,"name":"Tables de jardin","item":"https:\/\/keramamueblesdejardin.com\/fr\/diner-en-plein-air\/tables-de-jardin\/"},{"@type":"ListItem","position":5,"name":"Table de jardin extensible aluminium blanc 160\/80&#215;80 cm et poly\u00e9thyl\u00e8ne haute densit\u00e9 &#8211; Osaka"}]},{"@type":"WebSite","@id":"https:\/\/keramamueblesdejardin.com\/fr\/#website","url":"https:\/\/keramamueblesdejardin.com\/fr\/","name":"Kerama","description":"muebles de jard\u00edn","publisher":{"@id":"https:\/\/keramamueblesdejardin.com\/fr\/#organization"},"potentialAction":[{"@type":"SearchAction","target":{"@type":"EntryPoint","urlTemplate":"https:\/\/keramamueblesdejardin.com\/fr\/?s={search_term_string}"},"query-input":{"@type":"PropertyValueSpecification","valueRequired":true,"valueName":"search_term_string"}}],"inLanguage":"fr-FR"},{"@type":"Organization","@id":"https:\/\/keramamueblesdejardin.com\/fr\/#organization","name":"kerama","url":"https:\/\/keramamueblesdejardin.com\/fr\/","logo":{"@type":"ImageObject","inLanguage":"fr-FR","@id":"https:\/\/keramamueblesdejardin.com\/fr\/#\/schema\/logo\/image\/","url":"https:\/\/keramamueblesdejardin.com\/wp-content\/uploads\/2020\/12\/k.-scaled.jpg","contentUrl":"https:\/\/keramamueblesdejardin.com\/wp-content\/uploads\/2020\/12\/k.-scaled.jpg","width":2560,"height":551,"caption":"kerama"},"image":{"@id":"https:\/\/keramamueblesdejardin.com\/fr\/#\/schema\/logo\/image\/"},"sameAs":["https:\/\/www.facebook.com\/Kerama-Muebles-de-Jard\u00edn-106209328312568\/"]}]}},"df_price":369,"df_sale_price":369,"df_regular_price":462,"df_image_link":"https:\/\/keramamueblesdejardin.com\/wp-content\/uploads\/2021\/10\/L1430852_SILU_-300x300.jpg","custom_tabs":[{"title":"MESURES","id":"mesures","content":"<strong>Hauteur :<\/strong> Table 75 cm\n<strong>Largeur :<\/strong> Table 80 cm\n<strong>Profondeur :<\/strong> 80 cm (non \u00e9tendu) 160 cm (\u00e9tendu)"},{"title":"D\u00c9BALLAGE ET MONTAGE","id":"deballage-et-montage","content":"<strong>Recommandations pour le d\u00e9ballage :<\/strong> Ne pas utiliser d'outils tranchants lors du d\u00e9ballage du meuble car cela pourrait l'endommager.\n<strong>Montage requis (O\/N) :<\/strong> Oui\n<strong>Difficult\u00e9 de montage :<\/strong> faible\n<strong>Temps de montage :<\/strong> 20 minutes\n<strong>Personnes recommand\u00e9es pour le montage :<\/strong> 2\n<strong>Suggestions de montage :<\/strong> Pr\u00e9parez une zone de montage propre et s\u00e8che, v\u00e9rifiez qu'aucune des pi\u00e8ces list\u00e9es dans le manuel ne manque. Nous recommandons l'utilisation de gants appropri\u00e9s pour le montage. N'utilisez que les pi\u00e8ces et les raccords fournis. Nous ne recommandons PAS l'option d'achat avec montage pour cet article car la difficult\u00e9 de montage est tr\u00e8s faible."},{"title":"ENTRETIEN ET GARANTIES","id":"entretien-et-garanties","content":"<strong>Recommandations g\u00e9n\u00e9rales :<\/strong>\n- Les d\u00e9faillances ou les dommages caus\u00e9s par les \u00e9l\u00e9ments suivants sont exclus de la garantie :\n- Les causes accidentelles telles que chutes, coups, d\u00e9versement de liquides, introduction de corps \u00e9trangers, ainsi que toute autre force majeure.\n\u2022 Utilisation n\u00e9gligente, inappropri\u00e9e ou non domestique, ne respectant pas les instructions d\u2019utilisation.\n- Dommages, corrosion et\/ou oxydation acc\u00e9l\u00e9r\u00e9s par des conditions environnementales d\u00e9favorables.\n- Taches et d\u00e9coloration dues au non-respect de nos instructions de nettoyage.\n- Dommages survenus lors du montage et de la manipulation sans respecter les instructions de montage.\n\n<strong>Instructions d'utilisation et d'entretien :<\/strong>\n\u2022 Les jours ensoleill\u00e9s, utilisez un rev\u00eatement de table, en particulier avec des verres, des verres et des r\u00e9cipients en verre, car il amplifie la temp\u00e9rature du soleil et peut faire fondre le polystyr\u00e8ne. \u00c9vitez tout type de couverture qui peut g\u00e9n\u00e9rer le m\u00eame effet.\n- Essuyez doucement avec un chiffon ou utilisez un savon liquide neutre, puis rincez abondamment \u00e0 l'eau.\n- Enlevez r\u00e9guli\u00e8rement la poussi\u00e8re avec un chiffon doux et de l'eau claire.\n- N'utilisez pas de d\u00e9tergents ou de produits abrasifs pour le nettoyage.\n\u2022 Apr\u00e8s la pluie, s\u00e9chez la table avec un chiffon propre pour \u00e9viter les taches\n\u2022 Prot\u00e9ger avec une nappe ou une housse de protection respirante\n<strong>Ann\u00e9es de garantie :<\/strong> 3 ans\n<strong>Fabriqu\u00e9 conform\u00e9ment \u00e0 la norme :<\/strong> 581-1,581-2,581-3"}],"_links":{"self":[{"href":"https:\/\/keramamueblesdejardin.com\/fr\/wp-json\/wp\/v2\/product\/64916","targetHints":{"allow":["GET"]}}],"collection":[{"href":"https:\/\/keramamueblesdejardin.com\/fr\/wp-json\/wp\/v2\/product"}],"about":[{"href":"https:\/\/keramamueblesdejardin.com\/fr\/wp-json\/wp\/v2\/types\/product"}],"replies":[{"embeddable":true,"href":"https:\/\/keramamueblesdejardin.com\/fr\/wp-json\/wp\/v2\/comments?post=64916"}],"wp:featuredmedia":[{"embeddable":true,"href":"https:\/\/keramamueblesdejardin.com\/fr\/wp-json\/wp\/v2\/media\/55038"}],"wp:attachment":[{"href":"https:\/\/keramamueblesdejardin.com\/fr\/wp-json\/wp\/v2\/media?parent=64916"}],"wp:term":[{"taxonomy":"product_brand","embeddable":true,"href":"https:\/\/keramamueblesdejardin.com\/fr\/wp-json\/wp\/v2\/product_brand?post=64916"},{"taxonomy":"product_cat","embeddable":true,"href":"https:\/\/keramamueblesdejardin.com\/fr\/wp-json\/wp\/v2\/product_cat?post=64916"},{"taxonomy":"product_tag","embeddable":true,"href":"https:\/\/keramamueblesdejardin.com\/fr\/wp-json\/wp\/v2\/product_tag?post=64916"}],"curies":[{"name":"wp","href":"https:\/\/api.w.org\/{rel}","templated":true}]}}