{"id":64857,"date":"2022-03-29T15:17:22","date_gmt":"2022-03-29T13:17:22","guid":{"rendered":"https:\/\/keramamueblesdejardin.com\/non%20class\u00e9\/structure-excentrique-de-parasol-tissu-anthracite-taupe-3x3m-milan\/"},"modified":"2023-06-01T11:01:33","modified_gmt":"2023-06-01T09:01:33","slug":"parasol-suspendu-avec-structure-anthracite-3x3-milan","status":"publish","type":"product","link":"https:\/\/keramamueblesdejardin.com\/fr\/parasols-et-pergolas\/pare-soleil\/parasol-suspendu-avec-structure-anthracite-3x3-milan\/","title":{"rendered":"Structure excentrique de parasol tissu anthracite taupe 3x3m &#8211; Milan"},"content":{"rendered":"<p>Le parasol excentrique Milano 3&#215;3 avec jupe ext\u00e9rieure pour le jardin ou la terrasse, poss\u00e8de un m\u00e2t lat\u00e9ral tr\u00e8s robuste en aluminium de couleur anthracite. Le tissu a une belle finition taupe, qui est hydrofuge, anti-taches et comprend \u00e9galement une chemin\u00e9e de ventilation.<\/p>\n<p>Il peut \u00eatre tourn\u00e9 \u00e0 360 degr\u00e9s et est inclinable en hauteur, ce qui vous permet de choisir l&rsquo;orientation la plus pratique. Il dispose d&rsquo;une poign\u00e9e qui vous permet d&rsquo;ouvrir et de fermer le parasol tr\u00e8s facilement.<\/p>\n<p>Le parasol excentrique Milan a une structure robuste avec un total de 8 tiges et un design \u00e9l\u00e9gant qui le rend id\u00e9al pour un ensemble de jardin ou de terrasse que vous voulez garder toute l&rsquo;ann\u00e9e.<\/p>\n<p>&nbsp;<\/p>\n<ul>\n<li>M\u00e2t et poteaux en aluminium<\/li>\n<li>Tissu 100% polyester<\/li>\n<li>Utilisation : ext\u00e9rieur<\/li>\n<li>Hauteur maximale : 2,40 m<\/li>\n<li>Rotation de 360\u00b0.<\/li>\n<li>Inclinable en hauteur : Oui<\/li>\n<li>Amovible : Oui<\/li>\n<li>Hydrofuge : Oui<\/li>\n<li>R\u00e9sistant aux taches ; Oui<\/li>\n<li>Tissu avec chemin\u00e9e : Oui<\/li>\n<li>Avec jupe : Oui<\/li>\n<li>Ouverture \/ Fermeture avec manivelle : Oui<\/li>\n<li>Poids du produit : 25 kg<\/li>\n<li>Dimension du m\u00e2t : 53 x 77mm<\/li>\n<li>Dimensions de la tige : 14 x 24 mm<\/li>\n<li>Nombre de tiges : 8<\/li>\n<li>N\u00e9cessite un assemblage de faible difficult\u00e9<\/li>\n<li>Capuchons en plastique sur les pieds pour prot\u00e9ger le sol<\/li>\n<\/ul>\n","protected":false},"excerpt":{"rendered":"<ul>\n<li>M\u00e2t en aluminium anthracite et structure \u00e0 8 tiges<\/li>\n<li>Tissu polyester gris Taup\u00e9, hydrofuge<\/li>\n<li>Comprend un foyer de ventilation et une manivelle pour ouvrir et fermer le parasol<\/li>\n<li>Le parasol peut \u00eatre tourn\u00e9 \u00e0 360 degr\u00e9s et peut \u00eatre inclin\u00e9 en hauteur<\/li>\n<\/ul>\n","protected":false},"featured_media":55906,"comment_status":"closed","ping_status":"closed","template":"","meta":{"_acf_changed":false},"product_brand":[],"product_cat":[569,570],"product_tag":[565,567,664],"class_list":{"0":"post-64857","1":"product","2":"type-product","3":"status-publish","4":"has-post-thumbnail","6":"product_cat-parasols-et-pergolas","7":"product_cat-pare-soleil","8":"product_tag-aluminium","9":"product_tag-grands-espaces","10":"product_tag-milan-fr","11":"product_shipping_class-envio-gratuito-fr","12":"product_shipping_class-expedition-gratuite","14":"first","15":"outofstock","16":"sale","17":"purchasable","18":"product-type-simple","19":"add-to-wishlist-before_image"},"acf":[],"yoast_head":"<!-- This site is optimized with the Yoast SEO plugin v27.2 - https:\/\/yoast.com\/product\/yoast-seo-wordpress\/ -->\n<title>Structure excentrique de parasol tissu anthracite taupe 3x3m - Milan - Kerama<\/title>\n<meta name=\"robots\" content=\"index, follow, max-snippet:-1, max-image-preview:large, max-video-preview:-1\" \/>\n<link rel=\"canonical\" href=\"https:\/\/keramamueblesdejardin.com\/fr\/parasols-et-pergolas\/pare-soleil\/parasol-suspendu-avec-structure-anthracite-3x3-milan\/\" \/>\n<meta property=\"og:locale\" content=\"fr_FR\" \/>\n<meta property=\"og:type\" content=\"article\" \/>\n<meta property=\"og:title\" content=\"Structure excentrique de parasol tissu anthracite taupe 3x3m - Milan - Kerama\" \/>\n<meta property=\"og:description\" content=\"M\u00e2t en aluminium anthracite et structure \u00e0 8 tiges  Tissu polyester gris Taup\u00e9, hydrofuge  Comprend un foyer de ventilation et une manivelle pour ouvrir et fermer le parasol  Le parasol peut \u00eatre tourn\u00e9 \u00e0 360 degr\u00e9s et peut \u00eatre inclin\u00e9 en hauteur\" \/>\n<meta property=\"og:url\" content=\"https:\/\/keramamueblesdejardin.com\/fr\/parasols-et-pergolas\/pare-soleil\/parasol-suspendu-avec-structure-anthracite-3x3-milan\/\" \/>\n<meta property=\"og:site_name\" content=\"Kerama\" \/>\n<meta property=\"article:publisher\" content=\"https:\/\/www.facebook.com\/Kerama-Muebles-de-Jard%c3%adn-106209328312568\/\" \/>\n<meta property=\"article:modified_time\" content=\"2023-06-01T09:01:33+00:00\" \/>\n<meta property=\"og:image\" content=\"https:\/\/keramamueblesdejardin.com\/wp-content\/uploads\/2022\/02\/KMJ21291_01-scaled.jpg\" \/>\n\t<meta property=\"og:image:width\" content=\"2560\" \/>\n\t<meta property=\"og:image:height\" content=\"2560\" \/>\n\t<meta property=\"og:image:type\" content=\"image\/jpeg\" \/>\n<meta name=\"twitter:card\" content=\"summary_large_image\" \/>\n<meta name=\"twitter:label1\" content=\"Dur\u00e9e de lecture estim\u00e9e\" \/>\n\t<meta name=\"twitter:data1\" content=\"1 minute\" \/>\n<script type=\"application\/ld+json\" class=\"yoast-schema-graph\">{\"@context\":\"https:\/\/schema.org\",\"@graph\":[{\"@type\":\"WebPage\",\"@id\":\"https:\/\/keramamueblesdejardin.com\/fr\/parasols-et-pergolas\/pare-soleil\/parasol-suspendu-avec-structure-anthracite-3x3-milan\/\",\"url\":\"https:\/\/keramamueblesdejardin.com\/fr\/parasols-et-pergolas\/pare-soleil\/parasol-suspendu-avec-structure-anthracite-3x3-milan\/\",\"name\":\"Structure excentrique de parasol tissu anthracite taupe 3x3m - Milan - Kerama\",\"isPartOf\":{\"@id\":\"https:\/\/keramamueblesdejardin.com\/fr\/#website\"},\"primaryImageOfPage\":{\"@id\":\"https:\/\/keramamueblesdejardin.com\/fr\/parasols-et-pergolas\/pare-soleil\/parasol-suspendu-avec-structure-anthracite-3x3-milan\/#primaryimage\"},\"image\":{\"@id\":\"https:\/\/keramamueblesdejardin.com\/fr\/parasols-et-pergolas\/pare-soleil\/parasol-suspendu-avec-structure-anthracite-3x3-milan\/#primaryimage\"},\"thumbnailUrl\":\"https:\/\/keramamueblesdejardin.com\/wp-content\/uploads\/2022\/02\/KMJ21291_01-scaled.jpg\",\"datePublished\":\"2022-03-29T13:17:22+00:00\",\"dateModified\":\"2023-06-01T09:01:33+00:00\",\"breadcrumb\":{\"@id\":\"https:\/\/keramamueblesdejardin.com\/fr\/parasols-et-pergolas\/pare-soleil\/parasol-suspendu-avec-structure-anthracite-3x3-milan\/#breadcrumb\"},\"inLanguage\":\"fr-FR\",\"potentialAction\":[{\"@type\":\"ReadAction\",\"target\":[\"https:\/\/keramamueblesdejardin.com\/fr\/parasols-et-pergolas\/pare-soleil\/parasol-suspendu-avec-structure-anthracite-3x3-milan\/\"]}]},{\"@type\":\"ImageObject\",\"inLanguage\":\"fr-FR\",\"@id\":\"https:\/\/keramamueblesdejardin.com\/fr\/parasols-et-pergolas\/pare-soleil\/parasol-suspendu-avec-structure-anthracite-3x3-milan\/#primaryimage\",\"url\":\"https:\/\/keramamueblesdejardin.com\/wp-content\/uploads\/2022\/02\/KMJ21291_01-scaled.jpg\",\"contentUrl\":\"https:\/\/keramamueblesdejardin.com\/wp-content\/uploads\/2022\/02\/KMJ21291_01-scaled.jpg\",\"width\":2560,\"height\":2560},{\"@type\":\"BreadcrumbList\",\"@id\":\"https:\/\/keramamueblesdejardin.com\/fr\/parasols-et-pergolas\/pare-soleil\/parasol-suspendu-avec-structure-anthracite-3x3-milan\/#breadcrumb\",\"itemListElement\":[{\"@type\":\"ListItem\",\"position\":1,\"name\":\"Home\",\"item\":\"https:\/\/keramamueblesdejardin.com\/fr\/\"},{\"@type\":\"ListItem\",\"position\":2,\"name\":\"Boutique\",\"item\":\"https:\/\/keramamueblesdejardin.com\/tienda\/\"},{\"@type\":\"ListItem\",\"position\":3,\"name\":\"Parasols et pergolas\",\"item\":\"https:\/\/keramamueblesdejardin.com\/fr\/parasols-et-pergolas\/\"},{\"@type\":\"ListItem\",\"position\":4,\"name\":\"Pare-soleil\",\"item\":\"https:\/\/keramamueblesdejardin.com\/fr\/parasols-et-pergolas\/pare-soleil\/\"},{\"@type\":\"ListItem\",\"position\":5,\"name\":\"Structure excentrique de parasol tissu anthracite taupe 3x3m &#8211; Milan\"}]},{\"@type\":\"WebSite\",\"@id\":\"https:\/\/keramamueblesdejardin.com\/fr\/#website\",\"url\":\"https:\/\/keramamueblesdejardin.com\/fr\/\",\"name\":\"Kerama\",\"description\":\"muebles de jard\u00edn\",\"publisher\":{\"@id\":\"https:\/\/keramamueblesdejardin.com\/fr\/#organization\"},\"potentialAction\":[{\"@type\":\"SearchAction\",\"target\":{\"@type\":\"EntryPoint\",\"urlTemplate\":\"https:\/\/keramamueblesdejardin.com\/fr\/?s={search_term_string}\"},\"query-input\":{\"@type\":\"PropertyValueSpecification\",\"valueRequired\":true,\"valueName\":\"search_term_string\"}}],\"inLanguage\":\"fr-FR\"},{\"@type\":\"Organization\",\"@id\":\"https:\/\/keramamueblesdejardin.com\/fr\/#organization\",\"name\":\"kerama\",\"url\":\"https:\/\/keramamueblesdejardin.com\/fr\/\",\"logo\":{\"@type\":\"ImageObject\",\"inLanguage\":\"fr-FR\",\"@id\":\"https:\/\/keramamueblesdejardin.com\/fr\/#\/schema\/logo\/image\/\",\"url\":\"https:\/\/keramamueblesdejardin.com\/wp-content\/uploads\/2020\/12\/k.-scaled.jpg\",\"contentUrl\":\"https:\/\/keramamueblesdejardin.com\/wp-content\/uploads\/2020\/12\/k.-scaled.jpg\",\"width\":2560,\"height\":551,\"caption\":\"kerama\"},\"image\":{\"@id\":\"https:\/\/keramamueblesdejardin.com\/fr\/#\/schema\/logo\/image\/\"},\"sameAs\":[\"https:\/\/www.facebook.com\/Kerama-Muebles-de-Jard\u00edn-106209328312568\/\"]}]}<\/script>\n<!-- \/ Yoast SEO plugin. -->","yoast_head_json":{"title":"Structure excentrique de parasol tissu anthracite taupe 3x3m - Milan - Kerama","robots":{"index":"index","follow":"follow","max-snippet":"max-snippet:-1","max-image-preview":"max-image-preview:large","max-video-preview":"max-video-preview:-1"},"canonical":"https:\/\/keramamueblesdejardin.com\/fr\/parasols-et-pergolas\/pare-soleil\/parasol-suspendu-avec-structure-anthracite-3x3-milan\/","og_locale":"fr_FR","og_type":"article","og_title":"Structure excentrique de parasol tissu anthracite taupe 3x3m - Milan - Kerama","og_description":"M\u00e2t en aluminium anthracite et structure \u00e0 8 tiges  Tissu polyester gris Taup\u00e9, hydrofuge  Comprend un foyer de ventilation et une manivelle pour ouvrir et fermer le parasol  Le parasol peut \u00eatre tourn\u00e9 \u00e0 360 degr\u00e9s et peut \u00eatre inclin\u00e9 en hauteur","og_url":"https:\/\/keramamueblesdejardin.com\/fr\/parasols-et-pergolas\/pare-soleil\/parasol-suspendu-avec-structure-anthracite-3x3-milan\/","og_site_name":"Kerama","article_publisher":"https:\/\/www.facebook.com\/Kerama-Muebles-de-Jard%c3%adn-106209328312568\/","article_modified_time":"2023-06-01T09:01:33+00:00","og_image":[{"width":2560,"height":2560,"url":"https:\/\/keramamueblesdejardin.com\/wp-content\/uploads\/2022\/02\/KMJ21291_01-scaled.jpg","type":"image\/jpeg"}],"twitter_card":"summary_large_image","twitter_misc":{"Dur\u00e9e de lecture estim\u00e9e":"1 minute"},"schema":{"@context":"https:\/\/schema.org","@graph":[{"@type":"WebPage","@id":"https:\/\/keramamueblesdejardin.com\/fr\/parasols-et-pergolas\/pare-soleil\/parasol-suspendu-avec-structure-anthracite-3x3-milan\/","url":"https:\/\/keramamueblesdejardin.com\/fr\/parasols-et-pergolas\/pare-soleil\/parasol-suspendu-avec-structure-anthracite-3x3-milan\/","name":"Structure excentrique de parasol tissu anthracite taupe 3x3m - Milan - Kerama","isPartOf":{"@id":"https:\/\/keramamueblesdejardin.com\/fr\/#website"},"primaryImageOfPage":{"@id":"https:\/\/keramamueblesdejardin.com\/fr\/parasols-et-pergolas\/pare-soleil\/parasol-suspendu-avec-structure-anthracite-3x3-milan\/#primaryimage"},"image":{"@id":"https:\/\/keramamueblesdejardin.com\/fr\/parasols-et-pergolas\/pare-soleil\/parasol-suspendu-avec-structure-anthracite-3x3-milan\/#primaryimage"},"thumbnailUrl":"https:\/\/keramamueblesdejardin.com\/wp-content\/uploads\/2022\/02\/KMJ21291_01-scaled.jpg","datePublished":"2022-03-29T13:17:22+00:00","dateModified":"2023-06-01T09:01:33+00:00","breadcrumb":{"@id":"https:\/\/keramamueblesdejardin.com\/fr\/parasols-et-pergolas\/pare-soleil\/parasol-suspendu-avec-structure-anthracite-3x3-milan\/#breadcrumb"},"inLanguage":"fr-FR","potentialAction":[{"@type":"ReadAction","target":["https:\/\/keramamueblesdejardin.com\/fr\/parasols-et-pergolas\/pare-soleil\/parasol-suspendu-avec-structure-anthracite-3x3-milan\/"]}]},{"@type":"ImageObject","inLanguage":"fr-FR","@id":"https:\/\/keramamueblesdejardin.com\/fr\/parasols-et-pergolas\/pare-soleil\/parasol-suspendu-avec-structure-anthracite-3x3-milan\/#primaryimage","url":"https:\/\/keramamueblesdejardin.com\/wp-content\/uploads\/2022\/02\/KMJ21291_01-scaled.jpg","contentUrl":"https:\/\/keramamueblesdejardin.com\/wp-content\/uploads\/2022\/02\/KMJ21291_01-scaled.jpg","width":2560,"height":2560},{"@type":"BreadcrumbList","@id":"https:\/\/keramamueblesdejardin.com\/fr\/parasols-et-pergolas\/pare-soleil\/parasol-suspendu-avec-structure-anthracite-3x3-milan\/#breadcrumb","itemListElement":[{"@type":"ListItem","position":1,"name":"Home","item":"https:\/\/keramamueblesdejardin.com\/fr\/"},{"@type":"ListItem","position":2,"name":"Boutique","item":"https:\/\/keramamueblesdejardin.com\/tienda\/"},{"@type":"ListItem","position":3,"name":"Parasols et pergolas","item":"https:\/\/keramamueblesdejardin.com\/fr\/parasols-et-pergolas\/"},{"@type":"ListItem","position":4,"name":"Pare-soleil","item":"https:\/\/keramamueblesdejardin.com\/fr\/parasols-et-pergolas\/pare-soleil\/"},{"@type":"ListItem","position":5,"name":"Structure excentrique de parasol tissu anthracite taupe 3x3m &#8211; Milan"}]},{"@type":"WebSite","@id":"https:\/\/keramamueblesdejardin.com\/fr\/#website","url":"https:\/\/keramamueblesdejardin.com\/fr\/","name":"Kerama","description":"muebles de jard\u00edn","publisher":{"@id":"https:\/\/keramamueblesdejardin.com\/fr\/#organization"},"potentialAction":[{"@type":"SearchAction","target":{"@type":"EntryPoint","urlTemplate":"https:\/\/keramamueblesdejardin.com\/fr\/?s={search_term_string}"},"query-input":{"@type":"PropertyValueSpecification","valueRequired":true,"valueName":"search_term_string"}}],"inLanguage":"fr-FR"},{"@type":"Organization","@id":"https:\/\/keramamueblesdejardin.com\/fr\/#organization","name":"kerama","url":"https:\/\/keramamueblesdejardin.com\/fr\/","logo":{"@type":"ImageObject","inLanguage":"fr-FR","@id":"https:\/\/keramamueblesdejardin.com\/fr\/#\/schema\/logo\/image\/","url":"https:\/\/keramamueblesdejardin.com\/wp-content\/uploads\/2020\/12\/k.-scaled.jpg","contentUrl":"https:\/\/keramamueblesdejardin.com\/wp-content\/uploads\/2020\/12\/k.-scaled.jpg","width":2560,"height":551,"caption":"kerama"},"image":{"@id":"https:\/\/keramamueblesdejardin.com\/fr\/#\/schema\/logo\/image\/"},"sameAs":["https:\/\/www.facebook.com\/Kerama-Muebles-de-Jard\u00edn-106209328312568\/"]}]}},"df_price":445,"df_sale_price":445,"df_regular_price":699,"df_image_link":"https:\/\/keramamueblesdejardin.com\/wp-content\/uploads\/2022\/02\/KMJ21291_01-300x300.jpg","custom_tabs":[{"title":"MESURES","id":"mesures","content":"<div class=\"list\"><span style=\"color: #282828;\">Hauteur maximale : 2,40 m<\/span><br style=\"color: #282828;\"><strong style=\"font-weight: bold; color: #282828;\">Largeur du tissu :<\/strong><span style=\"color: #282828;\"> 3 m<\/span><br style=\"color: #282828;\"><strong style=\"font-weight: bold; color: #282828;\">Longueur du tissu :<\/strong><span style=\"color: #282828;\"> 3 m<\/span><br style=\"color: #282828;\"><span style=\"color: #282828;\">Dimension du m\u00e2t : 53 x 77 mm<\/span><br style=\"color: #282828;\"><span style=\"color: #282828;\">Dimension de la tige : 14 x 24 mm<\/span><br style=\"color: #282828;\"><span style=\"color: #282828;\">Nombre de tiges : 8<\/span><br style=\"color: #282828;\"><strong style=\"font-weight: bold; color: #282828;\">Poids du produit :<\/strong><span style=\"color: #282828;\"> 25 kg<\/span><br style=\"color: #282828;\"><span style=\"color: #282828;\">Rotation : 360\u00ba Rotation : 360\u00ba Rotation : 360<\/span><br style=\"color: #282828;\"><span style=\"color: #282828;\">Inclinaison : Oui<\/span><\/div>"},{"title":"ENTRETIEN ET GARANTIES","id":"entretien-et-garanties","content":"<div class=\"moz-signature\">\n<div class=\"list\"><strong>Recommandations g\u00e9n\u00e9rales :<\/strong>\n- Les d\u00e9faillances ou les dommages caus\u00e9s par les \u00e9l\u00e9ments suivants sont exclus de la garantie :\n- Les causes accidentelles telles que chutes, coups, d\u00e9versement de liquides, introduction de corps \u00e9trangers, ainsi que toute autre force majeure.\n- Utilisation n\u00e9gligente, inappropri\u00e9e ou non domestique.\n- Dommages, corrosion et\/ou oxydation acc\u00e9l\u00e9r\u00e9s par des conditions environnementales d\u00e9favorables.\n- Taches et d\u00e9coloration dues au non-respect de nos instructions de nettoyage.\n- Dommages survenus lors du montage et de la manipulation sans respecter les instructions de montage.\n<strong>Instructions d'utilisation et d'entretien :<\/strong>\n- Essuyez doucement avec un chiffon ou utilisez un savon liquide neutre, puis rincez abondamment \u00e0 l'eau.\n- Enlevez r\u00e9guli\u00e8rement la poussi\u00e8re avec un chiffon doux et de l'eau claire.\n- N'utilisez pas de d\u00e9tergents ou de produits abrasifs pour le nettoyage.\n<strong>Ann\u00e9es de garantie :<\/strong> 3 ans\n<strong>Fabriqu\u00e9 conform\u00e9ment \u00e0 la norme :<\/strong> 581-1,581-2,581-3<\/div>\n<\/div>"}],"_links":{"self":[{"href":"https:\/\/keramamueblesdejardin.com\/fr\/wp-json\/wp\/v2\/product\/64857","targetHints":{"allow":["GET"]}}],"collection":[{"href":"https:\/\/keramamueblesdejardin.com\/fr\/wp-json\/wp\/v2\/product"}],"about":[{"href":"https:\/\/keramamueblesdejardin.com\/fr\/wp-json\/wp\/v2\/types\/product"}],"replies":[{"embeddable":true,"href":"https:\/\/keramamueblesdejardin.com\/fr\/wp-json\/wp\/v2\/comments?post=64857"}],"wp:featuredmedia":[{"embeddable":true,"href":"https:\/\/keramamueblesdejardin.com\/fr\/wp-json\/wp\/v2\/media\/55906"}],"wp:attachment":[{"href":"https:\/\/keramamueblesdejardin.com\/fr\/wp-json\/wp\/v2\/media?parent=64857"}],"wp:term":[{"taxonomy":"product_brand","embeddable":true,"href":"https:\/\/keramamueblesdejardin.com\/fr\/wp-json\/wp\/v2\/product_brand?post=64857"},{"taxonomy":"product_cat","embeddable":true,"href":"https:\/\/keramamueblesdejardin.com\/fr\/wp-json\/wp\/v2\/product_cat?post=64857"},{"taxonomy":"product_tag","embeddable":true,"href":"https:\/\/keramamueblesdejardin.com\/fr\/wp-json\/wp\/v2\/product_tag?post=64857"}],"curies":[{"name":"wp","href":"https:\/\/api.w.org\/{rel}","templated":true}]}}