{"id":64835,"date":"2022-03-09T13:26:40","date_gmt":"2022-03-09T12:26:40","guid":{"rendered":"https:\/\/keramamueblesdejardin.com\/non%20class\u00e9\/pergola-300x400-cm-avec-rideaux-beiges-et-moustiquaire-samos\/"},"modified":"2023-08-29T13:23:20","modified_gmt":"2023-08-29T11:23:20","slug":"pergola-300x400-cm-avec-rideaux-et-mosquito-blind-beige-samos","status":"publish","type":"product","link":"https:\/\/keramamueblesdejardin.com\/fr\/parasols-et-pergolas\/pergolas-fr\/pergola-300x400-cm-avec-rideaux-et-mosquito-blind-beige-samos\/","title":{"rendered":"Pergola 300\u00d7400 cm avec rideaux beiges et moustiquaire &#8211; Samos"},"content":{"rendered":"<p>Pergola 300x400cm avec rideaux beiges et moustiquaire avec toit en tissu imperm\u00e9able et chemin\u00e9e.<\/p>\n","protected":false},"excerpt":{"rendered":"<ul>\n<li>Toit avec tissu imperm\u00e9able et chemin\u00e9e beige<\/li>\n<li>Dimensions 300x400cm<\/li>\n<li>Rideaux et moustiquaires inclus<\/li>\n<li>Structure en aluminium beige<\/li>\n<\/ul>\n","protected":false},"featured_media":55430,"comment_status":"closed","ping_status":"open","template":"","meta":{"_acf_changed":false},"product_brand":[],"product_cat":[569,678],"product_tag":[565,567,679],"class_list":{"0":"post-64835","1":"product","2":"type-product","3":"status-publish","4":"has-post-thumbnail","6":"product_cat-parasols-et-pergolas","7":"product_cat-pergolas-fr","8":"product_tag-aluminium","9":"product_tag-grands-espaces","10":"product_tag-samos-fr","11":"product_shipping_class-envio-gratuito-fr","12":"pa_coleccion-samos-fr","13":"pa_material-aluminio-fr","14":"pa_material-poliester-fr","16":"first","17":"instock","18":"sale","19":"purchasable","20":"product-type-simple","21":"add-to-wishlist-before_image"},"acf":[],"yoast_head":"<!-- This site is optimized with the Yoast SEO plugin v27.2 - https:\/\/yoast.com\/product\/yoast-seo-wordpress\/ -->\n<title>Pergola 300\u00d7400 cm avec rideaux beiges et moustiquaire - Samos - Kerama<\/title>\n<meta name=\"robots\" content=\"index, follow, max-snippet:-1, max-image-preview:large, max-video-preview:-1\" \/>\n<link rel=\"canonical\" href=\"https:\/\/keramamueblesdejardin.com\/fr\/parasols-et-pergolas\/pergolas-fr\/pergola-300x400-cm-avec-rideaux-et-mosquito-blind-beige-samos\/\" \/>\n<meta property=\"og:locale\" content=\"fr_FR\" \/>\n<meta property=\"og:type\" content=\"article\" \/>\n<meta property=\"og:title\" content=\"Pergola 300\u00d7400 cm avec rideaux beiges et moustiquaire - Samos - Kerama\" \/>\n<meta property=\"og:description\" content=\"Toit avec tissu imperm\u00e9able et chemin\u00e9e beige  Dimensions 300x400cm  Rideaux et moustiquaires inclus  Structure en aluminium beige\" \/>\n<meta property=\"og:url\" content=\"https:\/\/keramamueblesdejardin.com\/fr\/parasols-et-pergolas\/pergolas-fr\/pergola-300x400-cm-avec-rideaux-et-mosquito-blind-beige-samos\/\" \/>\n<meta property=\"og:site_name\" content=\"Kerama\" \/>\n<meta property=\"article:publisher\" content=\"https:\/\/www.facebook.com\/Kerama-Muebles-de-Jard%c3%adn-106209328312568\/\" \/>\n<meta property=\"article:modified_time\" content=\"2023-08-29T11:23:20+00:00\" \/>\n<meta property=\"og:image\" content=\"https:\/\/keramamueblesdejardin.com\/wp-content\/uploads\/2021\/09\/L1470510_SILU-scaled.jpg\" \/>\n\t<meta property=\"og:image:width\" content=\"2560\" \/>\n\t<meta property=\"og:image:height\" content=\"2560\" \/>\n\t<meta property=\"og:image:type\" content=\"image\/jpeg\" \/>\n<meta name=\"twitter:card\" content=\"summary_large_image\" \/>\n<script type=\"application\/ld+json\" class=\"yoast-schema-graph\">{\"@context\":\"https:\/\/schema.org\",\"@graph\":[{\"@type\":\"WebPage\",\"@id\":\"https:\/\/keramamueblesdejardin.com\/fr\/parasols-et-pergolas\/pergolas-fr\/pergola-300x400-cm-avec-rideaux-et-mosquito-blind-beige-samos\/\",\"url\":\"https:\/\/keramamueblesdejardin.com\/fr\/parasols-et-pergolas\/pergolas-fr\/pergola-300x400-cm-avec-rideaux-et-mosquito-blind-beige-samos\/\",\"name\":\"Pergola 300\u00d7400 cm avec rideaux beiges et moustiquaire - Samos - Kerama\",\"isPartOf\":{\"@id\":\"https:\/\/keramamueblesdejardin.com\/fr\/#website\"},\"primaryImageOfPage\":{\"@id\":\"https:\/\/keramamueblesdejardin.com\/fr\/parasols-et-pergolas\/pergolas-fr\/pergola-300x400-cm-avec-rideaux-et-mosquito-blind-beige-samos\/#primaryimage\"},\"image\":{\"@id\":\"https:\/\/keramamueblesdejardin.com\/fr\/parasols-et-pergolas\/pergolas-fr\/pergola-300x400-cm-avec-rideaux-et-mosquito-blind-beige-samos\/#primaryimage\"},\"thumbnailUrl\":\"https:\/\/keramamueblesdejardin.com\/wp-content\/uploads\/2021\/09\/L1470510_SILU-scaled.jpg\",\"datePublished\":\"2022-03-09T12:26:40+00:00\",\"dateModified\":\"2023-08-29T11:23:20+00:00\",\"breadcrumb\":{\"@id\":\"https:\/\/keramamueblesdejardin.com\/fr\/parasols-et-pergolas\/pergolas-fr\/pergola-300x400-cm-avec-rideaux-et-mosquito-blind-beige-samos\/#breadcrumb\"},\"inLanguage\":\"fr-FR\",\"potentialAction\":[{\"@type\":\"ReadAction\",\"target\":[\"https:\/\/keramamueblesdejardin.com\/fr\/parasols-et-pergolas\/pergolas-fr\/pergola-300x400-cm-avec-rideaux-et-mosquito-blind-beige-samos\/\"]}]},{\"@type\":\"ImageObject\",\"inLanguage\":\"fr-FR\",\"@id\":\"https:\/\/keramamueblesdejardin.com\/fr\/parasols-et-pergolas\/pergolas-fr\/pergola-300x400-cm-avec-rideaux-et-mosquito-blind-beige-samos\/#primaryimage\",\"url\":\"https:\/\/keramamueblesdejardin.com\/wp-content\/uploads\/2021\/09\/L1470510_SILU-scaled.jpg\",\"contentUrl\":\"https:\/\/keramamueblesdejardin.com\/wp-content\/uploads\/2021\/09\/L1470510_SILU-scaled.jpg\",\"width\":2560,\"height\":2560},{\"@type\":\"BreadcrumbList\",\"@id\":\"https:\/\/keramamueblesdejardin.com\/fr\/parasols-et-pergolas\/pergolas-fr\/pergola-300x400-cm-avec-rideaux-et-mosquito-blind-beige-samos\/#breadcrumb\",\"itemListElement\":[{\"@type\":\"ListItem\",\"position\":1,\"name\":\"Home\",\"item\":\"https:\/\/keramamueblesdejardin.com\/fr\/\"},{\"@type\":\"ListItem\",\"position\":2,\"name\":\"Boutique\",\"item\":\"https:\/\/keramamueblesdejardin.com\/tienda\/\"},{\"@type\":\"ListItem\",\"position\":3,\"name\":\"Parasols et pergolas\",\"item\":\"https:\/\/keramamueblesdejardin.com\/fr\/parasols-et-pergolas\/\"},{\"@type\":\"ListItem\",\"position\":4,\"name\":\"Pergolas\",\"item\":\"https:\/\/keramamueblesdejardin.com\/fr\/parasols-et-pergolas\/pergolas-fr\/\"},{\"@type\":\"ListItem\",\"position\":5,\"name\":\"Pergola 300\u00d7400 cm avec rideaux beiges et moustiquaire &#8211; Samos\"}]},{\"@type\":\"WebSite\",\"@id\":\"https:\/\/keramamueblesdejardin.com\/fr\/#website\",\"url\":\"https:\/\/keramamueblesdejardin.com\/fr\/\",\"name\":\"Kerama\",\"description\":\"muebles de jard\u00edn\",\"publisher\":{\"@id\":\"https:\/\/keramamueblesdejardin.com\/fr\/#organization\"},\"potentialAction\":[{\"@type\":\"SearchAction\",\"target\":{\"@type\":\"EntryPoint\",\"urlTemplate\":\"https:\/\/keramamueblesdejardin.com\/fr\/?s={search_term_string}\"},\"query-input\":{\"@type\":\"PropertyValueSpecification\",\"valueRequired\":true,\"valueName\":\"search_term_string\"}}],\"inLanguage\":\"fr-FR\"},{\"@type\":\"Organization\",\"@id\":\"https:\/\/keramamueblesdejardin.com\/fr\/#organization\",\"name\":\"kerama\",\"url\":\"https:\/\/keramamueblesdejardin.com\/fr\/\",\"logo\":{\"@type\":\"ImageObject\",\"inLanguage\":\"fr-FR\",\"@id\":\"https:\/\/keramamueblesdejardin.com\/fr\/#\/schema\/logo\/image\/\",\"url\":\"https:\/\/keramamueblesdejardin.com\/wp-content\/uploads\/2020\/12\/k.-scaled.jpg\",\"contentUrl\":\"https:\/\/keramamueblesdejardin.com\/wp-content\/uploads\/2020\/12\/k.-scaled.jpg\",\"width\":2560,\"height\":551,\"caption\":\"kerama\"},\"image\":{\"@id\":\"https:\/\/keramamueblesdejardin.com\/fr\/#\/schema\/logo\/image\/\"},\"sameAs\":[\"https:\/\/www.facebook.com\/Kerama-Muebles-de-Jard\u00edn-106209328312568\/\"]}]}<\/script>\n<!-- \/ Yoast SEO plugin. -->","yoast_head_json":{"title":"Pergola 300\u00d7400 cm avec rideaux beiges et moustiquaire - Samos - Kerama","robots":{"index":"index","follow":"follow","max-snippet":"max-snippet:-1","max-image-preview":"max-image-preview:large","max-video-preview":"max-video-preview:-1"},"canonical":"https:\/\/keramamueblesdejardin.com\/fr\/parasols-et-pergolas\/pergolas-fr\/pergola-300x400-cm-avec-rideaux-et-mosquito-blind-beige-samos\/","og_locale":"fr_FR","og_type":"article","og_title":"Pergola 300\u00d7400 cm avec rideaux beiges et moustiquaire - Samos - Kerama","og_description":"Toit avec tissu imperm\u00e9able et chemin\u00e9e beige  Dimensions 300x400cm  Rideaux et moustiquaires inclus  Structure en aluminium beige","og_url":"https:\/\/keramamueblesdejardin.com\/fr\/parasols-et-pergolas\/pergolas-fr\/pergola-300x400-cm-avec-rideaux-et-mosquito-blind-beige-samos\/","og_site_name":"Kerama","article_publisher":"https:\/\/www.facebook.com\/Kerama-Muebles-de-Jard%c3%adn-106209328312568\/","article_modified_time":"2023-08-29T11:23:20+00:00","og_image":[{"width":2560,"height":2560,"url":"https:\/\/keramamueblesdejardin.com\/wp-content\/uploads\/2021\/09\/L1470510_SILU-scaled.jpg","type":"image\/jpeg"}],"twitter_card":"summary_large_image","schema":{"@context":"https:\/\/schema.org","@graph":[{"@type":"WebPage","@id":"https:\/\/keramamueblesdejardin.com\/fr\/parasols-et-pergolas\/pergolas-fr\/pergola-300x400-cm-avec-rideaux-et-mosquito-blind-beige-samos\/","url":"https:\/\/keramamueblesdejardin.com\/fr\/parasols-et-pergolas\/pergolas-fr\/pergola-300x400-cm-avec-rideaux-et-mosquito-blind-beige-samos\/","name":"Pergola 300\u00d7400 cm avec rideaux beiges et moustiquaire - Samos - Kerama","isPartOf":{"@id":"https:\/\/keramamueblesdejardin.com\/fr\/#website"},"primaryImageOfPage":{"@id":"https:\/\/keramamueblesdejardin.com\/fr\/parasols-et-pergolas\/pergolas-fr\/pergola-300x400-cm-avec-rideaux-et-mosquito-blind-beige-samos\/#primaryimage"},"image":{"@id":"https:\/\/keramamueblesdejardin.com\/fr\/parasols-et-pergolas\/pergolas-fr\/pergola-300x400-cm-avec-rideaux-et-mosquito-blind-beige-samos\/#primaryimage"},"thumbnailUrl":"https:\/\/keramamueblesdejardin.com\/wp-content\/uploads\/2021\/09\/L1470510_SILU-scaled.jpg","datePublished":"2022-03-09T12:26:40+00:00","dateModified":"2023-08-29T11:23:20+00:00","breadcrumb":{"@id":"https:\/\/keramamueblesdejardin.com\/fr\/parasols-et-pergolas\/pergolas-fr\/pergola-300x400-cm-avec-rideaux-et-mosquito-blind-beige-samos\/#breadcrumb"},"inLanguage":"fr-FR","potentialAction":[{"@type":"ReadAction","target":["https:\/\/keramamueblesdejardin.com\/fr\/parasols-et-pergolas\/pergolas-fr\/pergola-300x400-cm-avec-rideaux-et-mosquito-blind-beige-samos\/"]}]},{"@type":"ImageObject","inLanguage":"fr-FR","@id":"https:\/\/keramamueblesdejardin.com\/fr\/parasols-et-pergolas\/pergolas-fr\/pergola-300x400-cm-avec-rideaux-et-mosquito-blind-beige-samos\/#primaryimage","url":"https:\/\/keramamueblesdejardin.com\/wp-content\/uploads\/2021\/09\/L1470510_SILU-scaled.jpg","contentUrl":"https:\/\/keramamueblesdejardin.com\/wp-content\/uploads\/2021\/09\/L1470510_SILU-scaled.jpg","width":2560,"height":2560},{"@type":"BreadcrumbList","@id":"https:\/\/keramamueblesdejardin.com\/fr\/parasols-et-pergolas\/pergolas-fr\/pergola-300x400-cm-avec-rideaux-et-mosquito-blind-beige-samos\/#breadcrumb","itemListElement":[{"@type":"ListItem","position":1,"name":"Home","item":"https:\/\/keramamueblesdejardin.com\/fr\/"},{"@type":"ListItem","position":2,"name":"Boutique","item":"https:\/\/keramamueblesdejardin.com\/tienda\/"},{"@type":"ListItem","position":3,"name":"Parasols et pergolas","item":"https:\/\/keramamueblesdejardin.com\/fr\/parasols-et-pergolas\/"},{"@type":"ListItem","position":4,"name":"Pergolas","item":"https:\/\/keramamueblesdejardin.com\/fr\/parasols-et-pergolas\/pergolas-fr\/"},{"@type":"ListItem","position":5,"name":"Pergola 300\u00d7400 cm avec rideaux beiges et moustiquaire &#8211; Samos"}]},{"@type":"WebSite","@id":"https:\/\/keramamueblesdejardin.com\/fr\/#website","url":"https:\/\/keramamueblesdejardin.com\/fr\/","name":"Kerama","description":"muebles de jard\u00edn","publisher":{"@id":"https:\/\/keramamueblesdejardin.com\/fr\/#organization"},"potentialAction":[{"@type":"SearchAction","target":{"@type":"EntryPoint","urlTemplate":"https:\/\/keramamueblesdejardin.com\/fr\/?s={search_term_string}"},"query-input":{"@type":"PropertyValueSpecification","valueRequired":true,"valueName":"search_term_string"}}],"inLanguage":"fr-FR"},{"@type":"Organization","@id":"https:\/\/keramamueblesdejardin.com\/fr\/#organization","name":"kerama","url":"https:\/\/keramamueblesdejardin.com\/fr\/","logo":{"@type":"ImageObject","inLanguage":"fr-FR","@id":"https:\/\/keramamueblesdejardin.com\/fr\/#\/schema\/logo\/image\/","url":"https:\/\/keramamueblesdejardin.com\/wp-content\/uploads\/2020\/12\/k.-scaled.jpg","contentUrl":"https:\/\/keramamueblesdejardin.com\/wp-content\/uploads\/2020\/12\/k.-scaled.jpg","width":2560,"height":551,"caption":"kerama"},"image":{"@id":"https:\/\/keramamueblesdejardin.com\/fr\/#\/schema\/logo\/image\/"},"sameAs":["https:\/\/www.facebook.com\/Kerama-Muebles-de-Jard\u00edn-106209328312568\/"]}]}},"df_price":869,"df_sale_price":869,"df_regular_price":1065,"df_image_link":"https:\/\/keramamueblesdejardin.com\/wp-content\/uploads\/2021\/09\/L1470510_SILU-300x300.jpg","custom_tabs":[{"title":"MESURES","id":"mesures","content":"<strong>Hauteur :<\/strong> 265 cm\n<strong>Largeur :<\/strong> 300 cm\nLongueur : 400 cm\n<strong>Poids du produit :<\/strong> 43 kg"},{"title":"D\u00c9BALLAGE ET MONTAGE","id":"deballage-et-montage","content":"<strong>Recommandations pour le d\u00e9ballage :<\/strong> Ne pas utiliser d'outils tranchants lors du d\u00e9ballage du meuble car cela pourrait l'endommager.\n<strong>Montage requis (O\/N) :<\/strong> Oui\n<strong>Difficult\u00e9 d'assemblage :<\/strong> \u00e9lev\u00e9e\n<strong>Temps de montage :<\/strong> 3 heures\n<strong>Personnes recommand\u00e9es pour le montage :<\/strong> 2\n<strong>Suggestions de montage :<\/strong> Pr\u00e9parez une zone de montage propre et s\u00e8che, v\u00e9rifiez qu'aucune des pi\u00e8ces list\u00e9es dans le manuel ne manque. Nous recommandons l'utilisation de gants appropri\u00e9s pour le montage. N'utilisez que les pi\u00e8ces et les raccords fournis."},{"title":"ENTRETIEN ET GARANTIES","id":"entretien-et-garanties","content":"<strong>Conditions g\u00e9n\u00e9rales :<\/strong>\n- Les d\u00e9faillances ou les dommages caus\u00e9s par les \u00e9l\u00e9ments suivants sont exclus de la garantie :\n- Les causes accidentelles telles que chutes, coups, d\u00e9versement de liquides, introduction de corps \u00e9trangers, ainsi que toute autre force majeure.\n- Utilisation n\u00e9gligente, inappropri\u00e9e ou non domestique.\n- Dommages, corrosion et\/ou oxydation acc\u00e9l\u00e9r\u00e9s par des conditions environnementales d\u00e9favorables.\n- Taches et d\u00e9coloration dues au non-respect de nos instructions de nettoyage.\n- Dommages survenus lors du montage et de la manipulation sans respecter les instructions de montage.\n<strong>Instructions d'utilisation et d'entretien :<\/strong>\n- Essuyez doucement avec un chiffon ou utilisez un savon liquide neutre, puis rincez abondamment \u00e0 l'eau.\n- Enlevez r\u00e9guli\u00e8rement la poussi\u00e8re avec un chiffon doux et de l'eau claire.\n- N'utilisez pas de d\u00e9tergents ou de produits abrasifs pour le nettoyage.\n<strong>Ann\u00e9es de garantie :<\/strong> 2 ans"}],"_links":{"self":[{"href":"https:\/\/keramamueblesdejardin.com\/fr\/wp-json\/wp\/v2\/product\/64835","targetHints":{"allow":["GET"]}}],"collection":[{"href":"https:\/\/keramamueblesdejardin.com\/fr\/wp-json\/wp\/v2\/product"}],"about":[{"href":"https:\/\/keramamueblesdejardin.com\/fr\/wp-json\/wp\/v2\/types\/product"}],"replies":[{"embeddable":true,"href":"https:\/\/keramamueblesdejardin.com\/fr\/wp-json\/wp\/v2\/comments?post=64835"}],"wp:featuredmedia":[{"embeddable":true,"href":"https:\/\/keramamueblesdejardin.com\/fr\/wp-json\/wp\/v2\/media\/55430"}],"wp:attachment":[{"href":"https:\/\/keramamueblesdejardin.com\/fr\/wp-json\/wp\/v2\/media?parent=64835"}],"wp:term":[{"taxonomy":"product_brand","embeddable":true,"href":"https:\/\/keramamueblesdejardin.com\/fr\/wp-json\/wp\/v2\/product_brand?post=64835"},{"taxonomy":"product_cat","embeddable":true,"href":"https:\/\/keramamueblesdejardin.com\/fr\/wp-json\/wp\/v2\/product_cat?post=64835"},{"taxonomy":"product_tag","embeddable":true,"href":"https:\/\/keramamueblesdejardin.com\/fr\/wp-json\/wp\/v2\/product_tag?post=64835"}],"curies":[{"name":"wp","href":"https:\/\/api.w.org\/{rel}","templated":true}]}}