{"id":64632,"date":"2022-08-11T08:45:30","date_gmt":"2022-08-11T06:45:30","guid":{"rendered":"https:\/\/keramamueblesdejardin.com\/non%20class\u00e9\/ensemble-de-jardin-dangle-2-fauteuils-en-rotin-synthetique-et-acier-avec-table-haute-verona\/"},"modified":"2024-08-08T14:05:57","modified_gmt":"2024-08-08T12:05:57","slug":"ensemble-de-jardin-de-coin-2-synthetique-rattan-butcher-basins-et-acier-avec-table-haute-verona","status":"publish","type":"product","link":"https:\/\/keramamueblesdejardin.com\/fr\/salles-exterieures\/ensembles-de-jardin\/ensemble-de-jardin-de-coin-2-synthetique-rattan-butcher-basins-et-acier-avec-table-haute-verona\/","title":{"rendered":"Ensemble de jardin d&rsquo;angle + 2 fauteuils en rotin synth\u00e9tique et acier avec table haute &#8211; Verona"},"content":{"rendered":"<p>L&rsquo;ensemble de meubles d&rsquo;ext\u00e9rieur Verona pour le jardin ou la terrasse est fabriqu\u00e9 en acier recouvert de rotin synth\u00e9tique de couleur beige, offrant \u00e9l\u00e9gance et confort.<\/p>\n<p>L&rsquo;ensemble peut accueillir jusqu&rsquo;\u00e0 8 personnes, car il comprend un ensemble de 6 places + 2 fauteuils individuels avec coussins amovibles. La table est une table haute en polywood avec un d\u00e9tail d&rsquo;\u00e9tag\u00e8re inf\u00e9rieure pour une utilisation compl\u00e8te.<\/p>\n<p>Les mat\u00e9riaux de l&rsquo;ensemble sont r\u00e9sistants et faciles \u00e0 nettoyer, mais en m\u00eame temps, gr\u00e2ce \u00e0 la construction l\u00e9g\u00e8re, toutes les pi\u00e8ces peuvent \u00eatre d\u00e9plac\u00e9es facilement.<\/p>\n<p>Le mod\u00e8le Verona cr\u00e9era un espace de d\u00e9tente pour les soir\u00e9es d&rsquo;\u00e9t\u00e9 en famille ou entre amis, avec le confort comme priorit\u00e9 gr\u00e2ce aux si\u00e8ges rembourr\u00e9s.<\/p>\n<p>En outre, vous pouvez combiner cet ensemble avec les diff\u00e9rents \u00e9l\u00e9ments qui composent la famille Verona et, pour les mois les plus froids, vous pouvez consulter la gamme de couvertures pour les prot\u00e9ger compl\u00e8tement.<\/p>\n","protected":false},"excerpt":{"rendered":"<ul>\n<li>Structure en acier et rotin synth\u00e9tique imitation naturel<\/li>\n<li>1 ensemble d&rsquo;angle + 2 fauteuils + table haute avec plateau en polywood et porte-revues<\/li>\n<li>Coussins amovibles, couleur sable<\/li>\n<li>Vous pouvez le combiner avec d&rsquo;autres \u00e9l\u00e9ments de la famille Verona.<\/li>\n<\/ul>\n","protected":false},"featured_media":60801,"comment_status":"closed","ping_status":"closed","template":"","meta":{"_acf_changed":false},"product_brand":[],"product_cat":[599,604],"product_tag":[],"class_list":{"0":"post-64632","1":"product","2":"type-product","3":"status-publish","4":"has-post-thumbnail","6":"product_cat-ensembles-de-jardin","7":"product_cat-salles-exterieures","8":"product_shipping_class-envio-gratuito-fr","9":"pa_ancho-269-fr","10":"pa_asientos-7-fr","11":"pa_caracteristicas-demi-de-coin","12":"pa_caracteristicas-housses-lavables","13":"pa_coleccion-verona-fr","14":"pa_forma-demi-de-coin","15":"pa_largo-343-fr","16":"pa_m2-923-fr","17":"pa_material-acero-fr","18":"pa_material-ratan-fr","19":"pa_tamano-espacio-grand","21":"first","22":"outofstock","23":"sale","24":"purchasable","25":"product-type-simple","26":"add-to-wishlist-before_image"},"acf":[],"yoast_head":"<!-- This site is optimized with the Yoast SEO plugin v27.2 - https:\/\/yoast.com\/product\/yoast-seo-wordpress\/ -->\n<title>Ensemble de jardin d&#039;angle + 2 fauteuils en rotin synth\u00e9tique et acier avec table haute - Verona - Kerama<\/title>\n<meta name=\"robots\" content=\"index, follow, max-snippet:-1, max-image-preview:large, max-video-preview:-1\" \/>\n<link rel=\"canonical\" href=\"https:\/\/keramamueblesdejardin.com\/fr\/salles-exterieures\/ensembles-de-jardin\/ensemble-de-jardin-de-coin-2-synthetique-rattan-butcher-basins-et-acier-avec-table-haute-verona\/\" \/>\n<meta property=\"og:locale\" content=\"fr_FR\" \/>\n<meta property=\"og:type\" content=\"article\" \/>\n<meta property=\"og:title\" content=\"Ensemble de jardin d&#039;angle + 2 fauteuils en rotin synth\u00e9tique et acier avec table haute - Verona - Kerama\" \/>\n<meta property=\"og:description\" content=\"Structure en acier et rotin synth\u00e9tique imitation naturel  1 ensemble d&#039;angle + 2 fauteuils + table haute avec plateau en polywood et porte-revues  Coussins amovibles, couleur sable  Vous pouvez le combiner avec d&#039;autres \u00e9l\u00e9ments de la famille Verona.\" \/>\n<meta property=\"og:url\" content=\"https:\/\/keramamueblesdejardin.com\/fr\/salles-exterieures\/ensembles-de-jardin\/ensemble-de-jardin-de-coin-2-synthetique-rattan-butcher-basins-et-acier-avec-table-haute-verona\/\" \/>\n<meta property=\"og:site_name\" content=\"Kerama\" \/>\n<meta property=\"article:publisher\" content=\"https:\/\/www.facebook.com\/Kerama-Muebles-de-Jard%c3%adn-106209328312568\/\" \/>\n<meta property=\"article:modified_time\" content=\"2024-08-08T12:05:57+00:00\" \/>\n<meta property=\"og:image\" content=\"https:\/\/keramamueblesdejardin.com\/wp-content\/uploads\/2022\/08\/verona-6-e1697452547777.jpg\" \/>\n\t<meta property=\"og:image:width\" content=\"1200\" \/>\n\t<meta property=\"og:image:height\" content=\"1200\" \/>\n\t<meta property=\"og:image:type\" content=\"image\/jpeg\" \/>\n<meta name=\"twitter:card\" content=\"summary_large_image\" \/>\n<meta name=\"twitter:label1\" content=\"Dur\u00e9e de lecture estim\u00e9e\" \/>\n\t<meta name=\"twitter:data1\" content=\"1 minute\" \/>\n<script type=\"application\/ld+json\" class=\"yoast-schema-graph\">{\"@context\":\"https:\/\/schema.org\",\"@graph\":[{\"@type\":\"WebPage\",\"@id\":\"https:\/\/keramamueblesdejardin.com\/fr\/salles-exterieures\/ensembles-de-jardin\/ensemble-de-jardin-de-coin-2-synthetique-rattan-butcher-basins-et-acier-avec-table-haute-verona\/\",\"url\":\"https:\/\/keramamueblesdejardin.com\/fr\/salles-exterieures\/ensembles-de-jardin\/ensemble-de-jardin-de-coin-2-synthetique-rattan-butcher-basins-et-acier-avec-table-haute-verona\/\",\"name\":\"Ensemble de jardin d'angle + 2 fauteuils en rotin synth\u00e9tique et acier avec table haute - Verona - Kerama\",\"isPartOf\":{\"@id\":\"https:\/\/keramamueblesdejardin.com\/fr\/#website\"},\"primaryImageOfPage\":{\"@id\":\"https:\/\/keramamueblesdejardin.com\/fr\/salles-exterieures\/ensembles-de-jardin\/ensemble-de-jardin-de-coin-2-synthetique-rattan-butcher-basins-et-acier-avec-table-haute-verona\/#primaryimage\"},\"image\":{\"@id\":\"https:\/\/keramamueblesdejardin.com\/fr\/salles-exterieures\/ensembles-de-jardin\/ensemble-de-jardin-de-coin-2-synthetique-rattan-butcher-basins-et-acier-avec-table-haute-verona\/#primaryimage\"},\"thumbnailUrl\":\"https:\/\/keramamueblesdejardin.com\/wp-content\/uploads\/2022\/08\/verona-6-e1697452547777.jpg\",\"datePublished\":\"2022-08-11T06:45:30+00:00\",\"dateModified\":\"2024-08-08T12:05:57+00:00\",\"breadcrumb\":{\"@id\":\"https:\/\/keramamueblesdejardin.com\/fr\/salles-exterieures\/ensembles-de-jardin\/ensemble-de-jardin-de-coin-2-synthetique-rattan-butcher-basins-et-acier-avec-table-haute-verona\/#breadcrumb\"},\"inLanguage\":\"fr-FR\",\"potentialAction\":[{\"@type\":\"ReadAction\",\"target\":[\"https:\/\/keramamueblesdejardin.com\/fr\/salles-exterieures\/ensembles-de-jardin\/ensemble-de-jardin-de-coin-2-synthetique-rattan-butcher-basins-et-acier-avec-table-haute-verona\/\"]}]},{\"@type\":\"ImageObject\",\"inLanguage\":\"fr-FR\",\"@id\":\"https:\/\/keramamueblesdejardin.com\/fr\/salles-exterieures\/ensembles-de-jardin\/ensemble-de-jardin-de-coin-2-synthetique-rattan-butcher-basins-et-acier-avec-table-haute-verona\/#primaryimage\",\"url\":\"https:\/\/keramamueblesdejardin.com\/wp-content\/uploads\/2022\/08\/verona-6-e1697452547777.jpg\",\"contentUrl\":\"https:\/\/keramamueblesdejardin.com\/wp-content\/uploads\/2022\/08\/verona-6-e1697452547777.jpg\",\"width\":1200,\"height\":1200},{\"@type\":\"BreadcrumbList\",\"@id\":\"https:\/\/keramamueblesdejardin.com\/fr\/salles-exterieures\/ensembles-de-jardin\/ensemble-de-jardin-de-coin-2-synthetique-rattan-butcher-basins-et-acier-avec-table-haute-verona\/#breadcrumb\",\"itemListElement\":[{\"@type\":\"ListItem\",\"position\":1,\"name\":\"Home\",\"item\":\"https:\/\/keramamueblesdejardin.com\/fr\/\"},{\"@type\":\"ListItem\",\"position\":2,\"name\":\"Boutique\",\"item\":\"https:\/\/keramamueblesdejardin.com\/tienda\/\"},{\"@type\":\"ListItem\",\"position\":3,\"name\":\"Salles ext\u00e9rieures\",\"item\":\"https:\/\/keramamueblesdejardin.com\/fr\/salles-exterieures\/\"},{\"@type\":\"ListItem\",\"position\":4,\"name\":\"Ensembles de jardin\",\"item\":\"https:\/\/keramamueblesdejardin.com\/fr\/salles-exterieures\/ensembles-de-jardin\/\"},{\"@type\":\"ListItem\",\"position\":5,\"name\":\"Ensemble de jardin d&#8217;angle + 2 fauteuils en rotin synth\u00e9tique et acier avec table haute &#8211; Verona\"}]},{\"@type\":\"WebSite\",\"@id\":\"https:\/\/keramamueblesdejardin.com\/fr\/#website\",\"url\":\"https:\/\/keramamueblesdejardin.com\/fr\/\",\"name\":\"Kerama\",\"description\":\"muebles de jard\u00edn\",\"publisher\":{\"@id\":\"https:\/\/keramamueblesdejardin.com\/fr\/#organization\"},\"potentialAction\":[{\"@type\":\"SearchAction\",\"target\":{\"@type\":\"EntryPoint\",\"urlTemplate\":\"https:\/\/keramamueblesdejardin.com\/fr\/?s={search_term_string}\"},\"query-input\":{\"@type\":\"PropertyValueSpecification\",\"valueRequired\":true,\"valueName\":\"search_term_string\"}}],\"inLanguage\":\"fr-FR\"},{\"@type\":\"Organization\",\"@id\":\"https:\/\/keramamueblesdejardin.com\/fr\/#organization\",\"name\":\"kerama\",\"url\":\"https:\/\/keramamueblesdejardin.com\/fr\/\",\"logo\":{\"@type\":\"ImageObject\",\"inLanguage\":\"fr-FR\",\"@id\":\"https:\/\/keramamueblesdejardin.com\/fr\/#\/schema\/logo\/image\/\",\"url\":\"https:\/\/keramamueblesdejardin.com\/wp-content\/uploads\/2020\/12\/k.-scaled.jpg\",\"contentUrl\":\"https:\/\/keramamueblesdejardin.com\/wp-content\/uploads\/2020\/12\/k.-scaled.jpg\",\"width\":2560,\"height\":551,\"caption\":\"kerama\"},\"image\":{\"@id\":\"https:\/\/keramamueblesdejardin.com\/fr\/#\/schema\/logo\/image\/\"},\"sameAs\":[\"https:\/\/www.facebook.com\/Kerama-Muebles-de-Jard\u00edn-106209328312568\/\"]}]}<\/script>\n<!-- \/ Yoast SEO plugin. -->","yoast_head_json":{"title":"Ensemble de jardin d'angle + 2 fauteuils en rotin synth\u00e9tique et acier avec table haute - Verona - Kerama","robots":{"index":"index","follow":"follow","max-snippet":"max-snippet:-1","max-image-preview":"max-image-preview:large","max-video-preview":"max-video-preview:-1"},"canonical":"https:\/\/keramamueblesdejardin.com\/fr\/salles-exterieures\/ensembles-de-jardin\/ensemble-de-jardin-de-coin-2-synthetique-rattan-butcher-basins-et-acier-avec-table-haute-verona\/","og_locale":"fr_FR","og_type":"article","og_title":"Ensemble de jardin d'angle + 2 fauteuils en rotin synth\u00e9tique et acier avec table haute - Verona - Kerama","og_description":"Structure en acier et rotin synth\u00e9tique imitation naturel  1 ensemble d'angle + 2 fauteuils + table haute avec plateau en polywood et porte-revues  Coussins amovibles, couleur sable  Vous pouvez le combiner avec d'autres \u00e9l\u00e9ments de la famille Verona.","og_url":"https:\/\/keramamueblesdejardin.com\/fr\/salles-exterieures\/ensembles-de-jardin\/ensemble-de-jardin-de-coin-2-synthetique-rattan-butcher-basins-et-acier-avec-table-haute-verona\/","og_site_name":"Kerama","article_publisher":"https:\/\/www.facebook.com\/Kerama-Muebles-de-Jard%c3%adn-106209328312568\/","article_modified_time":"2024-08-08T12:05:57+00:00","og_image":[{"width":1200,"height":1200,"url":"https:\/\/keramamueblesdejardin.com\/wp-content\/uploads\/2022\/08\/verona-6-e1697452547777.jpg","type":"image\/jpeg"}],"twitter_card":"summary_large_image","twitter_misc":{"Dur\u00e9e de lecture estim\u00e9e":"1 minute"},"schema":{"@context":"https:\/\/schema.org","@graph":[{"@type":"WebPage","@id":"https:\/\/keramamueblesdejardin.com\/fr\/salles-exterieures\/ensembles-de-jardin\/ensemble-de-jardin-de-coin-2-synthetique-rattan-butcher-basins-et-acier-avec-table-haute-verona\/","url":"https:\/\/keramamueblesdejardin.com\/fr\/salles-exterieures\/ensembles-de-jardin\/ensemble-de-jardin-de-coin-2-synthetique-rattan-butcher-basins-et-acier-avec-table-haute-verona\/","name":"Ensemble de jardin d'angle + 2 fauteuils en rotin synth\u00e9tique et acier avec table haute - Verona - Kerama","isPartOf":{"@id":"https:\/\/keramamueblesdejardin.com\/fr\/#website"},"primaryImageOfPage":{"@id":"https:\/\/keramamueblesdejardin.com\/fr\/salles-exterieures\/ensembles-de-jardin\/ensemble-de-jardin-de-coin-2-synthetique-rattan-butcher-basins-et-acier-avec-table-haute-verona\/#primaryimage"},"image":{"@id":"https:\/\/keramamueblesdejardin.com\/fr\/salles-exterieures\/ensembles-de-jardin\/ensemble-de-jardin-de-coin-2-synthetique-rattan-butcher-basins-et-acier-avec-table-haute-verona\/#primaryimage"},"thumbnailUrl":"https:\/\/keramamueblesdejardin.com\/wp-content\/uploads\/2022\/08\/verona-6-e1697452547777.jpg","datePublished":"2022-08-11T06:45:30+00:00","dateModified":"2024-08-08T12:05:57+00:00","breadcrumb":{"@id":"https:\/\/keramamueblesdejardin.com\/fr\/salles-exterieures\/ensembles-de-jardin\/ensemble-de-jardin-de-coin-2-synthetique-rattan-butcher-basins-et-acier-avec-table-haute-verona\/#breadcrumb"},"inLanguage":"fr-FR","potentialAction":[{"@type":"ReadAction","target":["https:\/\/keramamueblesdejardin.com\/fr\/salles-exterieures\/ensembles-de-jardin\/ensemble-de-jardin-de-coin-2-synthetique-rattan-butcher-basins-et-acier-avec-table-haute-verona\/"]}]},{"@type":"ImageObject","inLanguage":"fr-FR","@id":"https:\/\/keramamueblesdejardin.com\/fr\/salles-exterieures\/ensembles-de-jardin\/ensemble-de-jardin-de-coin-2-synthetique-rattan-butcher-basins-et-acier-avec-table-haute-verona\/#primaryimage","url":"https:\/\/keramamueblesdejardin.com\/wp-content\/uploads\/2022\/08\/verona-6-e1697452547777.jpg","contentUrl":"https:\/\/keramamueblesdejardin.com\/wp-content\/uploads\/2022\/08\/verona-6-e1697452547777.jpg","width":1200,"height":1200},{"@type":"BreadcrumbList","@id":"https:\/\/keramamueblesdejardin.com\/fr\/salles-exterieures\/ensembles-de-jardin\/ensemble-de-jardin-de-coin-2-synthetique-rattan-butcher-basins-et-acier-avec-table-haute-verona\/#breadcrumb","itemListElement":[{"@type":"ListItem","position":1,"name":"Home","item":"https:\/\/keramamueblesdejardin.com\/fr\/"},{"@type":"ListItem","position":2,"name":"Boutique","item":"https:\/\/keramamueblesdejardin.com\/tienda\/"},{"@type":"ListItem","position":3,"name":"Salles ext\u00e9rieures","item":"https:\/\/keramamueblesdejardin.com\/fr\/salles-exterieures\/"},{"@type":"ListItem","position":4,"name":"Ensembles de jardin","item":"https:\/\/keramamueblesdejardin.com\/fr\/salles-exterieures\/ensembles-de-jardin\/"},{"@type":"ListItem","position":5,"name":"Ensemble de jardin d&#8217;angle + 2 fauteuils en rotin synth\u00e9tique et acier avec table haute &#8211; Verona"}]},{"@type":"WebSite","@id":"https:\/\/keramamueblesdejardin.com\/fr\/#website","url":"https:\/\/keramamueblesdejardin.com\/fr\/","name":"Kerama","description":"muebles de jard\u00edn","publisher":{"@id":"https:\/\/keramamueblesdejardin.com\/fr\/#organization"},"potentialAction":[{"@type":"SearchAction","target":{"@type":"EntryPoint","urlTemplate":"https:\/\/keramamueblesdejardin.com\/fr\/?s={search_term_string}"},"query-input":{"@type":"PropertyValueSpecification","valueRequired":true,"valueName":"search_term_string"}}],"inLanguage":"fr-FR"},{"@type":"Organization","@id":"https:\/\/keramamueblesdejardin.com\/fr\/#organization","name":"kerama","url":"https:\/\/keramamueblesdejardin.com\/fr\/","logo":{"@type":"ImageObject","inLanguage":"fr-FR","@id":"https:\/\/keramamueblesdejardin.com\/fr\/#\/schema\/logo\/image\/","url":"https:\/\/keramamueblesdejardin.com\/wp-content\/uploads\/2020\/12\/k.-scaled.jpg","contentUrl":"https:\/\/keramamueblesdejardin.com\/wp-content\/uploads\/2020\/12\/k.-scaled.jpg","width":2560,"height":551,"caption":"kerama"},"image":{"@id":"https:\/\/keramamueblesdejardin.com\/fr\/#\/schema\/logo\/image\/"},"sameAs":["https:\/\/www.facebook.com\/Kerama-Muebles-de-Jard\u00edn-106209328312568\/"]}]}},"df_price":1285,"df_sale_price":1285,"df_regular_price":1671,"df_image_link":"https:\/\/keramamueblesdejardin.com\/wp-content\/uploads\/2022\/08\/verona-6-300x300.jpg","custom_tabs":[{"title":"MESURES","id":"mesures","content":"<div class=\"list\"><strong>Hauteur :<\/strong> Canap\u00e9 gauche et droit 82cm \/ Table 68cm \/ Fauteuil 82cm\n<strong>Profondeur :<\/strong> Canap\u00e9 gauche et droit 69 cm \/ Table 74 cm \/ Fauteuil 69 cm\n<strong>Largeur :<\/strong> Canap\u00e9 gauche 180 cm \/ Canap\u00e9 droit 239 cm \/ Table 143 cm \/ Fauteuil 65 cm<\/div>\n<div>\n<div><strong>Hauteur d\u2019assise: <\/strong>46.5cm<\/div>\n<div><strong>Profondeur d\u2019assise avec coussin: <\/strong>45cm<\/div>\n<div><strong>Profondeur d\u2019assise sans <\/strong><b>coussin: <\/b>60cm<\/div>\n<\/div>"},{"title":"D\u00c9BALLAGE ET MONTAGE","id":"deballage-et-montage","content":"<div class=\"list\"><strong>Recommandations pour le d\u00e9ballage :<\/strong> Ne pas utiliser d'outils tranchants lors du d\u00e9ballage du meuble car cela pourrait l'endommager.\n<strong>Montage requis (O\/N) :<\/strong> Oui\n<strong>Difficult\u00e9 d'assemblage :<\/strong> Moyenne\n<strong>Temps de montage :<\/strong> 30 minutes\n<strong>Personnes recommand\u00e9es pour le montage :<\/strong> 2\n<strong>Suggestions de montage :<\/strong> Pr\u00e9parez une zone de montage propre et s\u00e8che, v\u00e9rifiez qu'aucune des pi\u00e8ces list\u00e9es dans le manuel ne manque. Nous recommandons l'utilisation de gants appropri\u00e9s pour le montage. N'utilisez que les pi\u00e8ces et les raccords fournis.<\/div>"},{"title":"ENTRETIEN ET GARANTIES","id":"entretien-et-garanties","content":"<div class=\"moz-signature\">\n<div class=\"list\"><strong>Recommandations g\u00e9n\u00e9rales :<\/strong>\n- Les d\u00e9faillances ou les dommages caus\u00e9s par les \u00e9l\u00e9ments suivants sont exclus de la garantie :\n- Les causes accidentelles telles que chutes, coups, d\u00e9versement de liquides, introduction de corps \u00e9trangers, ainsi que toute autre force majeure.\n- Utilisation n\u00e9gligente, inappropri\u00e9e ou non domestique.\n- Dommages, corrosion et\/ou oxydation acc\u00e9l\u00e9r\u00e9s par des conditions environnementales d\u00e9favorables.\n- Taches et d\u00e9coloration dues au non-respect de nos instructions de nettoyage.\n- Dommages survenus lors du montage et de la manipulation sans respecter les instructions de montage.\n<strong>Instructions d'utilisation et d'entretien :<\/strong>\n- Essuyez doucement avec un chiffon ou utilisez un savon liquide neutre, puis rincez abondamment \u00e0 l'eau.\n- Enlevez r\u00e9guli\u00e8rement la poussi\u00e8re avec un chiffon doux et de l'eau claire.\n- N'utilisez pas de d\u00e9tergents ou de produits abrasifs pour le nettoyage.\n<strong>Ann\u00e9es de garantie :<\/strong> 3 ans\n<strong>Fabriqu\u00e9 conform\u00e9ment \u00e0 la norme :<\/strong> 581-1,581-2,581-3<\/div>\n<\/div>"}],"_links":{"self":[{"href":"https:\/\/keramamueblesdejardin.com\/fr\/wp-json\/wp\/v2\/product\/64632","targetHints":{"allow":["GET"]}}],"collection":[{"href":"https:\/\/keramamueblesdejardin.com\/fr\/wp-json\/wp\/v2\/product"}],"about":[{"href":"https:\/\/keramamueblesdejardin.com\/fr\/wp-json\/wp\/v2\/types\/product"}],"replies":[{"embeddable":true,"href":"https:\/\/keramamueblesdejardin.com\/fr\/wp-json\/wp\/v2\/comments?post=64632"}],"wp:featuredmedia":[{"embeddable":true,"href":"https:\/\/keramamueblesdejardin.com\/fr\/wp-json\/wp\/v2\/media\/60801"}],"wp:attachment":[{"href":"https:\/\/keramamueblesdejardin.com\/fr\/wp-json\/wp\/v2\/media?parent=64632"}],"wp:term":[{"taxonomy":"product_brand","embeddable":true,"href":"https:\/\/keramamueblesdejardin.com\/fr\/wp-json\/wp\/v2\/product_brand?post=64632"},{"taxonomy":"product_cat","embeddable":true,"href":"https:\/\/keramamueblesdejardin.com\/fr\/wp-json\/wp\/v2\/product_cat?post=64632"},{"taxonomy":"product_tag","embeddable":true,"href":"https:\/\/keramamueblesdejardin.com\/fr\/wp-json\/wp\/v2\/product_tag?post=64632"}],"curies":[{"name":"wp","href":"https:\/\/api.w.org\/{rel}","templated":true}]}}