{"id":64624,"date":"2022-08-30T12:42:13","date_gmt":"2022-08-30T10:42:13","guid":{"rendered":"https:\/\/keramamueblesdejardin.com\/non%20class\u00e9\/pack-2-fauteuils-fauteuil-individuel-en-bois-dacacia-clair-et-corde-riviera\/"},"modified":"2025-03-19T14:06:15","modified_gmt":"2025-03-19T13:06:15","slug":"pack-2-chaise-fauteuil-fauteuil-individuel-table-de-bois-dacaacacia-clair-et-cordon-riviera","status":"publish","type":"product","link":"https:\/\/keramamueblesdejardin.com\/fr\/salles-exterieures\/canapes-de-jardin\/pack-2-chaise-fauteuil-fauteuil-individuel-table-de-bois-dacaacacia-clair-et-cordon-riviera\/","title":{"rendered":"Pack 2 Fauteuils \/ Fauteuil individuel en bois d&rsquo;acacia clair et corde &#8211; Riviera"},"content":{"rendered":"<p><span style=\"font-weight: 400;\">Le site <\/span><b>Fauteuils Riviera<\/b><span style=\"font-weight: 400;\"> sont fabriqu\u00e9s en bois d&rsquo;acacia de couleur claire et en cordon de polyester tress\u00e9 \u00e0 la main.<\/span><\/p>\n<p><span style=\"font-weight: 400;\">Le site <\/span><b>le bois est certifi\u00e9 par l&rsquo;organisation FSC<\/b><span style=\"font-weight: 400;\">. Il provient de for\u00eats durables pour contribuer \u00e0 la pr\u00e9servation de l&rsquo;environnement.  <\/span><\/p>\n<p><span style=\"font-weight: 400;\">Les coussins d&rsquo;assise et de dossier sont fabriqu\u00e9s en polyester beige imitant le lin et sont amovibles pour un lavage facile. <\/span><span style=\"font-weight: 400;\"> <strong>couvertures amovibles<\/strong> pour un lavage facile.<\/span><\/p>\n<p><span style=\"font-weight: 400;\">Vous pouvez combiner le set avec d&rsquo;<strong>autres produits de la gamme <\/strong><\/span><strong><br \/>\n  <a href=\"https:\/\/keramamueblesdejardin.com\/etiqueta\/riviera\/\">Gamme Riviera<\/a><br \/>\n<\/strong><span style=\"font-weight: 400;\">.<\/span><\/p>\n<p><span style=\"font-weight: 400;\">Consultez <strong>nos <\/strong> autres <\/span><strong><br \/>\n  <a href=\"https:\/\/keramamueblesdejardin.com\/salones-exterior\/conjuntos-jardin\/\">ensembles de jardin<\/a><br \/>\n<\/strong><span style=\"font-weight: 400;\">.<\/span><\/p>\n","protected":false},"excerpt":{"rendered":"<ul>\n<li>Fauteuil \/ Fauteuil avec structure robuste en bois d\u2019acacia de couleur claire<\/li>\n<li>Corde de polyester beige tress\u00e9e \u00e0 la main et coussins beiges<\/li>\n<li>Le bois est certifi\u00e9 FSC<\/li>\n<li>Vous pouvez le combiner avec les diff\u00e9rents \u00e9l\u00e9ments de la famille Riviera.<\/li>\n<\/ul>\n","protected":false},"featured_media":176532,"comment_status":"closed","ping_status":"closed","template":"","meta":{"_acf_changed":false},"product_brand":[],"product_cat":[643,604],"product_tag":[],"class_list":{"0":"post-64624","1":"product","2":"type-product","3":"status-publish","4":"has-post-thumbnail","6":"product_cat-canapes-de-jardin","7":"product_cat-salles-exterieures","8":"product_shipping_class-envio-gratuito-fr","9":"pa_asientos-2-fr-2","10":"pa_caracteristicas-housses-lavables","11":"pa_coleccion-bolonia-fr","12":"pa_coleccion-riviera-fr","13":"pa_material-madera-fr","14":"pa_material-cuerda-fr","16":"first","17":"instock","18":"sale","19":"purchasable","20":"product-type-simple","21":"add-to-wishlist-before_image"},"acf":[],"yoast_head":"<!-- This site is optimized with the Yoast SEO plugin v27.2 - https:\/\/yoast.com\/product\/yoast-seo-wordpress\/ -->\n<title>Pack 2 Fauteuils \/ Fauteuil individuel en bois d&#039;acacia clair et corde - Riviera - Kerama<\/title>\n<meta name=\"robots\" content=\"index, follow, max-snippet:-1, max-image-preview:large, max-video-preview:-1\" \/>\n<link rel=\"canonical\" href=\"https:\/\/keramamueblesdejardin.com\/fr\/salles-exterieures\/canapes-de-jardin\/pack-2-chaise-fauteuil-fauteuil-individuel-table-de-bois-dacaacacia-clair-et-cordon-riviera\/\" \/>\n<meta property=\"og:locale\" content=\"fr_FR\" \/>\n<meta property=\"og:type\" content=\"article\" \/>\n<meta property=\"og:title\" content=\"Pack 2 Fauteuils \/ Fauteuil individuel en bois d&#039;acacia clair et corde - Riviera - Kerama\" \/>\n<meta property=\"og:description\" content=\"Fauteuil \/ Fauteuil avec structure robuste en bois d\u2019acacia de couleur claire  Corde de polyester beige tress\u00e9e \u00e0 la main et coussins beiges  Le bois est certifi\u00e9 FSC  Vous pouvez le combiner avec les diff\u00e9rents \u00e9l\u00e9ments de la famille Riviera.\" \/>\n<meta property=\"og:url\" content=\"https:\/\/keramamueblesdejardin.com\/fr\/salles-exterieures\/canapes-de-jardin\/pack-2-chaise-fauteuil-fauteuil-individuel-table-de-bois-dacaacacia-clair-et-cordon-riviera\/\" \/>\n<meta property=\"og:site_name\" content=\"Kerama\" \/>\n<meta property=\"article:publisher\" content=\"https:\/\/www.facebook.com\/Kerama-Muebles-de-Jard%c3%adn-106209328312568\/\" \/>\n<meta property=\"article:modified_time\" content=\"2025-03-19T13:06:15+00:00\" \/>\n<meta property=\"og:image\" content=\"https:\/\/keramamueblesdejardin.com\/wp-content\/uploads\/2022\/08\/butaca-riviera.jpg\" \/>\n\t<meta property=\"og:image:width\" content=\"1200\" \/>\n\t<meta property=\"og:image:height\" content=\"1200\" \/>\n\t<meta property=\"og:image:type\" content=\"image\/jpeg\" \/>\n<meta name=\"twitter:card\" content=\"summary_large_image\" \/>\n<script type=\"application\/ld+json\" class=\"yoast-schema-graph\">{\"@context\":\"https:\/\/schema.org\",\"@graph\":[{\"@type\":\"WebPage\",\"@id\":\"https:\/\/keramamueblesdejardin.com\/fr\/salles-exterieures\/canapes-de-jardin\/pack-2-chaise-fauteuil-fauteuil-individuel-table-de-bois-dacaacacia-clair-et-cordon-riviera\/\",\"url\":\"https:\/\/keramamueblesdejardin.com\/fr\/salles-exterieures\/canapes-de-jardin\/pack-2-chaise-fauteuil-fauteuil-individuel-table-de-bois-dacaacacia-clair-et-cordon-riviera\/\",\"name\":\"Pack 2 Fauteuils \/ Fauteuil individuel en bois d'acacia clair et corde - Riviera - Kerama\",\"isPartOf\":{\"@id\":\"https:\/\/keramamueblesdejardin.com\/fr\/#website\"},\"primaryImageOfPage\":{\"@id\":\"https:\/\/keramamueblesdejardin.com\/fr\/salles-exterieures\/canapes-de-jardin\/pack-2-chaise-fauteuil-fauteuil-individuel-table-de-bois-dacaacacia-clair-et-cordon-riviera\/#primaryimage\"},\"image\":{\"@id\":\"https:\/\/keramamueblesdejardin.com\/fr\/salles-exterieures\/canapes-de-jardin\/pack-2-chaise-fauteuil-fauteuil-individuel-table-de-bois-dacaacacia-clair-et-cordon-riviera\/#primaryimage\"},\"thumbnailUrl\":\"https:\/\/keramamueblesdejardin.com\/wp-content\/uploads\/2022\/08\/butaca-riviera.jpg\",\"datePublished\":\"2022-08-30T10:42:13+00:00\",\"dateModified\":\"2025-03-19T13:06:15+00:00\",\"breadcrumb\":{\"@id\":\"https:\/\/keramamueblesdejardin.com\/fr\/salles-exterieures\/canapes-de-jardin\/pack-2-chaise-fauteuil-fauteuil-individuel-table-de-bois-dacaacacia-clair-et-cordon-riviera\/#breadcrumb\"},\"inLanguage\":\"fr-FR\",\"potentialAction\":[{\"@type\":\"ReadAction\",\"target\":[\"https:\/\/keramamueblesdejardin.com\/fr\/salles-exterieures\/canapes-de-jardin\/pack-2-chaise-fauteuil-fauteuil-individuel-table-de-bois-dacaacacia-clair-et-cordon-riviera\/\"]}]},{\"@type\":\"ImageObject\",\"inLanguage\":\"fr-FR\",\"@id\":\"https:\/\/keramamueblesdejardin.com\/fr\/salles-exterieures\/canapes-de-jardin\/pack-2-chaise-fauteuil-fauteuil-individuel-table-de-bois-dacaacacia-clair-et-cordon-riviera\/#primaryimage\",\"url\":\"https:\/\/keramamueblesdejardin.com\/wp-content\/uploads\/2022\/08\/butaca-riviera.jpg\",\"contentUrl\":\"https:\/\/keramamueblesdejardin.com\/wp-content\/uploads\/2022\/08\/butaca-riviera.jpg\",\"width\":1200,\"height\":1200},{\"@type\":\"BreadcrumbList\",\"@id\":\"https:\/\/keramamueblesdejardin.com\/fr\/salles-exterieures\/canapes-de-jardin\/pack-2-chaise-fauteuil-fauteuil-individuel-table-de-bois-dacaacacia-clair-et-cordon-riviera\/#breadcrumb\",\"itemListElement\":[{\"@type\":\"ListItem\",\"position\":1,\"name\":\"Home\",\"item\":\"https:\/\/keramamueblesdejardin.com\/fr\/\"},{\"@type\":\"ListItem\",\"position\":2,\"name\":\"Boutique\",\"item\":\"https:\/\/keramamueblesdejardin.com\/tienda\/\"},{\"@type\":\"ListItem\",\"position\":3,\"name\":\"Salles ext\u00e9rieures\",\"item\":\"https:\/\/keramamueblesdejardin.com\/fr\/salles-exterieures\/\"},{\"@type\":\"ListItem\",\"position\":4,\"name\":\"Canap\u00e9s de jardin\",\"item\":\"https:\/\/keramamueblesdejardin.com\/fr\/salles-exterieures\/canapes-de-jardin\/\"},{\"@type\":\"ListItem\",\"position\":5,\"name\":\"Pack 2 Fauteuils \/ Fauteuil individuel en bois d&#8217;acacia clair et corde &#8211; Riviera\"}]},{\"@type\":\"WebSite\",\"@id\":\"https:\/\/keramamueblesdejardin.com\/fr\/#website\",\"url\":\"https:\/\/keramamueblesdejardin.com\/fr\/\",\"name\":\"Kerama\",\"description\":\"muebles de jard\u00edn\",\"publisher\":{\"@id\":\"https:\/\/keramamueblesdejardin.com\/fr\/#organization\"},\"potentialAction\":[{\"@type\":\"SearchAction\",\"target\":{\"@type\":\"EntryPoint\",\"urlTemplate\":\"https:\/\/keramamueblesdejardin.com\/fr\/?s={search_term_string}\"},\"query-input\":{\"@type\":\"PropertyValueSpecification\",\"valueRequired\":true,\"valueName\":\"search_term_string\"}}],\"inLanguage\":\"fr-FR\"},{\"@type\":\"Organization\",\"@id\":\"https:\/\/keramamueblesdejardin.com\/fr\/#organization\",\"name\":\"kerama\",\"url\":\"https:\/\/keramamueblesdejardin.com\/fr\/\",\"logo\":{\"@type\":\"ImageObject\",\"inLanguage\":\"fr-FR\",\"@id\":\"https:\/\/keramamueblesdejardin.com\/fr\/#\/schema\/logo\/image\/\",\"url\":\"https:\/\/keramamueblesdejardin.com\/wp-content\/uploads\/2020\/12\/k.-scaled.jpg\",\"contentUrl\":\"https:\/\/keramamueblesdejardin.com\/wp-content\/uploads\/2020\/12\/k.-scaled.jpg\",\"width\":2560,\"height\":551,\"caption\":\"kerama\"},\"image\":{\"@id\":\"https:\/\/keramamueblesdejardin.com\/fr\/#\/schema\/logo\/image\/\"},\"sameAs\":[\"https:\/\/www.facebook.com\/Kerama-Muebles-de-Jard\u00edn-106209328312568\/\"]}]}<\/script>\n<!-- \/ Yoast SEO plugin. -->","yoast_head_json":{"title":"Pack 2 Fauteuils \/ Fauteuil individuel en bois d'acacia clair et corde - Riviera - Kerama","robots":{"index":"index","follow":"follow","max-snippet":"max-snippet:-1","max-image-preview":"max-image-preview:large","max-video-preview":"max-video-preview:-1"},"canonical":"https:\/\/keramamueblesdejardin.com\/fr\/salles-exterieures\/canapes-de-jardin\/pack-2-chaise-fauteuil-fauteuil-individuel-table-de-bois-dacaacacia-clair-et-cordon-riviera\/","og_locale":"fr_FR","og_type":"article","og_title":"Pack 2 Fauteuils \/ Fauteuil individuel en bois d'acacia clair et corde - Riviera - Kerama","og_description":"Fauteuil \/ Fauteuil avec structure robuste en bois d\u2019acacia de couleur claire  Corde de polyester beige tress\u00e9e \u00e0 la main et coussins beiges  Le bois est certifi\u00e9 FSC  Vous pouvez le combiner avec les diff\u00e9rents \u00e9l\u00e9ments de la famille Riviera.","og_url":"https:\/\/keramamueblesdejardin.com\/fr\/salles-exterieures\/canapes-de-jardin\/pack-2-chaise-fauteuil-fauteuil-individuel-table-de-bois-dacaacacia-clair-et-cordon-riviera\/","og_site_name":"Kerama","article_publisher":"https:\/\/www.facebook.com\/Kerama-Muebles-de-Jard%c3%adn-106209328312568\/","article_modified_time":"2025-03-19T13:06:15+00:00","og_image":[{"width":1200,"height":1200,"url":"https:\/\/keramamueblesdejardin.com\/wp-content\/uploads\/2022\/08\/butaca-riviera.jpg","type":"image\/jpeg"}],"twitter_card":"summary_large_image","schema":{"@context":"https:\/\/schema.org","@graph":[{"@type":"WebPage","@id":"https:\/\/keramamueblesdejardin.com\/fr\/salles-exterieures\/canapes-de-jardin\/pack-2-chaise-fauteuil-fauteuil-individuel-table-de-bois-dacaacacia-clair-et-cordon-riviera\/","url":"https:\/\/keramamueblesdejardin.com\/fr\/salles-exterieures\/canapes-de-jardin\/pack-2-chaise-fauteuil-fauteuil-individuel-table-de-bois-dacaacacia-clair-et-cordon-riviera\/","name":"Pack 2 Fauteuils \/ Fauteuil individuel en bois d'acacia clair et corde - Riviera - Kerama","isPartOf":{"@id":"https:\/\/keramamueblesdejardin.com\/fr\/#website"},"primaryImageOfPage":{"@id":"https:\/\/keramamueblesdejardin.com\/fr\/salles-exterieures\/canapes-de-jardin\/pack-2-chaise-fauteuil-fauteuil-individuel-table-de-bois-dacaacacia-clair-et-cordon-riviera\/#primaryimage"},"image":{"@id":"https:\/\/keramamueblesdejardin.com\/fr\/salles-exterieures\/canapes-de-jardin\/pack-2-chaise-fauteuil-fauteuil-individuel-table-de-bois-dacaacacia-clair-et-cordon-riviera\/#primaryimage"},"thumbnailUrl":"https:\/\/keramamueblesdejardin.com\/wp-content\/uploads\/2022\/08\/butaca-riviera.jpg","datePublished":"2022-08-30T10:42:13+00:00","dateModified":"2025-03-19T13:06:15+00:00","breadcrumb":{"@id":"https:\/\/keramamueblesdejardin.com\/fr\/salles-exterieures\/canapes-de-jardin\/pack-2-chaise-fauteuil-fauteuil-individuel-table-de-bois-dacaacacia-clair-et-cordon-riviera\/#breadcrumb"},"inLanguage":"fr-FR","potentialAction":[{"@type":"ReadAction","target":["https:\/\/keramamueblesdejardin.com\/fr\/salles-exterieures\/canapes-de-jardin\/pack-2-chaise-fauteuil-fauteuil-individuel-table-de-bois-dacaacacia-clair-et-cordon-riviera\/"]}]},{"@type":"ImageObject","inLanguage":"fr-FR","@id":"https:\/\/keramamueblesdejardin.com\/fr\/salles-exterieures\/canapes-de-jardin\/pack-2-chaise-fauteuil-fauteuil-individuel-table-de-bois-dacaacacia-clair-et-cordon-riviera\/#primaryimage","url":"https:\/\/keramamueblesdejardin.com\/wp-content\/uploads\/2022\/08\/butaca-riviera.jpg","contentUrl":"https:\/\/keramamueblesdejardin.com\/wp-content\/uploads\/2022\/08\/butaca-riviera.jpg","width":1200,"height":1200},{"@type":"BreadcrumbList","@id":"https:\/\/keramamueblesdejardin.com\/fr\/salles-exterieures\/canapes-de-jardin\/pack-2-chaise-fauteuil-fauteuil-individuel-table-de-bois-dacaacacia-clair-et-cordon-riviera\/#breadcrumb","itemListElement":[{"@type":"ListItem","position":1,"name":"Home","item":"https:\/\/keramamueblesdejardin.com\/fr\/"},{"@type":"ListItem","position":2,"name":"Boutique","item":"https:\/\/keramamueblesdejardin.com\/tienda\/"},{"@type":"ListItem","position":3,"name":"Salles ext\u00e9rieures","item":"https:\/\/keramamueblesdejardin.com\/fr\/salles-exterieures\/"},{"@type":"ListItem","position":4,"name":"Canap\u00e9s de jardin","item":"https:\/\/keramamueblesdejardin.com\/fr\/salles-exterieures\/canapes-de-jardin\/"},{"@type":"ListItem","position":5,"name":"Pack 2 Fauteuils \/ Fauteuil individuel en bois d&#8217;acacia clair et corde &#8211; Riviera"}]},{"@type":"WebSite","@id":"https:\/\/keramamueblesdejardin.com\/fr\/#website","url":"https:\/\/keramamueblesdejardin.com\/fr\/","name":"Kerama","description":"muebles de jard\u00edn","publisher":{"@id":"https:\/\/keramamueblesdejardin.com\/fr\/#organization"},"potentialAction":[{"@type":"SearchAction","target":{"@type":"EntryPoint","urlTemplate":"https:\/\/keramamueblesdejardin.com\/fr\/?s={search_term_string}"},"query-input":{"@type":"PropertyValueSpecification","valueRequired":true,"valueName":"search_term_string"}}],"inLanguage":"fr-FR"},{"@type":"Organization","@id":"https:\/\/keramamueblesdejardin.com\/fr\/#organization","name":"kerama","url":"https:\/\/keramamueblesdejardin.com\/fr\/","logo":{"@type":"ImageObject","inLanguage":"fr-FR","@id":"https:\/\/keramamueblesdejardin.com\/fr\/#\/schema\/logo\/image\/","url":"https:\/\/keramamueblesdejardin.com\/wp-content\/uploads\/2020\/12\/k.-scaled.jpg","contentUrl":"https:\/\/keramamueblesdejardin.com\/wp-content\/uploads\/2020\/12\/k.-scaled.jpg","width":2560,"height":551,"caption":"kerama"},"image":{"@id":"https:\/\/keramamueblesdejardin.com\/fr\/#\/schema\/logo\/image\/"},"sameAs":["https:\/\/www.facebook.com\/Kerama-Muebles-de-Jard\u00edn-106209328312568\/"]}]}},"df_price":649,"df_sale_price":649,"df_regular_price":870,"df_image_link":"https:\/\/keramamueblesdejardin.com\/wp-content\/uploads\/2022\/08\/butaca-riviera-300x300.jpg","custom_tabs":[{"title":"MESURES","id":"mesures","content":"<div class=\"list\"><strong>Hauteur :<\/strong> 68,5 cm\n<strong>Profondeur :<\/strong> 79 cm\n<strong>Longueur<\/strong>: 73 cm<\/div>\n<div><strong>\u00c9paisseur de bois<\/strong>: 4cm<\/div>\n<div><strong>Profondeur d\u2019assise sans coussin:<\/strong> 71cm<\/div>\n<div><strong>Profondeur d\u2019assise avec coussin:<\/strong> 51cm<\/div>\n<div><strong>Hauteur d\u2019assise:<\/strong> 45cm<\/div>"},{"title":"D\u00c9BALLAGE ET MONTAGE","id":"deballage-et-montage","content":"<div class=\"list\"><strong>Recommandations pour le d\u00e9ballage :<\/strong> Ne pas utiliser d'outils tranchants lors du d\u00e9ballage du meuble car cela pourrait l'endommager.\n<strong>Montage requis (O\/N) :<\/strong> Oui\n<strong>Difficult\u00e9 de montage :<\/strong> faible\n<strong>Temps de montage :<\/strong> 30 minutes\n<strong>Personnes recommand\u00e9es pour le montage :<\/strong> 2\n<strong>Suggestions de montage :<\/strong> Pr\u00e9parez une zone de montage propre et s\u00e8che, v\u00e9rifiez qu'aucune des pi\u00e8ces list\u00e9es dans le manuel ne manque. Nous recommandons l'utilisation de gants appropri\u00e9s pour le montage. N'utilisez que les pi\u00e8ces et les raccords fournis.<\/div>"},{"title":"ENTRETIEN ET GARANTIES","id":"entretien-et-garanties","content":"<strong>Recommandations g\u00e9n\u00e9rales :<\/strong>\n- Les d\u00e9faillances ou les dommages caus\u00e9s par les \u00e9l\u00e9ments suivants sont exclus de la garantie :\n- Les causes accidentelles telles que chutes, coups, d\u00e9versement de liquides, introduction de corps \u00e9trangers, ainsi que toute autre force majeure.\n- Utilisation n\u00e9gligente, inappropri\u00e9e ou non domestique.\n- Dommages, corrosion et\/ou oxydation acc\u00e9l\u00e9r\u00e9s par des conditions environnementales d\u00e9favorables.\n- Taches et d\u00e9coloration dues au non-respect de nos instructions de nettoyage.\n- Dommages survenus lors du montage et de la manipulation sans respecter les instructions de montage.\n<strong>Instructions d'utilisation et d'entretien :<\/strong>\n- Essuyez doucement avec un chiffon ou utilisez un savon liquide neutre, puis rincez abondamment \u00e0 l'eau.\n- Enlevez r\u00e9guli\u00e8rement la poussi\u00e8re avec un chiffon doux et de l'eau claire.\n\u2022 La couleur du produit peut varier en fonction de l\u2019\u00e9clairage et des conditions environnementales. Variation des veines et\/ou de la tonalit\u00e9.\n- N'utilisez pas de d\u00e9tergents ou de produits abrasifs pour le nettoyage.\n- Traitement \u00e0 l'huile de lin : Avant d'appliquer une couche d'huile de lin sur le produit \u00e0 l'\u00e9tat naturel, il est conseill\u00e9 de le laisser \u00e0 l'ext\u00e9rieur pendant 2 \u00e0 3 semaines afin de lui donner un aspect homog\u00e8ne et de l'a\u00e9rer. Nettoyer \u00e0 l'eau claire \u00e0 l'aide d'une brosse et laisser s\u00e9cher. Une fois qu'elle est bien s\u00e8che, poncez-la avec une feuille de papier de verre d'un grammage compris entre 120 et 150, avec pr\u00e9caution et sans appuyer, en suivant, autant que possible, le sens des veines ; cette op\u00e9ration ne doit jamais \u00eatre effectu\u00e9e aux premi\u00e8res heures du jour.\nPour conserver la couleur, il est conseill\u00e9 de r\u00e9p\u00e9ter le processus une ou deux fois par an.\nSi l'huile de lin a d\u00e9j\u00e0 \u00e9t\u00e9 appliqu\u00e9e sur le meuble, il est conseill\u00e9 de le poncer tous les trois ans afin que les couches successives d'huile n'emp\u00eachent pas le bois de transpirer.\n<strong>Ann\u00e9es de garantie :<\/strong> 3 ans\n<strong>Fabriqu\u00e9 conform\u00e9ment \u00e0 la norme :<\/strong> 581-1,581-2,581-3\n<strong>Certifi\u00e9 FSC (O\/N) :<\/strong> Oui"}],"_links":{"self":[{"href":"https:\/\/keramamueblesdejardin.com\/fr\/wp-json\/wp\/v2\/product\/64624","targetHints":{"allow":["GET"]}}],"collection":[{"href":"https:\/\/keramamueblesdejardin.com\/fr\/wp-json\/wp\/v2\/product"}],"about":[{"href":"https:\/\/keramamueblesdejardin.com\/fr\/wp-json\/wp\/v2\/types\/product"}],"replies":[{"embeddable":true,"href":"https:\/\/keramamueblesdejardin.com\/fr\/wp-json\/wp\/v2\/comments?post=64624"}],"wp:featuredmedia":[{"embeddable":true,"href":"https:\/\/keramamueblesdejardin.com\/fr\/wp-json\/wp\/v2\/media\/176532"}],"wp:attachment":[{"href":"https:\/\/keramamueblesdejardin.com\/fr\/wp-json\/wp\/v2\/media?parent=64624"}],"wp:term":[{"taxonomy":"product_brand","embeddable":true,"href":"https:\/\/keramamueblesdejardin.com\/fr\/wp-json\/wp\/v2\/product_brand?post=64624"},{"taxonomy":"product_cat","embeddable":true,"href":"https:\/\/keramamueblesdejardin.com\/fr\/wp-json\/wp\/v2\/product_cat?post=64624"},{"taxonomy":"product_tag","embeddable":true,"href":"https:\/\/keramamueblesdejardin.com\/fr\/wp-json\/wp\/v2\/product_tag?post=64624"}],"curies":[{"name":"wp","href":"https:\/\/api.w.org\/{rel}","templated":true}]}}