{"id":64612,"date":"2022-07-22T10:02:34","date_gmt":"2022-07-22T08:02:34","guid":{"rendered":"https:\/\/keramamueblesdejardin.com\/non%20class\u00e9\/parasol-excentrique-structure-anthracite-tissu-anthracite-3m-rond-milan\/"},"modified":"2023-08-29T13:15:53","modified_gmt":"2023-08-29T11:15:53","slug":"parasol-suspendu-structure-anthracite-fabrique-anthracite-3m-redondo-milan","status":"publish","type":"product","link":"https:\/\/keramamueblesdejardin.com\/fr\/parasols-et-pergolas\/pare-soleil\/parasol-suspendu-structure-anthracite-fabrique-anthracite-3m-redondo-milan\/","title":{"rendered":"Parasol excentrique structure anthracite tissu anthracite 3m rond &#8211; Milan"},"content":{"rendered":"<p>Le parasol excentrique rond Milan 3m sans jupe pour l&rsquo;ext\u00e9rieur pour le jardin ou la terrasse, poss\u00e8de un m\u00e2t lat\u00e9ral tr\u00e8s robuste en aluminium de couleur anthracite. Le tissu a une belle finition anthracite, qui est hydrofuge, anti-taches et comprend \u00e9galement une chemin\u00e9e de ventilation.<\/p>\n<p>Il peut \u00eatre tourn\u00e9 \u00e0 360 degr\u00e9s et est inclinable en hauteur, ce qui vous permet de choisir l&rsquo;orientation la plus pratique. Il dispose d&rsquo;une poign\u00e9e qui vous permet d&rsquo;ouvrir et de fermer le parasol tr\u00e8s facilement.<\/p>\n<p>Le parasol excentrique Milan a une structure robuste avec un total de 8 tiges et un design \u00e9l\u00e9gant qui le rend id\u00e9al pour un ensemble de jardin ou de terrasse que vous voulez garder toute l&rsquo;ann\u00e9e.<\/p>\n<ul>\n<li>M\u00e2t et poteaux en aluminium<\/li>\n<li>Tissu 100% polyester<\/li>\n<li>Utilisation : ext\u00e9rieur<\/li>\n<li>Hauteur maximale : 2,40 m<\/li>\n<li>Rotation de 360\u00b0.<\/li>\n<li>Inclinable en hauteur : Oui<\/li>\n<li>Amovible : Oui<\/li>\n<li>Hydrofuge : Oui<\/li>\n<li>R\u00e9sistant aux taches ; Oui<\/li>\n<li>Tissu avec chemin\u00e9e : Oui<\/li>\n<li>Avec jupe : Non<\/li>\n<li>Ouverture \/ Fermeture avec manivelle : Oui<\/li>\n<li>Poids du produit : 25 kg<\/li>\n<li>Dimension du m\u00e2t : 50 x 67mm<\/li>\n<li>Dimensions de la tige : 13 x 22 mm<\/li>\n<li>Nombre de tiges : 8<\/li>\n<li>N\u00e9cessite un assemblage de faible difficult\u00e9<\/li>\n<li>Capuchons en plastique sur les pieds pour prot\u00e9ger le sol<\/li>\n<\/ul>\n","protected":false},"excerpt":{"rendered":"<p>Le parasol excentrique rond Milan 3m sans jupe pour l&rsquo;ext\u00e9rieur pour le jardin ou la terrasse, poss\u00e8de un m\u00e2t lat\u00e9ral tr\u00e8s robuste en aluminium de couleur anthracite. Le tissu a une belle finition anthracite, qui est hydrofuge, anti-taches et comprend \u00e9galement une chemin\u00e9e de ventilation.<\/p>\n<p>Il peut \u00eatre tourn\u00e9 \u00e0 360 degr\u00e9s et est inclinable en hauteur, ce qui vous permet de choisir l&rsquo;orientation la plus pratique. Il dispose d&rsquo;une poign\u00e9e qui vous permet d&rsquo;ouvrir et de fermer le parasol tr\u00e8s facilement.<\/p>\n<p>Le parasol excentrique Milan a une structure robuste avec un total de 8 tiges et un design \u00e9l\u00e9gant qui le rend id\u00e9al pour un ensemble de jardin ou de terrasse que vous voulez garder toute l&rsquo;ann\u00e9e.<\/p>\n","protected":false},"featured_media":59570,"comment_status":"closed","ping_status":"open","template":"","meta":{"_acf_changed":false},"product_brand":[],"product_cat":[569,570],"product_tag":[565,567,664],"class_list":{"0":"post-64612","1":"product","2":"type-product","3":"status-publish","4":"has-post-thumbnail","6":"product_cat-parasols-et-pergolas","7":"product_cat-pare-soleil","8":"product_tag-aluminium","9":"product_tag-grands-espaces","10":"product_tag-milan-fr","11":"product_shipping_class-envio-gratuito-fr","12":"pa_forma-rond","13":"pa_material-aluminio-fr","14":"pa_material-poliester-fr","16":"first","17":"instock","18":"sale","19":"purchasable","20":"product-type-simple","21":"add-to-wishlist-before_image"},"acf":[],"yoast_head":"<!-- This site is optimized with the Yoast SEO plugin v27.2 - https:\/\/yoast.com\/product\/yoast-seo-wordpress\/ -->\n<title>Parasol excentrique structure anthracite tissu anthracite 3m rond - Milan - Kerama<\/title>\n<meta name=\"robots\" content=\"index, follow, max-snippet:-1, max-image-preview:large, max-video-preview:-1\" \/>\n<link rel=\"canonical\" href=\"https:\/\/keramamueblesdejardin.com\/fr\/parasols-et-pergolas\/pare-soleil\/parasol-suspendu-structure-anthracite-fabrique-anthracite-3m-redondo-milan\/\" \/>\n<meta property=\"og:locale\" content=\"fr_FR\" \/>\n<meta property=\"og:type\" content=\"article\" \/>\n<meta property=\"og:title\" content=\"Parasol excentrique structure anthracite tissu anthracite 3m rond - Milan - Kerama\" \/>\n<meta property=\"og:description\" content=\"Le parasol excentrique rond Milan 3m sans jupe pour l&#039;ext\u00e9rieur pour le jardin ou la terrasse, poss\u00e8de un m\u00e2t lat\u00e9ral tr\u00e8s robuste en aluminium de couleur anthracite. Le tissu a une belle finition anthracite, qui est hydrofuge, anti-taches et comprend \u00e9galement une chemin\u00e9e de ventilation. Il peut \u00eatre tourn\u00e9 \u00e0 360 degr\u00e9s et est inclinable en hauteur, ce qui vous permet de choisir l&#039;orientation la plus pratique. Il dispose d&#039;une poign\u00e9e qui vous permet d&#039;ouvrir et de fermer le parasol tr\u00e8s facilement. Le parasol excentrique Milan a une structure robuste avec un total de 8 tiges et un design \u00e9l\u00e9gant qui le rend id\u00e9al pour un ensemble de jardin ou de terrasse que vous voulez garder toute l&#039;ann\u00e9e.\" \/>\n<meta property=\"og:url\" content=\"https:\/\/keramamueblesdejardin.com\/fr\/parasols-et-pergolas\/pare-soleil\/parasol-suspendu-structure-anthracite-fabrique-anthracite-3m-redondo-milan\/\" \/>\n<meta property=\"og:site_name\" content=\"Kerama\" \/>\n<meta property=\"article:publisher\" content=\"https:\/\/www.facebook.com\/Kerama-Muebles-de-Jard%c3%adn-106209328312568\/\" \/>\n<meta property=\"article:modified_time\" content=\"2023-08-29T11:15:53+00:00\" \/>\n<meta property=\"og:image\" content=\"https:\/\/keramamueblesdejardin.com\/wp-content\/uploads\/2022\/07\/L1530781-scaled.jpg\" \/>\n\t<meta property=\"og:image:width\" content=\"2560\" \/>\n\t<meta property=\"og:image:height\" content=\"1707\" \/>\n\t<meta property=\"og:image:type\" content=\"image\/jpeg\" \/>\n<meta name=\"twitter:card\" content=\"summary_large_image\" \/>\n<meta name=\"twitter:label1\" content=\"Dur\u00e9e de lecture estim\u00e9e\" \/>\n\t<meta name=\"twitter:data1\" content=\"1 minute\" \/>\n<script type=\"application\/ld+json\" class=\"yoast-schema-graph\">{\"@context\":\"https:\/\/schema.org\",\"@graph\":[{\"@type\":\"WebPage\",\"@id\":\"https:\/\/keramamueblesdejardin.com\/fr\/parasols-et-pergolas\/pare-soleil\/parasol-suspendu-structure-anthracite-fabrique-anthracite-3m-redondo-milan\/\",\"url\":\"https:\/\/keramamueblesdejardin.com\/fr\/parasols-et-pergolas\/pare-soleil\/parasol-suspendu-structure-anthracite-fabrique-anthracite-3m-redondo-milan\/\",\"name\":\"Parasol excentrique structure anthracite tissu anthracite 3m rond - Milan - Kerama\",\"isPartOf\":{\"@id\":\"https:\/\/keramamueblesdejardin.com\/fr\/#website\"},\"primaryImageOfPage\":{\"@id\":\"https:\/\/keramamueblesdejardin.com\/fr\/parasols-et-pergolas\/pare-soleil\/parasol-suspendu-structure-anthracite-fabrique-anthracite-3m-redondo-milan\/#primaryimage\"},\"image\":{\"@id\":\"https:\/\/keramamueblesdejardin.com\/fr\/parasols-et-pergolas\/pare-soleil\/parasol-suspendu-structure-anthracite-fabrique-anthracite-3m-redondo-milan\/#primaryimage\"},\"thumbnailUrl\":\"https:\/\/keramamueblesdejardin.com\/wp-content\/uploads\/2022\/07\/L1530781-scaled.jpg\",\"datePublished\":\"2022-07-22T08:02:34+00:00\",\"dateModified\":\"2023-08-29T11:15:53+00:00\",\"breadcrumb\":{\"@id\":\"https:\/\/keramamueblesdejardin.com\/fr\/parasols-et-pergolas\/pare-soleil\/parasol-suspendu-structure-anthracite-fabrique-anthracite-3m-redondo-milan\/#breadcrumb\"},\"inLanguage\":\"fr-FR\",\"potentialAction\":[{\"@type\":\"ReadAction\",\"target\":[\"https:\/\/keramamueblesdejardin.com\/fr\/parasols-et-pergolas\/pare-soleil\/parasol-suspendu-structure-anthracite-fabrique-anthracite-3m-redondo-milan\/\"]}]},{\"@type\":\"ImageObject\",\"inLanguage\":\"fr-FR\",\"@id\":\"https:\/\/keramamueblesdejardin.com\/fr\/parasols-et-pergolas\/pare-soleil\/parasol-suspendu-structure-anthracite-fabrique-anthracite-3m-redondo-milan\/#primaryimage\",\"url\":\"https:\/\/keramamueblesdejardin.com\/wp-content\/uploads\/2022\/07\/L1530781-scaled.jpg\",\"contentUrl\":\"https:\/\/keramamueblesdejardin.com\/wp-content\/uploads\/2022\/07\/L1530781-scaled.jpg\",\"width\":2560,\"height\":1707},{\"@type\":\"BreadcrumbList\",\"@id\":\"https:\/\/keramamueblesdejardin.com\/fr\/parasols-et-pergolas\/pare-soleil\/parasol-suspendu-structure-anthracite-fabrique-anthracite-3m-redondo-milan\/#breadcrumb\",\"itemListElement\":[{\"@type\":\"ListItem\",\"position\":1,\"name\":\"Home\",\"item\":\"https:\/\/keramamueblesdejardin.com\/fr\/\"},{\"@type\":\"ListItem\",\"position\":2,\"name\":\"Boutique\",\"item\":\"https:\/\/keramamueblesdejardin.com\/tienda\/\"},{\"@type\":\"ListItem\",\"position\":3,\"name\":\"Parasols et pergolas\",\"item\":\"https:\/\/keramamueblesdejardin.com\/fr\/parasols-et-pergolas\/\"},{\"@type\":\"ListItem\",\"position\":4,\"name\":\"Pare-soleil\",\"item\":\"https:\/\/keramamueblesdejardin.com\/fr\/parasols-et-pergolas\/pare-soleil\/\"},{\"@type\":\"ListItem\",\"position\":5,\"name\":\"Parasol excentrique structure anthracite tissu anthracite 3m rond &#8211; Milan\"}]},{\"@type\":\"WebSite\",\"@id\":\"https:\/\/keramamueblesdejardin.com\/fr\/#website\",\"url\":\"https:\/\/keramamueblesdejardin.com\/fr\/\",\"name\":\"Kerama\",\"description\":\"muebles de jard\u00edn\",\"publisher\":{\"@id\":\"https:\/\/keramamueblesdejardin.com\/fr\/#organization\"},\"potentialAction\":[{\"@type\":\"SearchAction\",\"target\":{\"@type\":\"EntryPoint\",\"urlTemplate\":\"https:\/\/keramamueblesdejardin.com\/fr\/?s={search_term_string}\"},\"query-input\":{\"@type\":\"PropertyValueSpecification\",\"valueRequired\":true,\"valueName\":\"search_term_string\"}}],\"inLanguage\":\"fr-FR\"},{\"@type\":\"Organization\",\"@id\":\"https:\/\/keramamueblesdejardin.com\/fr\/#organization\",\"name\":\"kerama\",\"url\":\"https:\/\/keramamueblesdejardin.com\/fr\/\",\"logo\":{\"@type\":\"ImageObject\",\"inLanguage\":\"fr-FR\",\"@id\":\"https:\/\/keramamueblesdejardin.com\/fr\/#\/schema\/logo\/image\/\",\"url\":\"https:\/\/keramamueblesdejardin.com\/wp-content\/uploads\/2020\/12\/k.-scaled.jpg\",\"contentUrl\":\"https:\/\/keramamueblesdejardin.com\/wp-content\/uploads\/2020\/12\/k.-scaled.jpg\",\"width\":2560,\"height\":551,\"caption\":\"kerama\"},\"image\":{\"@id\":\"https:\/\/keramamueblesdejardin.com\/fr\/#\/schema\/logo\/image\/\"},\"sameAs\":[\"https:\/\/www.facebook.com\/Kerama-Muebles-de-Jard\u00edn-106209328312568\/\"]}]}<\/script>\n<!-- \/ Yoast SEO plugin. -->","yoast_head_json":{"title":"Parasol excentrique structure anthracite tissu anthracite 3m rond - Milan - Kerama","robots":{"index":"index","follow":"follow","max-snippet":"max-snippet:-1","max-image-preview":"max-image-preview:large","max-video-preview":"max-video-preview:-1"},"canonical":"https:\/\/keramamueblesdejardin.com\/fr\/parasols-et-pergolas\/pare-soleil\/parasol-suspendu-structure-anthracite-fabrique-anthracite-3m-redondo-milan\/","og_locale":"fr_FR","og_type":"article","og_title":"Parasol excentrique structure anthracite tissu anthracite 3m rond - Milan - Kerama","og_description":"Le parasol excentrique rond Milan 3m sans jupe pour l'ext\u00e9rieur pour le jardin ou la terrasse, poss\u00e8de un m\u00e2t lat\u00e9ral tr\u00e8s robuste en aluminium de couleur anthracite. Le tissu a une belle finition anthracite, qui est hydrofuge, anti-taches et comprend \u00e9galement une chemin\u00e9e de ventilation. Il peut \u00eatre tourn\u00e9 \u00e0 360 degr\u00e9s et est inclinable en hauteur, ce qui vous permet de choisir l'orientation la plus pratique. Il dispose d'une poign\u00e9e qui vous permet d'ouvrir et de fermer le parasol tr\u00e8s facilement. Le parasol excentrique Milan a une structure robuste avec un total de 8 tiges et un design \u00e9l\u00e9gant qui le rend id\u00e9al pour un ensemble de jardin ou de terrasse que vous voulez garder toute l'ann\u00e9e.","og_url":"https:\/\/keramamueblesdejardin.com\/fr\/parasols-et-pergolas\/pare-soleil\/parasol-suspendu-structure-anthracite-fabrique-anthracite-3m-redondo-milan\/","og_site_name":"Kerama","article_publisher":"https:\/\/www.facebook.com\/Kerama-Muebles-de-Jard%c3%adn-106209328312568\/","article_modified_time":"2023-08-29T11:15:53+00:00","og_image":[{"width":2560,"height":1707,"url":"https:\/\/keramamueblesdejardin.com\/wp-content\/uploads\/2022\/07\/L1530781-scaled.jpg","type":"image\/jpeg"}],"twitter_card":"summary_large_image","twitter_misc":{"Dur\u00e9e de lecture estim\u00e9e":"1 minute"},"schema":{"@context":"https:\/\/schema.org","@graph":[{"@type":"WebPage","@id":"https:\/\/keramamueblesdejardin.com\/fr\/parasols-et-pergolas\/pare-soleil\/parasol-suspendu-structure-anthracite-fabrique-anthracite-3m-redondo-milan\/","url":"https:\/\/keramamueblesdejardin.com\/fr\/parasols-et-pergolas\/pare-soleil\/parasol-suspendu-structure-anthracite-fabrique-anthracite-3m-redondo-milan\/","name":"Parasol excentrique structure anthracite tissu anthracite 3m rond - Milan - Kerama","isPartOf":{"@id":"https:\/\/keramamueblesdejardin.com\/fr\/#website"},"primaryImageOfPage":{"@id":"https:\/\/keramamueblesdejardin.com\/fr\/parasols-et-pergolas\/pare-soleil\/parasol-suspendu-structure-anthracite-fabrique-anthracite-3m-redondo-milan\/#primaryimage"},"image":{"@id":"https:\/\/keramamueblesdejardin.com\/fr\/parasols-et-pergolas\/pare-soleil\/parasol-suspendu-structure-anthracite-fabrique-anthracite-3m-redondo-milan\/#primaryimage"},"thumbnailUrl":"https:\/\/keramamueblesdejardin.com\/wp-content\/uploads\/2022\/07\/L1530781-scaled.jpg","datePublished":"2022-07-22T08:02:34+00:00","dateModified":"2023-08-29T11:15:53+00:00","breadcrumb":{"@id":"https:\/\/keramamueblesdejardin.com\/fr\/parasols-et-pergolas\/pare-soleil\/parasol-suspendu-structure-anthracite-fabrique-anthracite-3m-redondo-milan\/#breadcrumb"},"inLanguage":"fr-FR","potentialAction":[{"@type":"ReadAction","target":["https:\/\/keramamueblesdejardin.com\/fr\/parasols-et-pergolas\/pare-soleil\/parasol-suspendu-structure-anthracite-fabrique-anthracite-3m-redondo-milan\/"]}]},{"@type":"ImageObject","inLanguage":"fr-FR","@id":"https:\/\/keramamueblesdejardin.com\/fr\/parasols-et-pergolas\/pare-soleil\/parasol-suspendu-structure-anthracite-fabrique-anthracite-3m-redondo-milan\/#primaryimage","url":"https:\/\/keramamueblesdejardin.com\/wp-content\/uploads\/2022\/07\/L1530781-scaled.jpg","contentUrl":"https:\/\/keramamueblesdejardin.com\/wp-content\/uploads\/2022\/07\/L1530781-scaled.jpg","width":2560,"height":1707},{"@type":"BreadcrumbList","@id":"https:\/\/keramamueblesdejardin.com\/fr\/parasols-et-pergolas\/pare-soleil\/parasol-suspendu-structure-anthracite-fabrique-anthracite-3m-redondo-milan\/#breadcrumb","itemListElement":[{"@type":"ListItem","position":1,"name":"Home","item":"https:\/\/keramamueblesdejardin.com\/fr\/"},{"@type":"ListItem","position":2,"name":"Boutique","item":"https:\/\/keramamueblesdejardin.com\/tienda\/"},{"@type":"ListItem","position":3,"name":"Parasols et pergolas","item":"https:\/\/keramamueblesdejardin.com\/fr\/parasols-et-pergolas\/"},{"@type":"ListItem","position":4,"name":"Pare-soleil","item":"https:\/\/keramamueblesdejardin.com\/fr\/parasols-et-pergolas\/pare-soleil\/"},{"@type":"ListItem","position":5,"name":"Parasol excentrique structure anthracite tissu anthracite 3m rond &#8211; Milan"}]},{"@type":"WebSite","@id":"https:\/\/keramamueblesdejardin.com\/fr\/#website","url":"https:\/\/keramamueblesdejardin.com\/fr\/","name":"Kerama","description":"muebles de jard\u00edn","publisher":{"@id":"https:\/\/keramamueblesdejardin.com\/fr\/#organization"},"potentialAction":[{"@type":"SearchAction","target":{"@type":"EntryPoint","urlTemplate":"https:\/\/keramamueblesdejardin.com\/fr\/?s={search_term_string}"},"query-input":{"@type":"PropertyValueSpecification","valueRequired":true,"valueName":"search_term_string"}}],"inLanguage":"fr-FR"},{"@type":"Organization","@id":"https:\/\/keramamueblesdejardin.com\/fr\/#organization","name":"kerama","url":"https:\/\/keramamueblesdejardin.com\/fr\/","logo":{"@type":"ImageObject","inLanguage":"fr-FR","@id":"https:\/\/keramamueblesdejardin.com\/fr\/#\/schema\/logo\/image\/","url":"https:\/\/keramamueblesdejardin.com\/wp-content\/uploads\/2020\/12\/k.-scaled.jpg","contentUrl":"https:\/\/keramamueblesdejardin.com\/wp-content\/uploads\/2020\/12\/k.-scaled.jpg","width":2560,"height":551,"caption":"kerama"},"image":{"@id":"https:\/\/keramamueblesdejardin.com\/fr\/#\/schema\/logo\/image\/"},"sameAs":["https:\/\/www.facebook.com\/Kerama-Muebles-de-Jard\u00edn-106209328312568\/"]}]}},"df_price":319,"df_sale_price":319,"df_regular_price":397,"df_image_link":"https:\/\/keramamueblesdejardin.com\/wp-content\/uploads\/2022\/07\/L1530781-300x200.jpg","custom_tabs":[{"title":"MESURES","id":"mesures","content":"<div class=\"list\">\n<div class=\"list\"><strong>Hauteur : <\/strong>240cm<\/div>\n<div class=\"list\"><strong>Largeur : <\/strong>250 x 250cm<\/div>\n<div><strong>Dimension du m\u00e2t : <\/strong>50 x 67mm<\/div>\n<div><strong>Dimensions de la tige :<\/strong> 13 x 22 mm<\/div>\n<div><strong>Nombre de tiges : 8 <\/strong><\/div>\n<div class=\"list\"><strong>Poids du produit : <\/strong>25kg<\/div>\n<\/div>"},{"title":"ENTRETIEN ET GARANTIES","id":"entretien-et-garanties","content":"<div class=\"moz-signature\">\n<div class=\"list\"><strong>Recommandations g\u00e9n\u00e9rales :<\/strong>\n- Les d\u00e9faillances ou les dommages caus\u00e9s par les \u00e9l\u00e9ments suivants sont exclus de la garantie :\n- Les causes accidentelles telles que chutes, coups, d\u00e9versement de liquides, introduction de corps \u00e9trangers, ainsi que toute autre force majeure.\n- Utilisation n\u00e9gligente, inappropri\u00e9e ou non domestique.\n- Dommages, corrosion et\/ou oxydation acc\u00e9l\u00e9r\u00e9s par des conditions environnementales d\u00e9favorables.\n- Taches et d\u00e9coloration dues au non-respect de nos instructions de nettoyage.\n- Dommages survenus lors du montage et de la manipulation sans respecter les instructions de montage.\n<strong>Instructions d'utilisation et d'entretien :<\/strong>\n- Essuyez doucement avec un chiffon ou utilisez un savon liquide neutre, puis rincez abondamment \u00e0 l'eau.\n- Enlevez r\u00e9guli\u00e8rement la poussi\u00e8re avec un chiffon doux et de l'eau claire.\n- N'utilisez pas de d\u00e9tergents ou de produits abrasifs pour le nettoyage.\n<strong>Ann\u00e9es de garantie :<\/strong> 3 ans\n<strong>Fabriqu\u00e9 conform\u00e9ment \u00e0 la norme :<\/strong> 581-1,581-2,581-3<\/div>\n<\/div>"}],"_links":{"self":[{"href":"https:\/\/keramamueblesdejardin.com\/fr\/wp-json\/wp\/v2\/product\/64612","targetHints":{"allow":["GET"]}}],"collection":[{"href":"https:\/\/keramamueblesdejardin.com\/fr\/wp-json\/wp\/v2\/product"}],"about":[{"href":"https:\/\/keramamueblesdejardin.com\/fr\/wp-json\/wp\/v2\/types\/product"}],"replies":[{"embeddable":true,"href":"https:\/\/keramamueblesdejardin.com\/fr\/wp-json\/wp\/v2\/comments?post=64612"}],"wp:featuredmedia":[{"embeddable":true,"href":"https:\/\/keramamueblesdejardin.com\/fr\/wp-json\/wp\/v2\/media\/59570"}],"wp:attachment":[{"href":"https:\/\/keramamueblesdejardin.com\/fr\/wp-json\/wp\/v2\/media?parent=64612"}],"wp:term":[{"taxonomy":"product_brand","embeddable":true,"href":"https:\/\/keramamueblesdejardin.com\/fr\/wp-json\/wp\/v2\/product_brand?post=64612"},{"taxonomy":"product_cat","embeddable":true,"href":"https:\/\/keramamueblesdejardin.com\/fr\/wp-json\/wp\/v2\/product_cat?post=64612"},{"taxonomy":"product_tag","embeddable":true,"href":"https:\/\/keramamueblesdejardin.com\/fr\/wp-json\/wp\/v2\/product_tag?post=64612"}],"curies":[{"name":"wp","href":"https:\/\/api.w.org\/{rel}","templated":true}]}}